{"id":8389,"date":"2026-04-17T14:11:30","date_gmt":"2026-04-17T07:11:30","guid":{"rendered":"https:\/\/swoer.vn\/?post_type=product&#038;p=8389"},"modified":"2026-04-17T14:11:30","modified_gmt":"2026-04-17T07:11:30","slug":"bo-cap-lieu-rung-dau-noi-nhom","status":"publish","type":"product","link":"https:\/\/swoer.vn\/th\/manufacturer\/bo-cap-lieu-rung-dau-noi-nhom\/","title":{"rendered":"B\u1ed9 c\u1ea5p li\u1ec7u rung \u0111\u1ea7u n\u1ed1i nh\u00f4m"},"content":{"rendered":"","protected":false},"excerpt":{"rendered":"<p><span style=\"font-weight: 400;\">L\u1ef1a ch\u1ecdn gi\u1eefa Ph\u1ec5u rung truy\u1ec1n th\u1ed1ng v\u00e0 M\u00e1y c\u1ea5p li\u1ec7u linh ho\u1ea1t (Flexible Feeder) lu\u00f4n l\u00e0 b\u00e0i to\u00e1n kh\u00f3 \u0111\u1ed1i v\u1edbi c\u00e1c k\u1ef9 s\u01b0 t\u1ef1 \u0111\u1ed9ng h\u00f3a. V\u1edbi d\u00f2ng linh ki\u1ec7n <\/span><b>\u0111\u1ea7u n\u1ed1i nh\u00f4m<\/b><span style=\"font-weight: 400;\">, m\u1ed7i gi\u1ea3i ph\u00e1p \u0111\u1ec1u c\u00f3 nh\u1eefng \u01b0u th\u1ebf ri\u00eang bi\u1ec7t. Ph\u1ec5u rung mang l\u1ea1i t\u1ed1c \u0111\u1ed9 c\u1ef1c cao v\u1edbi chi ph\u00ed th\u1ea5p, trong khi Flexible Feeder l\u1ea1i l\u00e0 &#8220;v\u1ecb c\u1ee9u tinh&#8221; cho c\u00e1c linh ki\u1ec7n d\u1ec5 tr\u1ea7y x\u01b0\u1edbc ho\u1eb7c h\u00ecnh d\u1ea1ng ph\u1ee9c t\u1ea1p. H\u00e3y c\u00f9ng SWOER ph\u00e2n t\u00edch s\u00e2u \u0111\u1ec3 t\u00ecm ra &#8220;tr\u00e1i tim&#8221; ph\u00f9 h\u1ee3p nh\u1ea5t cho d\u00e2y chuy\u1ec1n c\u1ee7a b\u1ea1n.<\/span><\/p>","protected":false},"featured_media":8390,"comment_status":"open","ping_status":"closed","template":"","meta":[],"product_brand":[],"product_cat":[106],"product_tag":[172,251,107,166,249],"class_list":{"0":"post-8389","1":"product","2":"type-product","3":"status-publish","4":"has-post-thumbnail","6":"product_cat-mam-rung-cap-phoi","7":"product_tag-bo-cap-lieu-rung","8":"product_tag-mam-rung-cap-lieu","9":"product_tag-may-cap-lieu-rung","10":"product_tag-pheu-rung","11":"product_tag-vibratory-bowl-feeder","13":"first","14":"instock","15":"shipping-taxable","16":"product-type-simple"},"yoast_head":"<!-- This site is optimized with the Yoast SEO plugin v26.0 - https:\/\/yoast.com\/wordpress\/plugins\/seo\/ -->\n<title>B\u1ed9 c\u1ea5p li\u1ec7u rung \u0111\u1ea7u n\u1ed1i nh\u00f4m - Nh\u00e0 s\u1ea3n xu\u1ea5t m\u00e1y c\u1ea5p li\u1ec7u c\u00f4ng nghi\u1ec7p<\/title>\n<meta name=\"description\" content=\"So s\u00e1nh Ph\u1ec5u rung &amp; M\u00e1y c\u1ea5p li\u1ec7u linh ho\u1ea1t cho \u0111\u1ea7u n\u1ed1i nh\u00f4m: Gi\u1ea3i ph\u00e1p n\u00e0o t\u1ed1i \u01b0u n\u0103ng su\u1ea5t? Ph\u00e2n t\u00edch chi ti\u1ebft v\u1ec1 chi ph\u00ed, t\u1ed1c \u0111\u1ed9 v\u00e0 \u0111\u1ed9 b\u1ec1n linh ki\u1ec7n.\" \/>\n<meta name=\"robots\" content=\"index, follow, max-snippet:-1, max-image-preview:large, max-video-preview:-1\" \/>\n<link rel=\"canonical\" href=\"https:\/\/swoer.vn\/th\/manufacturer\/bo-cap-lieu-rung-dau-noi-nhom\/\" \/>\n<meta property=\"og:locale\" content=\"th_TH\" \/>\n<meta property=\"og:type\" content=\"article\" \/>\n<meta property=\"og:title\" content=\"B\u1ed9 c\u1ea5p li\u1ec7u rung \u0111\u1ea7u n\u1ed1i nh\u00f4m - Nh\u00e0 s\u1ea3n xu\u1ea5t m\u00e1y c\u1ea5p li\u1ec7u c\u00f4ng nghi\u1ec7p\" \/>\n<meta property=\"og:description\" content=\"So s\u00e1nh Ph\u1ec5u rung &amp; M\u00e1y c\u1ea5p li\u1ec7u linh ho\u1ea1t cho \u0111\u1ea7u n\u1ed1i nh\u00f4m: Gi\u1ea3i ph\u00e1p n\u00e0o t\u1ed1i \u01b0u n\u0103ng su\u1ea5t? Ph\u00e2n t\u00edch chi ti\u1ebft v\u1ec1 chi ph\u00ed, t\u1ed1c \u0111\u1ed9 v\u00e0 \u0111\u1ed9 b\u1ec1n linh ki\u1ec7n.\" \/>\n<meta property=\"og:url\" content=\"https:\/\/swoer.vn\/th\/manufacturer\/bo-cap-lieu-rung-dau-noi-nhom\/\" \/>\n<meta property=\"og:site_name\" content=\"Nh\u00e0 s\u1ea3n xu\u1ea5t m\u00e1y c\u1ea5p li\u1ec7u c\u00f4ng nghi\u1ec7p\" \/>\n<meta property=\"og:image\" content=\"https:\/\/swoer.vn\/wp-content\/uploads\/2026\/04\/BO-CAP-LIEU-RUNG-DAU-NOI-NHOM.png\" \/>\n\t<meta property=\"og:image:width\" content=\"800\" \/>\n\t<meta property=\"og:image:height\" content=\"800\" \/>\n\t<meta property=\"og:image:type\" content=\"image\/png\" \/>\n<meta name=\"twitter:card\" content=\"summary_large_image\" \/>\n<meta name=\"twitter:label1\" content=\"Est. reading time\" \/>\n\t<meta name=\"twitter:data1\" content=\"1 \u0e19\u0e32\u0e17\u0e35\" \/>\n<script type=\"application\/ld+json\" class=\"yoast-schema-graph\">{\"@context\":\"https:\/\/schema.org\",\"@graph\":[{\"@type\":\"WebPage\",\"@id\":\"https:\/\/swoer.vn\/manufacturer\/bo-cap-lieu-rung-dau-noi-nhom\/\",\"url\":\"https:\/\/swoer.vn\/manufacturer\/bo-cap-lieu-rung-dau-noi-nhom\/\",\"name\":\"B\u1ed9 c\u1ea5p li\u1ec7u rung \u0111\u1ea7u n\u1ed1i nh\u00f4m - Nh\u00e0 s\u1ea3n xu\u1ea5t m\u00e1y c\u1ea5p li\u1ec7u c\u00f4ng nghi\u1ec7p\",\"isPartOf\":{\"@id\":\"https:\/\/swoer.vn\/#website\"},\"primaryImageOfPage\":{\"@id\":\"https:\/\/swoer.vn\/manufacturer\/bo-cap-lieu-rung-dau-noi-nhom\/#primaryimage\"},\"image\":{\"@id\":\"https:\/\/swoer.vn\/manufacturer\/bo-cap-lieu-rung-dau-noi-nhom\/#primaryimage\"},\"thumbnailUrl\":\"https:\/\/swoer.vn\/wp-content\/uploads\/2026\/04\/BO-CAP-LIEU-RUNG-DAU-NOI-NHOM.png\",\"datePublished\":\"2026-04-17T07:11:30+00:00\",\"description\":\"So s\u00e1nh Ph\u1ec5u rung & M\u00e1y c\u1ea5p li\u1ec7u linh ho\u1ea1t cho \u0111\u1ea7u n\u1ed1i nh\u00f4m: Gi\u1ea3i ph\u00e1p n\u00e0o t\u1ed1i \u01b0u n\u0103ng su\u1ea5t? Ph\u00e2n t\u00edch chi ti\u1ebft v\u1ec1 chi ph\u00ed, t\u1ed1c \u0111\u1ed9 v\u00e0 \u0111\u1ed9 b\u1ec1n linh ki\u1ec7n.\",\"breadcrumb\":{\"@id\":\"https:\/\/swoer.vn\/manufacturer\/bo-cap-lieu-rung-dau-noi-nhom\/#breadcrumb\"},\"inLanguage\":\"th\",\"potentialAction\":[{\"@type\":\"ReadAction\",\"target\":[\"https:\/\/swoer.vn\/manufacturer\/bo-cap-lieu-rung-dau-noi-nhom\/\"]}]},{\"@type\":\"ImageObject\",\"inLanguage\":\"th\",\"@id\":\"https:\/\/swoer.vn\/manufacturer\/bo-cap-lieu-rung-dau-noi-nhom\/#primaryimage\",\"url\":\"https:\/\/swoer.vn\/wp-content\/uploads\/2026\/04\/BO-CAP-LIEU-RUNG-DAU-NOI-NHOM.png\",\"contentUrl\":\"https:\/\/swoer.vn\/wp-content\/uploads\/2026\/04\/BO-CAP-LIEU-RUNG-DAU-NOI-NHOM.png\",\"width\":800,\"height\":800,\"caption\":\"BO\u0323\u0302 CA\u0302\u0301P LIE\u0323\u0302U RUNG \u0110A\u0302\u0300U NO\u0302\u0301I NHO\u0302M\"},{\"@type\":\"BreadcrumbList\",\"@id\":\"https:\/\/swoer.vn\/manufacturer\/bo-cap-lieu-rung-dau-noi-nhom\/#breadcrumb\",\"itemListElement\":[{\"@type\":\"ListItem\",\"position\":1,\"name\":\"Home\",\"item\":\"https:\/\/swoer.vn\/\"},{\"@type\":\"ListItem\",\"position\":2,\"name\":\"S\u1ea3n ph\u1ea9m\",\"item\":\"https:\/\/swoer.vn\/shop\/\"},{\"@type\":\"ListItem\",\"position\":3,\"name\":\"B\u1ed9 c\u1ea5p li\u1ec7u rung \u0111\u1ea7u n\u1ed1i nh\u00f4m\"}]},{\"@type\":\"WebSite\",\"@id\":\"https:\/\/swoer.vn\/#website\",\"url\":\"https:\/\/swoer.vn\/\",\"name\":\"Nh\u00e0 s\u1ea3n xu\u1ea5t m\u00e1y c\u1ea5p li\u1ec7u c\u00f4ng nghi\u1ec7p\",\"description\":\"Nh\u00e0 cung c\u1ea5p robot, m\u00e1y c\u1ea5p li\u1ec7u linh ho\u1ea1t, m\u00e1y c\u1ea5p li\u1ec7u ly t\u00e2m, m\u00e1y c\u1ea5p li\u1ec7u rung t\u1ef1 \u0111\u1ed9ng\",\"potentialAction\":[{\"@type\":\"SearchAction\",\"target\":{\"@type\":\"EntryPoint\",\"urlTemplate\":\"https:\/\/swoer.vn\/?s={search_term_string}\"},\"query-input\":{\"@type\":\"PropertyValueSpecification\",\"valueRequired\":true,\"valueName\":\"search_term_string\"}}],\"inLanguage\":\"th\"}]}<\/script>\n<!-- \/ Yoast SEO plugin. -->","yoast_head_json":{"title":"B\u1ed9 c\u1ea5p li\u1ec7u rung \u0111\u1ea7u n\u1ed1i nh\u00f4m - Nh\u00e0 s\u1ea3n xu\u1ea5t m\u00e1y c\u1ea5p li\u1ec7u c\u00f4ng nghi\u1ec7p","description":"So s\u00e1nh Ph\u1ec5u rung & M\u00e1y c\u1ea5p li\u1ec7u linh ho\u1ea1t cho \u0111\u1ea7u n\u1ed1i nh\u00f4m: Gi\u1ea3i ph\u00e1p n\u00e0o t\u1ed1i \u01b0u n\u0103ng su\u1ea5t? Ph\u00e2n t\u00edch chi ti\u1ebft v\u1ec1 chi ph\u00ed, t\u1ed1c \u0111\u1ed9 v\u00e0 \u0111\u1ed9 b\u1ec1n linh ki\u1ec7n.","robots":{"index":"index","follow":"follow","max-snippet":"max-snippet:-1","max-image-preview":"max-image-preview:large","max-video-preview":"max-video-preview:-1"},"canonical":"https:\/\/swoer.vn\/th\/manufacturer\/bo-cap-lieu-rung-dau-noi-nhom\/","og_locale":"th_TH","og_type":"article","og_title":"B\u1ed9 c\u1ea5p li\u1ec7u rung \u0111\u1ea7u n\u1ed1i nh\u00f4m - Nh\u00e0 s\u1ea3n xu\u1ea5t m\u00e1y c\u1ea5p li\u1ec7u c\u00f4ng nghi\u1ec7p","og_description":"So s\u00e1nh Ph\u1ec5u rung & M\u00e1y c\u1ea5p li\u1ec7u linh ho\u1ea1t cho \u0111\u1ea7u n\u1ed1i nh\u00f4m: Gi\u1ea3i ph\u00e1p n\u00e0o t\u1ed1i \u01b0u n\u0103ng su\u1ea5t? Ph\u00e2n t\u00edch chi ti\u1ebft v\u1ec1 chi ph\u00ed, t\u1ed1c \u0111\u1ed9 v\u00e0 \u0111\u1ed9 b\u1ec1n linh ki\u1ec7n.","og_url":"https:\/\/swoer.vn\/th\/manufacturer\/bo-cap-lieu-rung-dau-noi-nhom\/","og_site_name":"Nh\u00e0 s\u1ea3n xu\u1ea5t m\u00e1y c\u1ea5p li\u1ec7u c\u00f4ng nghi\u1ec7p","og_image":[{"width":800,"height":800,"url":"https:\/\/swoer.vn\/wp-content\/uploads\/2026\/04\/BO-CAP-LIEU-RUNG-DAU-NOI-NHOM.png","type":"image\/png"}],"twitter_card":"summary_large_image","twitter_misc":{"Est. reading time":"1 \u0e19\u0e32\u0e17\u0e35"},"schema":{"@context":"https:\/\/schema.org","@graph":[{"@type":"WebPage","@id":"https:\/\/swoer.vn\/manufacturer\/bo-cap-lieu-rung-dau-noi-nhom\/","url":"https:\/\/swoer.vn\/manufacturer\/bo-cap-lieu-rung-dau-noi-nhom\/","name":"B\u1ed9 c\u1ea5p li\u1ec7u rung \u0111\u1ea7u n\u1ed1i nh\u00f4m - Nh\u00e0 s\u1ea3n xu\u1ea5t m\u00e1y c\u1ea5p li\u1ec7u c\u00f4ng nghi\u1ec7p","isPartOf":{"@id":"https:\/\/swoer.vn\/#website"},"primaryImageOfPage":{"@id":"https:\/\/swoer.vn\/manufacturer\/bo-cap-lieu-rung-dau-noi-nhom\/#primaryimage"},"image":{"@id":"https:\/\/swoer.vn\/manufacturer\/bo-cap-lieu-rung-dau-noi-nhom\/#primaryimage"},"thumbnailUrl":"https:\/\/swoer.vn\/wp-content\/uploads\/2026\/04\/BO-CAP-LIEU-RUNG-DAU-NOI-NHOM.png","datePublished":"2026-04-17T07:11:30+00:00","description":"So s\u00e1nh Ph\u1ec5u rung & M\u00e1y c\u1ea5p li\u1ec7u linh ho\u1ea1t cho \u0111\u1ea7u n\u1ed1i nh\u00f4m: Gi\u1ea3i ph\u00e1p n\u00e0o t\u1ed1i \u01b0u n\u0103ng su\u1ea5t? Ph\u00e2n t\u00edch chi ti\u1ebft v\u1ec1 chi ph\u00ed, t\u1ed1c \u0111\u1ed9 v\u00e0 \u0111\u1ed9 b\u1ec1n linh ki\u1ec7n.","breadcrumb":{"@id":"https:\/\/swoer.vn\/manufacturer\/bo-cap-lieu-rung-dau-noi-nhom\/#breadcrumb"},"inLanguage":"th","potentialAction":[{"@type":"ReadAction","target":["https:\/\/swoer.vn\/manufacturer\/bo-cap-lieu-rung-dau-noi-nhom\/"]}]},{"@type":"ImageObject","inLanguage":"th","@id":"https:\/\/swoer.vn\/manufacturer\/bo-cap-lieu-rung-dau-noi-nhom\/#primaryimage","url":"https:\/\/swoer.vn\/wp-content\/uploads\/2026\/04\/BO-CAP-LIEU-RUNG-DAU-NOI-NHOM.png","contentUrl":"https:\/\/swoer.vn\/wp-content\/uploads\/2026\/04\/BO-CAP-LIEU-RUNG-DAU-NOI-NHOM.png","width":800,"height":800,"caption":"BO\u0323\u0302 CA\u0302\u0301P LIE\u0323\u0302U RUNG \u0110A\u0302\u0300U NO\u0302\u0301I NHO\u0302M"},{"@type":"BreadcrumbList","@id":"https:\/\/swoer.vn\/manufacturer\/bo-cap-lieu-rung-dau-noi-nhom\/#breadcrumb","itemListElement":[{"@type":"ListItem","position":1,"name":"Home","item":"https:\/\/swoer.vn\/"},{"@type":"ListItem","position":2,"name":"S\u1ea3n ph\u1ea9m","item":"https:\/\/swoer.vn\/shop\/"},{"@type":"ListItem","position":3,"name":"B\u1ed9 c\u1ea5p li\u1ec7u rung \u0111\u1ea7u n\u1ed1i nh\u00f4m"}]},{"@type":"WebSite","@id":"https:\/\/swoer.vn\/#website","url":"https:\/\/swoer.vn\/","name":"\u0e1c\u0e39\u0e49\u0e1c\u0e25\u0e34\u0e15\u0e40\u0e04\u0e23\u0e37\u0e48\u0e2d\u0e07\u0e1b\u0e49\u0e2d\u0e19\u0e2d\u0e32\u0e2b\u0e32\u0e23\u0e2d\u0e38\u0e15\u0e2a\u0e32\u0e2b\u0e01\u0e23\u0e23\u0e21","description":"\u0e08\u0e33\u0e2b\u0e19\u0e48\u0e32\u0e22\u0e2b\u0e38\u0e48\u0e19\u0e22\u0e19\u0e15\u0e4c \u0e40\u0e04\u0e23\u0e37\u0e48\u0e2d\u0e07\u0e1b\u0e49\u0e2d\u0e19\u0e41\u0e1a\u0e1a\u0e22\u0e37\u0e14\u0e2b\u0e22\u0e38\u0e48\u0e19 \u0e40\u0e04\u0e23\u0e37\u0e48\u0e2d\u0e07\u0e1b\u0e49\u0e2d\u0e19\u0e41\u0e1a\u0e1a\u0e41\u0e23\u0e07\u0e40\u0e2b\u0e27\u0e35\u0e48\u0e22\u0e07 \u0e40\u0e04\u0e23\u0e37\u0e48\u0e2d\u0e07\u0e1b\u0e49\u0e2d\u0e19\u0e41\u0e1a\u0e1a\u0e2a\u0e31\u0e48\u0e19\u0e2d\u0e31\u0e15\u0e42\u0e19\u0e21\u0e31\u0e15\u0e34","potentialAction":[{"@type":"SearchAction","target":{"@type":"EntryPoint","urlTemplate":"https:\/\/swoer.vn\/?s={search_term_string}"},"query-input":{"@type":"PropertyValueSpecification","valueRequired":true,"valueName":"search_term_string"}}],"inLanguage":"th"}]}},"_links":{"self":[{"href":"https:\/\/swoer.vn\/th\/wp-json\/wp\/v2\/product\/8389","targetHints":{"allow":["GET"]}}],"collection":[{"href":"https:\/\/swoer.vn\/th\/wp-json\/wp\/v2\/product"}],"about":[{"href":"https:\/\/swoer.vn\/th\/wp-json\/wp\/v2\/types\/product"}],"replies":[{"embeddable":true,"href":"https:\/\/swoer.vn\/th\/wp-json\/wp\/v2\/comments?post=8389"}],"wp:featuredmedia":[{"embeddable":true,"href":"https:\/\/swoer.vn\/th\/wp-json\/wp\/v2\/media\/8390"}],"wp:attachment":[{"href":"https:\/\/swoer.vn\/th\/wp-json\/wp\/v2\/media?parent=8389"}],"wp:term":[{"taxonomy":"product_brand","embeddable":true,"href":"https:\/\/swoer.vn\/th\/wp-json\/wp\/v2\/product_brand?post=8389"},{"taxonomy":"product_cat","embeddable":true,"href":"https:\/\/swoer.vn\/th\/wp-json\/wp\/v2\/product_cat?post=8389"},{"taxonomy":"product_tag","embeddable":true,"href":"https:\/\/swoer.vn\/th\/wp-json\/wp\/v2\/product_tag?post=8389"}],"curies":[{"name":"wp","href":"https:\/\/api.w.org\/{rel}","templated":true}]}}