{"id":8313,"date":"2026-04-11T13:44:59","date_gmt":"2026-04-11T06:44:59","guid":{"rendered":"https:\/\/swoer.vn\/?post_type=product&#038;p=8313"},"modified":"2026-04-11T13:45:00","modified_gmt":"2026-04-11T06:45:00","slug":"bo-cap-lieu-rung-quay","status":"publish","type":"product","link":"https:\/\/swoer.vn\/th\/manufacturer\/bo-cap-lieu-rung-quay\/","title":{"rendered":"B\u1ed9 c\u1ea5p li\u1ec7u rung quay"},"content":{"rendered":"<p><span style=\"font-weight: 400;\">B\u1ed9 s\u00e0ng rung l\u00e0 thi\u1ebft b\u1ecb c\u1ed1t l\u00f5i trong vi\u1ec7c ph\u00e2n lo\u1ea1i v\u1eadt li\u1ec7u d\u1ef1a tr\u00ean k\u00edch th\u01b0\u1edbc h\u1ea1t. \u0110\u1ec3 v\u1eadn h\u00e0nh hi\u1ec7u qu\u1ea3, h\u1ec7 th\u1ed1ng \u0111\u01b0\u1ee3c c\u1ea5u th\u00e0nh t\u1eeb c\u00e1c b\u1ed9 ph\u1eadn c\u01a1 kh\u00ed ch\u00ednh x\u00e1c, ph\u1ed1i h\u1ee3p nh\u1ecbp nh\u00e0ng \u0111\u1ec3 t\u1ea1o ra d\u00f2ng ch\u1ea3y v\u1eadt li\u1ec7u \u1ed5n \u0111\u1ecbnh.<\/span><\/p>\n<h2><span style=\"font-weight: 400;\">C\u1ea5u t\u1ea1o c\u1ee7a B\u1ed9 s\u00e0ng rung<\/span><\/h2>\n<p><span style=\"font-weight: 400;\">H\u1ec7 th\u1ed1ng s\u00e0ng rung bao g\u1ed3m c\u00e1c th\u00e0nh ph\u1ea7n then ch\u1ed1t sau:<\/span><\/p>\n<ol>\n<li style=\"font-weight: 400;\" aria-level=\"1\"><b>Th\u00f9ng s\u00e0ng (Screen Box):<\/b><span style=\"font-weight: 400;\"> C\u1ea5u tr\u00fac ch\u00ednh ch\u1ee9a c\u00e1c l\u1edbp l\u01b0\u1edbi s\u00e0ng v\u00e0 truy\u1ec1n rung \u0111\u1ed9ng. N\u00f3 \u0111\u00f3ng vai tr\u00f2 khung \u0111\u1ee1 v\u00e0 \u0111\u1ecbnh h\u01b0\u1edbng d\u00f2ng ch\u1ea3y v\u1eadt li\u1ec7u.<\/span><\/li>\n<li style=\"font-weight: 400;\" aria-level=\"1\"><b>L\u01b0\u1edbi s\u00e0ng \/ M\u1eb7t s\u00e0ng (Screen Media):<\/b><span style=\"font-weight: 400;\"> B\u1ec1 m\u1eb7t tr\u1ef1c ti\u1ebfp ph\u00e2n lo\u1ea1i v\u1eadt li\u1ec7u v\u1edbi c\u00e1c l\u1ed7 s\u00e0ng k\u00edch th\u01b0\u1edbc ch\u00ednh x\u00e1c. C\u00f3 nhi\u1ec1u lo\u1ea1i nh\u01b0 l\u01b0\u1edbi \u0111an, t\u1ea5m \u0111\u1ee5c l\u1ed7, nh\u1ef1a Polyurethane ho\u1eb7c cao su.<\/span><\/li>\n<li style=\"font-weight: 400;\" aria-level=\"1\"><b>B\u1ed9 t\u1ea1o rung (Vibration Generator):<\/b><span style=\"font-weight: 400;\"> B\u1ed9 ph\u1eadn truy\u1ec1n \u0111\u1ed9ng t\u1ea1o ra l\u1ef1c rung. C\u00f3 th\u1ec3 s\u1eed d\u1ee5ng tr\u1ee5c l\u1ec7ch t\u00e2m (cho chuy\u1ec3n \u0111\u1ed9ng tr\u00f2n), \u0111\u1ed9ng c\u01a1 rung ho\u1eb7c b\u1ed9 rung \u0111i\u1ec7n t\u1eeb (cho s\u00e0ng rung t\u1ea7n s\u1ed1 cao).<\/span><\/li>\n<li style=\"font-weight: 400;\" aria-level=\"1\"><b>H\u1ec7 th\u1ed1ng l\u00f2 xo (Spring System):<\/b><span style=\"font-weight: 400;\"> C\u00e1c ph\u1ea7n t\u1eed \u0111\u00e0n h\u1ed3i (l\u00f2 xo cu\u1ed9n, l\u00f2 xo cao su ho\u1eb7c \u0111\u1ec7m kh\u00ed) gi\u00fap c\u00e1ch ly rung \u0111\u1ed9ng v\u1edbi n\u1ec1n m\u00f3ng v\u00e0 gi\u1ea3m \u1ee9ng su\u1ea5t l\u00ean c\u1ea5u tr\u00fac m\u00e1y.<\/span><\/li>\n<li style=\"font-weight: 400;\" aria-level=\"1\"><b>\u0110\u1ed9ng c\u01a1 d\u1eabn \u0111\u1ed9ng (Drive \/ Motor):<\/b><span style=\"font-weight: 400;\"> Ngu\u1ed3n n\u0103ng l\u01b0\u1ee3ng cung c\u1ea5p m\u00f4-men xo\u1eafn cho b\u1ed9 t\u1ea1o rung ho\u1eb7c tr\u1ee5c l\u1ec7ch t\u00e2m.<\/span><\/li>\n<li style=\"font-weight: 400;\" aria-level=\"1\"><b>Khung b\u1ec7 \u0111\u1ee1 (Support Structure):<\/b><span style=\"font-weight: 400;\"> H\u1ec7 th\u1ed1ng khung th\u00e9p v\u1eefng ch\u1eafc gi\u00fap \u1ed5n \u0111\u1ecbnh to\u00e0n b\u1ed9 thi\u1ebft b\u1ecb v\u00e0 cho ph\u00e9p \u0111i\u1ec1u ch\u1ec9nh g\u00f3c s\u00e0ng.<\/span><\/li>\n<li style=\"font-weight: 400;\" aria-level=\"1\"><b>M\u00e1ng x\u1ea3 li\u1ec7u (Discharge Chutes):<\/b><span style=\"font-weight: 400;\"> D\u1eabn h\u01b0\u1edbng v\u1eadt li\u1ec7u sau khi ph\u00e2n lo\u1ea1i v\u1ec1 c\u00e1c \u0111i\u1ec3m thu gom ri\u00eang bi\u1ec7t (h\u1ea1t qu\u00e1 kh\u1ed5 v\u00e0 h\u1ea1t \u0111\u1ea1t chu\u1ea9n).<\/span><\/li>\n<li style=\"font-weight: 400;\" aria-level=\"1\"><b>N\u1eafp \u0111\u1eady ch\u1ed1ng b\u1ee5i (Optional):<\/b><span style=\"font-weight: 400;\"> V\u1ecf b\u1ecdc k\u00edn gi\u00fap ng\u0103n ch\u1eb7n b\u1ee5i m\u1ecbn ph\u00e1t t\u00e1n ra m\u00f4i tr\u01b0\u1eddng, \u0111\u1ea3m b\u1ea3o an to\u00e0n lao \u0111\u1ed9ng.<\/span><\/li>\n<\/ol>\n<h2><span style=\"font-weight: 400;\">\u1ee8ng d\u1ee5ng \u0111a d\u1ea1ng trong c\u00f4ng nghi\u1ec7p<\/span><\/h2>\n<p><span style=\"font-weight: 400;\">Nh\u1edd t\u00ednh linh ho\u1ea1t, b\u1ed9 s\u00e0ng rung \u0111\u01b0\u1ee3c \u1ee9ng d\u1ee5ng r\u1ed9ng r\u00e3i trong nhi\u1ec1u l\u0129nh v\u1ef1c:<\/span><\/p>\n<ul>\n<li style=\"font-weight: 400;\" aria-level=\"1\"><b>Kho\u00e1ng s\u1ea3n &amp; Khai th\u00e1c \u0111\u00e1:<\/b><span style=\"font-weight: 400;\"> Ph\u00e2n lo\u1ea1i c\u00e1t, s\u1ecfi, \u0111\u00e1 v\u00f4i, than \u0111\u00e1 v\u00e0 qu\u1eb7ng.<\/span><\/li>\n<li style=\"font-weight: 400;\" aria-level=\"1\"><b>H\u00f3a ch\u1ea5t &amp; Nh\u1ef1a:<\/b><span style=\"font-weight: 400;\"> X\u1eed l\u00fd ph\u00e2n b\u00f3n, h\u1ea1t nh\u1ef1a, b\u1ed9t nh\u1ef1a, s\u1eafc t\u1ed1 v\u00e0 ch\u1ea5t t\u1ea9y r\u1eeda.<\/span><\/li>\n<li style=\"font-weight: 400;\" aria-level=\"1\"><b>Th\u1ef1c ph\u1ea9m &amp; \u0110\u1ed3 u\u1ed1ng:<\/b><span style=\"font-weight: 400;\"> S\u00e0ng l\u1ecdc b\u1ed9t m\u00ec, \u0111\u01b0\u1eddng, mu\u1ed1i, h\u1ea1t c\u00e0 ph\u00ea, gia v\u1ecb v\u00e0 ng\u0169 c\u1ed1c \u0111\u1ec3 \u0111\u1ea3m b\u1ea3o \u0111\u1ed9 \u0111\u1ed3ng nh\u1ea5t.<\/span><\/li>\n<li style=\"font-weight: 400;\" aria-level=\"1\"><b>D\u01b0\u1ee3c ph\u1ea9m:<\/b><span style=\"font-weight: 400;\"> Ph\u00e2n lo\u1ea1i nguy\u00ean li\u1ec7u ho\u1ea1t t\u00ednh (API), t\u00e1 d\u01b0\u1ee3c, b\u1ed9t thu\u1ed1c v\u00e0 c\u1ed1m h\u1ea1t v\u1edbi y\u00eau c\u1ea7u v\u1ec7 sinh cao nh\u1ea5t.<\/span><\/li>\n<li style=\"font-weight: 400;\" aria-level=\"1\"><b>X\u00e2y d\u1ef1ng &amp; T\u00e1i ch\u1ebf:<\/b><span style=\"font-weight: 400;\"> X\u1eed l\u00fd m\u1ea3nh v\u1ee5n ph\u00e1 d\u1ee1, nh\u1ef1a \u0111\u01b0\u1eddng, th\u1ee7y tinh v\u1ee5n v\u00e0 m\u00f9n c\u01b0a.<\/span><\/li>\n<li style=\"font-weight: 400;\" aria-level=\"1\"><b>N\u00f4ng nghi\u1ec7p l\u00e0m s\u1ea1ch:<\/b><span style=\"font-weight: 400;\"> L\u00e0m s\u1ea1ch ng\u0169 c\u1ed1c, h\u1ea1t gi\u1ed1ng, th\u1ee9c \u0103n ch\u0103n nu\u00f4i v\u00e0 c\u00e1c lo\u1ea1i h\u1ea1t s\u1ea5y kh\u00f4.<\/span><\/li>\n<\/ul>\n<h2><span style=\"font-weight: 400;\">T\u00ednh n\u0103ng &amp; \u1ee8ng d\u1ee5ng<\/span><\/h2>\n<table>\n<tbody>\n<tr>\n<td><b>Th\u00e0nh ph\u1ea7n<\/b><\/td>\n<td><b>Ch\u1ee9c n\u0103ng ch\u00ednh<\/b><\/td>\n<\/tr>\n<tr>\n<td><b>Th\u00f9ng s\u00e0ng<\/b><\/td>\n<td><span style=\"font-weight: 400;\">Khung \u0111\u1ee1 c\u1ea5u tr\u00fac h\u1ec7 th\u1ed1ng<\/span><\/td>\n<\/tr>\n<tr>\n<td><b>L\u01b0\u1edbi s\u00e0ng<\/b><\/td>\n<td><span style=\"font-weight: 400;\">Ph\u00e2n t\u00e1ch v\u1eadt li\u1ec7u theo k\u00edch th\u01b0\u1edbc<\/span><\/td>\n<\/tr>\n<tr>\n<td><b>B\u1ed9 t\u1ea1o rung<\/b><\/td>\n<td><span style=\"font-weight: 400;\">T\u1ea1o l\u1ef1c rung chuy\u1ec3n \u0111\u1ed9ng<\/span><\/td>\n<\/tr>\n<tr>\n<td><b>L\u00f2 xo gi\u1ea3m ch\u1ea5n<\/b><\/td>\n<td><span style=\"font-weight: 400;\">C\u00e1ch ly rung \u0111\u1ed9ng, b\u1ea3o v\u1ec7 n\u1ec1n m\u00e1y<\/span><\/td>\n<\/tr>\n<tr>\n<td><b>M\u00e1ng x\u1ea3<\/b><\/td>\n<td><span style=\"font-weight: 400;\">\u0110i\u1ec1u h\u01b0\u1edbng v\u1eadt li\u1ec7u \u0111\u1ea7u ra<\/span><\/td>\n<\/tr>\n<\/tbody>\n<\/table>\n<p>&nbsp;<\/p>\n<table>\n<tbody>\n<tr>\n<td><b>Ng\u00e0nh c\u00f4ng nghi\u1ec7p<\/b><\/td>\n<td><b>S\u1ea3n ph\u1ea9m ti\u00eau bi\u1ec3u<\/b><\/td>\n<\/tr>\n<tr>\n<td><b>Th\u1ef1c ph\u1ea9m<\/b><\/td>\n<td><span style=\"font-weight: 400;\">B\u1ed9t, \u0111\u01b0\u1eddng, c\u00e0 ph\u00ea, ng\u0169 c\u1ed1c<\/span><\/td>\n<\/tr>\n<tr>\n<td><b>H\u00f3a ch\u1ea5t<\/b><\/td>\n<td><span style=\"font-weight: 400;\">H\u1ea1t nh\u1ef1a, ph\u00e2n b\u00f3n, b\u1ed9t m\u00e0u<\/span><\/td>\n<\/tr>\n<tr>\n<td><b>D\u01b0\u1ee3c ph\u1ea9m<\/b><\/td>\n<td><span style=\"font-weight: 400;\">B\u1ed9t thu\u1ed1c, c\u1ed1m d\u01b0\u1ee3c li\u1ec7u<\/span><\/td>\n<\/tr>\n<tr>\n<td><b>Khai kho\u00e1ng<\/b><\/td>\n<td><span style=\"font-weight: 400;\">C\u00e1t, s\u1ecfi, than \u0111\u00e1, qu\u1eb7ng s\u1eaft<\/span><\/td>\n<\/tr>\n<\/tbody>\n<\/table>\n<h2><span style=\"font-weight: 400;\">T\u1ea1i sao n\u00ean ch\u1ecdn gi\u1ea3i ph\u00e1p t\u1eeb SWOER?<\/span><\/h2>\n<p><span style=\"font-weight: 400;\">Ch\u00fang t\u00f4i cung c\u1ea5p c\u00e1c d\u00f2ng s\u00e0ng rung \u0111\u1ea1t ti\u00eau chu\u1ea9n qu\u1ed1c t\u1ebf, d\u1ec5 d\u00e0ng th\u00e1o l\u1eafp \u0111\u1ec3 v\u1ec7 sinh v\u00e0 thay th\u1ebf l\u01b0\u1edbi s\u00e0ng nhanh ch\u00f3ng. V\u1edbi s\u1ef1 am hi\u1ec3u s\u00e2u s\u1eafc v\u1ec1 \u0111\u1eb7c t\u00ednh v\u1eadt l\u00fd c\u1ee7a t\u1eebng lo\u1ea1i v\u1eadt li\u1ec7u, SWOER cam k\u1ebft mang \u0111\u1ebfn gi\u1ea3i ph\u00e1p s\u00e0ng l\u1ecdc t\u1ed1i \u01b0u, gi\u00fap gi\u1ea3m thi\u1ec3u l\u00e3ng ph\u00ed v\u00e0 n\u00e2ng cao ch\u1ea5t l\u01b0\u1ee3ng s\u1ea3n ph\u1ea9m cu\u1ed1i c\u00f9ng cho doanh nghi\u1ec7p c\u1ee7a b\u1ea1n.<\/span><\/p>","protected":false},"excerpt":{"rendered":"<p><span style=\"font-weight: 400;\">Trong c\u00e1c quy tr\u00ecnh x\u1eed l\u00fd nguy\u00ean li\u1ec7u th\u00f4, vi\u1ec7c ph\u00e2n t\u00e1ch k\u00edch th\u01b0\u1edbc h\u1ea1t \u0111\u1ed3ng nh\u1ea5t l\u00e0 y\u1ebfu t\u1ed1 s\u1ed1ng c\u00f2n quy\u1ebft \u0111\u1ecbnh ch\u1ea5t l\u01b0\u1ee3ng th\u00e0nh ph\u1ea9m. <\/span><b>H\u1ec7 th\u1ed1ng s\u00e0ng rung SWOER<\/b><span style=\"font-weight: 400;\"> mang \u0111\u1ebfn gi\u1ea3i ph\u00e1p ph\u00e2n lo\u1ea1i t\u1ef1 \u0111\u1ed9ng hi\u1ec7u su\u1ea5t cao, gi\u00fap lo\u1ea1i b\u1ecf t\u1ea1p ch\u1ea5t v\u00e0 ph\u00e2n t\u1ea7ng v\u1eadt li\u1ec7u ch\u00ednh x\u00e1c tuy\u1ec7t \u0111\u1ed1i. V\u1edbi thi\u1ebft k\u1ebf module th\u00f4ng minh v\u00e0 kh\u1ea3 n\u0103ng v\u1eadn h\u00e0nh b\u1ec1n b\u1ec9, \u0111\u00e2y l\u00e0 thi\u1ebft b\u1ecb kh\u00f4ng th\u1ec3 thi\u1ebfu \u0111\u1ec3 tinh g\u1ecdn quy tr\u00ecnh v\u00e0 n\u00e2ng cao gi\u00e1 tr\u1ecb s\u1ea3n ph\u1ea9m trong m\u1ecdi ng\u00e0nh c\u00f4ng nghi\u1ec7p.<\/span><\/p>","protected":false},"featured_media":8314,"comment_status":"open","ping_status":"closed","template":"","meta":[],"product_brand":[],"product_cat":[106],"product_tag":[172,43,107,166,248],"class_list":{"0":"post-8313","1":"product","2":"type-product","3":"status-publish","4":"has-post-thumbnail","6":"product_cat-mam-rung-cap-phoi","7":"product_tag-bo-cap-lieu-rung","8":"product_tag-mam-rung","9":"product_tag-may-cap-lieu-rung","10":"product_tag-pheu-rung","11":"product_tag-vibratory-feeder","13":"first","14":"instock","15":"shipping-taxable","16":"product-type-simple"},"yoast_head":"<!-- This site is optimized with the Yoast SEO plugin v26.0 - https:\/\/yoast.com\/wordpress\/plugins\/seo\/ -->\n<title>B\u1ed9 c\u1ea5p li\u1ec7u rung quay - Nh\u00e0 s\u1ea3n xu\u1ea5t m\u00e1y c\u1ea5p li\u1ec7u c\u00f4ng nghi\u1ec7p<\/title>\n<meta name=\"description\" content=\"B\u1ed9 s\u00e0ng rung SWOER: Gi\u1ea3i ph\u00e1p ph\u00e2n lo\u1ea1i v\u1eadt li\u1ec7u ch\u00ednh x\u00e1c cho th\u1ef1c ph\u1ea9m, d\u01b0\u1ee3c ph\u1ea9m &amp; h\u00f3a ch\u1ea5t. C\u1ea5u t\u1ea1o b\u1ec1n b\u1ec9, d\u1ec5 v\u1ec7 sinh, \u0111\u1ea1t chu\u1ea9n ISO\/CE.\" \/>\n<meta name=\"robots\" content=\"index, follow, max-snippet:-1, max-image-preview:large, max-video-preview:-1\" \/>\n<link rel=\"canonical\" href=\"https:\/\/swoer.vn\/th\/manufacturer\/bo-cap-lieu-rung-quay\/\" \/>\n<meta property=\"og:locale\" content=\"th_TH\" \/>\n<meta property=\"og:type\" content=\"article\" \/>\n<meta property=\"og:title\" content=\"B\u1ed9 c\u1ea5p li\u1ec7u rung quay - Nh\u00e0 s\u1ea3n xu\u1ea5t m\u00e1y c\u1ea5p li\u1ec7u c\u00f4ng nghi\u1ec7p\" \/>\n<meta property=\"og:description\" content=\"B\u1ed9 s\u00e0ng rung SWOER: Gi\u1ea3i ph\u00e1p ph\u00e2n lo\u1ea1i v\u1eadt li\u1ec7u ch\u00ednh x\u00e1c cho th\u1ef1c ph\u1ea9m, d\u01b0\u1ee3c ph\u1ea9m &amp; h\u00f3a ch\u1ea5t. C\u1ea5u t\u1ea1o b\u1ec1n b\u1ec9, d\u1ec5 v\u1ec7 sinh, \u0111\u1ea1t chu\u1ea9n ISO\/CE.\" \/>\n<meta property=\"og:url\" content=\"https:\/\/swoer.vn\/th\/manufacturer\/bo-cap-lieu-rung-quay\/\" \/>\n<meta property=\"og:site_name\" content=\"Nh\u00e0 s\u1ea3n xu\u1ea5t m\u00e1y c\u1ea5p li\u1ec7u c\u00f4ng nghi\u1ec7p\" \/>\n<meta property=\"article:modified_time\" content=\"2026-04-11T06:45:00+00:00\" \/>\n<meta property=\"og:image\" content=\"https:\/\/swoer.vn\/wp-content\/uploads\/2026\/04\/BO-CAP-LIEU-RUNG-QUAY.png\" \/>\n\t<meta property=\"og:image:width\" content=\"800\" \/>\n\t<meta property=\"og:image:height\" content=\"800\" \/>\n\t<meta property=\"og:image:type\" content=\"image\/png\" \/>\n<meta name=\"twitter:card\" content=\"summary_large_image\" \/>\n<meta name=\"twitter:label1\" content=\"Est. reading time\" \/>\n\t<meta name=\"twitter:data1\" content=\"4 \u0e19\u0e32\u0e17\u0e35\" \/>\n<script type=\"application\/ld+json\" class=\"yoast-schema-graph\">{\"@context\":\"https:\/\/schema.org\",\"@graph\":[{\"@type\":\"WebPage\",\"@id\":\"https:\/\/swoer.vn\/manufacturer\/bo-cap-lieu-rung-quay\/\",\"url\":\"https:\/\/swoer.vn\/manufacturer\/bo-cap-lieu-rung-quay\/\",\"name\":\"B\u1ed9 c\u1ea5p li\u1ec7u rung quay - Nh\u00e0 s\u1ea3n xu\u1ea5t m\u00e1y c\u1ea5p li\u1ec7u c\u00f4ng nghi\u1ec7p\",\"isPartOf\":{\"@id\":\"https:\/\/swoer.vn\/#website\"},\"primaryImageOfPage\":{\"@id\":\"https:\/\/swoer.vn\/manufacturer\/bo-cap-lieu-rung-quay\/#primaryimage\"},\"image\":{\"@id\":\"https:\/\/swoer.vn\/manufacturer\/bo-cap-lieu-rung-quay\/#primaryimage\"},\"thumbnailUrl\":\"https:\/\/swoer.vn\/wp-content\/uploads\/2026\/04\/BO-CAP-LIEU-RUNG-QUAY.png\",\"datePublished\":\"2026-04-11T06:44:59+00:00\",\"dateModified\":\"2026-04-11T06:45:00+00:00\",\"description\":\"B\u1ed9 s\u00e0ng rung SWOER: Gi\u1ea3i ph\u00e1p ph\u00e2n lo\u1ea1i v\u1eadt li\u1ec7u ch\u00ednh x\u00e1c cho th\u1ef1c ph\u1ea9m, d\u01b0\u1ee3c ph\u1ea9m & h\u00f3a ch\u1ea5t. C\u1ea5u t\u1ea1o b\u1ec1n b\u1ec9, d\u1ec5 v\u1ec7 sinh, \u0111\u1ea1t chu\u1ea9n ISO\/CE.\",\"breadcrumb\":{\"@id\":\"https:\/\/swoer.vn\/manufacturer\/bo-cap-lieu-rung-quay\/#breadcrumb\"},\"inLanguage\":\"th\",\"potentialAction\":[{\"@type\":\"ReadAction\",\"target\":[\"https:\/\/swoer.vn\/manufacturer\/bo-cap-lieu-rung-quay\/\"]}]},{\"@type\":\"ImageObject\",\"inLanguage\":\"th\",\"@id\":\"https:\/\/swoer.vn\/manufacturer\/bo-cap-lieu-rung-quay\/#primaryimage\",\"url\":\"https:\/\/swoer.vn\/wp-content\/uploads\/2026\/04\/BO-CAP-LIEU-RUNG-QUAY.png\",\"contentUrl\":\"https:\/\/swoer.vn\/wp-content\/uploads\/2026\/04\/BO-CAP-LIEU-RUNG-QUAY.png\",\"width\":800,\"height\":800,\"caption\":\"BO\u0323\u0302 CA\u0302\u0301P LIE\u0323\u0302U RUNG QUAY\"},{\"@type\":\"BreadcrumbList\",\"@id\":\"https:\/\/swoer.vn\/manufacturer\/bo-cap-lieu-rung-quay\/#breadcrumb\",\"itemListElement\":[{\"@type\":\"ListItem\",\"position\":1,\"name\":\"Home\",\"item\":\"https:\/\/swoer.vn\/\"},{\"@type\":\"ListItem\",\"position\":2,\"name\":\"S\u1ea3n ph\u1ea9m\",\"item\":\"https:\/\/swoer.vn\/shop\/\"},{\"@type\":\"ListItem\",\"position\":3,\"name\":\"B\u1ed9 c\u1ea5p li\u1ec7u rung quay\"}]},{\"@type\":\"WebSite\",\"@id\":\"https:\/\/swoer.vn\/#website\",\"url\":\"https:\/\/swoer.vn\/\",\"name\":\"Nh\u00e0 s\u1ea3n xu\u1ea5t m\u00e1y c\u1ea5p li\u1ec7u c\u00f4ng nghi\u1ec7p\",\"description\":\"Nh\u00e0 cung c\u1ea5p robot, m\u00e1y c\u1ea5p li\u1ec7u linh ho\u1ea1t, m\u00e1y c\u1ea5p li\u1ec7u ly t\u00e2m, m\u00e1y c\u1ea5p li\u1ec7u rung t\u1ef1 \u0111\u1ed9ng\",\"potentialAction\":[{\"@type\":\"SearchAction\",\"target\":{\"@type\":\"EntryPoint\",\"urlTemplate\":\"https:\/\/swoer.vn\/?s={search_term_string}\"},\"query-input\":{\"@type\":\"PropertyValueSpecification\",\"valueRequired\":true,\"valueName\":\"search_term_string\"}}],\"inLanguage\":\"th\"}]}<\/script>\n<!-- \/ Yoast SEO plugin. -->","yoast_head_json":{"title":"B\u1ed9 c\u1ea5p li\u1ec7u rung quay - Nh\u00e0 s\u1ea3n xu\u1ea5t m\u00e1y c\u1ea5p li\u1ec7u c\u00f4ng nghi\u1ec7p","description":"B\u1ed9 s\u00e0ng rung SWOER: Gi\u1ea3i ph\u00e1p ph\u00e2n lo\u1ea1i v\u1eadt li\u1ec7u ch\u00ednh x\u00e1c cho th\u1ef1c ph\u1ea9m, d\u01b0\u1ee3c ph\u1ea9m & h\u00f3a ch\u1ea5t. C\u1ea5u t\u1ea1o b\u1ec1n b\u1ec9, d\u1ec5 v\u1ec7 sinh, \u0111\u1ea1t chu\u1ea9n ISO\/CE.","robots":{"index":"index","follow":"follow","max-snippet":"max-snippet:-1","max-image-preview":"max-image-preview:large","max-video-preview":"max-video-preview:-1"},"canonical":"https:\/\/swoer.vn\/th\/manufacturer\/bo-cap-lieu-rung-quay\/","og_locale":"th_TH","og_type":"article","og_title":"B\u1ed9 c\u1ea5p li\u1ec7u rung quay - Nh\u00e0 s\u1ea3n xu\u1ea5t m\u00e1y c\u1ea5p li\u1ec7u c\u00f4ng nghi\u1ec7p","og_description":"B\u1ed9 s\u00e0ng rung SWOER: Gi\u1ea3i ph\u00e1p ph\u00e2n lo\u1ea1i v\u1eadt li\u1ec7u ch\u00ednh x\u00e1c cho th\u1ef1c ph\u1ea9m, d\u01b0\u1ee3c ph\u1ea9m & h\u00f3a ch\u1ea5t. C\u1ea5u t\u1ea1o b\u1ec1n b\u1ec9, d\u1ec5 v\u1ec7 sinh, \u0111\u1ea1t chu\u1ea9n ISO\/CE.","og_url":"https:\/\/swoer.vn\/th\/manufacturer\/bo-cap-lieu-rung-quay\/","og_site_name":"Nh\u00e0 s\u1ea3n xu\u1ea5t m\u00e1y c\u1ea5p li\u1ec7u c\u00f4ng nghi\u1ec7p","article_modified_time":"2026-04-11T06:45:00+00:00","og_image":[{"width":800,"height":800,"url":"https:\/\/swoer.vn\/wp-content\/uploads\/2026\/04\/BO-CAP-LIEU-RUNG-QUAY.png","type":"image\/png"}],"twitter_card":"summary_large_image","twitter_misc":{"Est. reading time":"4 \u0e19\u0e32\u0e17\u0e35"},"schema":{"@context":"https:\/\/schema.org","@graph":[{"@type":"WebPage","@id":"https:\/\/swoer.vn\/manufacturer\/bo-cap-lieu-rung-quay\/","url":"https:\/\/swoer.vn\/manufacturer\/bo-cap-lieu-rung-quay\/","name":"B\u1ed9 c\u1ea5p li\u1ec7u rung quay - Nh\u00e0 s\u1ea3n xu\u1ea5t m\u00e1y c\u1ea5p li\u1ec7u c\u00f4ng nghi\u1ec7p","isPartOf":{"@id":"https:\/\/swoer.vn\/#website"},"primaryImageOfPage":{"@id":"https:\/\/swoer.vn\/manufacturer\/bo-cap-lieu-rung-quay\/#primaryimage"},"image":{"@id":"https:\/\/swoer.vn\/manufacturer\/bo-cap-lieu-rung-quay\/#primaryimage"},"thumbnailUrl":"https:\/\/swoer.vn\/wp-content\/uploads\/2026\/04\/BO-CAP-LIEU-RUNG-QUAY.png","datePublished":"2026-04-11T06:44:59+00:00","dateModified":"2026-04-11T06:45:00+00:00","description":"B\u1ed9 s\u00e0ng rung SWOER: Gi\u1ea3i ph\u00e1p ph\u00e2n lo\u1ea1i v\u1eadt li\u1ec7u ch\u00ednh x\u00e1c cho th\u1ef1c ph\u1ea9m, d\u01b0\u1ee3c ph\u1ea9m & h\u00f3a ch\u1ea5t. C\u1ea5u t\u1ea1o b\u1ec1n b\u1ec9, d\u1ec5 v\u1ec7 sinh, \u0111\u1ea1t chu\u1ea9n ISO\/CE.","breadcrumb":{"@id":"https:\/\/swoer.vn\/manufacturer\/bo-cap-lieu-rung-quay\/#breadcrumb"},"inLanguage":"th","potentialAction":[{"@type":"ReadAction","target":["https:\/\/swoer.vn\/manufacturer\/bo-cap-lieu-rung-quay\/"]}]},{"@type":"ImageObject","inLanguage":"th","@id":"https:\/\/swoer.vn\/manufacturer\/bo-cap-lieu-rung-quay\/#primaryimage","url":"https:\/\/swoer.vn\/wp-content\/uploads\/2026\/04\/BO-CAP-LIEU-RUNG-QUAY.png","contentUrl":"https:\/\/swoer.vn\/wp-content\/uploads\/2026\/04\/BO-CAP-LIEU-RUNG-QUAY.png","width":800,"height":800,"caption":"BO\u0323\u0302 CA\u0302\u0301P LIE\u0323\u0302U RUNG QUAY"},{"@type":"BreadcrumbList","@id":"https:\/\/swoer.vn\/manufacturer\/bo-cap-lieu-rung-quay\/#breadcrumb","itemListElement":[{"@type":"ListItem","position":1,"name":"Home","item":"https:\/\/swoer.vn\/"},{"@type":"ListItem","position":2,"name":"S\u1ea3n ph\u1ea9m","item":"https:\/\/swoer.vn\/shop\/"},{"@type":"ListItem","position":3,"name":"B\u1ed9 c\u1ea5p li\u1ec7u rung quay"}]},{"@type":"WebSite","@id":"https:\/\/swoer.vn\/#website","url":"https:\/\/swoer.vn\/","name":"\u0e1c\u0e39\u0e49\u0e1c\u0e25\u0e34\u0e15\u0e40\u0e04\u0e23\u0e37\u0e48\u0e2d\u0e07\u0e1b\u0e49\u0e2d\u0e19\u0e2d\u0e32\u0e2b\u0e32\u0e23\u0e2d\u0e38\u0e15\u0e2a\u0e32\u0e2b\u0e01\u0e23\u0e23\u0e21","description":"\u0e08\u0e33\u0e2b\u0e19\u0e48\u0e32\u0e22\u0e2b\u0e38\u0e48\u0e19\u0e22\u0e19\u0e15\u0e4c \u0e40\u0e04\u0e23\u0e37\u0e48\u0e2d\u0e07\u0e1b\u0e49\u0e2d\u0e19\u0e41\u0e1a\u0e1a\u0e22\u0e37\u0e14\u0e2b\u0e22\u0e38\u0e48\u0e19 \u0e40\u0e04\u0e23\u0e37\u0e48\u0e2d\u0e07\u0e1b\u0e49\u0e2d\u0e19\u0e41\u0e1a\u0e1a\u0e41\u0e23\u0e07\u0e40\u0e2b\u0e27\u0e35\u0e48\u0e22\u0e07 \u0e40\u0e04\u0e23\u0e37\u0e48\u0e2d\u0e07\u0e1b\u0e49\u0e2d\u0e19\u0e41\u0e1a\u0e1a\u0e2a\u0e31\u0e48\u0e19\u0e2d\u0e31\u0e15\u0e42\u0e19\u0e21\u0e31\u0e15\u0e34","potentialAction":[{"@type":"SearchAction","target":{"@type":"EntryPoint","urlTemplate":"https:\/\/swoer.vn\/?s={search_term_string}"},"query-input":{"@type":"PropertyValueSpecification","valueRequired":true,"valueName":"search_term_string"}}],"inLanguage":"th"}]}},"_links":{"self":[{"href":"https:\/\/swoer.vn\/th\/wp-json\/wp\/v2\/product\/8313","targetHints":{"allow":["GET"]}}],"collection":[{"href":"https:\/\/swoer.vn\/th\/wp-json\/wp\/v2\/product"}],"about":[{"href":"https:\/\/swoer.vn\/th\/wp-json\/wp\/v2\/types\/product"}],"replies":[{"embeddable":true,"href":"https:\/\/swoer.vn\/th\/wp-json\/wp\/v2\/comments?post=8313"}],"wp:featuredmedia":[{"embeddable":true,"href":"https:\/\/swoer.vn\/th\/wp-json\/wp\/v2\/media\/8314"}],"wp:attachment":[{"href":"https:\/\/swoer.vn\/th\/wp-json\/wp\/v2\/media?parent=8313"}],"wp:term":[{"taxonomy":"product_brand","embeddable":true,"href":"https:\/\/swoer.vn\/th\/wp-json\/wp\/v2\/product_brand?post=8313"},{"taxonomy":"product_cat","embeddable":true,"href":"https:\/\/swoer.vn\/th\/wp-json\/wp\/v2\/product_cat?post=8313"},{"taxonomy":"product_tag","embeddable":true,"href":"https:\/\/swoer.vn\/th\/wp-json\/wp\/v2\/product_tag?post=8313"}],"curies":[{"name":"wp","href":"https:\/\/api.w.org\/{rel}","templated":true}]}}