{"id":8298,"date":"2026-04-10T13:10:29","date_gmt":"2026-04-10T06:10:29","guid":{"rendered":"https:\/\/swoer.vn\/?post_type=product&#038;p=8298"},"modified":"2026-04-10T13:10:29","modified_gmt":"2026-04-10T06:10:29","slug":"bo-cap-lieu-rung-cho-bi-nhua","status":"publish","type":"product","link":"https:\/\/swoer.vn\/th\/manufacturer\/bo-cap-lieu-rung-cho-bi-nhua\/","title":{"rendered":"B\u1ed9 c\u1ea5p li\u1ec7u rung cho bi nh\u1ef1a"},"content":{"rendered":"<h2><span style=\"font-weight: 400;\">C\u00e1c s\u1ea3n ph\u1ea9m nh\u1ef1a ph\u00f9 h\u1ee3p nh\u1ea5t<\/span><\/h2>\n<p><span style=\"font-weight: 400;\">Th\u00f4ng th\u01b0\u1eddng, c\u00e1c s\u1ea3n ph\u1ea9m l\u00e0m t\u1eeb nh\u1ef1a k\u1ef9 thu\u1eadt c\u1ee9ng, c\u00f3 k\u1ebft c\u1ea5u ch\u1eafc ch\u1eafn v\u00e0 \u00edt bi\u1ebfn d\u1ea1ng s\u1ebd \u0111\u1ea1t hi\u1ec7u su\u1ea5t c\u1ea5p li\u1ec7u cao nh\u1ea5t:<\/span><\/p>\n<ul>\n<li style=\"font-weight: 400;\" aria-level=\"1\"><b>Linh ki\u1ec7n \u0111\u00fac ti\u00eam c\u1ee9ng c\u00e1p:<\/b><span style=\"font-weight: 400;\"> N\u1eafp chai, g\u1ea1ch \u0111\u1ed3 ch\u01a1i, b\u00e1nh r\u0103ng nh\u1ecf, v\u1ecf \u0111\u1ea7u n\u1ed1i (connector), v\u1ecf v\u00f2ng bi. C\u00e1c lo\u1ea1i nh\u1ef1a nh\u01b0 <\/span><b>ABS, Nylon (PA), Polycarbonate (PC), POM<\/b><span style=\"font-weight: 400;\"> r\u1ea5t l\u00fd t\u01b0\u1edfng v\u00ec ch\u1ecbu \u0111\u01b0\u1ee3c rung \u0111\u1ed9ng v\u00e0 va ch\u1ea1m.<\/span><\/li>\n<li style=\"font-weight: 400;\" aria-level=\"1\"><b>Linh ki\u1ec7n nh\u1ecf c\u00f3 h\u00ecnh d\u1ea1ng quy chu\u1ea9n:<\/b><span style=\"font-weight: 400;\"> V\u00edt nh\u1ef1a, \u0111ai \u1ed1c, v\u00f2ng \u0111\u1ec7m, n\u00fat c\u1eafm. H\u00ecnh d\u1ea1ng \u0111\u1ed1i x\u1ee9ng v\u00e0 tr\u1ecdng t\u00e2m r\u00f5 r\u00e0ng gi\u00fap vi\u1ec7c \u0111\u1ecbnh h\u01b0\u1edbng tr\u00ean \u0111\u01b0\u1eddng ray tr\u1edf n\u00ean d\u1ec5 d\u00e0ng.<\/span><\/li>\n<li style=\"font-weight: 400;\" aria-level=\"1\"><b>Linh ki\u1ec7n y t\u1ebf &amp; \u0111i\u1ec7n t\u1eed ti\u00eau d\u00f9ng:<\/b><span style=\"font-weight: 400;\"> N\u1eafp b\u00fat, n\u00fat b\u1ea5m \u0111\u1ea7u x\u1ecbt, \u0111\u1ea7u dao c\u1ea1o r\u00e2u, tai nghe \u1ed1ng nghe y t\u1ebf. \u0110\u00e2y l\u00e0 nh\u00f3m s\u1ea3n ph\u1ea9m c\u1ea7n t\u1ed1c \u0111\u1ed9 l\u1eafp r\u00e1p cao v\u00e0 v\u1eadt li\u1ec7u nh\u1ef1a b\u1ec1n b\u1ec9.<\/span><\/li>\n<\/ul>\n<h2><span style=\"font-weight: 400;\">C\u00e1c lo\u1ea1i linh ki\u1ec7n c\u1ea7n l\u01b0u \u00fd \u0111\u1eb7c bi\u1ec7t<\/span><\/h2>\n<p><span style=\"font-weight: 400;\">M\u1ed9t s\u1ed1 d\u00f2ng s\u1ea3n ph\u1ea9m c\u00f3 th\u1ec3 g\u00e2y kh\u00f3 kh\u0103n ho\u1eb7c k\u1eb9t m\u00e1y n\u1ebfu kh\u00f4ng c\u00f3 thi\u1ebft k\u1ebf chuy\u00ean d\u1ee5ng:<\/span><\/p>\n<table>\n<tbody>\n<tr>\n<td><b>Lo\u1ea1i linh ki\u1ec7n<\/b><\/td>\n<td><b>Th\u00e1ch th\u1ee9c k\u1ef9 thu\u1eadt<\/b><\/td>\n<td><b>H\u1ec7 qu\u1ea3<\/b><\/td>\n<\/tr>\n<tr>\n<td><b>Nh\u1ef1a m\u1ec1m\/D\u1ebbo (TPU, TPE, Silicone)<\/b><\/td>\n<td><span style=\"font-weight: 400;\">Qu\u00e1 m\u1ec1m, d\u1ec5 bi\u1ebfn d\u1ea1ng ho\u1eb7c d\u00ednh ch\u1eb7t v\u00e0o \u0111\u01b0\u1eddng ray.<\/span><\/td>\n<td><span style=\"font-weight: 400;\">G\u00e2y k\u1eb9t ph\u1ec5u (Jamming).<\/span><\/td>\n<\/tr>\n<tr>\n<td><b>Linh ki\u1ec7n th\u00e0nh m\u1ecfng, d\u1ec5 v\u1ee1<\/b><\/td>\n<td><span style=\"font-weight: 400;\">Rung \u0111\u1ed9ng v\u00e0 va ch\u1ea1m m\u1ea1nh l\u00e0m n\u1ee9t, g\u00e3y chi ti\u1ebft.<\/span><\/td>\n<td><span style=\"font-weight: 400;\">H\u1ecfng s\u1ea3n ph\u1ea9m, gi\u1ea3m ch\u1ea5t l\u01b0\u1ee3ng.<\/span><\/td>\n<\/tr>\n<tr>\n<td><b>Linh ki\u1ec7n c\u00f3 t\u00ednh k\u1ebft d\u00ednh<\/b><\/td>\n<td><span style=\"font-weight: 400;\">Mi\u1ebfng d\u00e1n, \u0111\u1ec7m c\u00f3 keo s\u1eb5n.<\/span><\/td>\n<td><span style=\"font-weight: 400;\">D\u00ednh v\u00e0o th\u00e0nh ph\u1ec5u, kh\u00f4ng th\u1ec3 di chuy\u1ec3n.<\/span><\/td>\n<\/tr>\n<tr>\n<td><b>H\u00ecnh d\u00e1ng ph\u1ee9c t\u1ea1p, d\u1ec5 m\u00f3c n\u1ed1i<\/b><\/td>\n<td><span style=\"font-weight: 400;\">C\u00e1c chi ti\u1ebft c\u00f3 l\u1ed7 s\u00e2u ho\u1eb7c d\u1ea1ng thanh d\u00e0i m\u1ea3nh.<\/span><\/td>\n<td><span style=\"font-weight: 400;\">T\u00ecnh tr\u1ea1ng &#8220;b\u00fai n\u00f9i&#8221; (bird-nesting), kh\u00f3 t\u00e1ch r\u1eddi.<\/span><\/td>\n<\/tr>\n<\/tbody>\n<\/table>\n<h2><span style=\"font-weight: 400;\">C\u00e1c bi\u1ec7n ph\u00e1p k\u1ef9 thu\u1eadt c\u1ed1t l\u00f5i<\/span><\/h2>\n<p><span style=\"font-weight: 400;\">\u0110\u1ec3 x\u1eed l\u00fd th\u00e0nh c\u00f4ng c\u00e1c s\u1ea3n ph\u1ea9m nh\u1ef1a, SWOER \u00e1p d\u1ee5ng c\u00e1c ti\u00eau chu\u1ea9n k\u1ef9 thu\u1eadt kh\u1eaft khe:<\/span><\/p>\n<ul>\n<li style=\"font-weight: 400;\" aria-level=\"1\"><b>X\u1eed l\u00fd b\u1ec1 m\u1eb7t (Surface Treatment):<\/b><span style=\"font-weight: 400;\"> \u0110\u01b0\u1eddng ray th\u01b0\u1eddng \u0111\u01b0\u1ee3c ph\u1ee7 m\u1ed9t l\u1edbp ch\u1ed1ng d\u00ednh nh\u01b0 <\/span><b>Teflon<\/b><span style=\"font-weight: 400;\">. \u0110i\u1ec1u n\u00e0y gi\u00fap gi\u1ea3m \u0111\u00e1ng k\u1ec3 ma s\u00e1t v\u00e0 t\u0129nh \u0111i\u1ec7n, \u0111\u1ed3ng th\u1eddi b\u1ea3o v\u1ec7 b\u1ec1 m\u1eb7t s\u1ea3n ph\u1ea9m kh\u1ecfi tr\u1ea7y x\u01b0\u1edbc.<\/span><\/li>\n<li style=\"font-weight: 400;\" aria-level=\"1\"><b>T\u1ed1i \u01b0u h\u00f3a rung \u0111\u1ed9ng:<\/b><span style=\"font-weight: 400;\"> S\u1eed d\u1ee5ng c\u00e0i \u0111\u1eb7t bi\u00ean \u0111\u1ed9 th\u1ea5p v\u00e0 t\u1ea7n s\u1ed1 cao \u0111\u1ec3 qu\u00e1 tr\u00ecnh c\u1ea5p li\u1ec7u di\u1ec5n ra nh\u1eb9 nh\u00e0ng v\u00e0 c\u00f3 ki\u1ec3m so\u00e1t h\u01a1n.<\/span><\/li>\n<li style=\"font-weight: 400;\" aria-level=\"1\"><b>Kh\u1eed t\u0129nh \u0111i\u1ec7n (Static Elimination):<\/b><span style=\"font-weight: 400;\"> L\u1eafp \u0111\u1eb7t qu\u1ea1t kh\u1eed ion (ionizing blower) \u0111\u1ec3 trung h\u00f2a t\u0129nh \u0111i\u1ec7n ph\u00e1t sinh do ma s\u00e1t gi\u1eefa nh\u1ef1a v\u00e0 kim lo\u1ea1i, ng\u0103n linh ki\u1ec7n b\u00e1m d\u00ednh v\u00e0o th\u00e0nh ph\u1ec5u.<\/span><\/li>\n<li style=\"font-weight: 400;\" aria-level=\"1\"><b>Thi\u1ebft k\u1ebf \u0111\u01b0\u1eddng ray t\u00f9y ch\u1ec9nh:<\/b><span style=\"font-weight: 400;\"> S\u1eed d\u1ee5ng \u0111\u01b0\u1eddng ray r\u1ed9ng, c\u00f3 n\u1eafp che ho\u1eb7c k\u1ebft h\u1ee3p th\u1ed5i kh\u00ed \u00e1p l\u1ef1c \u0111\u1ec3 ng\u0103n ch\u1eb7n t\u00ecnh tr\u1ea1ng linh ki\u1ec7n b\u1ecb ch\u1ed3ng l\u1ea5p ho\u1eb7c \u0111\u1ee9ng sai h\u01b0\u1edbng.<\/span><\/li>\n<\/ul>","protected":false},"excerpt":{"rendered":"<p><span style=\"font-weight: 400;\">Trong t\u1ef1 \u0111\u1ed9ng h\u00f3a, linh ki\u1ec7n nh\u1ef1a c\u00f3 \u0111\u1eb7c th\u00f9 l\u00e0 tr\u1ecdng l\u01b0\u1ee3ng nh\u1eb9, d\u1ec5 t\u00edch t\u0129nh \u0111i\u1ec7n v\u00e0 d\u1ec5 b\u1ecb tr\u1ea7y x\u01b0\u1edbc b\u1ec1 m\u1eb7t. Vi\u1ec7c x\u00e1c \u0111\u1ecbnh lo\u1ea1i nh\u1ef1a n\u00e0o ph\u00f9 h\u1ee3p v\u1edbi ph\u1ec5u rung l\u00e0 b\u01b0\u1edbc \u0111\u1ea7u ti\u00ean \u0111\u1ec3 \u0111\u1ea3m b\u1ea3o d\u00e2y chuy\u1ec1n v\u1eadn h\u00e0nh \u1ed5n \u0111\u1ecbnh.<\/span><\/p>","protected":false},"featured_media":8299,"comment_status":"open","ping_status":"closed","template":"","meta":[],"product_brand":[],"product_cat":[106],"product_tag":[172,43,107,166,249],"class_list":{"0":"post-8298","1":"product","2":"type-product","3":"status-publish","4":"has-post-thumbnail","6":"product_cat-mam-rung-cap-phoi","7":"product_tag-bo-cap-lieu-rung","8":"product_tag-mam-rung","9":"product_tag-may-cap-lieu-rung","10":"product_tag-pheu-rung","11":"product_tag-vibratory-bowl-feeder","13":"first","14":"instock","15":"shipping-taxable","16":"product-type-simple"},"yoast_head":"<!-- This site is optimized with the Yoast SEO plugin v26.0 - https:\/\/yoast.com\/wordpress\/plugins\/seo\/ -->\n<title>B\u1ed9 c\u1ea5p li\u1ec7u rung cho bi nh\u1ef1a - Nh\u00e0 s\u1ea3n xu\u1ea5t m\u00e1y c\u1ea5p li\u1ec7u c\u00f4ng nghi\u1ec7p<\/title>\n<meta name=\"description\" content=\"Ph\u1ec5u rung SWOER cho linh ki\u1ec7n nh\u1ef1a: Gi\u1ea3i ph\u00e1p t\u1ed1i \u01b0u cho ABS, PC, Nylon... Thi\u1ebft k\u1ebf ch\u1ed1ng t\u0129nh \u0111i\u1ec7n, ph\u1ee7 Teflon ch\u1ed1ng tr\u1ea7y x\u01b0\u1edbc. T\u01b0 v\u1ea5n k\u1ef9 thu\u1eadt chuy\u00ean s\u00e2u\" \/>\n<meta name=\"robots\" content=\"index, follow, max-snippet:-1, max-image-preview:large, max-video-preview:-1\" \/>\n<link rel=\"canonical\" href=\"https:\/\/swoer.vn\/th\/manufacturer\/bo-cap-lieu-rung-cho-bi-nhua\/\" \/>\n<meta property=\"og:locale\" content=\"th_TH\" \/>\n<meta property=\"og:type\" content=\"article\" \/>\n<meta property=\"og:title\" content=\"B\u1ed9 c\u1ea5p li\u1ec7u rung cho bi nh\u1ef1a - Nh\u00e0 s\u1ea3n xu\u1ea5t m\u00e1y c\u1ea5p li\u1ec7u c\u00f4ng nghi\u1ec7p\" \/>\n<meta property=\"og:description\" content=\"Ph\u1ec5u rung SWOER cho linh ki\u1ec7n nh\u1ef1a: Gi\u1ea3i ph\u00e1p t\u1ed1i \u01b0u cho ABS, PC, Nylon... Thi\u1ebft k\u1ebf ch\u1ed1ng t\u0129nh \u0111i\u1ec7n, ph\u1ee7 Teflon ch\u1ed1ng tr\u1ea7y x\u01b0\u1edbc. T\u01b0 v\u1ea5n k\u1ef9 thu\u1eadt chuy\u00ean s\u00e2u\" \/>\n<meta property=\"og:url\" content=\"https:\/\/swoer.vn\/th\/manufacturer\/bo-cap-lieu-rung-cho-bi-nhua\/\" \/>\n<meta property=\"og:site_name\" content=\"Nh\u00e0 s\u1ea3n xu\u1ea5t m\u00e1y c\u1ea5p li\u1ec7u c\u00f4ng nghi\u1ec7p\" \/>\n<meta property=\"og:image\" content=\"https:\/\/swoer.vn\/wp-content\/uploads\/2026\/04\/MAY-CAP-LIEU-RUNG-CHO-BI-NHUA-1.png\" \/>\n\t<meta property=\"og:image:width\" content=\"800\" \/>\n\t<meta property=\"og:image:height\" content=\"800\" \/>\n\t<meta property=\"og:image:type\" content=\"image\/png\" \/>\n<meta name=\"twitter:card\" content=\"summary_large_image\" \/>\n<meta name=\"twitter:label1\" content=\"Est. reading time\" \/>\n\t<meta name=\"twitter:data1\" content=\"3 \u0e19\u0e32\u0e17\u0e35\" \/>\n<script type=\"application\/ld+json\" class=\"yoast-schema-graph\">{\"@context\":\"https:\/\/schema.org\",\"@graph\":[{\"@type\":\"WebPage\",\"@id\":\"https:\/\/swoer.vn\/manufacturer\/bo-cap-lieu-rung-cho-bi-nhua\/\",\"url\":\"https:\/\/swoer.vn\/manufacturer\/bo-cap-lieu-rung-cho-bi-nhua\/\",\"name\":\"B\u1ed9 c\u1ea5p li\u1ec7u rung cho bi nh\u1ef1a - Nh\u00e0 s\u1ea3n xu\u1ea5t m\u00e1y c\u1ea5p li\u1ec7u c\u00f4ng nghi\u1ec7p\",\"isPartOf\":{\"@id\":\"https:\/\/swoer.vn\/#website\"},\"primaryImageOfPage\":{\"@id\":\"https:\/\/swoer.vn\/manufacturer\/bo-cap-lieu-rung-cho-bi-nhua\/#primaryimage\"},\"image\":{\"@id\":\"https:\/\/swoer.vn\/manufacturer\/bo-cap-lieu-rung-cho-bi-nhua\/#primaryimage\"},\"thumbnailUrl\":\"https:\/\/swoer.vn\/wp-content\/uploads\/2026\/04\/MAY-CAP-LIEU-RUNG-CHO-BI-NHUA-1.png\",\"datePublished\":\"2026-04-10T06:10:29+00:00\",\"description\":\"Ph\u1ec5u rung SWOER cho linh ki\u1ec7n nh\u1ef1a: Gi\u1ea3i ph\u00e1p t\u1ed1i \u01b0u cho ABS, PC, Nylon... Thi\u1ebft k\u1ebf ch\u1ed1ng t\u0129nh \u0111i\u1ec7n, ph\u1ee7 Teflon ch\u1ed1ng tr\u1ea7y x\u01b0\u1edbc. T\u01b0 v\u1ea5n k\u1ef9 thu\u1eadt chuy\u00ean s\u00e2u\",\"breadcrumb\":{\"@id\":\"https:\/\/swoer.vn\/manufacturer\/bo-cap-lieu-rung-cho-bi-nhua\/#breadcrumb\"},\"inLanguage\":\"th\",\"potentialAction\":[{\"@type\":\"ReadAction\",\"target\":[\"https:\/\/swoer.vn\/manufacturer\/bo-cap-lieu-rung-cho-bi-nhua\/\"]}]},{\"@type\":\"ImageObject\",\"inLanguage\":\"th\",\"@id\":\"https:\/\/swoer.vn\/manufacturer\/bo-cap-lieu-rung-cho-bi-nhua\/#primaryimage\",\"url\":\"https:\/\/swoer.vn\/wp-content\/uploads\/2026\/04\/MAY-CAP-LIEU-RUNG-CHO-BI-NHUA-1.png\",\"contentUrl\":\"https:\/\/swoer.vn\/wp-content\/uploads\/2026\/04\/MAY-CAP-LIEU-RUNG-CHO-BI-NHUA-1.png\",\"width\":800,\"height\":800,\"caption\":\"MA\u0301Y CA\u0302\u0301P LIE\u0323\u0302U RUNG CHO BI NHU\u031b\u0323A 1\"},{\"@type\":\"BreadcrumbList\",\"@id\":\"https:\/\/swoer.vn\/manufacturer\/bo-cap-lieu-rung-cho-bi-nhua\/#breadcrumb\",\"itemListElement\":[{\"@type\":\"ListItem\",\"position\":1,\"name\":\"Home\",\"item\":\"https:\/\/swoer.vn\/\"},{\"@type\":\"ListItem\",\"position\":2,\"name\":\"S\u1ea3n ph\u1ea9m\",\"item\":\"https:\/\/swoer.vn\/shop\/\"},{\"@type\":\"ListItem\",\"position\":3,\"name\":\"B\u1ed9 c\u1ea5p li\u1ec7u rung cho bi nh\u1ef1a\"}]},{\"@type\":\"WebSite\",\"@id\":\"https:\/\/swoer.vn\/#website\",\"url\":\"https:\/\/swoer.vn\/\",\"name\":\"Nh\u00e0 s\u1ea3n xu\u1ea5t m\u00e1y c\u1ea5p li\u1ec7u c\u00f4ng nghi\u1ec7p\",\"description\":\"Nh\u00e0 cung c\u1ea5p robot, m\u00e1y c\u1ea5p li\u1ec7u linh ho\u1ea1t, m\u00e1y c\u1ea5p li\u1ec7u ly t\u00e2m, m\u00e1y c\u1ea5p li\u1ec7u rung t\u1ef1 \u0111\u1ed9ng\",\"potentialAction\":[{\"@type\":\"SearchAction\",\"target\":{\"@type\":\"EntryPoint\",\"urlTemplate\":\"https:\/\/swoer.vn\/?s={search_term_string}\"},\"query-input\":{\"@type\":\"PropertyValueSpecification\",\"valueRequired\":true,\"valueName\":\"search_term_string\"}}],\"inLanguage\":\"th\"}]}<\/script>\n<!-- \/ Yoast SEO plugin. -->","yoast_head_json":{"title":"B\u1ed9 c\u1ea5p li\u1ec7u rung cho bi nh\u1ef1a - Nh\u00e0 s\u1ea3n xu\u1ea5t m\u00e1y c\u1ea5p li\u1ec7u c\u00f4ng nghi\u1ec7p","description":"Ph\u1ec5u rung SWOER cho linh ki\u1ec7n nh\u1ef1a: Gi\u1ea3i ph\u00e1p t\u1ed1i \u01b0u cho ABS, PC, Nylon... Thi\u1ebft k\u1ebf ch\u1ed1ng t\u0129nh \u0111i\u1ec7n, ph\u1ee7 Teflon ch\u1ed1ng tr\u1ea7y x\u01b0\u1edbc. T\u01b0 v\u1ea5n k\u1ef9 thu\u1eadt chuy\u00ean s\u00e2u","robots":{"index":"index","follow":"follow","max-snippet":"max-snippet:-1","max-image-preview":"max-image-preview:large","max-video-preview":"max-video-preview:-1"},"canonical":"https:\/\/swoer.vn\/th\/manufacturer\/bo-cap-lieu-rung-cho-bi-nhua\/","og_locale":"th_TH","og_type":"article","og_title":"B\u1ed9 c\u1ea5p li\u1ec7u rung cho bi nh\u1ef1a - Nh\u00e0 s\u1ea3n xu\u1ea5t m\u00e1y c\u1ea5p li\u1ec7u c\u00f4ng nghi\u1ec7p","og_description":"Ph\u1ec5u rung SWOER cho linh ki\u1ec7n nh\u1ef1a: Gi\u1ea3i ph\u00e1p t\u1ed1i \u01b0u cho ABS, PC, Nylon... Thi\u1ebft k\u1ebf ch\u1ed1ng t\u0129nh \u0111i\u1ec7n, ph\u1ee7 Teflon ch\u1ed1ng tr\u1ea7y x\u01b0\u1edbc. T\u01b0 v\u1ea5n k\u1ef9 thu\u1eadt chuy\u00ean s\u00e2u","og_url":"https:\/\/swoer.vn\/th\/manufacturer\/bo-cap-lieu-rung-cho-bi-nhua\/","og_site_name":"Nh\u00e0 s\u1ea3n xu\u1ea5t m\u00e1y c\u1ea5p li\u1ec7u c\u00f4ng nghi\u1ec7p","og_image":[{"width":800,"height":800,"url":"https:\/\/swoer.vn\/wp-content\/uploads\/2026\/04\/MAY-CAP-LIEU-RUNG-CHO-BI-NHUA-1.png","type":"image\/png"}],"twitter_card":"summary_large_image","twitter_misc":{"Est. reading time":"3 \u0e19\u0e32\u0e17\u0e35"},"schema":{"@context":"https:\/\/schema.org","@graph":[{"@type":"WebPage","@id":"https:\/\/swoer.vn\/manufacturer\/bo-cap-lieu-rung-cho-bi-nhua\/","url":"https:\/\/swoer.vn\/manufacturer\/bo-cap-lieu-rung-cho-bi-nhua\/","name":"B\u1ed9 c\u1ea5p li\u1ec7u rung cho bi nh\u1ef1a - Nh\u00e0 s\u1ea3n xu\u1ea5t m\u00e1y c\u1ea5p li\u1ec7u c\u00f4ng nghi\u1ec7p","isPartOf":{"@id":"https:\/\/swoer.vn\/#website"},"primaryImageOfPage":{"@id":"https:\/\/swoer.vn\/manufacturer\/bo-cap-lieu-rung-cho-bi-nhua\/#primaryimage"},"image":{"@id":"https:\/\/swoer.vn\/manufacturer\/bo-cap-lieu-rung-cho-bi-nhua\/#primaryimage"},"thumbnailUrl":"https:\/\/swoer.vn\/wp-content\/uploads\/2026\/04\/MAY-CAP-LIEU-RUNG-CHO-BI-NHUA-1.png","datePublished":"2026-04-10T06:10:29+00:00","description":"Ph\u1ec5u rung SWOER cho linh ki\u1ec7n nh\u1ef1a: Gi\u1ea3i ph\u00e1p t\u1ed1i \u01b0u cho ABS, PC, Nylon... Thi\u1ebft k\u1ebf ch\u1ed1ng t\u0129nh \u0111i\u1ec7n, ph\u1ee7 Teflon ch\u1ed1ng tr\u1ea7y x\u01b0\u1edbc. T\u01b0 v\u1ea5n k\u1ef9 thu\u1eadt chuy\u00ean s\u00e2u","breadcrumb":{"@id":"https:\/\/swoer.vn\/manufacturer\/bo-cap-lieu-rung-cho-bi-nhua\/#breadcrumb"},"inLanguage":"th","potentialAction":[{"@type":"ReadAction","target":["https:\/\/swoer.vn\/manufacturer\/bo-cap-lieu-rung-cho-bi-nhua\/"]}]},{"@type":"ImageObject","inLanguage":"th","@id":"https:\/\/swoer.vn\/manufacturer\/bo-cap-lieu-rung-cho-bi-nhua\/#primaryimage","url":"https:\/\/swoer.vn\/wp-content\/uploads\/2026\/04\/MAY-CAP-LIEU-RUNG-CHO-BI-NHUA-1.png","contentUrl":"https:\/\/swoer.vn\/wp-content\/uploads\/2026\/04\/MAY-CAP-LIEU-RUNG-CHO-BI-NHUA-1.png","width":800,"height":800,"caption":"MA\u0301Y CA\u0302\u0301P LIE\u0323\u0302U RUNG CHO BI NHU\u031b\u0323A 1"},{"@type":"BreadcrumbList","@id":"https:\/\/swoer.vn\/manufacturer\/bo-cap-lieu-rung-cho-bi-nhua\/#breadcrumb","itemListElement":[{"@type":"ListItem","position":1,"name":"Home","item":"https:\/\/swoer.vn\/"},{"@type":"ListItem","position":2,"name":"S\u1ea3n ph\u1ea9m","item":"https:\/\/swoer.vn\/shop\/"},{"@type":"ListItem","position":3,"name":"B\u1ed9 c\u1ea5p li\u1ec7u rung cho bi nh\u1ef1a"}]},{"@type":"WebSite","@id":"https:\/\/swoer.vn\/#website","url":"https:\/\/swoer.vn\/","name":"\u0e1c\u0e39\u0e49\u0e1c\u0e25\u0e34\u0e15\u0e40\u0e04\u0e23\u0e37\u0e48\u0e2d\u0e07\u0e1b\u0e49\u0e2d\u0e19\u0e2d\u0e32\u0e2b\u0e32\u0e23\u0e2d\u0e38\u0e15\u0e2a\u0e32\u0e2b\u0e01\u0e23\u0e23\u0e21","description":"\u0e08\u0e33\u0e2b\u0e19\u0e48\u0e32\u0e22\u0e2b\u0e38\u0e48\u0e19\u0e22\u0e19\u0e15\u0e4c \u0e40\u0e04\u0e23\u0e37\u0e48\u0e2d\u0e07\u0e1b\u0e49\u0e2d\u0e19\u0e41\u0e1a\u0e1a\u0e22\u0e37\u0e14\u0e2b\u0e22\u0e38\u0e48\u0e19 \u0e40\u0e04\u0e23\u0e37\u0e48\u0e2d\u0e07\u0e1b\u0e49\u0e2d\u0e19\u0e41\u0e1a\u0e1a\u0e41\u0e23\u0e07\u0e40\u0e2b\u0e27\u0e35\u0e48\u0e22\u0e07 \u0e40\u0e04\u0e23\u0e37\u0e48\u0e2d\u0e07\u0e1b\u0e49\u0e2d\u0e19\u0e41\u0e1a\u0e1a\u0e2a\u0e31\u0e48\u0e19\u0e2d\u0e31\u0e15\u0e42\u0e19\u0e21\u0e31\u0e15\u0e34","potentialAction":[{"@type":"SearchAction","target":{"@type":"EntryPoint","urlTemplate":"https:\/\/swoer.vn\/?s={search_term_string}"},"query-input":{"@type":"PropertyValueSpecification","valueRequired":true,"valueName":"search_term_string"}}],"inLanguage":"th"}]}},"_links":{"self":[{"href":"https:\/\/swoer.vn\/th\/wp-json\/wp\/v2\/product\/8298","targetHints":{"allow":["GET"]}}],"collection":[{"href":"https:\/\/swoer.vn\/th\/wp-json\/wp\/v2\/product"}],"about":[{"href":"https:\/\/swoer.vn\/th\/wp-json\/wp\/v2\/types\/product"}],"replies":[{"embeddable":true,"href":"https:\/\/swoer.vn\/th\/wp-json\/wp\/v2\/comments?post=8298"}],"wp:featuredmedia":[{"embeddable":true,"href":"https:\/\/swoer.vn\/th\/wp-json\/wp\/v2\/media\/8299"}],"wp:attachment":[{"href":"https:\/\/swoer.vn\/th\/wp-json\/wp\/v2\/media?parent=8298"}],"wp:term":[{"taxonomy":"product_brand","embeddable":true,"href":"https:\/\/swoer.vn\/th\/wp-json\/wp\/v2\/product_brand?post=8298"},{"taxonomy":"product_cat","embeddable":true,"href":"https:\/\/swoer.vn\/th\/wp-json\/wp\/v2\/product_cat?post=8298"},{"taxonomy":"product_tag","embeddable":true,"href":"https:\/\/swoer.vn\/th\/wp-json\/wp\/v2\/product_tag?post=8298"}],"curies":[{"name":"wp","href":"https:\/\/api.w.org\/{rel}","templated":true}]}}