{"id":8264,"date":"2026-04-08T10:42:46","date_gmt":"2026-04-08T03:42:46","guid":{"rendered":"https:\/\/swoer.vn\/?post_type=product&#038;p=8264"},"modified":"2026-04-08T10:42:47","modified_gmt":"2026-04-08T03:42:47","slug":"bo-cap-lieu-rung-tuy-chinh-cho-lo-xo","status":"publish","type":"product","link":"https:\/\/swoer.vn\/th\/manufacturer\/bo-cap-lieu-rung-tuy-chinh-cho-lo-xo\/","title":{"rendered":"B\u1ed9 c\u1ea5p li\u1ec7u rung tu\u1ef3 ch\u1ec9nh cho l\u00f2 xo"},"content":{"rendered":"<h2><span style=\"font-weight: 400;\">\u01afu \u0111i\u1ec3m c\u1ee7a h\u1ec7 th\u1ed1ng c\u1ea5p li\u1ec7u l\u00f2 xo<\/span><\/h2>\n<ul>\n<li style=\"font-weight: 400;\" aria-level=\"1\"><b>Thi\u1ebft k\u1ebf chuy\u00ean bi\u1ec7t cho l\u00f2 xo:<\/b><span style=\"font-weight: 400;\"> M\u1ed7i b\u1ed9 ph\u1ec5u \u0111\u01b0\u1ee3c t\u00ednh to\u00e1n k\u1ef9 l\u01b0\u1ee1ng \u0111\u1ec3 x\u1eed l\u00fd \u0111\u1eb7c t\u00ednh c\u01a1 l\u00fd c\u1ee7a l\u00f2 xo, \u0111\u1ea3m b\u1ea3o qu\u00e1 tr\u00ecnh c\u1ea5p li\u1ec7u di\u1ec5n ra \u1ed5n \u0111\u1ecbnh v\u00e0 li\u00ean t\u1ee5c trong s\u1ea3n xu\u1ea5t h\u00e0ng ng\u00e0y.<\/span><\/li>\n<li style=\"font-weight: 400;\" aria-level=\"1\"><b>\u0110\u01b0\u1eddng d\u1eabn (Tracks) t\u00f9y ch\u1ec9nh ch\u1ed1ng k\u1eb9t:<\/b><span style=\"font-weight: 400;\"> Ch\u00fang t\u00f4i gia c\u00f4ng c\u00e1c \u0111\u01b0\u1eddng d\u1eabn ri\u00eang bi\u1ec7t cho t\u1eebng lo\u1ea1i l\u00f2 xo. Thi\u1ebft k\u1ebf n\u00e0y gi\u00fap c\u00e1c linh ki\u1ec7n di chuy\u1ec3n m\u01b0\u1ee3t m\u00e0, lo\u1ea1i b\u1ecf ho\u00e0n to\u00e0n t\u00ecnh tr\u1ea1ng l\u00f2 xo b\u1ecb r\u1ed1i ho\u1eb7c k\u1eb9t l\u1ea1i tr\u00ean \u0111\u01b0\u1eddng \u0111i.<\/span><\/li>\n<li style=\"font-weight: 400;\" aria-level=\"1\"><b>\u0110i\u1ec1u ch\u1ec9nh t\u1ed1c \u0111\u1ed9 rung linh ho\u1ea1t:<\/b><span style=\"font-weight: 400;\"> T\u1ed1c \u0111\u1ed9 v\u00e0 bi\u00ean \u0111\u1ed9 rung \u0111\u01b0\u1ee3c tinh ch\u1ec9nh ch\u00ednh x\u00e1c d\u1ef1a tr\u00ean k\u00edch th\u01b0\u1edbc v\u00e0 tr\u1ecdng l\u01b0\u1ee3ng c\u1ee7a l\u00f2 xo. Nh\u1edd \u0111\u00f3, hi\u1ec7u su\u1ea5t c\u1ea5p li\u1ec7u \u0111\u01b0\u1ee3c t\u1ed1i \u01b0u h\u00f3a, tr\u00e1nh l\u00e0m bi\u1ebfn d\u1ea1ng c\u00e1c l\u00f2 xo si\u00eau nh\u1ecf ho\u1eb7c nh\u1ea1y c\u1ea3m.<\/span><\/li>\n<li style=\"font-weight: 400;\" aria-level=\"1\"><b>Thi\u1ebft k\u1ebf linh ho\u1ea1t, d\u1ec5 d\u00e0ng t\u00edch h\u1ee3p:<\/b><span style=\"font-weight: 400;\"> H\u1ec7 th\u1ed1ng c\u1ee7a SWOER c\u00f3 kh\u1ea3 n\u0103ng t\u01b0\u01a1ng th\u00edch cao v\u1edbi nhi\u1ec1u lo\u1ea1i m\u00e1y m\u00f3c v\u00e0 d\u00e2y chuy\u1ec1n kh\u00e1c nhau. Vi\u1ec7c t\u00edch h\u1ee3p v\u00e0o h\u1ec7 th\u1ed1ng s\u1eb5n c\u00f3 c\u1ee7a nh\u00e0 m\u00e1y tr\u1edf n\u00ean \u0111\u01a1n gi\u1ea3n v\u00e0 nhanh ch\u00f3ng h\u01a1n.<\/span><\/li>\n<li style=\"font-weight: 400;\" aria-level=\"1\"><b>Quy tr\u00ecnh ki\u1ec3m th\u1eed nghi\u00eam ng\u1eb7t:<\/b><span style=\"font-weight: 400;\"> M\u1ed7i thi\u1ebft b\u1ecb \u0111\u1ec1u tr\u1ea3i qua c\u00e1c b\u00e0i ki\u1ec3m tra v\u1eadn h\u00e0nh kh\u1eafc nghi\u1ec7t tr\u01b0\u1edbc khi xu\u1ea5t x\u01b0\u1edfng, \u0111\u1ea3m b\u1ea3o hi\u1ec7u su\u1ea5t \u0111\u00e1ng tin c\u1eady v\u00e0 duy tr\u00ec tu\u1ed5i th\u1ecd v\u1eadn h\u00e0nh l\u00e2u d\u00e0i cho doanh nghi\u1ec7p.<\/span><\/li>\n<\/ul>\n<h2><span style=\"font-weight: 400;\">Th\u00f4ng s\u1ed1 k\u1ef9 thu\u1eadt \u0111\u1ec1 xu\u1ea5t<\/span><\/h2>\n<table>\n<tbody>\n<tr>\n<td><b>\u0110\u1eb7c t\u00ednh<\/b><\/td>\n<td><b>Gi\u1ea3i ph\u00e1p t\u1eeb SWOER<\/b><\/td>\n<\/tr>\n<tr>\n<td><b>Lo\u1ea1i l\u00f2 xo<\/b><\/td>\n<td><span style=\"font-weight: 400;\">L\u00f2 xo n\u00e9n, l\u00f2 xo k\u00e9o, l\u00f2 xo xo\u1eafn si\u00eau nh\u1ecf.<\/span><\/td>\n<\/tr>\n<tr>\n<td><b>V\u1eadt li\u1ec7u ph\u1ec5u<\/b><\/td>\n<td><span style=\"font-weight: 400;\">Th\u00e9p kh\u00f4ng g\u1ec9 304 ho\u1eb7c ph\u1ee7 ch\u1ed1ng m\u00f2n\/ch\u1ed1ng r\u1ed1i chuy\u00ean d\u1ee5ng.<\/span><\/td>\n<\/tr>\n<tr>\n<td><b>C\u00f4ng ngh\u1ec7 \u0111i\u1ec1u khi\u1ec3n<\/b><\/td>\n<td><span style=\"font-weight: 400;\">B\u1ed9 \u0111i\u1ec1u khi\u1ec3n k\u1ef9 thu\u1eadt s\u1ed1, \u1ed5n \u0111\u1ecbnh t\u1ea7n s\u1ed1 rung.<\/span><\/td>\n<\/tr>\n<tr>\n<td><b>\u0e2d\u0e31\u0e15\u0e23\u0e32\u0e01\u0e32\u0e23\u0e1b\u0e49\u0e2d\u0e19<\/b><\/td>\n<td><span style=\"font-weight: 400;\">T\u00f9y ch\u1ec9nh theo nh\u1ecbp m\u00e1y (Up to 150-200 pcs\/min).<\/span><\/td>\n<\/tr>\n<tr>\n<td><b>C\u1ea3m bi\u1ebfn t\u00edch h\u1ee3p<\/b><\/td>\n<td><span style=\"font-weight: 400;\">C\u1ea3m bi\u1ebfn h\u00e0nh tr\u00ecnh ho\u1eb7c c\u1ea3m bi\u1ebfn ch\u1ed1ng k\u1eb9t \u0111\u1ea7y \u0111\u1ea7u ra.<\/span><\/td>\n<\/tr>\n<\/tbody>\n<\/table>\n<p>&nbsp;<\/p>","protected":false},"excerpt":{"rendered":"<p><span style=\"font-weight: 400;\">Trong c\u00e1c d\u00e2y chuy\u1ec1n t\u1ef1 \u0111\u1ed9ng h\u00f3a, vi\u1ec7c c\u1ea5p li\u1ec7u l\u00f2 xo lu\u00f4n l\u00e0 m\u1ed9t th\u00e1ch th\u1ee9c l\u1edbn do \u0111\u1eb7c t\u00ednh d\u1ec5 m\u00f3c n\u1ed1i v\u00e0 b\u00e1m d\u00ednh c\u1ee7a ch\u00fang. <\/span><b>Ph\u1ec5u rung t\u00f9y ch\u1ec9nh t\u1eeb SWOER<\/b><span style=\"font-weight: 400;\"> \u0111\u01b0\u1ee3c thi\u1ebft k\u1ebf chuy\u00ean s\u00e2u \u0111\u1ec3 gi\u1ea3i quy\u1ebft tri\u1ec7t \u0111\u1ec3 v\u1ea5n \u0111\u1ec1 n\u00e0y, \u0111\u1ea3m b\u1ea3o d\u00f2ng ch\u1ea3y linh ki\u1ec7n lu\u00f4n \u1ed5n \u0111\u1ecbnh v\u00e0 ch\u00ednh x\u00e1c.<\/span><\/p>","protected":false},"featured_media":8265,"comment_status":"open","ping_status":"closed","template":"","meta":[],"product_brand":[],"product_cat":[106],"product_tag":[172,43,107,102,249],"class_list":{"0":"post-8264","1":"product","2":"type-product","3":"status-publish","4":"has-post-thumbnail","6":"product_cat-mam-rung-cap-phoi","7":"product_tag-bo-cap-lieu-rung","8":"product_tag-mam-rung","9":"product_tag-may-cap-lieu-rung","10":"product_tag-pheu-rung-cap-phoi","11":"product_tag-vibratory-bowl-feeder","13":"first","14":"instock","15":"shipping-taxable","16":"product-type-simple"},"yoast_head":"<!-- This site is optimized with the Yoast SEO plugin v26.0 - https:\/\/yoast.com\/wordpress\/plugins\/seo\/ -->\n<title>B\u1ed9 c\u1ea5p li\u1ec7u rung tu\u1ef3 ch\u1ec9nh cho l\u00f2 xo - Nh\u00e0 s\u1ea3n xu\u1ea5t m\u00e1y c\u1ea5p li\u1ec7u c\u00f4ng nghi\u1ec7p<\/title>\n<meta name=\"description\" content=\"Ph\u1ec5u rung SWOER chuy\u00ean d\u1ee5ng cho l\u00f2 xo: Thi\u1ebft k\u1ebf \u0111\u01b0\u1eddng d\u1eabn ch\u1ed1ng r\u1ed1i, c\u1ea5p li\u1ec7u \u1ed5n \u0111\u1ecbnh v\u00e0 kh\u00f4ng k\u1eb9t. T\u00f9y ch\u1ec9nh theo k\u00edch th\u01b0\u1edbc, t\u00edch h\u1ee3p nhanh\" \/>\n<meta name=\"robots\" content=\"index, follow, max-snippet:-1, max-image-preview:large, max-video-preview:-1\" \/>\n<link rel=\"canonical\" href=\"https:\/\/swoer.vn\/th\/manufacturer\/bo-cap-lieu-rung-tuy-chinh-cho-lo-xo\/\" \/>\n<meta property=\"og:locale\" content=\"th_TH\" \/>\n<meta property=\"og:type\" content=\"article\" \/>\n<meta property=\"og:title\" content=\"B\u1ed9 c\u1ea5p li\u1ec7u rung tu\u1ef3 ch\u1ec9nh cho l\u00f2 xo - Nh\u00e0 s\u1ea3n xu\u1ea5t m\u00e1y c\u1ea5p li\u1ec7u c\u00f4ng nghi\u1ec7p\" \/>\n<meta property=\"og:description\" content=\"Ph\u1ec5u rung SWOER chuy\u00ean d\u1ee5ng cho l\u00f2 xo: Thi\u1ebft k\u1ebf \u0111\u01b0\u1eddng d\u1eabn ch\u1ed1ng r\u1ed1i, c\u1ea5p li\u1ec7u \u1ed5n \u0111\u1ecbnh v\u00e0 kh\u00f4ng k\u1eb9t. T\u00f9y ch\u1ec9nh theo k\u00edch th\u01b0\u1edbc, t\u00edch h\u1ee3p nhanh\" \/>\n<meta property=\"og:url\" content=\"https:\/\/swoer.vn\/th\/manufacturer\/bo-cap-lieu-rung-tuy-chinh-cho-lo-xo\/\" \/>\n<meta property=\"og:site_name\" content=\"Nh\u00e0 s\u1ea3n xu\u1ea5t m\u00e1y c\u1ea5p li\u1ec7u c\u00f4ng nghi\u1ec7p\" \/>\n<meta property=\"article:modified_time\" content=\"2026-04-08T03:42:47+00:00\" \/>\n<meta property=\"og:image\" content=\"https:\/\/swoer.vn\/wp-content\/uploads\/2026\/04\/BO-CAP-LIEU-RUNG-TUY-CHINH-CHO-LO-XO.png\" \/>\n\t<meta property=\"og:image:width\" content=\"800\" \/>\n\t<meta property=\"og:image:height\" content=\"800\" \/>\n\t<meta property=\"og:image:type\" content=\"image\/png\" \/>\n<meta name=\"twitter:card\" content=\"summary_large_image\" \/>\n<meta name=\"twitter:label1\" content=\"Est. reading time\" \/>\n\t<meta name=\"twitter:data1\" content=\"2 \u0e19\u0e32\u0e17\u0e35\" \/>\n<script type=\"application\/ld+json\" class=\"yoast-schema-graph\">{\"@context\":\"https:\/\/schema.org\",\"@graph\":[{\"@type\":\"WebPage\",\"@id\":\"https:\/\/swoer.vn\/manufacturer\/bo-cap-lieu-rung-tuy-chinh-cho-lo-xo\/\",\"url\":\"https:\/\/swoer.vn\/manufacturer\/bo-cap-lieu-rung-tuy-chinh-cho-lo-xo\/\",\"name\":\"B\u1ed9 c\u1ea5p li\u1ec7u rung tu\u1ef3 ch\u1ec9nh cho l\u00f2 xo - Nh\u00e0 s\u1ea3n xu\u1ea5t m\u00e1y c\u1ea5p li\u1ec7u c\u00f4ng nghi\u1ec7p\",\"isPartOf\":{\"@id\":\"https:\/\/swoer.vn\/#website\"},\"primaryImageOfPage\":{\"@id\":\"https:\/\/swoer.vn\/manufacturer\/bo-cap-lieu-rung-tuy-chinh-cho-lo-xo\/#primaryimage\"},\"image\":{\"@id\":\"https:\/\/swoer.vn\/manufacturer\/bo-cap-lieu-rung-tuy-chinh-cho-lo-xo\/#primaryimage\"},\"thumbnailUrl\":\"https:\/\/swoer.vn\/wp-content\/uploads\/2026\/04\/BO-CAP-LIEU-RUNG-TUY-CHINH-CHO-LO-XO.png\",\"datePublished\":\"2026-04-08T03:42:46+00:00\",\"dateModified\":\"2026-04-08T03:42:47+00:00\",\"description\":\"Ph\u1ec5u rung SWOER chuy\u00ean d\u1ee5ng cho l\u00f2 xo: Thi\u1ebft k\u1ebf \u0111\u01b0\u1eddng d\u1eabn ch\u1ed1ng r\u1ed1i, c\u1ea5p li\u1ec7u \u1ed5n \u0111\u1ecbnh v\u00e0 kh\u00f4ng k\u1eb9t. T\u00f9y ch\u1ec9nh theo k\u00edch th\u01b0\u1edbc, t\u00edch h\u1ee3p nhanh\",\"breadcrumb\":{\"@id\":\"https:\/\/swoer.vn\/manufacturer\/bo-cap-lieu-rung-tuy-chinh-cho-lo-xo\/#breadcrumb\"},\"inLanguage\":\"th\",\"potentialAction\":[{\"@type\":\"ReadAction\",\"target\":[\"https:\/\/swoer.vn\/manufacturer\/bo-cap-lieu-rung-tuy-chinh-cho-lo-xo\/\"]}]},{\"@type\":\"ImageObject\",\"inLanguage\":\"th\",\"@id\":\"https:\/\/swoer.vn\/manufacturer\/bo-cap-lieu-rung-tuy-chinh-cho-lo-xo\/#primaryimage\",\"url\":\"https:\/\/swoer.vn\/wp-content\/uploads\/2026\/04\/BO-CAP-LIEU-RUNG-TUY-CHINH-CHO-LO-XO.png\",\"contentUrl\":\"https:\/\/swoer.vn\/wp-content\/uploads\/2026\/04\/BO-CAP-LIEU-RUNG-TUY-CHINH-CHO-LO-XO.png\",\"width\":800,\"height\":800,\"caption\":\"BO\u0323\u0302 CA\u0302\u0301P LIE\u0323\u0302U RUNG TUY\u0300 CHI\u0309NH CHO LO\u0300 XO\u0300\"},{\"@type\":\"BreadcrumbList\",\"@id\":\"https:\/\/swoer.vn\/manufacturer\/bo-cap-lieu-rung-tuy-chinh-cho-lo-xo\/#breadcrumb\",\"itemListElement\":[{\"@type\":\"ListItem\",\"position\":1,\"name\":\"Home\",\"item\":\"https:\/\/swoer.vn\/\"},{\"@type\":\"ListItem\",\"position\":2,\"name\":\"S\u1ea3n ph\u1ea9m\",\"item\":\"https:\/\/swoer.vn\/shop\/\"},{\"@type\":\"ListItem\",\"position\":3,\"name\":\"B\u1ed9 c\u1ea5p li\u1ec7u rung tu\u1ef3 ch\u1ec9nh cho l\u00f2 xo\"}]},{\"@type\":\"WebSite\",\"@id\":\"https:\/\/swoer.vn\/#website\",\"url\":\"https:\/\/swoer.vn\/\",\"name\":\"Nh\u00e0 s\u1ea3n xu\u1ea5t m\u00e1y c\u1ea5p li\u1ec7u c\u00f4ng nghi\u1ec7p\",\"description\":\"Nh\u00e0 cung c\u1ea5p robot, m\u00e1y c\u1ea5p li\u1ec7u linh ho\u1ea1t, m\u00e1y c\u1ea5p li\u1ec7u ly t\u00e2m, m\u00e1y c\u1ea5p li\u1ec7u rung t\u1ef1 \u0111\u1ed9ng\",\"potentialAction\":[{\"@type\":\"SearchAction\",\"target\":{\"@type\":\"EntryPoint\",\"urlTemplate\":\"https:\/\/swoer.vn\/?s={search_term_string}\"},\"query-input\":{\"@type\":\"PropertyValueSpecification\",\"valueRequired\":true,\"valueName\":\"search_term_string\"}}],\"inLanguage\":\"th\"}]}<\/script>\n<!-- \/ Yoast SEO plugin. -->","yoast_head_json":{"title":"B\u1ed9 c\u1ea5p li\u1ec7u rung tu\u1ef3 ch\u1ec9nh cho l\u00f2 xo - Nh\u00e0 s\u1ea3n xu\u1ea5t m\u00e1y c\u1ea5p li\u1ec7u c\u00f4ng nghi\u1ec7p","description":"Ph\u1ec5u rung SWOER chuy\u00ean d\u1ee5ng cho l\u00f2 xo: Thi\u1ebft k\u1ebf \u0111\u01b0\u1eddng d\u1eabn ch\u1ed1ng r\u1ed1i, c\u1ea5p li\u1ec7u \u1ed5n \u0111\u1ecbnh v\u00e0 kh\u00f4ng k\u1eb9t. T\u00f9y ch\u1ec9nh theo k\u00edch th\u01b0\u1edbc, t\u00edch h\u1ee3p nhanh","robots":{"index":"index","follow":"follow","max-snippet":"max-snippet:-1","max-image-preview":"max-image-preview:large","max-video-preview":"max-video-preview:-1"},"canonical":"https:\/\/swoer.vn\/th\/manufacturer\/bo-cap-lieu-rung-tuy-chinh-cho-lo-xo\/","og_locale":"th_TH","og_type":"article","og_title":"B\u1ed9 c\u1ea5p li\u1ec7u rung tu\u1ef3 ch\u1ec9nh cho l\u00f2 xo - Nh\u00e0 s\u1ea3n xu\u1ea5t m\u00e1y c\u1ea5p li\u1ec7u c\u00f4ng nghi\u1ec7p","og_description":"Ph\u1ec5u rung SWOER chuy\u00ean d\u1ee5ng cho l\u00f2 xo: Thi\u1ebft k\u1ebf \u0111\u01b0\u1eddng d\u1eabn ch\u1ed1ng r\u1ed1i, c\u1ea5p li\u1ec7u \u1ed5n \u0111\u1ecbnh v\u00e0 kh\u00f4ng k\u1eb9t. T\u00f9y ch\u1ec9nh theo k\u00edch th\u01b0\u1edbc, t\u00edch h\u1ee3p nhanh","og_url":"https:\/\/swoer.vn\/th\/manufacturer\/bo-cap-lieu-rung-tuy-chinh-cho-lo-xo\/","og_site_name":"Nh\u00e0 s\u1ea3n xu\u1ea5t m\u00e1y c\u1ea5p li\u1ec7u c\u00f4ng nghi\u1ec7p","article_modified_time":"2026-04-08T03:42:47+00:00","og_image":[{"width":800,"height":800,"url":"https:\/\/swoer.vn\/wp-content\/uploads\/2026\/04\/BO-CAP-LIEU-RUNG-TUY-CHINH-CHO-LO-XO.png","type":"image\/png"}],"twitter_card":"summary_large_image","twitter_misc":{"Est. reading time":"2 \u0e19\u0e32\u0e17\u0e35"},"schema":{"@context":"https:\/\/schema.org","@graph":[{"@type":"WebPage","@id":"https:\/\/swoer.vn\/manufacturer\/bo-cap-lieu-rung-tuy-chinh-cho-lo-xo\/","url":"https:\/\/swoer.vn\/manufacturer\/bo-cap-lieu-rung-tuy-chinh-cho-lo-xo\/","name":"B\u1ed9 c\u1ea5p li\u1ec7u rung tu\u1ef3 ch\u1ec9nh cho l\u00f2 xo - Nh\u00e0 s\u1ea3n xu\u1ea5t m\u00e1y c\u1ea5p li\u1ec7u c\u00f4ng nghi\u1ec7p","isPartOf":{"@id":"https:\/\/swoer.vn\/#website"},"primaryImageOfPage":{"@id":"https:\/\/swoer.vn\/manufacturer\/bo-cap-lieu-rung-tuy-chinh-cho-lo-xo\/#primaryimage"},"image":{"@id":"https:\/\/swoer.vn\/manufacturer\/bo-cap-lieu-rung-tuy-chinh-cho-lo-xo\/#primaryimage"},"thumbnailUrl":"https:\/\/swoer.vn\/wp-content\/uploads\/2026\/04\/BO-CAP-LIEU-RUNG-TUY-CHINH-CHO-LO-XO.png","datePublished":"2026-04-08T03:42:46+00:00","dateModified":"2026-04-08T03:42:47+00:00","description":"Ph\u1ec5u rung SWOER chuy\u00ean d\u1ee5ng cho l\u00f2 xo: Thi\u1ebft k\u1ebf \u0111\u01b0\u1eddng d\u1eabn ch\u1ed1ng r\u1ed1i, c\u1ea5p li\u1ec7u \u1ed5n \u0111\u1ecbnh v\u00e0 kh\u00f4ng k\u1eb9t. T\u00f9y ch\u1ec9nh theo k\u00edch th\u01b0\u1edbc, t\u00edch h\u1ee3p nhanh","breadcrumb":{"@id":"https:\/\/swoer.vn\/manufacturer\/bo-cap-lieu-rung-tuy-chinh-cho-lo-xo\/#breadcrumb"},"inLanguage":"th","potentialAction":[{"@type":"ReadAction","target":["https:\/\/swoer.vn\/manufacturer\/bo-cap-lieu-rung-tuy-chinh-cho-lo-xo\/"]}]},{"@type":"ImageObject","inLanguage":"th","@id":"https:\/\/swoer.vn\/manufacturer\/bo-cap-lieu-rung-tuy-chinh-cho-lo-xo\/#primaryimage","url":"https:\/\/swoer.vn\/wp-content\/uploads\/2026\/04\/BO-CAP-LIEU-RUNG-TUY-CHINH-CHO-LO-XO.png","contentUrl":"https:\/\/swoer.vn\/wp-content\/uploads\/2026\/04\/BO-CAP-LIEU-RUNG-TUY-CHINH-CHO-LO-XO.png","width":800,"height":800,"caption":"BO\u0323\u0302 CA\u0302\u0301P LIE\u0323\u0302U RUNG TUY\u0300 CHI\u0309NH CHO LO\u0300 XO\u0300"},{"@type":"BreadcrumbList","@id":"https:\/\/swoer.vn\/manufacturer\/bo-cap-lieu-rung-tuy-chinh-cho-lo-xo\/#breadcrumb","itemListElement":[{"@type":"ListItem","position":1,"name":"Home","item":"https:\/\/swoer.vn\/"},{"@type":"ListItem","position":2,"name":"S\u1ea3n ph\u1ea9m","item":"https:\/\/swoer.vn\/shop\/"},{"@type":"ListItem","position":3,"name":"B\u1ed9 c\u1ea5p li\u1ec7u rung tu\u1ef3 ch\u1ec9nh cho l\u00f2 xo"}]},{"@type":"WebSite","@id":"https:\/\/swoer.vn\/#website","url":"https:\/\/swoer.vn\/","name":"\u0e1c\u0e39\u0e49\u0e1c\u0e25\u0e34\u0e15\u0e40\u0e04\u0e23\u0e37\u0e48\u0e2d\u0e07\u0e1b\u0e49\u0e2d\u0e19\u0e2d\u0e32\u0e2b\u0e32\u0e23\u0e2d\u0e38\u0e15\u0e2a\u0e32\u0e2b\u0e01\u0e23\u0e23\u0e21","description":"\u0e08\u0e33\u0e2b\u0e19\u0e48\u0e32\u0e22\u0e2b\u0e38\u0e48\u0e19\u0e22\u0e19\u0e15\u0e4c \u0e40\u0e04\u0e23\u0e37\u0e48\u0e2d\u0e07\u0e1b\u0e49\u0e2d\u0e19\u0e41\u0e1a\u0e1a\u0e22\u0e37\u0e14\u0e2b\u0e22\u0e38\u0e48\u0e19 \u0e40\u0e04\u0e23\u0e37\u0e48\u0e2d\u0e07\u0e1b\u0e49\u0e2d\u0e19\u0e41\u0e1a\u0e1a\u0e41\u0e23\u0e07\u0e40\u0e2b\u0e27\u0e35\u0e48\u0e22\u0e07 \u0e40\u0e04\u0e23\u0e37\u0e48\u0e2d\u0e07\u0e1b\u0e49\u0e2d\u0e19\u0e41\u0e1a\u0e1a\u0e2a\u0e31\u0e48\u0e19\u0e2d\u0e31\u0e15\u0e42\u0e19\u0e21\u0e31\u0e15\u0e34","potentialAction":[{"@type":"SearchAction","target":{"@type":"EntryPoint","urlTemplate":"https:\/\/swoer.vn\/?s={search_term_string}"},"query-input":{"@type":"PropertyValueSpecification","valueRequired":true,"valueName":"search_term_string"}}],"inLanguage":"th"}]}},"_links":{"self":[{"href":"https:\/\/swoer.vn\/th\/wp-json\/wp\/v2\/product\/8264","targetHints":{"allow":["GET"]}}],"collection":[{"href":"https:\/\/swoer.vn\/th\/wp-json\/wp\/v2\/product"}],"about":[{"href":"https:\/\/swoer.vn\/th\/wp-json\/wp\/v2\/types\/product"}],"replies":[{"embeddable":true,"href":"https:\/\/swoer.vn\/th\/wp-json\/wp\/v2\/comments?post=8264"}],"wp:featuredmedia":[{"embeddable":true,"href":"https:\/\/swoer.vn\/th\/wp-json\/wp\/v2\/media\/8265"}],"wp:attachment":[{"href":"https:\/\/swoer.vn\/th\/wp-json\/wp\/v2\/media?parent=8264"}],"wp:term":[{"taxonomy":"product_brand","embeddable":true,"href":"https:\/\/swoer.vn\/th\/wp-json\/wp\/v2\/product_brand?post=8264"},{"taxonomy":"product_cat","embeddable":true,"href":"https:\/\/swoer.vn\/th\/wp-json\/wp\/v2\/product_cat?post=8264"},{"taxonomy":"product_tag","embeddable":true,"href":"https:\/\/swoer.vn\/th\/wp-json\/wp\/v2\/product_tag?post=8264"}],"curies":[{"name":"wp","href":"https:\/\/api.w.org\/{rel}","templated":true}]}}