{"id":4964,"date":"2025-10-02T14:34:06","date_gmt":"2025-10-02T07:34:06","guid":{"rendered":"https:\/\/swoer.vn\/?post_type=product&#038;p=4964"},"modified":"2025-10-02T14:34:06","modified_gmt":"2025-10-02T07:34:06","slug":"may-cap-lieu-rung-cho-vong-cao-su","status":"publish","type":"product","link":"https:\/\/swoer.vn\/th\/manufacturer\/may-cap-lieu-rung-cho-vong-cao-su\/","title":{"rendered":"M\u00e1y c\u1ea5p li\u1ec7u rung cho v\u00f2ng cao su"},"content":{"rendered":"<h2><span style=\"font-weight: 400;\">\u0e02\u0e49\u0e2d\u0e21\u0e39\u0e25\u0e08\u0e33\u0e40\u0e1e\u0e32\u0e30\u0e1c\u0e25\u0e34\u0e15\u0e20\u0e31\u0e13\u0e11\u0e4c :<\/span><\/h2>\n<table>\n<tbody>\n<tr>\n<td><span style=\"font-weight: 400;\">M\u00e3 s\u1ea3n ph\u1ea9m<\/span><\/td>\n<td><span style=\"font-weight: 400;\">Rubbering Bowl Feeder<\/span><\/td>\n<\/tr>\n<tr>\n<td><span style=\"font-weight: 400;\">C\u00f4ng su\u1ea5t \u0111\u1ed9ng c\u01a1 (kW)<\/span><\/td>\n<td><span style=\"font-weight: 400;\">1 \u0111\u1ebfn 10<\/span><\/td>\n<\/tr>\n<tr>\n<td><span style=\"font-weight: 400;\">Movement Mode\u00a0<\/span><\/td>\n<td><span style=\"font-weight: 400;\">Linear<\/span><\/td>\n<\/tr>\n<tr>\n<td><span style=\"font-weight: 400;\">After-sales Service<\/span><\/td>\n<td><span style=\"font-weight: 400;\">Support<\/span><\/td>\n<\/tr>\n<tr>\n<td><span style=\"font-weight: 400;\">Max Feeding (mm)<\/span><\/td>\n<td><span style=\"font-weight: 400;\">Customized<\/span><\/td>\n<\/tr>\n<tr>\n<td><span style=\"font-weight: 400;\">Chute Size (mm)<\/span><\/td>\n<td><span style=\"font-weight: 400;\">Customized<\/span><\/td>\n<\/tr>\n<tr>\n<td><span style=\"font-weight: 400;\">Nh\u00e3n hi\u1ec7u<\/span><\/td>\n<td><span style=\"font-weight: 400;\">\u0e2a\u0e27\u0e2d\u0e40\u0e2d\u0e2d\u0e23\u0e4c<\/span><\/td>\n<\/tr>\n<tr>\n<td><span style=\"font-weight: 400;\">S\u1ee9c ch\u1ee9a (t\/h)<\/span><\/td>\n<td><span style=\"font-weight: 400;\">80 &#8211; 150<\/span><\/td>\n<\/tr>\n<tr>\n<td><span style=\"font-weight: 400;\">\u0e1e\u0e34\u0e21\u0e1e\u0e4c<\/span><\/td>\n<td><span style=\"font-weight: 400;\">M\u00e1y rung \u0111i\u1ec7n t\u1eeb<\/span><\/td>\n<\/tr>\n<tr>\n<td><span style=\"font-weight: 400;\">Lead Time<\/span><\/td>\n<td><span style=\"font-weight: 400;\">7 &#8211; 14 ng\u00e0y<\/span><\/td>\n<\/tr>\n<tr>\n<td><span style=\"font-weight: 400;\">Appearance<\/span><\/td>\n<td><span style=\"font-weight: 400;\">Open-type<\/span><\/td>\n<\/tr>\n<tr>\n<td><span style=\"font-weight: 400;\">Warranty<\/span><\/td>\n<td><span style=\"font-weight: 400;\">\u0e2b\u0e19\u0e36\u0e48\u0e07\u0e1b\u0e35<\/span><\/td>\n<\/tr>\n<tr>\n<td><span style=\"font-weight: 400;\">Installation Slope<\/span><\/td>\n<td><span style=\"font-weight: 400;\">Customized<\/span><\/td>\n<\/tr>\n<tr>\n<td><span style=\"font-weight: 400;\">Overall Dimension<\/span><\/td>\n<td><span style=\"font-weight: 400;\">Customized<\/span><\/td>\n<\/tr>\n<tr>\n<td><span style=\"font-weight: 400;\">Xu\u1ea5t x\u1ee9<\/span><\/td>\n<td><span style=\"font-weight: 400;\">\u0e08\u0e35\u0e19<\/span><\/td>\n<\/tr>\n<tr>\n<td><span style=\"font-weight: 400;\">Th\u1ec3 t\u00edch<\/span><\/td>\n<td><span style=\"font-weight: 400;\">0 &#8211; 260V<\/span><\/td>\n<\/tr>\n<tr>\n<td><span style=\"font-weight: 400;\">\u0e04\u0e27\u0e32\u0e21\u0e16\u0e35\u0e48<\/span><\/td>\n<td><span style=\"font-weight: 400;\">40 &#8211; 400 Hz<\/span><\/td>\n<\/tr>\n<tr>\n<td><span style=\"font-weight: 400;\">Feedate<\/span><\/td>\n<td><span style=\"font-weight: 400;\">50 &#8211; 55 pcs\/ph\u00fat<\/span><\/td>\n<\/tr>\n<\/tbody>\n<\/table>\n<h2><span style=\"font-weight: 400;\">\u0e04\u0e38\u0e13\u0e2a\u0e21\u0e1a\u0e31\u0e15\u0e34:<\/span><\/h2>\n<ul>\n<li style=\"font-weight: 400;\" aria-level=\"1\"><span style=\"font-weight: 400;\">L\u1ef1c rung v\u00e0 c\u00f4ng su\u1ea5t th\u00fa v\u1ecb ph\u00f9 h\u1ee3p, l\u1ef1c rung r\u1ea5t l\u1edbn, tr\u1ecdng l\u01b0\u1ee3ng c\u1ee7a c\u01a1 th\u1ec3 nh\u1eb9, \u00e2m l\u01b0\u1ee3ng nh\u1ecf, ti\u1ebfng \u1ed3n c\u01a1 kh\u00ed th\u1ea5p.<\/span><\/li>\n<li style=\"font-weight: 400;\" aria-level=\"1\"><span style=\"font-weight: 400;\">T\u1ea7n s\u1ed1 rung linh ho\u1ea1t v\u00e0 c\u00f3 th\u1ec3 \u0111i\u1ec1u ch\u1ec9nh.<\/span><\/li>\n<li style=\"font-weight: 400;\" aria-level=\"1\"><span style=\"font-weight: 400;\">C\u00f3 th\u1ec3 tu\u1ef3 ch\u1ec9nh nhi\u1ec1u ki\u1ec3u m\u00e1y kh\u00e1c nhau.<\/span><\/li>\n<li style=\"font-weight: 400;\" aria-level=\"1\"><span style=\"font-weight: 400;\">SWOER c\u00f3 c\u00f4ng ngh\u1ec7 ch\u1ed1ng d\u1ea7u \u0111\u1ed9c quy\u1ec1n ri\u00eang, c\u00f3 th\u1ec3 gi\u00fap b\u1ea1n ng\u0103n ch\u1eb7n hi\u1ec7u qu\u1ea3 v\u1ea5n \u0111\u1ec1 d\u1ea7u.<\/span><\/li>\n<\/ul>\n<h2><span style=\"font-weight: 400;\">Quy tr\u00ecnh mua h\u00e0ng:<\/span><\/h2>\n<h3><span style=\"font-weight: 400;\">B\u01b0\u1edbc 1:<\/span><\/h3>\n<ol>\n<li><span style=\"font-weight: 400;\"> Ng\u01b0\u1eddi mua cung c\u1ea5p h\u00ecnh \u1ea3nh v\u1eadt l\u00fd, k\u00edch c\u1ee1 v\u00e0 v\u1eadt li\u1ec7u.<\/span><\/li>\n<li><span style=\"font-weight: 400;\"> Ng\u01b0\u1eddi mua cung c\u1ea5p \u0111\u01a1n h\u00e0ng v\u00e0 h\u01b0\u1edbng d\u1eabn x\u1ea3 v\u1eadt li\u1ec7u.<\/span><\/li>\n<li><span style=\"font-weight: 400;\"> Ng\u01b0\u1eddi mua cung c\u1ea5p t\u1ed1c \u0111\u1ed9 x\u1ea3.<\/span><\/li>\n<li><span style=\"font-weight: 400;\"> Ng\u01b0\u1ee3c chi\u1ec1u kim \u0111\u1ed3ng h\u1ed3 ho\u1eb7c theo chi\u1ec1u kim \u0111\u1ed3ng h\u1ed3.<\/span><\/li>\n<li><span style=\"font-weight: 400;\"> X\u00e1c nh\u1eadn n\u1ebfu b\u1ea1n c\u1ea7n khay n\u1ea1p tuy\u1ebfn t\u00ednh, ph\u1ec5u h\u1ee9ng, b\u1ea3ng \u0111\u1ee1 v\u00e0 n\u1eafp ch\u1ed1ng \u00e2m thanh.<\/span><\/li>\n<\/ol>\n<h3><span style=\"font-weight: 400;\">B\u01b0\u1edbc 2: Ph\u1ea3n h\u1ed3i v\u1ec1 \u0111\u00e1nh gi\u00e1 c\u1ee7a ng\u01b0\u1eddi b\u00e1n<\/span><\/h3>\n<p><span style=\"font-weight: 400;\">V\u1eadt li\u1ec7u (tr\u1ea3 l\u1ea1i cho ng\u01b0\u1eddi mua c\u00f3 khay n\u1ea1p rung) ph\u1ea3i \u0111\u01b0\u1ee3c s\u1eed d\u1ee5ng \u0111\u1ec3 \u0111i\u1ec1u ch\u1ec9nh khay n\u1ea1p rung.<\/span><\/p>\n<h3><span style=\"font-weight: 400;\">B\u01b0\u1edbc 3: Sau khi thanh to\u00e1n v\u00e0 giao h\u00e0ng<\/span><\/h3>\n<ol>\n<li><span style=\"font-weight: 400;\"> Ng\u01b0\u1eddi b\u00e1n b\u1eaft \u0111\u1ea7u \u0111\u1eb7t h\u00e0ng v\u00e0 th\u1ef1c hi\u1ec7n thanh to\u00e1n kh\u00f4ng tr\u1ea3 ti\u1ec1n.<\/span><\/li>\n<li><span style=\"font-weight: 400;\"> Quay video tr\u00ean m\u00e1y ki\u1ec3m tra.<\/span><\/li>\n<li><span style=\"font-weight: 400;\"> Ng\u01b0\u1eddi mua h\u00e0i l\u00f2ng v\u00e0 th\u1ef1c hi\u1ec7n thanh to\u00e1n cu\u1ed1i c\u00f9ng.<\/span><\/li>\n<li><span style=\"font-weight: 400;\"> Ng\u01b0\u1eddi b\u00e1n \u0111\u00f3ng g\u00f3i c\u00e1c h\u1ed9p g\u1ed7 v\u00e0 giao h\u00e0ng b\u1eb1ng h\u1eadu c\u1ea7n.<\/span><\/li>\n<\/ol>","protected":false},"excerpt":{"rendered":"<div id=\"02471bdb3a941f3f\" class=\"conversation-container message-actions-hover-boundary ng-star-inserted\">\n<div>\n<div class=\"response-container ng-tns-c3570656371-237 response-container-with-gpi is-mobile ng-star-inserted response-container-has-multiple-responses\" data-hveid=\"1\">\n<div class=\"presented-response-container ng-tns-c3570656371-237\">\n<div class=\"response-container-content ng-tns-c3570656371-237 is-mobile\">\n<div class=\"response-content ng-tns-c3570656371-237\">\n<div id=\"model-response-message-contentr_02471bdb3a941f3f\" class=\"markdown markdown-main-panel enable-updated-hr-color\" dir=\"ltr\">\n<p><b>M\u00e1y c\u1ea5p li\u1ec7u rung cho v\u00f2ng cao su<\/b> c\u1ee7a SWOER l\u00e0 gi\u1ea3i ph\u00e1p thi\u1ebft k\u1ebf ri\u00eang \u0111\u1ec3 x\u1eed l\u00fd c\u00e1c chi ti\u1ebft m\u1ec1m, c\u00f3 t\u00ednh ma s\u00e1t cao v\u00e0 d\u1ec5 b\u1ecb d\u00ednh nh\u01b0 v\u00f2ng cao su (O-rings) v\u00e0 gio\u0103ng. Kh\u00e1c bi\u1ec7t v\u1edbi m\u00e1y rung ti\u00eau chu\u1ea9n, m\u00e1y n\u00e0y \u0111\u01b0\u1ee3c trang b\u1ecb <b>l\u1edbp ph\u1ee7 b\u1ec1 m\u1eb7t chuy\u00ean d\u1ee5ng (th\u01b0\u1eddng l\u00e0 Teflon)<\/b> v\u00e0 s\u1eed d\u1ee5ng c\u01a1 ch\u1ebf rung \u0111\u1ed9ng \u0111\u01b0\u1ee3c \u0111i\u1ec1u ch\u1ec9nh \u0111\u1ec3 <b>gi\u1ea3m thi\u1ec3u ma s\u00e1t v\u00e0 ng\u0103n ng\u1eeba v\u00f2ng cao su b\u1ecb d\u00ednh, bi\u1ebfn d\u1ea1ng ho\u1eb7c ch\u1ed3ng l\u00ean nhau<\/b>. \u0110i\u1ec1u n\u00e0y \u0111\u1ea3m b\u1ea3o m\u1ed7i v\u00f2ng cao su \u0111\u01b0\u1ee3c <b>t\u00e1ch r\u1eddi, \u0111\u1ecbnh h\u01b0\u1edbng ch\u00ednh x\u00e1c<\/b> v\u00e0 c\u1ea5p ra ngo\u00e0i m\u1ed9t c\u00e1ch li\u00ean t\u1ee5c v\u1edbi t\u1ed1c \u0111\u1ed9 cao. \u0110\u00e2y l\u00e0 thi\u1ebft b\u1ecb kh\u00f4ng th\u1ec3 thi\u1ebfu trong c\u00e1c ng\u00e0nh \u0111\u00f2i h\u1ecfi \u0111\u1ed9 k\u00edn tuy\u1ec7t \u0111\u1ed1i nh\u01b0 \u00f4 t\u00f4, y t\u1ebf v\u00e0 thi\u1ebft b\u1ecb th\u1ee7y l\u1ef1c, gi\u00fap quy tr\u00ecnh l\u1eafp r\u00e1p t\u1ef1 \u0111\u1ed9ng c\u1ee7a b\u1ea1n di\u1ec5n ra su\u00f4n s\u1ebb v\u00e0 \u0111\u00e1ng tin c\u1eady.<\/p>\n<\/div>\n<\/div>\n<\/div>\n<\/div>\n<\/div>\n<\/div>\n<\/div>","protected":false},"featured_media":4965,"comment_status":"open","ping_status":"closed","template":"","meta":[],"product_brand":[],"product_cat":[106],"product_tag":[172,107,166,102],"class_list":{"0":"post-4964","1":"product","2":"type-product","3":"status-publish","4":"has-post-thumbnail","6":"product_cat-mam-rung-cap-phoi","7":"product_tag-bo-cap-lieu-rung","8":"product_tag-may-cap-lieu-rung","9":"product_tag-pheu-rung","10":"product_tag-pheu-rung-cap-phoi","12":"first","13":"instock","14":"shipping-taxable","15":"product-type-simple"},"yoast_head":"<!-- This site is optimized with the Yoast SEO plugin v26.0 - https:\/\/yoast.com\/wordpress\/plugins\/seo\/ -->\n<title>M\u00e1y c\u1ea5p li\u1ec7u rung cho v\u00f2ng cao su - Nh\u00e0 s\u1ea3n xu\u1ea5t m\u00e1y c\u1ea5p li\u1ec7u c\u00f4ng nghi\u1ec7p<\/title>\n<meta name=\"description\" content=\"M\u00e1y c\u1ea5p li\u1ec7u rung cho v\u00f2ng cao su SWOER: Chuy\u00ean d\u1ee5ng c\u1ea5p li\u1ec7u v\u00f2ng O-ring\/gio\u0103ng cao su. Thi\u1ebft k\u1ebf t\u1ed1i \u01b0u ch\u1ed1ng d\u00ednh, ng\u0103n ng\u1eeba bi\u1ebfn d\u1ea1ng. \u0110\u1ea3m b\u1ea3o t\u1ed1c \u0111\u1ed9\" \/>\n<meta name=\"robots\" content=\"index, follow, max-snippet:-1, max-image-preview:large, max-video-preview:-1\" \/>\n<link rel=\"canonical\" href=\"https:\/\/swoer.vn\/th\/manufacturer\/may-cap-lieu-rung-cho-vong-cao-su\/\" \/>\n<meta property=\"og:locale\" content=\"th_TH\" \/>\n<meta property=\"og:type\" content=\"article\" \/>\n<meta property=\"og:title\" content=\"M\u00e1y c\u1ea5p li\u1ec7u rung cho v\u00f2ng cao su - Nh\u00e0 s\u1ea3n xu\u1ea5t m\u00e1y c\u1ea5p li\u1ec7u c\u00f4ng nghi\u1ec7p\" \/>\n<meta property=\"og:description\" content=\"M\u00e1y c\u1ea5p li\u1ec7u rung cho v\u00f2ng cao su SWOER: Chuy\u00ean d\u1ee5ng c\u1ea5p li\u1ec7u v\u00f2ng O-ring\/gio\u0103ng cao su. Thi\u1ebft k\u1ebf t\u1ed1i \u01b0u ch\u1ed1ng d\u00ednh, ng\u0103n ng\u1eeba bi\u1ebfn d\u1ea1ng. \u0110\u1ea3m b\u1ea3o t\u1ed1c \u0111\u1ed9\" \/>\n<meta property=\"og:url\" content=\"https:\/\/swoer.vn\/th\/manufacturer\/may-cap-lieu-rung-cho-vong-cao-su\/\" \/>\n<meta property=\"og:site_name\" content=\"Nh\u00e0 s\u1ea3n xu\u1ea5t m\u00e1y c\u1ea5p li\u1ec7u c\u00f4ng nghi\u1ec7p\" \/>\n<meta property=\"og:image\" content=\"https:\/\/swoer.vn\/wp-content\/uploads\/2025\/10\/May-cap-lieu-rung-cho-vong-cao-su.png\" \/>\n\t<meta property=\"og:image:width\" content=\"800\" \/>\n\t<meta property=\"og:image:height\" content=\"800\" \/>\n\t<meta property=\"og:image:type\" content=\"image\/png\" \/>\n<meta name=\"twitter:card\" content=\"summary_large_image\" \/>\n<meta name=\"twitter:label1\" content=\"Est. reading time\" \/>\n\t<meta name=\"twitter:data1\" content=\"2 \u0e19\u0e32\u0e17\u0e35\" \/>\n<script type=\"application\/ld+json\" class=\"yoast-schema-graph\">{\"@context\":\"https:\/\/schema.org\",\"@graph\":[{\"@type\":\"WebPage\",\"@id\":\"https:\/\/swoer.vn\/manufacturer\/may-cap-lieu-rung-cho-vong-cao-su\/\",\"url\":\"https:\/\/swoer.vn\/manufacturer\/may-cap-lieu-rung-cho-vong-cao-su\/\",\"name\":\"M\u00e1y c\u1ea5p li\u1ec7u rung cho v\u00f2ng cao su - Nh\u00e0 s\u1ea3n xu\u1ea5t m\u00e1y c\u1ea5p li\u1ec7u c\u00f4ng nghi\u1ec7p\",\"isPartOf\":{\"@id\":\"https:\/\/swoer.vn\/#website\"},\"primaryImageOfPage\":{\"@id\":\"https:\/\/swoer.vn\/manufacturer\/may-cap-lieu-rung-cho-vong-cao-su\/#primaryimage\"},\"image\":{\"@id\":\"https:\/\/swoer.vn\/manufacturer\/may-cap-lieu-rung-cho-vong-cao-su\/#primaryimage\"},\"thumbnailUrl\":\"https:\/\/swoer.vn\/wp-content\/uploads\/2025\/10\/May-cap-lieu-rung-cho-vong-cao-su.png\",\"datePublished\":\"2025-10-02T07:34:06+00:00\",\"description\":\"M\u00e1y c\u1ea5p li\u1ec7u rung cho v\u00f2ng cao su SWOER: Chuy\u00ean d\u1ee5ng c\u1ea5p li\u1ec7u v\u00f2ng O-ring\/gio\u0103ng cao su. Thi\u1ebft k\u1ebf t\u1ed1i \u01b0u ch\u1ed1ng d\u00ednh, ng\u0103n ng\u1eeba bi\u1ebfn d\u1ea1ng. \u0110\u1ea3m b\u1ea3o t\u1ed1c \u0111\u1ed9\",\"breadcrumb\":{\"@id\":\"https:\/\/swoer.vn\/manufacturer\/may-cap-lieu-rung-cho-vong-cao-su\/#breadcrumb\"},\"inLanguage\":\"th\",\"potentialAction\":[{\"@type\":\"ReadAction\",\"target\":[\"https:\/\/swoer.vn\/manufacturer\/may-cap-lieu-rung-cho-vong-cao-su\/\"]}]},{\"@type\":\"ImageObject\",\"inLanguage\":\"th\",\"@id\":\"https:\/\/swoer.vn\/manufacturer\/may-cap-lieu-rung-cho-vong-cao-su\/#primaryimage\",\"url\":\"https:\/\/swoer.vn\/wp-content\/uploads\/2025\/10\/May-cap-lieu-rung-cho-vong-cao-su.png\",\"contentUrl\":\"https:\/\/swoer.vn\/wp-content\/uploads\/2025\/10\/May-cap-lieu-rung-cho-vong-cao-su.png\",\"width\":800,\"height\":800,\"caption\":\"M\u00e1y c\u1ea5p li\u1ec7u rung cho v\u00f2ng cao su\"},{\"@type\":\"BreadcrumbList\",\"@id\":\"https:\/\/swoer.vn\/manufacturer\/may-cap-lieu-rung-cho-vong-cao-su\/#breadcrumb\",\"itemListElement\":[{\"@type\":\"ListItem\",\"position\":1,\"name\":\"Home\",\"item\":\"https:\/\/swoer.vn\/\"},{\"@type\":\"ListItem\",\"position\":2,\"name\":\"S\u1ea3n ph\u1ea9m\",\"item\":\"https:\/\/swoer.vn\/shop\/\"},{\"@type\":\"ListItem\",\"position\":3,\"name\":\"M\u00e1y c\u1ea5p li\u1ec7u rung cho v\u00f2ng cao su\"}]},{\"@type\":\"WebSite\",\"@id\":\"https:\/\/swoer.vn\/#website\",\"url\":\"https:\/\/swoer.vn\/\",\"name\":\"Nh\u00e0 s\u1ea3n xu\u1ea5t m\u00e1y c\u1ea5p li\u1ec7u c\u00f4ng nghi\u1ec7p\",\"description\":\"Nh\u00e0 cung c\u1ea5p robot, m\u00e1y c\u1ea5p li\u1ec7u linh ho\u1ea1t, m\u00e1y c\u1ea5p li\u1ec7u ly t\u00e2m, m\u00e1y c\u1ea5p li\u1ec7u rung t\u1ef1 \u0111\u1ed9ng\",\"potentialAction\":[{\"@type\":\"SearchAction\",\"target\":{\"@type\":\"EntryPoint\",\"urlTemplate\":\"https:\/\/swoer.vn\/?s={search_term_string}\"},\"query-input\":{\"@type\":\"PropertyValueSpecification\",\"valueRequired\":true,\"valueName\":\"search_term_string\"}}],\"inLanguage\":\"th\"}]}<\/script>\n<!-- \/ Yoast SEO plugin. -->","yoast_head_json":{"title":"M\u00e1y c\u1ea5p li\u1ec7u rung cho v\u00f2ng cao su - Nh\u00e0 s\u1ea3n xu\u1ea5t m\u00e1y c\u1ea5p li\u1ec7u c\u00f4ng nghi\u1ec7p","description":"M\u00e1y c\u1ea5p li\u1ec7u rung cho v\u00f2ng cao su SWOER: Chuy\u00ean d\u1ee5ng c\u1ea5p li\u1ec7u v\u00f2ng O-ring\/gio\u0103ng cao su. Thi\u1ebft k\u1ebf t\u1ed1i \u01b0u ch\u1ed1ng d\u00ednh, ng\u0103n ng\u1eeba bi\u1ebfn d\u1ea1ng. \u0110\u1ea3m b\u1ea3o t\u1ed1c \u0111\u1ed9","robots":{"index":"index","follow":"follow","max-snippet":"max-snippet:-1","max-image-preview":"max-image-preview:large","max-video-preview":"max-video-preview:-1"},"canonical":"https:\/\/swoer.vn\/th\/manufacturer\/may-cap-lieu-rung-cho-vong-cao-su\/","og_locale":"th_TH","og_type":"article","og_title":"M\u00e1y c\u1ea5p li\u1ec7u rung cho v\u00f2ng cao su - Nh\u00e0 s\u1ea3n xu\u1ea5t m\u00e1y c\u1ea5p li\u1ec7u c\u00f4ng nghi\u1ec7p","og_description":"M\u00e1y c\u1ea5p li\u1ec7u rung cho v\u00f2ng cao su SWOER: Chuy\u00ean d\u1ee5ng c\u1ea5p li\u1ec7u v\u00f2ng O-ring\/gio\u0103ng cao su. Thi\u1ebft k\u1ebf t\u1ed1i \u01b0u ch\u1ed1ng d\u00ednh, ng\u0103n ng\u1eeba bi\u1ebfn d\u1ea1ng. \u0110\u1ea3m b\u1ea3o t\u1ed1c \u0111\u1ed9","og_url":"https:\/\/swoer.vn\/th\/manufacturer\/may-cap-lieu-rung-cho-vong-cao-su\/","og_site_name":"Nh\u00e0 s\u1ea3n xu\u1ea5t m\u00e1y c\u1ea5p li\u1ec7u c\u00f4ng nghi\u1ec7p","og_image":[{"width":800,"height":800,"url":"https:\/\/swoer.vn\/wp-content\/uploads\/2025\/10\/May-cap-lieu-rung-cho-vong-cao-su.png","type":"image\/png"}],"twitter_card":"summary_large_image","twitter_misc":{"Est. reading time":"2 \u0e19\u0e32\u0e17\u0e35"},"schema":{"@context":"https:\/\/schema.org","@graph":[{"@type":"WebPage","@id":"https:\/\/swoer.vn\/manufacturer\/may-cap-lieu-rung-cho-vong-cao-su\/","url":"https:\/\/swoer.vn\/manufacturer\/may-cap-lieu-rung-cho-vong-cao-su\/","name":"M\u00e1y c\u1ea5p li\u1ec7u rung cho v\u00f2ng cao su - Nh\u00e0 s\u1ea3n xu\u1ea5t m\u00e1y c\u1ea5p li\u1ec7u c\u00f4ng nghi\u1ec7p","isPartOf":{"@id":"https:\/\/swoer.vn\/#website"},"primaryImageOfPage":{"@id":"https:\/\/swoer.vn\/manufacturer\/may-cap-lieu-rung-cho-vong-cao-su\/#primaryimage"},"image":{"@id":"https:\/\/swoer.vn\/manufacturer\/may-cap-lieu-rung-cho-vong-cao-su\/#primaryimage"},"thumbnailUrl":"https:\/\/swoer.vn\/wp-content\/uploads\/2025\/10\/May-cap-lieu-rung-cho-vong-cao-su.png","datePublished":"2025-10-02T07:34:06+00:00","description":"M\u00e1y c\u1ea5p li\u1ec7u rung cho v\u00f2ng cao su SWOER: Chuy\u00ean d\u1ee5ng c\u1ea5p li\u1ec7u v\u00f2ng O-ring\/gio\u0103ng cao su. Thi\u1ebft k\u1ebf t\u1ed1i \u01b0u ch\u1ed1ng d\u00ednh, ng\u0103n ng\u1eeba bi\u1ebfn d\u1ea1ng. \u0110\u1ea3m b\u1ea3o t\u1ed1c \u0111\u1ed9","breadcrumb":{"@id":"https:\/\/swoer.vn\/manufacturer\/may-cap-lieu-rung-cho-vong-cao-su\/#breadcrumb"},"inLanguage":"th","potentialAction":[{"@type":"ReadAction","target":["https:\/\/swoer.vn\/manufacturer\/may-cap-lieu-rung-cho-vong-cao-su\/"]}]},{"@type":"ImageObject","inLanguage":"th","@id":"https:\/\/swoer.vn\/manufacturer\/may-cap-lieu-rung-cho-vong-cao-su\/#primaryimage","url":"https:\/\/swoer.vn\/wp-content\/uploads\/2025\/10\/May-cap-lieu-rung-cho-vong-cao-su.png","contentUrl":"https:\/\/swoer.vn\/wp-content\/uploads\/2025\/10\/May-cap-lieu-rung-cho-vong-cao-su.png","width":800,"height":800,"caption":"M\u00e1y c\u1ea5p li\u1ec7u rung cho v\u00f2ng cao su"},{"@type":"BreadcrumbList","@id":"https:\/\/swoer.vn\/manufacturer\/may-cap-lieu-rung-cho-vong-cao-su\/#breadcrumb","itemListElement":[{"@type":"ListItem","position":1,"name":"Home","item":"https:\/\/swoer.vn\/"},{"@type":"ListItem","position":2,"name":"S\u1ea3n ph\u1ea9m","item":"https:\/\/swoer.vn\/shop\/"},{"@type":"ListItem","position":3,"name":"M\u00e1y c\u1ea5p li\u1ec7u rung cho v\u00f2ng cao su"}]},{"@type":"WebSite","@id":"https:\/\/swoer.vn\/#website","url":"https:\/\/swoer.vn\/","name":"\u0e1c\u0e39\u0e49\u0e1c\u0e25\u0e34\u0e15\u0e40\u0e04\u0e23\u0e37\u0e48\u0e2d\u0e07\u0e1b\u0e49\u0e2d\u0e19\u0e2d\u0e32\u0e2b\u0e32\u0e23\u0e2d\u0e38\u0e15\u0e2a\u0e32\u0e2b\u0e01\u0e23\u0e23\u0e21","description":"\u0e08\u0e33\u0e2b\u0e19\u0e48\u0e32\u0e22\u0e2b\u0e38\u0e48\u0e19\u0e22\u0e19\u0e15\u0e4c \u0e40\u0e04\u0e23\u0e37\u0e48\u0e2d\u0e07\u0e1b\u0e49\u0e2d\u0e19\u0e41\u0e1a\u0e1a\u0e22\u0e37\u0e14\u0e2b\u0e22\u0e38\u0e48\u0e19 \u0e40\u0e04\u0e23\u0e37\u0e48\u0e2d\u0e07\u0e1b\u0e49\u0e2d\u0e19\u0e41\u0e1a\u0e1a\u0e41\u0e23\u0e07\u0e40\u0e2b\u0e27\u0e35\u0e48\u0e22\u0e07 \u0e40\u0e04\u0e23\u0e37\u0e48\u0e2d\u0e07\u0e1b\u0e49\u0e2d\u0e19\u0e41\u0e1a\u0e1a\u0e2a\u0e31\u0e48\u0e19\u0e2d\u0e31\u0e15\u0e42\u0e19\u0e21\u0e31\u0e15\u0e34","potentialAction":[{"@type":"SearchAction","target":{"@type":"EntryPoint","urlTemplate":"https:\/\/swoer.vn\/?s={search_term_string}"},"query-input":{"@type":"PropertyValueSpecification","valueRequired":true,"valueName":"search_term_string"}}],"inLanguage":"th"}]}},"_links":{"self":[{"href":"https:\/\/swoer.vn\/th\/wp-json\/wp\/v2\/product\/4964","targetHints":{"allow":["GET"]}}],"collection":[{"href":"https:\/\/swoer.vn\/th\/wp-json\/wp\/v2\/product"}],"about":[{"href":"https:\/\/swoer.vn\/th\/wp-json\/wp\/v2\/types\/product"}],"replies":[{"embeddable":true,"href":"https:\/\/swoer.vn\/th\/wp-json\/wp\/v2\/comments?post=4964"}],"wp:featuredmedia":[{"embeddable":true,"href":"https:\/\/swoer.vn\/th\/wp-json\/wp\/v2\/media\/4965"}],"wp:attachment":[{"href":"https:\/\/swoer.vn\/th\/wp-json\/wp\/v2\/media?parent=4964"}],"wp:term":[{"taxonomy":"product_brand","embeddable":true,"href":"https:\/\/swoer.vn\/th\/wp-json\/wp\/v2\/product_brand?post=4964"},{"taxonomy":"product_cat","embeddable":true,"href":"https:\/\/swoer.vn\/th\/wp-json\/wp\/v2\/product_cat?post=4964"},{"taxonomy":"product_tag","embeddable":true,"href":"https:\/\/swoer.vn\/th\/wp-json\/wp\/v2\/product_tag?post=4964"}],"curies":[{"name":"wp","href":"https:\/\/api.w.org\/{rel}","templated":true}]}}