{"id":4921,"date":"2025-10-01T10:33:12","date_gmt":"2025-10-01T03:33:12","guid":{"rendered":"https:\/\/swoer.vn\/?post_type=product&#038;p=4921"},"modified":"2025-10-01T10:33:12","modified_gmt":"2025-10-01T03:33:12","slug":"may-dan-nhan-nghieng","status":"publish","type":"product","link":"https:\/\/swoer.vn\/th\/manufacturer\/may-dan-nhan-nghieng\/","title":{"rendered":"M\u00e1y d\u00e1n nh\u00e3n nghi\u00eang"},"content":{"rendered":"<h2><span style=\"font-weight: 400;\">M\u00e1y d\u00e1n nh\u00e3n nghi\u00eang<\/span><\/h2>\n<p><span style=\"font-weight: 400;\">\u0110\u00fang nh\u01b0 t\u00ean g\u1ecdi, \u0111\u1eb7c \u0111i\u1ec3m ch\u00ednh c\u1ee7a <\/span><b>M\u00e1y d\u00e1n nh\u00e3n nghi\u00eang<\/b><span style=\"font-weight: 400;\"> l\u00e0 s\u1ea3n ph\u1ea9m \u0111\u01b0\u1ee3c gi\u1eef \u1edf t\u01b0 th\u1ebf <\/span><b>&#8220;nghi\u00eang&#8221;<\/b><span style=\"font-weight: 400;\"> trong su\u1ed1t qu\u00e1 tr\u00ecnh d\u00e1n nh\u00e3n.<\/span><\/p>\n<p><span style=\"font-weight: 400;\">Thi\u1ebft b\u1ecb n\u00e0y s\u1eed d\u1ee5ng m\u1ed9t b\u0103ng t\u1ea3i nghi\u00eang (th\u01b0\u1eddng l\u00e0 d\u00e2y \u0111ai ho\u1eb7c con l\u0103n) \u0111\u1ec3 n\u00e2ng \u0111\u1ee1 v\u00e0 v\u1eadn chuy\u1ec3n s\u1ea3n ph\u1ea9m. \u0110\u1ea7u d\u00e1n nh\u00e3n \u0111\u01b0\u1ee3c l\u1eafp \u0111\u1eb7t \u0111\u1ec3 ph\u00f9 h\u1ee3p v\u1edbi g\u00f3c nghi\u00eang c\u1ee7a s\u1ea3n ph\u1ea9m, d\u00e1n nh\u00e3n ch\u00ednh x\u00e1c l\u00ean b\u1ec1 m\u1eb7t h\u01b0\u1edbng l\u00ean tr\u00ean c\u1ee7a s\u1ea3n ph\u1ea9m.<\/span><\/p>\n<p><b>Tr\u1ea1ng th\u00e1i l\u00e0m vi\u1ec7c c\u1ed1t l\u00f5i:<\/b><span style=\"font-weight: 400;\"> \u0e1c\u0e25\u0e34\u0e15\u0e20\u0e31\u0e13\u0e11\u0e4c <\/span><b>&#8220;n\u1eb1m&#8221;<\/b><span style=\"font-weight: 400;\"> tr\u00ean m\u1ed9t m\u1eb7t ph\u1eb3ng nghi\u00eang, di chuy\u1ec3n v\u1ec1 ph\u00eda tr\u01b0\u1edbc, \u0111\u1ed3ng th\u1eddi ho\u00e0n th\u00e0nh qu\u00e1 tr\u00ecnh d\u00e1n nh\u00e3n.<\/span><\/p>\n<h2><span style=\"font-weight: 400;\">C\u00e1c y\u1ebfu t\u1ed1 c\u1ea7n c\u00e2n nh\u1eafc khi l\u1ef1a ch\u1ecdn<\/span><\/h2>\n<p><span style=\"font-weight: 400;\">Khi l\u1ef1a ch\u1ecdn m\u00e1y d\u00e1n nh\u00e3n nghi\u00eang, b\u1ea1n c\u1ea7n xem x\u00e9t c\u00e1c \u0111i\u1ec3m sau:<\/span><\/p>\n<ul>\n<li style=\"font-weight: 400;\" aria-level=\"1\"><b>K\u00edch th\u01b0\u1edbc v\u00e0 h\u00ecnh d\u1ea1ng s\u1ea3n ph\u1ea9m:<\/b><span style=\"font-weight: 400;\"> Cung c\u1ea5p m\u1eabu s\u1ea3n ph\u1ea9m ch\u00ednh x\u00e1c (\u0111\u01b0\u1eddng k\u00ednh, chi\u1ec1u cao, h\u00ecnh d\u1ea1ng).<\/span><\/li>\n<li style=\"font-weight: 400;\" aria-level=\"1\"><b>Th\u00f4ng s\u1ed1 nh\u00e3n:<\/b><span style=\"font-weight: 400;\"> K\u00edch th\u01b0\u1edbc, ch\u1ea5t li\u1ec7u v\u00e0 \u0111\u01b0\u1eddng k\u00ednh l\u00f5i trong c\u1ee7a cu\u1ed9n nh\u00e3n.<\/span><\/li>\n<li style=\"font-weight: 400;\" aria-level=\"1\"><b>Y\u00eau c\u1ea7u d\u00e1n nh\u00e3n:<\/b><span style=\"font-weight: 400;\"> Y\u00eau c\u1ea7u v\u1ec1 v\u1ecb tr\u00ed d\u00e1n, \u0111\u1ed9 ch\u00ednh x\u00e1c v\u00e0 t\u1ed1c \u0111\u1ed9 (\u0111\u01a1n v\u1ecb: s\u1ea3n ph\u1ea9m\/ph\u00fat).<\/span><\/li>\n<li style=\"font-weight: 400;\" aria-level=\"1\"><b>M\u00f4i tr\u01b0\u1eddng s\u1ea3n xu\u1ea5t:<\/b><span style=\"font-weight: 400;\"> C\u00f3 c\u1ea7n thi\u1ebft k\u1ebf \u0111\u1eb7c bi\u1ec7t ch\u1ed1ng ch\u00e1y n\u1ed5, ch\u1ed1ng n\u01b0\u1edbc ho\u1eb7c c\u00e1c y\u00eau c\u1ea7u \u0111\u1eb7c bi\u1ec7t kh\u00e1c kh\u00f4ng.<\/span><\/li>\n<li style=\"font-weight: 400;\" aria-level=\"1\"><b>Kh\u1ea3 n\u0103ng m\u1edf r\u1ed9ng:<\/b><span style=\"font-weight: 400;\"> C\u00f3 c\u1ea7n k\u1ebft n\u1ed1i (li\u00ean \u0111\u1ed9ng) v\u1edbi c\u00e1c thi\u1ebft b\u1ecb kh\u00e1c tr\u00ean d\u00e2y chuy\u1ec1n s\u1ea3n xu\u1ea5t nh\u01b0 m\u00e1y chi\u1ebft r\u00f3t, m\u00e1y in phun, m\u00e1y \u0111\u00f3ng th\u00f9ng kh\u00f4ng.<\/span><\/li>\n<\/ul>","protected":false},"excerpt":{"rendered":"<p><span style=\"font-weight: 400;\">M\u00e1y d\u00e1n nh\u00e3n nghi\u00eang l\u00e0 m\u1ed9t gi\u1ea3i ph\u00e1p d\u00e1n nh\u00e3n t\u1ef1 \u0111\u1ed9ng \u0111\u01b0\u1ee3c thi\u1ebft k\u1ebf tinh t\u1ebf, \u1ed5n \u0111\u1ecbnh v\u00e0 hi\u1ec7u qu\u1ea3 cao, \u0111\u1eb7c bi\u1ec7t c\u00f3 <\/span><b>l\u1ee3i th\u1ebf kh\u00f4ng th\u1ec3 thay th\u1ebf<\/b><span style=\"font-weight: 400;\"> khi x\u1eed l\u00fd c\u00e1c s\u1ea3n ph\u1ea9m h\u00ecnh tr\u1ee5 ho\u1eb7c c\u00e1c s\u1ea3n ph\u1ea9m <\/span><b>d\u1ec5 l\u0103n<\/b><span style=\"font-weight: 400;\">. \u0110\u00e2y l\u00e0 m\u1ed9t trong nh\u1eefng thi\u1ebft b\u1ecb then ch\u1ed1t \u0111\u1ec3 t\u1ef1 \u0111\u1ed9ng h\u00f3a vi\u1ec7c nh\u1eadn di\u1ec7n s\u1ea3n ph\u1ea9m, n\u00e2ng cao hi\u1ec7u su\u1ea5t v\u00e0 ch\u1ea5t l\u01b0\u1ee3ng \u0111\u00f3ng g\u00f3i trong c\u00e1c d\u00e2y chuy\u1ec1n s\u1ea3n xu\u1ea5t hi\u1ec7n \u0111\u1ea1i.<\/span><\/p>","protected":false},"featured_media":4923,"comment_status":"open","ping_status":"closed","template":"","meta":[],"product_brand":[],"product_cat":[149],"product_tag":[195,143,144],"class_list":{"0":"post-4921","1":"product","2":"type-product","3":"status-publish","4":"has-post-thumbnail","6":"product_cat-may-dan-nhan-tu-dong","7":"product_tag-may-dan-mang","8":"product_tag-may-dan-nhan","9":"product_tag-may-dan-nhan-tu-dong","11":"first","12":"instock","13":"shipping-taxable","14":"product-type-simple"},"yoast_head":"<!-- This site is optimized with the Yoast SEO plugin v26.0 - https:\/\/yoast.com\/wordpress\/plugins\/seo\/ -->\n<title>M\u00e1y d\u00e1n nh\u00e3n nghi\u00eang - Nh\u00e0 s\u1ea3n xu\u1ea5t m\u00e1y c\u1ea5p li\u1ec7u c\u00f4ng nghi\u1ec7p<\/title>\n<meta name=\"description\" content=\"M\u00e1y d\u00e1n nh\u00e3n nghi\u00eang: Chuy\u00ean d\u00e1n nh\u00e3n cho s\u1ea3n ph\u1ea9m c\u00f3 b\u1ec1 m\u1eb7t kh\u00f4ng \u1ed5n \u0111\u1ecbnh ho\u1eb7c y\u00eau c\u1ea7u g\u00f3c d\u00e1n \u0111\u1eb7c bi\u1ec7t. T\u1ef1 \u0111\u1ed9ng \u0111i\u1ec1u ch\u1ec9nh g\u00f3c nghi\u00eang b\u0103ng t\u1ea3i, \u0111\u1ea3m b\u1ea3o nh\u00e3n ph\u1eb3ng\" \/>\n<meta name=\"robots\" content=\"index, follow, max-snippet:-1, max-image-preview:large, max-video-preview:-1\" \/>\n<link rel=\"canonical\" href=\"https:\/\/swoer.vn\/th\/manufacturer\/may-dan-nhan-nghieng\/\" \/>\n<meta property=\"og:locale\" content=\"th_TH\" \/>\n<meta property=\"og:type\" content=\"article\" \/>\n<meta property=\"og:title\" content=\"M\u00e1y d\u00e1n nh\u00e3n nghi\u00eang - Nh\u00e0 s\u1ea3n xu\u1ea5t m\u00e1y c\u1ea5p li\u1ec7u c\u00f4ng nghi\u1ec7p\" \/>\n<meta property=\"og:description\" content=\"M\u00e1y d\u00e1n nh\u00e3n nghi\u00eang: Chuy\u00ean d\u00e1n nh\u00e3n cho s\u1ea3n ph\u1ea9m c\u00f3 b\u1ec1 m\u1eb7t kh\u00f4ng \u1ed5n \u0111\u1ecbnh ho\u1eb7c y\u00eau c\u1ea7u g\u00f3c d\u00e1n \u0111\u1eb7c bi\u1ec7t. T\u1ef1 \u0111\u1ed9ng \u0111i\u1ec1u ch\u1ec9nh g\u00f3c nghi\u00eang b\u0103ng t\u1ea3i, \u0111\u1ea3m b\u1ea3o nh\u00e3n ph\u1eb3ng\" \/>\n<meta property=\"og:url\" content=\"https:\/\/swoer.vn\/th\/manufacturer\/may-dan-nhan-nghieng\/\" \/>\n<meta property=\"og:site_name\" content=\"Nh\u00e0 s\u1ea3n xu\u1ea5t m\u00e1y c\u1ea5p li\u1ec7u c\u00f4ng nghi\u1ec7p\" \/>\n<meta property=\"og:image\" content=\"https:\/\/swoer.vn\/wp-content\/uploads\/2025\/10\/MAY-DAN-NHAN-NGHIENG.png\" \/>\n\t<meta property=\"og:image:width\" content=\"800\" \/>\n\t<meta property=\"og:image:height\" content=\"800\" \/>\n\t<meta property=\"og:image:type\" content=\"image\/png\" \/>\n<meta name=\"twitter:card\" content=\"summary_large_image\" \/>\n<meta name=\"twitter:label1\" content=\"Est. reading time\" \/>\n\t<meta name=\"twitter:data1\" content=\"2 \u0e19\u0e32\u0e17\u0e35\" \/>\n<script type=\"application\/ld+json\" class=\"yoast-schema-graph\">{\"@context\":\"https:\/\/schema.org\",\"@graph\":[{\"@type\":\"WebPage\",\"@id\":\"https:\/\/swoer.vn\/manufacturer\/may-dan-nhan-nghieng\/\",\"url\":\"https:\/\/swoer.vn\/manufacturer\/may-dan-nhan-nghieng\/\",\"name\":\"M\u00e1y d\u00e1n nh\u00e3n nghi\u00eang - Nh\u00e0 s\u1ea3n xu\u1ea5t m\u00e1y c\u1ea5p li\u1ec7u c\u00f4ng nghi\u1ec7p\",\"isPartOf\":{\"@id\":\"https:\/\/swoer.vn\/#website\"},\"primaryImageOfPage\":{\"@id\":\"https:\/\/swoer.vn\/manufacturer\/may-dan-nhan-nghieng\/#primaryimage\"},\"image\":{\"@id\":\"https:\/\/swoer.vn\/manufacturer\/may-dan-nhan-nghieng\/#primaryimage\"},\"thumbnailUrl\":\"https:\/\/swoer.vn\/wp-content\/uploads\/2025\/10\/MAY-DAN-NHAN-NGHIENG.png\",\"datePublished\":\"2025-10-01T03:33:12+00:00\",\"description\":\"M\u00e1y d\u00e1n nh\u00e3n nghi\u00eang: Chuy\u00ean d\u00e1n nh\u00e3n cho s\u1ea3n ph\u1ea9m c\u00f3 b\u1ec1 m\u1eb7t kh\u00f4ng \u1ed5n \u0111\u1ecbnh ho\u1eb7c y\u00eau c\u1ea7u g\u00f3c d\u00e1n \u0111\u1eb7c bi\u1ec7t. T\u1ef1 \u0111\u1ed9ng \u0111i\u1ec1u ch\u1ec9nh g\u00f3c nghi\u00eang b\u0103ng t\u1ea3i, \u0111\u1ea3m b\u1ea3o nh\u00e3n ph\u1eb3ng\",\"breadcrumb\":{\"@id\":\"https:\/\/swoer.vn\/manufacturer\/may-dan-nhan-nghieng\/#breadcrumb\"},\"inLanguage\":\"th\",\"potentialAction\":[{\"@type\":\"ReadAction\",\"target\":[\"https:\/\/swoer.vn\/manufacturer\/may-dan-nhan-nghieng\/\"]}]},{\"@type\":\"ImageObject\",\"inLanguage\":\"th\",\"@id\":\"https:\/\/swoer.vn\/manufacturer\/may-dan-nhan-nghieng\/#primaryimage\",\"url\":\"https:\/\/swoer.vn\/wp-content\/uploads\/2025\/10\/MAY-DAN-NHAN-NGHIENG.png\",\"contentUrl\":\"https:\/\/swoer.vn\/wp-content\/uploads\/2025\/10\/MAY-DAN-NHAN-NGHIENG.png\",\"width\":800,\"height\":800,\"caption\":\"MA\u0301Y DA\u0301N NHA\u0303N NGHIE\u0302NG\"},{\"@type\":\"BreadcrumbList\",\"@id\":\"https:\/\/swoer.vn\/manufacturer\/may-dan-nhan-nghieng\/#breadcrumb\",\"itemListElement\":[{\"@type\":\"ListItem\",\"position\":1,\"name\":\"Home\",\"item\":\"https:\/\/swoer.vn\/\"},{\"@type\":\"ListItem\",\"position\":2,\"name\":\"S\u1ea3n ph\u1ea9m\",\"item\":\"https:\/\/swoer.vn\/shop\/\"},{\"@type\":\"ListItem\",\"position\":3,\"name\":\"M\u00e1y d\u00e1n nh\u00e3n nghi\u00eang\"}]},{\"@type\":\"WebSite\",\"@id\":\"https:\/\/swoer.vn\/#website\",\"url\":\"https:\/\/swoer.vn\/\",\"name\":\"Nh\u00e0 s\u1ea3n xu\u1ea5t m\u00e1y c\u1ea5p li\u1ec7u c\u00f4ng nghi\u1ec7p\",\"description\":\"Nh\u00e0 cung c\u1ea5p robot, m\u00e1y c\u1ea5p li\u1ec7u linh ho\u1ea1t, m\u00e1y c\u1ea5p li\u1ec7u ly t\u00e2m, m\u00e1y c\u1ea5p li\u1ec7u rung t\u1ef1 \u0111\u1ed9ng\",\"potentialAction\":[{\"@type\":\"SearchAction\",\"target\":{\"@type\":\"EntryPoint\",\"urlTemplate\":\"https:\/\/swoer.vn\/?s={search_term_string}\"},\"query-input\":{\"@type\":\"PropertyValueSpecification\",\"valueRequired\":true,\"valueName\":\"search_term_string\"}}],\"inLanguage\":\"th\"}]}<\/script>\n<!-- \/ Yoast SEO plugin. -->","yoast_head_json":{"title":"M\u00e1y d\u00e1n nh\u00e3n nghi\u00eang - Nh\u00e0 s\u1ea3n xu\u1ea5t m\u00e1y c\u1ea5p li\u1ec7u c\u00f4ng nghi\u1ec7p","description":"M\u00e1y d\u00e1n nh\u00e3n nghi\u00eang: Chuy\u00ean d\u00e1n nh\u00e3n cho s\u1ea3n ph\u1ea9m c\u00f3 b\u1ec1 m\u1eb7t kh\u00f4ng \u1ed5n \u0111\u1ecbnh ho\u1eb7c y\u00eau c\u1ea7u g\u00f3c d\u00e1n \u0111\u1eb7c bi\u1ec7t. T\u1ef1 \u0111\u1ed9ng \u0111i\u1ec1u ch\u1ec9nh g\u00f3c nghi\u00eang b\u0103ng t\u1ea3i, \u0111\u1ea3m b\u1ea3o nh\u00e3n ph\u1eb3ng","robots":{"index":"index","follow":"follow","max-snippet":"max-snippet:-1","max-image-preview":"max-image-preview:large","max-video-preview":"max-video-preview:-1"},"canonical":"https:\/\/swoer.vn\/th\/manufacturer\/may-dan-nhan-nghieng\/","og_locale":"th_TH","og_type":"article","og_title":"M\u00e1y d\u00e1n nh\u00e3n nghi\u00eang - Nh\u00e0 s\u1ea3n xu\u1ea5t m\u00e1y c\u1ea5p li\u1ec7u c\u00f4ng nghi\u1ec7p","og_description":"M\u00e1y d\u00e1n nh\u00e3n nghi\u00eang: Chuy\u00ean d\u00e1n nh\u00e3n cho s\u1ea3n ph\u1ea9m c\u00f3 b\u1ec1 m\u1eb7t kh\u00f4ng \u1ed5n \u0111\u1ecbnh ho\u1eb7c y\u00eau c\u1ea7u g\u00f3c d\u00e1n \u0111\u1eb7c bi\u1ec7t. T\u1ef1 \u0111\u1ed9ng \u0111i\u1ec1u ch\u1ec9nh g\u00f3c nghi\u00eang b\u0103ng t\u1ea3i, \u0111\u1ea3m b\u1ea3o nh\u00e3n ph\u1eb3ng","og_url":"https:\/\/swoer.vn\/th\/manufacturer\/may-dan-nhan-nghieng\/","og_site_name":"Nh\u00e0 s\u1ea3n xu\u1ea5t m\u00e1y c\u1ea5p li\u1ec7u c\u00f4ng nghi\u1ec7p","og_image":[{"width":800,"height":800,"url":"https:\/\/swoer.vn\/wp-content\/uploads\/2025\/10\/MAY-DAN-NHAN-NGHIENG.png","type":"image\/png"}],"twitter_card":"summary_large_image","twitter_misc":{"Est. reading time":"2 \u0e19\u0e32\u0e17\u0e35"},"schema":{"@context":"https:\/\/schema.org","@graph":[{"@type":"WebPage","@id":"https:\/\/swoer.vn\/manufacturer\/may-dan-nhan-nghieng\/","url":"https:\/\/swoer.vn\/manufacturer\/may-dan-nhan-nghieng\/","name":"M\u00e1y d\u00e1n nh\u00e3n nghi\u00eang - Nh\u00e0 s\u1ea3n xu\u1ea5t m\u00e1y c\u1ea5p li\u1ec7u c\u00f4ng nghi\u1ec7p","isPartOf":{"@id":"https:\/\/swoer.vn\/#website"},"primaryImageOfPage":{"@id":"https:\/\/swoer.vn\/manufacturer\/may-dan-nhan-nghieng\/#primaryimage"},"image":{"@id":"https:\/\/swoer.vn\/manufacturer\/may-dan-nhan-nghieng\/#primaryimage"},"thumbnailUrl":"https:\/\/swoer.vn\/wp-content\/uploads\/2025\/10\/MAY-DAN-NHAN-NGHIENG.png","datePublished":"2025-10-01T03:33:12+00:00","description":"M\u00e1y d\u00e1n nh\u00e3n nghi\u00eang: Chuy\u00ean d\u00e1n nh\u00e3n cho s\u1ea3n ph\u1ea9m c\u00f3 b\u1ec1 m\u1eb7t kh\u00f4ng \u1ed5n \u0111\u1ecbnh ho\u1eb7c y\u00eau c\u1ea7u g\u00f3c d\u00e1n \u0111\u1eb7c bi\u1ec7t. T\u1ef1 \u0111\u1ed9ng \u0111i\u1ec1u ch\u1ec9nh g\u00f3c nghi\u00eang b\u0103ng t\u1ea3i, \u0111\u1ea3m b\u1ea3o nh\u00e3n ph\u1eb3ng","breadcrumb":{"@id":"https:\/\/swoer.vn\/manufacturer\/may-dan-nhan-nghieng\/#breadcrumb"},"inLanguage":"th","potentialAction":[{"@type":"ReadAction","target":["https:\/\/swoer.vn\/manufacturer\/may-dan-nhan-nghieng\/"]}]},{"@type":"ImageObject","inLanguage":"th","@id":"https:\/\/swoer.vn\/manufacturer\/may-dan-nhan-nghieng\/#primaryimage","url":"https:\/\/swoer.vn\/wp-content\/uploads\/2025\/10\/MAY-DAN-NHAN-NGHIENG.png","contentUrl":"https:\/\/swoer.vn\/wp-content\/uploads\/2025\/10\/MAY-DAN-NHAN-NGHIENG.png","width":800,"height":800,"caption":"MA\u0301Y DA\u0301N NHA\u0303N NGHIE\u0302NG"},{"@type":"BreadcrumbList","@id":"https:\/\/swoer.vn\/manufacturer\/may-dan-nhan-nghieng\/#breadcrumb","itemListElement":[{"@type":"ListItem","position":1,"name":"Home","item":"https:\/\/swoer.vn\/"},{"@type":"ListItem","position":2,"name":"S\u1ea3n ph\u1ea9m","item":"https:\/\/swoer.vn\/shop\/"},{"@type":"ListItem","position":3,"name":"M\u00e1y d\u00e1n nh\u00e3n nghi\u00eang"}]},{"@type":"WebSite","@id":"https:\/\/swoer.vn\/#website","url":"https:\/\/swoer.vn\/","name":"\u0e1c\u0e39\u0e49\u0e1c\u0e25\u0e34\u0e15\u0e40\u0e04\u0e23\u0e37\u0e48\u0e2d\u0e07\u0e1b\u0e49\u0e2d\u0e19\u0e2d\u0e32\u0e2b\u0e32\u0e23\u0e2d\u0e38\u0e15\u0e2a\u0e32\u0e2b\u0e01\u0e23\u0e23\u0e21","description":"\u0e08\u0e33\u0e2b\u0e19\u0e48\u0e32\u0e22\u0e2b\u0e38\u0e48\u0e19\u0e22\u0e19\u0e15\u0e4c \u0e40\u0e04\u0e23\u0e37\u0e48\u0e2d\u0e07\u0e1b\u0e49\u0e2d\u0e19\u0e41\u0e1a\u0e1a\u0e22\u0e37\u0e14\u0e2b\u0e22\u0e38\u0e48\u0e19 \u0e40\u0e04\u0e23\u0e37\u0e48\u0e2d\u0e07\u0e1b\u0e49\u0e2d\u0e19\u0e41\u0e1a\u0e1a\u0e41\u0e23\u0e07\u0e40\u0e2b\u0e27\u0e35\u0e48\u0e22\u0e07 \u0e40\u0e04\u0e23\u0e37\u0e48\u0e2d\u0e07\u0e1b\u0e49\u0e2d\u0e19\u0e41\u0e1a\u0e1a\u0e2a\u0e31\u0e48\u0e19\u0e2d\u0e31\u0e15\u0e42\u0e19\u0e21\u0e31\u0e15\u0e34","potentialAction":[{"@type":"SearchAction","target":{"@type":"EntryPoint","urlTemplate":"https:\/\/swoer.vn\/?s={search_term_string}"},"query-input":{"@type":"PropertyValueSpecification","valueRequired":true,"valueName":"search_term_string"}}],"inLanguage":"th"}]}},"_links":{"self":[{"href":"https:\/\/swoer.vn\/th\/wp-json\/wp\/v2\/product\/4921","targetHints":{"allow":["GET"]}}],"collection":[{"href":"https:\/\/swoer.vn\/th\/wp-json\/wp\/v2\/product"}],"about":[{"href":"https:\/\/swoer.vn\/th\/wp-json\/wp\/v2\/types\/product"}],"replies":[{"embeddable":true,"href":"https:\/\/swoer.vn\/th\/wp-json\/wp\/v2\/comments?post=4921"}],"wp:featuredmedia":[{"embeddable":true,"href":"https:\/\/swoer.vn\/th\/wp-json\/wp\/v2\/media\/4923"}],"wp:attachment":[{"href":"https:\/\/swoer.vn\/th\/wp-json\/wp\/v2\/media?parent=4921"}],"wp:term":[{"taxonomy":"product_brand","embeddable":true,"href":"https:\/\/swoer.vn\/th\/wp-json\/wp\/v2\/product_brand?post=4921"},{"taxonomy":"product_cat","embeddable":true,"href":"https:\/\/swoer.vn\/th\/wp-json\/wp\/v2\/product_cat?post=4921"},{"taxonomy":"product_tag","embeddable":true,"href":"https:\/\/swoer.vn\/th\/wp-json\/wp\/v2\/product_tag?post=4921"}],"curies":[{"name":"wp","href":"https:\/\/api.w.org\/{rel}","templated":true}]}}