{"id":4919,"date":"2025-10-01T10:24:09","date_gmt":"2025-10-01T03:24:09","guid":{"rendered":"https:\/\/swoer.vn\/?post_type=product&#038;p=4919"},"modified":"2025-10-01T10:24:09","modified_gmt":"2025-10-01T03:24:09","slug":"may-kiem-tra-vit-oc-bang-cong-nghe-thi-giac","status":"publish","type":"product","link":"https:\/\/swoer.vn\/th\/manufacturer\/may-kiem-tra-vit-oc-bang-cong-nghe-thi-giac\/","title":{"rendered":"M\u00e1y ki\u1ec3m tra v\u00edt\/\u1ed1c b\u1eb1ng c\u00f4ng ngh\u1ec7 th\u1ecb gi\u00e1c"},"content":{"rendered":"<p><span style=\"font-weight: 400;\">M\u00e1y ki\u1ec3m tra v\u00edt\/\u1ed1c b\u1eb1ng c\u00f4ng ngh\u1ec7 th\u1ecb gi\u00e1c l\u00e0 m\u1ed9t thi\u1ebft b\u1ecb chuy\u00ean d\u1ee5ng, t\u00edch h\u1ee3p c\u00f4ng ngh\u1ec7 <\/span><b>Th\u1ecb gi\u00e1c m\u00e1y (Machine Vision)<\/b><span style=\"font-weight: 400;\"> \u0e41\u0e25\u0e30 <\/span><b>\u0110i\u1ec1u khi\u1ec3n t\u1ef1 \u0111\u1ed9ng<\/b><span style=\"font-weight: 400;\">.<\/span><\/p>\n<h2><span style=\"font-weight: 400;\">Nguy\u00ean l\u00fd ho\u1ea1t \u0111\u1ed9ng c\u1ed1t l\u00f5i<\/span><\/h2>\n<p><span style=\"font-weight: 400;\">Nguy\u00ean l\u00fd l\u00e0m vi\u1ec7c ch\u00ednh c\u1ee7a m\u00e1y l\u00e0:<\/span><\/p>\n<ol>\n<li style=\"font-weight: 400;\" aria-level=\"1\"><b>Thu th\u1eadp h\u00ecnh \u1ea3nh:<\/b><span style=\"font-weight: 400;\"> Camera c\u00f4ng nghi\u1ec7p (t\u01b0\u01a1ng \u0111\u01b0\u01a1ng m\u1eaft ng\u01b0\u1eddi) ch\u1ee5p \u1ea3nh con v\u00edt.<\/span><\/li>\n<li style=\"font-weight: 400;\" aria-level=\"1\"><b>X\u1eed l\u00fd d\u1eef li\u1ec7u:<\/b><span style=\"font-weight: 400;\"> Ph\u1ea7n m\u1ec1m x\u1eed l\u00fd h\u00ecnh \u1ea3nh (t\u01b0\u01a1ng \u0111\u01b0\u01a1ng n\u00e3o ng\u01b0\u1eddi) ph\u00e2n t\u00edch h\u00ecnh \u1ea3nh, so s\u00e1nh v\u1edbi ti\u00eau chu\u1ea9n c\u00e0i \u0111\u1eb7t \u0111\u1ec3 <\/span><b>\u0111\u00e1nh gi\u00e1 v\u00edt c\u00f3 \u0111\u1ea1t chu\u1ea9n hay kh\u00f4ng<\/b><span style=\"font-weight: 400;\">.<\/span><\/li>\n<li style=\"font-weight: 400;\" aria-level=\"1\"><b>\u0e08\u0e33\u0e41\u0e19\u0e01\u0e1b\u0e23\u0e30\u0e40\u0e20\u0e17:<\/b><span style=\"font-weight: 400;\"> C\u01a1 c\u1ea5u ph\u00e2n lo\u1ea1i (nh\u01b0 th\u1ed5i kh\u00ed, c\u1ea7n g\u1ea1t, m\u00e1ng tr\u01b0\u1ee3t) t\u1ef1 \u0111\u1ed9ng <\/span><b>lo\u1ea1i b\u1ecf ph\u1ebf ph\u1ea9m<\/b><span style=\"font-weight: 400;\">, ch\u1ec9 cho ph\u00e9p s\u1ea3n ph\u1ea9m \u0111\u1ea1t chu\u1ea9n \u0111i qua.<\/span><\/li>\n<\/ol>\n<h2><span style=\"font-weight: 400;\">C\u00e1c h\u1ea1ng m\u1ee5c ki\u1ec3m tra ch\u1ee7 y\u1ebfu<\/span><\/h2>\n<p><span style=\"font-weight: 400;\">Thi\u1ebft b\u1ecb n\u00e0y c\u00f3 th\u1ec3 ki\u1ec3m tra nhi\u1ec1u lo\u1ea1i khuy\u1ebft t\u1eadt ngo\u1ea1i quan c\u1ee7a v\u00edt\/\u1ed1c, bao g\u1ed3m:<\/span><\/p>\n<ol>\n<li style=\"font-weight: 400;\" aria-level=\"1\"><b>Ki\u1ec3m tra k\u00edch th\u01b0\u1edbc:<\/b><span style=\"font-weight: 400;\"> Chi\u1ec1u d\u00e0i t\u1ed5ng th\u1ec3, \u0111\u01b0\u1eddng k\u00ednh \u0111\u1ea7u, \u0111\u1ed9 d\u00e0y \u0111\u1ea7u, \u0111\u01b0\u1eddng k\u00ednh th\u00e2n v\u00edt, v.v., c\u00f3 n\u1eb1m trong ph\u1ea1m vi dung sai cho ph\u00e9p kh\u00f4ng.<\/span><\/li>\n<li style=\"font-weight: 400;\" aria-level=\"1\"><b>Khuy\u1ebft t\u1eadt \u0111\u1ea7u v\u00edt:<\/b>\n<ul>\n<li style=\"font-weight: 400;\" aria-level=\"2\"><b>N\u1ee9t \u0111\u1ea7u:<\/b><span style=\"font-weight: 400;\"> C\u00f3 v\u1ebft n\u1ee9t \u1edf m\u00e9p \u0111\u1ea7u v\u00edt.<\/span><\/li>\n<li style=\"font-weight: 400;\" aria-level=\"2\"><b>L\u1ec7ch t\u00e2m:<\/b><span style=\"font-weight: 400;\"> \u0110\u1ea7u v\u00edt v\u00e0 th\u00e2n v\u00edt kh\u00f4ng \u0111\u1ed3ng t\u00e2m.<\/span><\/li>\n<li style=\"font-weight: 400;\" aria-level=\"2\"><b>Bavia\/g\u1edd th\u1eeba:<\/b><span style=\"font-weight: 400;\"> C\u00f3 ph\u1ea7n kim lo\u1ea1i th\u1eeba nh\u00f4 ra d\u01b0\u1edbi \u0111\u1ea7u v\u00edt.<\/span><\/li>\n<li style=\"font-weight: 400;\" aria-level=\"2\"><b>\u0110\u1ea7u ph\u1eb3ng\/\u0110\u1ea7u tr\u00f2n:<\/b><span style=\"font-weight: 400;\"> H\u00ecnh d\u1ea1ng \u0111\u1ea7u v\u00edt kh\u00f4ng \u0111\u1ea1t chu\u1ea9n.<\/span><\/li>\n<\/ul>\n<\/li>\n<li style=\"font-weight: 400;\" aria-level=\"1\"><b>Khuy\u1ebft t\u1eadt ren (\u0110u\u00f4i v\u00edt):<\/b>\n<ul>\n<li style=\"font-weight: 400;\" aria-level=\"2\"><b>Xoa ren k\u00e9m:<\/b><span style=\"font-weight: 400;\"> Ren kh\u00f4ng \u0111\u01b0\u1ee3c t\u1ea1o \u0111\u1ea7y \u0111\u1ee7 ho\u1eb7c h\u00ecnh d\u1ea1ng ren kh\u00f4ng ch\u00ednh x\u00e1c.<\/span><\/li>\n<li style=\"font-weight: 400;\" aria-level=\"2\"><b>Ren h\u1ecfng\/Ren b\u1ecb m\u1ee5c:<\/b><span style=\"font-weight: 400;\"> Ren b\u1ecb h\u01b0 h\u1ecfng ho\u1eb7c thi\u1ebfu.<\/span><\/li>\n<li style=\"font-weight: 400;\" aria-level=\"2\"><b>Ren xi\u00ean:<\/b><span style=\"font-weight: 400;\"> Ren kh\u00f4ng vu\u00f4ng g\u00f3c v\u1edbi tr\u1ee5c th\u00e2n v\u00edt.<\/span><\/li>\n<\/ul>\n<\/li>\n<li style=\"font-weight: 400;\" aria-level=\"1\"><b>Khuy\u1ebft t\u1eadt t\u1ed5ng th\u1ec3:<\/b>\n<ul>\n<li style=\"font-weight: 400;\" aria-level=\"2\"><b>Cong:<\/b><span style=\"font-weight: 400;\"> Th\u00e2n v\u00edt kh\u00f4ng th\u1eb3ng.<\/span><\/li>\n<li style=\"font-weight: 400;\" aria-level=\"2\"><b>L\u1edbp m\u1ea1 k\u00e9m:<\/b><span style=\"font-weight: 400;\"> B\u1ec1 m\u1eb7t c\u00f3 v\u1ebft x\u01b0\u1edbc, v\u1ebft b\u1ea9n, m\u00e0u kh\u00f4ng \u0111\u1ed3ng \u0111\u1ec1u, ho\u1eb7c b\u1ecb g\u1ec9 s\u00e9t.<\/span><\/li>\n<\/ul>\n<\/li>\n<li style=\"font-weight: 400;\" aria-level=\"1\"><b>Ki\u1ec3m tra l\u1eabn l\u1ed9n:<\/b><span style=\"font-weight: 400;\"> Ng\u0103n ng\u1eeba vi\u1ec7c l\u1eabn c\u00e1c lo\u1ea1i v\u00edt c\u00f3 k\u00edch th\u01b0\u1edbc, v\u1eadt li\u1ec7u kh\u00e1c nhau.<\/span><\/li>\n<\/ol>\n<h2><span style=\"font-weight: 400;\">Quy tr\u00ecnh l\u00e0m vi\u1ec7c c\u01a1 b\u1ea3n<\/span><\/h2>\n<ol>\n<li style=\"font-weight: 400;\" aria-level=\"1\"><b>C\u1ea5p li\u1ec7u:<\/b><span style=\"font-weight: 400;\"> M\u00e2m rung ho\u1eb7c b\u0103ng t\u1ea3i s\u1eafp x\u1ebfp v\u00edt ngay ng\u1eafn v\u00e0 \u0111\u01b0a t\u1eebng chi\u1ebfc v\u00e0o khu v\u1ef1c ki\u1ec3m tra.<\/span><\/li>\n<li style=\"font-weight: 400;\" aria-level=\"1\"><b>\u0110\u1ecbnh v\u1ecb:<\/b><span style=\"font-weight: 400;\"> C\u01a1 c\u1ea5u c\u01a1 kh\u00ed gi\u1eef v\u00edt \u1edf tr\u1ea1ng th\u00e1i \u1ed5n \u0111\u1ecbnh, c\u1ed1 \u0111\u1ecbnh trong l\u00fac ki\u1ec3m tra.<\/span><\/li>\n<li style=\"font-weight: 400;\" aria-level=\"1\"><b>Thu th\u1eadp H\u00ecnh \u1ea3nh:<\/b>\n<ul>\n<li style=\"font-weight: 400;\" aria-level=\"2\"><b>Chi\u1ebfu s\u00e1ng:<\/b><span style=\"font-weight: 400;\"> Ngu\u1ed3n s\u00e1ng chuy\u00ean d\u1ee5ng (\u00e1nh s\u00e1ng v\u00f2ng, \u0111\u00e8n n\u1ec1n, \u00e1nh s\u00e1ng \u0111\u1ed3ng tr\u1ee5c) chi\u1ebfu s\u00e1ng v\u00edt \u0111\u1ec3 l\u00e0m n\u1ed5i b\u1eadt c\u00e1c \u0111\u1eb7c \u0111i\u1ec3m c\u1ea7n ki\u1ec3m tra.<\/span><\/li>\n<li style=\"font-weight: 400;\" aria-level=\"2\"><b>Ch\u1ee5p \u1ea3nh:<\/b><span style=\"font-weight: 400;\"> M\u1ed9t ho\u1eb7c nhi\u1ec1u camera c\u00f4ng nghi\u1ec7p \u0111\u1ed9 ph\u00e2n gi\u1ea3i cao nhanh ch\u00f3ng ch\u1ee5p \u1ea3nh v\u00edt t\u1eeb c\u00e1c g\u00f3c \u0111\u1ed9 kh\u00e1c nhau (nh\u01b0 tr\u00ean \u0111\u1ec9nh, b\u00ean h\u00f4ng).<\/span><\/li>\n<\/ul>\n<\/li>\n<li style=\"font-weight: 400;\" aria-level=\"1\"><b>X\u1eed l\u00fd v\u00e0 \u0110\u00e1nh gi\u00e1:<\/b>\n<ul>\n<li style=\"font-weight: 400;\" aria-level=\"2\"><span style=\"font-weight: 400;\">H\u00ecnh \u1ea3nh \u0111\u01b0\u1ee3c truy\u1ec1n \u0111\u1ebfn m\u00e1y t\u00ednh.<\/span><\/li>\n<li style=\"font-weight: 400;\" aria-level=\"2\"><span style=\"font-weight: 400;\">Ph\u1ea7n m\u1ec1m th\u1ecb gi\u00e1c x\u1eed l\u00fd h\u00ecnh \u1ea3nh (kh\u1eed nhi\u1ec5u, t\u0103ng \u0111\u1ed9 t\u01b0\u01a1ng ph\u1ea3n).<\/span><\/li>\n<li style=\"font-weight: 400;\" aria-level=\"2\"><span style=\"font-weight: 400;\">Ph\u1ea7n m\u1ec1m ch\u1ea1y thu\u1eadt to\u00e1n ki\u1ec3m tra \u0111\u00e3 c\u00e0i \u0111\u1eb7t, \u0111o l\u01b0\u1eddng k\u00edch th\u01b0\u1edbc, t\u00ecm ki\u1ebfm khuy\u1ebft t\u1eadt v\u00e0 so s\u00e1nh v\u1edbi c\u00e1c th\u00f4ng s\u1ed1 ti\u00eau chu\u1ea9n.<\/span><\/li>\n<li style=\"font-weight: 400;\" aria-level=\"2\"><span style=\"font-weight: 400;\">\u0110\u01b0a ra ph\u00e1n \u0111o\u00e1n <\/span><b>&#8220;\u0110\u1ea1t&#8221;<\/b><span style=\"font-weight: 400;\"> ho\u1eb7c <\/span><b>&#8220;Kh\u00f4ng \u0110\u1ea1t&#8221;<\/b><span style=\"font-weight: 400;\"> ch\u1ec9 trong v\u00f2ng mili gi\u00e2y.<\/span><\/li>\n<\/ul>\n<\/li>\n<li style=\"font-weight: 400;\" aria-level=\"1\"><b>Th\u1ef1c thi Ph\u00e2n lo\u1ea1i:<\/b>\n<ul>\n<li style=\"font-weight: 400;\" aria-level=\"2\"><b>S\u1ea3n ph\u1ea9m \u0110\u1ea1t:<\/b><span style=\"font-weight: 400;\"> Ti\u1ebfp t\u1ee5c \u0111i theo k\u00eanh ch\u00ednh v\u00e0o h\u1ed9p thu gom.<\/span><\/li>\n<li style=\"font-weight: 400;\" aria-level=\"2\"><b>S\u1ea3n ph\u1ea9m Kh\u00f4ng \u0110\u1ea1t:<\/b><span style=\"font-weight: 400;\"> H\u1ec7 th\u1ed1ng ph\u00e1t l\u1ec7nh, th\u00f4ng qua s\u00fang h\u01a1i \u0111i\u1ec1u khi\u1ec3n b\u1eb1ng van \u0111i\u1ec7n t\u1eeb ho\u1eb7c t\u1ea5m ch\u1eb7n \u0111\u1ec3 \u0111\u1ea9y s\u1ea3n ph\u1ea9m n\u00e0y v\u00e0o h\u1ed9p ph\u1ebf li\u1ec7u.<\/span><\/li>\n<\/ul>\n<\/li>\n<\/ol>\n<h2><span style=\"font-weight: 400;\">\u01afu \u0111i\u1ec3m c\u1ee7a thi\u1ebft b\u1ecb<\/span><\/h2>\n<ul>\n<li style=\"font-weight: 400;\" aria-level=\"1\"><b>\u0e1b\u0e23\u0e30\u0e2a\u0e34\u0e17\u0e18\u0e34\u0e20\u0e32\u0e1e\u0e2a\u0e39\u0e07:<\/b><span style=\"font-weight: 400;\"> T\u1ed1c \u0111\u1ed9 ki\u1ec3m tra c\u00f3 th\u1ec3 \u0111\u1ea1t <\/span><b>h\u00e0ng tr\u0103m \u0111\u1ebfn h\u00e0ng ngh\u00ecn chi\u1ebfc m\u1ed7i ph\u00fat<\/b><span style=\"font-weight: 400;\">, v\u01b0\u1ee3t xa kh\u1ea3 n\u0103ng c\u1ee7a m\u1eaft ng\u01b0\u1eddi.<\/span><\/li>\n<li style=\"font-weight: 400;\" aria-level=\"1\"><b>\u0e04\u0e27\u0e32\u0e21\u0e41\u0e21\u0e48\u0e19\u0e22\u0e33\u0e2a\u0e39\u0e07:<\/b><span style=\"font-weight: 400;\"> C\u00f3 kh\u1ea3 n\u0103ng ph\u00e1t hi\u1ec7n c\u00e1c khuy\u1ebft t\u1eadt c\u1ef1c nh\u1ecf m\u00e0 m\u1eaft ng\u01b0\u1eddi kh\u00f3 nh\u1eadn ra (v\u00ed d\u1ee5: l\u1ed7i 0.1 mm).<\/span><\/li>\n<li style=\"font-weight: 400;\" aria-level=\"1\"><b>\u0110\u1ed9 \u1ed5n \u0111\u1ecbnh cao:<\/b><span style=\"font-weight: 400;\"> \u0110\u1ea3m b\u1ea3o l\u00e0m vi\u1ec7c li\u00ean t\u1ee5c <\/span><b>24 gi\u1edd<\/b><span style=\"font-weight: 400;\"> m\u00e0 kh\u00f4ng b\u1ecb \u1ea3nh h\u01b0\u1edfng b\u1edfi y\u1ebfu t\u1ed1 m\u1ec7t m\u1ecfi hay c\u1ea3m x\u00fac, \u0111\u1ea3m b\u1ea3o ph\u00e1n \u0111o\u00e1n nh\u1ea5t qu\u00e1n.<\/span><\/li>\n<li style=\"font-weight: 400;\" aria-level=\"1\"><b>Qu\u1ea3n l\u00fd k\u1ef9 thu\u1eadt s\u1ed1:<\/b><span style=\"font-weight: 400;\"> Ghi l\u1ea1i d\u1eef li\u1ec7u s\u1ea3n xu\u1ea5t theo th\u1eddi gian th\u1ef1c (t\u1ed5ng s\u1ed1 l\u01b0\u1ee3ng, s\u1ed1 l\u01b0\u1ee3ng s\u1ea3n ph\u1ea9m \u0111\u1ea1t, s\u1ed1 l\u01b0\u1ee3ng ph\u1ebf ph\u1ea9m, ph\u00e2n b\u1ed1 lo\u1ea1i l\u1ed7i), thu\u1eadn ti\u1ec7n cho vi\u1ec7c truy xu\u1ea5t ngu\u1ed3n g\u1ed1c ch\u1ea5t l\u01b0\u1ee3ng v\u00e0 qu\u1ea3n l\u00fd s\u1ea3n xu\u1ea5t.<\/span><\/li>\n<li style=\"font-weight: 400;\" aria-level=\"1\"><b>Gi\u1ea3m chi ph\u00ed:<\/b><span style=\"font-weight: 400;\"> V\u1ec1 l\u00e2u d\u00e0i, gi\u00fap ti\u1ebft ki\u1ec7m \u0111\u00e1ng k\u1ec3 chi ph\u00ed nh\u00e2n c\u00f4ng v\u00e0 qu\u1ea3n l\u00fd, \u0111\u1ed3ng th\u1eddi n\u00e2ng cao t\u00ednh \u0111\u1ed3ng nh\u1ea5t v\u1ec1 ch\u1ea5t l\u01b0\u1ee3ng s\u1ea3n ph\u1ea9m.<\/span><\/li>\n<\/ul>","protected":false},"excerpt":{"rendered":"<div id=\"dc391e7f8e4842fb\" class=\"conversation-container message-actions-hover-boundary ng-star-inserted\">\n<div>\n<div class=\"response-container ng-tns-c1417162639-487 response-container-with-gpi is-mobile ng-star-inserted response-container-has-multiple-responses\" data-hveid=\"1\">\n<div class=\"presented-response-container ng-tns-c1417162639-487\">\n<div class=\"response-container-content ng-tns-c1417162639-487 is-mobile\">\n<div class=\"response-content ng-tns-c1417162639-487\">\n<div id=\"model-response-message-contentr_dc391e7f8e4842fb\" class=\"markdown markdown-main-panel enable-updated-hr-color\" dir=\"ltr\">\n<p><b>M\u00e1y ki\u1ec3m tra v\u00edt\/\u1ed1c b\u1eb1ng c\u00f4ng ngh\u1ec7 Th\u1ecb gi\u00e1c (Vision Inspection Machine)<\/b> c\u1ee7a SWOER l\u00e0 gi\u1ea3i ph\u00e1p ki\u1ec3m so\u00e1t ch\u1ea5t l\u01b0\u1ee3ng t\u1ed1i t\u00e2n, thi\u1ebft y\u1ebfu cho m\u1ecdi nh\u00e0 s\u1ea3n xu\u1ea5t linh ki\u1ec7n fastener (v\u00edt, \u1ed1c, bu-l\u00f4ng, \u0111ai \u1ed1c). Kh\u00e1c bi\u1ec7t v\u1edbi ki\u1ec3m tra th\u1ee7 c\u00f4ng hay c\u01a1 h\u1ecdc, m\u00e1y s\u1eed d\u1ee5ng <b>Vision System \u0111\u1ed9 ph\u00e2n gi\u1ea3i si\u00eau cao<\/b> v\u00e0 thu\u1eadt to\u00e1n th\u00f4ng minh \u0111\u1ec3 <b>ki\u1ec3m tra to\u00e0n di\u1ec7n 360 \u0111\u1ed9<\/b> m\u1ecdi chi ti\u1ebft. M\u00e1y c\u00f3 kh\u1ea3 n\u0103ng ph\u00e1t hi\u1ec7n ch\u00ednh x\u00e1c c\u00e1c l\u1ed7i ph\u1ee9c t\u1ea1p nh\u01b0 <b>l\u1ed7i ren, sai k\u00edch th\u01b0\u1edbc, thi\u1ebfu b\u01b0\u1edbc ren, \u0111\u1ea7u v\u00edt b\u1ecb h\u1ecfng, v\u00e0 s\u1ef1 hi\u1ec7n di\u1ec7n c\u1ee7a t\u1ea1p ch\u1ea5t<\/b> v\u1edbi t\u1ed1c \u0111\u1ed9 l\u00ean \u0111\u1ebfn h\u00e0ng tr\u0103m s\u1ea3n ph\u1ea9m m\u1ed7i ph\u00fat. Vi\u1ec7c t\u00edch h\u1ee3p m\u00e1y ki\u1ec3m tra th\u1ecb gi\u00e1c gi\u00fap doanh nghi\u1ec7p b\u1ea1n lo\u1ea1i b\u1ecf ho\u00e0n to\u00e0n l\u1ed7i \u0111\u1ea7u ra, \u0111\u1ea3m b\u1ea3o ch\u1ea5t l\u01b0\u1ee3ng linh ki\u1ec7n \u0111\u1ea1t ti\u00eau chu\u1ea9n qu\u1ed1c t\u1ebf v\u00e0 gi\u1ea3m thi\u1ec3u t\u1ed1i \u0111a chi ph\u00ed thu h\u1ed3i s\u1ea3n ph\u1ea9m.<\/p>\n<\/div>\n<\/div>\n<\/div>\n<\/div>\n<\/div>\n<\/div>\n<\/div>","protected":false},"featured_media":4920,"comment_status":"open","ping_status":"closed","template":"","meta":[],"product_brand":[],"product_cat":[69],"product_tag":[203,201,202],"class_list":{"0":"post-4919","1":"product","2":"type-product","3":"status-publish","4":"has-post-thumbnail","6":"product_cat-delta-robot","7":"product_tag-may-cap-lieu","8":"product_tag-may-kiem-tra-oc-vit","9":"product_tag-may-kiem-tra-thi-giac","11":"first","12":"instock","13":"shipping-taxable","14":"product-type-simple"},"yoast_head":"<!-- This site is optimized with the Yoast SEO plugin v26.0 - https:\/\/yoast.com\/wordpress\/plugins\/seo\/ -->\n<title>M\u00e1y ki\u1ec3m tra v\u00edt\/\u1ed1c b\u1eb1ng c\u00f4ng ngh\u1ec7 th\u1ecb gi\u00e1c - Nh\u00e0 s\u1ea3n xu\u1ea5t m\u00e1y c\u1ea5p li\u1ec7u c\u00f4ng nghi\u1ec7p<\/title>\n<meta name=\"description\" content=\"M\u00e1y ki\u1ec3m tra v\u00edt\/\u1ed1c b\u1eb1ng c\u00f4ng ngh\u1ec7 Th\u1ecb gi\u00e1c: T\u1ef1 \u0111\u1ed9ng ki\u1ec3m tra v\u00edt, bu-l\u00f4ng, \u0111ai \u1ed1c v\u1edbi t\u1ed1c \u0111\u1ed9 cao. Ph\u00e1t hi\u1ec7n ch\u00ednh x\u00e1c l\u1ed7i ren, k\u00edch th\u01b0\u1edbc, \u0111\u1ea7u b\u1ecb h\u1ecfng...\" \/>\n<meta name=\"robots\" content=\"index, follow, max-snippet:-1, max-image-preview:large, max-video-preview:-1\" \/>\n<link rel=\"canonical\" href=\"https:\/\/swoer.vn\/th\/manufacturer\/may-kiem-tra-vit-oc-bang-cong-nghe-thi-giac\/\" \/>\n<meta property=\"og:locale\" content=\"th_TH\" \/>\n<meta property=\"og:type\" content=\"article\" \/>\n<meta property=\"og:title\" content=\"M\u00e1y ki\u1ec3m tra v\u00edt\/\u1ed1c b\u1eb1ng c\u00f4ng ngh\u1ec7 th\u1ecb gi\u00e1c - Nh\u00e0 s\u1ea3n xu\u1ea5t m\u00e1y c\u1ea5p li\u1ec7u c\u00f4ng nghi\u1ec7p\" \/>\n<meta property=\"og:description\" content=\"M\u00e1y ki\u1ec3m tra v\u00edt\/\u1ed1c b\u1eb1ng c\u00f4ng ngh\u1ec7 Th\u1ecb gi\u00e1c: T\u1ef1 \u0111\u1ed9ng ki\u1ec3m tra v\u00edt, bu-l\u00f4ng, \u0111ai \u1ed1c v\u1edbi t\u1ed1c \u0111\u1ed9 cao. Ph\u00e1t hi\u1ec7n ch\u00ednh x\u00e1c l\u1ed7i ren, k\u00edch th\u01b0\u1edbc, \u0111\u1ea7u b\u1ecb h\u1ecfng...\" \/>\n<meta property=\"og:url\" content=\"https:\/\/swoer.vn\/th\/manufacturer\/may-kiem-tra-vit-oc-bang-cong-nghe-thi-giac\/\" \/>\n<meta property=\"og:site_name\" content=\"Nh\u00e0 s\u1ea3n xu\u1ea5t m\u00e1y c\u1ea5p li\u1ec7u c\u00f4ng nghi\u1ec7p\" \/>\n<meta property=\"og:image\" content=\"https:\/\/swoer.vn\/wp-content\/uploads\/2025\/10\/MAY-PHAN-LOAI-VA-KIEM-TRA-VITOC-BANG-CONG-NGHE-THI-GIAC.png\" \/>\n\t<meta property=\"og:image:width\" content=\"800\" \/>\n\t<meta property=\"og:image:height\" content=\"800\" \/>\n\t<meta property=\"og:image:type\" content=\"image\/png\" \/>\n<meta name=\"twitter:card\" content=\"summary_large_image\" \/>\n<meta name=\"twitter:label1\" content=\"Est. reading time\" \/>\n\t<meta name=\"twitter:data1\" content=\"4 \u0e19\u0e32\u0e17\u0e35\" \/>\n<script type=\"application\/ld+json\" class=\"yoast-schema-graph\">{\"@context\":\"https:\/\/schema.org\",\"@graph\":[{\"@type\":\"WebPage\",\"@id\":\"https:\/\/swoer.vn\/manufacturer\/may-kiem-tra-vit-oc-bang-cong-nghe-thi-giac\/\",\"url\":\"https:\/\/swoer.vn\/manufacturer\/may-kiem-tra-vit-oc-bang-cong-nghe-thi-giac\/\",\"name\":\"M\u00e1y ki\u1ec3m tra v\u00edt\/\u1ed1c b\u1eb1ng c\u00f4ng ngh\u1ec7 th\u1ecb gi\u00e1c - Nh\u00e0 s\u1ea3n xu\u1ea5t m\u00e1y c\u1ea5p li\u1ec7u c\u00f4ng nghi\u1ec7p\",\"isPartOf\":{\"@id\":\"https:\/\/swoer.vn\/#website\"},\"primaryImageOfPage\":{\"@id\":\"https:\/\/swoer.vn\/manufacturer\/may-kiem-tra-vit-oc-bang-cong-nghe-thi-giac\/#primaryimage\"},\"image\":{\"@id\":\"https:\/\/swoer.vn\/manufacturer\/may-kiem-tra-vit-oc-bang-cong-nghe-thi-giac\/#primaryimage\"},\"thumbnailUrl\":\"https:\/\/swoer.vn\/wp-content\/uploads\/2025\/10\/MAY-PHAN-LOAI-VA-KIEM-TRA-VITOC-BANG-CONG-NGHE-THI-GIAC.png\",\"datePublished\":\"2025-10-01T03:24:09+00:00\",\"description\":\"M\u00e1y ki\u1ec3m tra v\u00edt\/\u1ed1c b\u1eb1ng c\u00f4ng ngh\u1ec7 Th\u1ecb gi\u00e1c: T\u1ef1 \u0111\u1ed9ng ki\u1ec3m tra v\u00edt, bu-l\u00f4ng, \u0111ai \u1ed1c v\u1edbi t\u1ed1c \u0111\u1ed9 cao. Ph\u00e1t hi\u1ec7n ch\u00ednh x\u00e1c l\u1ed7i ren, k\u00edch th\u01b0\u1edbc, \u0111\u1ea7u b\u1ecb h\u1ecfng...\",\"breadcrumb\":{\"@id\":\"https:\/\/swoer.vn\/manufacturer\/may-kiem-tra-vit-oc-bang-cong-nghe-thi-giac\/#breadcrumb\"},\"inLanguage\":\"th\",\"potentialAction\":[{\"@type\":\"ReadAction\",\"target\":[\"https:\/\/swoer.vn\/manufacturer\/may-kiem-tra-vit-oc-bang-cong-nghe-thi-giac\/\"]}]},{\"@type\":\"ImageObject\",\"inLanguage\":\"th\",\"@id\":\"https:\/\/swoer.vn\/manufacturer\/may-kiem-tra-vit-oc-bang-cong-nghe-thi-giac\/#primaryimage\",\"url\":\"https:\/\/swoer.vn\/wp-content\/uploads\/2025\/10\/MAY-PHAN-LOAI-VA-KIEM-TRA-VITOC-BANG-CONG-NGHE-THI-GIAC.png\",\"contentUrl\":\"https:\/\/swoer.vn\/wp-content\/uploads\/2025\/10\/MAY-PHAN-LOAI-VA-KIEM-TRA-VITOC-BANG-CONG-NGHE-THI-GIAC.png\",\"width\":800,\"height\":800,\"caption\":\"MA\u0301Y PHA\u0302N LOA\u0323I VA\u0300 KIE\u0302\u0309M TRA VI\u0301TO\u0302\u0301C BA\u0306\u0300NG CO\u0302NG NGHE\u0323\u0302 THI\u0323 GIA\u0301C\"},{\"@type\":\"BreadcrumbList\",\"@id\":\"https:\/\/swoer.vn\/manufacturer\/may-kiem-tra-vit-oc-bang-cong-nghe-thi-giac\/#breadcrumb\",\"itemListElement\":[{\"@type\":\"ListItem\",\"position\":1,\"name\":\"Home\",\"item\":\"https:\/\/swoer.vn\/\"},{\"@type\":\"ListItem\",\"position\":2,\"name\":\"S\u1ea3n ph\u1ea9m\",\"item\":\"https:\/\/swoer.vn\/shop\/\"},{\"@type\":\"ListItem\",\"position\":3,\"name\":\"M\u00e1y ki\u1ec3m tra v\u00edt\/\u1ed1c b\u1eb1ng c\u00f4ng ngh\u1ec7 th\u1ecb gi\u00e1c\"}]},{\"@type\":\"WebSite\",\"@id\":\"https:\/\/swoer.vn\/#website\",\"url\":\"https:\/\/swoer.vn\/\",\"name\":\"Nh\u00e0 s\u1ea3n xu\u1ea5t m\u00e1y c\u1ea5p li\u1ec7u c\u00f4ng nghi\u1ec7p\",\"description\":\"Nh\u00e0 cung c\u1ea5p robot, m\u00e1y c\u1ea5p li\u1ec7u linh ho\u1ea1t, m\u00e1y c\u1ea5p li\u1ec7u ly t\u00e2m, m\u00e1y c\u1ea5p li\u1ec7u rung t\u1ef1 \u0111\u1ed9ng\",\"potentialAction\":[{\"@type\":\"SearchAction\",\"target\":{\"@type\":\"EntryPoint\",\"urlTemplate\":\"https:\/\/swoer.vn\/?s={search_term_string}\"},\"query-input\":{\"@type\":\"PropertyValueSpecification\",\"valueRequired\":true,\"valueName\":\"search_term_string\"}}],\"inLanguage\":\"th\"}]}<\/script>\n<!-- \/ Yoast SEO plugin. -->","yoast_head_json":{"title":"M\u00e1y ki\u1ec3m tra v\u00edt\/\u1ed1c b\u1eb1ng c\u00f4ng ngh\u1ec7 th\u1ecb gi\u00e1c - Nh\u00e0 s\u1ea3n xu\u1ea5t m\u00e1y c\u1ea5p li\u1ec7u c\u00f4ng nghi\u1ec7p","description":"M\u00e1y ki\u1ec3m tra v\u00edt\/\u1ed1c b\u1eb1ng c\u00f4ng ngh\u1ec7 Th\u1ecb gi\u00e1c: T\u1ef1 \u0111\u1ed9ng ki\u1ec3m tra v\u00edt, bu-l\u00f4ng, \u0111ai \u1ed1c v\u1edbi t\u1ed1c \u0111\u1ed9 cao. Ph\u00e1t hi\u1ec7n ch\u00ednh x\u00e1c l\u1ed7i ren, k\u00edch th\u01b0\u1edbc, \u0111\u1ea7u b\u1ecb h\u1ecfng...","robots":{"index":"index","follow":"follow","max-snippet":"max-snippet:-1","max-image-preview":"max-image-preview:large","max-video-preview":"max-video-preview:-1"},"canonical":"https:\/\/swoer.vn\/th\/manufacturer\/may-kiem-tra-vit-oc-bang-cong-nghe-thi-giac\/","og_locale":"th_TH","og_type":"article","og_title":"M\u00e1y ki\u1ec3m tra v\u00edt\/\u1ed1c b\u1eb1ng c\u00f4ng ngh\u1ec7 th\u1ecb gi\u00e1c - Nh\u00e0 s\u1ea3n xu\u1ea5t m\u00e1y c\u1ea5p li\u1ec7u c\u00f4ng nghi\u1ec7p","og_description":"M\u00e1y ki\u1ec3m tra v\u00edt\/\u1ed1c b\u1eb1ng c\u00f4ng ngh\u1ec7 Th\u1ecb gi\u00e1c: T\u1ef1 \u0111\u1ed9ng ki\u1ec3m tra v\u00edt, bu-l\u00f4ng, \u0111ai \u1ed1c v\u1edbi t\u1ed1c \u0111\u1ed9 cao. Ph\u00e1t hi\u1ec7n ch\u00ednh x\u00e1c l\u1ed7i ren, k\u00edch th\u01b0\u1edbc, \u0111\u1ea7u b\u1ecb h\u1ecfng...","og_url":"https:\/\/swoer.vn\/th\/manufacturer\/may-kiem-tra-vit-oc-bang-cong-nghe-thi-giac\/","og_site_name":"Nh\u00e0 s\u1ea3n xu\u1ea5t m\u00e1y c\u1ea5p li\u1ec7u c\u00f4ng nghi\u1ec7p","og_image":[{"width":800,"height":800,"url":"https:\/\/swoer.vn\/wp-content\/uploads\/2025\/10\/MAY-PHAN-LOAI-VA-KIEM-TRA-VITOC-BANG-CONG-NGHE-THI-GIAC.png","type":"image\/png"}],"twitter_card":"summary_large_image","twitter_misc":{"Est. reading time":"4 \u0e19\u0e32\u0e17\u0e35"},"schema":{"@context":"https:\/\/schema.org","@graph":[{"@type":"WebPage","@id":"https:\/\/swoer.vn\/manufacturer\/may-kiem-tra-vit-oc-bang-cong-nghe-thi-giac\/","url":"https:\/\/swoer.vn\/manufacturer\/may-kiem-tra-vit-oc-bang-cong-nghe-thi-giac\/","name":"M\u00e1y ki\u1ec3m tra v\u00edt\/\u1ed1c b\u1eb1ng c\u00f4ng ngh\u1ec7 th\u1ecb gi\u00e1c - Nh\u00e0 s\u1ea3n xu\u1ea5t m\u00e1y c\u1ea5p li\u1ec7u c\u00f4ng nghi\u1ec7p","isPartOf":{"@id":"https:\/\/swoer.vn\/#website"},"primaryImageOfPage":{"@id":"https:\/\/swoer.vn\/manufacturer\/may-kiem-tra-vit-oc-bang-cong-nghe-thi-giac\/#primaryimage"},"image":{"@id":"https:\/\/swoer.vn\/manufacturer\/may-kiem-tra-vit-oc-bang-cong-nghe-thi-giac\/#primaryimage"},"thumbnailUrl":"https:\/\/swoer.vn\/wp-content\/uploads\/2025\/10\/MAY-PHAN-LOAI-VA-KIEM-TRA-VITOC-BANG-CONG-NGHE-THI-GIAC.png","datePublished":"2025-10-01T03:24:09+00:00","description":"M\u00e1y ki\u1ec3m tra v\u00edt\/\u1ed1c b\u1eb1ng c\u00f4ng ngh\u1ec7 Th\u1ecb gi\u00e1c: T\u1ef1 \u0111\u1ed9ng ki\u1ec3m tra v\u00edt, bu-l\u00f4ng, \u0111ai \u1ed1c v\u1edbi t\u1ed1c \u0111\u1ed9 cao. Ph\u00e1t hi\u1ec7n ch\u00ednh x\u00e1c l\u1ed7i ren, k\u00edch th\u01b0\u1edbc, \u0111\u1ea7u b\u1ecb h\u1ecfng...","breadcrumb":{"@id":"https:\/\/swoer.vn\/manufacturer\/may-kiem-tra-vit-oc-bang-cong-nghe-thi-giac\/#breadcrumb"},"inLanguage":"th","potentialAction":[{"@type":"ReadAction","target":["https:\/\/swoer.vn\/manufacturer\/may-kiem-tra-vit-oc-bang-cong-nghe-thi-giac\/"]}]},{"@type":"ImageObject","inLanguage":"th","@id":"https:\/\/swoer.vn\/manufacturer\/may-kiem-tra-vit-oc-bang-cong-nghe-thi-giac\/#primaryimage","url":"https:\/\/swoer.vn\/wp-content\/uploads\/2025\/10\/MAY-PHAN-LOAI-VA-KIEM-TRA-VITOC-BANG-CONG-NGHE-THI-GIAC.png","contentUrl":"https:\/\/swoer.vn\/wp-content\/uploads\/2025\/10\/MAY-PHAN-LOAI-VA-KIEM-TRA-VITOC-BANG-CONG-NGHE-THI-GIAC.png","width":800,"height":800,"caption":"MA\u0301Y PHA\u0302N LOA\u0323I VA\u0300 KIE\u0302\u0309M TRA VI\u0301TO\u0302\u0301C BA\u0306\u0300NG CO\u0302NG NGHE\u0323\u0302 THI\u0323 GIA\u0301C"},{"@type":"BreadcrumbList","@id":"https:\/\/swoer.vn\/manufacturer\/may-kiem-tra-vit-oc-bang-cong-nghe-thi-giac\/#breadcrumb","itemListElement":[{"@type":"ListItem","position":1,"name":"Home","item":"https:\/\/swoer.vn\/"},{"@type":"ListItem","position":2,"name":"S\u1ea3n ph\u1ea9m","item":"https:\/\/swoer.vn\/shop\/"},{"@type":"ListItem","position":3,"name":"M\u00e1y ki\u1ec3m tra v\u00edt\/\u1ed1c b\u1eb1ng c\u00f4ng ngh\u1ec7 th\u1ecb gi\u00e1c"}]},{"@type":"WebSite","@id":"https:\/\/swoer.vn\/#website","url":"https:\/\/swoer.vn\/","name":"\u0e1c\u0e39\u0e49\u0e1c\u0e25\u0e34\u0e15\u0e40\u0e04\u0e23\u0e37\u0e48\u0e2d\u0e07\u0e1b\u0e49\u0e2d\u0e19\u0e2d\u0e32\u0e2b\u0e32\u0e23\u0e2d\u0e38\u0e15\u0e2a\u0e32\u0e2b\u0e01\u0e23\u0e23\u0e21","description":"\u0e08\u0e33\u0e2b\u0e19\u0e48\u0e32\u0e22\u0e2b\u0e38\u0e48\u0e19\u0e22\u0e19\u0e15\u0e4c \u0e40\u0e04\u0e23\u0e37\u0e48\u0e2d\u0e07\u0e1b\u0e49\u0e2d\u0e19\u0e41\u0e1a\u0e1a\u0e22\u0e37\u0e14\u0e2b\u0e22\u0e38\u0e48\u0e19 \u0e40\u0e04\u0e23\u0e37\u0e48\u0e2d\u0e07\u0e1b\u0e49\u0e2d\u0e19\u0e41\u0e1a\u0e1a\u0e41\u0e23\u0e07\u0e40\u0e2b\u0e27\u0e35\u0e48\u0e22\u0e07 \u0e40\u0e04\u0e23\u0e37\u0e48\u0e2d\u0e07\u0e1b\u0e49\u0e2d\u0e19\u0e41\u0e1a\u0e1a\u0e2a\u0e31\u0e48\u0e19\u0e2d\u0e31\u0e15\u0e42\u0e19\u0e21\u0e31\u0e15\u0e34","potentialAction":[{"@type":"SearchAction","target":{"@type":"EntryPoint","urlTemplate":"https:\/\/swoer.vn\/?s={search_term_string}"},"query-input":{"@type":"PropertyValueSpecification","valueRequired":true,"valueName":"search_term_string"}}],"inLanguage":"th"}]}},"_links":{"self":[{"href":"https:\/\/swoer.vn\/th\/wp-json\/wp\/v2\/product\/4919","targetHints":{"allow":["GET"]}}],"collection":[{"href":"https:\/\/swoer.vn\/th\/wp-json\/wp\/v2\/product"}],"about":[{"href":"https:\/\/swoer.vn\/th\/wp-json\/wp\/v2\/types\/product"}],"replies":[{"embeddable":true,"href":"https:\/\/swoer.vn\/th\/wp-json\/wp\/v2\/comments?post=4919"}],"wp:featuredmedia":[{"embeddable":true,"href":"https:\/\/swoer.vn\/th\/wp-json\/wp\/v2\/media\/4920"}],"wp:attachment":[{"href":"https:\/\/swoer.vn\/th\/wp-json\/wp\/v2\/media?parent=4919"}],"wp:term":[{"taxonomy":"product_brand","embeddable":true,"href":"https:\/\/swoer.vn\/th\/wp-json\/wp\/v2\/product_brand?post=4919"},{"taxonomy":"product_cat","embeddable":true,"href":"https:\/\/swoer.vn\/th\/wp-json\/wp\/v2\/product_cat?post=4919"},{"taxonomy":"product_tag","embeddable":true,"href":"https:\/\/swoer.vn\/th\/wp-json\/wp\/v2\/product_tag?post=4919"}],"curies":[{"name":"wp","href":"https:\/\/api.w.org\/{rel}","templated":true}]}}