{"id":4911,"date":"2025-10-01T10:00:30","date_gmt":"2025-10-01T03:00:30","guid":{"rendered":"https:\/\/swoer.vn\/?post_type=product&#038;p=4911"},"modified":"2025-10-01T10:00:31","modified_gmt":"2025-10-01T03:00:31","slug":"may-dan-nhan-nam-ngang","status":"publish","type":"product","link":"https:\/\/swoer.vn\/th\/manufacturer\/may-dan-nhan-nam-ngang\/","title":{"rendered":"M\u00e1y d\u00e1n nh\u00e3n n\u1eb1m ngang"},"content":{"rendered":"<h2><span style=\"font-weight: 400;\">\u0e04\u0e38\u0e13\u0e2a\u0e21\u0e1a\u0e31\u0e15\u0e34<\/span><\/h2>\n<p><b>M\u00e1y d\u00e1n nh\u00e3n n\u1eb1m ngang (Horizontal Labeling Machine)<\/b><span style=\"font-weight: 400;\"> l\u00e0 gi\u1ea3i ph\u00e1p t\u1ef1 \u0111\u1ed9ng h\u00f3a c\u1ed1t l\u00f5i, chuy\u00ean bi\u1ec7t \u0111\u1ec3 d\u00e1n nh\u00e3n <\/span><b>t\u1ed1c \u0111\u1ed9 cao<\/b><span style=\"font-weight: 400;\"> \u0e41\u0e25\u0e30 <\/span><b>\u0111\u1ed9 ch\u00ednh x\u00e1c tuy\u1ec7t \u0111\u1ed1i<\/b><span style=\"font-weight: 400;\"> cho c\u00e1c s\u1ea3n ph\u1ea9m h\u00ecnh tr\u1ee5 ho\u1eb7c c\u00e1c b\u1ec1 m\u1eb7t tr\u00f2n.<\/span><\/p>\n<h2><span style=\"font-weight: 400;\">\u0110\u1eb7c \u0111i\u1ec3m n\u1ed5i b\u1eadt &amp; l\u1ee3i \u00edch<\/span><\/h2>\n<ul>\n<li style=\"font-weight: 400;\" aria-level=\"1\"><b>\u0e04\u0e27\u0e32\u0e21\u0e41\u0e21\u0e48\u0e19\u0e22\u0e33\u0e2a\u0e39\u0e07:<\/b><span style=\"font-weight: 400;\"> S\u1eed d\u1ee5ng \u0111\u1ed9ng c\u01a1 <\/span><b>Servo\/Stepper<\/b><span style=\"font-weight: 400;\"> \u0111\u1ec3 \u0111\u1ea1t \u0111\u1ed9 ch\u00ednh x\u00e1c d\u00e1n nh\u00e3n cao (th\u01b0\u1eddng \u00b11 mm).<\/span><\/li>\n<li style=\"font-weight: 400;\" aria-level=\"1\"><b>Hi\u1ec7u qu\u1ea3 d\u00e1n nh\u00e3n ho\u00e0n h\u1ea3o:<\/b><span style=\"font-weight: 400;\"> S\u1ea3n ph\u1ea9m t\u1ef1 xoay khi d\u00e1n, gi\u00fap nh\u00e3n \u0111\u01b0\u1ee3c <\/span><b>qu\u1ea5n ph\u1eb3ng, \u0111\u1eb9p m\u1eaft<\/b><span style=\"font-weight: 400;\"> \u0e41\u0e25\u0e30 <\/span><b>tr\u00e1nh b\u1ecdt kh\u00ed<\/b><span style=\"font-weight: 400;\">.<\/span><\/li>\n<li style=\"font-weight: 400;\" aria-level=\"1\"><b>T\u1ed1c \u0111\u1ed9 s\u1ea3n xu\u1ea5t cao:<\/b><span style=\"font-weight: 400;\"> \u0110\u1ea1t t\u1ed1c \u0111\u1ed9 l\u00ean t\u1edbi h\u00e0ng tr\u0103m s\u1ea3n ph\u1ea9m\/ph\u00fat, t\u0103ng \u0111\u00e1ng k\u1ec3 hi\u1ec7u su\u1ea5t.<\/span><\/li>\n<li style=\"font-weight: 400;\" aria-level=\"1\"><b>\u1ee8ng d\u1ee5ng \u0111a d\u1ea1ng:<\/b><span style=\"font-weight: 400;\"> D\u1ec5 d\u00e0ng \u0111i\u1ec1u ch\u1ec9nh cho nhi\u1ec1u \u0111\u01b0\u1eddng k\u00ednh v\u00e0 chi\u1ec1u d\u00e0i s\u1ea3n ph\u1ea9m kh\u00e1c nhau.<\/span><\/li>\n<li style=\"font-weight: 400;\" aria-level=\"1\"><b>Th\u00f4ng minh h\u00f3a:<\/b><span style=\"font-weight: 400;\"> T\u00edch h\u1ee3p m\u00e0n h\u00ecnh c\u1ea3m \u1ee9ng, ch\u1ee9c n\u0103ng \u0111\u1ebfm s\u1ea3n l\u01b0\u1ee3ng, c\u1ea3nh b\u00e1o l\u1ed7i v\u00e0 c\u00f3 kh\u1ea3 n\u0103ng <\/span><b>t\u00edch h\u1ee3p v\u00e0o h\u1ec7 th\u1ed1ng MES\/ERP<\/b><span style=\"font-weight: 400;\">.<\/span><\/li>\n<li style=\"font-weight: 400;\" aria-level=\"1\"><b>C\u1ea5u t\u1ea1o c\u1ed1t l\u00f5i:<\/b><span style=\"font-weight: 400;\"> Bao g\u1ed3m c\u01a1 c\u1ea5u <\/span><b>\u0110\u1ecbnh v\u1ecb v\u00e0 xoay s\u1ea3n ph\u1ea9m<\/b><span style=\"font-weight: 400;\"> (B\u00e1nh xe ma s\u00e1t\/K\u1eb9p d\u00e2y \u0111ai) v\u00e0 c\u01a1 c\u1ea5u <\/span><b>\u00c9p nh\u00e3n<\/b><span style=\"font-weight: 400;\"> b\u1eb1ng con l\u0103n silicon\/x\u1ed1p.<\/span><\/li>\n<\/ul>\n<h2><span style=\"font-weight: 400;\">\u1ee8ng d\u1ee5ng ti\u00eau chu\u1ea9n<\/span><\/h2>\n<p><span style=\"font-weight: 400;\">L\u00fd t\u01b0\u1edfng cho c\u00e1c ng\u00e0nh:\u00a0<\/span><\/p>\n<ul>\n<li style=\"font-weight: 400;\" aria-level=\"1\"><b>D\u01b0\u1ee3c ph\u1ea9m<\/b><span style=\"font-weight: 400;\"> (l\u1ecd ti\u00eam, chai thu\u1ed1c)<\/span><\/li>\n<li style=\"font-weight: 400;\" aria-level=\"1\"><b>M\u1ef9 ph\u1ea9m<\/b><span style=\"font-weight: 400;\"> (chai serum, l\u0103n kh\u1eed m\u00f9i)<\/span><\/li>\n<li style=\"font-weight: 400;\" aria-level=\"1\"><b>Th\u1ef1c ph\u1ea9m &amp; \u0111\u1ed3 u\u1ed1ng<\/b><span style=\"font-weight: 400;\"> (lon, chai n\u01b0\u1edbc gi\u1ea3i kh\u00e1t)<\/span><\/li>\n<li style=\"font-weight: 400;\" aria-level=\"1\"><b>\u0110i\u1ec7n t\u1eed<\/b><span style=\"font-weight: 400;\"> (pin, t\u1ee5 \u0111i\u1ec7n)<\/span><\/li>\n<\/ul>\n<h2><span style=\"font-weight: 400;\">Y\u1ebfu t\u1ed1 quan tr\u1ecdng khi ch\u1ecdn mua<\/span><\/h2>\n<p><span style=\"font-weight: 400;\">\u0110\u1ec3 \u0111\u1ea3m b\u1ea3o ch\u1ea5t l\u01b0\u1ee3ng, c\u1ea7n x\u00e1c \u0111\u1ecbnh r\u00f5:<\/span><\/p>\n<ul>\n<li style=\"font-weight: 400;\" aria-level=\"1\"><b>Y\u00eau c\u1ea7u \u0111\u1ed9 ch\u00ednh x\u00e1c<\/b><span style=\"font-weight: 400;\"> d\u00e1n nh\u00e3n.<\/span><\/li>\n<li style=\"font-weight: 400;\" aria-level=\"1\"><b>\u0e02\u0e49\u0e2d\u0e21\u0e39\u0e25\u0e08\u0e33\u0e40\u0e1e\u0e32\u0e30<\/b><span style=\"font-weight: 400;\"> chi ti\u1ebft v\u1ec1 s\u1ea3n ph\u1ea9m (\u0111\u01b0\u1eddng k\u00ednh, h\u00ecnh d\u1ea1ng) v\u00e0 nh\u00e3n (ch\u1ea5t li\u1ec7u, k\u00edch th\u01b0\u1edbc).<\/span><\/li>\n<li style=\"font-weight: 400;\" aria-level=\"1\"><span style=\"font-weight: 400;\">Y\u00eau c\u1ea7u v\u1ec1 <\/span><b>v\u1eadt li\u1ec7u thi\u1ebft b\u1ecb<\/b><span style=\"font-weight: 400;\"> (v\u00ed d\u1ee5: th\u00e9p kh\u00f4ng g\u1ec9 304\/316) n\u1ebfu c\u1ea7n ti\u00eau chu\u1ea9n v\u1ec7 sinh th\u1ef1c ph\u1ea9m\/d\u01b0\u1ee3c<\/span><\/li>\n<\/ul>","protected":false},"excerpt":{"rendered":"<div id=\"89f8fb009c6fe76b\" class=\"conversation-container message-actions-hover-boundary ng-star-inserted\">\n<div>\n<div class=\"response-container ng-tns-c1417162639-467 response-container-with-gpi is-mobile ng-star-inserted response-container-has-multiple-responses\" data-hveid=\"1\">\n<div class=\"presented-response-container ng-tns-c1417162639-467\">\n<div class=\"response-container-content ng-tns-c1417162639-467 is-mobile\">\n<div class=\"response-content ng-tns-c1417162639-467\">\n<div id=\"model-response-message-contentr_89f8fb009c6fe76b\" class=\"markdown markdown-main-panel enable-updated-hr-color\" dir=\"ltr\">\n<p><b>M\u00e1y d\u00e1n nh\u00e3n n\u1eb1m ngang<\/b> c\u1ee7a SWOER l\u00e0 gi\u1ea3i ph\u00e1p t\u1ed1i \u01b0u cho vi\u1ec7c d\u00e1n nh\u00e3n c\u00e1c s\u1ea3n ph\u1ea9m c\u00f3 h\u00ecnh tr\u1ee5 tr\u00f2n nh\u01b0ng <b>qu\u00e1 nh\u1ecf, qu\u00e1 nh\u1eb9 ho\u1eb7c kh\u00f4ng \u1ed5n \u0111\u1ecbnh<\/b> khi ch\u1ea1y tr\u00ean b\u0103ng t\u1ea3i \u0111\u1ee9ng (v\u00ed d\u1ee5: \u1ed1ng nghi\u1ec7m, \u1ed1ng ti\u00eam, l\u1ecd thu\u1ed1c nh\u1ecf). Thay v\u00ec d\u00e1n \u1edf t\u01b0 th\u1ebf \u0111\u1ee9ng, s\u1ea3n ph\u1ea9m \u0111\u01b0\u1ee3c v\u1eadn chuy\u1ec3n theo ph\u01b0\u01a1ng ngang v\u00e0 <b>t\u1ef1 \u0111\u1ed9ng l\u0103n<\/b> qua khu v\u1ef1c d\u00e1n nh\u00e3n. C\u01a1 ch\u1ebf n\u00e0y \u0111\u1ea3m b\u1ea3o nh\u00e3n \u0111\u01b0\u1ee3c d\u00e1n <b>ho\u00e0n to\u00e0n \u0111\u1ed3ng nh\u1ea5t, ph\u1eb3ng phiu<\/b> v\u00e0 kh\u00f4ng b\u1ecb x\u00f4 l\u1ec7ch, ngay c\u1ea3 \u1edf t\u1ed1c \u0111\u1ed9 cao. \u0110\u00e2y l\u00e0 thi\u1ebft b\u1ecb kh\u00f4ng th\u1ec3 thi\u1ebfu trong ng\u00e0nh d\u01b0\u1ee3c ph\u1ea9m, h\u00f3a m\u1ef9 ph\u1ea9m, v\u00e0 c\u00e1c ph\u00f2ng th\u00ed nghi\u1ec7m, gi\u00fap b\u1ea1n \u0111\u1ea1t \u0111\u01b0\u1ee3c \u0111\u1ed9 ch\u00ednh x\u00e1c v\u00e0 t\u00ednh th\u1ea9m m\u1ef9 tuy\u1ec7t \u0111\u1ed1i cho nh\u1eefng s\u1ea3n ph\u1ea9m c\u00f3 k\u00edch th\u01b0\u1edbc \u0111\u1eb7c bi\u1ec7t.<\/p>\n<\/div>\n<\/div>\n<\/div>\n<\/div>\n<\/div>\n<\/div>\n<\/div>","protected":false},"featured_media":4912,"comment_status":"open","ping_status":"closed","template":"","meta":[],"product_brand":[],"product_cat":[149,76],"product_tag":[195,143,144],"class_list":{"0":"post-4911","1":"product","2":"type-product","3":"status-publish","4":"has-post-thumbnail","6":"product_cat-may-dan-nhan-tu-dong","7":"product_cat-san-pham-moi","8":"product_tag-may-dan-mang","9":"product_tag-may-dan-nhan","10":"product_tag-may-dan-nhan-tu-dong","12":"first","13":"instock","14":"shipping-taxable","15":"product-type-simple"},"yoast_head":"<!-- This site is optimized with the Yoast SEO plugin v26.0 - https:\/\/yoast.com\/wordpress\/plugins\/seo\/ -->\n<title>M\u00e1y d\u00e1n nh\u00e3n n\u1eb1m ngang - Nh\u00e0 s\u1ea3n xu\u1ea5t m\u00e1y c\u1ea5p li\u1ec7u c\u00f4ng nghi\u1ec7p<\/title>\n<meta name=\"description\" content=\"M\u00e1y d\u00e1n nh\u00e3n n\u1eb1m ngang SWOER: Chuy\u00ean d\u1ee5ng d\u00e1n nh\u00e3n cho c\u00e1c s\u1ea3n ph\u1ea9m chai l\u1ecd nh\u1ecf, \u1ed1ng nghi\u1ec7m, ho\u1eb7c \u1ed1ng ti\u00eam. \u0110\u1ea3m b\u1ea3o nh\u00e3n d\u00e1n ph\u1eb3ng, kh\u00f4ng nh\u0103n\" \/>\n<meta name=\"robots\" content=\"index, follow, max-snippet:-1, max-image-preview:large, max-video-preview:-1\" \/>\n<link rel=\"canonical\" href=\"https:\/\/swoer.vn\/th\/manufacturer\/may-dan-nhan-nam-ngang\/\" \/>\n<meta property=\"og:locale\" content=\"th_TH\" \/>\n<meta property=\"og:type\" content=\"article\" \/>\n<meta property=\"og:title\" content=\"M\u00e1y d\u00e1n nh\u00e3n n\u1eb1m ngang - Nh\u00e0 s\u1ea3n xu\u1ea5t m\u00e1y c\u1ea5p li\u1ec7u c\u00f4ng nghi\u1ec7p\" \/>\n<meta property=\"og:description\" content=\"M\u00e1y d\u00e1n nh\u00e3n n\u1eb1m ngang SWOER: Chuy\u00ean d\u1ee5ng d\u00e1n nh\u00e3n cho c\u00e1c s\u1ea3n ph\u1ea9m chai l\u1ecd nh\u1ecf, \u1ed1ng nghi\u1ec7m, ho\u1eb7c \u1ed1ng ti\u00eam. \u0110\u1ea3m b\u1ea3o nh\u00e3n d\u00e1n ph\u1eb3ng, kh\u00f4ng nh\u0103n\" \/>\n<meta property=\"og:url\" content=\"https:\/\/swoer.vn\/th\/manufacturer\/may-dan-nhan-nam-ngang\/\" \/>\n<meta property=\"og:site_name\" content=\"Nh\u00e0 s\u1ea3n xu\u1ea5t m\u00e1y c\u1ea5p li\u1ec7u c\u00f4ng nghi\u1ec7p\" \/>\n<meta property=\"article:modified_time\" content=\"2025-10-01T03:00:31+00:00\" \/>\n<meta property=\"og:image\" content=\"https:\/\/swoer.vn\/wp-content\/uploads\/2025\/10\/May-dan-nhan-nam-ngang.png\" \/>\n\t<meta property=\"og:image:width\" content=\"800\" \/>\n\t<meta property=\"og:image:height\" content=\"800\" \/>\n\t<meta property=\"og:image:type\" content=\"image\/png\" \/>\n<meta name=\"twitter:card\" content=\"summary_large_image\" \/>\n<meta name=\"twitter:label1\" content=\"Est. reading time\" \/>\n\t<meta name=\"twitter:data1\" content=\"2 \u0e19\u0e32\u0e17\u0e35\" \/>\n<script type=\"application\/ld+json\" class=\"yoast-schema-graph\">{\"@context\":\"https:\/\/schema.org\",\"@graph\":[{\"@type\":\"WebPage\",\"@id\":\"https:\/\/swoer.vn\/manufacturer\/may-dan-nhan-nam-ngang\/\",\"url\":\"https:\/\/swoer.vn\/manufacturer\/may-dan-nhan-nam-ngang\/\",\"name\":\"M\u00e1y d\u00e1n nh\u00e3n n\u1eb1m ngang - Nh\u00e0 s\u1ea3n xu\u1ea5t m\u00e1y c\u1ea5p li\u1ec7u c\u00f4ng nghi\u1ec7p\",\"isPartOf\":{\"@id\":\"https:\/\/swoer.vn\/#website\"},\"primaryImageOfPage\":{\"@id\":\"https:\/\/swoer.vn\/manufacturer\/may-dan-nhan-nam-ngang\/#primaryimage\"},\"image\":{\"@id\":\"https:\/\/swoer.vn\/manufacturer\/may-dan-nhan-nam-ngang\/#primaryimage\"},\"thumbnailUrl\":\"https:\/\/swoer.vn\/wp-content\/uploads\/2025\/10\/May-dan-nhan-nam-ngang.png\",\"datePublished\":\"2025-10-01T03:00:30+00:00\",\"dateModified\":\"2025-10-01T03:00:31+00:00\",\"description\":\"M\u00e1y d\u00e1n nh\u00e3n n\u1eb1m ngang SWOER: Chuy\u00ean d\u1ee5ng d\u00e1n nh\u00e3n cho c\u00e1c s\u1ea3n ph\u1ea9m chai l\u1ecd nh\u1ecf, \u1ed1ng nghi\u1ec7m, ho\u1eb7c \u1ed1ng ti\u00eam. \u0110\u1ea3m b\u1ea3o nh\u00e3n d\u00e1n ph\u1eb3ng, kh\u00f4ng nh\u0103n\",\"breadcrumb\":{\"@id\":\"https:\/\/swoer.vn\/manufacturer\/may-dan-nhan-nam-ngang\/#breadcrumb\"},\"inLanguage\":\"th\",\"potentialAction\":[{\"@type\":\"ReadAction\",\"target\":[\"https:\/\/swoer.vn\/manufacturer\/may-dan-nhan-nam-ngang\/\"]}]},{\"@type\":\"ImageObject\",\"inLanguage\":\"th\",\"@id\":\"https:\/\/swoer.vn\/manufacturer\/may-dan-nhan-nam-ngang\/#primaryimage\",\"url\":\"https:\/\/swoer.vn\/wp-content\/uploads\/2025\/10\/May-dan-nhan-nam-ngang.png\",\"contentUrl\":\"https:\/\/swoer.vn\/wp-content\/uploads\/2025\/10\/May-dan-nhan-nam-ngang.png\",\"width\":800,\"height\":800,\"caption\":\"Ma\u0301y da\u0301n nha\u0303n na\u0306\u0300m ngang\"},{\"@type\":\"BreadcrumbList\",\"@id\":\"https:\/\/swoer.vn\/manufacturer\/may-dan-nhan-nam-ngang\/#breadcrumb\",\"itemListElement\":[{\"@type\":\"ListItem\",\"position\":1,\"name\":\"Home\",\"item\":\"https:\/\/swoer.vn\/\"},{\"@type\":\"ListItem\",\"position\":2,\"name\":\"S\u1ea3n ph\u1ea9m\",\"item\":\"https:\/\/swoer.vn\/shop\/\"},{\"@type\":\"ListItem\",\"position\":3,\"name\":\"M\u00e1y d\u00e1n nh\u00e3n n\u1eb1m ngang\"}]},{\"@type\":\"WebSite\",\"@id\":\"https:\/\/swoer.vn\/#website\",\"url\":\"https:\/\/swoer.vn\/\",\"name\":\"Nh\u00e0 s\u1ea3n xu\u1ea5t m\u00e1y c\u1ea5p li\u1ec7u c\u00f4ng nghi\u1ec7p\",\"description\":\"Nh\u00e0 cung c\u1ea5p robot, m\u00e1y c\u1ea5p li\u1ec7u linh ho\u1ea1t, m\u00e1y c\u1ea5p li\u1ec7u ly t\u00e2m, m\u00e1y c\u1ea5p li\u1ec7u rung t\u1ef1 \u0111\u1ed9ng\",\"potentialAction\":[{\"@type\":\"SearchAction\",\"target\":{\"@type\":\"EntryPoint\",\"urlTemplate\":\"https:\/\/swoer.vn\/?s={search_term_string}\"},\"query-input\":{\"@type\":\"PropertyValueSpecification\",\"valueRequired\":true,\"valueName\":\"search_term_string\"}}],\"inLanguage\":\"th\"}]}<\/script>\n<!-- \/ Yoast SEO plugin. -->","yoast_head_json":{"title":"M\u00e1y d\u00e1n nh\u00e3n n\u1eb1m ngang - Nh\u00e0 s\u1ea3n xu\u1ea5t m\u00e1y c\u1ea5p li\u1ec7u c\u00f4ng nghi\u1ec7p","description":"M\u00e1y d\u00e1n nh\u00e3n n\u1eb1m ngang SWOER: Chuy\u00ean d\u1ee5ng d\u00e1n nh\u00e3n cho c\u00e1c s\u1ea3n ph\u1ea9m chai l\u1ecd nh\u1ecf, \u1ed1ng nghi\u1ec7m, ho\u1eb7c \u1ed1ng ti\u00eam. \u0110\u1ea3m b\u1ea3o nh\u00e3n d\u00e1n ph\u1eb3ng, kh\u00f4ng nh\u0103n","robots":{"index":"index","follow":"follow","max-snippet":"max-snippet:-1","max-image-preview":"max-image-preview:large","max-video-preview":"max-video-preview:-1"},"canonical":"https:\/\/swoer.vn\/th\/manufacturer\/may-dan-nhan-nam-ngang\/","og_locale":"th_TH","og_type":"article","og_title":"M\u00e1y d\u00e1n nh\u00e3n n\u1eb1m ngang - Nh\u00e0 s\u1ea3n xu\u1ea5t m\u00e1y c\u1ea5p li\u1ec7u c\u00f4ng nghi\u1ec7p","og_description":"M\u00e1y d\u00e1n nh\u00e3n n\u1eb1m ngang SWOER: Chuy\u00ean d\u1ee5ng d\u00e1n nh\u00e3n cho c\u00e1c s\u1ea3n ph\u1ea9m chai l\u1ecd nh\u1ecf, \u1ed1ng nghi\u1ec7m, ho\u1eb7c \u1ed1ng ti\u00eam. \u0110\u1ea3m b\u1ea3o nh\u00e3n d\u00e1n ph\u1eb3ng, kh\u00f4ng nh\u0103n","og_url":"https:\/\/swoer.vn\/th\/manufacturer\/may-dan-nhan-nam-ngang\/","og_site_name":"Nh\u00e0 s\u1ea3n xu\u1ea5t m\u00e1y c\u1ea5p li\u1ec7u c\u00f4ng nghi\u1ec7p","article_modified_time":"2025-10-01T03:00:31+00:00","og_image":[{"width":800,"height":800,"url":"https:\/\/swoer.vn\/wp-content\/uploads\/2025\/10\/May-dan-nhan-nam-ngang.png","type":"image\/png"}],"twitter_card":"summary_large_image","twitter_misc":{"Est. reading time":"2 \u0e19\u0e32\u0e17\u0e35"},"schema":{"@context":"https:\/\/schema.org","@graph":[{"@type":"WebPage","@id":"https:\/\/swoer.vn\/manufacturer\/may-dan-nhan-nam-ngang\/","url":"https:\/\/swoer.vn\/manufacturer\/may-dan-nhan-nam-ngang\/","name":"M\u00e1y d\u00e1n nh\u00e3n n\u1eb1m ngang - Nh\u00e0 s\u1ea3n xu\u1ea5t m\u00e1y c\u1ea5p li\u1ec7u c\u00f4ng nghi\u1ec7p","isPartOf":{"@id":"https:\/\/swoer.vn\/#website"},"primaryImageOfPage":{"@id":"https:\/\/swoer.vn\/manufacturer\/may-dan-nhan-nam-ngang\/#primaryimage"},"image":{"@id":"https:\/\/swoer.vn\/manufacturer\/may-dan-nhan-nam-ngang\/#primaryimage"},"thumbnailUrl":"https:\/\/swoer.vn\/wp-content\/uploads\/2025\/10\/May-dan-nhan-nam-ngang.png","datePublished":"2025-10-01T03:00:30+00:00","dateModified":"2025-10-01T03:00:31+00:00","description":"M\u00e1y d\u00e1n nh\u00e3n n\u1eb1m ngang SWOER: Chuy\u00ean d\u1ee5ng d\u00e1n nh\u00e3n cho c\u00e1c s\u1ea3n ph\u1ea9m chai l\u1ecd nh\u1ecf, \u1ed1ng nghi\u1ec7m, ho\u1eb7c \u1ed1ng ti\u00eam. \u0110\u1ea3m b\u1ea3o nh\u00e3n d\u00e1n ph\u1eb3ng, kh\u00f4ng nh\u0103n","breadcrumb":{"@id":"https:\/\/swoer.vn\/manufacturer\/may-dan-nhan-nam-ngang\/#breadcrumb"},"inLanguage":"th","potentialAction":[{"@type":"ReadAction","target":["https:\/\/swoer.vn\/manufacturer\/may-dan-nhan-nam-ngang\/"]}]},{"@type":"ImageObject","inLanguage":"th","@id":"https:\/\/swoer.vn\/manufacturer\/may-dan-nhan-nam-ngang\/#primaryimage","url":"https:\/\/swoer.vn\/wp-content\/uploads\/2025\/10\/May-dan-nhan-nam-ngang.png","contentUrl":"https:\/\/swoer.vn\/wp-content\/uploads\/2025\/10\/May-dan-nhan-nam-ngang.png","width":800,"height":800,"caption":"Ma\u0301y da\u0301n nha\u0303n na\u0306\u0300m ngang"},{"@type":"BreadcrumbList","@id":"https:\/\/swoer.vn\/manufacturer\/may-dan-nhan-nam-ngang\/#breadcrumb","itemListElement":[{"@type":"ListItem","position":1,"name":"Home","item":"https:\/\/swoer.vn\/"},{"@type":"ListItem","position":2,"name":"S\u1ea3n ph\u1ea9m","item":"https:\/\/swoer.vn\/shop\/"},{"@type":"ListItem","position":3,"name":"M\u00e1y d\u00e1n nh\u00e3n n\u1eb1m ngang"}]},{"@type":"WebSite","@id":"https:\/\/swoer.vn\/#website","url":"https:\/\/swoer.vn\/","name":"\u0e1c\u0e39\u0e49\u0e1c\u0e25\u0e34\u0e15\u0e40\u0e04\u0e23\u0e37\u0e48\u0e2d\u0e07\u0e1b\u0e49\u0e2d\u0e19\u0e2d\u0e32\u0e2b\u0e32\u0e23\u0e2d\u0e38\u0e15\u0e2a\u0e32\u0e2b\u0e01\u0e23\u0e23\u0e21","description":"\u0e08\u0e33\u0e2b\u0e19\u0e48\u0e32\u0e22\u0e2b\u0e38\u0e48\u0e19\u0e22\u0e19\u0e15\u0e4c \u0e40\u0e04\u0e23\u0e37\u0e48\u0e2d\u0e07\u0e1b\u0e49\u0e2d\u0e19\u0e41\u0e1a\u0e1a\u0e22\u0e37\u0e14\u0e2b\u0e22\u0e38\u0e48\u0e19 \u0e40\u0e04\u0e23\u0e37\u0e48\u0e2d\u0e07\u0e1b\u0e49\u0e2d\u0e19\u0e41\u0e1a\u0e1a\u0e41\u0e23\u0e07\u0e40\u0e2b\u0e27\u0e35\u0e48\u0e22\u0e07 \u0e40\u0e04\u0e23\u0e37\u0e48\u0e2d\u0e07\u0e1b\u0e49\u0e2d\u0e19\u0e41\u0e1a\u0e1a\u0e2a\u0e31\u0e48\u0e19\u0e2d\u0e31\u0e15\u0e42\u0e19\u0e21\u0e31\u0e15\u0e34","potentialAction":[{"@type":"SearchAction","target":{"@type":"EntryPoint","urlTemplate":"https:\/\/swoer.vn\/?s={search_term_string}"},"query-input":{"@type":"PropertyValueSpecification","valueRequired":true,"valueName":"search_term_string"}}],"inLanguage":"th"}]}},"_links":{"self":[{"href":"https:\/\/swoer.vn\/th\/wp-json\/wp\/v2\/product\/4911","targetHints":{"allow":["GET"]}}],"collection":[{"href":"https:\/\/swoer.vn\/th\/wp-json\/wp\/v2\/product"}],"about":[{"href":"https:\/\/swoer.vn\/th\/wp-json\/wp\/v2\/types\/product"}],"replies":[{"embeddable":true,"href":"https:\/\/swoer.vn\/th\/wp-json\/wp\/v2\/comments?post=4911"}],"wp:featuredmedia":[{"embeddable":true,"href":"https:\/\/swoer.vn\/th\/wp-json\/wp\/v2\/media\/4912"}],"wp:attachment":[{"href":"https:\/\/swoer.vn\/th\/wp-json\/wp\/v2\/media?parent=4911"}],"wp:term":[{"taxonomy":"product_brand","embeddable":true,"href":"https:\/\/swoer.vn\/th\/wp-json\/wp\/v2\/product_brand?post=4911"},{"taxonomy":"product_cat","embeddable":true,"href":"https:\/\/swoer.vn\/th\/wp-json\/wp\/v2\/product_cat?post=4911"},{"taxonomy":"product_tag","embeddable":true,"href":"https:\/\/swoer.vn\/th\/wp-json\/wp\/v2\/product_tag?post=4911"}],"curies":[{"name":"wp","href":"https:\/\/api.w.org\/{rel}","templated":true}]}}