{"id":4839,"date":"2025-09-29T15:35:16","date_gmt":"2025-09-29T08:35:16","guid":{"rendered":"https:\/\/swoer.vn\/?post_type=product&#038;p=4839"},"modified":"2025-09-29T15:35:16","modified_gmt":"2025-09-29T08:35:16","slug":"may-dan-mang-quay-4-vi-tri-do-chinh-xac-cao","status":"publish","type":"product","link":"https:\/\/swoer.vn\/th\/manufacturer\/may-dan-mang-quay-4-vi-tri-do-chinh-xac-cao\/","title":{"rendered":"M\u00e1y d\u00e1n m\u00e0ng quay 4 v\u1ecb tr\u00ed \u0111\u1ed9 ch\u00ednh x\u00e1c cao"},"content":{"rendered":"<h2><span style=\"font-weight: 400;\">\u0e02\u0e49\u0e2d\u0e21\u0e39\u0e25\u0e08\u0e33\u0e40\u0e1e\u0e32\u0e30\u0e1c\u0e25\u0e34\u0e15\u0e20\u0e31\u0e13\u0e11\u0e4c<\/span><\/h2>\n<table>\n<tbody>\n<tr>\n<td><b>\u0e40\u0e04\u0e23\u0e37\u0e48\u0e2d\u0e07\u0e2b\u0e21\u0e32\u0e22\u0e01\u0e32\u0e23\u0e04\u0e49\u0e32<\/b><\/td>\n<td><b>\u0e2a\u0e27\u0e2d\u0e40\u0e2d\u0e2d\u0e23\u0e4c<\/b><\/td>\n<\/tr>\n<tr>\n<td><b>Xu\u1ea5t x\u1ee9<\/b><\/td>\n<td><b>\u0e08\u0e35\u0e19<\/b><\/td>\n<\/tr>\n<tr>\n<td><b>Lo\u1ea1i bao b\u00ec<\/b><\/td>\n<td><span style=\"font-weight: 400;\">B\u1ecdc, M\u00e0ng m\u1ecfng (\u5305, \u8584\u819c)<\/span><\/td>\n<\/tr>\n<tr>\n<td><b>V\u1eadt li\u1ec7u ch\u1ebf t\u1ea1o<\/b><\/td>\n<td><b>\u0e2a\u0e41\u0e15\u0e19\u0e40\u0e25\u0e2a<\/b><span style=\"font-weight: 400;\"> (\u4e0d\u9508\u94a2)<\/span><\/td>\n<\/tr>\n<tr>\n<td><b>\u0e41\u0e23\u0e07\u0e14\u0e31\u0e19\u0e44\u0e1f\u0e1f\u0e49\u0e32<\/b><\/td>\n<td><b>220\u0e42\u0e27\u0e25\u0e15\u0e4c<\/b><\/td>\n<\/tr>\n<tr>\n<td><b>Tr\u1ecdng l\u01b0\u1ee3ng m\u00e1y<\/b><\/td>\n<td><b>300KG<\/b><\/td>\n<\/tr>\n<tr>\n<td><b>Linh ki\u1ec7n c\u1ed1t l\u00f5i<\/b><\/td>\n<td><b>\u0110\u1ed9ng c\u01a1, PLC<\/b><span style=\"font-weight: 400;\"> (\u7535\u673a, PLC)<\/span><\/td>\n<\/tr>\n<tr>\n<td><b>Ch\u1ee9c n\u0103ng ch\u00ednh<\/b><\/td>\n<td><span style=\"font-weight: 400;\">\u0110\u00f3ng g\u00f3i, D\u00e1n k\u00edn, \u0110\u1ebfm s\u1ed1 l\u01b0\u1ee3ng (\u5305\u88c5, \u5c01\u53e3, \u8ba1\u6570)<\/span><\/td>\n<\/tr>\n<tr>\n<td><b>Ch\u1ebf \u0111\u1ed9 ho\u1ea1t \u0111\u1ed9ng<\/b><\/td>\n<td><b>M\u00e0n h\u00ecnh c\u1ea3m \u1ee9ng<\/b><span style=\"font-weight: 400;\"> (\u89e6\u6478\u5c4f)<\/span><\/td>\n<\/tr>\n<tr>\n<td><b>T\u1ed1c \u0111\u1ed9 s\u1ea3n xu\u1ea5t<\/b><\/td>\n<td><span style=\"font-weight: 400;\">20-40 <\/span><b>t\u00fai\/ph\u00fat<\/b><span style=\"font-weight: 400;\"> (20-40 \u888b\/\u5206\u949f)<\/span><\/td>\n<\/tr>\n<tr>\n<td><b>\u0110\u00f3ng g\u00f3i<\/b><\/td>\n<td><span style=\"font-weight: 400;\">H\u00f2m g\u1ed7 (\u6728\u7bb1)<\/span><\/td>\n<\/tr>\n<tr>\n<td><b>B\u1ea3o h\u00e0nh chung<\/b><\/td>\n<td><b>\u0e2b\u0e19\u0e36\u0e48\u0e07\u0e1b\u0e35<\/b><\/td>\n<\/tr>\n<tr>\n<td><b>Video xu\u1ea5t x\u01b0\u1edfng<\/b><\/td>\n<td><span style=\"font-weight: 400;\">C\u00f3 th\u1ec3 cung c\u1ea5p (\u53ef\u63d0\u4f9b)<\/span><\/td>\n<\/tr>\n<\/tbody>\n<\/table>\n<h2><span style=\"font-weight: 400;\">\u0e04\u0e38\u0e13\u0e2a\u0e21\u0e1a\u0e31\u0e15\u0e34<\/span><\/h2>\n<p><b>M\u00e1y d\u00e1n m\u00e0ng quay 4 v\u1ecb tr\u00ed \u0111\u1ed9 ch\u00ednh x\u00e1c cao<\/b><span style=\"font-weight: 400;\"> (High-Precision Four-Station Rotary Film Laminator) l\u00e0 m\u1ed9t thi\u1ebft b\u1ecb t\u1ef1 \u0111\u1ed9ng h\u00f3a hi\u1ec7u su\u1ea5t cao, \u0111\u01b0\u1ee3c \u1ee9ng d\u1ee5ng r\u1ed9ng r\u00e3i \u0111\u1ec3 d\u00e1n c\u00e1c lo\u1ea1i m\u00e0ng b\u1ea3o v\u1ec7 ho\u1eb7c m\u00e0ng ch\u1ee9c n\u0103ng l\u00ean b\u1ec1 m\u1eb7t s\u1ea3n ph\u1ea9m nh\u01b0 m\u00e0n h\u00ecnh (\u0111i\u1ec7n tho\u1ea1i, m\u00e1y t\u00ednh b\u1ea3ng, laptop), k\u00ednh che ph\u1ee7, ho\u1eb7c th\u1ea5u k\u00ednh quang h\u1ecdc.<\/span><\/p>\n<p><span style=\"font-weight: 400;\">\u00dd t\u01b0\u1edfng thi\u1ebft k\u1ebf c\u1ed1t l\u00f5i c\u1ee7a lo\u1ea1i thi\u1ebft b\u1ecb n\u00e0y l\u00e0 <\/span><b>ph\u00e2n chia c\u00e1c quy tr\u00ecnh kh\u00e1c nhau th\u00e0nh nhi\u1ec1u v\u1ecb tr\u00ed l\u00e0m vi\u1ec7c (c\u00f4ng \u0111o\u1ea1n)<\/b><span style=\"font-weight: 400;\">. M\u1ed9t <\/span><b>b\u00e0n xoay trung t\u00e2m<\/b><span style=\"font-weight: 400;\"> (th\u01b0\u1eddng l\u00e0 m\u00e2m chia \u0111\u1ed9 4 v\u1ecb tr\u00ed) s\u1ebd lu\u00e2n chuy\u1ec3n s\u1ea3n ph\u1ea9m qua t\u1eebng c\u00f4ng \u0111o\u1ea1n m\u1ed9t c\u00e1ch tu\u1ea7n t\u1ef1, cho ph\u00e9p th\u1ef1c hi\u1ec7n nhi\u1ec1u c\u00f4ng vi\u1ec7c <\/span><b>song song<\/b><span style=\"font-weight: 400;\">, nh\u1edd \u0111\u00f3 \u0111\u1ea1t \u0111\u01b0\u1ee3c hi\u1ec7u su\u1ea5t r\u1ea5t cao.<\/span><\/p>\n<p><span style=\"font-weight: 400;\">V\u00ed d\u1ee5, khi m\u1ed9t s\u1ea3n ph\u1ea9m \u0111ang \u0111\u01b0\u1ee3c d\u00e1n m\u00e0ng, m\u1ed9t s\u1ea3n ph\u1ea9m kh\u00e1c \u0111ang \u0111\u01b0\u1ee3c l\u00e0m s\u1ea1ch, s\u1ea3n ph\u1ea9m th\u1ee9 ba \u0111ang \u0111\u01b0\u1ee3c ki\u1ec3m tra, v\u00e0 s\u1ea3n ph\u1ea9m th\u1ee9 t\u01b0 \u0111ang \u1edf c\u00f4ng \u0111o\u1ea1n c\u1ea5p\/l\u1ea5y li\u1ec7u. Qu\u00e1 tr\u00ecnh n\u00e0y di\u1ec5n ra li\u00ean t\u1ee5c.<\/span><\/p>\n<h2><span style=\"font-weight: 400;\">C\u00e1c b\u1ed9 ph\u1eadn c\u1ea5u t\u1ea1o c\u1ed1t l\u00f5i<\/span><\/h2>\n<p><span style=\"font-weight: 400;\">M\u1ed9t m\u00e1y d\u00e1n m\u00e0ng quay 4 v\u1ecb tr\u00ed \u0111\u1ed9 ch\u00ednh x\u00e1c cao th\u01b0\u1eddng bao g\u1ed3m c\u00e1c h\u1ec7 th\u1ed1ng con sau:<\/span><\/p>\n<ul>\n<li style=\"font-weight: 400;\" aria-level=\"1\"><b>Khung m\u00e1y v\u00e0 C\u1ea5u tr\u00fac:<\/b><span style=\"font-weight: 400;\"> Khung th\u00e9p ho\u1eb7c h\u1ee3p kim nh\u00f4m c\u01b0\u1eddng \u0111\u1ed9 cao, \u0111\u1ea3m b\u1ea3o \u0111\u1ed9 c\u1ee9ng v\u00e0 \u1ed5n \u0111\u1ecbnh, gi\u1ea3m thi\u1ec3u rung \u0111\u1ed9ng \u1ea3nh h\u01b0\u1edfng \u0111\u1ebfn \u0111\u1ed9 ch\u00ednh x\u00e1c.<\/span><\/li>\n<li style=\"font-weight: 400;\" aria-level=\"1\"><b>M\u00e2m chia \u0111\u1ed9 trung t\u00e2m:<\/b><span style=\"font-weight: 400;\"> B\u1ed9 ph\u1eadn truy\u1ec1n \u0111\u1ed9ng c\u1ed1t l\u00f5i, th\u01b0\u1eddng s\u1eed d\u1ee5ng <\/span><b>b\u1ed9 chia cam r\u1ed7ng \u0111\u1ed9 ch\u00ednh x\u00e1c cao<\/b><span style=\"font-weight: 400;\"> (high-precision hollow cam divider) \u0111\u1ec3 \u0111\u1ea3m b\u1ea3o \u0111\u1ed9 d\u1eebng ch\u00ednh x\u00e1c, kh\u00f4ng sai s\u1ed1 t\u00edch l\u0169y v\u00e0 v\u1eadn h\u00e0nh \u1ed5n \u0111\u1ecbnh t\u1ea1i m\u1ed7i v\u1ecb tr\u00ed.<\/span><\/li>\n<li style=\"font-weight: 400;\" aria-level=\"1\"><b>C\u00e1c M\u00f4-\u0111un V\u1ecb tr\u00ed:<\/b>\n<ul>\n<li style=\"font-weight: 400;\" aria-level=\"2\"><b>M\u00f4-\u0111un C\u1ea5p\/L\u1ea5y li\u1ec7u:<\/b><span style=\"font-weight: 400;\"> C\u00f3 th\u1ec3 k\u1ebft h\u1ee3p v\u1edbi robot \u0111\u1ec3 th\u1ef1c hi\u1ec7n c\u1ea5p\/l\u1ea5y li\u1ec7u t\u1ef1 \u0111\u1ed9ng.<\/span><\/li>\n<li style=\"font-weight: 400;\" aria-level=\"2\"><b>M\u00f4-\u0111un L\u00e0m s\u1ea1ch:<\/b><span style=\"font-weight: 400;\"> Bao g\u1ed3m qu\u1ea1t ion, h\u00fat ch\u00e2n kh\u00f4ng, thi\u1ebft b\u1ecb d\u00ednh b\u1ee5i, v.v.<\/span><\/li>\n<li style=\"font-weight: 400;\" aria-level=\"2\"><b>M\u00f4-\u0111un D\u00e1n m\u00e0ng (Lamination):<\/b><span style=\"font-weight: 400;\"> N\u1ec1n t\u1ea3ng chuy\u1ec3n \u0111\u1ed9ng \u0111\u1ed9 ch\u00ednh x\u00e1c cao (\u0111\u1ed9ng c\u01a1 servo + v\u00edt me bi\/\u0111\u1ed9ng c\u01a1 tuy\u1ebfn t\u00ednh), h\u1ec7 th\u1ed1ng c\u0103n ch\u1ec9nh th\u1ecb gi\u00e1c (vision), v\u00e0 \u0111\u1ea7u l\u0103n\/d\u00e1n.<\/span><\/li>\n<li style=\"font-weight: 400;\" aria-level=\"2\"><b>M\u00f4-\u0111un Ki\u1ec3m tra\/Duy tr\u00ec \u00e1p su\u1ea5t:<\/b><span style=\"font-weight: 400;\"> \u0e01\u0e25\u0e49\u0e2d\u0e07 <\/span><b>AOI<\/b><span style=\"font-weight: 400;\">, ngu\u1ed3n s\u00e1ng, xi lanh duy tr\u00ec \u00e1p su\u1ea5t ho\u1eb7c m\u00e1y \u00e9p servo.<\/span><\/li>\n<\/ul>\n<\/li>\n<li style=\"font-weight: 400;\" aria-level=\"1\"><b>H\u1ec7 th\u1ed1ng C\u1ea5p li\u1ec7u:<\/b><span style=\"font-weight: 400;\"> \u0110\u0129a \u0111\u1eb7t cu\u1ed9n m\u00e0ng, \u0111\u0129a thu m\u00e0ng, h\u1ec7 th\u1ed1ng ki\u1ec3m so\u00e1t l\u1ef1c c\u0103ng, v\u00e0 c\u01a1 c\u1ea5u \u0111i\u1ec1u ch\u1ec9nh l\u1ec7ch m\u00e0ng, d\u00f9ng \u0111\u1ec3 gi\u1eef v\u00e0 truy\u1ec1n m\u00e0ng cu\u1ed9n.<\/span><\/li>\n<li style=\"font-weight: 400;\" aria-level=\"1\"><b>H\u1ec7 th\u1ed1ng \u0110i\u1ec1u khi\u1ec3n \u0110i\u1ec7n t\u1eed:<\/b> <b>PLC<\/b><span style=\"font-weight: 400;\"> (B\u1ed9 \u0111i\u1ec1u khi\u1ec3n logic kh\u1ea3 tr\u00ecnh) l\u00e0 b\u1ed9 \u0111i\u1ec1u khi\u1ec3n ch\u00ednh, c\u00f9ng v\u1edbi b\u1ed9 \u0111i\u1ec1u khi\u1ec3n servo, c\u00e1c th\u00e0nh ph\u1ea7n kh\u00ed n\u00e9n v\u00e0 c\u1ea3m bi\u1ebfn (quang \u0111i\u1ec7n, s\u1ee3i quang) \u0111\u1ec3 ph\u1ed1i h\u1ee3p c\u00e1c h\u00e0nh \u0111\u1ed9ng.<\/span><\/li>\n<li style=\"font-weight: 400;\" aria-level=\"1\"><b>Giao di\u1ec7n Ng\u01b0\u1eddi-M\u00e1y:<\/b><span style=\"font-weight: 400;\"> M\u00e0n h\u00ecnh c\u1ea3m \u1ee9ng d\u00f9ng \u0111\u1ec3 c\u00e0i \u0111\u1eb7t th\u00f4ng s\u1ed1 (\u00e1p su\u1ea5t, t\u1ed1c \u0111\u1ed9, v\u1ecb tr\u00ed d\u00e1n), gi\u00e1m s\u00e1t tr\u1ea1ng th\u00e1i thi\u1ebft b\u1ecb v\u00e0 d\u1eef li\u1ec7u s\u1ea3n xu\u1ea5t.<\/span><\/li>\n<\/ul>\n<h2><span style=\"font-weight: 400;\">L\u0129nh v\u1ef1c \u1ee9ng d\u1ee5ng \u0111i\u1ec3n h\u00ecnh<\/span><\/h2>\n<ul>\n<li style=\"font-weight: 400;\" aria-level=\"1\"><b>\u0110i\u1ec7n t\u1eed Ti\u00eau d\u00f9ng:<\/b><span style=\"font-weight: 400;\"> M\u00e0ng b\u1ea3o v\u1ec7 m\u00e0n h\u00ecnh, m\u00e0n h\u00ecnh c\u1ea3m \u1ee9ng, k\u00ednh che ph\u1ee7, m\u00e0ng l\u01b0ng cho \u0111i\u1ec7n tho\u1ea1i\/m\u00e1y t\u00ednh b\u1ea3ng\/laptop.<\/span><\/li>\n<li style=\"font-weight: 400;\" aria-level=\"1\"><b>\u0110i\u1ec7n t\u1eed \u00d4 t\u00f4:<\/b><span style=\"font-weight: 400;\"> M\u00e0n h\u00ecnh hi\u1ec3n th\u1ecb tr\u00ean xe, d\u00e1n m\u00e0ng b\u1ea3ng \u0111i\u1ec1u khi\u1ec3n.<\/span><\/li>\n<li style=\"font-weight: 400;\" aria-level=\"1\"><b>Quang h\u1ecdc\/Quang \u0111i\u1ec7n t\u1eed:<\/b><span style=\"font-weight: 400;\"> Th\u1ea5u k\u00ednh camera, \u1ed1ng k\u00ednh quang h\u1ecdc, m\u00f4-\u0111un nh\u1eadn d\u1ea1ng v\u00e2n tay.<\/span><\/li>\n<li style=\"font-weight: 400;\" aria-level=\"1\"><b>Thi\u1ebft b\u1ecb Y t\u1ebf:<\/b><span style=\"font-weight: 400;\"> M\u00e0n h\u00ecnh hi\u1ec3n th\u1ecb y t\u1ebf, d\u00e1n m\u00e0ng c\u1ea3m bi\u1ebfn.<\/span><\/li>\n<\/ul>","protected":false},"excerpt":{"rendered":"<div id=\"d8bb49d284b47a51\" class=\"conversation-container message-actions-hover-boundary ng-star-inserted\">\n<div>\n<div class=\"response-container ng-tns-c1222284846-662 response-container-with-gpi is-mobile ng-star-inserted response-container-has-multiple-responses\">\n<div class=\"presented-response-container ng-tns-c1222284846-662\">\n<div class=\"response-container-content ng-tns-c1222284846-662 is-mobile\">\n<div class=\"response-content ng-tns-c1222284846-662\">\n<div id=\"model-response-message-contentr_d8bb49d284b47a51\" class=\"markdown markdown-main-panel enable-updated-hr-color\" dir=\"ltr\">\n<p><b>M\u00e1y d\u00e1n m\u00e0ng quay 4 v\u1ecb tr\u00ed \u0111\u1ed9 ch\u00ednh x\u00e1c cao<\/b> c\u1ee7a SWOER l\u00e0 gi\u1ea3i ph\u00e1p \u0111\u1ed9t ph\u00e1 d\u00e0nh cho c\u00e1c doanh nghi\u1ec7p s\u1ea3n xu\u1ea5t s\u1ed1 l\u01b0\u1ee3ng l\u1edbn, c\u1ea7n t\u1ed1c \u0111\u1ed9 v\u00e0 hi\u1ec7u su\u1ea5t v\u01b0\u1ee3t tr\u1ed9i. Thay v\u00ec x\u1eed l\u00fd t\u1eebng s\u1ea3n ph\u1ea9m ri\u00eang l\u1ebb, m\u00e1y s\u1eed d\u1ee5ng <b>c\u01a1 c\u1ea5u b\u00e0n quay (rotary) 4 v\u1ecb tr\u00ed<\/b>, cho ph\u00e9p th\u1ef1c hi\u1ec7n \u0111\u1ed3ng th\u1eddi c\u00e1c c\u00f4ng \u0111o\u1ea1n nh\u01b0 c\u1ea5p li\u1ec7u, d\u00e1n m\u00e0ng\/seal, v\u00e0 l\u1ea5y s\u1ea3n ph\u1ea9m ra. C\u01a1 ch\u1ebf n\u00e0y gi\u00fap <b>t\u1ed1i \u0111a h\u00f3a n\u0103ng su\u1ea5t<\/b> (throughput) tr\u00ean c\u00f9ng m\u1ed9t \u0111\u01a1n v\u1ecb th\u1eddi gian. \u0110\u1eb7c bi\u1ec7t, m\u00e1y t\u00edch h\u1ee3p h\u1ec7 th\u1ed1ng \u0111\u1ecbnh v\u1ecb v\u00e0 ki\u1ec3m so\u00e1t nhi\u1ec7t \u0111\u1ed9\/\u00e1p su\u1ea5t ti\u00ean ti\u1ebfn \u0111\u1ec3 \u0111\u1ea3m b\u1ea3o m\u1ed7i l\u1edbp seal \u0111\u01b0\u1ee3c d\u00e1n <b>ch\u00ednh x\u00e1c tuy\u1ec7t \u0111\u1ed1i<\/b> v\u00e0 \u0111\u1ed3ng nh\u1ea5t, lo\u1ea1i b\u1ecf l\u1ed7i l\u1ec7ch m\u00e0ng ho\u1eb7c d\u00e1n ch\u01b0a k\u00edn, gi\u1eef tr\u1ecdn v\u1eb9n ch\u1ea5t l\u01b0\u1ee3ng s\u1ea3n ph\u1ea9m b\u00ean trong.<\/p>\n<\/div>\n<\/div>\n<\/div>\n<\/div>\n<\/div>\n<\/div>\n<\/div>","protected":false},"featured_media":4840,"comment_status":"open","ping_status":"closed","template":"","meta":[],"product_brand":[],"product_cat":[149,76],"product_tag":[190,143,144],"class_list":{"0":"post-4839","1":"product","2":"type-product","3":"status-publish","4":"has-post-thumbnail","6":"product_cat-may-dan-nhan-tu-dong","7":"product_cat-san-pham-moi","8":"product_tag-may-dan-mang-tu-dong","9":"product_tag-may-dan-nhan","10":"product_tag-may-dan-nhan-tu-dong","12":"first","13":"instock","14":"shipping-taxable","15":"product-type-simple"},"yoast_head":"<!-- This site is optimized with the Yoast SEO plugin v26.0 - https:\/\/yoast.com\/wordpress\/plugins\/seo\/ -->\n<title>M\u00e1y d\u00e1n m\u00e0ng quay 4 v\u1ecb tr\u00ed \u0111\u1ed9 ch\u00ednh x\u00e1c cao - Nh\u00e0 s\u1ea3n xu\u1ea5t m\u00e1y c\u1ea5p li\u1ec7u c\u00f4ng nghi\u1ec7p<\/title>\n<meta name=\"description\" content=\"M\u00e1y d\u00e1n m\u00e0ng quay 4 v\u1ecb tr\u00ed \u0111\u1ed9 ch\u00ednh x\u00e1c cao SWOER: T\u1ef1 \u0111\u1ed9ng d\u00e1n m\u00e0ng\/seal n\u1eafp chai l\u1ecd v\u1edbi chu k\u1ef3 quay 4 v\u1ecb tr\u00ed, t\u1ed1i \u0111a h\u00f3a n\u0103ng su\u1ea5t. \u0110\u1ed9 ch\u00ednh x\u00e1c tuy\u1ec7t \u0111\u1ed1i\" \/>\n<meta name=\"robots\" content=\"index, follow, max-snippet:-1, max-image-preview:large, max-video-preview:-1\" \/>\n<link rel=\"canonical\" href=\"https:\/\/swoer.vn\/th\/manufacturer\/may-dan-mang-quay-4-vi-tri-do-chinh-xac-cao\/\" \/>\n<meta property=\"og:locale\" content=\"th_TH\" \/>\n<meta property=\"og:type\" content=\"article\" \/>\n<meta property=\"og:title\" content=\"M\u00e1y d\u00e1n m\u00e0ng quay 4 v\u1ecb tr\u00ed \u0111\u1ed9 ch\u00ednh x\u00e1c cao - Nh\u00e0 s\u1ea3n xu\u1ea5t m\u00e1y c\u1ea5p li\u1ec7u c\u00f4ng nghi\u1ec7p\" \/>\n<meta property=\"og:description\" content=\"M\u00e1y d\u00e1n m\u00e0ng quay 4 v\u1ecb tr\u00ed \u0111\u1ed9 ch\u00ednh x\u00e1c cao SWOER: T\u1ef1 \u0111\u1ed9ng d\u00e1n m\u00e0ng\/seal n\u1eafp chai l\u1ecd v\u1edbi chu k\u1ef3 quay 4 v\u1ecb tr\u00ed, t\u1ed1i \u0111a h\u00f3a n\u0103ng su\u1ea5t. \u0110\u1ed9 ch\u00ednh x\u00e1c tuy\u1ec7t \u0111\u1ed1i\" \/>\n<meta property=\"og:url\" content=\"https:\/\/swoer.vn\/th\/manufacturer\/may-dan-mang-quay-4-vi-tri-do-chinh-xac-cao\/\" \/>\n<meta property=\"og:site_name\" content=\"Nh\u00e0 s\u1ea3n xu\u1ea5t m\u00e1y c\u1ea5p li\u1ec7u c\u00f4ng nghi\u1ec7p\" \/>\n<meta property=\"og:image\" content=\"https:\/\/swoer.vn\/wp-content\/uploads\/2025\/09\/May-dan-mang-quay-4-vi-tri-do-chinh-xac-cao.png\" \/>\n\t<meta property=\"og:image:width\" content=\"800\" \/>\n\t<meta property=\"og:image:height\" content=\"800\" \/>\n\t<meta property=\"og:image:type\" content=\"image\/png\" \/>\n<meta name=\"twitter:card\" content=\"summary_large_image\" \/>\n<meta name=\"twitter:label1\" content=\"Est. reading time\" \/>\n\t<meta name=\"twitter:data1\" content=\"4 \u0e19\u0e32\u0e17\u0e35\" \/>\n<script type=\"application\/ld+json\" class=\"yoast-schema-graph\">{\"@context\":\"https:\/\/schema.org\",\"@graph\":[{\"@type\":\"WebPage\",\"@id\":\"https:\/\/swoer.vn\/manufacturer\/may-dan-mang-quay-4-vi-tri-do-chinh-xac-cao\/\",\"url\":\"https:\/\/swoer.vn\/manufacturer\/may-dan-mang-quay-4-vi-tri-do-chinh-xac-cao\/\",\"name\":\"M\u00e1y d\u00e1n m\u00e0ng quay 4 v\u1ecb tr\u00ed \u0111\u1ed9 ch\u00ednh x\u00e1c cao - Nh\u00e0 s\u1ea3n xu\u1ea5t m\u00e1y c\u1ea5p li\u1ec7u c\u00f4ng nghi\u1ec7p\",\"isPartOf\":{\"@id\":\"https:\/\/swoer.vn\/#website\"},\"primaryImageOfPage\":{\"@id\":\"https:\/\/swoer.vn\/manufacturer\/may-dan-mang-quay-4-vi-tri-do-chinh-xac-cao\/#primaryimage\"},\"image\":{\"@id\":\"https:\/\/swoer.vn\/manufacturer\/may-dan-mang-quay-4-vi-tri-do-chinh-xac-cao\/#primaryimage\"},\"thumbnailUrl\":\"https:\/\/swoer.vn\/wp-content\/uploads\/2025\/09\/May-dan-mang-quay-4-vi-tri-do-chinh-xac-cao.png\",\"datePublished\":\"2025-09-29T08:35:16+00:00\",\"description\":\"M\u00e1y d\u00e1n m\u00e0ng quay 4 v\u1ecb tr\u00ed \u0111\u1ed9 ch\u00ednh x\u00e1c cao SWOER: T\u1ef1 \u0111\u1ed9ng d\u00e1n m\u00e0ng\/seal n\u1eafp chai l\u1ecd v\u1edbi chu k\u1ef3 quay 4 v\u1ecb tr\u00ed, t\u1ed1i \u0111a h\u00f3a n\u0103ng su\u1ea5t. \u0110\u1ed9 ch\u00ednh x\u00e1c tuy\u1ec7t \u0111\u1ed1i\",\"breadcrumb\":{\"@id\":\"https:\/\/swoer.vn\/manufacturer\/may-dan-mang-quay-4-vi-tri-do-chinh-xac-cao\/#breadcrumb\"},\"inLanguage\":\"th\",\"potentialAction\":[{\"@type\":\"ReadAction\",\"target\":[\"https:\/\/swoer.vn\/manufacturer\/may-dan-mang-quay-4-vi-tri-do-chinh-xac-cao\/\"]}]},{\"@type\":\"ImageObject\",\"inLanguage\":\"th\",\"@id\":\"https:\/\/swoer.vn\/manufacturer\/may-dan-mang-quay-4-vi-tri-do-chinh-xac-cao\/#primaryimage\",\"url\":\"https:\/\/swoer.vn\/wp-content\/uploads\/2025\/09\/May-dan-mang-quay-4-vi-tri-do-chinh-xac-cao.png\",\"contentUrl\":\"https:\/\/swoer.vn\/wp-content\/uploads\/2025\/09\/May-dan-mang-quay-4-vi-tri-do-chinh-xac-cao.png\",\"width\":800,\"height\":800,\"caption\":\"Ma\u0301y da\u0301n ma\u0300ng quay 4 vi\u0323 tri\u0301 \u0111o\u0323\u0302 chi\u0301nh xa\u0301c cao\"},{\"@type\":\"BreadcrumbList\",\"@id\":\"https:\/\/swoer.vn\/manufacturer\/may-dan-mang-quay-4-vi-tri-do-chinh-xac-cao\/#breadcrumb\",\"itemListElement\":[{\"@type\":\"ListItem\",\"position\":1,\"name\":\"Home\",\"item\":\"https:\/\/swoer.vn\/\"},{\"@type\":\"ListItem\",\"position\":2,\"name\":\"S\u1ea3n ph\u1ea9m\",\"item\":\"https:\/\/swoer.vn\/shop\/\"},{\"@type\":\"ListItem\",\"position\":3,\"name\":\"M\u00e1y d\u00e1n m\u00e0ng quay 4 v\u1ecb tr\u00ed \u0111\u1ed9 ch\u00ednh x\u00e1c cao\"}]},{\"@type\":\"WebSite\",\"@id\":\"https:\/\/swoer.vn\/#website\",\"url\":\"https:\/\/swoer.vn\/\",\"name\":\"Nh\u00e0 s\u1ea3n xu\u1ea5t m\u00e1y c\u1ea5p li\u1ec7u c\u00f4ng nghi\u1ec7p\",\"description\":\"Nh\u00e0 cung c\u1ea5p robot, m\u00e1y c\u1ea5p li\u1ec7u linh ho\u1ea1t, m\u00e1y c\u1ea5p li\u1ec7u ly t\u00e2m, m\u00e1y c\u1ea5p li\u1ec7u rung t\u1ef1 \u0111\u1ed9ng\",\"potentialAction\":[{\"@type\":\"SearchAction\",\"target\":{\"@type\":\"EntryPoint\",\"urlTemplate\":\"https:\/\/swoer.vn\/?s={search_term_string}\"},\"query-input\":{\"@type\":\"PropertyValueSpecification\",\"valueRequired\":true,\"valueName\":\"search_term_string\"}}],\"inLanguage\":\"th\"}]}<\/script>\n<!-- \/ Yoast SEO plugin. -->","yoast_head_json":{"title":"M\u00e1y d\u00e1n m\u00e0ng quay 4 v\u1ecb tr\u00ed \u0111\u1ed9 ch\u00ednh x\u00e1c cao - Nh\u00e0 s\u1ea3n xu\u1ea5t m\u00e1y c\u1ea5p li\u1ec7u c\u00f4ng nghi\u1ec7p","description":"M\u00e1y d\u00e1n m\u00e0ng quay 4 v\u1ecb tr\u00ed \u0111\u1ed9 ch\u00ednh x\u00e1c cao SWOER: T\u1ef1 \u0111\u1ed9ng d\u00e1n m\u00e0ng\/seal n\u1eafp chai l\u1ecd v\u1edbi chu k\u1ef3 quay 4 v\u1ecb tr\u00ed, t\u1ed1i \u0111a h\u00f3a n\u0103ng su\u1ea5t. \u0110\u1ed9 ch\u00ednh x\u00e1c tuy\u1ec7t \u0111\u1ed1i","robots":{"index":"index","follow":"follow","max-snippet":"max-snippet:-1","max-image-preview":"max-image-preview:large","max-video-preview":"max-video-preview:-1"},"canonical":"https:\/\/swoer.vn\/th\/manufacturer\/may-dan-mang-quay-4-vi-tri-do-chinh-xac-cao\/","og_locale":"th_TH","og_type":"article","og_title":"M\u00e1y d\u00e1n m\u00e0ng quay 4 v\u1ecb tr\u00ed \u0111\u1ed9 ch\u00ednh x\u00e1c cao - Nh\u00e0 s\u1ea3n xu\u1ea5t m\u00e1y c\u1ea5p li\u1ec7u c\u00f4ng nghi\u1ec7p","og_description":"M\u00e1y d\u00e1n m\u00e0ng quay 4 v\u1ecb tr\u00ed \u0111\u1ed9 ch\u00ednh x\u00e1c cao SWOER: T\u1ef1 \u0111\u1ed9ng d\u00e1n m\u00e0ng\/seal n\u1eafp chai l\u1ecd v\u1edbi chu k\u1ef3 quay 4 v\u1ecb tr\u00ed, t\u1ed1i \u0111a h\u00f3a n\u0103ng su\u1ea5t. \u0110\u1ed9 ch\u00ednh x\u00e1c tuy\u1ec7t \u0111\u1ed1i","og_url":"https:\/\/swoer.vn\/th\/manufacturer\/may-dan-mang-quay-4-vi-tri-do-chinh-xac-cao\/","og_site_name":"Nh\u00e0 s\u1ea3n xu\u1ea5t m\u00e1y c\u1ea5p li\u1ec7u c\u00f4ng nghi\u1ec7p","og_image":[{"width":800,"height":800,"url":"https:\/\/swoer.vn\/wp-content\/uploads\/2025\/09\/May-dan-mang-quay-4-vi-tri-do-chinh-xac-cao.png","type":"image\/png"}],"twitter_card":"summary_large_image","twitter_misc":{"Est. reading time":"4 \u0e19\u0e32\u0e17\u0e35"},"schema":{"@context":"https:\/\/schema.org","@graph":[{"@type":"WebPage","@id":"https:\/\/swoer.vn\/manufacturer\/may-dan-mang-quay-4-vi-tri-do-chinh-xac-cao\/","url":"https:\/\/swoer.vn\/manufacturer\/may-dan-mang-quay-4-vi-tri-do-chinh-xac-cao\/","name":"M\u00e1y d\u00e1n m\u00e0ng quay 4 v\u1ecb tr\u00ed \u0111\u1ed9 ch\u00ednh x\u00e1c cao - Nh\u00e0 s\u1ea3n xu\u1ea5t m\u00e1y c\u1ea5p li\u1ec7u c\u00f4ng nghi\u1ec7p","isPartOf":{"@id":"https:\/\/swoer.vn\/#website"},"primaryImageOfPage":{"@id":"https:\/\/swoer.vn\/manufacturer\/may-dan-mang-quay-4-vi-tri-do-chinh-xac-cao\/#primaryimage"},"image":{"@id":"https:\/\/swoer.vn\/manufacturer\/may-dan-mang-quay-4-vi-tri-do-chinh-xac-cao\/#primaryimage"},"thumbnailUrl":"https:\/\/swoer.vn\/wp-content\/uploads\/2025\/09\/May-dan-mang-quay-4-vi-tri-do-chinh-xac-cao.png","datePublished":"2025-09-29T08:35:16+00:00","description":"M\u00e1y d\u00e1n m\u00e0ng quay 4 v\u1ecb tr\u00ed \u0111\u1ed9 ch\u00ednh x\u00e1c cao SWOER: T\u1ef1 \u0111\u1ed9ng d\u00e1n m\u00e0ng\/seal n\u1eafp chai l\u1ecd v\u1edbi chu k\u1ef3 quay 4 v\u1ecb tr\u00ed, t\u1ed1i \u0111a h\u00f3a n\u0103ng su\u1ea5t. \u0110\u1ed9 ch\u00ednh x\u00e1c tuy\u1ec7t \u0111\u1ed1i","breadcrumb":{"@id":"https:\/\/swoer.vn\/manufacturer\/may-dan-mang-quay-4-vi-tri-do-chinh-xac-cao\/#breadcrumb"},"inLanguage":"th","potentialAction":[{"@type":"ReadAction","target":["https:\/\/swoer.vn\/manufacturer\/may-dan-mang-quay-4-vi-tri-do-chinh-xac-cao\/"]}]},{"@type":"ImageObject","inLanguage":"th","@id":"https:\/\/swoer.vn\/manufacturer\/may-dan-mang-quay-4-vi-tri-do-chinh-xac-cao\/#primaryimage","url":"https:\/\/swoer.vn\/wp-content\/uploads\/2025\/09\/May-dan-mang-quay-4-vi-tri-do-chinh-xac-cao.png","contentUrl":"https:\/\/swoer.vn\/wp-content\/uploads\/2025\/09\/May-dan-mang-quay-4-vi-tri-do-chinh-xac-cao.png","width":800,"height":800,"caption":"Ma\u0301y da\u0301n ma\u0300ng quay 4 vi\u0323 tri\u0301 \u0111o\u0323\u0302 chi\u0301nh xa\u0301c cao"},{"@type":"BreadcrumbList","@id":"https:\/\/swoer.vn\/manufacturer\/may-dan-mang-quay-4-vi-tri-do-chinh-xac-cao\/#breadcrumb","itemListElement":[{"@type":"ListItem","position":1,"name":"Home","item":"https:\/\/swoer.vn\/"},{"@type":"ListItem","position":2,"name":"S\u1ea3n ph\u1ea9m","item":"https:\/\/swoer.vn\/shop\/"},{"@type":"ListItem","position":3,"name":"M\u00e1y d\u00e1n m\u00e0ng quay 4 v\u1ecb tr\u00ed \u0111\u1ed9 ch\u00ednh x\u00e1c cao"}]},{"@type":"WebSite","@id":"https:\/\/swoer.vn\/#website","url":"https:\/\/swoer.vn\/","name":"\u0e1c\u0e39\u0e49\u0e1c\u0e25\u0e34\u0e15\u0e40\u0e04\u0e23\u0e37\u0e48\u0e2d\u0e07\u0e1b\u0e49\u0e2d\u0e19\u0e2d\u0e32\u0e2b\u0e32\u0e23\u0e2d\u0e38\u0e15\u0e2a\u0e32\u0e2b\u0e01\u0e23\u0e23\u0e21","description":"\u0e08\u0e33\u0e2b\u0e19\u0e48\u0e32\u0e22\u0e2b\u0e38\u0e48\u0e19\u0e22\u0e19\u0e15\u0e4c \u0e40\u0e04\u0e23\u0e37\u0e48\u0e2d\u0e07\u0e1b\u0e49\u0e2d\u0e19\u0e41\u0e1a\u0e1a\u0e22\u0e37\u0e14\u0e2b\u0e22\u0e38\u0e48\u0e19 \u0e40\u0e04\u0e23\u0e37\u0e48\u0e2d\u0e07\u0e1b\u0e49\u0e2d\u0e19\u0e41\u0e1a\u0e1a\u0e41\u0e23\u0e07\u0e40\u0e2b\u0e27\u0e35\u0e48\u0e22\u0e07 \u0e40\u0e04\u0e23\u0e37\u0e48\u0e2d\u0e07\u0e1b\u0e49\u0e2d\u0e19\u0e41\u0e1a\u0e1a\u0e2a\u0e31\u0e48\u0e19\u0e2d\u0e31\u0e15\u0e42\u0e19\u0e21\u0e31\u0e15\u0e34","potentialAction":[{"@type":"SearchAction","target":{"@type":"EntryPoint","urlTemplate":"https:\/\/swoer.vn\/?s={search_term_string}"},"query-input":{"@type":"PropertyValueSpecification","valueRequired":true,"valueName":"search_term_string"}}],"inLanguage":"th"}]}},"_links":{"self":[{"href":"https:\/\/swoer.vn\/th\/wp-json\/wp\/v2\/product\/4839","targetHints":{"allow":["GET"]}}],"collection":[{"href":"https:\/\/swoer.vn\/th\/wp-json\/wp\/v2\/product"}],"about":[{"href":"https:\/\/swoer.vn\/th\/wp-json\/wp\/v2\/types\/product"}],"replies":[{"embeddable":true,"href":"https:\/\/swoer.vn\/th\/wp-json\/wp\/v2\/comments?post=4839"}],"wp:featuredmedia":[{"embeddable":true,"href":"https:\/\/swoer.vn\/th\/wp-json\/wp\/v2\/media\/4840"}],"wp:attachment":[{"href":"https:\/\/swoer.vn\/th\/wp-json\/wp\/v2\/media?parent=4839"}],"wp:term":[{"taxonomy":"product_brand","embeddable":true,"href":"https:\/\/swoer.vn\/th\/wp-json\/wp\/v2\/product_brand?post=4839"},{"taxonomy":"product_cat","embeddable":true,"href":"https:\/\/swoer.vn\/th\/wp-json\/wp\/v2\/product_cat?post=4839"},{"taxonomy":"product_tag","embeddable":true,"href":"https:\/\/swoer.vn\/th\/wp-json\/wp\/v2\/product_tag?post=4839"}],"curies":[{"name":"wp","href":"https:\/\/api.w.org\/{rel}","templated":true}]}}