{"id":4831,"date":"2025-09-29T10:31:31","date_gmt":"2025-09-29T03:31:31","guid":{"rendered":"https:\/\/swoer.vn\/?post_type=product&#038;p=4831"},"modified":"2025-09-29T10:31:32","modified_gmt":"2025-09-29T03:31:32","slug":"may-dan-mang-tu-dong-bang-thi-giac","status":"publish","type":"product","link":"https:\/\/swoer.vn\/th\/manufacturer\/may-dan-mang-tu-dong-bang-thi-giac\/","title":{"rendered":"M\u00e1y d\u00e1n m\u00e0ng t\u1ef1 \u0111\u1ed9ng b\u1eb1ng th\u1ecb gi\u00e1c"},"content":{"rendered":"<h2><span style=\"font-weight: 400;\">\u0e02\u0e49\u0e2d\u0e21\u0e39\u0e25\u0e08\u0e33\u0e40\u0e1e\u0e32\u0e30\u0e1c\u0e25\u0e34\u0e15\u0e20\u0e31\u0e13\u0e11\u0e4c<\/span><\/h2>\n<table>\n<tbody>\n<tr>\n<td><span style=\"font-weight: 400;\">\u0e25\u0e31\u0e01\u0e29\u0e13\u0e30\u0e40\u0e14\u0e48\u0e19<\/span><\/td>\n<td><span style=\"font-weight: 400;\">Chi ti\u1ebft<\/span><\/td>\n<\/tr>\n<tr>\n<td><b>\u0e40\u0e04\u0e23\u0e37\u0e48\u0e2d\u0e07\u0e2b\u0e21\u0e32\u0e22\u0e01\u0e32\u0e23\u0e04\u0e49\u0e32<\/b><\/td>\n<td><span style=\"font-weight: 400;\">\u0e2a\u0e27\u0e2d\u0e40\u0e2d\u0e2d\u0e23\u0e4c<\/span><\/td>\n<\/tr>\n<tr>\n<td><b>Xu\u1ea5t x\u1ee9<\/b><\/td>\n<td><span style=\"font-weight: 400;\">\u0e08\u0e35\u0e19<\/span><\/td>\n<\/tr>\n<tr>\n<td><b>M\u1ee9c \u0111\u1ed9 t\u1ef1 \u0111\u1ed9ng h\u00f3a<\/b><\/td>\n<td><span style=\"font-weight: 400;\">T\u1ef1 \u0111\u1ed9ng<\/span><\/td>\n<\/tr>\n<tr>\n<td><b>\u0e41\u0e23\u0e07\u0e14\u0e31\u0e19\u0e44\u0e1f\u0e1f\u0e49\u0e32<\/b><\/td>\n<td><span style=\"font-weight: 400;\">220\u0e42\u0e27\u0e25\u0e15\u0e4c<\/span><\/td>\n<\/tr>\n<tr>\n<td><b>Linh ki\u1ec7n c\u1ed1t l\u00f5i<\/b><\/td>\n<td><span style=\"font-weight: 400;\">PLC, \u0110\u1ed9ng c\u01a1<\/span><\/td>\n<\/tr>\n<tr>\n<td><b>B\u1ea3o h\u00e0nh linh ki\u1ec7n c\u1ed1t l\u00f5i<\/b><\/td>\n<td><span style=\"font-weight: 400;\">\u0e2b\u0e19\u0e36\u0e48\u0e07\u0e1b\u0e35<\/span><\/td>\n<\/tr>\n<tr>\n<td><b>\u01afu \u0111i\u1ec3m n\u1ed5i b\u1eadt<\/b><\/td>\n<td><b>\u0e04\u0e27\u0e32\u0e21\u0e41\u0e21\u0e48\u0e19\u0e22\u0e33\u0e2a\u0e39\u0e07<\/b><\/td>\n<\/tr>\n<tr>\n<td><b>T\u1ed1c \u0111\u1ed9 s\u1ea3n xu\u1ea5t<\/b><\/td>\n<td><span style=\"font-weight: 400;\">10 &#8211; 20 PCS\/phu\u02cat<\/span><\/td>\n<\/tr>\n<tr>\n<td><b>\u0e04\u0e27\u0e32\u0e21\u0e41\u0e21\u0e48\u0e19\u0e22\u0e33<\/b><\/td>\n<td><span style=\"font-weight: 400;\">\u00b10.1 mm<\/span><\/td>\n<\/tr>\n<tr>\n<td><b>Chi\u1ec1u d\u00e0i nh\u00e3n<\/b><\/td>\n<td><span style=\"font-weight: 400;\">10 mm &#8211; 50 mm<\/span><\/td>\n<\/tr>\n<tr>\n<td><b>Chi\u1ec1u r\u1ed9ng nh\u00e3n<\/b><\/td>\n<td><span style=\"font-weight: 400;\">10 &#8211; 50 mm<\/span><\/td>\n<\/tr>\n<tr>\n<td><b>\u0e02\u0e19\u0e32\u0e14<\/b><span style=\"font-weight: 400;\"> (D\u00d7R\u00d7C)<\/span><\/td>\n<td><span style=\"font-weight: 400;\">1200\u00d71900\u00d71800 mm<\/span><\/td>\n<\/tr>\n<tr>\n<td><b>B\u1ea3o h\u00e0nh chung<\/b><\/td>\n<td><span style=\"font-weight: 400;\">\u0e2b\u0e19\u0e36\u0e48\u0e07\u0e1b\u0e35<\/span><\/td>\n<\/tr>\n<tr>\n<td><b>B\u00e1o c\u00e1o ki\u1ec3m tra c\u01a1 kh\u00ed<\/b><\/td>\n<td><span style=\"font-weight: 400;\">C\u00f3 s\u1eb5n<\/span><\/td>\n<\/tr>\n<tr>\n<td><b>Video ki\u1ec3m tra t\u1ea1i nh\u00e0 m\u00e1y<\/b><\/td>\n<td><span style=\"font-weight: 400;\">C\u00f3 s\u1eb5n<\/span><\/td>\n<\/tr>\n<tr>\n<td><b>V\u1eadt li\u1ec7u \u0111\u00f3ng g\u00f3i<\/b><\/td>\n<td><span style=\"font-weight: 400;\">G\u1ed7<\/span><\/td>\n<\/tr>\n<\/tbody>\n<\/table>\n<h2><span style=\"font-weight: 400;\">\u0e04\u0e38\u0e13\u0e2a\u0e21\u0e1a\u0e31\u0e15\u0e34:<\/span><\/h2>\n<p><span style=\"font-weight: 400;\">Lo\u1ea1i thi\u1ebft b\u1ecb t\u1ef1 \u0111\u1ed9ng n\u00e0y t\u00edch h\u1ee3p h\u1ec7 th\u1ed1ng th\u1ecb gi\u00e1c m\u00e1y v\u00e0 \u0111\u01b0\u1ee3c thi\u1ebft k\u1ebf chuy\u00ean bi\u1ec7t \u0111\u1ec3 d\u00e1n ch\u00ednh x\u00e1c m\u00e0ng b\u1ea3o v\u1ec7, m\u00e0ng ch\u1ee9c n\u0103ng (nh\u01b0 m\u00e0ng khu\u1ebfch t\u00e1n v\u00e0 m\u00e0ng ch\u1ed1ng ph\u1ea3n x\u1ea1) ho\u1eb7c m\u00e0ng trang tr\u00ed l\u00ean b\u1ec1 m\u1eb7t s\u1ea3n ph\u1ea9m.<\/span><\/p>\n<p><span style=\"font-weight: 400;\">C\u1ed1t l\u00f5i c\u1ee7a m\u00e1y n\u00e0y l\u00e0 &#8220;th\u1ecb gi\u00e1c&#8221;, s\u1eed d\u1ee5ng camera thay th\u1ebf m\u1eaft ng\u01b0\u1eddi \u0111\u1ec3 \u0111\u1ecbnh v\u1ecb, ph\u00e1t hi\u1ec7n v\u00e0 hi\u1ec7u ch\u1ec9nh ch\u00ednh x\u00e1c, \u0111\u1ea1t \u0111\u01b0\u1ee3c \u0111\u1ed9 ch\u00ednh x\u00e1c, t\u1ed1c \u0111\u1ed9 v\u00e0 \u0111\u1ed9 \u0111\u1ed3ng nh\u1ea5t m\u00e0 m\u1eaft ng\u01b0\u1eddi kh\u00f4ng th\u1ec3 \u0111\u1ea1t \u0111\u01b0\u1ee3c.<\/span><\/p>","protected":false},"excerpt":{"rendered":"<div id=\"9d8deaec85c46cea\" class=\"conversation-container message-actions-hover-boundary ng-star-inserted\">\n<div>\n<div class=\"response-container ng-tns-c1222284846-627 response-container-with-gpi is-mobile ng-star-inserted response-container-has-multiple-responses\">\n<div class=\"presented-response-container ng-tns-c1222284846-627\">\n<div class=\"response-container-content ng-tns-c1222284846-627 is-mobile\">\n<div class=\"response-content ng-tns-c1222284846-627\">\n<div id=\"model-response-message-contentr_9d8deaec85c46cea\" class=\"markdown markdown-main-panel enable-updated-hr-color\" dir=\"ltr\">\n<p><b>M\u00e1y d\u00e1n m\u00e0ng t\u1ef1 \u0111\u1ed9ng b\u1eb1ng Th\u1ecb gi\u00e1c (Vision Sealing Machine)<\/b> c\u1ee7a SWOER \u0111\u1ea1i di\u1ec7n cho c\u1ea5p \u0111\u1ed9 t\u1ef1 \u0111\u1ed9ng h\u00f3a v\u00e0 \u0111\u1ed9 ch\u00ednh x\u00e1c m\u1edbi nh\u1ea5t trong \u0111\u00f3ng g\u00f3i. Kh\u00e1c bi\u1ec7t v\u1edbi c\u00e1c m\u00e1y truy\u1ec1n th\u1ed1ng ch\u1ec9 d\u1ef1a v\u00e0o c\u01a1 c\u1ea5u \u0111\u1ecbnh v\u1ecb v\u1eadt l\u00fd, h\u1ec7 th\u1ed1ng n\u00e0y \u0111\u01b0\u1ee3c trang b\u1ecb <b>Vision System<\/b> \u0111\u1ec3 <b>qu\u00e9t v\u00e0 nh\u1eadn di\u1ec7n ch\u00ednh x\u00e1c<\/b> v\u1ecb tr\u00ed c\u1ee7a chai l\u1ecd v\u00e0 m\u00e0ng d\u00e1n. C\u00f4ng ngh\u1ec7 th\u1ecb gi\u00e1c m\u00e1y cho ph\u00e9p m\u00e1y <b>t\u1ef1 \u0111\u1ed9ng c\u0103n ch\u1ec9nh v\u00e0 b\u00f9 tr\u1eeb sai s\u1ed1<\/b> v\u1ecb tr\u00ed c\u1ee7a bao b\u00ec tr\u01b0\u1edbc khi d\u00e1n m\u00e0ng. \u0110i\u1ec1u n\u00e0y \u0111\u1ea3m b\u1ea3o l\u1edbp seal \u0111\u01b0\u1ee3c d\u00e1n ch\u00ednh x\u00e1c tuy\u1ec7t \u0111\u1ed1i, lo\u1ea1i b\u1ecf l\u1ed7i l\u1ec7ch m\u00e0ng tr\u00ean c\u00e1c s\u1ea3n ph\u1ea9m c\u00f3 h\u00ecnh d\u1ea1ng ph\u1ee9c t\u1ea1p ho\u1eb7c bao b\u00ec c\u00f3 \u0111\u1ed9 bi\u1ebfn \u0111\u1ed5i cao, mang l\u1ea1i <b>t\u00ednh th\u1ea9m m\u1ef9<\/b> \u0e41\u0e25\u0e30 <b>\u0111\u1ed9 k\u00edn<\/b> ho\u00e0n h\u1ea3o cho t\u1eebng s\u1ea3n ph\u1ea9m.<\/p>\n<\/div>\n<\/div>\n<\/div>\n<\/div>\n<\/div>\n<\/div>\n<\/div>","protected":false},"featured_media":4832,"comment_status":"open","ping_status":"closed","template":"","meta":[],"product_brand":[],"product_cat":[149,76],"product_tag":[190,143,144],"class_list":{"0":"post-4831","1":"product","2":"type-product","3":"status-publish","4":"has-post-thumbnail","6":"product_cat-may-dan-nhan-tu-dong","7":"product_cat-san-pham-moi","8":"product_tag-may-dan-mang-tu-dong","9":"product_tag-may-dan-nhan","10":"product_tag-may-dan-nhan-tu-dong","12":"first","13":"instock","14":"shipping-taxable","15":"product-type-simple"},"yoast_head":"<!-- This site is optimized with the Yoast SEO plugin v26.0 - https:\/\/yoast.com\/wordpress\/plugins\/seo\/ -->\n<title>M\u00e1y d\u00e1n m\u00e0ng t\u1ef1 \u0111\u1ed9ng b\u1eb1ng th\u1ecb gi\u00e1c - Nh\u00e0 s\u1ea3n xu\u1ea5t m\u00e1y c\u1ea5p li\u1ec7u c\u00f4ng nghi\u1ec7p<\/title>\n<meta name=\"description\" content=\"M\u00e1y d\u00e1n m\u00e0ng t\u1ef1 \u0111\u1ed9ng b\u1eb1ng Th\u1ecb gi\u00e1c SWOER: S\u1eed d\u1ee5ng c\u00f4ng ngh\u1ec7 Vision \u0111\u1ec3 c\u0103n ch\u1ec9nh v\u00e0 d\u00e1n m\u00e0ng\/seal n\u1eafp chai l\u1ecd. \u0110\u1ea3m b\u1ea3o c\u0103n ch\u1ec9nh 100% ch\u00ednh x\u00e1c, t\u1ed1i \u01b0u cho bao b\u00ec h\u00ecnh d\u1ea1ng ph\u1ee9c t\u1ea1p.\" \/>\n<meta name=\"robots\" content=\"index, follow, max-snippet:-1, max-image-preview:large, max-video-preview:-1\" \/>\n<link rel=\"canonical\" href=\"https:\/\/swoer.vn\/th\/manufacturer\/may-dan-mang-tu-dong-bang-thi-giac\/\" \/>\n<meta property=\"og:locale\" content=\"th_TH\" \/>\n<meta property=\"og:type\" content=\"article\" \/>\n<meta property=\"og:title\" content=\"M\u00e1y d\u00e1n m\u00e0ng t\u1ef1 \u0111\u1ed9ng b\u1eb1ng th\u1ecb gi\u00e1c - Nh\u00e0 s\u1ea3n xu\u1ea5t m\u00e1y c\u1ea5p li\u1ec7u c\u00f4ng nghi\u1ec7p\" \/>\n<meta property=\"og:description\" content=\"M\u00e1y d\u00e1n m\u00e0ng t\u1ef1 \u0111\u1ed9ng b\u1eb1ng Th\u1ecb gi\u00e1c SWOER: S\u1eed d\u1ee5ng c\u00f4ng ngh\u1ec7 Vision \u0111\u1ec3 c\u0103n ch\u1ec9nh v\u00e0 d\u00e1n m\u00e0ng\/seal n\u1eafp chai l\u1ecd. \u0110\u1ea3m b\u1ea3o c\u0103n ch\u1ec9nh 100% ch\u00ednh x\u00e1c, t\u1ed1i \u01b0u cho bao b\u00ec h\u00ecnh d\u1ea1ng ph\u1ee9c t\u1ea1p.\" \/>\n<meta property=\"og:url\" content=\"https:\/\/swoer.vn\/th\/manufacturer\/may-dan-mang-tu-dong-bang-thi-giac\/\" \/>\n<meta property=\"og:site_name\" content=\"Nh\u00e0 s\u1ea3n xu\u1ea5t m\u00e1y c\u1ea5p li\u1ec7u c\u00f4ng nghi\u1ec7p\" \/>\n<meta property=\"article:modified_time\" content=\"2025-09-29T03:31:32+00:00\" \/>\n<meta property=\"og:image\" content=\"https:\/\/swoer.vn\/wp-content\/uploads\/2025\/09\/May-dan-mang-tu-dong-bang-thi-giac-.png\" \/>\n\t<meta property=\"og:image:width\" content=\"800\" \/>\n\t<meta property=\"og:image:height\" content=\"800\" \/>\n\t<meta property=\"og:image:type\" content=\"image\/png\" \/>\n<meta name=\"twitter:card\" content=\"summary_large_image\" \/>\n<meta name=\"twitter:label1\" content=\"Est. reading time\" \/>\n\t<meta name=\"twitter:data1\" content=\"2 \u0e19\u0e32\u0e17\u0e35\" \/>\n<script type=\"application\/ld+json\" class=\"yoast-schema-graph\">{\"@context\":\"https:\/\/schema.org\",\"@graph\":[{\"@type\":\"WebPage\",\"@id\":\"https:\/\/swoer.vn\/manufacturer\/may-dan-mang-tu-dong-bang-thi-giac\/\",\"url\":\"https:\/\/swoer.vn\/manufacturer\/may-dan-mang-tu-dong-bang-thi-giac\/\",\"name\":\"M\u00e1y d\u00e1n m\u00e0ng t\u1ef1 \u0111\u1ed9ng b\u1eb1ng th\u1ecb gi\u00e1c - Nh\u00e0 s\u1ea3n xu\u1ea5t m\u00e1y c\u1ea5p li\u1ec7u c\u00f4ng nghi\u1ec7p\",\"isPartOf\":{\"@id\":\"https:\/\/swoer.vn\/#website\"},\"primaryImageOfPage\":{\"@id\":\"https:\/\/swoer.vn\/manufacturer\/may-dan-mang-tu-dong-bang-thi-giac\/#primaryimage\"},\"image\":{\"@id\":\"https:\/\/swoer.vn\/manufacturer\/may-dan-mang-tu-dong-bang-thi-giac\/#primaryimage\"},\"thumbnailUrl\":\"https:\/\/swoer.vn\/wp-content\/uploads\/2025\/09\/May-dan-mang-tu-dong-bang-thi-giac-.png\",\"datePublished\":\"2025-09-29T03:31:31+00:00\",\"dateModified\":\"2025-09-29T03:31:32+00:00\",\"description\":\"M\u00e1y d\u00e1n m\u00e0ng t\u1ef1 \u0111\u1ed9ng b\u1eb1ng Th\u1ecb gi\u00e1c SWOER: S\u1eed d\u1ee5ng c\u00f4ng ngh\u1ec7 Vision \u0111\u1ec3 c\u0103n ch\u1ec9nh v\u00e0 d\u00e1n m\u00e0ng\/seal n\u1eafp chai l\u1ecd. \u0110\u1ea3m b\u1ea3o c\u0103n ch\u1ec9nh 100% ch\u00ednh x\u00e1c, t\u1ed1i \u01b0u cho bao b\u00ec h\u00ecnh d\u1ea1ng ph\u1ee9c t\u1ea1p.\",\"breadcrumb\":{\"@id\":\"https:\/\/swoer.vn\/manufacturer\/may-dan-mang-tu-dong-bang-thi-giac\/#breadcrumb\"},\"inLanguage\":\"th\",\"potentialAction\":[{\"@type\":\"ReadAction\",\"target\":[\"https:\/\/swoer.vn\/manufacturer\/may-dan-mang-tu-dong-bang-thi-giac\/\"]}]},{\"@type\":\"ImageObject\",\"inLanguage\":\"th\",\"@id\":\"https:\/\/swoer.vn\/manufacturer\/may-dan-mang-tu-dong-bang-thi-giac\/#primaryimage\",\"url\":\"https:\/\/swoer.vn\/wp-content\/uploads\/2025\/09\/May-dan-mang-tu-dong-bang-thi-giac-.png\",\"contentUrl\":\"https:\/\/swoer.vn\/wp-content\/uploads\/2025\/09\/May-dan-mang-tu-dong-bang-thi-giac-.png\",\"width\":800,\"height\":800,\"caption\":\"Ma\u0301y da\u0301n ma\u0300ng tu\u031b\u0323 \u0111o\u0323\u0302ng ba\u0306\u0300ng thi\u0323 gia\u0301c\"},{\"@type\":\"BreadcrumbList\",\"@id\":\"https:\/\/swoer.vn\/manufacturer\/may-dan-mang-tu-dong-bang-thi-giac\/#breadcrumb\",\"itemListElement\":[{\"@type\":\"ListItem\",\"position\":1,\"name\":\"Home\",\"item\":\"https:\/\/swoer.vn\/\"},{\"@type\":\"ListItem\",\"position\":2,\"name\":\"S\u1ea3n ph\u1ea9m\",\"item\":\"https:\/\/swoer.vn\/shop\/\"},{\"@type\":\"ListItem\",\"position\":3,\"name\":\"M\u00e1y d\u00e1n m\u00e0ng t\u1ef1 \u0111\u1ed9ng b\u1eb1ng th\u1ecb gi\u00e1c\"}]},{\"@type\":\"WebSite\",\"@id\":\"https:\/\/swoer.vn\/#website\",\"url\":\"https:\/\/swoer.vn\/\",\"name\":\"Nh\u00e0 s\u1ea3n xu\u1ea5t m\u00e1y c\u1ea5p li\u1ec7u c\u00f4ng nghi\u1ec7p\",\"description\":\"Nh\u00e0 cung c\u1ea5p robot, m\u00e1y c\u1ea5p li\u1ec7u linh ho\u1ea1t, m\u00e1y c\u1ea5p li\u1ec7u ly t\u00e2m, m\u00e1y c\u1ea5p li\u1ec7u rung t\u1ef1 \u0111\u1ed9ng\",\"potentialAction\":[{\"@type\":\"SearchAction\",\"target\":{\"@type\":\"EntryPoint\",\"urlTemplate\":\"https:\/\/swoer.vn\/?s={search_term_string}\"},\"query-input\":{\"@type\":\"PropertyValueSpecification\",\"valueRequired\":true,\"valueName\":\"search_term_string\"}}],\"inLanguage\":\"th\"}]}<\/script>\n<!-- \/ Yoast SEO plugin. -->","yoast_head_json":{"title":"M\u00e1y d\u00e1n m\u00e0ng t\u1ef1 \u0111\u1ed9ng b\u1eb1ng th\u1ecb gi\u00e1c - Nh\u00e0 s\u1ea3n xu\u1ea5t m\u00e1y c\u1ea5p li\u1ec7u c\u00f4ng nghi\u1ec7p","description":"M\u00e1y d\u00e1n m\u00e0ng t\u1ef1 \u0111\u1ed9ng b\u1eb1ng Th\u1ecb gi\u00e1c SWOER: S\u1eed d\u1ee5ng c\u00f4ng ngh\u1ec7 Vision \u0111\u1ec3 c\u0103n ch\u1ec9nh v\u00e0 d\u00e1n m\u00e0ng\/seal n\u1eafp chai l\u1ecd. \u0110\u1ea3m b\u1ea3o c\u0103n ch\u1ec9nh 100% ch\u00ednh x\u00e1c, t\u1ed1i \u01b0u cho bao b\u00ec h\u00ecnh d\u1ea1ng ph\u1ee9c t\u1ea1p.","robots":{"index":"index","follow":"follow","max-snippet":"max-snippet:-1","max-image-preview":"max-image-preview:large","max-video-preview":"max-video-preview:-1"},"canonical":"https:\/\/swoer.vn\/th\/manufacturer\/may-dan-mang-tu-dong-bang-thi-giac\/","og_locale":"th_TH","og_type":"article","og_title":"M\u00e1y d\u00e1n m\u00e0ng t\u1ef1 \u0111\u1ed9ng b\u1eb1ng th\u1ecb gi\u00e1c - Nh\u00e0 s\u1ea3n xu\u1ea5t m\u00e1y c\u1ea5p li\u1ec7u c\u00f4ng nghi\u1ec7p","og_description":"M\u00e1y d\u00e1n m\u00e0ng t\u1ef1 \u0111\u1ed9ng b\u1eb1ng Th\u1ecb gi\u00e1c SWOER: S\u1eed d\u1ee5ng c\u00f4ng ngh\u1ec7 Vision \u0111\u1ec3 c\u0103n ch\u1ec9nh v\u00e0 d\u00e1n m\u00e0ng\/seal n\u1eafp chai l\u1ecd. \u0110\u1ea3m b\u1ea3o c\u0103n ch\u1ec9nh 100% ch\u00ednh x\u00e1c, t\u1ed1i \u01b0u cho bao b\u00ec h\u00ecnh d\u1ea1ng ph\u1ee9c t\u1ea1p.","og_url":"https:\/\/swoer.vn\/th\/manufacturer\/may-dan-mang-tu-dong-bang-thi-giac\/","og_site_name":"Nh\u00e0 s\u1ea3n xu\u1ea5t m\u00e1y c\u1ea5p li\u1ec7u c\u00f4ng nghi\u1ec7p","article_modified_time":"2025-09-29T03:31:32+00:00","og_image":[{"width":800,"height":800,"url":"https:\/\/swoer.vn\/wp-content\/uploads\/2025\/09\/May-dan-mang-tu-dong-bang-thi-giac-.png","type":"image\/png"}],"twitter_card":"summary_large_image","twitter_misc":{"Est. reading time":"2 \u0e19\u0e32\u0e17\u0e35"},"schema":{"@context":"https:\/\/schema.org","@graph":[{"@type":"WebPage","@id":"https:\/\/swoer.vn\/manufacturer\/may-dan-mang-tu-dong-bang-thi-giac\/","url":"https:\/\/swoer.vn\/manufacturer\/may-dan-mang-tu-dong-bang-thi-giac\/","name":"M\u00e1y d\u00e1n m\u00e0ng t\u1ef1 \u0111\u1ed9ng b\u1eb1ng th\u1ecb gi\u00e1c - Nh\u00e0 s\u1ea3n xu\u1ea5t m\u00e1y c\u1ea5p li\u1ec7u c\u00f4ng nghi\u1ec7p","isPartOf":{"@id":"https:\/\/swoer.vn\/#website"},"primaryImageOfPage":{"@id":"https:\/\/swoer.vn\/manufacturer\/may-dan-mang-tu-dong-bang-thi-giac\/#primaryimage"},"image":{"@id":"https:\/\/swoer.vn\/manufacturer\/may-dan-mang-tu-dong-bang-thi-giac\/#primaryimage"},"thumbnailUrl":"https:\/\/swoer.vn\/wp-content\/uploads\/2025\/09\/May-dan-mang-tu-dong-bang-thi-giac-.png","datePublished":"2025-09-29T03:31:31+00:00","dateModified":"2025-09-29T03:31:32+00:00","description":"M\u00e1y d\u00e1n m\u00e0ng t\u1ef1 \u0111\u1ed9ng b\u1eb1ng Th\u1ecb gi\u00e1c SWOER: S\u1eed d\u1ee5ng c\u00f4ng ngh\u1ec7 Vision \u0111\u1ec3 c\u0103n ch\u1ec9nh v\u00e0 d\u00e1n m\u00e0ng\/seal n\u1eafp chai l\u1ecd. \u0110\u1ea3m b\u1ea3o c\u0103n ch\u1ec9nh 100% ch\u00ednh x\u00e1c, t\u1ed1i \u01b0u cho bao b\u00ec h\u00ecnh d\u1ea1ng ph\u1ee9c t\u1ea1p.","breadcrumb":{"@id":"https:\/\/swoer.vn\/manufacturer\/may-dan-mang-tu-dong-bang-thi-giac\/#breadcrumb"},"inLanguage":"th","potentialAction":[{"@type":"ReadAction","target":["https:\/\/swoer.vn\/manufacturer\/may-dan-mang-tu-dong-bang-thi-giac\/"]}]},{"@type":"ImageObject","inLanguage":"th","@id":"https:\/\/swoer.vn\/manufacturer\/may-dan-mang-tu-dong-bang-thi-giac\/#primaryimage","url":"https:\/\/swoer.vn\/wp-content\/uploads\/2025\/09\/May-dan-mang-tu-dong-bang-thi-giac-.png","contentUrl":"https:\/\/swoer.vn\/wp-content\/uploads\/2025\/09\/May-dan-mang-tu-dong-bang-thi-giac-.png","width":800,"height":800,"caption":"Ma\u0301y da\u0301n ma\u0300ng tu\u031b\u0323 \u0111o\u0323\u0302ng ba\u0306\u0300ng thi\u0323 gia\u0301c"},{"@type":"BreadcrumbList","@id":"https:\/\/swoer.vn\/manufacturer\/may-dan-mang-tu-dong-bang-thi-giac\/#breadcrumb","itemListElement":[{"@type":"ListItem","position":1,"name":"Home","item":"https:\/\/swoer.vn\/"},{"@type":"ListItem","position":2,"name":"S\u1ea3n ph\u1ea9m","item":"https:\/\/swoer.vn\/shop\/"},{"@type":"ListItem","position":3,"name":"M\u00e1y d\u00e1n m\u00e0ng t\u1ef1 \u0111\u1ed9ng b\u1eb1ng th\u1ecb gi\u00e1c"}]},{"@type":"WebSite","@id":"https:\/\/swoer.vn\/#website","url":"https:\/\/swoer.vn\/","name":"\u0e1c\u0e39\u0e49\u0e1c\u0e25\u0e34\u0e15\u0e40\u0e04\u0e23\u0e37\u0e48\u0e2d\u0e07\u0e1b\u0e49\u0e2d\u0e19\u0e2d\u0e32\u0e2b\u0e32\u0e23\u0e2d\u0e38\u0e15\u0e2a\u0e32\u0e2b\u0e01\u0e23\u0e23\u0e21","description":"\u0e08\u0e33\u0e2b\u0e19\u0e48\u0e32\u0e22\u0e2b\u0e38\u0e48\u0e19\u0e22\u0e19\u0e15\u0e4c \u0e40\u0e04\u0e23\u0e37\u0e48\u0e2d\u0e07\u0e1b\u0e49\u0e2d\u0e19\u0e41\u0e1a\u0e1a\u0e22\u0e37\u0e14\u0e2b\u0e22\u0e38\u0e48\u0e19 \u0e40\u0e04\u0e23\u0e37\u0e48\u0e2d\u0e07\u0e1b\u0e49\u0e2d\u0e19\u0e41\u0e1a\u0e1a\u0e41\u0e23\u0e07\u0e40\u0e2b\u0e27\u0e35\u0e48\u0e22\u0e07 \u0e40\u0e04\u0e23\u0e37\u0e48\u0e2d\u0e07\u0e1b\u0e49\u0e2d\u0e19\u0e41\u0e1a\u0e1a\u0e2a\u0e31\u0e48\u0e19\u0e2d\u0e31\u0e15\u0e42\u0e19\u0e21\u0e31\u0e15\u0e34","potentialAction":[{"@type":"SearchAction","target":{"@type":"EntryPoint","urlTemplate":"https:\/\/swoer.vn\/?s={search_term_string}"},"query-input":{"@type":"PropertyValueSpecification","valueRequired":true,"valueName":"search_term_string"}}],"inLanguage":"th"}]}},"_links":{"self":[{"href":"https:\/\/swoer.vn\/th\/wp-json\/wp\/v2\/product\/4831","targetHints":{"allow":["GET"]}}],"collection":[{"href":"https:\/\/swoer.vn\/th\/wp-json\/wp\/v2\/product"}],"about":[{"href":"https:\/\/swoer.vn\/th\/wp-json\/wp\/v2\/types\/product"}],"replies":[{"embeddable":true,"href":"https:\/\/swoer.vn\/th\/wp-json\/wp\/v2\/comments?post=4831"}],"wp:featuredmedia":[{"embeddable":true,"href":"https:\/\/swoer.vn\/th\/wp-json\/wp\/v2\/media\/4832"}],"wp:attachment":[{"href":"https:\/\/swoer.vn\/th\/wp-json\/wp\/v2\/media?parent=4831"}],"wp:term":[{"taxonomy":"product_brand","embeddable":true,"href":"https:\/\/swoer.vn\/th\/wp-json\/wp\/v2\/product_brand?post=4831"},{"taxonomy":"product_cat","embeddable":true,"href":"https:\/\/swoer.vn\/th\/wp-json\/wp\/v2\/product_cat?post=4831"},{"taxonomy":"product_tag","embeddable":true,"href":"https:\/\/swoer.vn\/th\/wp-json\/wp\/v2\/product_tag?post=4831"}],"curies":[{"name":"wp","href":"https:\/\/api.w.org\/{rel}","templated":true}]}}