{"id":4829,"date":"2025-09-27T10:52:23","date_gmt":"2025-09-27T03:52:23","guid":{"rendered":"https:\/\/swoer.vn\/?post_type=product&#038;p=4829"},"modified":"2025-09-27T10:53:58","modified_gmt":"2025-09-27T03:53:58","slug":"may-dan-nhan-hoan-toan-tu-dong","status":"publish","type":"product","link":"https:\/\/swoer.vn\/th\/manufacturer\/may-dan-nhan-hoan-toan-tu-dong\/","title":{"rendered":"M\u00e1y d\u00e1n nh\u00e3n ho\u00e0n to\u00e0n t\u1ef1 \u0111\u1ed9ng"},"content":{"rendered":"<p>Nguy\u00ean l\u00fd ho\u1ea1t \u0111\u1ed9ng c\u1ee7a m\u1ed9t m\u00e1y d\u00e1n nh\u00e3n ho\u00e0n to\u00e0n t\u1ef1 \u0111\u1ed9ng t\u1ed1t r\u1ea5t tinh t\u1ebf, l\u00e0 s\u1ef1 t\u00edch h\u1ee3p li\u1ec1n m\u1ea1ch c\u1ee7a m\u1ed9t lo\u1ea1t c\u00e1c thao t\u00e1c t\u1ef1 \u0111\u1ed9ng. M\u1eb7c d\u00f9 c\u00e1c m\u1eabu m\u00e3 c\u00f3 th\u1ec3 kh\u00e1c nhau, nh\u01b0ng nguy\u00ean l\u00fd ho\u1ea1t \u0111\u1ed9ng c\u1ed1t l\u00f5i c\u1ee7a ch\u00fang \u0111\u1ec1u d\u1ef1a tr\u00ean m\u1ed9t quy tr\u00ecnh c\u01a1 b\u1ea3n:<\/p>\n<h3>B\u01b0\u1edbc 1: C\u1ea5p nh\u00e3n<\/h3>\n<ul>\n<li>M\u1ed9t cu\u1ed9n nh\u00e3n (gi\u1ed1ng nh\u01b0 m\u1ed9t cu\u1ed9n b\u0103ng keo kh\u1ed5ng l\u1ed3) \u0111\u01b0\u1ee3c g\u1eafn tr\u00ean tr\u1ee5c th\u00e1o cu\u1ed9n c\u1ee7a m\u00e1y. M\u1ed9t c\u01a1 c\u1ea5u con l\u0103n, \u0111\u01b0\u1ee3c \u0111i\u1ec1u khi\u1ec3n ch\u00ednh x\u00e1c b\u1edfi \u0111\u1ed9ng c\u01a1 servo ho\u1eb7c \u0111\u1ed9ng c\u01a1 b\u01b0\u1edbc, b\u1eaft \u0111\u1ea7u k\u00e9o gi\u1ea5y l\u00f3t c\u1ee7a nh\u00e3n, \u0111\u1ea3m b\u1ea3o cu\u1ed9n nh\u00e3n \u0111\u01b0\u1ee3c th\u00e1o cu\u1ed9n \u0111\u1ed3ng \u0111\u1ec1u.<\/li>\n<li>M\u1ed9t m\u1eaft \u0111i\u1ec7n (c\u1ea3m bi\u1ebfn) ph\u00e1t hi\u1ec7n &#8220;kho\u1ea3ng tr\u1ed1ng&#8221; gi\u1eefa c\u00e1c nh\u00e3n ho\u1eb7c &#8220;d\u1ea5u hi\u1ec7u \u0111\u0103ng k\u00fd&#8221; tr\u00ean nh\u00e3n. M\u1ed7i khi ph\u00e1t hi\u1ec7n d\u1ea5u hi\u1ec7u, \u0111\u1ed9ng c\u01a1 s\u1ebd d\u1eebng l\u1ea1i, \u0111\u1ea3m b\u1ea3o ch\u1ec9 c\u00f3 m\u1ed9t nh\u00e3n \u0111\u01b0\u1ee3c c\u1ea5p nh\u00e3n t\u1ea1i m\u1ed9t th\u1eddi \u0111i\u1ec3m, \u0111\u1ea3m b\u1ea3o \u0111\u1ecbnh v\u1ecb ch\u00ednh x\u00e1c.<\/li>\n<\/ul>\n<h3>B\u01b0\u1edbc 2: B\u00f3c nh\u00e3n<\/h3>\n<ul>\n<li>\u0110\u00e2y l\u00e0 b\u01b0\u1edbc quan tr\u1ecdng nh\u1ea5t. Gi\u1ea5y l\u00f3t \u0111\u01b0\u1ee3c th\u00e1o ra s\u1ebd quay m\u1ea1nh khi \u0111i qua \u0111\u1ea7u c\u1ee7a m\u1ed9t t\u1ea5m b\u00f3c nh\u00e3n r\u1ea5t s\u1eafc v\u00e0 c\u1ee9ng (ho\u1eb7c thanh b\u00f3c nh\u00e3n).<\/li>\n<li>Do nh\u00e3n c\u00f3 \u0111\u1ed9 c\u1ee9ng (\u0111\u1ed9 c\u1ee9ng) v\u00e0 \u0111\u1ed9 d\u00ednh nh\u1ea5t \u0111\u1ecbnh, trong khi gi\u1ea5y n\u1ec1n m\u1ec1m, khi quay g\u1ea5p, qu\u00e1n t\u00ednh c\u1ee7a nh\u00e3n s\u1ebd khi\u1ebfn nh\u00e3n c\u1ed1 g\u1eafng duy tr\u00ec \u0111\u01b0\u1eddng th\u1eb3ng, khi\u1ebfn nh\u00e3n &#8220;n\u00e2ng&#8221; l\u00ean v\u00e0 t\u00e1ch kh\u1ecfi gi\u1ea5y n\u1ec1n. Gi\u1ea5y n\u1ec1n sau \u0111\u00f3 \u0111\u01b0\u1ee3c cu\u1ed9n l\u1ea1i v\u00e0o cu\u1ed9n.<\/li>\n<\/ul>\n<h3>B\u01b0\u1edbc 3: Ph\u00e1t hi\u1ec7n v\u00e0 D\u00e1n nh\u00e3n<\/h3>\n<ul>\n<li>M\u00f4 t\u1ea3 ho\u1ea1t \u0111\u1ed9ng:<\/li>\n<\/ul>\n<ol>\n<li>Tr\u00ean b\u0103ng chuy\u1ec1n s\u1ea3n ph\u1ea9m, m\u1ed9t c\u1ea3m bi\u1ebfn s\u1ea3n ph\u1ea9m kh\u00e1c s\u1ebd ph\u00e1t hi\u1ec7n nh\u00e3n theo th\u1eddi gian th\u1ef1c. Khi s\u1ea3n ph\u1ea9m \u0111\u01b0\u1ee3c b\u0103ng chuy\u1ec1n \u0111\u01b0a \u0111\u1ebfn v\u1ecb tr\u00ed d\u00e1n nh\u00e3n, c\u1ea3m bi\u1ebfn s\u1ebd ngay l\u1eadp t\u1ee9c g\u1eedi t\u00edn hi\u1ec7u.<\/li>\n<li>Sau khi nh\u1eadn \u0111\u01b0\u1ee3c t\u00edn hi\u1ec7u, thi\u1ebft b\u1ecb s\u1eed d\u1ee5ng hai ph\u01b0\u01a1ng ph\u00e1p d\u00e1n nh\u00e3n ch\u00ednh:<\/li>\n<\/ol>\n<ul>\n<li>D\u00e1n nh\u00e3n b\u1eb1ng d\u1ee5ng c\u1ee5 c\u1ea1o: M\u1ed9t d\u1ee5ng c\u1ee5 c\u1ea1o ho\u1eb7c mi\u1ebfng b\u1ecdt bi\u1ec3n s\u1ebd nhanh ch\u00f3ng k\u00e9o d\u00e0i, c\u1ea1o v\u00e0 \u1ea5n nh\u00e3n \u0111\u00e3 b\u00f3c, b\u00f3c l\u00ean b\u1ec1 m\u1eb7t s\u1ea3n ph\u1ea9m.<\/li>\n<li>D\u00e1n nh\u00e3n b\u1eb1ng con l\u0103n: S\u1ea3n ph\u1ea9m ti\u1ebfp t\u1ee5c di chuy\u1ec3n v\u1edbi t\u1ed1c \u0111\u1ed9 kh\u00f4ng \u0111\u1ed5i tr\u00ean b\u0103ng chuy\u1ec1n, t\u1ea1i \u0111\u00f3 b\u1ec1 m\u1eb7t c\u1ee7a s\u1ea3n ph\u1ea9m ti\u1ebfp x\u00fac tr\u1ef1c ti\u1ebfp v\u00e0 b\u00f3c nh\u00e3n \u0111\u00e3 b\u00f3c. \u0110\u00e2y l\u00e0 ph\u01b0\u01a1ng ph\u00e1p ph\u1ed5 bi\u1ebfn nh\u1ea5t v\u00e0 \u0111\u1eb7c bi\u1ec7t ph\u00f9 h\u1ee3p \u0111\u1ec3 d\u00e1n nh\u00e3n theo chu vi c\u1ee7a c\u00e1c s\u1ea3n ph\u1ea9m h\u00ecnh tr\u1ee5.<\/li>\n<\/ul>\n<h3>B\u01b0\u1edbc 4: L\u00e0m m\u1ecbn<\/h3>\n<ul>\n<li>M\u00f4 t\u1ea3 ho\u1ea1t \u0111\u1ed9ng: Sau khi nh\u00e3n \u0111\u01b0\u1ee3c d\u00e1n l\u1ea7n \u0111\u1ea7u, s\u1ea3n ph\u1ea9m s\u1ebd \u0111i qua m\u1ed9t c\u01a1 ch\u1ebf bao g\u1ed3m ch\u1ed5i, b\u00e1nh xe x\u1ed1p ho\u1eb7c con l\u0103n l\u00e0m m\u1ecbn nh\u00e3n quay t\u1ed1c \u0111\u1ed9 cao.<\/li>\n<li>M\u1ee5c \u0111\u00edch: C\u00e1c c\u01a1 ch\u1ebf n\u00e0y l\u00e0m ph\u1eb3ng nh\u00e3n t\u1eeb t\u00e2m ra ngo\u00e0i, lo\u1ea1i b\u1ecf kh\u00f4ng kh\u00ed b\u1ecb k\u1eb9t gi\u1eefa nh\u00e3n v\u00e0 b\u1ec1 m\u1eb7t s\u1ea3n ph\u1ea9m, lo\u1ea1i b\u1ecf b\u1ecdt kh\u00ed v\u00e0 n\u1ebfp nh\u0103n, \u0111\u1ea3m b\u1ea3o nh\u00e3n \u0111\u01b0\u1ee3c d\u00e1n m\u1ecbn, ch\u1eafc ch\u1eafn v\u00e0 th\u1ea9m m\u1ef9.<\/li>\n<\/ul>\n<h2>Nguy\u00ean l\u00fd v\u1eadn h\u00e0nh v\u00e0 t\u00ednh n\u0103ng c\u1ee7a c\u00e1c lo\u1ea1i m\u00e1y d\u00e1n nh\u00e3n kh\u00e1c nhau<\/h2>\n<p>Tr\u00ean \u0111\u00e2y l\u00e0 quy tr\u00ecnh c\u01a1 b\u1ea3n; nguy\u00ean l\u00fd v\u1eadn h\u00e0nh c\u00f3 th\u1ec3 thay \u0111\u1ed5i \u0111\u00f4i ch\u00fat t\u00f9y thu\u1ed9c v\u00e0o s\u1ea3n ph\u1ea9m:<\/p>\n<ol>\n<li>\n<h3>M\u00e1y d\u00e1n nh\u00e3n ph\u1eb3ng:<\/h3>\n<\/li>\n<\/ol>\n<ul>\n<li>S\u1ea3n ph\u1ea9m (ch\u1eb3ng h\u1ea1n nh\u01b0 h\u1ed9p) d\u1eebng l\u1ea1i ngay sau khi \u0111\u01b0\u1ee3c \u0111\u01b0a v\u00e0o v\u1ecb tr\u00ed. \u0110\u1ea7u d\u00e1n nh\u00e3n h\u1ea1 xu\u1ed1ng, b\u00f3c nh\u00e3n v\u00e0 d\u00e1n nh\u00e3n, v\u00e0 s\u1ea3n ph\u1ea9m ti\u1ebfp t\u1ee5c ch\u1ea3y. C\u01a1 ch\u1ebf n\u00e0y ph\u00f9 h\u1ee3p v\u1edbi c\u00e1c d\u00e2y chuy\u1ec1n s\u1ea3n xu\u1ea5t c\u00f3 kho\u1ea3ng c\u00e1ch s\u1ea3n ph\u1ea9m kh\u00f4ng li\u00ean t\u1ee5c.<\/li>\n<\/ul>\n<ol start=\"2\">\n<li>\n<h3>M\u00e1y d\u00e1n nh\u00e3n tr\u00f2n cho chai tr\u00f2n:<\/h3>\n<\/li>\n<\/ol>\n<ul>\n<li>Chai \u0111\u01b0\u1ee3c gi\u1eef th\u1eb3ng \u0111\u1ee9ng tr\u00ean b\u0103ng t\u1ea3i. Khi chai \u0111i v\u00e0o khu v\u1ef1c d\u00e1n nh\u00e3n, m\u1ed9t b\u0103ng t\u1ea3i ma s\u00e1t ho\u1eb7c b\u0103ng t\u1ea3i \u0111\u1ed3ng b\u1ed9 ch\u1ea1y b\u00ean d\u01b0\u1edbi chai s\u1ebd quay v\u1edbi t\u1ed1c \u0111\u1ed9 cao.<\/li>\n<li>Sau khi nh\u00e3n \u0111\u01b0\u1ee3c b\u00f3c ra kh\u1ecfi t\u1ea5m b\u00f3c, chai s\u1ebd xoay \u0111\u1ec3 l\u1ea5y nh\u00e3n, t\u1ea1o th\u00e0nh nh\u00e3n qu\u1ea5n 360 \u0111\u1ed9 ho\u00e0n h\u1ea3o.<\/li>\n<\/ul>\n<ol start=\"3\">\n<li>\n<h3>M\u00e1y d\u00e1n nh\u00e3n ngang (D\u1ecdc\/Ngang):<\/h3>\n<\/li>\n<\/ol>\n<ul>\n<li>Chai \u0111\u01b0\u1ee3c v\u1eadn chuy\u1ec3n theo chi\u1ec1u th\u1eb3ng \u0111\u1ee9ng ho\u1eb7c n\u1eb1m ngang. \u0110\u1ea7u d\u00e1n nh\u00e3n ti\u1ebfp c\u1eadn t\u1eeb b\u00ean h\u00f4ng, s\u1eed d\u1ee5ng con l\u0103n \u0111\u1ec3 \u00e9p nh\u00e3n v\u00e0o th\u00e0nh s\u1ea3n ph\u1ea9m. Ph\u01b0\u01a1ng ph\u00e1p n\u00e0y mang l\u1ea1i s\u1ef1 ti\u1ebfp x\u00fac nh\u1eb9 nh\u00e0ng v\u00e0 k\u1ebft qu\u1ea3 d\u00e1n nh\u00e3n tuy\u1ec7t v\u1eddi.<\/li>\n<\/ul>\n<h2>H\u1ec7 th\u1ed1ng \u0110i\u1ec1u khi\u1ec3n L\u00f5i<\/h2>\n<p>T\u1ea5t c\u1ea3 c\u00e1c thao t\u00e1c n\u00e0y \u0111\u01b0\u1ee3c ph\u1ed1i h\u1ee3p v\u00e0 \u0111i\u1ec1u khi\u1ec3n b\u1edfi &#8220;b\u1ed9 n\u00e3o&#8221; c\u1ee7a m\u00e1y &#8211; PLC (B\u1ed9 \u0111i\u1ec1u khi\u1ec3n Logic L\u1eadp tr\u00ecnh). Ng\u01b0\u1eddi v\u1eadn h\u00e0nh thi\u1ebft l\u1eadp c\u00e1c th\u00f4ng s\u1ed1 (nh\u01b0 v\u1ecb tr\u00ed d\u00e1n nh\u00e3n, th\u1eddi gian tr\u1ec5 v\u00e0 \u0111\u1ea7u ra) th\u00f4ng qua giao di\u1ec7n m\u00e0n h\u00ecnh c\u1ea3m \u1ee9ng (HMI), v\u00e0 PLC \u0111i\u1ec1u khi\u1ec3n \u0111\u1ed9ng c\u01a1, c\u1ea3m bi\u1ebfn, xi lanh v\u00e0 c\u00e1c b\u1ed9 ph\u1eadn kh\u00e1c ho\u1ea1t \u0111\u1ed9ng m\u1ed9t c\u00e1ch c\u00f3 tr\u1eadt t\u1ef1.<\/p>","protected":false},"excerpt":{"rendered":"<div id=\"955a5a3884cc64bb\" class=\"conversation-container message-actions-hover-boundary ng-star-inserted\">\n<div>\n<div class=\"response-container ng-tns-c1222284846-144 response-container-with-gpi is-mobile ng-star-inserted response-container-has-multiple-responses\">\n<div class=\"presented-response-container ng-tns-c1222284846-144\">\n<div class=\"response-container-content ng-tns-c1222284846-144 is-mobile\">\n<div class=\"response-content ng-tns-c1222284846-144\">\n<div id=\"model-response-message-contentr_955a5a3884cc64bb\" class=\"markdown markdown-main-panel enable-updated-hr-color\" dir=\"ltr\">\n<p><b>M\u00e1y d\u00e1n nh\u00e3n ho\u00e0n to\u00e0n t\u1ef1 \u0111\u1ed9ng<\/b> c\u1ee7a SWOER l\u00e0 h\u1ec7 th\u1ed1ng d\u00e1n nh\u00e3n c\u1ea5p cao, \u0111\u01b0\u1ee3c thi\u1ebft k\u1ebf \u0111\u1ec3 \u0111\u01b0a d\u00e2y chuy\u1ec1n s\u1ea3n xu\u1ea5t c\u1ee7a b\u1ea1n \u0111\u1ea1t \u0111\u1ebfn c\u00f4ng su\u1ea5t t\u1ed1i \u0111a. Kh\u00e1c bi\u1ec7t v\u1edbi c\u00e1c m\u00e1y b\u00e1n t\u1ef1 \u0111\u1ed9ng hay \u0111\u1ec3 b\u00e0n, thi\u1ebft b\u1ecb n\u00e0y th\u1ef1c hi\u1ec7n tr\u1ecdn v\u1eb9n quy tr\u00ecnh t\u1eeb <b>c\u1ea5p s\u1ea3n ph\u1ea9m t\u1ef1 \u0111\u1ed9ng, \u0111\u1ecbnh v\u1ecb ch\u00ednh x\u00e1c b\u1eb1ng c\u01a1 c\u1ea5u th\u00f4ng minh, d\u00e1n nh\u00e3n v\u1edbi t\u1ed1c \u0111\u1ed9 si\u00eau cao,<\/b> cho \u0111\u1ebfn <b>t\u1ef1 \u0111\u1ed9ng ki\u1ec3m tra ch\u1ea5t l\u01b0\u1ee3ng<\/b> nh\u00e3n d\u00e1n. M\u00e1y c\u00f3 kh\u1ea3 n\u0103ng x\u1eed l\u00fd li\u00ean t\u1ee5c 24\/7, lo\u1ea1i b\u1ecf ho\u00e0n to\u00e0n s\u1ef1 can thi\u1ec7p c\u1ee7a con ng\u01b0\u1eddi, \u0111\u1ea3m b\u1ea3o nh\u00e3n d\u00e1n tuy\u1ec7t \u0111\u1ed1i ph\u1eb3ng phiu, kh\u00f4ng nh\u0103n, kh\u00f4ng l\u1ec7ch. \u0110\u00e2y l\u00e0 kho\u1ea3n \u0111\u1ea7u t\u01b0 chi\u1ebfn l\u01b0\u1ee3c gi\u00fap doanh nghi\u1ec7p b\u1ea1n <b>t\u1ed1i \u01b0u h\u00f3a chi ph\u00ed v\u1eadn h\u00e0nh, gi\u1ea3m l\u1ed7i s\u1ea3n xu\u1ea5t v\u00e0 t\u0103ng c\u01b0\u1eddng t\u00ednh c\u1ea1nh tranh<\/b> tr\u00ean th\u1ecb tr\u01b0\u1eddng qu\u1ed1c t\u1ebf.<\/p>\n<\/div>\n<\/div>\n<\/div>\n<\/div>\n<\/div>\n<\/div>\n<\/div>","protected":false},"featured_media":4830,"comment_status":"open","ping_status":"closed","template":"","meta":[],"product_brand":[],"product_cat":[149,76],"product_tag":[143,193,144],"class_list":{"0":"post-4829","1":"product","2":"type-product","3":"status-publish","4":"has-post-thumbnail","6":"product_cat-may-dan-nhan-tu-dong","7":"product_cat-san-pham-moi","8":"product_tag-may-dan-nhan","9":"product_tag-may-dan-nhan-hoan-toan-tu-dong","10":"product_tag-may-dan-nhan-tu-dong","12":"first","13":"instock","14":"shipping-taxable","15":"product-type-simple"},"yoast_head":"<!-- This site is optimized with the Yoast SEO plugin v26.0 - https:\/\/yoast.com\/wordpress\/plugins\/seo\/ -->\n<title>M\u00e1y d\u00e1n nh\u00e3n ho\u00e0n to\u00e0n t\u1ef1 \u0111\u1ed9ng - Nh\u00e0 s\u1ea3n xu\u1ea5t m\u00e1y c\u1ea5p li\u1ec7u c\u00f4ng nghi\u1ec7p<\/title>\n<meta name=\"description\" content=\"M\u00e1y d\u00e1n nh\u00e3n ho\u00e0n to\u00e0n t\u1ef1 \u0111\u1ed9ng SWOER: Gi\u1ea3i ph\u00e1p \u0111\u00f3ng g\u00f3i End-to-End. T\u00edch h\u1ee3p \u0111\u1ecbnh v\u1ecb s\u1ea3n ph\u1ea9m, d\u00e1n nh\u00e3n t\u1ed1c \u0111\u1ed9 si\u00eau cao, v\u00e0 ki\u1ec3m tra ch\u1ea5t l\u01b0\u1ee3ng.\" \/>\n<meta name=\"robots\" content=\"index, follow, max-snippet:-1, max-image-preview:large, max-video-preview:-1\" \/>\n<link rel=\"canonical\" href=\"https:\/\/swoer.vn\/th\/manufacturer\/may-dan-nhan-hoan-toan-tu-dong\/\" \/>\n<meta property=\"og:locale\" content=\"th_TH\" \/>\n<meta property=\"og:type\" content=\"article\" \/>\n<meta property=\"og:title\" content=\"M\u00e1y d\u00e1n nh\u00e3n ho\u00e0n to\u00e0n t\u1ef1 \u0111\u1ed9ng - Nh\u00e0 s\u1ea3n xu\u1ea5t m\u00e1y c\u1ea5p li\u1ec7u c\u00f4ng nghi\u1ec7p\" \/>\n<meta property=\"og:description\" content=\"M\u00e1y d\u00e1n nh\u00e3n ho\u00e0n to\u00e0n t\u1ef1 \u0111\u1ed9ng SWOER: Gi\u1ea3i ph\u00e1p \u0111\u00f3ng g\u00f3i End-to-End. T\u00edch h\u1ee3p \u0111\u1ecbnh v\u1ecb s\u1ea3n ph\u1ea9m, d\u00e1n nh\u00e3n t\u1ed1c \u0111\u1ed9 si\u00eau cao, v\u00e0 ki\u1ec3m tra ch\u1ea5t l\u01b0\u1ee3ng.\" \/>\n<meta property=\"og:url\" content=\"https:\/\/swoer.vn\/th\/manufacturer\/may-dan-nhan-hoan-toan-tu-dong\/\" \/>\n<meta property=\"og:site_name\" content=\"Nh\u00e0 s\u1ea3n xu\u1ea5t m\u00e1y c\u1ea5p li\u1ec7u c\u00f4ng nghi\u1ec7p\" \/>\n<meta property=\"article:modified_time\" content=\"2025-09-27T03:53:58+00:00\" \/>\n<meta property=\"og:image\" content=\"https:\/\/swoer.vn\/wp-content\/uploads\/2025\/09\/May-dan-nhan-hoan-toan-tu-dong.png\" \/>\n\t<meta property=\"og:image:width\" content=\"800\" \/>\n\t<meta property=\"og:image:height\" content=\"800\" \/>\n\t<meta property=\"og:image:type\" content=\"image\/png\" \/>\n<meta name=\"twitter:card\" content=\"summary_large_image\" \/>\n<meta name=\"twitter:label1\" content=\"Est. reading time\" \/>\n\t<meta name=\"twitter:data1\" content=\"5 \u0e19\u0e32\u0e17\u0e35\" \/>\n<script type=\"application\/ld+json\" class=\"yoast-schema-graph\">{\"@context\":\"https:\/\/schema.org\",\"@graph\":[{\"@type\":\"WebPage\",\"@id\":\"https:\/\/swoer.vn\/manufacturer\/may-dan-nhan-hoan-toan-tu-dong\/\",\"url\":\"https:\/\/swoer.vn\/manufacturer\/may-dan-nhan-hoan-toan-tu-dong\/\",\"name\":\"M\u00e1y d\u00e1n nh\u00e3n ho\u00e0n to\u00e0n t\u1ef1 \u0111\u1ed9ng - Nh\u00e0 s\u1ea3n xu\u1ea5t m\u00e1y c\u1ea5p li\u1ec7u c\u00f4ng nghi\u1ec7p\",\"isPartOf\":{\"@id\":\"https:\/\/swoer.vn\/#website\"},\"primaryImageOfPage\":{\"@id\":\"https:\/\/swoer.vn\/manufacturer\/may-dan-nhan-hoan-toan-tu-dong\/#primaryimage\"},\"image\":{\"@id\":\"https:\/\/swoer.vn\/manufacturer\/may-dan-nhan-hoan-toan-tu-dong\/#primaryimage\"},\"thumbnailUrl\":\"https:\/\/swoer.vn\/wp-content\/uploads\/2025\/09\/May-dan-nhan-hoan-toan-tu-dong.png\",\"datePublished\":\"2025-09-27T03:52:23+00:00\",\"dateModified\":\"2025-09-27T03:53:58+00:00\",\"description\":\"M\u00e1y d\u00e1n nh\u00e3n ho\u00e0n to\u00e0n t\u1ef1 \u0111\u1ed9ng SWOER: Gi\u1ea3i ph\u00e1p \u0111\u00f3ng g\u00f3i End-to-End. T\u00edch h\u1ee3p \u0111\u1ecbnh v\u1ecb s\u1ea3n ph\u1ea9m, d\u00e1n nh\u00e3n t\u1ed1c \u0111\u1ed9 si\u00eau cao, v\u00e0 ki\u1ec3m tra ch\u1ea5t l\u01b0\u1ee3ng.\",\"breadcrumb\":{\"@id\":\"https:\/\/swoer.vn\/manufacturer\/may-dan-nhan-hoan-toan-tu-dong\/#breadcrumb\"},\"inLanguage\":\"th\",\"potentialAction\":[{\"@type\":\"ReadAction\",\"target\":[\"https:\/\/swoer.vn\/manufacturer\/may-dan-nhan-hoan-toan-tu-dong\/\"]}]},{\"@type\":\"ImageObject\",\"inLanguage\":\"th\",\"@id\":\"https:\/\/swoer.vn\/manufacturer\/may-dan-nhan-hoan-toan-tu-dong\/#primaryimage\",\"url\":\"https:\/\/swoer.vn\/wp-content\/uploads\/2025\/09\/May-dan-nhan-hoan-toan-tu-dong.png\",\"contentUrl\":\"https:\/\/swoer.vn\/wp-content\/uploads\/2025\/09\/May-dan-nhan-hoan-toan-tu-dong.png\",\"width\":800,\"height\":800,\"caption\":\"Ma\u0301y da\u0301n nha\u0303n hoa\u0300n toa\u0300n tu\u031b\u0323 \u0111o\u0323\u0302ng\"},{\"@type\":\"BreadcrumbList\",\"@id\":\"https:\/\/swoer.vn\/manufacturer\/may-dan-nhan-hoan-toan-tu-dong\/#breadcrumb\",\"itemListElement\":[{\"@type\":\"ListItem\",\"position\":1,\"name\":\"Home\",\"item\":\"https:\/\/swoer.vn\/\"},{\"@type\":\"ListItem\",\"position\":2,\"name\":\"S\u1ea3n ph\u1ea9m\",\"item\":\"https:\/\/swoer.vn\/shop\/\"},{\"@type\":\"ListItem\",\"position\":3,\"name\":\"M\u00e1y d\u00e1n nh\u00e3n ho\u00e0n to\u00e0n t\u1ef1 \u0111\u1ed9ng\"}]},{\"@type\":\"WebSite\",\"@id\":\"https:\/\/swoer.vn\/#website\",\"url\":\"https:\/\/swoer.vn\/\",\"name\":\"Nh\u00e0 s\u1ea3n xu\u1ea5t m\u00e1y c\u1ea5p li\u1ec7u c\u00f4ng nghi\u1ec7p\",\"description\":\"Nh\u00e0 cung c\u1ea5p robot, m\u00e1y c\u1ea5p li\u1ec7u linh ho\u1ea1t, m\u00e1y c\u1ea5p li\u1ec7u ly t\u00e2m, m\u00e1y c\u1ea5p li\u1ec7u rung t\u1ef1 \u0111\u1ed9ng\",\"potentialAction\":[{\"@type\":\"SearchAction\",\"target\":{\"@type\":\"EntryPoint\",\"urlTemplate\":\"https:\/\/swoer.vn\/?s={search_term_string}\"},\"query-input\":{\"@type\":\"PropertyValueSpecification\",\"valueRequired\":true,\"valueName\":\"search_term_string\"}}],\"inLanguage\":\"th\"}]}<\/script>\n<!-- \/ Yoast SEO plugin. -->","yoast_head_json":{"title":"M\u00e1y d\u00e1n nh\u00e3n ho\u00e0n to\u00e0n t\u1ef1 \u0111\u1ed9ng - Nh\u00e0 s\u1ea3n xu\u1ea5t m\u00e1y c\u1ea5p li\u1ec7u c\u00f4ng nghi\u1ec7p","description":"M\u00e1y d\u00e1n nh\u00e3n ho\u00e0n to\u00e0n t\u1ef1 \u0111\u1ed9ng SWOER: Gi\u1ea3i ph\u00e1p \u0111\u00f3ng g\u00f3i End-to-End. T\u00edch h\u1ee3p \u0111\u1ecbnh v\u1ecb s\u1ea3n ph\u1ea9m, d\u00e1n nh\u00e3n t\u1ed1c \u0111\u1ed9 si\u00eau cao, v\u00e0 ki\u1ec3m tra ch\u1ea5t l\u01b0\u1ee3ng.","robots":{"index":"index","follow":"follow","max-snippet":"max-snippet:-1","max-image-preview":"max-image-preview:large","max-video-preview":"max-video-preview:-1"},"canonical":"https:\/\/swoer.vn\/th\/manufacturer\/may-dan-nhan-hoan-toan-tu-dong\/","og_locale":"th_TH","og_type":"article","og_title":"M\u00e1y d\u00e1n nh\u00e3n ho\u00e0n to\u00e0n t\u1ef1 \u0111\u1ed9ng - Nh\u00e0 s\u1ea3n xu\u1ea5t m\u00e1y c\u1ea5p li\u1ec7u c\u00f4ng nghi\u1ec7p","og_description":"M\u00e1y d\u00e1n nh\u00e3n ho\u00e0n to\u00e0n t\u1ef1 \u0111\u1ed9ng SWOER: Gi\u1ea3i ph\u00e1p \u0111\u00f3ng g\u00f3i End-to-End. T\u00edch h\u1ee3p \u0111\u1ecbnh v\u1ecb s\u1ea3n ph\u1ea9m, d\u00e1n nh\u00e3n t\u1ed1c \u0111\u1ed9 si\u00eau cao, v\u00e0 ki\u1ec3m tra ch\u1ea5t l\u01b0\u1ee3ng.","og_url":"https:\/\/swoer.vn\/th\/manufacturer\/may-dan-nhan-hoan-toan-tu-dong\/","og_site_name":"Nh\u00e0 s\u1ea3n xu\u1ea5t m\u00e1y c\u1ea5p li\u1ec7u c\u00f4ng nghi\u1ec7p","article_modified_time":"2025-09-27T03:53:58+00:00","og_image":[{"width":800,"height":800,"url":"https:\/\/swoer.vn\/wp-content\/uploads\/2025\/09\/May-dan-nhan-hoan-toan-tu-dong.png","type":"image\/png"}],"twitter_card":"summary_large_image","twitter_misc":{"Est. reading time":"5 \u0e19\u0e32\u0e17\u0e35"},"schema":{"@context":"https:\/\/schema.org","@graph":[{"@type":"WebPage","@id":"https:\/\/swoer.vn\/manufacturer\/may-dan-nhan-hoan-toan-tu-dong\/","url":"https:\/\/swoer.vn\/manufacturer\/may-dan-nhan-hoan-toan-tu-dong\/","name":"M\u00e1y d\u00e1n nh\u00e3n ho\u00e0n to\u00e0n t\u1ef1 \u0111\u1ed9ng - Nh\u00e0 s\u1ea3n xu\u1ea5t m\u00e1y c\u1ea5p li\u1ec7u c\u00f4ng nghi\u1ec7p","isPartOf":{"@id":"https:\/\/swoer.vn\/#website"},"primaryImageOfPage":{"@id":"https:\/\/swoer.vn\/manufacturer\/may-dan-nhan-hoan-toan-tu-dong\/#primaryimage"},"image":{"@id":"https:\/\/swoer.vn\/manufacturer\/may-dan-nhan-hoan-toan-tu-dong\/#primaryimage"},"thumbnailUrl":"https:\/\/swoer.vn\/wp-content\/uploads\/2025\/09\/May-dan-nhan-hoan-toan-tu-dong.png","datePublished":"2025-09-27T03:52:23+00:00","dateModified":"2025-09-27T03:53:58+00:00","description":"M\u00e1y d\u00e1n nh\u00e3n ho\u00e0n to\u00e0n t\u1ef1 \u0111\u1ed9ng SWOER: Gi\u1ea3i ph\u00e1p \u0111\u00f3ng g\u00f3i End-to-End. T\u00edch h\u1ee3p \u0111\u1ecbnh v\u1ecb s\u1ea3n ph\u1ea9m, d\u00e1n nh\u00e3n t\u1ed1c \u0111\u1ed9 si\u00eau cao, v\u00e0 ki\u1ec3m tra ch\u1ea5t l\u01b0\u1ee3ng.","breadcrumb":{"@id":"https:\/\/swoer.vn\/manufacturer\/may-dan-nhan-hoan-toan-tu-dong\/#breadcrumb"},"inLanguage":"th","potentialAction":[{"@type":"ReadAction","target":["https:\/\/swoer.vn\/manufacturer\/may-dan-nhan-hoan-toan-tu-dong\/"]}]},{"@type":"ImageObject","inLanguage":"th","@id":"https:\/\/swoer.vn\/manufacturer\/may-dan-nhan-hoan-toan-tu-dong\/#primaryimage","url":"https:\/\/swoer.vn\/wp-content\/uploads\/2025\/09\/May-dan-nhan-hoan-toan-tu-dong.png","contentUrl":"https:\/\/swoer.vn\/wp-content\/uploads\/2025\/09\/May-dan-nhan-hoan-toan-tu-dong.png","width":800,"height":800,"caption":"Ma\u0301y da\u0301n nha\u0303n hoa\u0300n toa\u0300n tu\u031b\u0323 \u0111o\u0323\u0302ng"},{"@type":"BreadcrumbList","@id":"https:\/\/swoer.vn\/manufacturer\/may-dan-nhan-hoan-toan-tu-dong\/#breadcrumb","itemListElement":[{"@type":"ListItem","position":1,"name":"Home","item":"https:\/\/swoer.vn\/"},{"@type":"ListItem","position":2,"name":"S\u1ea3n ph\u1ea9m","item":"https:\/\/swoer.vn\/shop\/"},{"@type":"ListItem","position":3,"name":"M\u00e1y d\u00e1n nh\u00e3n ho\u00e0n to\u00e0n t\u1ef1 \u0111\u1ed9ng"}]},{"@type":"WebSite","@id":"https:\/\/swoer.vn\/#website","url":"https:\/\/swoer.vn\/","name":"\u0e1c\u0e39\u0e49\u0e1c\u0e25\u0e34\u0e15\u0e40\u0e04\u0e23\u0e37\u0e48\u0e2d\u0e07\u0e1b\u0e49\u0e2d\u0e19\u0e2d\u0e32\u0e2b\u0e32\u0e23\u0e2d\u0e38\u0e15\u0e2a\u0e32\u0e2b\u0e01\u0e23\u0e23\u0e21","description":"\u0e08\u0e33\u0e2b\u0e19\u0e48\u0e32\u0e22\u0e2b\u0e38\u0e48\u0e19\u0e22\u0e19\u0e15\u0e4c \u0e40\u0e04\u0e23\u0e37\u0e48\u0e2d\u0e07\u0e1b\u0e49\u0e2d\u0e19\u0e41\u0e1a\u0e1a\u0e22\u0e37\u0e14\u0e2b\u0e22\u0e38\u0e48\u0e19 \u0e40\u0e04\u0e23\u0e37\u0e48\u0e2d\u0e07\u0e1b\u0e49\u0e2d\u0e19\u0e41\u0e1a\u0e1a\u0e41\u0e23\u0e07\u0e40\u0e2b\u0e27\u0e35\u0e48\u0e22\u0e07 \u0e40\u0e04\u0e23\u0e37\u0e48\u0e2d\u0e07\u0e1b\u0e49\u0e2d\u0e19\u0e41\u0e1a\u0e1a\u0e2a\u0e31\u0e48\u0e19\u0e2d\u0e31\u0e15\u0e42\u0e19\u0e21\u0e31\u0e15\u0e34","potentialAction":[{"@type":"SearchAction","target":{"@type":"EntryPoint","urlTemplate":"https:\/\/swoer.vn\/?s={search_term_string}"},"query-input":{"@type":"PropertyValueSpecification","valueRequired":true,"valueName":"search_term_string"}}],"inLanguage":"th"}]}},"_links":{"self":[{"href":"https:\/\/swoer.vn\/th\/wp-json\/wp\/v2\/product\/4829","targetHints":{"allow":["GET"]}}],"collection":[{"href":"https:\/\/swoer.vn\/th\/wp-json\/wp\/v2\/product"}],"about":[{"href":"https:\/\/swoer.vn\/th\/wp-json\/wp\/v2\/types\/product"}],"replies":[{"embeddable":true,"href":"https:\/\/swoer.vn\/th\/wp-json\/wp\/v2\/comments?post=4829"}],"wp:featuredmedia":[{"embeddable":true,"href":"https:\/\/swoer.vn\/th\/wp-json\/wp\/v2\/media\/4830"}],"wp:attachment":[{"href":"https:\/\/swoer.vn\/th\/wp-json\/wp\/v2\/media?parent=4829"}],"wp:term":[{"taxonomy":"product_brand","embeddable":true,"href":"https:\/\/swoer.vn\/th\/wp-json\/wp\/v2\/product_brand?post=4829"},{"taxonomy":"product_cat","embeddable":true,"href":"https:\/\/swoer.vn\/th\/wp-json\/wp\/v2\/product_cat?post=4829"},{"taxonomy":"product_tag","embeddable":true,"href":"https:\/\/swoer.vn\/th\/wp-json\/wp\/v2\/product_tag?post=4829"}],"curies":[{"name":"wp","href":"https:\/\/api.w.org\/{rel}","templated":true}]}}