{"id":4827,"date":"2025-09-27T10:44:40","date_gmt":"2025-09-27T03:44:40","guid":{"rendered":"https:\/\/swoer.vn\/?post_type=product&#038;p=4827"},"modified":"2025-09-27T10:44:40","modified_gmt":"2025-09-27T03:44:40","slug":"may-dan-nhan-tu-dinh","status":"publish","type":"product","link":"https:\/\/swoer.vn\/th\/manufacturer\/may-dan-nhan-tu-dinh\/","title":{"rendered":"M\u00e1y d\u00e1n nh\u00e3n t\u1ef1 d\u00ednh"},"content":{"rendered":"<p><strong>M\u00e1y d\u00e1n nh\u00e3n t\u1ef1 d\u00ednh <\/strong>l\u00e0 thi\u1ebft b\u1ecb t\u1ef1 \u0111\u1ed9ng \u0111\u01b0\u1ee3c thi\u1ebft k\u1ebf \u0111\u1eb7c bi\u1ec7t \u0111\u1ec3 t\u1ef1 \u0111\u1ed9ng b\u00f3c nh\u00e3n t\u1ef1 d\u00ednh kh\u1ecfi gi\u1ea5y n\u1ec1n v\u00e0 d\u00e1n l\u00ean s\u1ea3n ph\u1ea9m.<\/p>\n<h2><strong>C\u00e1c lo\u1ea1i m\u00e1y d\u00e1n nh\u00e3n t\u1ef1 d\u00ednh ch\u00ednh<\/strong><\/h2>\n<p>M\u1ee9c \u0111\u1ed9 t\u1ef1 \u0111\u1ed9ng h\u00f3a c\u00f3 th\u1ec3 \u0111\u01b0\u1ee3c ph\u00e2n lo\u1ea1i nh\u01b0 sau:<\/p>\n<ul>\n<li>M\u00e1y d\u00e1n nh\u00e3n t\u1ef1 d\u00ednh ho\u00e0n to\u00e0n t\u1ef1 \u0111\u1ed9ng: C\u00f3 th\u1ec3 \u0111\u01b0\u1ee3c t\u00edch h\u1ee3p v\u00e0o d\u00e2y chuy\u1ec1n s\u1ea3n xu\u1ea5t, t\u1ef1 \u0111\u1ed9ng ho\u00e0n th\u00e0nh t\u1ea5t c\u1ea3 c\u00e1c thao t\u00e1c.<\/li>\n<li>M\u00e1y d\u00e1n nh\u00e3n t\u1ef1 d\u00ednh b\u00e1n t\u1ef1 \u0111\u1ed9ng: S\u1ea3n ph\u1ea9m \u0111\u01b0\u1ee3c \u0111\u1eb7t th\u1ee7 c\u00f4ng v\u00e0 m\u00e1y s\u1ebd t\u1ef1 \u0111\u1ed9ng d\u00e1n nh\u00e3n.<\/li>\n<\/ul>\n<h2><strong>H\u01b0\u1edbng d\u1eabn l\u1ef1a ch\u1ecdn<\/strong><\/h2>\n<ol>\n<li>Cung c\u1ea5p m\u1eabu (r\u1ea5t quan tr\u1ecdng): G\u1eedi s\u1ea3n ph\u1ea9m th\u1ef1c t\u1ebf b\u1ea1n c\u1ea7n d\u00e1n nh\u00e3n v\u00e0 nh\u00e3n t\u1ef1 d\u00ednh th\u1ef1c t\u1ebf cho nh\u00e0 cung c\u1ea5p thi\u1ebft b\u1ecb.<\/li>\n<\/ol>\n<ol start=\"2\">\n<li>L\u00e0m r\u00f5 y\u00eau c\u1ea7u c\u1ee7a b\u1ea1n:<\/li>\n<\/ol>\n<ul>\n<li>\u0110\u1eb7c \u0111i\u1ec3m s\u1ea3n ph\u1ea9m: k\u00edch th\u01b0\u1edbc, ch\u1ea5t li\u1ec7u, h\u00ecnh d\u1ea1ng.<\/li>\n<li>Y\u00eau c\u1ea7u d\u00e1n nh\u00e3n: V\u1ecb tr\u00ed v\u00e0 \u0111\u1ed9 ch\u00ednh x\u00e1c (v\u00ed d\u1ee5: \u00b10,5mm).<\/li>\n<li>Y\u00eau c\u1ea7u \u0111\u1ea7u ra: B\u1ea1n c\u1ea7n d\u00e1n nh\u00e3n bao nhi\u00eau s\u1ea3n ph\u1ea9m m\u1ed7i ph\u00fat?<\/li>\n<li>Ng\u00e2n s\u00e1ch: Ng\u00e2n s\u00e1ch c\u1ee7a b\u1ea1n l\u00e0 bao nhi\u00eau?<\/li>\n<\/ul>","protected":false},"excerpt":{"rendered":"<div id=\"ab4902acae5d6261\" class=\"conversation-container message-actions-hover-boundary ng-star-inserted\">\n<div>\n<div class=\"response-container ng-tns-c1222284846-139 response-container-with-gpi is-mobile ng-star-inserted response-container-has-multiple-responses\">\n<div class=\"presented-response-container ng-tns-c1222284846-139\">\n<div class=\"response-container-content ng-tns-c1222284846-139 is-mobile\">\n<div class=\"response-content ng-tns-c1222284846-139\">\n<div id=\"model-response-message-contentr_ab4902acae5d6261\" class=\"markdown markdown-main-panel enable-updated-hr-color\" dir=\"ltr\">\n<p><b>M\u00e1y d\u00e1n nh\u00e3n t\u1ef1 d\u00ednh<\/b> c\u1ee7a SWOER l\u00e0 gi\u1ea3i ph\u00e1p t\u1ed1i \u01b0u cho m\u1ecdi d\u00e2y chuy\u1ec1n s\u1ea3n xu\u1ea5t c\u1ea7n d\u00e1n nh\u00e3n t\u1ed1c \u0111\u1ed9 cao v\u00e0 \u0111\u1ed9 ch\u00ednh x\u00e1c tuy\u1ec7t \u0111\u1ed1i. Thi\u1ebft b\u1ecb n\u00e0y \u0111\u01b0\u1ee3c thi\u1ebft k\u1ebf \u0111\u1ec3 x\u1eed l\u00fd \u0111a d\u1ea1ng c\u00e1c lo\u1ea1i s\u1ea3n ph\u1ea9m t\u1eeb chai tr\u00f2n, chai vu\u00f4ng, h\u1ed9p, \u0111\u1ebfn b\u1ec1 m\u1eb7t ph\u1eb3ng. M\u00e1y s\u1eed d\u1ee5ng <b>c\u00f4ng ngh\u1ec7 c\u1ea3m bi\u1ebfn v\u00e0 c\u01a1 c\u1ea5u \u0111\u1ecbnh v\u1ecb ti\u00ean ti\u1ebfn<\/b> \u0111\u1ec3 \u0111\u1ecbnh v\u1ecb s\u1ea3n ph\u1ea9m v\u00e0 cu\u1ed9n nh\u00e3n, \u0111\u1ea3m b\u1ea3o nh\u00e3n \u0111\u01b0\u1ee3c d\u00e1n ph\u1eb3ng, kh\u00f4ng nh\u0103n, kh\u00f4ng b\u1ecb l\u1ec7ch v\u1ecb tr\u00ed, k\u1ec3 c\u1ea3 \u1edf t\u1ed1c \u0111\u1ed9 cao. Vi\u1ec7c \u0111\u1ea7u t\u01b0 v\u00e0o m\u00e1y d\u00e1n nh\u00e3n t\u1ef1 d\u00ednh gi\u00fap doanh nghi\u1ec7p c\u1ee7a b\u1ea1n <b>n\u00e2ng cao t\u00ednh th\u1ea9m m\u1ef9 c\u1ee7a s\u1ea3n ph\u1ea9m<\/b>, gi\u1ea3m thi\u1ec3u l\u1ed7i do thao t\u00e1c th\u1ee7 c\u00f4ng v\u00e0 t\u1ed1i \u01b0u h\u00f3a n\u0103ng su\u1ea5t \u0111\u00f3ng g\u00f3i.<\/p>\n<\/div>\n<\/div>\n<\/div>\n<\/div>\n<\/div>\n<\/div>\n<\/div>","protected":false},"featured_media":4828,"comment_status":"open","ping_status":"closed","template":"","meta":[],"product_brand":[],"product_cat":[149,76],"product_tag":[143,192,144],"class_list":{"0":"post-4827","1":"product","2":"type-product","3":"status-publish","4":"has-post-thumbnail","6":"product_cat-may-dan-nhan-tu-dong","7":"product_cat-san-pham-moi","8":"product_tag-may-dan-nhan","9":"product_tag-may-dan-nhan-tu-dinh","10":"product_tag-may-dan-nhan-tu-dong","12":"first","13":"instock","14":"shipping-taxable","15":"product-type-simple"},"yoast_head":"<!-- This site is optimized with the Yoast SEO plugin v26.0 - https:\/\/yoast.com\/wordpress\/plugins\/seo\/ -->\n<title>M\u00e1y d\u00e1n nh\u00e3n t\u1ef1 d\u00ednh - Nh\u00e0 s\u1ea3n xu\u1ea5t m\u00e1y c\u1ea5p li\u1ec7u c\u00f4ng nghi\u1ec7p<\/title>\n<meta name=\"description\" content=\"M\u00e1y d\u00e1n nh\u00e3n t\u1ef1 d\u00ednh SWOER: T\u1ef1 \u0111\u1ed9ng d\u00e1n nh\u00e3n chai tr\u00f2n, chai vu\u00f4ng, s\u1ea3n ph\u1ea9m ph\u1eb3ng v\u1edbi t\u1ed1c \u0111\u1ed9 v\u00e0 \u0111\u1ed9 ch\u00ednh x\u00e1c cao. \u0110\u1ea3m b\u1ea3o nh\u00e3n kh\u00f4ng nh\u0103n, kh\u00f4ng l\u1ec7ch,...\" \/>\n<meta name=\"robots\" content=\"index, follow, max-snippet:-1, max-image-preview:large, max-video-preview:-1\" \/>\n<link rel=\"canonical\" href=\"https:\/\/swoer.vn\/th\/manufacturer\/may-dan-nhan-tu-dinh\/\" \/>\n<meta property=\"og:locale\" content=\"th_TH\" \/>\n<meta property=\"og:type\" content=\"article\" \/>\n<meta property=\"og:title\" content=\"M\u00e1y d\u00e1n nh\u00e3n t\u1ef1 d\u00ednh - Nh\u00e0 s\u1ea3n xu\u1ea5t m\u00e1y c\u1ea5p li\u1ec7u c\u00f4ng nghi\u1ec7p\" \/>\n<meta property=\"og:description\" content=\"M\u00e1y d\u00e1n nh\u00e3n t\u1ef1 d\u00ednh SWOER: T\u1ef1 \u0111\u1ed9ng d\u00e1n nh\u00e3n chai tr\u00f2n, chai vu\u00f4ng, s\u1ea3n ph\u1ea9m ph\u1eb3ng v\u1edbi t\u1ed1c \u0111\u1ed9 v\u00e0 \u0111\u1ed9 ch\u00ednh x\u00e1c cao. \u0110\u1ea3m b\u1ea3o nh\u00e3n kh\u00f4ng nh\u0103n, kh\u00f4ng l\u1ec7ch,...\" \/>\n<meta property=\"og:url\" content=\"https:\/\/swoer.vn\/th\/manufacturer\/may-dan-nhan-tu-dinh\/\" \/>\n<meta property=\"og:site_name\" content=\"Nh\u00e0 s\u1ea3n xu\u1ea5t m\u00e1y c\u1ea5p li\u1ec7u c\u00f4ng nghi\u1ec7p\" \/>\n<meta property=\"og:image\" content=\"https:\/\/swoer.vn\/wp-content\/uploads\/2025\/09\/may-dan-nhan-tu-dinh-1.png\" \/>\n\t<meta property=\"og:image:width\" content=\"800\" \/>\n\t<meta property=\"og:image:height\" content=\"800\" \/>\n\t<meta property=\"og:image:type\" content=\"image\/png\" \/>\n<meta name=\"twitter:card\" content=\"summary_large_image\" \/>\n<meta name=\"twitter:label1\" content=\"Est. reading time\" \/>\n\t<meta name=\"twitter:data1\" content=\"2 \u0e19\u0e32\u0e17\u0e35\" \/>\n<script type=\"application\/ld+json\" class=\"yoast-schema-graph\">{\"@context\":\"https:\/\/schema.org\",\"@graph\":[{\"@type\":\"WebPage\",\"@id\":\"https:\/\/swoer.vn\/manufacturer\/may-dan-nhan-tu-dinh\/\",\"url\":\"https:\/\/swoer.vn\/manufacturer\/may-dan-nhan-tu-dinh\/\",\"name\":\"M\u00e1y d\u00e1n nh\u00e3n t\u1ef1 d\u00ednh - Nh\u00e0 s\u1ea3n xu\u1ea5t m\u00e1y c\u1ea5p li\u1ec7u c\u00f4ng nghi\u1ec7p\",\"isPartOf\":{\"@id\":\"https:\/\/swoer.vn\/#website\"},\"primaryImageOfPage\":{\"@id\":\"https:\/\/swoer.vn\/manufacturer\/may-dan-nhan-tu-dinh\/#primaryimage\"},\"image\":{\"@id\":\"https:\/\/swoer.vn\/manufacturer\/may-dan-nhan-tu-dinh\/#primaryimage\"},\"thumbnailUrl\":\"https:\/\/swoer.vn\/wp-content\/uploads\/2025\/09\/may-dan-nhan-tu-dinh-1.png\",\"datePublished\":\"2025-09-27T03:44:40+00:00\",\"description\":\"M\u00e1y d\u00e1n nh\u00e3n t\u1ef1 d\u00ednh SWOER: T\u1ef1 \u0111\u1ed9ng d\u00e1n nh\u00e3n chai tr\u00f2n, chai vu\u00f4ng, s\u1ea3n ph\u1ea9m ph\u1eb3ng v\u1edbi t\u1ed1c \u0111\u1ed9 v\u00e0 \u0111\u1ed9 ch\u00ednh x\u00e1c cao. \u0110\u1ea3m b\u1ea3o nh\u00e3n kh\u00f4ng nh\u0103n, kh\u00f4ng l\u1ec7ch,...\",\"breadcrumb\":{\"@id\":\"https:\/\/swoer.vn\/manufacturer\/may-dan-nhan-tu-dinh\/#breadcrumb\"},\"inLanguage\":\"th\",\"potentialAction\":[{\"@type\":\"ReadAction\",\"target\":[\"https:\/\/swoer.vn\/manufacturer\/may-dan-nhan-tu-dinh\/\"]}]},{\"@type\":\"ImageObject\",\"inLanguage\":\"th\",\"@id\":\"https:\/\/swoer.vn\/manufacturer\/may-dan-nhan-tu-dinh\/#primaryimage\",\"url\":\"https:\/\/swoer.vn\/wp-content\/uploads\/2025\/09\/may-dan-nhan-tu-dinh-1.png\",\"contentUrl\":\"https:\/\/swoer.vn\/wp-content\/uploads\/2025\/09\/may-dan-nhan-tu-dinh-1.png\",\"width\":800,\"height\":800,\"caption\":\"ma\u0301y da\u0301n nha\u0303n tu\u031b\u0323 di\u0301nh\"},{\"@type\":\"BreadcrumbList\",\"@id\":\"https:\/\/swoer.vn\/manufacturer\/may-dan-nhan-tu-dinh\/#breadcrumb\",\"itemListElement\":[{\"@type\":\"ListItem\",\"position\":1,\"name\":\"Home\",\"item\":\"https:\/\/swoer.vn\/\"},{\"@type\":\"ListItem\",\"position\":2,\"name\":\"S\u1ea3n ph\u1ea9m\",\"item\":\"https:\/\/swoer.vn\/shop\/\"},{\"@type\":\"ListItem\",\"position\":3,\"name\":\"M\u00e1y d\u00e1n nh\u00e3n t\u1ef1 d\u00ednh\"}]},{\"@type\":\"WebSite\",\"@id\":\"https:\/\/swoer.vn\/#website\",\"url\":\"https:\/\/swoer.vn\/\",\"name\":\"Nh\u00e0 s\u1ea3n xu\u1ea5t m\u00e1y c\u1ea5p li\u1ec7u c\u00f4ng nghi\u1ec7p\",\"description\":\"Nh\u00e0 cung c\u1ea5p robot, m\u00e1y c\u1ea5p li\u1ec7u linh ho\u1ea1t, m\u00e1y c\u1ea5p li\u1ec7u ly t\u00e2m, m\u00e1y c\u1ea5p li\u1ec7u rung t\u1ef1 \u0111\u1ed9ng\",\"potentialAction\":[{\"@type\":\"SearchAction\",\"target\":{\"@type\":\"EntryPoint\",\"urlTemplate\":\"https:\/\/swoer.vn\/?s={search_term_string}\"},\"query-input\":{\"@type\":\"PropertyValueSpecification\",\"valueRequired\":true,\"valueName\":\"search_term_string\"}}],\"inLanguage\":\"th\"}]}<\/script>\n<!-- \/ Yoast SEO plugin. -->","yoast_head_json":{"title":"M\u00e1y d\u00e1n nh\u00e3n t\u1ef1 d\u00ednh - Nh\u00e0 s\u1ea3n xu\u1ea5t m\u00e1y c\u1ea5p li\u1ec7u c\u00f4ng nghi\u1ec7p","description":"M\u00e1y d\u00e1n nh\u00e3n t\u1ef1 d\u00ednh SWOER: T\u1ef1 \u0111\u1ed9ng d\u00e1n nh\u00e3n chai tr\u00f2n, chai vu\u00f4ng, s\u1ea3n ph\u1ea9m ph\u1eb3ng v\u1edbi t\u1ed1c \u0111\u1ed9 v\u00e0 \u0111\u1ed9 ch\u00ednh x\u00e1c cao. \u0110\u1ea3m b\u1ea3o nh\u00e3n kh\u00f4ng nh\u0103n, kh\u00f4ng l\u1ec7ch,...","robots":{"index":"index","follow":"follow","max-snippet":"max-snippet:-1","max-image-preview":"max-image-preview:large","max-video-preview":"max-video-preview:-1"},"canonical":"https:\/\/swoer.vn\/th\/manufacturer\/may-dan-nhan-tu-dinh\/","og_locale":"th_TH","og_type":"article","og_title":"M\u00e1y d\u00e1n nh\u00e3n t\u1ef1 d\u00ednh - Nh\u00e0 s\u1ea3n xu\u1ea5t m\u00e1y c\u1ea5p li\u1ec7u c\u00f4ng nghi\u1ec7p","og_description":"M\u00e1y d\u00e1n nh\u00e3n t\u1ef1 d\u00ednh SWOER: T\u1ef1 \u0111\u1ed9ng d\u00e1n nh\u00e3n chai tr\u00f2n, chai vu\u00f4ng, s\u1ea3n ph\u1ea9m ph\u1eb3ng v\u1edbi t\u1ed1c \u0111\u1ed9 v\u00e0 \u0111\u1ed9 ch\u00ednh x\u00e1c cao. \u0110\u1ea3m b\u1ea3o nh\u00e3n kh\u00f4ng nh\u0103n, kh\u00f4ng l\u1ec7ch,...","og_url":"https:\/\/swoer.vn\/th\/manufacturer\/may-dan-nhan-tu-dinh\/","og_site_name":"Nh\u00e0 s\u1ea3n xu\u1ea5t m\u00e1y c\u1ea5p li\u1ec7u c\u00f4ng nghi\u1ec7p","og_image":[{"width":800,"height":800,"url":"https:\/\/swoer.vn\/wp-content\/uploads\/2025\/09\/may-dan-nhan-tu-dinh-1.png","type":"image\/png"}],"twitter_card":"summary_large_image","twitter_misc":{"Est. reading time":"2 \u0e19\u0e32\u0e17\u0e35"},"schema":{"@context":"https:\/\/schema.org","@graph":[{"@type":"WebPage","@id":"https:\/\/swoer.vn\/manufacturer\/may-dan-nhan-tu-dinh\/","url":"https:\/\/swoer.vn\/manufacturer\/may-dan-nhan-tu-dinh\/","name":"M\u00e1y d\u00e1n nh\u00e3n t\u1ef1 d\u00ednh - Nh\u00e0 s\u1ea3n xu\u1ea5t m\u00e1y c\u1ea5p li\u1ec7u c\u00f4ng nghi\u1ec7p","isPartOf":{"@id":"https:\/\/swoer.vn\/#website"},"primaryImageOfPage":{"@id":"https:\/\/swoer.vn\/manufacturer\/may-dan-nhan-tu-dinh\/#primaryimage"},"image":{"@id":"https:\/\/swoer.vn\/manufacturer\/may-dan-nhan-tu-dinh\/#primaryimage"},"thumbnailUrl":"https:\/\/swoer.vn\/wp-content\/uploads\/2025\/09\/may-dan-nhan-tu-dinh-1.png","datePublished":"2025-09-27T03:44:40+00:00","description":"M\u00e1y d\u00e1n nh\u00e3n t\u1ef1 d\u00ednh SWOER: T\u1ef1 \u0111\u1ed9ng d\u00e1n nh\u00e3n chai tr\u00f2n, chai vu\u00f4ng, s\u1ea3n ph\u1ea9m ph\u1eb3ng v\u1edbi t\u1ed1c \u0111\u1ed9 v\u00e0 \u0111\u1ed9 ch\u00ednh x\u00e1c cao. \u0110\u1ea3m b\u1ea3o nh\u00e3n kh\u00f4ng nh\u0103n, kh\u00f4ng l\u1ec7ch,...","breadcrumb":{"@id":"https:\/\/swoer.vn\/manufacturer\/may-dan-nhan-tu-dinh\/#breadcrumb"},"inLanguage":"th","potentialAction":[{"@type":"ReadAction","target":["https:\/\/swoer.vn\/manufacturer\/may-dan-nhan-tu-dinh\/"]}]},{"@type":"ImageObject","inLanguage":"th","@id":"https:\/\/swoer.vn\/manufacturer\/may-dan-nhan-tu-dinh\/#primaryimage","url":"https:\/\/swoer.vn\/wp-content\/uploads\/2025\/09\/may-dan-nhan-tu-dinh-1.png","contentUrl":"https:\/\/swoer.vn\/wp-content\/uploads\/2025\/09\/may-dan-nhan-tu-dinh-1.png","width":800,"height":800,"caption":"ma\u0301y da\u0301n nha\u0303n tu\u031b\u0323 di\u0301nh"},{"@type":"BreadcrumbList","@id":"https:\/\/swoer.vn\/manufacturer\/may-dan-nhan-tu-dinh\/#breadcrumb","itemListElement":[{"@type":"ListItem","position":1,"name":"Home","item":"https:\/\/swoer.vn\/"},{"@type":"ListItem","position":2,"name":"S\u1ea3n ph\u1ea9m","item":"https:\/\/swoer.vn\/shop\/"},{"@type":"ListItem","position":3,"name":"M\u00e1y d\u00e1n nh\u00e3n t\u1ef1 d\u00ednh"}]},{"@type":"WebSite","@id":"https:\/\/swoer.vn\/#website","url":"https:\/\/swoer.vn\/","name":"\u0e1c\u0e39\u0e49\u0e1c\u0e25\u0e34\u0e15\u0e40\u0e04\u0e23\u0e37\u0e48\u0e2d\u0e07\u0e1b\u0e49\u0e2d\u0e19\u0e2d\u0e32\u0e2b\u0e32\u0e23\u0e2d\u0e38\u0e15\u0e2a\u0e32\u0e2b\u0e01\u0e23\u0e23\u0e21","description":"\u0e08\u0e33\u0e2b\u0e19\u0e48\u0e32\u0e22\u0e2b\u0e38\u0e48\u0e19\u0e22\u0e19\u0e15\u0e4c \u0e40\u0e04\u0e23\u0e37\u0e48\u0e2d\u0e07\u0e1b\u0e49\u0e2d\u0e19\u0e41\u0e1a\u0e1a\u0e22\u0e37\u0e14\u0e2b\u0e22\u0e38\u0e48\u0e19 \u0e40\u0e04\u0e23\u0e37\u0e48\u0e2d\u0e07\u0e1b\u0e49\u0e2d\u0e19\u0e41\u0e1a\u0e1a\u0e41\u0e23\u0e07\u0e40\u0e2b\u0e27\u0e35\u0e48\u0e22\u0e07 \u0e40\u0e04\u0e23\u0e37\u0e48\u0e2d\u0e07\u0e1b\u0e49\u0e2d\u0e19\u0e41\u0e1a\u0e1a\u0e2a\u0e31\u0e48\u0e19\u0e2d\u0e31\u0e15\u0e42\u0e19\u0e21\u0e31\u0e15\u0e34","potentialAction":[{"@type":"SearchAction","target":{"@type":"EntryPoint","urlTemplate":"https:\/\/swoer.vn\/?s={search_term_string}"},"query-input":{"@type":"PropertyValueSpecification","valueRequired":true,"valueName":"search_term_string"}}],"inLanguage":"th"}]}},"_links":{"self":[{"href":"https:\/\/swoer.vn\/th\/wp-json\/wp\/v2\/product\/4827","targetHints":{"allow":["GET"]}}],"collection":[{"href":"https:\/\/swoer.vn\/th\/wp-json\/wp\/v2\/product"}],"about":[{"href":"https:\/\/swoer.vn\/th\/wp-json\/wp\/v2\/types\/product"}],"replies":[{"embeddable":true,"href":"https:\/\/swoer.vn\/th\/wp-json\/wp\/v2\/comments?post=4827"}],"wp:featuredmedia":[{"embeddable":true,"href":"https:\/\/swoer.vn\/th\/wp-json\/wp\/v2\/media\/4828"}],"wp:attachment":[{"href":"https:\/\/swoer.vn\/th\/wp-json\/wp\/v2\/media?parent=4827"}],"wp:term":[{"taxonomy":"product_brand","embeddable":true,"href":"https:\/\/swoer.vn\/th\/wp-json\/wp\/v2\/product_brand?post=4827"},{"taxonomy":"product_cat","embeddable":true,"href":"https:\/\/swoer.vn\/th\/wp-json\/wp\/v2\/product_cat?post=4827"},{"taxonomy":"product_tag","embeddable":true,"href":"https:\/\/swoer.vn\/th\/wp-json\/wp\/v2\/product_tag?post=4827"}],"curies":[{"name":"wp","href":"https:\/\/api.w.org\/{rel}","templated":true}]}}