{"id":4599,"date":"2025-09-17T16:03:59","date_gmt":"2025-09-17T09:03:59","guid":{"rendered":"https:\/\/swoer.vn\/?post_type=product&#038;p=4599"},"modified":"2025-09-17T16:03:59","modified_gmt":"2025-09-17T09:03:59","slug":"may-cap-lieu-rung-cho-vit","status":"publish","type":"product","link":"https:\/\/swoer.vn\/th\/manufacturer\/may-cap-lieu-rung-cho-vit\/","title":{"rendered":"M\u00e1y c\u1ea5p li\u1ec7u rung cho v\u00edt"},"content":{"rendered":"<h2><span style=\"font-weight: 400;\">\u0e02\u0e49\u0e2d\u0e21\u0e39\u0e25\u0e08\u0e33\u0e40\u0e1e\u0e32\u0e30\u0e1c\u0e25\u0e34\u0e15\u0e20\u0e31\u0e13\u0e11\u0e4c :<\/span><\/h2>\n<table>\n<tbody>\n<tr>\n<td><span style=\"font-weight: 400;\">M\u00e3 s\u1ea3n ph\u1ea9m<\/span><\/td>\n<td><span style=\"font-weight: 400;\">Vibratory Feeder Bowl For Screw<\/span><\/td>\n<\/tr>\n<tr>\n<td><span style=\"font-weight: 400;\">C\u00f4ng su\u1ea5t \u0111\u1ed9ng c\u01a1 (kW)<\/span><\/td>\n<td><span style=\"font-weight: 400;\">1 \u0111\u1ebfn 10<\/span><\/td>\n<\/tr>\n<tr>\n<td><span style=\"font-weight: 400;\">Movement Mode<\/span><\/td>\n<td><span style=\"font-weight: 400;\">Linear<\/span><\/td>\n<\/tr>\n<tr>\n<td><span style=\"font-weight: 400;\">Max Feeding (mm)<\/span><\/td>\n<td><span style=\"font-weight: 400;\">500<\/span><\/td>\n<\/tr>\n<tr>\n<td><span style=\"font-weight: 400;\">After-sales Service<\/span><\/td>\n<td><span style=\"font-weight: 400;\">\u0e2b\u0e19\u0e36\u0e48\u0e07\u0e1b\u0e35<\/span><\/td>\n<\/tr>\n<tr>\n<td><span style=\"font-weight: 400;\">Chute Size (mm)<\/span><\/td>\n<td><span style=\"font-weight: 400;\">Customized<\/span><\/td>\n<\/tr>\n<tr>\n<td><span style=\"font-weight: 400;\">Nh\u00e3n hi\u1ec7u<\/span><\/td>\n<td><span style=\"font-weight: 400;\">\u0e2a\u0e27\u0e2d\u0e40\u0e2d\u0e2d\u0e23\u0e4c<\/span><\/td>\n<\/tr>\n<tr>\n<td><span style=\"font-weight: 400;\">S\u1ee9c ch\u1ee9a (t\/h)<\/span><\/td>\n<td><span style=\"font-weight: 400;\">80 &#8211; 150<\/span><\/td>\n<\/tr>\n<tr>\n<td><span style=\"font-weight: 400;\">\u0e1e\u0e34\u0e21\u0e1e\u0e4c<\/span><\/td>\n<td><span style=\"font-weight: 400;\">Screw Feeder<\/span><\/td>\n<\/tr>\n<tr>\n<td><span style=\"font-weight: 400;\">Lead Time<\/span><\/td>\n<td><span style=\"font-weight: 400;\">14 &#8211; 20 ng\u00e0y<\/span><\/td>\n<\/tr>\n<tr>\n<td><span style=\"font-weight: 400;\">Appearance<\/span><\/td>\n<td><span style=\"font-weight: 400;\">Open-type<\/span><\/td>\n<\/tr>\n<tr>\n<td><span style=\"font-weight: 400;\">Installation Slope<\/span><\/td>\n<td><span style=\"font-weight: 400;\">0<\/span><\/td>\n<\/tr>\n<tr>\n<td><span style=\"font-weight: 400;\">Warranty<\/span><\/td>\n<td><span style=\"font-weight: 400;\">\u0e2b\u0e19\u0e36\u0e48\u0e07\u0e1b\u0e35<\/span><\/td>\n<\/tr>\n<tr>\n<td><span style=\"font-weight: 400;\">Overall Dimension<\/span><\/td>\n<td><span style=\"font-weight: 400;\">Customized<\/span><\/td>\n<\/tr>\n<tr>\n<td><span style=\"font-weight: 400;\">Xu\u1ea5t x\u1ee9<\/span><\/td>\n<td><span style=\"font-weight: 400;\">\u0e08\u0e35\u0e19<\/span><\/td>\n<\/tr>\n<\/tbody>\n<\/table>\n<h2><span style=\"font-weight: 400;\">\u0e04\u0e38\u0e13\u0e2a\u0e21\u0e1a\u0e31\u0e15\u0e34:<\/span><\/h2>\n<p><span style=\"font-weight: 400;\">SWOER l\u00e0 m\u1ed9t tr\u00ecnh ch\u1ebf t\u1ea1o \u0111\u1ea7u c\u1ea5p li\u1ec7u b\u00e1t rung v\u00e0 thi\u1ebft b\u1ecb c\u1ea5p ph\u1ee5 t\u00f9ng t\u1ef1 \u0111\u1ed9ng.\u00a0 Ch\u00fang t\u00f4i thi\u1ebft k\u1ebf v\u00e0 x\u00e2y d\u1ef1ng c\u00e1c h\u1ec7 th\u1ed1ng ti\u1ebfp li\u1ec7u linh ki\u1ec7n t\u00f9y ch\u1ec9nh v\u00e0 h\u1ec7 th\u1ed1ng x\u1eed l\u00fd linh ki\u1ec7n cho c\u00e1c nh\u00e0 s\u1ea3n xu\u1ea5t trong ng\u00e0nh y t\u1ebf, \u00f4 t\u00f4, linh ki\u1ec7n \u0111i\u1ec7n t\u1eed, d\u01b0\u1ee3c ph\u1ea9m, bao b\u00ec v\u00e0 nhi\u1ec1u ng\u00e0nh kh\u00e1c. Ch\u00fang t\u00f4i cung c\u1ea5p gi\u1ea3i ph\u00e1p ch\u1ea5t l\u01b0\u1ee3ng cao, ti\u1ebft ki\u1ec7m chi ph\u00ed cho \u1ee9ng d\u1ee5ng c\u1ea5p li\u1ec7u b\u1ed9 ph\u1eadn c\u1ee7a b\u1ea1n v\u1edbi h\u1ec7 th\u1ed1ng c\u1ea5p b\u1ed9 ph\u1eadn c\u1ee7a t\u00f4 rung t\u00f9y ch\u1ec9nh. Ch\u00fang t\u00f4i s\u1ebd ti\u1ebfp t\u1ee5c t\u1ef1 h\u00e0o khi l\u00e0m vi\u1ec7c cho b\u1ea1n.<\/span><\/p>\n<p><span style=\"font-weight: 400;\">\u01afu \u0111i\u1ec3m c\u1ee7a b\u1ed9 rung tuy\u1ebfn t\u00ednh cho m\u00e1y c\u1ea5p li\u1ec7u:<\/span><\/p>\n<ul>\n<li style=\"font-weight: 400;\" aria-level=\"1\"><span style=\"font-weight: 400;\">C\u00e2n b\u1eb1ng truy\u1ec1n \u0111\u1ed9ng ph\u00f4i gia c\u00f4ng, g\u1ecdn g\u00e0ng.<\/span><\/li>\n<li style=\"font-weight: 400;\" aria-level=\"1\"><span style=\"font-weight: 400;\">Truy\u1ec1n ph\u00f4i \u0111\u1ebfn kho\u1ea3ng c\u00e1ch xa.<\/span><\/li>\n<li style=\"font-weight: 400;\" aria-level=\"1\"><span style=\"font-weight: 400;\">L\u1eafp \u0111\u1eb7t v\u00e0 k\u1ebft n\u1ed1i v\u1edbi kh\u00f4ng gian c\u01a1 kh\u00ed r\u1ea5t thu\u1eadn ti\u1ec7n.<\/span><\/li>\n<li style=\"font-weight: 400;\" aria-level=\"1\"><span style=\"font-weight: 400;\">B\u1ea3o qu\u1ea3n ph\u00f4i gia c\u00f4ng \u0111\u00e3 ho\u00e0n thi\u1ec7n \u0111\u1ecbnh h\u01b0\u1edbng.<\/span><\/li>\n<li style=\"font-weight: 400;\" aria-level=\"1\"><span style=\"font-weight: 400;\">D\u1eebng ho\u00e0n to\u00e0n vi\u1ec7c ti\u1ebfp nguy\u00ean li\u1ec7u v\u00e0 tr\u00ec ho\u00e3n thi\u1ebft b\u1ecb kh\u1edfi \u0111\u1ed9ng c\u00f3 th\u1ec3 tr\u00e1nh l\u00e0m vi\u1ec7c li\u00ean t\u1ee5c v\u1edbi t\u1ea5m rung, k\u00e9o d\u00e0i tu\u1ed5i th\u1ecd c\u1ee7a t\u1ea5m rung v\u00e0 gi\u1ea3m ti\u1ebfng \u1ed3n c\u1ee7a m\u00f4i tr\u01b0\u1eddng l\u00e0m vi\u1ec7c.<\/span><\/li>\n<\/ul>","protected":false},"excerpt":{"rendered":"<p>Trong c\u00e1c quy tr\u00ecnh s\u1ea3n xu\u1ea5t, vi\u1ec7c c\u1ea5p v\u00edt nhanh ch\u00f3ng v\u00e0 ch\u00ednh x\u00e1c l\u00e0 y\u1ebfu t\u1ed1 then ch\u1ed1t. <b>M\u00e1y c\u1ea5p li\u1ec7u rung cho v\u00edt<\/b> c\u1ee7a SWOER l\u00e0 gi\u1ea3i ph\u00e1p hi\u1ec7u qu\u1ea3. S\u1ea3n ph\u1ea9m n\u00e0y s\u1eed d\u1ee5ng c\u01a1 ch\u1ebf rung m\u1ea1nh m\u1ebd \u0111\u1ec3 s\u1eafp x\u1ebfp v\u00e0 \u0111\u01b0a v\u00edt ra ngo\u00e0i theo m\u1ed9t tr\u1eadt t\u1ef1 nh\u1ea5t \u0111\u1ecbnh. V\u1edbi thi\u1ebft k\u1ebf chuy\u00ean bi\u1ec7t, m\u00e1y c\u00f3 th\u1ec3 x\u1eed l\u00fd nhi\u1ec1u lo\u1ea1i v\u00edt kh\u00e1c nhau. N\u00f3 gi\u00fap lo\u1ea1i b\u1ecf ho\u00e0n to\u00e0n t\u00ecnh tr\u1ea1ng k\u1eb9t v\u00edt v\u00e0 t\u1eafc ngh\u1ebdn. \u0110i\u1ec1u n\u00e0y gi\u00fap t\u1ed1i \u01b0u h\u00f3a t\u1ed1c \u0111\u1ed9 v\u00e0 \u0111\u1ed9 ch\u00ednh x\u00e1c c\u1ee7a to\u00e0n b\u1ed9 quy tr\u00ecnh l\u1eafp r\u00e1p.<\/p>","protected":false},"featured_media":4600,"comment_status":"open","ping_status":"closed","template":"","meta":[],"product_brand":[],"product_cat":[106],"product_tag":[170,171,102],"class_list":{"0":"post-4599","1":"product","2":"type-product","3":"status-publish","4":"has-post-thumbnail","6":"product_cat-mam-rung-cap-phoi","7":"product_tag-mam-rung-cap-phoi","8":"product_tag-may-rung-cap-lieu","9":"product_tag-pheu-rung-cap-phoi","11":"first","12":"instock","13":"shipping-taxable","14":"product-type-simple"},"yoast_head":"<!-- This site is optimized with the Yoast SEO plugin v26.0 - https:\/\/yoast.com\/wordpress\/plugins\/seo\/ -->\n<title>M\u00e1y c\u1ea5p li\u1ec7u rung cho v\u00edt - Nh\u00e0 s\u1ea3n xu\u1ea5t m\u00e1y c\u1ea5p li\u1ec7u c\u00f4ng nghi\u1ec7p<\/title>\n<meta name=\"description\" content=\"M\u00e1y c\u1ea5p li\u1ec7u rung cho v\u00edt SWOER: Gi\u1ea3i ph\u00e1p c\u1ea5p v\u00edt nhanh ch\u00f3ng, ch\u00ednh x\u00e1c. T\u1ed1i \u01b0u h\u00f3a t\u1ed1c \u0111\u1ed9 v\u00e0 \u0111\u1ed9 ch\u00ednh x\u00e1c c\u1ee7a to\u00e0n b\u1ed9 quy tr\u00ecnh l\u1eafp r\u00e1p.\" \/>\n<meta name=\"robots\" content=\"index, follow, max-snippet:-1, max-image-preview:large, max-video-preview:-1\" \/>\n<link rel=\"canonical\" href=\"https:\/\/swoer.vn\/th\/manufacturer\/may-cap-lieu-rung-cho-vit\/\" \/>\n<meta property=\"og:locale\" content=\"th_TH\" \/>\n<meta property=\"og:type\" content=\"article\" \/>\n<meta property=\"og:title\" content=\"M\u00e1y c\u1ea5p li\u1ec7u rung cho v\u00edt - Nh\u00e0 s\u1ea3n xu\u1ea5t m\u00e1y c\u1ea5p li\u1ec7u c\u00f4ng nghi\u1ec7p\" \/>\n<meta property=\"og:description\" content=\"M\u00e1y c\u1ea5p li\u1ec7u rung cho v\u00edt SWOER: Gi\u1ea3i ph\u00e1p c\u1ea5p v\u00edt nhanh ch\u00f3ng, ch\u00ednh x\u00e1c. T\u1ed1i \u01b0u h\u00f3a t\u1ed1c \u0111\u1ed9 v\u00e0 \u0111\u1ed9 ch\u00ednh x\u00e1c c\u1ee7a to\u00e0n b\u1ed9 quy tr\u00ecnh l\u1eafp r\u00e1p.\" \/>\n<meta property=\"og:url\" content=\"https:\/\/swoer.vn\/th\/manufacturer\/may-cap-lieu-rung-cho-vit\/\" \/>\n<meta property=\"og:site_name\" content=\"Nh\u00e0 s\u1ea3n xu\u1ea5t m\u00e1y c\u1ea5p li\u1ec7u c\u00f4ng nghi\u1ec7p\" \/>\n<meta property=\"og:image\" content=\"https:\/\/swoer.vn\/wp-content\/uploads\/2025\/09\/May-cap-lieu-rung-cho-vit.png\" \/>\n\t<meta property=\"og:image:width\" content=\"800\" \/>\n\t<meta property=\"og:image:height\" content=\"800\" \/>\n\t<meta property=\"og:image:type\" content=\"image\/png\" \/>\n<meta name=\"twitter:card\" content=\"summary_large_image\" \/>\n<meta name=\"twitter:label1\" content=\"Est. reading time\" \/>\n\t<meta name=\"twitter:data1\" content=\"2 \u0e19\u0e32\u0e17\u0e35\" \/>\n<script type=\"application\/ld+json\" class=\"yoast-schema-graph\">{\"@context\":\"https:\/\/schema.org\",\"@graph\":[{\"@type\":\"WebPage\",\"@id\":\"https:\/\/swoer.vn\/manufacturer\/may-cap-lieu-rung-cho-vit\/\",\"url\":\"https:\/\/swoer.vn\/manufacturer\/may-cap-lieu-rung-cho-vit\/\",\"name\":\"M\u00e1y c\u1ea5p li\u1ec7u rung cho v\u00edt - Nh\u00e0 s\u1ea3n xu\u1ea5t m\u00e1y c\u1ea5p li\u1ec7u c\u00f4ng nghi\u1ec7p\",\"isPartOf\":{\"@id\":\"https:\/\/swoer.vn\/#website\"},\"primaryImageOfPage\":{\"@id\":\"https:\/\/swoer.vn\/manufacturer\/may-cap-lieu-rung-cho-vit\/#primaryimage\"},\"image\":{\"@id\":\"https:\/\/swoer.vn\/manufacturer\/may-cap-lieu-rung-cho-vit\/#primaryimage\"},\"thumbnailUrl\":\"https:\/\/swoer.vn\/wp-content\/uploads\/2025\/09\/May-cap-lieu-rung-cho-vit.png\",\"datePublished\":\"2025-09-17T09:03:59+00:00\",\"description\":\"M\u00e1y c\u1ea5p li\u1ec7u rung cho v\u00edt SWOER: Gi\u1ea3i ph\u00e1p c\u1ea5p v\u00edt nhanh ch\u00f3ng, ch\u00ednh x\u00e1c. T\u1ed1i \u01b0u h\u00f3a t\u1ed1c \u0111\u1ed9 v\u00e0 \u0111\u1ed9 ch\u00ednh x\u00e1c c\u1ee7a to\u00e0n b\u1ed9 quy tr\u00ecnh l\u1eafp r\u00e1p.\",\"breadcrumb\":{\"@id\":\"https:\/\/swoer.vn\/manufacturer\/may-cap-lieu-rung-cho-vit\/#breadcrumb\"},\"inLanguage\":\"th\",\"potentialAction\":[{\"@type\":\"ReadAction\",\"target\":[\"https:\/\/swoer.vn\/manufacturer\/may-cap-lieu-rung-cho-vit\/\"]}]},{\"@type\":\"ImageObject\",\"inLanguage\":\"th\",\"@id\":\"https:\/\/swoer.vn\/manufacturer\/may-cap-lieu-rung-cho-vit\/#primaryimage\",\"url\":\"https:\/\/swoer.vn\/wp-content\/uploads\/2025\/09\/May-cap-lieu-rung-cho-vit.png\",\"contentUrl\":\"https:\/\/swoer.vn\/wp-content\/uploads\/2025\/09\/May-cap-lieu-rung-cho-vit.png\",\"width\":800,\"height\":800,\"caption\":\"Ma\u0301y ca\u0302\u0301p lie\u0323\u0302u rung cho vi\u0301t\"},{\"@type\":\"BreadcrumbList\",\"@id\":\"https:\/\/swoer.vn\/manufacturer\/may-cap-lieu-rung-cho-vit\/#breadcrumb\",\"itemListElement\":[{\"@type\":\"ListItem\",\"position\":1,\"name\":\"Home\",\"item\":\"https:\/\/swoer.vn\/\"},{\"@type\":\"ListItem\",\"position\":2,\"name\":\"S\u1ea3n ph\u1ea9m\",\"item\":\"https:\/\/swoer.vn\/shop\/\"},{\"@type\":\"ListItem\",\"position\":3,\"name\":\"M\u00e1y c\u1ea5p li\u1ec7u rung cho v\u00edt\"}]},{\"@type\":\"WebSite\",\"@id\":\"https:\/\/swoer.vn\/#website\",\"url\":\"https:\/\/swoer.vn\/\",\"name\":\"Nh\u00e0 s\u1ea3n xu\u1ea5t m\u00e1y c\u1ea5p li\u1ec7u c\u00f4ng nghi\u1ec7p\",\"description\":\"Nh\u00e0 cung c\u1ea5p robot, m\u00e1y c\u1ea5p li\u1ec7u linh ho\u1ea1t, m\u00e1y c\u1ea5p li\u1ec7u ly t\u00e2m, m\u00e1y c\u1ea5p li\u1ec7u rung t\u1ef1 \u0111\u1ed9ng\",\"potentialAction\":[{\"@type\":\"SearchAction\",\"target\":{\"@type\":\"EntryPoint\",\"urlTemplate\":\"https:\/\/swoer.vn\/?s={search_term_string}\"},\"query-input\":{\"@type\":\"PropertyValueSpecification\",\"valueRequired\":true,\"valueName\":\"search_term_string\"}}],\"inLanguage\":\"th\"}]}<\/script>\n<!-- \/ Yoast SEO plugin. -->","yoast_head_json":{"title":"M\u00e1y c\u1ea5p li\u1ec7u rung cho v\u00edt - Nh\u00e0 s\u1ea3n xu\u1ea5t m\u00e1y c\u1ea5p li\u1ec7u c\u00f4ng nghi\u1ec7p","description":"M\u00e1y c\u1ea5p li\u1ec7u rung cho v\u00edt SWOER: Gi\u1ea3i ph\u00e1p c\u1ea5p v\u00edt nhanh ch\u00f3ng, ch\u00ednh x\u00e1c. T\u1ed1i \u01b0u h\u00f3a t\u1ed1c \u0111\u1ed9 v\u00e0 \u0111\u1ed9 ch\u00ednh x\u00e1c c\u1ee7a to\u00e0n b\u1ed9 quy tr\u00ecnh l\u1eafp r\u00e1p.","robots":{"index":"index","follow":"follow","max-snippet":"max-snippet:-1","max-image-preview":"max-image-preview:large","max-video-preview":"max-video-preview:-1"},"canonical":"https:\/\/swoer.vn\/th\/manufacturer\/may-cap-lieu-rung-cho-vit\/","og_locale":"th_TH","og_type":"article","og_title":"M\u00e1y c\u1ea5p li\u1ec7u rung cho v\u00edt - Nh\u00e0 s\u1ea3n xu\u1ea5t m\u00e1y c\u1ea5p li\u1ec7u c\u00f4ng nghi\u1ec7p","og_description":"M\u00e1y c\u1ea5p li\u1ec7u rung cho v\u00edt SWOER: Gi\u1ea3i ph\u00e1p c\u1ea5p v\u00edt nhanh ch\u00f3ng, ch\u00ednh x\u00e1c. T\u1ed1i \u01b0u h\u00f3a t\u1ed1c \u0111\u1ed9 v\u00e0 \u0111\u1ed9 ch\u00ednh x\u00e1c c\u1ee7a to\u00e0n b\u1ed9 quy tr\u00ecnh l\u1eafp r\u00e1p.","og_url":"https:\/\/swoer.vn\/th\/manufacturer\/may-cap-lieu-rung-cho-vit\/","og_site_name":"Nh\u00e0 s\u1ea3n xu\u1ea5t m\u00e1y c\u1ea5p li\u1ec7u c\u00f4ng nghi\u1ec7p","og_image":[{"width":800,"height":800,"url":"https:\/\/swoer.vn\/wp-content\/uploads\/2025\/09\/May-cap-lieu-rung-cho-vit.png","type":"image\/png"}],"twitter_card":"summary_large_image","twitter_misc":{"Est. reading time":"2 \u0e19\u0e32\u0e17\u0e35"},"schema":{"@context":"https:\/\/schema.org","@graph":[{"@type":"WebPage","@id":"https:\/\/swoer.vn\/manufacturer\/may-cap-lieu-rung-cho-vit\/","url":"https:\/\/swoer.vn\/manufacturer\/may-cap-lieu-rung-cho-vit\/","name":"M\u00e1y c\u1ea5p li\u1ec7u rung cho v\u00edt - Nh\u00e0 s\u1ea3n xu\u1ea5t m\u00e1y c\u1ea5p li\u1ec7u c\u00f4ng nghi\u1ec7p","isPartOf":{"@id":"https:\/\/swoer.vn\/#website"},"primaryImageOfPage":{"@id":"https:\/\/swoer.vn\/manufacturer\/may-cap-lieu-rung-cho-vit\/#primaryimage"},"image":{"@id":"https:\/\/swoer.vn\/manufacturer\/may-cap-lieu-rung-cho-vit\/#primaryimage"},"thumbnailUrl":"https:\/\/swoer.vn\/wp-content\/uploads\/2025\/09\/May-cap-lieu-rung-cho-vit.png","datePublished":"2025-09-17T09:03:59+00:00","description":"M\u00e1y c\u1ea5p li\u1ec7u rung cho v\u00edt SWOER: Gi\u1ea3i ph\u00e1p c\u1ea5p v\u00edt nhanh ch\u00f3ng, ch\u00ednh x\u00e1c. T\u1ed1i \u01b0u h\u00f3a t\u1ed1c \u0111\u1ed9 v\u00e0 \u0111\u1ed9 ch\u00ednh x\u00e1c c\u1ee7a to\u00e0n b\u1ed9 quy tr\u00ecnh l\u1eafp r\u00e1p.","breadcrumb":{"@id":"https:\/\/swoer.vn\/manufacturer\/may-cap-lieu-rung-cho-vit\/#breadcrumb"},"inLanguage":"th","potentialAction":[{"@type":"ReadAction","target":["https:\/\/swoer.vn\/manufacturer\/may-cap-lieu-rung-cho-vit\/"]}]},{"@type":"ImageObject","inLanguage":"th","@id":"https:\/\/swoer.vn\/manufacturer\/may-cap-lieu-rung-cho-vit\/#primaryimage","url":"https:\/\/swoer.vn\/wp-content\/uploads\/2025\/09\/May-cap-lieu-rung-cho-vit.png","contentUrl":"https:\/\/swoer.vn\/wp-content\/uploads\/2025\/09\/May-cap-lieu-rung-cho-vit.png","width":800,"height":800,"caption":"Ma\u0301y ca\u0302\u0301p lie\u0323\u0302u rung cho vi\u0301t"},{"@type":"BreadcrumbList","@id":"https:\/\/swoer.vn\/manufacturer\/may-cap-lieu-rung-cho-vit\/#breadcrumb","itemListElement":[{"@type":"ListItem","position":1,"name":"Home","item":"https:\/\/swoer.vn\/"},{"@type":"ListItem","position":2,"name":"S\u1ea3n ph\u1ea9m","item":"https:\/\/swoer.vn\/shop\/"},{"@type":"ListItem","position":3,"name":"M\u00e1y c\u1ea5p li\u1ec7u rung cho v\u00edt"}]},{"@type":"WebSite","@id":"https:\/\/swoer.vn\/#website","url":"https:\/\/swoer.vn\/","name":"\u0e1c\u0e39\u0e49\u0e1c\u0e25\u0e34\u0e15\u0e40\u0e04\u0e23\u0e37\u0e48\u0e2d\u0e07\u0e1b\u0e49\u0e2d\u0e19\u0e2d\u0e32\u0e2b\u0e32\u0e23\u0e2d\u0e38\u0e15\u0e2a\u0e32\u0e2b\u0e01\u0e23\u0e23\u0e21","description":"\u0e08\u0e33\u0e2b\u0e19\u0e48\u0e32\u0e22\u0e2b\u0e38\u0e48\u0e19\u0e22\u0e19\u0e15\u0e4c \u0e40\u0e04\u0e23\u0e37\u0e48\u0e2d\u0e07\u0e1b\u0e49\u0e2d\u0e19\u0e41\u0e1a\u0e1a\u0e22\u0e37\u0e14\u0e2b\u0e22\u0e38\u0e48\u0e19 \u0e40\u0e04\u0e23\u0e37\u0e48\u0e2d\u0e07\u0e1b\u0e49\u0e2d\u0e19\u0e41\u0e1a\u0e1a\u0e41\u0e23\u0e07\u0e40\u0e2b\u0e27\u0e35\u0e48\u0e22\u0e07 \u0e40\u0e04\u0e23\u0e37\u0e48\u0e2d\u0e07\u0e1b\u0e49\u0e2d\u0e19\u0e41\u0e1a\u0e1a\u0e2a\u0e31\u0e48\u0e19\u0e2d\u0e31\u0e15\u0e42\u0e19\u0e21\u0e31\u0e15\u0e34","potentialAction":[{"@type":"SearchAction","target":{"@type":"EntryPoint","urlTemplate":"https:\/\/swoer.vn\/?s={search_term_string}"},"query-input":{"@type":"PropertyValueSpecification","valueRequired":true,"valueName":"search_term_string"}}],"inLanguage":"th"}]}},"_links":{"self":[{"href":"https:\/\/swoer.vn\/th\/wp-json\/wp\/v2\/product\/4599","targetHints":{"allow":["GET"]}}],"collection":[{"href":"https:\/\/swoer.vn\/th\/wp-json\/wp\/v2\/product"}],"about":[{"href":"https:\/\/swoer.vn\/th\/wp-json\/wp\/v2\/types\/product"}],"replies":[{"embeddable":true,"href":"https:\/\/swoer.vn\/th\/wp-json\/wp\/v2\/comments?post=4599"}],"wp:featuredmedia":[{"embeddable":true,"href":"https:\/\/swoer.vn\/th\/wp-json\/wp\/v2\/media\/4600"}],"wp:attachment":[{"href":"https:\/\/swoer.vn\/th\/wp-json\/wp\/v2\/media?parent=4599"}],"wp:term":[{"taxonomy":"product_brand","embeddable":true,"href":"https:\/\/swoer.vn\/th\/wp-json\/wp\/v2\/product_brand?post=4599"},{"taxonomy":"product_cat","embeddable":true,"href":"https:\/\/swoer.vn\/th\/wp-json\/wp\/v2\/product_cat?post=4599"},{"taxonomy":"product_tag","embeddable":true,"href":"https:\/\/swoer.vn\/th\/wp-json\/wp\/v2\/product_tag?post=4599"}],"curies":[{"name":"wp","href":"https:\/\/api.w.org\/{rel}","templated":true}]}}