{"id":4521,"date":"2025-09-13T15:58:33","date_gmt":"2025-09-13T08:58:33","guid":{"rendered":"https:\/\/swoer.vn\/?post_type=product&#038;p=4521"},"modified":"2025-09-13T15:58:33","modified_gmt":"2025-09-13T08:58:33","slug":"may-nap-tuyen-tinh-rung-dong-xp","status":"publish","type":"product","link":"https:\/\/swoer.vn\/th\/manufacturer\/may-nap-tuyen-tinh-rung-dong-xp\/","title":{"rendered":"M\u00e1y n\u1ea1p tuy\u1ebfn t\u00ednh rung &#8211; D\u00f2ng XP"},"content":{"rendered":"<h2><span style=\"font-weight: 400;\">\u0e02\u0e49\u0e2d\u0e21\u0e39\u0e25\u0e2a\u0e34\u0e19\u0e04\u0e49\u0e32 :<\/span><\/h2>\n<table>\n<tbody>\n<tr>\n<td><span style=\"font-weight: 400;\">M\u00e3 s\u1ea3n ph\u1ea9m<\/span><\/td>\n<td><span style=\"font-weight: 400;\">XP series<\/span><\/td>\n<\/tr>\n<tr>\n<td><span style=\"font-weight: 400;\">C\u00f4ng su\u1ea5t \u0111\u1ed9ng c\u01a1 (kW)<\/span><\/td>\n<td><span style=\"font-weight: 400;\">1 \u0111\u1ebfn 10<\/span><\/td>\n<\/tr>\n<tr>\n<td><span style=\"font-weight: 400;\">\u0e43\u0e0a\u0e49<\/span><\/td>\n<td><span style=\"font-weight: 400;\">Material Delivery<\/span><\/td>\n<\/tr>\n<tr>\n<td><span style=\"font-weight: 400;\">Movement Mode<\/span><\/td>\n<td><span style=\"font-weight: 400;\">Linear<\/span><\/td>\n<\/tr>\n<tr>\n<td><span style=\"font-weight: 400;\">Max Feeding (mm)<\/span><\/td>\n<td><span style=\"font-weight: 400;\">Customized<\/span><\/td>\n<\/tr>\n<tr>\n<td><span style=\"font-weight: 400;\">Chute Size (mm)<\/span><\/td>\n<td><span style=\"font-weight: 400;\">Customized<\/span><\/td>\n<\/tr>\n<tr>\n<td><span style=\"font-weight: 400;\">Nh\u00e3n hi\u1ec7u<\/span><\/td>\n<td><span style=\"font-weight: 400;\">\u0e2a\u0e27\u0e2d\u0e40\u0e2d\u0e2d\u0e23\u0e4c<\/span><\/td>\n<\/tr>\n<tr>\n<td><span style=\"font-weight: 400;\">\u0e02\u0e49\u0e2d\u0e21\u0e39\u0e25\u0e08\u0e33\u0e40\u0e1e\u0e32\u0e30<\/span><\/td>\n<td><span style=\"font-weight: 400;\">SW-90XP, 120XP<\/span><\/td>\n<\/tr>\n<tr>\n<td><span style=\"font-weight: 400;\">S\u1ee9c ch\u1ee9a (t\/h)<\/span><\/td>\n<td><span style=\"font-weight: 400;\">80 &#8211; 150<\/span><\/td>\n<\/tr>\n<tr>\n<td><span style=\"font-weight: 400;\">\u0e1e\u0e34\u0e21\u0e1e\u0e4c<\/span><\/td>\n<td><span style=\"font-weight: 400;\">Vibratory Linear Feeder<\/span><\/td>\n<\/tr>\n<tr>\n<td><span style=\"font-weight: 400;\">Lead Time<\/span><\/td>\n<td><span style=\"font-weight: 400;\">7 &#8211; 14 ng\u00e0y<\/span><\/td>\n<\/tr>\n<tr>\n<td><span style=\"font-weight: 400;\">Appearance<\/span><\/td>\n<td><span style=\"font-weight: 400;\">Customized<\/span><\/td>\n<\/tr>\n<tr>\n<td><span style=\"font-weight: 400;\">Installation Slope<\/span><\/td>\n<td><span style=\"font-weight: 400;\">Customized<\/span><\/td>\n<\/tr>\n<tr>\n<td><span style=\"font-weight: 400;\">Overall Dimension<\/span><\/td>\n<td><span style=\"font-weight: 400;\">SW-90XP, 120XP<\/span><\/td>\n<\/tr>\n<tr>\n<td><span style=\"font-weight: 400;\">\u0e02\u0e19\u0e2a\u0e48\u0e07<\/span><\/td>\n<td><span style=\"font-weight: 400;\">G\u1ed7 v\u00e1n<\/span><\/td>\n<\/tr>\n<tr>\n<td><span style=\"font-weight: 400;\">Xu\u1ea5t x\u1ee9<\/span><\/td>\n<td><span style=\"font-weight: 400;\">\u0e08\u0e35\u0e19<\/span><\/td>\n<\/tr>\n<\/tbody>\n<\/table>\n<h2><span style=\"font-weight: 400;\">\u0e04\u0e38\u0e13\u0e2a\u0e21\u0e1a\u0e31\u0e15\u0e34:<\/span><\/h2>\n<p><span style=\"font-weight: 400;\">C\u1ee5m truy\u1ec1n \u0111\u1ed9ng tuy\u1ebfn t\u00ednh c\u00f3 \u0111\u1ed9 ch\u00ednh x\u00e1c cao v\u00e0 thi\u1ebft b\u1ecb ch\u1ed1ng rung l\u00f2 xo t\u1ea5m c\u00f3 l\u1ef1c ph\u1ea3n \u1ee9ng h\u1ea5p th\u1ee5 c\u00f3 t\u1ed1c \u0111\u1ed9 cao v\u00e0 \u1ed5n \u0111\u1ecbnh, \u0111\u1ed3ng th\u1eddi c\u00f3 th\u1ec3 c\u00f3 \u0111\u01b0\u1ee3c \u0111\u1eb7c t\u00ednh rung t\u1ed1t nh\u1ea5t ph\u00f9 h\u1ee3p v\u1edbi vi\u1ec7c v\u1eadn chuy\u1ec3n c\u00e1c b\u1ed9 ph\u1eadn nh\u1ecf:<\/span><\/p>\n<ul>\n<li style=\"font-weight: 400;\" aria-level=\"1\"><span style=\"font-weight: 400;\">C\u1ea3i thi\u1ec7n g\u00f3c l\u1eafp c\u1ee7a l\u00f2 xo l\u00e1 \u0111\u1ec3 \u0111\u1ea1t \u0111\u01b0\u1ee3c t\u1ed1c \u0111\u1ed9 x\u1eed l\u00fd \u0111\u1ed3ng nh\u1ea5t t\u1eeb c\u1eeda n\u1ea1p m\u00e1ng chuy\u1ec3n \u0111\u1ebfn c\u1eeda tho\u00e1t.<\/span><\/li>\n<li style=\"font-weight: 400;\" aria-level=\"1\"><span style=\"font-weight: 400;\">Th\u00edch h\u1ee3p nh\u1ea5t cho c\u00e1c b\u1ed9 ph\u1eadn ch\u00ednh x\u00e1c ki\u1ec3u ch\u1ed1ng rung l\u00f2 xo \u0111\u0129a nh\u01b0 nh\u1ecf, ph\u1eb3ng, phoi,&#8230;<\/span><\/li>\n<li style=\"font-weight: 400;\" aria-level=\"1\"><span style=\"font-weight: 400;\">Gi\u1ea3m \u0111\u00e1ng k\u1ec3 ti\u1ebfng \u1ed3n c\u1ee7a h\u1ec7 th\u1ed1ng c\u1ea5p li\u1ec7u tuy\u1ebfn t\u00ednh v\u00e0 \u0111\u1ed9 bi\u1ebfn \u0111\u1ed9ng c\u1ee7a ph\u00f4i gia c\u00f4ng.<\/span><\/li>\n<li style=\"font-weight: 400;\" aria-level=\"1\"><span style=\"font-weight: 400;\">Hi\u1ec7u \u1ee9ng x\u1eed l\u00fd t\u1ed1c \u0111\u1ed9 cao v\u00e0 \u1ed5n \u0111\u1ecbnh tr\u00ean gi\u00e1 \u0111\u1ee1 ho\u1eb7c b\u1ec7 m\u00e1y.<\/span><\/li>\n<\/ul>","protected":false},"excerpt":{"rendered":"<p>B\u1ea1n \u0111ang t\u00ecm ki\u1ebfm gi\u1ea3i ph\u00e1p c\u1ea5p ph\u00f4i t\u1ed1c \u0111\u1ed9 cao cho c\u00e1c chi ti\u1ebft d\u1eadp kim lo\u1ea1i, \u0111\u00fac ho\u1eb7c chi ti\u1ebft c\u00f3 h\u00ecnh d\u00e1ng ph\u1ee9c t\u1ea1p? <b>M\u00e1y n\u1ea1p tuy\u1ebfn t\u00ednh rung &#8211; d\u00f2ng XP<\/b> c\u1ee7a SWOER l\u00e0 c\u00e2u tr\u1ea3 l\u1eddi. \u0110\u00e2y l\u00e0 h\u1ec7 th\u1ed1ng c\u1ea5p ph\u00f4i \u0111\u01b0\u1ee3c thi\u1ebft k\u1ebf chuy\u00ean bi\u1ec7t \u0111\u1ec3 x\u1eed l\u00fd c\u00e1c chi ti\u1ebft c\u00f3 \u0111\u1ed9 m\u1ecfng, d\u1ec5 d\u00ednh ho\u1eb7c c\u00f3 c\u1ea1nh s\u1eafc. D\u00f2ng m\u00e1y XP ho\u1ea1t \u0111\u1ed9ng hi\u1ec7u qu\u1ea3, \u1ed5n \u0111\u1ecbnh, gi\u00fap t\u1ed1i \u01b0u h\u00f3a n\u0103ng su\u1ea5t v\u00e0 gi\u1ea3m thi\u1ec3u r\u1ee7i ro h\u01b0 h\u1ecfng s\u1ea3n ph\u1ea9m trong qu\u00e1 tr\u00ecnh s\u1ea3n xu\u1ea5t.<\/p>","protected":false},"featured_media":4522,"comment_status":"open","ping_status":"closed","template":"","meta":[],"product_brand":[],"product_cat":[87],"product_tag":[153,154,152],"class_list":{"0":"post-4521","1":"product","2":"type-product","3":"status-publish","4":"has-post-thumbnail","6":"product_cat-bo-nap-tuyen-tinh","7":"product_tag-bo-nap-tuyen-tinh","8":"product_tag-bo-rung-tuyen-tinh","9":"product_tag-may-nap-tuyen-tinh-rung","11":"first","12":"instock","13":"shipping-taxable","14":"product-type-simple"},"yoast_head":"<!-- This site is optimized with the Yoast SEO plugin v26.0 - https:\/\/yoast.com\/wordpress\/plugins\/seo\/ -->\n<title>M\u00e1y n\u1ea1p tuy\u1ebfn t\u00ednh rung - D\u00f2ng XP - Nh\u00e0 s\u1ea3n xu\u1ea5t m\u00e1y c\u1ea5p li\u1ec7u c\u00f4ng nghi\u1ec7p<\/title>\n<meta name=\"description\" content=\"M\u00e1y n\u1ea1p tuy\u1ebfn t\u00ednh rung SWOER d\u00f2ng XP: Gi\u1ea3i ph\u00e1p c\u1ea5p ph\u00f4i t\u1ed1c \u0111\u1ed9 cao cho chi ti\u1ebft d\u1eadp, \u0111\u00fac. T\u1ed1i \u01b0u n\u0103ng su\u1ea5t, \u0111\u1ea3m b\u1ea3o \u1ed5n \u0111\u1ecbnh v\u00e0 b\u1ea3o v\u1ec7 s\u1ea3n ph\u1ea9m.\" \/>\n<meta name=\"robots\" content=\"index, follow, max-snippet:-1, max-image-preview:large, max-video-preview:-1\" \/>\n<link rel=\"canonical\" href=\"https:\/\/swoer.vn\/th\/manufacturer\/may-nap-tuyen-tinh-rung-dong-xp\/\" \/>\n<meta property=\"og:locale\" content=\"th_TH\" \/>\n<meta property=\"og:type\" content=\"article\" \/>\n<meta property=\"og:title\" content=\"M\u00e1y n\u1ea1p tuy\u1ebfn t\u00ednh rung - D\u00f2ng XP - Nh\u00e0 s\u1ea3n xu\u1ea5t m\u00e1y c\u1ea5p li\u1ec7u c\u00f4ng nghi\u1ec7p\" \/>\n<meta property=\"og:description\" content=\"M\u00e1y n\u1ea1p tuy\u1ebfn t\u00ednh rung SWOER d\u00f2ng XP: Gi\u1ea3i ph\u00e1p c\u1ea5p ph\u00f4i t\u1ed1c \u0111\u1ed9 cao cho chi ti\u1ebft d\u1eadp, \u0111\u00fac. T\u1ed1i \u01b0u n\u0103ng su\u1ea5t, \u0111\u1ea3m b\u1ea3o \u1ed5n \u0111\u1ecbnh v\u00e0 b\u1ea3o v\u1ec7 s\u1ea3n ph\u1ea9m.\" \/>\n<meta property=\"og:url\" content=\"https:\/\/swoer.vn\/th\/manufacturer\/may-nap-tuyen-tinh-rung-dong-xp\/\" \/>\n<meta property=\"og:site_name\" content=\"Nh\u00e0 s\u1ea3n xu\u1ea5t m\u00e1y c\u1ea5p li\u1ec7u c\u00f4ng nghi\u1ec7p\" \/>\n<meta property=\"og:image\" content=\"https:\/\/swoer.vn\/wp-content\/uploads\/2025\/09\/may-nap-tuyen-tinh-rung-dong-xp.png\" \/>\n\t<meta property=\"og:image:width\" content=\"800\" \/>\n\t<meta property=\"og:image:height\" content=\"800\" \/>\n\t<meta property=\"og:image:type\" content=\"image\/png\" \/>\n<meta name=\"twitter:card\" content=\"summary_large_image\" \/>\n<meta name=\"twitter:label1\" content=\"Est. reading time\" \/>\n\t<meta name=\"twitter:data1\" content=\"2 \u0e19\u0e32\u0e17\u0e35\" \/>\n<script type=\"application\/ld+json\" class=\"yoast-schema-graph\">{\"@context\":\"https:\/\/schema.org\",\"@graph\":[{\"@type\":\"WebPage\",\"@id\":\"https:\/\/swoer.vn\/manufacturer\/may-nap-tuyen-tinh-rung-dong-xp\/\",\"url\":\"https:\/\/swoer.vn\/manufacturer\/may-nap-tuyen-tinh-rung-dong-xp\/\",\"name\":\"M\u00e1y n\u1ea1p tuy\u1ebfn t\u00ednh rung - D\u00f2ng XP - Nh\u00e0 s\u1ea3n xu\u1ea5t m\u00e1y c\u1ea5p li\u1ec7u c\u00f4ng nghi\u1ec7p\",\"isPartOf\":{\"@id\":\"https:\/\/swoer.vn\/#website\"},\"primaryImageOfPage\":{\"@id\":\"https:\/\/swoer.vn\/manufacturer\/may-nap-tuyen-tinh-rung-dong-xp\/#primaryimage\"},\"image\":{\"@id\":\"https:\/\/swoer.vn\/manufacturer\/may-nap-tuyen-tinh-rung-dong-xp\/#primaryimage\"},\"thumbnailUrl\":\"https:\/\/swoer.vn\/wp-content\/uploads\/2025\/09\/may-nap-tuyen-tinh-rung-dong-xp.png\",\"datePublished\":\"2025-09-13T08:58:33+00:00\",\"description\":\"M\u00e1y n\u1ea1p tuy\u1ebfn t\u00ednh rung SWOER d\u00f2ng XP: Gi\u1ea3i ph\u00e1p c\u1ea5p ph\u00f4i t\u1ed1c \u0111\u1ed9 cao cho chi ti\u1ebft d\u1eadp, \u0111\u00fac. T\u1ed1i \u01b0u n\u0103ng su\u1ea5t, \u0111\u1ea3m b\u1ea3o \u1ed5n \u0111\u1ecbnh v\u00e0 b\u1ea3o v\u1ec7 s\u1ea3n ph\u1ea9m.\",\"breadcrumb\":{\"@id\":\"https:\/\/swoer.vn\/manufacturer\/may-nap-tuyen-tinh-rung-dong-xp\/#breadcrumb\"},\"inLanguage\":\"th\",\"potentialAction\":[{\"@type\":\"ReadAction\",\"target\":[\"https:\/\/swoer.vn\/manufacturer\/may-nap-tuyen-tinh-rung-dong-xp\/\"]}]},{\"@type\":\"ImageObject\",\"inLanguage\":\"th\",\"@id\":\"https:\/\/swoer.vn\/manufacturer\/may-nap-tuyen-tinh-rung-dong-xp\/#primaryimage\",\"url\":\"https:\/\/swoer.vn\/wp-content\/uploads\/2025\/09\/may-nap-tuyen-tinh-rung-dong-xp.png\",\"contentUrl\":\"https:\/\/swoer.vn\/wp-content\/uploads\/2025\/09\/may-nap-tuyen-tinh-rung-dong-xp.png\",\"width\":800,\"height\":800,\"caption\":\"ma\u0301y na\u0323p tuye\u0302\u0301n ti\u0301nh rung do\u0300ng xp\"},{\"@type\":\"BreadcrumbList\",\"@id\":\"https:\/\/swoer.vn\/manufacturer\/may-nap-tuyen-tinh-rung-dong-xp\/#breadcrumb\",\"itemListElement\":[{\"@type\":\"ListItem\",\"position\":1,\"name\":\"Home\",\"item\":\"https:\/\/swoer.vn\/\"},{\"@type\":\"ListItem\",\"position\":2,\"name\":\"S\u1ea3n ph\u1ea9m\",\"item\":\"https:\/\/swoer.vn\/shop\/\"},{\"@type\":\"ListItem\",\"position\":3,\"name\":\"M\u00e1y n\u1ea1p tuy\u1ebfn t\u00ednh rung &#8211; D\u00f2ng XP\"}]},{\"@type\":\"WebSite\",\"@id\":\"https:\/\/swoer.vn\/#website\",\"url\":\"https:\/\/swoer.vn\/\",\"name\":\"Nh\u00e0 s\u1ea3n xu\u1ea5t m\u00e1y c\u1ea5p li\u1ec7u c\u00f4ng nghi\u1ec7p\",\"description\":\"Nh\u00e0 cung c\u1ea5p robot, m\u00e1y c\u1ea5p li\u1ec7u linh ho\u1ea1t, m\u00e1y c\u1ea5p li\u1ec7u ly t\u00e2m, m\u00e1y c\u1ea5p li\u1ec7u rung t\u1ef1 \u0111\u1ed9ng\",\"potentialAction\":[{\"@type\":\"SearchAction\",\"target\":{\"@type\":\"EntryPoint\",\"urlTemplate\":\"https:\/\/swoer.vn\/?s={search_term_string}\"},\"query-input\":{\"@type\":\"PropertyValueSpecification\",\"valueRequired\":true,\"valueName\":\"search_term_string\"}}],\"inLanguage\":\"th\"}]}<\/script>\n<!-- \/ Yoast SEO plugin. -->","yoast_head_json":{"title":"M\u00e1y n\u1ea1p tuy\u1ebfn t\u00ednh rung - D\u00f2ng XP - Nh\u00e0 s\u1ea3n xu\u1ea5t m\u00e1y c\u1ea5p li\u1ec7u c\u00f4ng nghi\u1ec7p","description":"M\u00e1y n\u1ea1p tuy\u1ebfn t\u00ednh rung SWOER d\u00f2ng XP: Gi\u1ea3i ph\u00e1p c\u1ea5p ph\u00f4i t\u1ed1c \u0111\u1ed9 cao cho chi ti\u1ebft d\u1eadp, \u0111\u00fac. T\u1ed1i \u01b0u n\u0103ng su\u1ea5t, \u0111\u1ea3m b\u1ea3o \u1ed5n \u0111\u1ecbnh v\u00e0 b\u1ea3o v\u1ec7 s\u1ea3n ph\u1ea9m.","robots":{"index":"index","follow":"follow","max-snippet":"max-snippet:-1","max-image-preview":"max-image-preview:large","max-video-preview":"max-video-preview:-1"},"canonical":"https:\/\/swoer.vn\/th\/manufacturer\/may-nap-tuyen-tinh-rung-dong-xp\/","og_locale":"th_TH","og_type":"article","og_title":"M\u00e1y n\u1ea1p tuy\u1ebfn t\u00ednh rung - D\u00f2ng XP - Nh\u00e0 s\u1ea3n xu\u1ea5t m\u00e1y c\u1ea5p li\u1ec7u c\u00f4ng nghi\u1ec7p","og_description":"M\u00e1y n\u1ea1p tuy\u1ebfn t\u00ednh rung SWOER d\u00f2ng XP: Gi\u1ea3i ph\u00e1p c\u1ea5p ph\u00f4i t\u1ed1c \u0111\u1ed9 cao cho chi ti\u1ebft d\u1eadp, \u0111\u00fac. T\u1ed1i \u01b0u n\u0103ng su\u1ea5t, \u0111\u1ea3m b\u1ea3o \u1ed5n \u0111\u1ecbnh v\u00e0 b\u1ea3o v\u1ec7 s\u1ea3n ph\u1ea9m.","og_url":"https:\/\/swoer.vn\/th\/manufacturer\/may-nap-tuyen-tinh-rung-dong-xp\/","og_site_name":"Nh\u00e0 s\u1ea3n xu\u1ea5t m\u00e1y c\u1ea5p li\u1ec7u c\u00f4ng nghi\u1ec7p","og_image":[{"width":800,"height":800,"url":"https:\/\/swoer.vn\/wp-content\/uploads\/2025\/09\/may-nap-tuyen-tinh-rung-dong-xp.png","type":"image\/png"}],"twitter_card":"summary_large_image","twitter_misc":{"Est. reading time":"2 \u0e19\u0e32\u0e17\u0e35"},"schema":{"@context":"https:\/\/schema.org","@graph":[{"@type":"WebPage","@id":"https:\/\/swoer.vn\/manufacturer\/may-nap-tuyen-tinh-rung-dong-xp\/","url":"https:\/\/swoer.vn\/manufacturer\/may-nap-tuyen-tinh-rung-dong-xp\/","name":"M\u00e1y n\u1ea1p tuy\u1ebfn t\u00ednh rung - D\u00f2ng XP - Nh\u00e0 s\u1ea3n xu\u1ea5t m\u00e1y c\u1ea5p li\u1ec7u c\u00f4ng nghi\u1ec7p","isPartOf":{"@id":"https:\/\/swoer.vn\/#website"},"primaryImageOfPage":{"@id":"https:\/\/swoer.vn\/manufacturer\/may-nap-tuyen-tinh-rung-dong-xp\/#primaryimage"},"image":{"@id":"https:\/\/swoer.vn\/manufacturer\/may-nap-tuyen-tinh-rung-dong-xp\/#primaryimage"},"thumbnailUrl":"https:\/\/swoer.vn\/wp-content\/uploads\/2025\/09\/may-nap-tuyen-tinh-rung-dong-xp.png","datePublished":"2025-09-13T08:58:33+00:00","description":"M\u00e1y n\u1ea1p tuy\u1ebfn t\u00ednh rung SWOER d\u00f2ng XP: Gi\u1ea3i ph\u00e1p c\u1ea5p ph\u00f4i t\u1ed1c \u0111\u1ed9 cao cho chi ti\u1ebft d\u1eadp, \u0111\u00fac. T\u1ed1i \u01b0u n\u0103ng su\u1ea5t, \u0111\u1ea3m b\u1ea3o \u1ed5n \u0111\u1ecbnh v\u00e0 b\u1ea3o v\u1ec7 s\u1ea3n ph\u1ea9m.","breadcrumb":{"@id":"https:\/\/swoer.vn\/manufacturer\/may-nap-tuyen-tinh-rung-dong-xp\/#breadcrumb"},"inLanguage":"th","potentialAction":[{"@type":"ReadAction","target":["https:\/\/swoer.vn\/manufacturer\/may-nap-tuyen-tinh-rung-dong-xp\/"]}]},{"@type":"ImageObject","inLanguage":"th","@id":"https:\/\/swoer.vn\/manufacturer\/may-nap-tuyen-tinh-rung-dong-xp\/#primaryimage","url":"https:\/\/swoer.vn\/wp-content\/uploads\/2025\/09\/may-nap-tuyen-tinh-rung-dong-xp.png","contentUrl":"https:\/\/swoer.vn\/wp-content\/uploads\/2025\/09\/may-nap-tuyen-tinh-rung-dong-xp.png","width":800,"height":800,"caption":"ma\u0301y na\u0323p tuye\u0302\u0301n ti\u0301nh rung do\u0300ng xp"},{"@type":"BreadcrumbList","@id":"https:\/\/swoer.vn\/manufacturer\/may-nap-tuyen-tinh-rung-dong-xp\/#breadcrumb","itemListElement":[{"@type":"ListItem","position":1,"name":"Home","item":"https:\/\/swoer.vn\/"},{"@type":"ListItem","position":2,"name":"S\u1ea3n ph\u1ea9m","item":"https:\/\/swoer.vn\/shop\/"},{"@type":"ListItem","position":3,"name":"M\u00e1y n\u1ea1p tuy\u1ebfn t\u00ednh rung &#8211; D\u00f2ng XP"}]},{"@type":"WebSite","@id":"https:\/\/swoer.vn\/#website","url":"https:\/\/swoer.vn\/","name":"\u0e1c\u0e39\u0e49\u0e1c\u0e25\u0e34\u0e15\u0e40\u0e04\u0e23\u0e37\u0e48\u0e2d\u0e07\u0e1b\u0e49\u0e2d\u0e19\u0e2d\u0e32\u0e2b\u0e32\u0e23\u0e2d\u0e38\u0e15\u0e2a\u0e32\u0e2b\u0e01\u0e23\u0e23\u0e21","description":"\u0e08\u0e33\u0e2b\u0e19\u0e48\u0e32\u0e22\u0e2b\u0e38\u0e48\u0e19\u0e22\u0e19\u0e15\u0e4c \u0e40\u0e04\u0e23\u0e37\u0e48\u0e2d\u0e07\u0e1b\u0e49\u0e2d\u0e19\u0e41\u0e1a\u0e1a\u0e22\u0e37\u0e14\u0e2b\u0e22\u0e38\u0e48\u0e19 \u0e40\u0e04\u0e23\u0e37\u0e48\u0e2d\u0e07\u0e1b\u0e49\u0e2d\u0e19\u0e41\u0e1a\u0e1a\u0e41\u0e23\u0e07\u0e40\u0e2b\u0e27\u0e35\u0e48\u0e22\u0e07 \u0e40\u0e04\u0e23\u0e37\u0e48\u0e2d\u0e07\u0e1b\u0e49\u0e2d\u0e19\u0e41\u0e1a\u0e1a\u0e2a\u0e31\u0e48\u0e19\u0e2d\u0e31\u0e15\u0e42\u0e19\u0e21\u0e31\u0e15\u0e34","potentialAction":[{"@type":"SearchAction","target":{"@type":"EntryPoint","urlTemplate":"https:\/\/swoer.vn\/?s={search_term_string}"},"query-input":{"@type":"PropertyValueSpecification","valueRequired":true,"valueName":"search_term_string"}}],"inLanguage":"th"}]}},"_links":{"self":[{"href":"https:\/\/swoer.vn\/th\/wp-json\/wp\/v2\/product\/4521","targetHints":{"allow":["GET"]}}],"collection":[{"href":"https:\/\/swoer.vn\/th\/wp-json\/wp\/v2\/product"}],"about":[{"href":"https:\/\/swoer.vn\/th\/wp-json\/wp\/v2\/types\/product"}],"replies":[{"embeddable":true,"href":"https:\/\/swoer.vn\/th\/wp-json\/wp\/v2\/comments?post=4521"}],"wp:featuredmedia":[{"embeddable":true,"href":"https:\/\/swoer.vn\/th\/wp-json\/wp\/v2\/media\/4522"}],"wp:attachment":[{"href":"https:\/\/swoer.vn\/th\/wp-json\/wp\/v2\/media?parent=4521"}],"wp:term":[{"taxonomy":"product_brand","embeddable":true,"href":"https:\/\/swoer.vn\/th\/wp-json\/wp\/v2\/product_brand?post=4521"},{"taxonomy":"product_cat","embeddable":true,"href":"https:\/\/swoer.vn\/th\/wp-json\/wp\/v2\/product_cat?post=4521"},{"taxonomy":"product_tag","embeddable":true,"href":"https:\/\/swoer.vn\/th\/wp-json\/wp\/v2\/product_tag?post=4521"}],"curies":[{"name":"wp","href":"https:\/\/api.w.org\/{rel}","templated":true}]}}