{"id":2786,"date":"2025-04-01T16:41:51","date_gmt":"2025-04-01T09:41:51","guid":{"rendered":"https:\/\/swoer.vn\/?post_type=product&#038;p=2786"},"modified":"2025-09-23T08:52:31","modified_gmt":"2025-09-23T01:52:31","slug":"may-lap-rap-khoa-tu-dong-oc-vit-day-keo","status":"publish","type":"product","link":"https:\/\/swoer.vn\/th\/manufacturer\/may-lap-rap-khoa-tu-dong-oc-vit-day-keo\/","title":{"rendered":"M\u00e1y l\u1eafp r\u00e1p kh\u00f3a t\u1ef1 \u0111\u1ed9ng \u1ed1c v\u00edt \u0111\u1ea9y-k\u00e9o"},"content":{"rendered":"<h2><span style=\"font-weight: 400;\">\u0e02\u0e49\u0e2d\u0e21\u0e39\u0e25\u0e2a\u0e34\u0e19\u0e04\u0e49\u0e32 :<\/span><\/h2>\n<table style=\"height: 381px;\" width=\"794\">\n<tbody>\n<tr>\n<td>\n<p style=\"text-align: center;\"><span style=\"font-weight: 400;\">T\u00ean thi\u1ebft b\u1ecb<\/span><\/p>\n<\/td>\n<td style=\"text-align: center;\"><span style=\"font-weight: 400;\">M\u00e1y l\u1eafp r\u00e1p kh\u00f3a t\u1ef1 \u0111\u1ed9ng \u1ed1c v\u00edt \u0111\u1ea9y-k\u00e9o<\/span><\/td>\n<\/tr>\n<tr>\n<td style=\"text-align: center;\"><span style=\"font-weight: 400;\">\u0e41\u0e2b\u0e25\u0e48\u0e07\u0e08\u0e48\u0e32\u0e22\u0e44\u0e1f<\/span><\/td>\n<td>\n<p style=\"text-align: center;\"><span style=\"font-weight: 400;\">100V-500V 50\/60Hz<\/span><\/p>\n<\/td>\n<\/tr>\n<tr>\n<td>\n<p style=\"text-align: center;\"><span style=\"font-weight: 400;\">\u00c1p su\u1ea5t<\/span><\/p>\n<\/td>\n<td style=\"text-align: center;\"><span style=\"font-weight: 400;\">&gt; 0.5 MPa<\/span><\/td>\n<\/tr>\n<tr>\n<td style=\"text-align: center;\"><span style=\"font-weight: 400;\">K\u00edch th\u01b0\u1edbc c\u01a1 h\u1ecdc<\/span><\/td>\n<td>\n<p style=\"text-align: center;\"><span style=\"font-weight: 400;\">3516 * 1178 * 1318 (mm)<\/span><\/p>\n<\/td>\n<\/tr>\n<tr>\n<td>\n<p style=\"text-align: center;\"><span style=\"font-weight: 400;\">\u0e1c\u0e25\u0e1c\u0e25\u0e34\u0e15<\/span><\/p>\n<\/td>\n<td style=\"text-align: center;\"><span style=\"font-weight: 400;\">600 s\u1ea3n ph\u1ea9m\/gi\u1edd<\/span><\/td>\n<\/tr>\n<tr>\n<td style=\"text-align: center;\"><span style=\"font-weight: 400;\">\u0e04\u0e27\u0e32\u0e21\u0e08\u0e38<\/span><\/td>\n<td>\n<p style=\"text-align: center;\"><span style=\"font-weight: 400;\">1500W<\/span><\/p>\n<\/td>\n<\/tr>\n<tr>\n<td>\n<p style=\"text-align: center;\"><span style=\"font-weight: 400;\">Tr\u1ecdng l\u01b0\u1ee3ng s\u1ea3n ph\u1ea9m<\/span><\/p>\n<\/td>\n<td>\n<p style=\"text-align: center;\"><span style=\"font-weight: 400;\">800Kg<\/span><\/p>\n<\/td>\n<\/tr>\n<\/tbody>\n<\/table>\n<h2><span style=\"font-weight: 400;\">H\u01b0\u1edbng d\u1eabn s\u1eed d\u1ee5ng thi\u1ebft b\u1ecb:<\/span><\/h2>\n<ol>\n<li style=\"font-weight: 400;\" aria-level=\"1\"><span style=\"font-weight: 400;\">M\u00e1y s\u1eed d\u1ee5ng xi lanh l\u00e0m ngu\u1ed3n \u0111\u1ed9ng l\u1ef1c, h\u1ec7 th\u1ed1ng \u0111i\u1ec1u khi\u1ec3n l\u00e0 b\u1ed9 \u0111i\u1ec1u khi\u1ec3n l\u1eadp tr\u00ecnh PLC, v\u00e0 nguy\u00ean l\u00fd l\u00e0m vi\u1ec7c c\u1ee7a l\u1eafp r\u00e1p tr\u1ea1m ph\u1ee5 tr\u1ef1c quan.<\/span><\/li>\n<li style=\"font-weight: 400;\" aria-level=\"1\"><span style=\"font-weight: 400;\">Tr\u1ea1m \u0111\u1ea7u ti\u00ean c\u1ee7a thi\u1ebft b\u1ecb l\u00e0 c\u1ea5p li\u1ec7u tr\u00ean b\u0103ng t\u1ea3i th\u1ee7 c\u00f4ng, k\u1eb9p t\u1ef1 \u0111\u1ed9ng, l\u1eafp r\u00e1p, b\u1eaft v\u00edt v\u00e0 x\u1ea3 b\u0103ng t\u1ea3i t\u1ef1 \u0111\u1ed9ng.<\/span><\/li>\n<li style=\"font-weight: 400;\" aria-level=\"1\"><span style=\"font-weight: 400;\">\u1ed0c v\u00edt \u0111\u01b0\u1ee3c c\u1ea5p li\u1ec7u b\u1eb1ng ph\u01b0\u01a1ng ph\u00e1p th\u1ed5i \u1ed1c v\u00edt, cho hi\u1ec7u qu\u1ea3 t\u1ed1t h\u01a1n v\u00e0 \u0111\u1ed9 \u1ed5n \u0111\u1ecbnh cao h\u01a1n.<\/span><\/li>\n<li style=\"font-weight: 400;\" aria-level=\"1\"><span style=\"font-weight: 400;\">Giao di\u1ec7n ng\u01b0\u1eddi-m\u00e1y, giao di\u1ec7n tr\u1ef1c quan, thao t\u00e1c \u0111\u01a1n gi\u1ea3n v\u00e0 an to\u00e0n;<\/span><\/li>\n<li style=\"font-weight: 400;\" aria-level=\"1\"><span style=\"font-weight: 400;\">T\u1ea5t c\u1ea3 c\u00e1c tr\u1ea1m l\u00e0m vi\u1ec7c ch\u00ednh c\u1ee7a thi\u1ebft b\u1ecb \u0111\u1ec1u c\u00f3 th\u1ec3 c\u00e0i \u0111\u1eb7t linh ho\u1ea1t t\u1ed1c \u0111\u1ed9 \u0111i\u1ec1u ch\u1ec9nh v\u00e0 s\u1ed1 l\u01b0\u1ee3ng.<\/span><\/li>\n<li style=\"font-weight: 400;\" aria-level=\"1\"><span style=\"font-weight: 400;\">Th\u1ed1ng k\u00ea s\u1ed1 l\u01b0\u1ee3ng s\u1ea3n xu\u1ea5t gi\u00fap ki\u1ec3m so\u00e1t s\u1ea3n xu\u1ea5t d\u1ec5 d\u00e0ng h\u01a1n.<\/span><\/li>\n<li style=\"font-weight: 400;\" aria-level=\"1\"><span style=\"font-weight: 400;\">T\u1ef1 \u0111\u1ed9ng d\u1eebng, b\u00e1o \u0111\u1ed9ng v\u00e0 hi\u1ec3n th\u1ecb th\u00f4ng tin l\u1ed7i khi c\u00f3 s\u1ef1 c\u1ed1, \u0111\u1ec3 ki\u1ec3m tra v\u00e0 kh\u1eafc ph\u1ee5c s\u1ef1 c\u1ed1.<\/span><\/li>\n<\/ol>","protected":false},"excerpt":{"rendered":"<p>M\u00e1y l\u1eafp r\u00e1p kh\u00f3a t\u1ef1 \u0111\u1ed9ng \u1ed1c v\u00edt \u0111\u1ea9y-k\u00e9o SWOER l\u00e0 gi\u1ea3i ph\u00e1p t\u1ef1 \u0111\u1ed9ng h\u00f3a hi\u1ec7u qu\u1ea3, gi\u00fap t\u0103ng n\u0103ng su\u1ea5t l\u00ean \u0111\u1ebfn 600 s\u1ea3n ph\u1ea9m\/gi\u1edd. H\u1ec7 th\u1ed1ng PLC, xi lanh m\u1ea1nh m\u1ebd, c\u1ea5p v\u00edt th\u1ed5i \u1ed5n \u0111\u1ecbnh, giao di\u1ec7n tr\u1ef1c quan, d\u1ec5 v\u1eadn h\u00e0nh, gi\u1ea3m chi ph\u00ed lao \u0111\u1ed9ng, \u0111\u1ea3m b\u1ea3o ch\u1ea5t l\u01b0\u1ee3ng v\u00e0 \u0111\u1ed9 ch\u00ednh x\u00e1c cao. M\u00e1y ph\u00f9 h\u1ee3p v\u1edbi nhi\u1ec1u \u1ee9ng d\u1ee5ng trong ng\u00e0nh c\u00f4ng nghi\u1ec7p s\u1ea3n xu\u1ea5t, l\u1eafp r\u00e1p, gi\u00fap doanh nghi\u1ec7p t\u1ed1i \u01b0u h\u00f3a quy tr\u00ecnh, n\u00e2ng cao n\u0103ng l\u1ef1c c\u1ea1nh tranh.<\/p>","protected":false},"featured_media":2787,"comment_status":"open","ping_status":"closed","template":"","meta":[],"product_brand":[],"product_cat":[142],"product_tag":[135,133,134,136],"class_list":{"0":"post-2786","1":"product","2":"type-product","3":"status-publish","4":"has-post-thumbnail","6":"product_cat-may-lap-rap-tu-dong","7":"product_tag-he-thong-may-lap-rap-tu-dong","8":"product_tag-may-lap-rap","9":"product_tag-may-lap-rap-linh-kien","10":"product_tag-may-tu-dong-lap-rap-linh-kien","12":"first","13":"instock","14":"shipping-taxable","15":"product-type-simple"},"yoast_head":"<!-- This site is optimized with the Yoast SEO plugin v26.0 - https:\/\/yoast.com\/wordpress\/plugins\/seo\/ -->\n<title>M\u00e1y l\u1eafp r\u00e1p kh\u00f3a t\u1ef1 \u0111\u1ed9ng \u1ed1c v\u00edt \u0111\u1ea9y-k\u00e9o - Nh\u00e0 s\u1ea3n xu\u1ea5t m\u00e1y c\u1ea5p li\u1ec7u c\u00f4ng nghi\u1ec7p<\/title>\n<meta name=\"description\" content=\"M\u00e1y l\u1eafp r\u00e1p kh\u00f3a t\u1ef1 \u0111\u1ed9ng \u1ed1c v\u00edt \u0111\u1ea9y-k\u00e9o SWOER: T\u1ef1 \u0111\u1ed9ng h\u00f3a l\u1eafp r\u00e1p, t\u0103ng n\u0103ng su\u1ea5t 600 sp\/gi\u1edd. PLC, c\u1ea5p v\u00edt th\u1ed5i, giao di\u1ec7n th\u00e2n thi\u1ec7n. T\u1ed1i \u01b0u s\u1ea3n xu\u1ea5t!\" \/>\n<meta name=\"robots\" content=\"index, follow, max-snippet:-1, max-image-preview:large, max-video-preview:-1\" \/>\n<link rel=\"canonical\" href=\"https:\/\/swoer.vn\/th\/manufacturer\/may-lap-rap-khoa-tu-dong-oc-vit-day-keo\/\" \/>\n<meta property=\"og:locale\" content=\"th_TH\" \/>\n<meta property=\"og:type\" content=\"article\" \/>\n<meta property=\"og:title\" content=\"M\u00e1y l\u1eafp r\u00e1p kh\u00f3a t\u1ef1 \u0111\u1ed9ng \u1ed1c v\u00edt \u0111\u1ea9y-k\u00e9o - Nh\u00e0 s\u1ea3n xu\u1ea5t m\u00e1y c\u1ea5p li\u1ec7u c\u00f4ng nghi\u1ec7p\" \/>\n<meta property=\"og:description\" content=\"M\u00e1y l\u1eafp r\u00e1p kh\u00f3a t\u1ef1 \u0111\u1ed9ng \u1ed1c v\u00edt \u0111\u1ea9y-k\u00e9o SWOER: T\u1ef1 \u0111\u1ed9ng h\u00f3a l\u1eafp r\u00e1p, t\u0103ng n\u0103ng su\u1ea5t 600 sp\/gi\u1edd. PLC, c\u1ea5p v\u00edt th\u1ed5i, giao di\u1ec7n th\u00e2n thi\u1ec7n. T\u1ed1i \u01b0u s\u1ea3n xu\u1ea5t!\" \/>\n<meta property=\"og:url\" content=\"https:\/\/swoer.vn\/th\/manufacturer\/may-lap-rap-khoa-tu-dong-oc-vit-day-keo\/\" \/>\n<meta property=\"og:site_name\" content=\"Nh\u00e0 s\u1ea3n xu\u1ea5t m\u00e1y c\u1ea5p li\u1ec7u c\u00f4ng nghi\u1ec7p\" \/>\n<meta property=\"article:modified_time\" content=\"2025-09-23T01:52:31+00:00\" \/>\n<meta property=\"og:image\" content=\"https:\/\/swoer.vn\/wp-content\/uploads\/2025\/04\/may-lap-rap-keo-day-vit.webp\" \/>\n\t<meta property=\"og:image:width\" content=\"481\" \/>\n\t<meta property=\"og:image:height\" content=\"481\" \/>\n\t<meta property=\"og:image:type\" content=\"image\/webp\" \/>\n<meta name=\"twitter:card\" content=\"summary_large_image\" \/>\n<meta name=\"twitter:label1\" content=\"Est. reading time\" \/>\n\t<meta name=\"twitter:data1\" content=\"2 \u0e19\u0e32\u0e17\u0e35\" \/>\n<script type=\"application\/ld+json\" class=\"yoast-schema-graph\">{\"@context\":\"https:\/\/schema.org\",\"@graph\":[{\"@type\":\"WebPage\",\"@id\":\"https:\/\/swoer.vn\/manufacturer\/may-lap-rap-khoa-tu-dong-oc-vit-day-keo\/\",\"url\":\"https:\/\/swoer.vn\/manufacturer\/may-lap-rap-khoa-tu-dong-oc-vit-day-keo\/\",\"name\":\"M\u00e1y l\u1eafp r\u00e1p kh\u00f3a t\u1ef1 \u0111\u1ed9ng \u1ed1c v\u00edt \u0111\u1ea9y-k\u00e9o - Nh\u00e0 s\u1ea3n xu\u1ea5t m\u00e1y c\u1ea5p li\u1ec7u c\u00f4ng nghi\u1ec7p\",\"isPartOf\":{\"@id\":\"https:\/\/swoer.vn\/#website\"},\"primaryImageOfPage\":{\"@id\":\"https:\/\/swoer.vn\/manufacturer\/may-lap-rap-khoa-tu-dong-oc-vit-day-keo\/#primaryimage\"},\"image\":{\"@id\":\"https:\/\/swoer.vn\/manufacturer\/may-lap-rap-khoa-tu-dong-oc-vit-day-keo\/#primaryimage\"},\"thumbnailUrl\":\"https:\/\/swoer.vn\/wp-content\/uploads\/2025\/04\/may-lap-rap-keo-day-vit.webp\",\"datePublished\":\"2025-04-01T09:41:51+00:00\",\"dateModified\":\"2025-09-23T01:52:31+00:00\",\"description\":\"M\u00e1y l\u1eafp r\u00e1p kh\u00f3a t\u1ef1 \u0111\u1ed9ng \u1ed1c v\u00edt \u0111\u1ea9y-k\u00e9o SWOER: T\u1ef1 \u0111\u1ed9ng h\u00f3a l\u1eafp r\u00e1p, t\u0103ng n\u0103ng su\u1ea5t 600 sp\/gi\u1edd. PLC, c\u1ea5p v\u00edt th\u1ed5i, giao di\u1ec7n th\u00e2n thi\u1ec7n. T\u1ed1i \u01b0u s\u1ea3n xu\u1ea5t!\",\"breadcrumb\":{\"@id\":\"https:\/\/swoer.vn\/manufacturer\/may-lap-rap-khoa-tu-dong-oc-vit-day-keo\/#breadcrumb\"},\"inLanguage\":\"th\",\"potentialAction\":[{\"@type\":\"ReadAction\",\"target\":[\"https:\/\/swoer.vn\/manufacturer\/may-lap-rap-khoa-tu-dong-oc-vit-day-keo\/\"]}]},{\"@type\":\"ImageObject\",\"inLanguage\":\"th\",\"@id\":\"https:\/\/swoer.vn\/manufacturer\/may-lap-rap-khoa-tu-dong-oc-vit-day-keo\/#primaryimage\",\"url\":\"https:\/\/swoer.vn\/wp-content\/uploads\/2025\/04\/may-lap-rap-keo-day-vit.webp\",\"contentUrl\":\"https:\/\/swoer.vn\/wp-content\/uploads\/2025\/04\/may-lap-rap-keo-day-vit.webp\",\"width\":481,\"height\":481},{\"@type\":\"BreadcrumbList\",\"@id\":\"https:\/\/swoer.vn\/manufacturer\/may-lap-rap-khoa-tu-dong-oc-vit-day-keo\/#breadcrumb\",\"itemListElement\":[{\"@type\":\"ListItem\",\"position\":1,\"name\":\"Home\",\"item\":\"https:\/\/swoer.vn\/\"},{\"@type\":\"ListItem\",\"position\":2,\"name\":\"S\u1ea3n ph\u1ea9m\",\"item\":\"https:\/\/swoer.vn\/shop\/\"},{\"@type\":\"ListItem\",\"position\":3,\"name\":\"M\u00e1y l\u1eafp r\u00e1p kh\u00f3a t\u1ef1 \u0111\u1ed9ng \u1ed1c v\u00edt \u0111\u1ea9y-k\u00e9o\"}]},{\"@type\":\"WebSite\",\"@id\":\"https:\/\/swoer.vn\/#website\",\"url\":\"https:\/\/swoer.vn\/\",\"name\":\"Nh\u00e0 s\u1ea3n xu\u1ea5t m\u00e1y c\u1ea5p li\u1ec7u c\u00f4ng nghi\u1ec7p\",\"description\":\"Nh\u00e0 cung c\u1ea5p robot, m\u00e1y c\u1ea5p li\u1ec7u linh ho\u1ea1t, m\u00e1y c\u1ea5p li\u1ec7u ly t\u00e2m, m\u00e1y c\u1ea5p li\u1ec7u rung t\u1ef1 \u0111\u1ed9ng\",\"potentialAction\":[{\"@type\":\"SearchAction\",\"target\":{\"@type\":\"EntryPoint\",\"urlTemplate\":\"https:\/\/swoer.vn\/?s={search_term_string}\"},\"query-input\":{\"@type\":\"PropertyValueSpecification\",\"valueRequired\":true,\"valueName\":\"search_term_string\"}}],\"inLanguage\":\"th\"}]}<\/script>\n<!-- \/ Yoast SEO plugin. -->","yoast_head_json":{"title":"M\u00e1y l\u1eafp r\u00e1p kh\u00f3a t\u1ef1 \u0111\u1ed9ng \u1ed1c v\u00edt \u0111\u1ea9y-k\u00e9o - Nh\u00e0 s\u1ea3n xu\u1ea5t m\u00e1y c\u1ea5p li\u1ec7u c\u00f4ng nghi\u1ec7p","description":"M\u00e1y l\u1eafp r\u00e1p kh\u00f3a t\u1ef1 \u0111\u1ed9ng \u1ed1c v\u00edt \u0111\u1ea9y-k\u00e9o SWOER: T\u1ef1 \u0111\u1ed9ng h\u00f3a l\u1eafp r\u00e1p, t\u0103ng n\u0103ng su\u1ea5t 600 sp\/gi\u1edd. PLC, c\u1ea5p v\u00edt th\u1ed5i, giao di\u1ec7n th\u00e2n thi\u1ec7n. T\u1ed1i \u01b0u s\u1ea3n xu\u1ea5t!","robots":{"index":"index","follow":"follow","max-snippet":"max-snippet:-1","max-image-preview":"max-image-preview:large","max-video-preview":"max-video-preview:-1"},"canonical":"https:\/\/swoer.vn\/th\/manufacturer\/may-lap-rap-khoa-tu-dong-oc-vit-day-keo\/","og_locale":"th_TH","og_type":"article","og_title":"M\u00e1y l\u1eafp r\u00e1p kh\u00f3a t\u1ef1 \u0111\u1ed9ng \u1ed1c v\u00edt \u0111\u1ea9y-k\u00e9o - Nh\u00e0 s\u1ea3n xu\u1ea5t m\u00e1y c\u1ea5p li\u1ec7u c\u00f4ng nghi\u1ec7p","og_description":"M\u00e1y l\u1eafp r\u00e1p kh\u00f3a t\u1ef1 \u0111\u1ed9ng \u1ed1c v\u00edt \u0111\u1ea9y-k\u00e9o SWOER: T\u1ef1 \u0111\u1ed9ng h\u00f3a l\u1eafp r\u00e1p, t\u0103ng n\u0103ng su\u1ea5t 600 sp\/gi\u1edd. PLC, c\u1ea5p v\u00edt th\u1ed5i, giao di\u1ec7n th\u00e2n thi\u1ec7n. T\u1ed1i \u01b0u s\u1ea3n xu\u1ea5t!","og_url":"https:\/\/swoer.vn\/th\/manufacturer\/may-lap-rap-khoa-tu-dong-oc-vit-day-keo\/","og_site_name":"Nh\u00e0 s\u1ea3n xu\u1ea5t m\u00e1y c\u1ea5p li\u1ec7u c\u00f4ng nghi\u1ec7p","article_modified_time":"2025-09-23T01:52:31+00:00","og_image":[{"width":481,"height":481,"url":"https:\/\/swoer.vn\/wp-content\/uploads\/2025\/04\/may-lap-rap-keo-day-vit.webp","type":"image\/webp"}],"twitter_card":"summary_large_image","twitter_misc":{"Est. reading time":"2 \u0e19\u0e32\u0e17\u0e35"},"schema":{"@context":"https:\/\/schema.org","@graph":[{"@type":"WebPage","@id":"https:\/\/swoer.vn\/manufacturer\/may-lap-rap-khoa-tu-dong-oc-vit-day-keo\/","url":"https:\/\/swoer.vn\/manufacturer\/may-lap-rap-khoa-tu-dong-oc-vit-day-keo\/","name":"M\u00e1y l\u1eafp r\u00e1p kh\u00f3a t\u1ef1 \u0111\u1ed9ng \u1ed1c v\u00edt \u0111\u1ea9y-k\u00e9o - Nh\u00e0 s\u1ea3n xu\u1ea5t m\u00e1y c\u1ea5p li\u1ec7u c\u00f4ng nghi\u1ec7p","isPartOf":{"@id":"https:\/\/swoer.vn\/#website"},"primaryImageOfPage":{"@id":"https:\/\/swoer.vn\/manufacturer\/may-lap-rap-khoa-tu-dong-oc-vit-day-keo\/#primaryimage"},"image":{"@id":"https:\/\/swoer.vn\/manufacturer\/may-lap-rap-khoa-tu-dong-oc-vit-day-keo\/#primaryimage"},"thumbnailUrl":"https:\/\/swoer.vn\/wp-content\/uploads\/2025\/04\/may-lap-rap-keo-day-vit.webp","datePublished":"2025-04-01T09:41:51+00:00","dateModified":"2025-09-23T01:52:31+00:00","description":"M\u00e1y l\u1eafp r\u00e1p kh\u00f3a t\u1ef1 \u0111\u1ed9ng \u1ed1c v\u00edt \u0111\u1ea9y-k\u00e9o SWOER: T\u1ef1 \u0111\u1ed9ng h\u00f3a l\u1eafp r\u00e1p, t\u0103ng n\u0103ng su\u1ea5t 600 sp\/gi\u1edd. PLC, c\u1ea5p v\u00edt th\u1ed5i, giao di\u1ec7n th\u00e2n thi\u1ec7n. T\u1ed1i \u01b0u s\u1ea3n xu\u1ea5t!","breadcrumb":{"@id":"https:\/\/swoer.vn\/manufacturer\/may-lap-rap-khoa-tu-dong-oc-vit-day-keo\/#breadcrumb"},"inLanguage":"th","potentialAction":[{"@type":"ReadAction","target":["https:\/\/swoer.vn\/manufacturer\/may-lap-rap-khoa-tu-dong-oc-vit-day-keo\/"]}]},{"@type":"ImageObject","inLanguage":"th","@id":"https:\/\/swoer.vn\/manufacturer\/may-lap-rap-khoa-tu-dong-oc-vit-day-keo\/#primaryimage","url":"https:\/\/swoer.vn\/wp-content\/uploads\/2025\/04\/may-lap-rap-keo-day-vit.webp","contentUrl":"https:\/\/swoer.vn\/wp-content\/uploads\/2025\/04\/may-lap-rap-keo-day-vit.webp","width":481,"height":481},{"@type":"BreadcrumbList","@id":"https:\/\/swoer.vn\/manufacturer\/may-lap-rap-khoa-tu-dong-oc-vit-day-keo\/#breadcrumb","itemListElement":[{"@type":"ListItem","position":1,"name":"Home","item":"https:\/\/swoer.vn\/"},{"@type":"ListItem","position":2,"name":"S\u1ea3n ph\u1ea9m","item":"https:\/\/swoer.vn\/shop\/"},{"@type":"ListItem","position":3,"name":"M\u00e1y l\u1eafp r\u00e1p kh\u00f3a t\u1ef1 \u0111\u1ed9ng \u1ed1c v\u00edt \u0111\u1ea9y-k\u00e9o"}]},{"@type":"WebSite","@id":"https:\/\/swoer.vn\/#website","url":"https:\/\/swoer.vn\/","name":"\u0e1c\u0e39\u0e49\u0e1c\u0e25\u0e34\u0e15\u0e40\u0e04\u0e23\u0e37\u0e48\u0e2d\u0e07\u0e1b\u0e49\u0e2d\u0e19\u0e2d\u0e32\u0e2b\u0e32\u0e23\u0e2d\u0e38\u0e15\u0e2a\u0e32\u0e2b\u0e01\u0e23\u0e23\u0e21","description":"\u0e08\u0e33\u0e2b\u0e19\u0e48\u0e32\u0e22\u0e2b\u0e38\u0e48\u0e19\u0e22\u0e19\u0e15\u0e4c \u0e40\u0e04\u0e23\u0e37\u0e48\u0e2d\u0e07\u0e1b\u0e49\u0e2d\u0e19\u0e41\u0e1a\u0e1a\u0e22\u0e37\u0e14\u0e2b\u0e22\u0e38\u0e48\u0e19 \u0e40\u0e04\u0e23\u0e37\u0e48\u0e2d\u0e07\u0e1b\u0e49\u0e2d\u0e19\u0e41\u0e1a\u0e1a\u0e41\u0e23\u0e07\u0e40\u0e2b\u0e27\u0e35\u0e48\u0e22\u0e07 \u0e40\u0e04\u0e23\u0e37\u0e48\u0e2d\u0e07\u0e1b\u0e49\u0e2d\u0e19\u0e41\u0e1a\u0e1a\u0e2a\u0e31\u0e48\u0e19\u0e2d\u0e31\u0e15\u0e42\u0e19\u0e21\u0e31\u0e15\u0e34","potentialAction":[{"@type":"SearchAction","target":{"@type":"EntryPoint","urlTemplate":"https:\/\/swoer.vn\/?s={search_term_string}"},"query-input":{"@type":"PropertyValueSpecification","valueRequired":true,"valueName":"search_term_string"}}],"inLanguage":"th"}]}},"_links":{"self":[{"href":"https:\/\/swoer.vn\/th\/wp-json\/wp\/v2\/product\/2786","targetHints":{"allow":["GET"]}}],"collection":[{"href":"https:\/\/swoer.vn\/th\/wp-json\/wp\/v2\/product"}],"about":[{"href":"https:\/\/swoer.vn\/th\/wp-json\/wp\/v2\/types\/product"}],"replies":[{"embeddable":true,"href":"https:\/\/swoer.vn\/th\/wp-json\/wp\/v2\/comments?post=2786"}],"wp:featuredmedia":[{"embeddable":true,"href":"https:\/\/swoer.vn\/th\/wp-json\/wp\/v2\/media\/2787"}],"wp:attachment":[{"href":"https:\/\/swoer.vn\/th\/wp-json\/wp\/v2\/media?parent=2786"}],"wp:term":[{"taxonomy":"product_brand","embeddable":true,"href":"https:\/\/swoer.vn\/th\/wp-json\/wp\/v2\/product_brand?post=2786"},{"taxonomy":"product_cat","embeddable":true,"href":"https:\/\/swoer.vn\/th\/wp-json\/wp\/v2\/product_cat?post=2786"},{"taxonomy":"product_tag","embeddable":true,"href":"https:\/\/swoer.vn\/th\/wp-json\/wp\/v2\/product_tag?post=2786"}],"curies":[{"name":"wp","href":"https:\/\/api.w.org\/{rel}","templated":true}]}}