{"id":1852,"date":"2025-02-26T14:39:38","date_gmt":"2025-02-26T07:39:38","guid":{"rendered":"https:\/\/swoer.vn\/?post_type=product&#038;p=1852"},"modified":"2025-02-26T15:41:12","modified_gmt":"2025-02-26T08:41:12","slug":"robot-delta-cong-nghiep","status":"publish","type":"product","link":"https:\/\/swoer.vn\/th\/manufacturer\/robot-delta-cong-nghiep\/","title":{"rendered":"\u0e2b\u0e38\u0e48\u0e19\u0e22\u0e19\u0e15\u0e4c\u0e2d\u0e38\u0e15\u0e2a\u0e32\u0e2b\u0e01\u0e23\u0e23\u0e21\u0e40\u0e14\u0e25\u0e15\u0e49\u0e32 | \u0e2b\u0e38\u0e48\u0e19\u0e22\u0e19\u0e15\u0e4c\u0e41\u0e21\u0e07\u0e21\u0e38\u0e21\u0e2d\u0e38\u0e15\u0e2a\u0e32\u0e2b\u0e01\u0e23\u0e23\u0e21"},"content":{"rendered":"<h2>\u0e04\u0e38\u0e13\u0e2a\u0e21\u0e1a\u0e31\u0e15\u0e34\u0e02\u0e2d\u0e07\u0e2b\u0e38\u0e48\u0e19\u0e22\u0e19\u0e15\u0e4c\u0e40\u0e14\u0e25\u0e15\u0e49\u0e32 AC-03<\/h2>\n<ul>\n<li>\u0e2b\u0e38\u0e48\u0e19\u0e22\u0e19\u0e15\u0e4c\u0e17\u0e35\u0e48\u0e21\u0e35\u0e04\u0e27\u0e32\u0e21\u0e41\u0e21\u0e48\u0e19\u0e22\u0e33\u0e2a\u0e39\u0e07\u0e41\u0e25\u0e30\u0e04\u0e27\u0e32\u0e21\u0e40\u0e23\u0e47\u0e27\u0e2a\u0e39\u0e07<\/li>\n<li>\u0e44\u0e21\u0e48\u0e15\u0e49\u0e2d\u0e07\u0e40\u0e02\u0e35\u0e22\u0e19\u0e42\u0e1b\u0e23\u0e41\u0e01\u0e23\u0e21 \u0e43\u0e0a\u0e49\u0e07\u0e32\u0e19\u0e07\u0e48\u0e32\u0e22<\/li>\n<li>\u0e2a\u0e30\u0e14\u0e27\u0e01\u0e43\u0e19\u0e01\u0e32\u0e23\u0e43\u0e0a\u0e49\u0e07\u0e32\u0e19\u0e1e\u0e23\u0e49\u0e2d\u0e21\u0e44\u0e14\u0e23\u0e4c\u0e40\u0e27\u0e2d\u0e23\u0e4c \u0e15\u0e34\u0e14\u0e15\u0e31\u0e49\u0e07\u0e40\u0e1e\u0e35\u0e22\u0e07\u0e02\u0e31\u0e49\u0e19\u0e15\u0e2d\u0e19\u0e40\u0e14\u0e35\u0e22\u0e27<\/li>\n<li>\u0e15\u0e2d\u0e1a\u0e2a\u0e19\u0e2d\u0e07\u0e04\u0e27\u0e32\u0e21\u0e15\u0e49\u0e2d\u0e07\u0e01\u0e32\u0e23\u0e01\u0e32\u0e23\u0e43\u0e0a\u0e49\u0e07\u0e32\u0e19\u0e2b\u0e38\u0e48\u0e19\u0e22\u0e19\u0e15\u0e4c\u0e43\u0e19\u0e2b\u0e25\u0e32\u0e01\u0e2b\u0e25\u0e32\u0e22\u0e2a\u0e32\u0e02\u0e32\u0e44\u0e14\u0e49\u0e2d\u0e22\u0e48\u0e32\u0e07\u0e22\u0e37\u0e14\u0e2b\u0e22\u0e38\u0e48\u0e19\u0e22\u0e34\u0e48\u0e07\u0e02\u0e36\u0e49\u0e19<\/li>\n<\/ul>\n\t<div id=\"gap-894797709\" class=\"gap-element clearfix\" style=\"display:block; height:auto;\">\n\t\t\n<style>\n#gap-894797709 {\n  padding-top: 30px;\n}\n<\/style>\n\t<\/div>\n\t\n<h2>\u0e1e\u0e32\u0e23\u0e32\u0e21\u0e34\u0e40\u0e15\u0e2d\u0e23\u0e4c<\/h2>\n<table width=\"705\">\n<tbody>\n<tr>\n<td width=\"159\"><strong>\u0e0a\u0e37\u0e48\u0e2d<\/strong><\/td>\n<td width=\"178\">\u0e02\u0e2d\u0e1a\u0e40\u0e02\u0e15<\/td>\n<td width=\"198\"><strong>\u0e0a\u0e37\u0e48\u0e2d<\/strong><\/td>\n<td width=\"170\">\u0e02\u0e2d\u0e1a\u0e40\u0e02\u0e15<\/td>\n<\/tr>\n<tr>\n<td><strong>\u0e1e\u0e34\u0e21\u0e1e\u0e4c<\/strong><\/td>\n<td>\u0e2a\u0e27-\u0e40\u0e2d\u0e0b\u0e3503<\/td>\n<td><strong>\u0e04\u0e27\u0e32\u0e21\u0e41\u0e21\u0e48\u0e19\u0e22\u0e33\u0e43\u0e19\u0e01\u0e32\u0e23\u0e17\u0e33\u0e0b\u0e49\u0e33<\/strong><\/td>\n<td>\u00b10.1\u0e21\u0e21.<\/td>\n<\/tr>\n<tr>\n<td><strong>\u0e41\u0e23\u0e07\u0e14\u0e31\u0e19\u0e44\u0e1f\u0e1f\u0e49\u0e32<\/strong><\/td>\n<td>\u0e44\u0e1f AC220V<\/td>\n<td><strong>\u0e02\u0e19\u0e32\u0e14\u0e14\u0e34\u0e2a\u0e01\u0e4c\u0e17\u0e35\u0e48\u0e22\u0e37\u0e14\u0e2b\u0e22\u0e38\u0e48\u0e19<\/strong><\/td>\n<td>100*150\u0e21\u0e21.<\/td>\n<\/tr>\n<tr>\n<td><strong>\u0e04\u0e27\u0e32\u0e21\u0e08\u0e38<\/strong><\/td>\n<td>500\u0e27\u0e31\u0e15\u0e15\u0e4c<\/td>\n<td><strong>\u0e27\u0e34\u0e18\u0e35\u0e01\u0e32\u0e23\u0e42\u0e2d\u0e19\u0e22\u0e49\u0e32\u0e22<\/strong><\/td>\n<td>\u0e21\u0e2d\u0e40\u0e15\u0e2d\u0e23\u0e4c\u0e40\u0e0b\u0e2d\u0e23\u0e4c\u0e42\u0e27<\/td>\n<\/tr>\n<tr>\n<td><strong>\u0e02\u0e19\u0e32\u0e14<\/strong><\/td>\n<td>224*380*650\u0e21\u0e21.<\/td>\n<td><strong>\u0e41\u0e2b\u0e25\u0e48\u0e07\u0e01\u0e33\u0e40\u0e19\u0e34\u0e14\u0e41\u0e2a\u0e07<\/strong><\/td>\n<td>\u0e44\u0e1f\u0e2a\u0e35\u0e48\u0e40\u0e2b\u0e25\u0e35\u0e48\u0e22\u0e21\u0e2a\u0e35\u0e02\u0e32\u0e27<\/td>\n<\/tr>\n<tr>\n<td><strong>\u0e19\u0e49\u0e33\u0e2b\u0e19\u0e31\u0e01<\/strong><\/td>\n<td>30\u0e01\u0e01.<\/td>\n<td><strong>\u0e42\u0e2b\u0e21\u0e14\u0e01\u0e32\u0e23\u0e2a\u0e31\u0e48\u0e19\u0e2a\u0e30\u0e40\u0e17\u0e37\u0e2d\u0e19<\/strong><\/td>\n<td>\u0e21\u0e2d\u0e40\u0e15\u0e2d\u0e23\u0e4c\u0e2a\u0e31\u0e48\u0e19<\/td>\n<\/tr>\n<tr>\n<td><strong>\u0e02\u0e2d\u0e1a\u0e40\u0e02\u0e15\u0e01\u0e32\u0e23\u0e14\u0e33\u0e40\u0e19\u0e34\u0e19\u0e07\u0e32\u0e19<\/strong><\/td>\n<td>250*300\u0e21\u0e21.<\/td>\n<td><strong>\u0e1b\u0e13\u0e34\u0e18\u0e32\u0e19<\/strong><\/td>\n<td>3072*2048\u0e1e\u0e34\u0e01\u0e40\u0e0b\u0e25<\/td>\n<\/tr>\n<tr>\n<td><strong>\u0e0a\u0e48\u0e27\u0e07\u0e01\u0e32\u0e23\u0e15\u0e31\u0e49\u0e07\u0e04\u0e48\u0e32<\/strong><\/td>\n<td>200*240\u0e21\u0e21.<\/td>\n<td><strong>\u0e41\u0e2b\u0e25\u0e48\u0e07\u0e2d\u0e32\u0e01\u0e32\u0e28\u0e40\u0e02\u0e49\u0e32<\/strong><\/td>\n<td>0.4~0.6\u0e40\u0e21\u0e01\u0e30\u0e1b\u0e32\u0e2a\u0e04\u0e32\u0e25<\/td>\n<\/tr>\n<tr>\n<td><strong>\u0e04\u0e27\u0e32\u0e21\u0e40\u0e23\u0e47\u0e27\u0e2a\u0e39\u0e07\u0e2a\u0e38\u0e14<\/strong><\/td>\n<td>0.4 \u0e27\u0e34\u0e19\u0e32\u0e17\u0e35\/\u0e0a\u0e34\u0e49\u0e19<\/td>\n<td><strong>\u0e41\u0e23\u0e07\u0e14\u0e31\u0e19\u0e2d\u0e32\u0e01\u0e32\u0e28\u0e02\u0e32\u0e2d\u0e2d\u0e01<\/strong><\/td>\n<td>\u00a04 \u0e01\u0e01.<\/td>\n<\/tr>\n<\/tbody>\n<\/table>\n\t<div id=\"gap-107832955\" class=\"gap-element clearfix\" style=\"display:block; height:auto;\">\n\t\t\n<style>\n#gap-107832955 {\n  padding-top: 30px;\n}\n<\/style>\n\t<\/div>\n\t\n\t<div id=\"gap-556211380\" class=\"gap-element clearfix\" style=\"display:block; height:auto;\">\n\t\t\n<style>\n#gap-556211380 {\n  padding-top: 30px;\n}\n<\/style>\n\t<\/div>\n\t\n<div class=\"row\"  id=\"row-1871175318\">\n\n\t<div id=\"col-764143202\" class=\"col medium-6 small-12 large-6\"  >\n\t\t\t\t<div class=\"col-inner\"  >\n\t\t\t\n\t\t\t\n<h3 style=\"text-align: center;\">\u0e0a\u0e37\u0e48\u0e2d\u0e0a\u0e34\u0e49\u0e19\u0e2a\u0e48\u0e27\u0e19 \u0e2b\u0e38\u0e48\u0e19\u0e22\u0e19\u0e15\u0e4c\u0e40\u0e14\u0e25\u0e15\u0e49\u0e32 AC-03<\/h3>\n\t<div id=\"gap-1018075158\" class=\"gap-element clearfix\" style=\"display:block; height:auto;\">\n\t\t\n<style>\n#gap-1018075158 {\n  padding-top: 30px;\n}\n<\/style>\n\t<\/div>\n\t\n\t<div class=\"img has-hover x md-x lg-x y md-y lg-y\" id=\"image_695882763\">\n\t\t\t\t\t\t\t\t<div class=\"img-inner dark\" >\n\t\t\t<img loading=\"lazy\" decoding=\"async\" width=\"577\" height=\"462\" src=\"https:\/\/swoer.vn\/wp-content\/uploads\/2025\/02\/Ten-bo-phan-Robot-Delta-AC-03.webp\" class=\"attachment-original size-original\" alt=\"\u0e0a\u0e37\u0e48\u0e2d\u0e0a\u0e34\u0e49\u0e19\u0e2a\u0e48\u0e27\u0e19 \u0e2b\u0e38\u0e48\u0e19\u0e22\u0e19\u0e15\u0e4c\u0e40\u0e14\u0e25\u0e15\u0e49\u0e32 AC-03\" srcset=\"https:\/\/swoer.vn\/wp-content\/uploads\/2025\/02\/Ten-bo-phan-Robot-Delta-AC-03.webp 577w, https:\/\/swoer.vn\/wp-content\/uploads\/2025\/02\/Ten-bo-phan-Robot-Delta-AC-03-300x240.webp 300w, https:\/\/swoer.vn\/wp-content\/uploads\/2025\/02\/Ten-bo-phan-Robot-Delta-AC-03-15x12.webp 15w\" sizes=\"auto, (max-width: 577px) 100vw, 577px\" title=\"\">\t\t\t\t\t\t\n\t\t\t\t\t<\/div>\n\t\t\t\t\t\t\t\t\n<style>\n#image_695882763 {\n  width: 100%;\n}\n<\/style>\n\t<\/div>\n\t\n\t\t<\/div>\n\t\t\t\t\t<\/div>\n\n\t\n\n\t<div id=\"col-969380784\" class=\"col medium-6 small-12 large-6\"  >\n\t\t\t\t<div class=\"col-inner\"  >\n\t\t\t\n\t\t\t\n<h3 style=\"text-align: center;\">\u0e02\u0e19\u0e32\u0e14\u0e20\u0e32\u0e22\u0e19\u0e2d\u0e01\u0e02\u0e2d\u0e07<\/h3>\n\t<div id=\"gap-1700065071\" class=\"gap-element clearfix\" style=\"display:block; height:auto;\">\n\t\t\n<style>\n#gap-1700065071 {\n  padding-top: 30px;\n}\n<\/style>\n\t<\/div>\n\t\n\t<div class=\"img has-hover x md-x lg-x y md-y lg-y\" id=\"image_1317221027\">\n\t\t\t\t\t\t\t\t<div class=\"img-inner dark\" >\n\t\t\t<img loading=\"lazy\" decoding=\"async\" width=\"577\" height=\"462\" src=\"https:\/\/swoer.vn\/wp-content\/uploads\/2025\/02\/Kich-thuoc-be-ngoai-cua.webp\" class=\"attachment-original size-original\" alt=\"\u0e02\u0e19\u0e32\u0e14\u0e20\u0e32\u0e22\u0e19\u0e2d\u0e01\u0e02\u0e2d\u0e07\" srcset=\"https:\/\/swoer.vn\/wp-content\/uploads\/2025\/02\/Kich-thuoc-be-ngoai-cua.webp 577w, https:\/\/swoer.vn\/wp-content\/uploads\/2025\/02\/Kich-thuoc-be-ngoai-cua-300x240.webp 300w, https:\/\/swoer.vn\/wp-content\/uploads\/2025\/02\/Kich-thuoc-be-ngoai-cua-15x12.webp 15w\" sizes=\"auto, (max-width: 577px) 100vw, 577px\" title=\"\">\t\t\t\t\t\t\n\t\t\t\t\t<\/div>\n\t\t\t\t\t\t\t\t\n<style>\n#image_1317221027 {\n  width: 100%;\n}\n<\/style>\n\t<\/div>\n\t\n\t\t<\/div>\n\t\t\t\t\t<\/div>\n\n\t\n<\/div>\n\t<div id=\"gap-2103903752\" class=\"gap-element clearfix\" style=\"display:block; height:auto;\">\n\t\t\n<style>\n#gap-2103903752 {\n  padding-top: 30px;\n}\n<\/style>\n\t<\/div>\n\t\n<h2>\u0e23\u0e32\u0e22\u0e01\u0e32\u0e23\u0e1a\u0e23\u0e23\u0e08\u0e38\u0e20\u0e31\u0e13\u0e11\u0e4c<\/h2>\n\t<div class=\"img has-hover x md-x lg-x y md-y lg-y\" id=\"image_1173142028\">\n\t\t\t\t\t\t\t\t<div class=\"img-inner dark\" >\n\t\t\t<img loading=\"lazy\" decoding=\"async\" width=\"1000\" height=\"841\" src=\"https:\/\/swoer.vn\/wp-content\/uploads\/2025\/02\/Danh-sach-dong-goi.webp\" class=\"attachment-original size-original\" alt=\"\u0e23\u0e32\u0e22\u0e01\u0e32\u0e23\u0e1a\u0e23\u0e23\u0e08\u0e38\u0e20\u0e31\u0e13\u0e11\u0e4c\" srcset=\"https:\/\/swoer.vn\/wp-content\/uploads\/2025\/02\/Danh-sach-dong-goi.webp 1000w, https:\/\/swoer.vn\/wp-content\/uploads\/2025\/02\/Danh-sach-dong-goi-300x252.webp 300w, https:\/\/swoer.vn\/wp-content\/uploads\/2025\/02\/Danh-sach-dong-goi-768x646.webp 768w, https:\/\/swoer.vn\/wp-content\/uploads\/2025\/02\/Danh-sach-dong-goi-14x12.webp 14w, https:\/\/swoer.vn\/wp-content\/uploads\/2025\/02\/Danh-sach-dong-goi-600x505.webp 600w\" sizes=\"auto, (max-width: 1000px) 100vw, 1000px\" title=\"\">\t\t\t\t\t\t\n\t\t\t\t\t<\/div>\n\t\t\t\t\t\t\t\t\n<style>\n#image_1173142028 {\n  width: 100%;\n}\n<\/style>\n\t<\/div>","protected":false},"excerpt":{"rendered":"<p>\u0e2b\u0e38\u0e48\u0e19\u0e22\u0e19\u0e15\u0e4c\u0e40\u0e14\u0e25\u0e15\u0e49\u0e32\u0e2d\u0e38\u0e15\u0e2a\u0e32\u0e2b\u0e01\u0e23\u0e23\u0e21\u0e41\u0e25\u0e30\u0e2b\u0e38\u0e48\u0e19\u0e22\u0e19\u0e15\u0e4c\u0e41\u0e21\u0e07\u0e21\u0e38\u0e21\u0e2d\u0e38\u0e15\u0e2a\u0e32\u0e2b\u0e01\u0e23\u0e23\u0e21\u0e02\u0e2d\u0e07 SWOER \u0e40\u0e1b\u0e47\u0e19\u0e42\u0e0b\u0e25\u0e39\u0e0a\u0e31\u0e19\u0e17\u0e35\u0e48\u0e22\u0e2d\u0e14\u0e40\u0e22\u0e35\u0e48\u0e22\u0e21\u0e2a\u0e33\u0e2b\u0e23\u0e31\u0e1a\u0e01\u0e32\u0e23\u0e43\u0e0a\u0e49\u0e07\u0e32\u0e19\u0e23\u0e30\u0e1a\u0e1a\u0e2d\u0e31\u0e15\u0e42\u0e19\u0e21\u0e31\u0e15\u0e34\u0e43\u0e19\u0e2d\u0e38\u0e15\u0e2a\u0e32\u0e2b\u0e01\u0e23\u0e23\u0e21\u0e01\u0e32\u0e23\u0e1c\u0e25\u0e34\u0e15 \u0e14\u0e49\u0e27\u0e22\u0e01\u0e32\u0e23\u0e2d\u0e2d\u0e01\u0e41\u0e1a\u0e1a\u0e2d\u0e31\u0e08\u0e09\u0e23\u0e34\u0e22\u0e30\u0e41\u0e25\u0e30\u0e01\u0e32\u0e23\u0e40\u0e04\u0e25\u0e37\u0e48\u0e2d\u0e19\u0e17\u0e35\u0e48\u0e17\u0e35\u0e48\u0e22\u0e37\u0e14\u0e2b\u0e22\u0e38\u0e48\u0e19 \u0e2b\u0e38\u0e48\u0e19\u0e22\u0e19\u0e15\u0e4c\u0e40\u0e2b\u0e25\u0e48\u0e32\u0e19\u0e35\u0e49\u0e44\u0e21\u0e48\u0e40\u0e1e\u0e35\u0e22\u0e07\u0e40\u0e1e\u0e34\u0e48\u0e21\u0e1b\u0e23\u0e30\u0e2a\u0e34\u0e17\u0e18\u0e34\u0e20\u0e32\u0e1e \u0e41\u0e15\u0e48\u0e22\u0e31\u0e07\u0e0a\u0e48\u0e27\u0e22\u0e25\u0e14\u0e15\u0e49\u0e19\u0e17\u0e38\u0e19\u0e41\u0e23\u0e07\u0e07\u0e32\u0e19\u0e2d\u0e35\u0e01\u0e14\u0e49\u0e27\u0e22 \u0e42\u0e14\u0e22\u0e40\u0e09\u0e1e\u0e32\u0e30\u0e2d\u0e22\u0e48\u0e32\u0e07\u0e22\u0e34\u0e48\u0e07\u0e02\u0e2d\u0e1a\u0e40\u0e02\u0e15\u0e01\u0e32\u0e23\u0e43\u0e0a\u0e49\u0e07\u0e32\u0e19\u0e17\u0e35\u0e48\u0e2b\u0e25\u0e32\u0e01\u0e2b\u0e25\u0e32\u0e22\u0e0a\u0e48\u0e27\u0e22\u0e1b\u0e23\u0e31\u0e1a\u0e1b\u0e23\u0e38\u0e07\u0e1b\u0e23\u0e30\u0e2a\u0e34\u0e17\u0e18\u0e34\u0e20\u0e32\u0e1e\u0e43\u0e19\u0e2a\u0e32\u0e22\u0e01\u0e32\u0e23\u0e1c\u0e25\u0e34\u0e15\u0e17\u0e35\u0e48\u0e0b\u0e31\u0e1a\u0e0b\u0e49\u0e2d\u0e19\u0e15\u0e31\u0e49\u0e07\u0e41\u0e15\u0e48\u0e01\u0e32\u0e23\u0e1b\u0e23\u0e30\u0e01\u0e2d\u0e1a\u0e08\u0e19\u0e16\u0e36\u0e07\u0e01\u0e32\u0e23\u0e15\u0e23\u0e27\u0e08\u0e2a\u0e2d\u0e1a\u0e04\u0e38\u0e13\u0e20\u0e32\u0e1e\u0e1c\u0e25\u0e34\u0e15\u0e20\u0e31\u0e13\u0e11\u0e4c<\/p>","protected":false},"featured_media":1853,"comment_status":"open","ping_status":"closed","template":"","meta":[],"product_brand":[],"product_cat":[69],"product_tag":[70,72,71],"class_list":{"0":"post-1852","1":"product","2":"type-product","3":"status-publish","4":"has-post-thumbnail","6":"product_cat-delta-robot","7":"product_tag-robot-delta","8":"product_tag-robot-nhen-cong-nghiep","9":"product_tag-robot-nhen-trong-san-xuat","11":"first","12":"instock","13":"shipping-taxable","14":"product-type-simple"},"yoast_head":"<!-- This site is optimized with the Yoast SEO plugin v26.0 - https:\/\/yoast.com\/wordpress\/plugins\/seo\/ -->\n<title>Robot Delta c\u00f4ng nghi\u1ec7p | Robot nh\u1ec7n c\u00f4ng nghi\u1ec7p - Nh\u00e0 s\u1ea3n xu\u1ea5t m\u00e1y c\u1ea5p li\u1ec7u c\u00f4ng nghi\u1ec7p<\/title>\n<meta name=\"description\" content=\"Robot Delta c\u00f4ng nghi\u1ec7p v\u00e0 Robot nh\u1ec7n c\u00f4ng nghi\u1ec7p SWOER mang \u0111\u1ebfn gi\u1ea3i ph\u00e1p t\u1ed1i \u01b0u cho t\u1ef1 \u0111\u1ed9ng h\u00f3a s\u1ea3n xu\u1ea5t. T\u0103ng c\u01b0\u1eddng hi\u1ec7u su\u1ea5t v\u00e0 \u0111\u1ed9 ch\u00ednh x\u00e1c ngay h\u00f4m nay!\" \/>\n<meta name=\"robots\" content=\"index, follow, max-snippet:-1, max-image-preview:large, max-video-preview:-1\" \/>\n<link rel=\"canonical\" href=\"https:\/\/swoer.vn\/th\/manufacturer\/robot-delta-cong-nghiep\/\" \/>\n<meta property=\"og:locale\" content=\"th_TH\" \/>\n<meta property=\"og:type\" content=\"article\" \/>\n<meta property=\"og:title\" content=\"Robot Delta c\u00f4ng nghi\u1ec7p | Robot nh\u1ec7n c\u00f4ng nghi\u1ec7p - Nh\u00e0 s\u1ea3n xu\u1ea5t m\u00e1y c\u1ea5p li\u1ec7u c\u00f4ng nghi\u1ec7p\" \/>\n<meta property=\"og:description\" content=\"Robot Delta c\u00f4ng nghi\u1ec7p v\u00e0 Robot nh\u1ec7n c\u00f4ng nghi\u1ec7p SWOER mang \u0111\u1ebfn gi\u1ea3i ph\u00e1p t\u1ed1i \u01b0u cho t\u1ef1 \u0111\u1ed9ng h\u00f3a s\u1ea3n xu\u1ea5t. T\u0103ng c\u01b0\u1eddng hi\u1ec7u su\u1ea5t v\u00e0 \u0111\u1ed9 ch\u00ednh x\u00e1c ngay h\u00f4m nay!\" \/>\n<meta property=\"og:url\" content=\"https:\/\/swoer.vn\/th\/manufacturer\/robot-delta-cong-nghiep\/\" \/>\n<meta property=\"og:site_name\" content=\"Nh\u00e0 s\u1ea3n xu\u1ea5t m\u00e1y c\u1ea5p li\u1ec7u c\u00f4ng nghi\u1ec7p\" \/>\n<meta property=\"article:modified_time\" content=\"2025-02-26T08:41:12+00:00\" \/>\n<meta property=\"og:image\" content=\"https:\/\/swoer.vn\/wp-content\/uploads\/2025\/02\/Robot-Delta-cong-nghiep.webp\" \/>\n\t<meta property=\"og:image:width\" content=\"1000\" \/>\n\t<meta property=\"og:image:height\" content=\"1000\" \/>\n\t<meta property=\"og:image:type\" content=\"image\/webp\" \/>\n<meta name=\"twitter:card\" content=\"summary_large_image\" \/>\n<meta name=\"twitter:label1\" content=\"Est. reading time\" \/>\n\t<meta name=\"twitter:data1\" content=\"2 \u0e19\u0e32\u0e17\u0e35\" \/>\n<script type=\"application\/ld+json\" class=\"yoast-schema-graph\">{\"@context\":\"https:\/\/schema.org\",\"@graph\":[{\"@type\":\"WebPage\",\"@id\":\"https:\/\/swoer.vn\/manufacturer\/robot-delta-cong-nghiep\/\",\"url\":\"https:\/\/swoer.vn\/manufacturer\/robot-delta-cong-nghiep\/\",\"name\":\"Robot Delta c\u00f4ng nghi\u1ec7p | Robot nh\u1ec7n c\u00f4ng nghi\u1ec7p - Nh\u00e0 s\u1ea3n xu\u1ea5t m\u00e1y c\u1ea5p li\u1ec7u c\u00f4ng nghi\u1ec7p\",\"isPartOf\":{\"@id\":\"https:\/\/swoer.vn\/#website\"},\"primaryImageOfPage\":{\"@id\":\"https:\/\/swoer.vn\/manufacturer\/robot-delta-cong-nghiep\/#primaryimage\"},\"image\":{\"@id\":\"https:\/\/swoer.vn\/manufacturer\/robot-delta-cong-nghiep\/#primaryimage\"},\"thumbnailUrl\":\"https:\/\/swoer.vn\/wp-content\/uploads\/2025\/02\/Robot-Delta-cong-nghiep.webp\",\"datePublished\":\"2025-02-26T07:39:38+00:00\",\"dateModified\":\"2025-02-26T08:41:12+00:00\",\"description\":\"Robot Delta c\u00f4ng nghi\u1ec7p v\u00e0 Robot nh\u1ec7n c\u00f4ng nghi\u1ec7p SWOER mang \u0111\u1ebfn gi\u1ea3i ph\u00e1p t\u1ed1i \u01b0u cho t\u1ef1 \u0111\u1ed9ng h\u00f3a s\u1ea3n xu\u1ea5t. T\u0103ng c\u01b0\u1eddng hi\u1ec7u su\u1ea5t v\u00e0 \u0111\u1ed9 ch\u00ednh x\u00e1c ngay h\u00f4m nay!\",\"breadcrumb\":{\"@id\":\"https:\/\/swoer.vn\/manufacturer\/robot-delta-cong-nghiep\/#breadcrumb\"},\"inLanguage\":\"th\",\"potentialAction\":[{\"@type\":\"ReadAction\",\"target\":[\"https:\/\/swoer.vn\/manufacturer\/robot-delta-cong-nghiep\/\"]}]},{\"@type\":\"ImageObject\",\"inLanguage\":\"th\",\"@id\":\"https:\/\/swoer.vn\/manufacturer\/robot-delta-cong-nghiep\/#primaryimage\",\"url\":\"https:\/\/swoer.vn\/wp-content\/uploads\/2025\/02\/Robot-Delta-cong-nghiep.webp\",\"contentUrl\":\"https:\/\/swoer.vn\/wp-content\/uploads\/2025\/02\/Robot-Delta-cong-nghiep.webp\",\"width\":1000,\"height\":1000,\"caption\":\"Robot Delta c\u00f4ng nghi\u1ec7p\"},{\"@type\":\"BreadcrumbList\",\"@id\":\"https:\/\/swoer.vn\/manufacturer\/robot-delta-cong-nghiep\/#breadcrumb\",\"itemListElement\":[{\"@type\":\"ListItem\",\"position\":1,\"name\":\"Home\",\"item\":\"https:\/\/swoer.vn\/\"},{\"@type\":\"ListItem\",\"position\":2,\"name\":\"S\u1ea3n ph\u1ea9m\",\"item\":\"https:\/\/swoer.vn\/shop\/\"},{\"@type\":\"ListItem\",\"position\":3,\"name\":\"Robot Delta c\u00f4ng nghi\u1ec7p | Robot nh\u1ec7n c\u00f4ng nghi\u1ec7p\"}]},{\"@type\":\"WebSite\",\"@id\":\"https:\/\/swoer.vn\/#website\",\"url\":\"https:\/\/swoer.vn\/\",\"name\":\"Nh\u00e0 s\u1ea3n xu\u1ea5t m\u00e1y c\u1ea5p li\u1ec7u c\u00f4ng nghi\u1ec7p\",\"description\":\"Nh\u00e0 cung c\u1ea5p robot, m\u00e1y c\u1ea5p li\u1ec7u linh ho\u1ea1t, m\u00e1y c\u1ea5p li\u1ec7u ly t\u00e2m, m\u00e1y c\u1ea5p li\u1ec7u rung t\u1ef1 \u0111\u1ed9ng\",\"potentialAction\":[{\"@type\":\"SearchAction\",\"target\":{\"@type\":\"EntryPoint\",\"urlTemplate\":\"https:\/\/swoer.vn\/?s={search_term_string}\"},\"query-input\":{\"@type\":\"PropertyValueSpecification\",\"valueRequired\":true,\"valueName\":\"search_term_string\"}}],\"inLanguage\":\"th\"}]}<\/script>\n<!-- \/ Yoast SEO plugin. -->","yoast_head_json":{"title":"\u0e2b\u0e38\u0e48\u0e19\u0e22\u0e19\u0e15\u0e4c\u0e2d\u0e38\u0e15\u0e2a\u0e32\u0e2b\u0e01\u0e23\u0e23\u0e21\u0e40\u0e14\u0e25\u0e15\u0e49\u0e32 | \u0e2b\u0e38\u0e48\u0e19\u0e22\u0e19\u0e15\u0e4c\u0e41\u0e21\u0e07\u0e21\u0e38\u0e21\u0e2d\u0e38\u0e15\u0e2a\u0e32\u0e2b\u0e01\u0e23\u0e23\u0e21 - \u0e1c\u0e39\u0e49\u0e1c\u0e25\u0e34\u0e15\u0e40\u0e04\u0e23\u0e37\u0e48\u0e2d\u0e07\u0e1b\u0e49\u0e2d\u0e19\u0e2d\u0e32\u0e2b\u0e32\u0e23\u0e2d\u0e38\u0e15\u0e2a\u0e32\u0e2b\u0e01\u0e23\u0e23\u0e21","description":"\u0e2b\u0e38\u0e48\u0e19\u0e22\u0e19\u0e15\u0e4c\u0e2d\u0e38\u0e15\u0e2a\u0e32\u0e2b\u0e01\u0e23\u0e23\u0e21\u0e40\u0e14\u0e25\u0e15\u0e49\u0e32\u0e41\u0e25\u0e30\u0e2b\u0e38\u0e48\u0e19\u0e22\u0e19\u0e15\u0e4c\u0e41\u0e21\u0e07\u0e21\u0e38\u0e21\u0e2d\u0e38\u0e15\u0e2a\u0e32\u0e2b\u0e01\u0e23\u0e23\u0e21 SWOER \u0e21\u0e2d\u0e1a\u0e42\u0e0b\u0e25\u0e39\u0e0a\u0e31\u0e19\u0e17\u0e35\u0e48\u0e40\u0e2b\u0e21\u0e32\u0e30\u0e2a\u0e21\u0e17\u0e35\u0e48\u0e2a\u0e38\u0e14\u0e2a\u0e33\u0e2b\u0e23\u0e31\u0e1a\u0e23\u0e30\u0e1a\u0e1a\u0e2d\u0e31\u0e15\u0e42\u0e19\u0e21\u0e31\u0e15\u0e34\u0e01\u0e32\u0e23\u0e1c\u0e25\u0e34\u0e15 \u0e40\u0e1e\u0e34\u0e48\u0e21\u0e1b\u0e23\u0e30\u0e2a\u0e34\u0e17\u0e18\u0e34\u0e20\u0e32\u0e1e\u0e41\u0e25\u0e30\u0e04\u0e27\u0e32\u0e21\u0e41\u0e21\u0e48\u0e19\u0e22\u0e33\u0e27\u0e31\u0e19\u0e19\u0e35\u0e49!","robots":{"index":"index","follow":"follow","max-snippet":"max-snippet:-1","max-image-preview":"max-image-preview:large","max-video-preview":"max-video-preview:-1"},"canonical":"https:\/\/swoer.vn\/th\/manufacturer\/robot-delta-cong-nghiep\/","og_locale":"th_TH","og_type":"article","og_title":"Robot Delta c\u00f4ng nghi\u1ec7p | Robot nh\u1ec7n c\u00f4ng nghi\u1ec7p - Nh\u00e0 s\u1ea3n xu\u1ea5t m\u00e1y c\u1ea5p li\u1ec7u c\u00f4ng nghi\u1ec7p","og_description":"Robot Delta c\u00f4ng nghi\u1ec7p v\u00e0 Robot nh\u1ec7n c\u00f4ng nghi\u1ec7p SWOER mang \u0111\u1ebfn gi\u1ea3i ph\u00e1p t\u1ed1i \u01b0u cho t\u1ef1 \u0111\u1ed9ng h\u00f3a s\u1ea3n xu\u1ea5t. T\u0103ng c\u01b0\u1eddng hi\u1ec7u su\u1ea5t v\u00e0 \u0111\u1ed9 ch\u00ednh x\u00e1c ngay h\u00f4m nay!","og_url":"https:\/\/swoer.vn\/th\/manufacturer\/robot-delta-cong-nghiep\/","og_site_name":"Nh\u00e0 s\u1ea3n xu\u1ea5t m\u00e1y c\u1ea5p li\u1ec7u c\u00f4ng nghi\u1ec7p","article_modified_time":"2025-02-26T08:41:12+00:00","og_image":[{"width":1000,"height":1000,"url":"https:\/\/swoer.vn\/wp-content\/uploads\/2025\/02\/Robot-Delta-cong-nghiep.webp","type":"image\/webp"}],"twitter_card":"summary_large_image","twitter_misc":{"Est. reading time":"2 \u0e19\u0e32\u0e17\u0e35"},"schema":{"@context":"https:\/\/schema.org","@graph":[{"@type":"WebPage","@id":"https:\/\/swoer.vn\/manufacturer\/robot-delta-cong-nghiep\/","url":"https:\/\/swoer.vn\/manufacturer\/robot-delta-cong-nghiep\/","name":"\u0e2b\u0e38\u0e48\u0e19\u0e22\u0e19\u0e15\u0e4c\u0e2d\u0e38\u0e15\u0e2a\u0e32\u0e2b\u0e01\u0e23\u0e23\u0e21\u0e40\u0e14\u0e25\u0e15\u0e49\u0e32 | \u0e2b\u0e38\u0e48\u0e19\u0e22\u0e19\u0e15\u0e4c\u0e41\u0e21\u0e07\u0e21\u0e38\u0e21\u0e2d\u0e38\u0e15\u0e2a\u0e32\u0e2b\u0e01\u0e23\u0e23\u0e21 - \u0e1c\u0e39\u0e49\u0e1c\u0e25\u0e34\u0e15\u0e40\u0e04\u0e23\u0e37\u0e48\u0e2d\u0e07\u0e1b\u0e49\u0e2d\u0e19\u0e2d\u0e32\u0e2b\u0e32\u0e23\u0e2d\u0e38\u0e15\u0e2a\u0e32\u0e2b\u0e01\u0e23\u0e23\u0e21","isPartOf":{"@id":"https:\/\/swoer.vn\/#website"},"primaryImageOfPage":{"@id":"https:\/\/swoer.vn\/manufacturer\/robot-delta-cong-nghiep\/#primaryimage"},"image":{"@id":"https:\/\/swoer.vn\/manufacturer\/robot-delta-cong-nghiep\/#primaryimage"},"thumbnailUrl":"https:\/\/swoer.vn\/wp-content\/uploads\/2025\/02\/Robot-Delta-cong-nghiep.webp","datePublished":"2025-02-26T07:39:38+00:00","dateModified":"2025-02-26T08:41:12+00:00","description":"\u0e2b\u0e38\u0e48\u0e19\u0e22\u0e19\u0e15\u0e4c\u0e2d\u0e38\u0e15\u0e2a\u0e32\u0e2b\u0e01\u0e23\u0e23\u0e21\u0e40\u0e14\u0e25\u0e15\u0e49\u0e32\u0e41\u0e25\u0e30\u0e2b\u0e38\u0e48\u0e19\u0e22\u0e19\u0e15\u0e4c\u0e41\u0e21\u0e07\u0e21\u0e38\u0e21\u0e2d\u0e38\u0e15\u0e2a\u0e32\u0e2b\u0e01\u0e23\u0e23\u0e21 SWOER \u0e21\u0e2d\u0e1a\u0e42\u0e0b\u0e25\u0e39\u0e0a\u0e31\u0e19\u0e17\u0e35\u0e48\u0e40\u0e2b\u0e21\u0e32\u0e30\u0e2a\u0e21\u0e17\u0e35\u0e48\u0e2a\u0e38\u0e14\u0e2a\u0e33\u0e2b\u0e23\u0e31\u0e1a\u0e23\u0e30\u0e1a\u0e1a\u0e2d\u0e31\u0e15\u0e42\u0e19\u0e21\u0e31\u0e15\u0e34\u0e01\u0e32\u0e23\u0e1c\u0e25\u0e34\u0e15 \u0e40\u0e1e\u0e34\u0e48\u0e21\u0e1b\u0e23\u0e30\u0e2a\u0e34\u0e17\u0e18\u0e34\u0e20\u0e32\u0e1e\u0e41\u0e25\u0e30\u0e04\u0e27\u0e32\u0e21\u0e41\u0e21\u0e48\u0e19\u0e22\u0e33\u0e27\u0e31\u0e19\u0e19\u0e35\u0e49!","breadcrumb":{"@id":"https:\/\/swoer.vn\/manufacturer\/robot-delta-cong-nghiep\/#breadcrumb"},"inLanguage":"th","potentialAction":[{"@type":"ReadAction","target":["https:\/\/swoer.vn\/manufacturer\/robot-delta-cong-nghiep\/"]}]},{"@type":"ImageObject","inLanguage":"th","@id":"https:\/\/swoer.vn\/manufacturer\/robot-delta-cong-nghiep\/#primaryimage","url":"https:\/\/swoer.vn\/wp-content\/uploads\/2025\/02\/Robot-Delta-cong-nghiep.webp","contentUrl":"https:\/\/swoer.vn\/wp-content\/uploads\/2025\/02\/Robot-Delta-cong-nghiep.webp","width":1000,"height":1000,"caption":"Robot Delta c\u00f4ng nghi\u1ec7p"},{"@type":"BreadcrumbList","@id":"https:\/\/swoer.vn\/manufacturer\/robot-delta-cong-nghiep\/#breadcrumb","itemListElement":[{"@type":"ListItem","position":1,"name":"Home","item":"https:\/\/swoer.vn\/"},{"@type":"ListItem","position":2,"name":"S\u1ea3n ph\u1ea9m","item":"https:\/\/swoer.vn\/shop\/"},{"@type":"ListItem","position":3,"name":"Robot Delta c\u00f4ng nghi\u1ec7p | Robot nh\u1ec7n c\u00f4ng nghi\u1ec7p"}]},{"@type":"WebSite","@id":"https:\/\/swoer.vn\/#website","url":"https:\/\/swoer.vn\/","name":"\u0e1c\u0e39\u0e49\u0e1c\u0e25\u0e34\u0e15\u0e40\u0e04\u0e23\u0e37\u0e48\u0e2d\u0e07\u0e1b\u0e49\u0e2d\u0e19\u0e2d\u0e32\u0e2b\u0e32\u0e23\u0e2d\u0e38\u0e15\u0e2a\u0e32\u0e2b\u0e01\u0e23\u0e23\u0e21","description":"\u0e08\u0e33\u0e2b\u0e19\u0e48\u0e32\u0e22\u0e2b\u0e38\u0e48\u0e19\u0e22\u0e19\u0e15\u0e4c \u0e40\u0e04\u0e23\u0e37\u0e48\u0e2d\u0e07\u0e1b\u0e49\u0e2d\u0e19\u0e41\u0e1a\u0e1a\u0e22\u0e37\u0e14\u0e2b\u0e22\u0e38\u0e48\u0e19 \u0e40\u0e04\u0e23\u0e37\u0e48\u0e2d\u0e07\u0e1b\u0e49\u0e2d\u0e19\u0e41\u0e1a\u0e1a\u0e41\u0e23\u0e07\u0e40\u0e2b\u0e27\u0e35\u0e48\u0e22\u0e07 \u0e40\u0e04\u0e23\u0e37\u0e48\u0e2d\u0e07\u0e1b\u0e49\u0e2d\u0e19\u0e41\u0e1a\u0e1a\u0e2a\u0e31\u0e48\u0e19\u0e2d\u0e31\u0e15\u0e42\u0e19\u0e21\u0e31\u0e15\u0e34","potentialAction":[{"@type":"SearchAction","target":{"@type":"EntryPoint","urlTemplate":"https:\/\/swoer.vn\/?s={search_term_string}"},"query-input":{"@type":"PropertyValueSpecification","valueRequired":true,"valueName":"search_term_string"}}],"inLanguage":"th"}]}},"_links":{"self":[{"href":"https:\/\/swoer.vn\/th\/wp-json\/wp\/v2\/product\/1852","targetHints":{"allow":["GET"]}}],"collection":[{"href":"https:\/\/swoer.vn\/th\/wp-json\/wp\/v2\/product"}],"about":[{"href":"https:\/\/swoer.vn\/th\/wp-json\/wp\/v2\/types\/product"}],"replies":[{"embeddable":true,"href":"https:\/\/swoer.vn\/th\/wp-json\/wp\/v2\/comments?post=1852"}],"wp:featuredmedia":[{"embeddable":true,"href":"https:\/\/swoer.vn\/th\/wp-json\/wp\/v2\/media\/1853"}],"wp:attachment":[{"href":"https:\/\/swoer.vn\/th\/wp-json\/wp\/v2\/media?parent=1852"}],"wp:term":[{"taxonomy":"product_brand","embeddable":true,"href":"https:\/\/swoer.vn\/th\/wp-json\/wp\/v2\/product_brand?post=1852"},{"taxonomy":"product_cat","embeddable":true,"href":"https:\/\/swoer.vn\/th\/wp-json\/wp\/v2\/product_cat?post=1852"},{"taxonomy":"product_tag","embeddable":true,"href":"https:\/\/swoer.vn\/th\/wp-json\/wp\/v2\/product_tag?post=1852"}],"curies":[{"name":"wp","href":"https:\/\/api.w.org\/{rel}","templated":true}]}}