{"id":1827,"date":"2025-02-25T15:50:04","date_gmt":"2025-02-25T08:50:04","guid":{"rendered":"https:\/\/swoer.vn\/?post_type=product&#038;p=1827"},"modified":"2025-03-11T09:08:18","modified_gmt":"2025-03-11T02:08:18","slug":"bo-nap-linh-hoat-sw-215","status":"publish","type":"product","link":"https:\/\/swoer.vn\/th\/manufacturer\/bo-nap-linh-hoat-sw-215\/","title":{"rendered":"\u0e15\u0e31\u0e27\u0e1b\u0e49\u0e2d\u0e19\u0e41\u0e1a\u0e1a\u0e22\u0e37\u0e14\u0e2b\u0e22\u0e38\u0e48\u0e19 SW-215"},"content":{"rendered":"<h2>\u0e02\u0e49\u0e2d\u0e21\u0e39\u0e25\u0e08\u0e33\u0e40\u0e1e\u0e32\u0e30\u0e42\u0e14\u0e22\u0e25\u0e30\u0e40\u0e2d\u0e35\u0e22\u0e14<\/h2>\n<table width=\"650\">\n<tbody>\n<tr>\n<td width=\"356\"><strong>\u0e1e\u0e34\u0e21\u0e1e\u0e4c<\/strong><\/td>\n<td width=\"294\">\u0e2a\u0e27-215<\/td>\n<\/tr>\n<tr>\n<td width=\"356\"><strong>\u0e02\u0e19\u0e32\u0e14 (\u0e21\u0e21.)<\/strong><\/td>\n<td width=\"294\">300*180*101<\/td>\n<\/tr>\n<tr>\n<td><strong>\u0e02\u0e19\u0e32\u0e14\u0e02\u0e2d\u0e07\u0e15\u0e31\u0e27\u0e1b\u0e49\u0e2d\u0e19 (\u0e21\u0e21.)<\/strong><\/td>\n<td width=\"294\">215*160*19<\/td>\n<\/tr>\n<tr>\n<td width=\"356\"><strong>\u0e19\u0e49\u0e33\u0e2b\u0e19\u0e31\u0e01<\/strong><\/td>\n<td width=\"294\">\u0e1b\u0e23\u0e30\u0e21\u0e32\u0e13 6.2\u0e01\u0e01.<\/p>\n<p>&nbsp;<\/td>\n<\/tr>\n<tr>\n<td width=\"356\"><strong>\u0e41\u0e23\u0e07\u0e14\u0e31\u0e19\u0e44\u0e1f\u0e1f\u0e49\u0e32<\/strong><\/td>\n<td width=\"294\">DC20-30V (\u0e41\u0e19\u0e30\u0e19\u0e33 24V)<\/td>\n<\/tr>\n<tr>\n<td width=\"356\"><strong>\u0e01\u0e23\u0e30\u0e41\u0e2a\u0e44\u0e1f\u0e2a\u0e39\u0e07\u0e2a\u0e38\u0e14<\/strong><\/td>\n<td width=\"294\">6\u0e01.<\/td>\n<\/tr>\n<tr>\n<td width=\"356\"><strong>\u0e21\u0e31\u0e19\u0e17\u0e33\u0e07\u0e32\u0e19\u0e2d\u0e22\u0e48\u0e32\u0e07\u0e44\u0e23<\/strong><\/td>\n<td width=\"294\">\u0e40\u0e04\u0e25\u0e37\u0e48\u0e2d\u0e19\u0e17\u0e35\u0e48\u0e02\u0e36\u0e49\u0e19 \u0e25\u0e07 \u0e0b\u0e49\u0e32\u0e22 \u0e02\u0e27\u0e32 \u0e0b\u0e49\u0e32\u0e22\u0e1a\u0e19 \u0e0b\u0e49\u0e32\u0e22\u0e25\u0e48\u0e32\u0e07 \u0e02\u0e27\u0e32\u0e1a\u0e19\u0e41\u0e25\u0e30\u0e02\u0e27\u0e32\u0e25\u0e48\u0e32\u0e07 \u0e01\u0e25\u0e32\u0e07\u0e02\u0e36\u0e49\u0e19\u0e41\u0e25\u0e30\u0e25\u0e07 \u0e01\u0e25\u0e32\u0e07\u0e0b\u0e49\u0e32\u0e22\u0e41\u0e25\u0e30\u0e02\u0e27\u0e32 \u0e40\u0e02\u0e22\u0e48\u0e32\u0e41\u0e25\u0e30\u0e1e\u0e25\u0e34\u0e01 \u0e41\u0e25\u0e30\u0e2a\u0e31\u0e48\u0e19\u0e42\u0e14\u0e22\u0e15\u0e23\u0e07\u0e40\u0e1e\u0e37\u0e48\u0e2d\u0e42\u0e2b\u0e25\u0e14<\/td>\n<\/tr>\n<tr>\n<td width=\"356\"><strong>\u0e04\u0e27\u0e32\u0e21\u0e2a\u0e21\u0e48\u0e33\u0e40\u0e2a\u0e21\u0e2d<\/strong><\/td>\n<td width=\"294\">10~131\u0e40\u0e2e\u0e34\u0e23\u0e15\u0e0b\u0e4c<\/td>\n<\/tr>\n<tr>\n<td width=\"356\"><strong>\u0e40\u0e2a\u0e35\u0e22\u0e07\u0e23\u0e1a\u0e01\u0e27\u0e19\u0e08\u0e32\u0e01\u0e01\u0e32\u0e23\u0e17\u0e33\u0e07\u0e32\u0e19<\/strong><\/td>\n<td width=\"294\">&lt;50\u0e40\u0e14\u0e0b\u0e34\u0e40\u0e1a\u0e25<\/td>\n<\/tr>\n<tr>\n<td width=\"356\"><strong>\u0e42\u0e2b\u0e25\u0e14\u0e2a\u0e39\u0e07\u0e2a\u0e38\u0e14<\/strong><\/td>\n<td width=\"294\">0.5\u0e01\u0e01.<\/td>\n<\/tr>\n<tr>\n<td width=\"356\"><strong>\u0e19\u0e49\u0e33\u0e2b\u0e19\u0e31\u0e01\u0e02\u0e2d\u0e07\u0e27\u0e31\u0e2a\u0e14\u0e38\u0e17\u0e35\u0e48\u0e1e\u0e25\u0e34\u0e01\u0e01\u0e25\u0e31\u0e1a\u0e0a\u0e34\u0e49\u0e19\u0e40\u0e14\u0e35\u0e22\u0e27<\/strong><\/td>\n<td width=\"294\">&lt;15\u0e01\u0e23\u0e31\u0e21<\/td>\n<\/tr>\n<tr>\n<td rowspan=\"2\" width=\"356\"><strong>\u0e01\u0e32\u0e23\u0e42\u0e15\u0e49\u0e15\u0e2d\u0e1a\u0e2a\u0e31\u0e0d\u0e0d\u0e32\u0e13<\/strong><\/td>\n<td width=\"294\">\u0e01\u0e32\u0e23\u0e2a\u0e37\u0e48\u0e2d\u0e2a\u0e32\u0e23\u0e41\u0e1a\u0e1a TCP\/IP<\/td>\n<\/tr>\n<tr>\n<td width=\"294\">\u0e2d\u0e34\u0e19\u0e40\u0e17\u0e2d\u0e23\u0e4c\u0e40\u0e1f\u0e0b\u0e2d\u0e34\u0e19\u0e1e\u0e38\u0e15\/\u0e40\u0e2d\u0e32\u0e17\u0e4c\u0e1e\u0e38\u0e15<\/td>\n<\/tr>\n<\/tbody>\n<\/table>\n\t<div id=\"gap-711596582\" class=\"gap-element clearfix\" style=\"display:block; height:auto;\">\n\t\t\n<style>\n#gap-711596582 {\n  padding-top: 30px;\n}\n<\/style>\n\t<\/div>\n\t\n<h2><strong>\u0e02\u0e19\u0e32\u0e14\u0e20\u0e32\u0e22\u0e19\u0e2d\u0e01<\/strong><\/h2>\n\t<div class=\"img has-hover x md-x lg-x y md-y lg-y\" id=\"image_1890666550\">\n\t\t\t\t\t\t\t\t<div class=\"img-inner dark\" >\n\t\t\t<img loading=\"lazy\" decoding=\"async\" width=\"698\" height=\"600\" src=\"https:\/\/swoer.vn\/wp-content\/uploads\/2025\/02\/Kich-thuoc-ben-ngoai-SW-170.webp\" class=\"attachment-original size-original\" alt=\"\u0e02\u0e19\u0e32\u0e14\u0e20\u0e32\u0e22\u0e19\u0e2d\u0e01\u0e02\u0e2d\u0e07 SW-170\" srcset=\"https:\/\/swoer.vn\/wp-content\/uploads\/2025\/02\/Kich-thuoc-ben-ngoai-SW-170.webp 698w, https:\/\/swoer.vn\/wp-content\/uploads\/2025\/02\/Kich-thuoc-ben-ngoai-SW-170-300x258.webp 300w, https:\/\/swoer.vn\/wp-content\/uploads\/2025\/02\/Kich-thuoc-ben-ngoai-SW-170-14x12.webp 14w, https:\/\/swoer.vn\/wp-content\/uploads\/2025\/02\/Kich-thuoc-ben-ngoai-SW-170-600x516.webp 600w\" sizes=\"auto, (max-width: 698px) 100vw, 698px\" title=\"\">\t\t\t\t\t\t\n\t\t\t\t\t<\/div>\n\t\t\t\t\t\t\t\t\n<style>\n#image_1890666550 {\n  width: 70%;\n}\n<\/style>\n\t<\/div>","protected":false},"excerpt":{"rendered":"<p>\u0e40\u0e04\u0e23\u0e37\u0e48\u0e2d\u0e07\u0e1b\u0e49\u0e2d\u0e19\u0e41\u0e1a\u0e1a\u0e22\u0e37\u0e14\u0e2b\u0e22\u0e38\u0e48\u0e19 SW-215 \u0e21\u0e31\u0e01\u0e43\u0e0a\u0e49\u0e43\u0e19\u0e01\u0e32\u0e23\u0e04\u0e31\u0e14\u0e01\u0e23\u0e2d\u0e07\u0e0a\u0e34\u0e49\u0e19\u0e2a\u0e48\u0e27\u0e19\u0e42\u0e25\u0e2b\u0e30\u0e02\u0e19\u0e32\u0e14\u0e40\u0e25\u0e47\u0e01 \u0e40\u0e0a\u0e48\u0e19 \u0e41\u0e1c\u0e48\u0e19\u0e40\u0e2b\u0e25\u0e47\u0e01 \u0e2a\u0e1b\u0e23\u0e34\u0e07 \u0e41\u0e25\u0e30\u0e02\u0e31\u0e49\u0e27\u0e15\u0e48\u0e2d\u0e02\u0e19\u0e32\u0e14\u0e40\u0e25\u0e47\u0e01 \u0e14\u0e49\u0e27\u0e22\u0e01\u0e32\u0e23\u0e2d\u0e2d\u0e01\u0e41\u0e1a\u0e1a\u0e17\u0e35\u0e48\u0e41\u0e02\u0e47\u0e07\u0e41\u0e01\u0e23\u0e48\u0e07\u0e41\u0e25\u0e30\u0e04\u0e27\u0e32\u0e21\u0e2a\u0e32\u0e21\u0e32\u0e23\u0e16\u0e43\u0e19\u0e01\u0e32\u0e23\u0e04\u0e31\u0e14\u0e41\u0e22\u0e01\u0e17\u0e35\u0e48\u0e41\u0e21\u0e48\u0e19\u0e22\u0e33 SW-215 \u0e08\u0e36\u0e07\u0e0a\u0e48\u0e27\u0e22\u0e40\u0e1e\u0e34\u0e48\u0e21\u0e1b\u0e23\u0e30\u0e2a\u0e34\u0e17\u0e18\u0e34\u0e20\u0e32\u0e1e\u0e01\u0e32\u0e23\u0e1c\u0e25\u0e34\u0e15\u0e41\u0e25\u0e30\u0e25\u0e14\u0e02\u0e49\u0e2d\u0e1c\u0e34\u0e14\u0e1e\u0e25\u0e32\u0e14 \u0e23\u0e30\u0e1a\u0e1a\u0e19\u0e35\u0e49\u0e40\u0e2b\u0e21\u0e32\u0e30\u0e2d\u0e22\u0e48\u0e32\u0e07\u0e22\u0e34\u0e48\u0e07\u0e2a\u0e33\u0e2b\u0e23\u0e31\u0e1a\u0e2d\u0e38\u0e15\u0e2a\u0e32\u0e2b\u0e01\u0e23\u0e23\u0e21\u0e01\u0e32\u0e23\u0e1c\u0e25\u0e34\u0e15\u0e42\u0e25\u0e2b\u0e30\u0e41\u0e25\u0e30\u0e2a\u0e48\u0e27\u0e19\u0e1b\u0e23\u0e30\u0e01\u0e2d\u0e1a\u0e2d\u0e34\u0e40\u0e25\u0e47\u0e01\u0e17\u0e23\u0e2d\u0e19\u0e34\u0e01\u0e2a\u0e4c \u0e15\u0e2d\u0e1a\u0e2a\u0e19\u0e2d\u0e07\u0e02\u0e49\u0e2d\u0e01\u0e33\u0e2b\u0e19\u0e14\u0e17\u0e35\u0e48\u0e40\u0e02\u0e49\u0e21\u0e07\u0e27\u0e14\u0e14\u0e49\u0e32\u0e19\u0e04\u0e38\u0e13\u0e20\u0e32\u0e1e\u0e41\u0e25\u0e30\u0e04\u0e27\u0e32\u0e21\u0e40\u0e23\u0e47\u0e27 SW-215 \u0e0a\u0e48\u0e27\u0e22\u0e43\u0e2b\u0e49\u0e21\u0e31\u0e48\u0e19\u0e43\u0e08\u0e16\u0e36\u0e07\u0e04\u0e27\u0e32\u0e21\u0e40\u0e2a\u0e16\u0e35\u0e22\u0e23\u0e41\u0e25\u0e30\u0e1b\u0e23\u0e30\u0e2a\u0e34\u0e17\u0e18\u0e34\u0e20\u0e32\u0e1e\u0e17\u0e35\u0e48\u0e40\u0e2b\u0e21\u0e32\u0e30\u0e2a\u0e21\u0e17\u0e35\u0e48\u0e2a\u0e38\u0e14\u0e43\u0e19\u0e01\u0e23\u0e30\u0e1a\u0e27\u0e19\u0e01\u0e32\u0e23\u0e1c\u0e25\u0e34\u0e15<\/p>","protected":false},"featured_media":1828,"comment_status":"open","ping_status":"closed","template":"","meta":[],"product_brand":[],"product_cat":[62],"product_tag":[67,63,64],"class_list":{"0":"post-1827","1":"product","2":"type-product","3":"status-publish","4":"has-post-thumbnail","6":"product_cat-bo-nap-linh-hoat","7":"product_tag-bo-cap-lieu-da-nang","8":"product_tag-bo-nap-linh-dong","9":"product_tag-may-cap-phoi-linh-hoat","11":"first","12":"instock","13":"shipping-taxable","14":"product-type-simple"},"yoast_head":"<!-- This site is optimized with the Yoast SEO plugin v26.0 - https:\/\/yoast.com\/wordpress\/plugins\/seo\/ -->\n<title>B\u1ed9 n\u1ea1p linh ho\u1ea1t SW-215 - Nh\u00e0 s\u1ea3n xu\u1ea5t m\u00e1y c\u1ea5p li\u1ec7u c\u00f4ng nghi\u1ec7p<\/title>\n<meta name=\"description\" content=\"Th\u01b0\u1eddng \u0111\u01b0\u1ee3c s\u1eed d\u1ee5ng \u0111\u1ec3 s\u00e0ng l\u1ecdc c\u00e1c b\u1ed9 ph\u1eadn kim lo\u1ea1i nh\u1ecf (nh\u01b0 t\u1ea5m th\u00e9p, l\u00f2 xo, v.v.) v\u00e0 c\u00e1c \u0111\u1ea7u n\u1ed1i nh\u1ecf.\" \/>\n<meta name=\"robots\" content=\"index, follow, max-snippet:-1, max-image-preview:large, max-video-preview:-1\" \/>\n<link rel=\"canonical\" href=\"https:\/\/swoer.vn\/th\/manufacturer\/bo-nap-linh-hoat-sw-215\/\" \/>\n<meta property=\"og:locale\" content=\"th_TH\" \/>\n<meta property=\"og:type\" content=\"article\" \/>\n<meta property=\"og:title\" content=\"B\u1ed9 n\u1ea1p linh ho\u1ea1t SW-215 - Nh\u00e0 s\u1ea3n xu\u1ea5t m\u00e1y c\u1ea5p li\u1ec7u c\u00f4ng nghi\u1ec7p\" \/>\n<meta property=\"og:description\" content=\"Th\u01b0\u1eddng \u0111\u01b0\u1ee3c s\u1eed d\u1ee5ng \u0111\u1ec3 s\u00e0ng l\u1ecdc c\u00e1c b\u1ed9 ph\u1eadn kim lo\u1ea1i nh\u1ecf (nh\u01b0 t\u1ea5m th\u00e9p, l\u00f2 xo, v.v.) v\u00e0 c\u00e1c \u0111\u1ea7u n\u1ed1i nh\u1ecf.\" \/>\n<meta property=\"og:url\" content=\"https:\/\/swoer.vn\/th\/manufacturer\/bo-nap-linh-hoat-sw-215\/\" \/>\n<meta property=\"og:site_name\" content=\"Nh\u00e0 s\u1ea3n xu\u1ea5t m\u00e1y c\u1ea5p li\u1ec7u c\u00f4ng nghi\u1ec7p\" \/>\n<meta property=\"article:modified_time\" content=\"2025-03-11T02:08:18+00:00\" \/>\n<meta property=\"og:image\" content=\"https:\/\/swoer.vn\/wp-content\/uploads\/2025\/02\/Bo-cap-lieu-da-nang-SW-215.webp\" \/>\n\t<meta property=\"og:image:width\" content=\"1000\" \/>\n\t<meta property=\"og:image:height\" content=\"1000\" \/>\n\t<meta property=\"og:image:type\" content=\"image\/webp\" \/>\n<meta name=\"twitter:card\" content=\"summary_large_image\" \/>\n<meta name=\"twitter:label1\" content=\"Est. reading time\" \/>\n\t<meta name=\"twitter:data1\" content=\"1 \u0e19\u0e32\u0e17\u0e35\" \/>\n<script type=\"application\/ld+json\" class=\"yoast-schema-graph\">{\"@context\":\"https:\/\/schema.org\",\"@graph\":[{\"@type\":\"WebPage\",\"@id\":\"https:\/\/swoer.vn\/manufacturer\/bo-nap-linh-hoat-sw-215\/\",\"url\":\"https:\/\/swoer.vn\/manufacturer\/bo-nap-linh-hoat-sw-215\/\",\"name\":\"B\u1ed9 n\u1ea1p linh ho\u1ea1t SW-215 - Nh\u00e0 s\u1ea3n xu\u1ea5t m\u00e1y c\u1ea5p li\u1ec7u c\u00f4ng nghi\u1ec7p\",\"isPartOf\":{\"@id\":\"https:\/\/swoer.vn\/#website\"},\"primaryImageOfPage\":{\"@id\":\"https:\/\/swoer.vn\/manufacturer\/bo-nap-linh-hoat-sw-215\/#primaryimage\"},\"image\":{\"@id\":\"https:\/\/swoer.vn\/manufacturer\/bo-nap-linh-hoat-sw-215\/#primaryimage\"},\"thumbnailUrl\":\"https:\/\/swoer.vn\/wp-content\/uploads\/2025\/02\/Bo-cap-lieu-da-nang-SW-215.webp\",\"datePublished\":\"2025-02-25T08:50:04+00:00\",\"dateModified\":\"2025-03-11T02:08:18+00:00\",\"description\":\"Th\u01b0\u1eddng \u0111\u01b0\u1ee3c s\u1eed d\u1ee5ng \u0111\u1ec3 s\u00e0ng l\u1ecdc c\u00e1c b\u1ed9 ph\u1eadn kim lo\u1ea1i nh\u1ecf (nh\u01b0 t\u1ea5m th\u00e9p, l\u00f2 xo, v.v.) v\u00e0 c\u00e1c \u0111\u1ea7u n\u1ed1i nh\u1ecf.\",\"breadcrumb\":{\"@id\":\"https:\/\/swoer.vn\/manufacturer\/bo-nap-linh-hoat-sw-215\/#breadcrumb\"},\"inLanguage\":\"th\",\"potentialAction\":[{\"@type\":\"ReadAction\",\"target\":[\"https:\/\/swoer.vn\/manufacturer\/bo-nap-linh-hoat-sw-215\/\"]}]},{\"@type\":\"ImageObject\",\"inLanguage\":\"th\",\"@id\":\"https:\/\/swoer.vn\/manufacturer\/bo-nap-linh-hoat-sw-215\/#primaryimage\",\"url\":\"https:\/\/swoer.vn\/wp-content\/uploads\/2025\/02\/Bo-cap-lieu-da-nang-SW-215.webp\",\"contentUrl\":\"https:\/\/swoer.vn\/wp-content\/uploads\/2025\/02\/Bo-cap-lieu-da-nang-SW-215.webp\",\"width\":1000,\"height\":1000,\"caption\":\"B\u1ed9 c\u1ea5p li\u1ec7u \u0111a n\u0103ng SW-215\"},{\"@type\":\"BreadcrumbList\",\"@id\":\"https:\/\/swoer.vn\/manufacturer\/bo-nap-linh-hoat-sw-215\/#breadcrumb\",\"itemListElement\":[{\"@type\":\"ListItem\",\"position\":1,\"name\":\"Home\",\"item\":\"https:\/\/swoer.vn\/\"},{\"@type\":\"ListItem\",\"position\":2,\"name\":\"S\u1ea3n ph\u1ea9m\",\"item\":\"https:\/\/swoer.vn\/shop\/\"},{\"@type\":\"ListItem\",\"position\":3,\"name\":\"B\u1ed9 n\u1ea1p linh ho\u1ea1t SW-215\"}]},{\"@type\":\"WebSite\",\"@id\":\"https:\/\/swoer.vn\/#website\",\"url\":\"https:\/\/swoer.vn\/\",\"name\":\"Nh\u00e0 s\u1ea3n xu\u1ea5t m\u00e1y c\u1ea5p li\u1ec7u c\u00f4ng nghi\u1ec7p\",\"description\":\"Nh\u00e0 cung c\u1ea5p robot, m\u00e1y c\u1ea5p li\u1ec7u linh ho\u1ea1t, m\u00e1y c\u1ea5p li\u1ec7u ly t\u00e2m, m\u00e1y c\u1ea5p li\u1ec7u rung t\u1ef1 \u0111\u1ed9ng\",\"potentialAction\":[{\"@type\":\"SearchAction\",\"target\":{\"@type\":\"EntryPoint\",\"urlTemplate\":\"https:\/\/swoer.vn\/?s={search_term_string}\"},\"query-input\":{\"@type\":\"PropertyValueSpecification\",\"valueRequired\":true,\"valueName\":\"search_term_string\"}}],\"inLanguage\":\"th\"}]}<\/script>\n<!-- \/ Yoast SEO plugin. -->","yoast_head_json":{"title":"\u0e40\u0e04\u0e23\u0e37\u0e48\u0e2d\u0e07\u0e1b\u0e49\u0e2d\u0e19\u0e41\u0e1a\u0e1a\u0e22\u0e37\u0e14\u0e2b\u0e22\u0e38\u0e48\u0e19 SW-215 - \u0e1c\u0e39\u0e49\u0e1c\u0e25\u0e34\u0e15\u0e40\u0e04\u0e23\u0e37\u0e48\u0e2d\u0e07\u0e1b\u0e49\u0e2d\u0e19\u0e2d\u0e38\u0e15\u0e2a\u0e32\u0e2b\u0e01\u0e23\u0e23\u0e21","description":"\u0e21\u0e31\u0e01\u0e43\u0e0a\u0e49\u0e43\u0e19\u0e01\u0e32\u0e23\u0e04\u0e31\u0e14\u0e01\u0e23\u0e2d\u0e07\u0e0a\u0e34\u0e49\u0e19\u0e2a\u0e48\u0e27\u0e19\u0e42\u0e25\u0e2b\u0e30\u0e02\u0e19\u0e32\u0e14\u0e40\u0e25\u0e47\u0e01 (\u0e40\u0e0a\u0e48\u0e19 \u0e41\u0e1c\u0e48\u0e19\u0e40\u0e2b\u0e25\u0e47\u0e01 \u0e2a\u0e1b\u0e23\u0e34\u0e07 \u0e2f\u0e25\u0e2f) \u0e41\u0e25\u0e30\u0e02\u0e31\u0e49\u0e27\u0e15\u0e48\u0e2d\u0e02\u0e19\u0e32\u0e14\u0e40\u0e25\u0e47\u0e01","robots":{"index":"index","follow":"follow","max-snippet":"max-snippet:-1","max-image-preview":"max-image-preview:large","max-video-preview":"max-video-preview:-1"},"canonical":"https:\/\/swoer.vn\/th\/manufacturer\/bo-nap-linh-hoat-sw-215\/","og_locale":"th_TH","og_type":"article","og_title":"B\u1ed9 n\u1ea1p linh ho\u1ea1t SW-215 - Nh\u00e0 s\u1ea3n xu\u1ea5t m\u00e1y c\u1ea5p li\u1ec7u c\u00f4ng nghi\u1ec7p","og_description":"Th\u01b0\u1eddng \u0111\u01b0\u1ee3c s\u1eed d\u1ee5ng \u0111\u1ec3 s\u00e0ng l\u1ecdc c\u00e1c b\u1ed9 ph\u1eadn kim lo\u1ea1i nh\u1ecf (nh\u01b0 t\u1ea5m th\u00e9p, l\u00f2 xo, v.v.) v\u00e0 c\u00e1c \u0111\u1ea7u n\u1ed1i nh\u1ecf.","og_url":"https:\/\/swoer.vn\/th\/manufacturer\/bo-nap-linh-hoat-sw-215\/","og_site_name":"Nh\u00e0 s\u1ea3n xu\u1ea5t m\u00e1y c\u1ea5p li\u1ec7u c\u00f4ng nghi\u1ec7p","article_modified_time":"2025-03-11T02:08:18+00:00","og_image":[{"width":1000,"height":1000,"url":"https:\/\/swoer.vn\/wp-content\/uploads\/2025\/02\/Bo-cap-lieu-da-nang-SW-215.webp","type":"image\/webp"}],"twitter_card":"summary_large_image","twitter_misc":{"Est. reading time":"1 \u0e19\u0e32\u0e17\u0e35"},"schema":{"@context":"https:\/\/schema.org","@graph":[{"@type":"WebPage","@id":"https:\/\/swoer.vn\/manufacturer\/bo-nap-linh-hoat-sw-215\/","url":"https:\/\/swoer.vn\/manufacturer\/bo-nap-linh-hoat-sw-215\/","name":"\u0e40\u0e04\u0e23\u0e37\u0e48\u0e2d\u0e07\u0e1b\u0e49\u0e2d\u0e19\u0e41\u0e1a\u0e1a\u0e22\u0e37\u0e14\u0e2b\u0e22\u0e38\u0e48\u0e19 SW-215 - \u0e1c\u0e39\u0e49\u0e1c\u0e25\u0e34\u0e15\u0e40\u0e04\u0e23\u0e37\u0e48\u0e2d\u0e07\u0e1b\u0e49\u0e2d\u0e19\u0e2d\u0e38\u0e15\u0e2a\u0e32\u0e2b\u0e01\u0e23\u0e23\u0e21","isPartOf":{"@id":"https:\/\/swoer.vn\/#website"},"primaryImageOfPage":{"@id":"https:\/\/swoer.vn\/manufacturer\/bo-nap-linh-hoat-sw-215\/#primaryimage"},"image":{"@id":"https:\/\/swoer.vn\/manufacturer\/bo-nap-linh-hoat-sw-215\/#primaryimage"},"thumbnailUrl":"https:\/\/swoer.vn\/wp-content\/uploads\/2025\/02\/Bo-cap-lieu-da-nang-SW-215.webp","datePublished":"2025-02-25T08:50:04+00:00","dateModified":"2025-03-11T02:08:18+00:00","description":"\u0e21\u0e31\u0e01\u0e43\u0e0a\u0e49\u0e43\u0e19\u0e01\u0e32\u0e23\u0e04\u0e31\u0e14\u0e01\u0e23\u0e2d\u0e07\u0e0a\u0e34\u0e49\u0e19\u0e2a\u0e48\u0e27\u0e19\u0e42\u0e25\u0e2b\u0e30\u0e02\u0e19\u0e32\u0e14\u0e40\u0e25\u0e47\u0e01 (\u0e40\u0e0a\u0e48\u0e19 \u0e41\u0e1c\u0e48\u0e19\u0e40\u0e2b\u0e25\u0e47\u0e01 \u0e2a\u0e1b\u0e23\u0e34\u0e07 \u0e2f\u0e25\u0e2f) \u0e41\u0e25\u0e30\u0e02\u0e31\u0e49\u0e27\u0e15\u0e48\u0e2d\u0e02\u0e19\u0e32\u0e14\u0e40\u0e25\u0e47\u0e01","breadcrumb":{"@id":"https:\/\/swoer.vn\/manufacturer\/bo-nap-linh-hoat-sw-215\/#breadcrumb"},"inLanguage":"th","potentialAction":[{"@type":"ReadAction","target":["https:\/\/swoer.vn\/manufacturer\/bo-nap-linh-hoat-sw-215\/"]}]},{"@type":"ImageObject","inLanguage":"th","@id":"https:\/\/swoer.vn\/manufacturer\/bo-nap-linh-hoat-sw-215\/#primaryimage","url":"https:\/\/swoer.vn\/wp-content\/uploads\/2025\/02\/Bo-cap-lieu-da-nang-SW-215.webp","contentUrl":"https:\/\/swoer.vn\/wp-content\/uploads\/2025\/02\/Bo-cap-lieu-da-nang-SW-215.webp","width":1000,"height":1000,"caption":"B\u1ed9 c\u1ea5p li\u1ec7u \u0111a n\u0103ng SW-215"},{"@type":"BreadcrumbList","@id":"https:\/\/swoer.vn\/manufacturer\/bo-nap-linh-hoat-sw-215\/#breadcrumb","itemListElement":[{"@type":"ListItem","position":1,"name":"Home","item":"https:\/\/swoer.vn\/"},{"@type":"ListItem","position":2,"name":"S\u1ea3n ph\u1ea9m","item":"https:\/\/swoer.vn\/shop\/"},{"@type":"ListItem","position":3,"name":"B\u1ed9 n\u1ea1p linh ho\u1ea1t SW-215"}]},{"@type":"WebSite","@id":"https:\/\/swoer.vn\/#website","url":"https:\/\/swoer.vn\/","name":"\u0e1c\u0e39\u0e49\u0e1c\u0e25\u0e34\u0e15\u0e40\u0e04\u0e23\u0e37\u0e48\u0e2d\u0e07\u0e1b\u0e49\u0e2d\u0e19\u0e2d\u0e32\u0e2b\u0e32\u0e23\u0e2d\u0e38\u0e15\u0e2a\u0e32\u0e2b\u0e01\u0e23\u0e23\u0e21","description":"\u0e08\u0e33\u0e2b\u0e19\u0e48\u0e32\u0e22\u0e2b\u0e38\u0e48\u0e19\u0e22\u0e19\u0e15\u0e4c \u0e40\u0e04\u0e23\u0e37\u0e48\u0e2d\u0e07\u0e1b\u0e49\u0e2d\u0e19\u0e41\u0e1a\u0e1a\u0e22\u0e37\u0e14\u0e2b\u0e22\u0e38\u0e48\u0e19 \u0e40\u0e04\u0e23\u0e37\u0e48\u0e2d\u0e07\u0e1b\u0e49\u0e2d\u0e19\u0e41\u0e1a\u0e1a\u0e41\u0e23\u0e07\u0e40\u0e2b\u0e27\u0e35\u0e48\u0e22\u0e07 \u0e40\u0e04\u0e23\u0e37\u0e48\u0e2d\u0e07\u0e1b\u0e49\u0e2d\u0e19\u0e41\u0e1a\u0e1a\u0e2a\u0e31\u0e48\u0e19\u0e2d\u0e31\u0e15\u0e42\u0e19\u0e21\u0e31\u0e15\u0e34","potentialAction":[{"@type":"SearchAction","target":{"@type":"EntryPoint","urlTemplate":"https:\/\/swoer.vn\/?s={search_term_string}"},"query-input":{"@type":"PropertyValueSpecification","valueRequired":true,"valueName":"search_term_string"}}],"inLanguage":"th"}]}},"_links":{"self":[{"href":"https:\/\/swoer.vn\/th\/wp-json\/wp\/v2\/product\/1827","targetHints":{"allow":["GET"]}}],"collection":[{"href":"https:\/\/swoer.vn\/th\/wp-json\/wp\/v2\/product"}],"about":[{"href":"https:\/\/swoer.vn\/th\/wp-json\/wp\/v2\/types\/product"}],"replies":[{"embeddable":true,"href":"https:\/\/swoer.vn\/th\/wp-json\/wp\/v2\/comments?post=1827"}],"wp:featuredmedia":[{"embeddable":true,"href":"https:\/\/swoer.vn\/th\/wp-json\/wp\/v2\/media\/1828"}],"wp:attachment":[{"href":"https:\/\/swoer.vn\/th\/wp-json\/wp\/v2\/media?parent=1827"}],"wp:term":[{"taxonomy":"product_brand","embeddable":true,"href":"https:\/\/swoer.vn\/th\/wp-json\/wp\/v2\/product_brand?post=1827"},{"taxonomy":"product_cat","embeddable":true,"href":"https:\/\/swoer.vn\/th\/wp-json\/wp\/v2\/product_cat?post=1827"},{"taxonomy":"product_tag","embeddable":true,"href":"https:\/\/swoer.vn\/th\/wp-json\/wp\/v2\/product_tag?post=1827"}],"curies":[{"name":"wp","href":"https:\/\/api.w.org\/{rel}","templated":true}]}}