{"id":1786,"date":"2025-02-25T10:38:11","date_gmt":"2025-02-25T03:38:11","guid":{"rendered":"https:\/\/swoer.vn\/?post_type=product&#038;p=1786"},"modified":"2025-02-25T12:55:57","modified_gmt":"2025-02-25T05:55:57","slug":"he-thong-cap-nap-ly-tam","status":"publish","type":"product","link":"https:\/\/swoer.vn\/th\/manufacturer\/he-thong-cap-nap-ly-tam\/","title":{"rendered":"\u0e23\u0e30\u0e1a\u0e1a\u0e1b\u0e49\u0e2d\u0e19\u0e2d\u0e32\u0e2b\u0e32\u0e23\u0e41\u0e1a\u0e1a\u0e41\u0e23\u0e07\u0e40\u0e2b\u0e27\u0e35\u0e48\u0e22\u0e07"},"content":{"rendered":"<p>\u0e2a\u0e31\u0e21\u0e1c\u0e31\u0e2a\u0e01\u0e31\u0e1a\u0e42\u0e0b\u0e25\u0e39\u0e0a\u0e31\u0e19\u0e2a\u0e32\u0e22\u0e1e\u0e32\u0e19\u0e25\u0e33\u0e40\u0e25\u0e35\u0e22\u0e07\u0e41\u0e1a\u0e1a\u0e41\u0e23\u0e07\u0e40\u0e2b\u0e27\u0e35\u0e48\u0e22\u0e07\u0e17\u0e35\u0e48\u0e2d\u0e2d\u0e01\u0e41\u0e1a\u0e1a\u0e21\u0e32\u0e42\u0e14\u0e22\u0e40\u0e09\u0e1e\u0e32\u0e30\u0e43\u0e2b\u0e49\u0e40\u0e2b\u0e21\u0e32\u0e30\u0e01\u0e31\u0e1a\u0e04\u0e27\u0e32\u0e21\u0e15\u0e49\u0e2d\u0e07\u0e01\u0e32\u0e23\u0e02\u0e2d\u0e07\u0e04\u0e38\u0e13 \u0e1b\u0e23\u0e31\u0e1a\u0e41\u0e15\u0e48\u0e07\u0e01\u0e32\u0e23\u0e15\u0e31\u0e49\u0e07\u0e04\u0e48\u0e32\u0e04\u0e27\u0e32\u0e21\u0e40\u0e23\u0e47\u0e27\u0e43\u0e2b\u0e49\u0e40\u0e2b\u0e21\u0e32\u0e30\u0e01\u0e31\u0e1a\u0e04\u0e27\u0e32\u0e21\u0e15\u0e49\u0e2d\u0e07\u0e01\u0e32\u0e23\u0e02\u0e2d\u0e07\u0e04\u0e38\u0e13\u0e44\u0e14\u0e49\u0e2d\u0e22\u0e48\u0e32\u0e07\u0e23\u0e32\u0e1a\u0e23\u0e37\u0e48\u0e19 \u0e42\u0e0b\u0e25\u0e39\u0e0a\u0e31\u0e19\u0e01\u0e32\u0e23\u0e43\u0e2b\u0e49\u0e2d\u0e32\u0e2b\u0e32\u0e23\u0e23\u0e30\u0e14\u0e31\u0e1a\u0e21\u0e37\u0e2d\u0e2d\u0e32\u0e0a\u0e35\u0e1e\u0e02\u0e2d\u0e07\u0e40\u0e23\u0e32\u0e23\u0e31\u0e1a\u0e1b\u0e23\u0e30\u0e01\u0e31\u0e19\u0e1b\u0e23\u0e30\u0e2a\u0e34\u0e17\u0e18\u0e34\u0e20\u0e32\u0e1e\u0e17\u0e35\u0e48\u0e40\u0e2b\u0e21\u0e32\u0e30\u0e2a\u0e21\u0e17\u0e35\u0e48\u0e2a\u0e38\u0e14<\/p>\n<p>\u0e23\u0e31\u0e1a\u0e41\u0e1a\u0e1a\u0e08\u0e33\u0e25\u0e2d\u0e07 CAD \u0e2a\u0e32\u0e21\u0e21\u0e34\u0e15\u0e34\u0e41\u0e1a\u0e1a\u0e25\u0e30\u0e40\u0e2d\u0e35\u0e22\u0e14\u0e40\u0e1e\u0e37\u0e48\u0e2d\u0e01\u0e32\u0e23\u0e23\u0e27\u0e21\u0e40\u0e02\u0e49\u0e32\u0e01\u0e31\u0e1a\u0e2a\u0e32\u0e22\u0e01\u0e32\u0e23\u0e1c\u0e25\u0e34\u0e15\u0e02\u0e2d\u0e07\u0e04\u0e38\u0e13\u0e44\u0e14\u0e49\u0e2d\u0e22\u0e48\u0e32\u0e07\u0e07\u0e48\u0e32\u0e22\u0e14\u0e32\u0e22 \u0e40\u0e0a\u0e37\u0e48\u0e2d\u0e16\u0e37\u0e2d\u0e43\u0e19\u0e04\u0e27\u0e32\u0e21\u0e40\u0e0a\u0e35\u0e48\u0e22\u0e27\u0e0a\u0e32\u0e0d\u0e02\u0e2d\u0e07\u0e40\u0e23\u0e32\u0e2a\u0e33\u0e2b\u0e23\u0e31\u0e1a\u0e42\u0e0b\u0e25\u0e39\u0e0a\u0e31\u0e19\u0e01\u0e32\u0e23\u0e42\u0e2b\u0e25\u0e14\u0e17\u0e35\u0e48\u0e21\u0e35\u0e1b\u0e23\u0e30\u0e2a\u0e34\u0e17\u0e18\u0e34\u0e20\u0e32\u0e1e\u0e41\u0e25\u0e30\u0e40\u0e0a\u0e37\u0e48\u0e2d\u0e16\u0e37\u0e2d\u0e44\u0e14\u0e49 \u0e40\u0e1e\u0e34\u0e48\u0e21\u0e1c\u0e25\u0e1c\u0e25\u0e34\u0e15\u0e2a\u0e39\u0e07\u0e2a\u0e38\u0e14\u0e14\u0e49\u0e27\u0e22\u0e41\u0e19\u0e27\u0e17\u0e32\u0e07\u0e01\u0e32\u0e23\u0e17\u0e33\u0e07\u0e32\u0e19\u0e2d\u0e31\u0e15\u0e42\u0e19\u0e21\u0e31\u0e15\u0e34\u0e17\u0e35\u0e48\u0e40\u0e23\u0e32\u0e1b\u0e23\u0e31\u0e1a\u0e41\u0e15\u0e48\u0e07\u0e43\u0e2b\u0e49\u0e40\u0e2b\u0e21\u0e32\u0e30\u0e2a\u0e21<\/p>\n<h2><strong>\u0e02\u0e49\u0e2d\u0e21\u0e39\u0e25\u0e2a\u0e34\u0e19\u0e04\u0e49\u0e32<\/strong><\/h2>\n<table style=\"border-collapse: collapse; width: 545.27pt;\" border=\"0\" width=\"727\" cellspacing=\"0\" cellpadding=\"0\">\n<tbody>\n<tr style=\"height: 20.25pt;\">\n<td class=\"et2\" style=\"height: 20.25pt; width: 240.00pt;\" width=\"320\" height=\"27\"><strong>\u0e0a\u0e37\u0e48\u0e2d\u0e2a\u0e34\u0e19\u0e04\u0e49\u0e32<\/strong><\/td>\n<td class=\"et3\" style=\"width: 305.30pt;\" width=\"407\">\u0e23\u0e30\u0e1a\u0e1a\u0e01\u0e32\u0e23\u0e1b\u0e49\u0e2d\u0e19\u0e41\u0e1a\u0e1a\u0e41\u0e23\u0e07\u0e40\u0e2b\u0e27\u0e35\u0e48\u0e22\u0e07<\/td>\n<\/tr>\n<tr style=\"height: 20.25pt;\">\n<td class=\"et2\" style=\"height: 20.25pt; width: 240.00pt;\" width=\"320\" height=\"27\"><strong>\u0e0a\u0e37\u0e48\u0e2d\u0e22\u0e35\u0e48\u0e2b\u0e49\u0e2d<\/strong><\/td>\n<td class=\"et3\" style=\"width: 305.30pt;\" width=\"407\">\u0e2a\u0e27\u0e2d\u0e40\u0e2d\u0e2d\u0e23\u0e4c<\/td>\n<\/tr>\n<tr style=\"height: 20.25pt;\">\n<td class=\"et2\" style=\"height: 20.25pt; width: 240.00pt;\" width=\"320\" height=\"27\"><strong>\u0e27\u0e31\u0e2a\u0e14\u0e38<\/strong><\/td>\n<td class=\"et2\" style=\"width: 305.30pt;\" width=\"407\">\u0e2a\u0e41\u0e15\u0e19\u0e40\u0e25\u0e2a SUS304<\/td>\n<\/tr>\n<tr style=\"height: 20.25pt;\">\n<td class=\"et2\" style=\"height: 20.25pt; width: 240.00pt;\" width=\"320\" height=\"27\"><strong>\u0e02\u0e19\u0e32\u0e14<\/strong><\/td>\n<td class=\"et2\" style=\"width: 305.30pt;\" width=\"407\">\u0e15\u0e32\u0e21\u0e04\u0e27\u0e32\u0e21\u0e15\u0e49\u0e2d\u0e07\u0e01\u0e32\u0e23\u0e02\u0e2d\u0e07\u0e25\u0e39\u0e01\u0e04\u0e49\u0e32<\/td>\n<\/tr>\n<tr style=\"height: 20.25pt;\">\n<td class=\"et2\" style=\"height: 20.25pt; width: 240.00pt;\" width=\"320\" height=\"27\"><strong>\u0e01\u0e32\u0e23\u0e17\u0e33\u0e07\u0e32\u0e19<\/strong><\/td>\n<td class=\"et2\" style=\"width: 305.30pt;\" width=\"407\">\u0e01\u0e32\u0e23\u0e43\u0e2b\u0e49\u0e2d\u0e32\u0e2b\u0e32\u0e23\u0e2d\u0e31\u0e15\u0e42\u0e19\u0e21\u0e31\u0e15\u0e34<\/td>\n<\/tr>\n<tr style=\"height: 20.25pt;\">\n<td class=\"et2\" style=\"height: 20.25pt; width: 240.00pt;\" width=\"320\" height=\"27\"><strong>\u0e43\u0e0a\u0e49<\/strong><\/td>\n<td class=\"et2\" style=\"width: 305.30pt;\" width=\"407\">\u0e40\u0e04\u0e23\u0e37\u0e48\u0e2d\u0e07\u0e04\u0e31\u0e14\u0e41\u0e22\u0e01\u0e41\u0e25\u0e30\u0e19\u0e31\u0e1a\u0e2a\u0e34\u0e19\u0e04\u0e49\u0e32<\/td>\n<\/tr>\n<tr style=\"height: 20.25pt;\">\n<td class=\"et2\" style=\"height: 20.25pt; width: 240.00pt;\" width=\"320\" height=\"27\"><strong>\u0e02\u0e49\u0e2d\u0e44\u0e14\u0e49\u0e40\u0e1b\u0e23\u0e35\u0e22\u0e1a<\/strong><\/td>\n<td class=\"et2\" style=\"width: 305.30pt;\" width=\"407\">\u0e1b\u0e23\u0e30\u0e2b\u0e22\u0e31\u0e14\u0e17\u0e23\u0e31\u0e1e\u0e22\u0e32\u0e01\u0e23\u0e21\u0e19\u0e38\u0e29\u0e22\u0e4c<\/td>\n<\/tr>\n<tr style=\"height: 20.25pt;\">\n<td class=\"et2\" style=\"height: 20.25pt; width: 240.00pt;\" width=\"320\" height=\"27\"><strong>\u0e1b\u0e23\u0e30\u0e40\u0e20\u0e17\u0e40\u0e04\u0e23\u0e37\u0e48\u0e2d\u0e07\u0e08\u0e31\u0e01\u0e23<\/strong><\/td>\n<td class=\"et2\" style=\"width: 305.30pt;\" width=\"407\">\u0e0a\u0e38\u0e14\u0e2d\u0e38\u0e1b\u0e01\u0e23\u0e13\u0e4c<\/td>\n<\/tr>\n<tr style=\"height: 20.25pt;\">\n<td class=\"et2\" style=\"height: 20.25pt; width: 240.00pt;\" width=\"320\" height=\"27\"><strong>\u0e42\u0e04\u0e23\u0e07\u0e01\u0e32\u0e23<\/strong><\/td>\n<td class=\"et3\" style=\"width: 305.30pt;\" width=\"407\">\u0e23\u0e30\u0e1a\u0e1a\u0e01\u0e32\u0e23\u0e1b\u0e49\u0e2d\u0e19\u0e41\u0e1a\u0e1a\u0e41\u0e23\u0e07\u0e40\u0e2b\u0e27\u0e35\u0e48\u0e22\u0e07<\/td>\n<\/tr>\n<tr style=\"height: 60.75pt;\">\n<td class=\"et2\" style=\"height: 60.75pt; width: 240.00pt;\" width=\"320\" height=\"81\"><strong>\u0e2d\u0e38\u0e15\u0e2a\u0e32\u0e2b\u0e01\u0e23\u0e23\u0e21\u0e17\u0e35\u0e48\u0e40\u0e01\u0e35\u0e48\u0e22\u0e27\u0e02\u0e49\u0e2d\u0e07<\/strong><\/td>\n<td class=\"et2\" style=\"width: 305.30pt;\" width=\"407\">\u0e2d\u0e38\u0e15\u0e2a\u0e32\u0e2b\u0e01\u0e23\u0e23\u0e21\u0e2d\u0e34\u0e40\u0e25\u0e47\u0e01\u0e17\u0e23\u0e2d\u0e19\u0e34\u0e01\u0e2a\u0e4c \u0e2d\u0e38\u0e15\u0e2a\u0e32\u0e2b\u0e01\u0e23\u0e23\u0e21\u0e2d\u0e38\u0e1b\u0e01\u0e23\u0e13\u0e4c\u0e17\u0e32\u0e07\u0e01\u0e32\u0e23\u0e41\u0e1e\u0e17\u0e22\u0e4c \u0e2d\u0e38\u0e15\u0e2a\u0e32\u0e2b\u0e01\u0e23\u0e23\u0e21\u0e22\u0e32\u0e19\u0e22\u0e19\u0e15\u0e4c \u0e2f\u0e25\u0e2f<\/td>\n<\/tr>\n<tr style=\"height: 20.25pt;\">\n<td class=\"et2\" style=\"height: 20.25pt; width: 240.00pt;\" width=\"320\" height=\"27\"><strong>\u0e01\u0e32\u0e23\u0e1a\u0e23\u0e34\u0e01\u0e32\u0e23\u0e25\u0e39\u0e01\u0e04\u0e49\u0e32\u0e17\u0e35\u0e48\u0e14\u0e35<\/strong><\/td>\n<td class=\"et2\" style=\"width: 305.30pt;\" width=\"407\">\u0e01\u0e32\u0e23\u0e2a\u0e19\u0e31\u0e1a\u0e2a\u0e19\u0e38\u0e19\u0e14\u0e49\u0e32\u0e19\u0e40\u0e17\u0e04\u0e19\u0e34\u0e04\u0e27\u0e34\u0e14\u0e35\u0e42\u0e2d \u0e01\u0e32\u0e23\u0e2a\u0e19\u0e31\u0e1a\u0e2a\u0e19\u0e38\u0e19\u0e2d\u0e2d\u0e19\u0e44\u0e25\u0e19\u0e4c<\/td>\n<\/tr>\n<\/tbody>\n<\/table>","protected":false},"excerpt":{"rendered":"<p>\u0e40\u0e23\u0e32\u0e19\u0e33\u0e40\u0e2a\u0e19\u0e2d\u0e42\u0e0b\u0e25\u0e39\u0e0a\u0e31\u0e19\u0e2a\u0e32\u0e22\u0e1e\u0e32\u0e19\u0e25\u0e33\u0e40\u0e25\u0e35\u0e22\u0e07\u0e41\u0e1a\u0e1a\u0e41\u0e23\u0e07\u0e40\u0e2b\u0e27\u0e35\u0e48\u0e22\u0e07\u0e17\u0e35\u0e48\u0e2d\u0e2d\u0e01\u0e41\u0e1a\u0e1a\u0e2d\u0e22\u0e48\u0e32\u0e07\u0e41\u0e21\u0e48\u0e19\u0e22\u0e33\u0e1e\u0e23\u0e49\u0e2d\u0e21\u0e01\u0e32\u0e23\u0e15\u0e31\u0e49\u0e07\u0e04\u0e48\u0e32\u0e04\u0e27\u0e32\u0e21\u0e40\u0e23\u0e47\u0e27\u0e17\u0e35\u0e48\u0e01\u0e33\u0e2b\u0e19\u0e14\u0e40\u0e2d\u0e07\u0e40\u0e1e\u0e37\u0e48\u0e2d\u0e43\u0e2b\u0e49\u0e15\u0e23\u0e07\u0e15\u0e32\u0e21\u0e04\u0e27\u0e32\u0e21\u0e15\u0e49\u0e2d\u0e07\u0e01\u0e32\u0e23\u0e02\u0e2d\u0e07\u0e04\u0e38\u0e13 \u0e21\u0e35\u0e01\u0e32\u0e23\u0e08\u0e31\u0e14\u0e17\u0e33\u0e41\u0e1a\u0e1a\u0e08\u0e33\u0e25\u0e2d\u0e07 CAD \u0e2a\u0e32\u0e21\u0e21\u0e34\u0e15\u0e34\u0e42\u0e14\u0e22\u0e25\u0e30\u0e40\u0e2d\u0e35\u0e22\u0e14\u0e40\u0e1e\u0e37\u0e48\u0e2d\u0e43\u0e2b\u0e49\u0e41\u0e19\u0e48\u0e43\u0e08\u0e27\u0e48\u0e32\u0e2a\u0e32\u0e21\u0e32\u0e23\u0e16\u0e1a\u0e39\u0e23\u0e13\u0e32\u0e01\u0e32\u0e23\u0e01\u0e31\u0e1a\u0e2a\u0e32\u0e22\u0e01\u0e32\u0e23\u0e1c\u0e25\u0e34\u0e15\u0e02\u0e2d\u0e07\u0e04\u0e38\u0e13\u0e44\u0e14\u0e49\u0e2d\u0e22\u0e48\u0e32\u0e07\u0e23\u0e32\u0e1a\u0e23\u0e37\u0e48\u0e19 \u0e44\u0e27\u0e49\u0e27\u0e32\u0e07\u0e43\u0e08\u0e42\u0e0b\u0e25\u0e39\u0e0a\u0e31\u0e19\u0e01\u0e32\u0e23\u0e43\u0e2b\u0e49\u0e2d\u0e32\u0e2b\u0e32\u0e23\u0e23\u0e30\u0e14\u0e31\u0e1a\u0e21\u0e37\u0e2d\u0e2d\u0e32\u0e0a\u0e35\u0e1e\u0e02\u0e2d\u0e07\u0e40\u0e23\u0e32\u0e40\u0e1e\u0e37\u0e48\u0e2d\u0e40\u0e1e\u0e34\u0e48\u0e21\u0e1b\u0e23\u0e30\u0e2a\u0e34\u0e17\u0e18\u0e34\u0e20\u0e32\u0e1e\u0e41\u0e25\u0e30\u0e1c\u0e25\u0e1c\u0e25\u0e34\u0e15\u0e43\u0e2b\u0e49\u0e40\u0e2b\u0e21\u0e32\u0e30\u0e2a\u0e21\u0e17\u0e35\u0e48\u0e2a\u0e38\u0e14<\/p>","protected":false},"featured_media":1787,"comment_status":"open","ping_status":"closed","template":"","meta":[],"product_brand":[],"product_cat":[50],"product_tag":[53,51,52],"class_list":{"0":"post-1786","1":"product","2":"type-product","3":"status-publish","4":"has-post-thumbnail","6":"product_cat-may-cap-lieu-ly-tam","7":"product_tag-bo-cap-lieu-ly-tam","8":"product_tag-may-cap-lieu-ly-tam","9":"product_tag-pheu-ly-tam","11":"first","12":"instock","13":"shipping-taxable","14":"product-type-simple"},"yoast_head":"<!-- This site is optimized with the Yoast SEO plugin v26.0 - https:\/\/yoast.com\/wordpress\/plugins\/seo\/ -->\n<title>H\u1ec7 th\u1ed1ng c\u1ea5p n\u1eafp ly t\u00e2m - Nh\u00e0 s\u1ea3n xu\u1ea5t m\u00e1y c\u1ea5p li\u1ec7u c\u00f4ng nghi\u1ec7p<\/title>\n<meta name=\"description\" content=\"Ch\u00fang t\u00f4i cung c\u1ea5p m\u00e1y c\u1ea5p li\u1ec7u ly t\u00e2m ch\u00ednh x\u00e1c, t\u1ed1c \u0111\u1ed9 t\u00f9y ch\u1ec9nh, t\u00edch h\u1ee3p li\u1ec1n m\u1ea1ch v\u00e0o d\u00e2y chuy\u1ec1n s\u1ea3n xu\u1ea5t. Gi\u1ea3i ph\u00e1p chuy\u00ean nghi\u1ec7p t\u1ed1i \u01b0u h\u00f3a n\u0103ng su\u1ea5t.\" \/>\n<meta name=\"robots\" content=\"index, follow, max-snippet:-1, max-image-preview:large, max-video-preview:-1\" \/>\n<link rel=\"canonical\" href=\"https:\/\/swoer.vn\/th\/manufacturer\/he-thong-cap-nap-ly-tam\/\" \/>\n<meta property=\"og:locale\" content=\"th_TH\" \/>\n<meta property=\"og:type\" content=\"article\" \/>\n<meta property=\"og:title\" content=\"H\u1ec7 th\u1ed1ng c\u1ea5p n\u1eafp ly t\u00e2m - Nh\u00e0 s\u1ea3n xu\u1ea5t m\u00e1y c\u1ea5p li\u1ec7u c\u00f4ng nghi\u1ec7p\" \/>\n<meta property=\"og:description\" content=\"Ch\u00fang t\u00f4i cung c\u1ea5p m\u00e1y c\u1ea5p li\u1ec7u ly t\u00e2m ch\u00ednh x\u00e1c, t\u1ed1c \u0111\u1ed9 t\u00f9y ch\u1ec9nh, t\u00edch h\u1ee3p li\u1ec1n m\u1ea1ch v\u00e0o d\u00e2y chuy\u1ec1n s\u1ea3n xu\u1ea5t. Gi\u1ea3i ph\u00e1p chuy\u00ean nghi\u1ec7p t\u1ed1i \u01b0u h\u00f3a n\u0103ng su\u1ea5t.\" \/>\n<meta property=\"og:url\" content=\"https:\/\/swoer.vn\/th\/manufacturer\/he-thong-cap-nap-ly-tam\/\" \/>\n<meta property=\"og:site_name\" content=\"Nh\u00e0 s\u1ea3n xu\u1ea5t m\u00e1y c\u1ea5p li\u1ec7u c\u00f4ng nghi\u1ec7p\" \/>\n<meta property=\"article:modified_time\" content=\"2025-02-25T05:55:57+00:00\" \/>\n<meta property=\"og:image\" content=\"https:\/\/swoer.vn\/wp-content\/uploads\/2025\/02\/may-ly-tam-nap-chai.webp\" \/>\n\t<meta property=\"og:image:width\" content=\"1000\" \/>\n\t<meta property=\"og:image:height\" content=\"1000\" \/>\n\t<meta property=\"og:image:type\" content=\"image\/webp\" \/>\n<meta name=\"twitter:card\" content=\"summary_large_image\" \/>\n<meta name=\"twitter:label1\" content=\"Est. reading time\" \/>\n\t<meta name=\"twitter:data1\" content=\"2 \u0e19\u0e32\u0e17\u0e35\" \/>\n<script type=\"application\/ld+json\" class=\"yoast-schema-graph\">{\"@context\":\"https:\/\/schema.org\",\"@graph\":[{\"@type\":\"WebPage\",\"@id\":\"https:\/\/swoer.vn\/manufacturer\/he-thong-cap-nap-ly-tam\/\",\"url\":\"https:\/\/swoer.vn\/manufacturer\/he-thong-cap-nap-ly-tam\/\",\"name\":\"H\u1ec7 th\u1ed1ng c\u1ea5p n\u1eafp ly t\u00e2m - Nh\u00e0 s\u1ea3n xu\u1ea5t m\u00e1y c\u1ea5p li\u1ec7u c\u00f4ng nghi\u1ec7p\",\"isPartOf\":{\"@id\":\"https:\/\/swoer.vn\/#website\"},\"primaryImageOfPage\":{\"@id\":\"https:\/\/swoer.vn\/manufacturer\/he-thong-cap-nap-ly-tam\/#primaryimage\"},\"image\":{\"@id\":\"https:\/\/swoer.vn\/manufacturer\/he-thong-cap-nap-ly-tam\/#primaryimage\"},\"thumbnailUrl\":\"https:\/\/swoer.vn\/wp-content\/uploads\/2025\/02\/may-ly-tam-nap-chai.webp\",\"datePublished\":\"2025-02-25T03:38:11+00:00\",\"dateModified\":\"2025-02-25T05:55:57+00:00\",\"description\":\"Ch\u00fang t\u00f4i cung c\u1ea5p m\u00e1y c\u1ea5p li\u1ec7u ly t\u00e2m ch\u00ednh x\u00e1c, t\u1ed1c \u0111\u1ed9 t\u00f9y ch\u1ec9nh, t\u00edch h\u1ee3p li\u1ec1n m\u1ea1ch v\u00e0o d\u00e2y chuy\u1ec1n s\u1ea3n xu\u1ea5t. Gi\u1ea3i ph\u00e1p chuy\u00ean nghi\u1ec7p t\u1ed1i \u01b0u h\u00f3a n\u0103ng su\u1ea5t.\",\"breadcrumb\":{\"@id\":\"https:\/\/swoer.vn\/manufacturer\/he-thong-cap-nap-ly-tam\/#breadcrumb\"},\"inLanguage\":\"th\",\"potentialAction\":[{\"@type\":\"ReadAction\",\"target\":[\"https:\/\/swoer.vn\/manufacturer\/he-thong-cap-nap-ly-tam\/\"]}]},{\"@type\":\"ImageObject\",\"inLanguage\":\"th\",\"@id\":\"https:\/\/swoer.vn\/manufacturer\/he-thong-cap-nap-ly-tam\/#primaryimage\",\"url\":\"https:\/\/swoer.vn\/wp-content\/uploads\/2025\/02\/may-ly-tam-nap-chai.webp\",\"contentUrl\":\"https:\/\/swoer.vn\/wp-content\/uploads\/2025\/02\/may-ly-tam-nap-chai.webp\",\"width\":1000,\"height\":1000,\"caption\":\"m\u00e1y ly t\u00e2m n\u1eafp chai\"},{\"@type\":\"BreadcrumbList\",\"@id\":\"https:\/\/swoer.vn\/manufacturer\/he-thong-cap-nap-ly-tam\/#breadcrumb\",\"itemListElement\":[{\"@type\":\"ListItem\",\"position\":1,\"name\":\"Home\",\"item\":\"https:\/\/swoer.vn\/\"},{\"@type\":\"ListItem\",\"position\":2,\"name\":\"S\u1ea3n ph\u1ea9m\",\"item\":\"https:\/\/swoer.vn\/shop\/\"},{\"@type\":\"ListItem\",\"position\":3,\"name\":\"H\u1ec7 th\u1ed1ng c\u1ea5p n\u1eafp ly t\u00e2m\"}]},{\"@type\":\"WebSite\",\"@id\":\"https:\/\/swoer.vn\/#website\",\"url\":\"https:\/\/swoer.vn\/\",\"name\":\"Nh\u00e0 s\u1ea3n xu\u1ea5t m\u00e1y c\u1ea5p li\u1ec7u c\u00f4ng nghi\u1ec7p\",\"description\":\"Nh\u00e0 cung c\u1ea5p robot, m\u00e1y c\u1ea5p li\u1ec7u linh ho\u1ea1t, m\u00e1y c\u1ea5p li\u1ec7u ly t\u00e2m, m\u00e1y c\u1ea5p li\u1ec7u rung t\u1ef1 \u0111\u1ed9ng\",\"potentialAction\":[{\"@type\":\"SearchAction\",\"target\":{\"@type\":\"EntryPoint\",\"urlTemplate\":\"https:\/\/swoer.vn\/?s={search_term_string}\"},\"query-input\":{\"@type\":\"PropertyValueSpecification\",\"valueRequired\":true,\"valueName\":\"search_term_string\"}}],\"inLanguage\":\"th\"}]}<\/script>\n<!-- \/ Yoast SEO plugin. -->","yoast_head_json":{"title":"\u0e23\u0e30\u0e1a\u0e1a\u0e1b\u0e49\u0e2d\u0e19\u0e2d\u0e32\u0e2b\u0e32\u0e23\u0e41\u0e1a\u0e1a\u0e1d\u0e32\u0e40\u0e2b\u0e27\u0e35\u0e48\u0e22\u0e07 - \u0e1c\u0e39\u0e49\u0e1c\u0e25\u0e34\u0e15\u0e40\u0e04\u0e23\u0e37\u0e48\u0e2d\u0e07\u0e1b\u0e49\u0e2d\u0e19\u0e2d\u0e32\u0e2b\u0e32\u0e23\u0e2d\u0e38\u0e15\u0e2a\u0e32\u0e2b\u0e01\u0e23\u0e23\u0e21","description":"\u0e40\u0e23\u0e32\u0e19\u0e33\u0e40\u0e2a\u0e19\u0e2d\u0e40\u0e04\u0e23\u0e37\u0e48\u0e2d\u0e07\u0e1b\u0e49\u0e2d\u0e19\u0e41\u0e23\u0e07\u0e40\u0e2b\u0e27\u0e35\u0e48\u0e22\u0e07\u0e17\u0e35\u0e48\u0e21\u0e35\u0e04\u0e27\u0e32\u0e21\u0e41\u0e21\u0e48\u0e19\u0e22\u0e33\u0e41\u0e25\u0e30\u0e04\u0e27\u0e32\u0e21\u0e40\u0e23\u0e47\u0e27\u0e15\u0e32\u0e21\u0e15\u0e49\u0e2d\u0e07\u0e01\u0e32\u0e23\u0e0b\u0e36\u0e48\u0e07\u0e2a\u0e32\u0e21\u0e32\u0e23\u0e16\u0e1c\u0e2a\u0e32\u0e19\u0e40\u0e02\u0e49\u0e32\u0e01\u0e31\u0e1a\u0e2a\u0e32\u0e22\u0e01\u0e32\u0e23\u0e1c\u0e25\u0e34\u0e15\u0e44\u0e14\u0e49\u0e2d\u0e22\u0e48\u0e32\u0e07\u0e23\u0e32\u0e1a\u0e23\u0e37\u0e48\u0e19 \u0e42\u0e0b\u0e25\u0e39\u0e0a\u0e31\u0e48\u0e19\u0e23\u0e30\u0e14\u0e31\u0e1a\u0e21\u0e37\u0e2d\u0e2d\u0e32\u0e0a\u0e35\u0e1e\u0e40\u0e1e\u0e37\u0e48\u0e2d\u0e40\u0e1e\u0e34\u0e48\u0e21\u0e1b\u0e23\u0e30\u0e2a\u0e34\u0e17\u0e18\u0e34\u0e20\u0e32\u0e1e\u0e01\u0e32\u0e23\u0e1c\u0e25\u0e34\u0e15","robots":{"index":"index","follow":"follow","max-snippet":"max-snippet:-1","max-image-preview":"max-image-preview:large","max-video-preview":"max-video-preview:-1"},"canonical":"https:\/\/swoer.vn\/th\/manufacturer\/he-thong-cap-nap-ly-tam\/","og_locale":"th_TH","og_type":"article","og_title":"H\u1ec7 th\u1ed1ng c\u1ea5p n\u1eafp ly t\u00e2m - Nh\u00e0 s\u1ea3n xu\u1ea5t m\u00e1y c\u1ea5p li\u1ec7u c\u00f4ng nghi\u1ec7p","og_description":"Ch\u00fang t\u00f4i cung c\u1ea5p m\u00e1y c\u1ea5p li\u1ec7u ly t\u00e2m ch\u00ednh x\u00e1c, t\u1ed1c \u0111\u1ed9 t\u00f9y ch\u1ec9nh, t\u00edch h\u1ee3p li\u1ec1n m\u1ea1ch v\u00e0o d\u00e2y chuy\u1ec1n s\u1ea3n xu\u1ea5t. Gi\u1ea3i ph\u00e1p chuy\u00ean nghi\u1ec7p t\u1ed1i \u01b0u h\u00f3a n\u0103ng su\u1ea5t.","og_url":"https:\/\/swoer.vn\/th\/manufacturer\/he-thong-cap-nap-ly-tam\/","og_site_name":"Nh\u00e0 s\u1ea3n xu\u1ea5t m\u00e1y c\u1ea5p li\u1ec7u c\u00f4ng nghi\u1ec7p","article_modified_time":"2025-02-25T05:55:57+00:00","og_image":[{"width":1000,"height":1000,"url":"https:\/\/swoer.vn\/wp-content\/uploads\/2025\/02\/may-ly-tam-nap-chai.webp","type":"image\/webp"}],"twitter_card":"summary_large_image","twitter_misc":{"Est. reading time":"2 \u0e19\u0e32\u0e17\u0e35"},"schema":{"@context":"https:\/\/schema.org","@graph":[{"@type":"WebPage","@id":"https:\/\/swoer.vn\/manufacturer\/he-thong-cap-nap-ly-tam\/","url":"https:\/\/swoer.vn\/manufacturer\/he-thong-cap-nap-ly-tam\/","name":"\u0e23\u0e30\u0e1a\u0e1a\u0e1b\u0e49\u0e2d\u0e19\u0e2d\u0e32\u0e2b\u0e32\u0e23\u0e41\u0e1a\u0e1a\u0e1d\u0e32\u0e40\u0e2b\u0e27\u0e35\u0e48\u0e22\u0e07 - \u0e1c\u0e39\u0e49\u0e1c\u0e25\u0e34\u0e15\u0e40\u0e04\u0e23\u0e37\u0e48\u0e2d\u0e07\u0e1b\u0e49\u0e2d\u0e19\u0e2d\u0e32\u0e2b\u0e32\u0e23\u0e2d\u0e38\u0e15\u0e2a\u0e32\u0e2b\u0e01\u0e23\u0e23\u0e21","isPartOf":{"@id":"https:\/\/swoer.vn\/#website"},"primaryImageOfPage":{"@id":"https:\/\/swoer.vn\/manufacturer\/he-thong-cap-nap-ly-tam\/#primaryimage"},"image":{"@id":"https:\/\/swoer.vn\/manufacturer\/he-thong-cap-nap-ly-tam\/#primaryimage"},"thumbnailUrl":"https:\/\/swoer.vn\/wp-content\/uploads\/2025\/02\/may-ly-tam-nap-chai.webp","datePublished":"2025-02-25T03:38:11+00:00","dateModified":"2025-02-25T05:55:57+00:00","description":"\u0e40\u0e23\u0e32\u0e19\u0e33\u0e40\u0e2a\u0e19\u0e2d\u0e40\u0e04\u0e23\u0e37\u0e48\u0e2d\u0e07\u0e1b\u0e49\u0e2d\u0e19\u0e41\u0e23\u0e07\u0e40\u0e2b\u0e27\u0e35\u0e48\u0e22\u0e07\u0e17\u0e35\u0e48\u0e21\u0e35\u0e04\u0e27\u0e32\u0e21\u0e41\u0e21\u0e48\u0e19\u0e22\u0e33\u0e41\u0e25\u0e30\u0e04\u0e27\u0e32\u0e21\u0e40\u0e23\u0e47\u0e27\u0e15\u0e32\u0e21\u0e15\u0e49\u0e2d\u0e07\u0e01\u0e32\u0e23\u0e0b\u0e36\u0e48\u0e07\u0e2a\u0e32\u0e21\u0e32\u0e23\u0e16\u0e1c\u0e2a\u0e32\u0e19\u0e40\u0e02\u0e49\u0e32\u0e01\u0e31\u0e1a\u0e2a\u0e32\u0e22\u0e01\u0e32\u0e23\u0e1c\u0e25\u0e34\u0e15\u0e44\u0e14\u0e49\u0e2d\u0e22\u0e48\u0e32\u0e07\u0e23\u0e32\u0e1a\u0e23\u0e37\u0e48\u0e19 \u0e42\u0e0b\u0e25\u0e39\u0e0a\u0e31\u0e48\u0e19\u0e23\u0e30\u0e14\u0e31\u0e1a\u0e21\u0e37\u0e2d\u0e2d\u0e32\u0e0a\u0e35\u0e1e\u0e40\u0e1e\u0e37\u0e48\u0e2d\u0e40\u0e1e\u0e34\u0e48\u0e21\u0e1b\u0e23\u0e30\u0e2a\u0e34\u0e17\u0e18\u0e34\u0e20\u0e32\u0e1e\u0e01\u0e32\u0e23\u0e1c\u0e25\u0e34\u0e15","breadcrumb":{"@id":"https:\/\/swoer.vn\/manufacturer\/he-thong-cap-nap-ly-tam\/#breadcrumb"},"inLanguage":"th","potentialAction":[{"@type":"ReadAction","target":["https:\/\/swoer.vn\/manufacturer\/he-thong-cap-nap-ly-tam\/"]}]},{"@type":"ImageObject","inLanguage":"th","@id":"https:\/\/swoer.vn\/manufacturer\/he-thong-cap-nap-ly-tam\/#primaryimage","url":"https:\/\/swoer.vn\/wp-content\/uploads\/2025\/02\/may-ly-tam-nap-chai.webp","contentUrl":"https:\/\/swoer.vn\/wp-content\/uploads\/2025\/02\/may-ly-tam-nap-chai.webp","width":1000,"height":1000,"caption":"m\u00e1y ly t\u00e2m n\u1eafp chai"},{"@type":"BreadcrumbList","@id":"https:\/\/swoer.vn\/manufacturer\/he-thong-cap-nap-ly-tam\/#breadcrumb","itemListElement":[{"@type":"ListItem","position":1,"name":"Home","item":"https:\/\/swoer.vn\/"},{"@type":"ListItem","position":2,"name":"S\u1ea3n ph\u1ea9m","item":"https:\/\/swoer.vn\/shop\/"},{"@type":"ListItem","position":3,"name":"H\u1ec7 th\u1ed1ng c\u1ea5p n\u1eafp ly t\u00e2m"}]},{"@type":"WebSite","@id":"https:\/\/swoer.vn\/#website","url":"https:\/\/swoer.vn\/","name":"\u0e1c\u0e39\u0e49\u0e1c\u0e25\u0e34\u0e15\u0e40\u0e04\u0e23\u0e37\u0e48\u0e2d\u0e07\u0e1b\u0e49\u0e2d\u0e19\u0e2d\u0e32\u0e2b\u0e32\u0e23\u0e2d\u0e38\u0e15\u0e2a\u0e32\u0e2b\u0e01\u0e23\u0e23\u0e21","description":"\u0e08\u0e33\u0e2b\u0e19\u0e48\u0e32\u0e22\u0e2b\u0e38\u0e48\u0e19\u0e22\u0e19\u0e15\u0e4c \u0e40\u0e04\u0e23\u0e37\u0e48\u0e2d\u0e07\u0e1b\u0e49\u0e2d\u0e19\u0e41\u0e1a\u0e1a\u0e22\u0e37\u0e14\u0e2b\u0e22\u0e38\u0e48\u0e19 \u0e40\u0e04\u0e23\u0e37\u0e48\u0e2d\u0e07\u0e1b\u0e49\u0e2d\u0e19\u0e41\u0e1a\u0e1a\u0e41\u0e23\u0e07\u0e40\u0e2b\u0e27\u0e35\u0e48\u0e22\u0e07 \u0e40\u0e04\u0e23\u0e37\u0e48\u0e2d\u0e07\u0e1b\u0e49\u0e2d\u0e19\u0e41\u0e1a\u0e1a\u0e2a\u0e31\u0e48\u0e19\u0e2d\u0e31\u0e15\u0e42\u0e19\u0e21\u0e31\u0e15\u0e34","potentialAction":[{"@type":"SearchAction","target":{"@type":"EntryPoint","urlTemplate":"https:\/\/swoer.vn\/?s={search_term_string}"},"query-input":{"@type":"PropertyValueSpecification","valueRequired":true,"valueName":"search_term_string"}}],"inLanguage":"th"}]}},"_links":{"self":[{"href":"https:\/\/swoer.vn\/th\/wp-json\/wp\/v2\/product\/1786","targetHints":{"allow":["GET"]}}],"collection":[{"href":"https:\/\/swoer.vn\/th\/wp-json\/wp\/v2\/product"}],"about":[{"href":"https:\/\/swoer.vn\/th\/wp-json\/wp\/v2\/types\/product"}],"replies":[{"embeddable":true,"href":"https:\/\/swoer.vn\/th\/wp-json\/wp\/v2\/comments?post=1786"}],"wp:featuredmedia":[{"embeddable":true,"href":"https:\/\/swoer.vn\/th\/wp-json\/wp\/v2\/media\/1787"}],"wp:attachment":[{"href":"https:\/\/swoer.vn\/th\/wp-json\/wp\/v2\/media?parent=1786"}],"wp:term":[{"taxonomy":"product_brand","embeddable":true,"href":"https:\/\/swoer.vn\/th\/wp-json\/wp\/v2\/product_brand?post=1786"},{"taxonomy":"product_cat","embeddable":true,"href":"https:\/\/swoer.vn\/th\/wp-json\/wp\/v2\/product_cat?post=1786"},{"taxonomy":"product_tag","embeddable":true,"href":"https:\/\/swoer.vn\/th\/wp-json\/wp\/v2\/product_tag?post=1786"}],"curies":[{"name":"wp","href":"https:\/\/api.w.org\/{rel}","templated":true}]}}