{"id":1783,"date":"2025-02-24T15:33:54","date_gmt":"2025-02-24T08:33:54","guid":{"rendered":"https:\/\/swoer.vn\/?post_type=product&#038;p=1783"},"modified":"2025-02-25T12:56:39","modified_gmt":"2025-02-25T05:56:39","slug":"may-tan-dinh-tu-dong-may-dong-dinh-tu-dong","status":"publish","type":"product","link":"https:\/\/swoer.vn\/th\/manufacturer\/may-tan-dinh-tu-dong-may-dong-dinh-tu-dong\/","title":{"rendered":"\u0e40\u0e04\u0e23\u0e37\u0e48\u0e2d\u0e07\u0e23\u0e35\u0e40\u0e27\u0e17\u0e2d\u0e31\u0e15\u0e42\u0e19\u0e21\u0e31\u0e15\u0e34 | \u0e40\u0e04\u0e23\u0e37\u0e48\u0e2d\u0e07\u0e15\u0e2d\u0e01\u0e15\u0e30\u0e1b\u0e39\u0e2d\u0e31\u0e15\u0e42\u0e19\u0e21\u0e31\u0e15\u0e34"},"content":{"rendered":"<p>\u0e1b\u0e37\u0e19\u0e22\u0e34\u0e07\u0e15\u0e30\u0e1b\u0e39 \u0e04\u0e37\u0e2d \u0e1b\u0e37\u0e19\u0e22\u0e34\u0e07\u0e15\u0e30\u0e1b\u0e39\u0e2d\u0e31\u0e15\u0e42\u0e19\u0e21\u0e31\u0e15\u0e34\u0e17\u0e35\u0e48\u0e21\u0e35\u0e2d\u0e22\u0e39\u0e48\u0e43\u0e19\u0e17\u0e49\u0e2d\u0e07\u0e15\u0e25\u0e32\u0e14 \u0e40\u0e1b\u0e47\u0e19\u0e2a\u0e48\u0e27\u0e19\u0e2a\u0e33\u0e04\u0e31\u0e0d\u0e02\u0e2d\u0e07\u0e01\u0e32\u0e23\u0e43\u0e0a\u0e49\u0e07\u0e32\u0e19\u0e1b\u0e37\u0e19\u0e22\u0e34\u0e07\u0e15\u0e30\u0e1b\u0e39 \u0e44\u0e21\u0e48\u0e27\u0e48\u0e32\u0e08\u0e30\u0e43\u0e0a\u0e49\u0e07\u0e32\u0e19\u0e14\u0e49\u0e27\u0e22\u0e21\u0e37\u0e2d\u0e2b\u0e23\u0e37\u0e2d\u0e2d\u0e31\u0e15\u0e42\u0e19\u0e21\u0e31\u0e15\u0e34 \u0e01\u0e32\u0e23\u0e17\u0e33\u0e07\u0e32\u0e19\u0e02\u0e2d\u0e07\u0e1b\u0e37\u0e19\u0e22\u0e34\u0e07\u0e15\u0e30\u0e1b\u0e39\u0e08\u0e30\u0e40\u0e2a\u0e23\u0e47\u0e08\u0e2a\u0e21\u0e1a\u0e39\u0e23\u0e13\u0e4c\u0e42\u0e14\u0e22\u0e01\u0e25\u0e44\u0e01\u0e01\u0e32\u0e23\u0e2b\u0e21\u0e38\u0e14\u0e22\u0e49\u0e33 \u0e40\u0e0b\u0e34\u0e23\u0e4c\u0e1f\u0e40\u0e27\u0e2d\u0e23\u0e4c\u0e1c\u0e48\u0e32\u0e19\u0e17\u0e48\u0e2d \u0e40\u0e0a\u0e37\u0e48\u0e2d\u0e21\u0e15\u0e48\u0e2d\u0e2a\u0e32\u0e22\u0e41\u0e25\u0e30\u0e15\u0e34\u0e14\u0e15\u0e31\u0e49\u0e07\u0e40\u0e02\u0e49\u0e32\u0e43\u0e19\u0e0a\u0e38\u0e14\u0e01\u0e4a\u0e2d\u0e01\u0e19\u0e49\u0e33\u0e41\u0e1a\u0e1a\u0e2b\u0e21\u0e38\u0e14\u0e22\u0e49\u0e33 \u0e19\u0e31\u0e48\u0e19\u0e40\u0e1b\u0e47\u0e19\u0e40\u0e17\u0e04\u0e42\u0e19\u0e42\u0e25\u0e22\u0e35\u0e2b\u0e25\u0e31\u0e01\u0e02\u0e2d\u0e07\u0e40\u0e04\u0e23\u0e37\u0e48\u0e2d\u0e07\u0e23\u0e35\u0e40\u0e27\u0e17\u0e2d\u0e31\u0e15\u0e42\u0e19\u0e21\u0e31\u0e15\u0e34 \u0e15\u0e32\u0e21\u0e0a\u0e37\u0e48\u0e2d\u0e17\u0e35\u0e48\u0e23\u0e30\u0e1a\u0e38 \u0e21\u0e31\u0e19\u0e40\u0e1b\u0e47\u0e19\u0e01\u0e23\u0e30\u0e1a\u0e27\u0e19\u0e01\u0e32\u0e23\u0e23\u0e27\u0e1a\u0e23\u0e27\u0e21\u0e41\u0e25\u0e30\u0e2a\u0e48\u0e07\u0e2a\u0e31\u0e0d\u0e0d\u0e32\u0e13\u0e08\u0e32\u0e01\u0e40\u0e04\u0e23\u0e37\u0e48\u0e2d\u0e07\u0e08\u0e31\u0e01\u0e23<\/p>\n<h2><strong>\u0e04\u0e38\u0e13\u0e2a\u0e21\u0e1a\u0e31\u0e15\u0e34:<\/strong><\/h2>\n<ul>\n<li><strong>\u0e01\u0e32\u0e23\u0e43\u0e2b\u0e49\u0e2d\u0e32\u0e2b\u0e32\u0e23\u0e2d\u0e31\u0e15\u0e42\u0e19\u0e21\u0e31\u0e15\u0e34:<\/strong> \u0e40\u0e21\u0e37\u0e48\u0e2d\u0e40\u0e17\u0e2a\u0e15\u0e31\u0e4a\u0e14\u0e25\u0e07\u0e44\u0e1b\u0e43\u0e19\u0e41\u0e1c\u0e48\u0e19\u0e2a\u0e31\u0e48\u0e19\u0e2a\u0e30\u0e40\u0e17\u0e37\u0e2d\u0e19\u0e41\u0e25\u0e49\u0e27 \u0e01\u0e47\u0e2a\u0e32\u0e21\u0e32\u0e23\u0e16\u0e08\u0e31\u0e14\u0e40\u0e23\u0e35\u0e22\u0e07\u0e27\u0e31\u0e2a\u0e14\u0e38\u0e2d\u0e22\u0e48\u0e32\u0e07\u0e40\u0e1b\u0e47\u0e19\u0e23\u0e30\u0e40\u0e1a\u0e35\u0e22\u0e1a\u0e41\u0e25\u0e30\u0e2a\u0e48\u0e07\u0e44\u0e1b\u0e17\u0e35\u0e48\u0e2a\u0e15\u0e31\u0e4a\u0e14\u0e17\u0e35\u0e48\u0e41\u0e22\u0e01\u0e2d\u0e2d\u0e01\u0e44\u0e14\u0e49<\/li>\n<li><strong>\u0e01\u0e32\u0e23\u0e43\u0e2b\u0e49\u0e2d\u0e32\u0e2b\u0e32\u0e23\u0e2d\u0e31\u0e15\u0e42\u0e19\u0e21\u0e31\u0e15\u0e34:<\/strong> \u0e40\u0e21\u0e37\u0e48\u0e2d\u0e2b\u0e21\u0e38\u0e14\u0e22\u0e49\u0e33\u0e16\u0e36\u0e07\u0e08\u0e38\u0e14\u0e41\u0e22\u0e01\u0e41\u0e25\u0e49\u0e27 \u0e01\u0e47\u0e2a\u0e32\u0e21\u0e32\u0e23\u0e16\u0e43\u0e2a\u0e48\u0e40\u0e02\u0e49\u0e32\u0e43\u0e19\u0e1b\u0e25\u0e32\u0e22\u0e1b\u0e37\u0e19\u0e44\u0e14\u0e49\u0e1c\u0e48\u0e32\u0e19\u0e17\u0e32\u0e07\u0e17\u0e48\u0e2d\u0e2b\u0e21\u0e38\u0e14\u0e22\u0e49\u0e33<\/li>\n<li><strong>\u0e01\u0e32\u0e23\u0e43\u0e2b\u0e49\u0e2d\u0e32\u0e2b\u0e32\u0e23\u0e2d\u0e31\u0e15\u0e42\u0e19\u0e21\u0e31\u0e15\u0e34:<\/strong> \u0e2b\u0e25\u0e31\u0e07\u0e08\u0e32\u0e01\u0e40\u0e2a\u0e23\u0e47\u0e08\u0e2a\u0e34\u0e49\u0e19\u0e01\u0e32\u0e23\u0e22\u0e49\u0e33\u0e2b\u0e21\u0e38\u0e14\u0e41\u0e25\u0e49\u0e27 \u0e2b\u0e21\u0e38\u0e14\u0e15\u0e31\u0e27\u0e15\u0e48\u0e2d\u0e44\u0e1b\u0e08\u0e30\u0e16\u0e39\u0e01\u0e2a\u0e48\u0e07\u0e44\u0e1b\u0e17\u0e35\u0e48\u0e2b\u0e31\u0e27\u0e09\u0e35\u0e14\u0e1b\u0e37\u0e19\u0e42\u0e14\u0e22\u0e2d\u0e31\u0e15\u0e42\u0e19\u0e21\u0e31\u0e15\u0e34<\/li>\n<li><strong>\u0e01\u0e32\u0e23\u0e19\u0e31\u0e1a\u0e2d\u0e31\u0e08\u0e09\u0e23\u0e34\u0e22\u0e30:<\/strong> \u0e2a\u0e32\u0e21\u0e32\u0e23\u0e16\u0e15\u0e31\u0e49\u0e07\u0e04\u0e48\u0e32\u0e08\u0e2d\u0e41\u0e2a\u0e14\u0e07\u0e1c\u0e25 LCD \u0e40\u0e1e\u0e37\u0e48\u0e2d\u0e01\u0e33\u0e2b\u0e19\u0e14\u0e2b\u0e21\u0e32\u0e22\u0e40\u0e25\u0e02\u0e01\u0e32\u0e23\u0e15\u0e31\u0e49\u0e07\u0e04\u0e48\u0e32\u0e44\u0e14\u0e49<\/li>\n<li><strong>\u0e2a\u0e31\u0e0d\u0e0d\u0e32\u0e13\u0e40\u0e15\u0e37\u0e2d\u0e19\u0e01\u0e32\u0e23\u0e02\u0e32\u0e14\u0e41\u0e04\u0e25\u0e19\u0e27\u0e31\u0e15\u0e16\u0e38\u0e14\u0e34\u0e1a:<\/strong> \u0e40\u0e21\u0e37\u0e48\u0e2d\u0e44\u0e21\u0e48\u0e21\u0e35\u0e2b\u0e21\u0e38\u0e14\u0e22\u0e49\u0e33\u0e16\u0e36\u0e07\u0e08\u0e38\u0e14\u0e41\u0e22\u0e01 \u0e44\u0e1f\u0e2a\u0e31\u0e0d\u0e0d\u0e32\u0e13\u0e40\u0e15\u0e37\u0e2d\u0e19\u0e08\u0e30\u0e2a\u0e27\u0e48\u0e32\u0e07\u0e02\u0e36\u0e49\u0e19\u0e2d\u0e31\u0e15\u0e42\u0e19\u0e21\u0e31\u0e15\u0e34\u0e1e\u0e23\u0e49\u0e2d\u0e21\u0e40\u0e2a\u0e35\u0e22\u0e07\u0e41\u0e08\u0e49\u0e07\u0e40\u0e15\u0e37\u0e2d\u0e19<\/li>\n<li><strong>\u0e02\u0e49\u0e2d\u0e04\u0e27\u0e32\u0e21\u0e41\u0e2a\u0e14\u0e07\u0e02\u0e49\u0e2d\u0e1c\u0e34\u0e14\u0e1e\u0e25\u0e32\u0e14:<\/strong> \u0e40\u0e21\u0e37\u0e48\u0e2d\u0e40\u0e04\u0e23\u0e37\u0e48\u0e2d\u0e07\u0e41\u0e2a\u0e14\u0e07\u0e2a\u0e31\u0e0d\u0e0d\u0e32\u0e13\u0e1c\u0e34\u0e14\u0e1b\u0e01\u0e15\u0e34 \u0e44\u0e1f\u0e41\u0e2a\u0e14\u0e07\u0e2a\u0e16\u0e32\u0e19\u0e30\u0e08\u0e30\u0e40\u0e1b\u0e34\u0e14\u0e2d\u0e31\u0e15\u0e42\u0e19\u0e21\u0e31\u0e15\u0e34\u0e1e\u0e23\u0e49\u0e2d\u0e21\u0e40\u0e2a\u0e35\u0e22\u0e07\u0e40\u0e15\u0e37\u0e2d\u0e19<\/li>\n<li><strong>\u0e15\u0e31\u0e27\u0e40\u0e25\u0e02\u0e17\u0e35\u0e48\u0e44\u0e23\u0e49\u0e02\u0e49\u0e2d\u0e1c\u0e34\u0e14\u0e1e\u0e25\u0e32\u0e14:<\/strong> \u0e01\u0e32\u0e23\u0e19\u0e31\u0e1a\u0e41\u0e1a\u0e1a\u0e2d\u0e31\u0e08\u0e09\u0e23\u0e34\u0e22\u0e30\u0e40\u0e1e\u0e37\u0e48\u0e2d\u0e1b\u0e49\u0e2d\u0e07\u0e01\u0e31\u0e19\u0e01\u0e32\u0e23\u0e1e\u0e25\u0e32\u0e14\u0e01\u0e32\u0e23\u0e40\u0e22\u0e35\u0e48\u0e22\u0e21\u0e0a\u0e21<br \/>\n\u0e01\u0e32\u0e23\u0e23\u0e27\u0e1a\u0e23\u0e27\u0e21\u0e01\u0e32\u0e01\u0e15\u0e30\u0e01\u0e2d\u0e19: \u0e2a\u0e32\u0e21\u0e32\u0e23\u0e16\u0e2a\u0e48\u0e07\u0e41\u0e17\u0e48\u0e07\u0e41\u0e01\u0e19\u0e44\u0e1b\u0e22\u0e31\u0e07\u0e16\u0e31\u0e07\u0e23\u0e35\u0e44\u0e0b\u0e40\u0e04\u0e34\u0e25\u0e44\u0e14\u0e49\u0e1c\u0e48\u0e32\u0e19\u0e17\u0e48\u0e2d\u0e23\u0e27\u0e1a\u0e23\u0e27\u0e21\u0e01\u0e32\u0e01\u0e15\u0e30\u0e01\u0e2d\u0e19\u0e2b\u0e23\u0e37\u0e2d\u0e43\u0e0a\u0e49\u0e17\u0e48\u0e2d\u0e23\u0e27\u0e1a\u0e23\u0e27\u0e21\u0e01\u0e32\u0e01\u0e15\u0e30\u0e01\u0e2d\u0e19<\/li>\n<li><strong>\u0e2d\u0e35\u0e40\u0e18\u0e2d\u0e23\u0e4c\u0e40\u0e19\u0e47\u0e15:<\/strong> \u0e2a\u0e32\u0e21\u0e32\u0e23\u0e16\u0e40\u0e0a\u0e37\u0e48\u0e2d\u0e21\u0e15\u0e48\u0e2d\u0e01\u0e31\u0e1a\u0e40\u0e04\u0e23\u0e37\u0e2d\u0e02\u0e48\u0e32\u0e22\u0e17\u0e49\u0e2d\u0e07\u0e16\u0e34\u0e48\u0e19\u0e40\u0e1e\u0e37\u0e48\u0e2d\u0e01\u0e32\u0e23\u0e15\u0e23\u0e27\u0e08\u0e2a\u0e2d\u0e1a\u0e41\u0e1a\u0e1a\u0e40\u0e23\u0e35\u0e22\u0e25\u0e44\u0e17\u0e21\u0e4c\u0e41\u0e25\u0e30\u0e01\u0e32\u0e23\u0e17\u0e33\u0e07\u0e32\u0e19\u0e02\u0e2d\u0e07\u0e2d\u0e38\u0e1b\u0e01\u0e23\u0e13\u0e4c\u0e44\u0e14\u0e49<\/li>\n<li><strong>\u0e15\u0e34\u0e14\u0e15\u0e32\u0e21\u0e40\u0e25\u0e47\u0e1a:<\/strong> \u0e15\u0e23\u0e27\u0e08\u0e2a\u0e2d\u0e1a\u0e27\u0e48\u0e32\u0e2b\u0e21\u0e38\u0e14\u0e14\u0e36\u0e07\u0e21\u0e32\u0e16\u0e36\u0e07\u0e41\u0e25\u0e30\u0e42\u0e2b\u0e25\u0e14\u0e40\u0e02\u0e49\u0e32\u0e43\u0e19\u0e2b\u0e31\u0e27\u0e09\u0e35\u0e14\u0e1b\u0e37\u0e19\u0e2b\u0e23\u0e37\u0e2d\u0e44\u0e21\u0e48 \u0e40\u0e15\u0e34\u0e21\u0e27\u0e31\u0e2a\u0e14\u0e38\u0e42\u0e14\u0e22\u0e2d\u0e31\u0e15\u0e42\u0e19\u0e21\u0e31\u0e15\u0e34\u0e2b\u0e23\u0e37\u0e2d\u0e2a\u0e48\u0e07\u0e2a\u0e31\u0e0d\u0e0d\u0e32\u0e13\u0e40\u0e15\u0e37\u0e2d\u0e19\u0e40\u0e21\u0e37\u0e48\u0e2d\u0e27\u0e31\u0e2a\u0e14\u0e38\u0e02\u0e32\u0e14 \u0e41\u0e25\u0e30\u0e14\u0e33\u0e40\u0e19\u0e34\u0e19\u0e01\u0e32\u0e23\u0e22\u0e49\u0e2d\u0e19\u0e01\u0e25\u0e31\u0e1a\u0e2b\u0e21\u0e38\u0e14\u0e14\u0e36\u0e07\u0e43\u0e2b\u0e49\u0e40\u0e2a\u0e23\u0e47\u0e08\u0e2a\u0e34\u0e49\u0e19<\/li>\n<\/ul>\n<h2><strong>\u0e02\u0e49\u0e2d\u0e21\u0e39\u0e25\u0e08\u0e33\u0e40\u0e1e\u0e32\u0e30:<\/strong><\/h2>\n<table>\n<tbody>\n<tr>\n<td><strong>\u0e02\u0e19\u0e32\u0e14<\/strong><\/td>\n<td>440x350x420\u0e21\u0e21.<\/td>\n<\/tr>\n<tr>\n<td><strong>\u0e04\u0e27\u0e32\u0e21\u0e08\u0e38\u0e44\u0e0b\u0e42\u0e25<\/strong><\/td>\n<td>4000\u0e41\u0e04\u0e1b\u0e0b\u0e39\u0e25<\/td>\n<\/tr>\n<tr>\n<td><strong>\u0e01\u0e33\u0e25\u0e31\u0e07\u0e44\u0e1f\u0e17\u0e35\u0e48\u0e01\u0e33\u0e2b\u0e19\u0e14<\/strong><\/td>\n<td>350\u0e27\u0e31\u0e15\u0e15\u0e4c<\/td>\n<\/tr>\n<tr>\n<td><strong>\u0e19\u0e49\u0e33\u0e2b\u0e19\u0e31\u0e01\u0e2d\u0e38\u0e1b\u0e01\u0e23\u0e13\u0e4c<\/strong><\/td>\n<td>45\u0e01\u0e01.<\/td>\n<\/tr>\n<tr>\n<td><strong>\u0e04\u0e27\u0e32\u0e21\u0e40\u0e23\u0e47\u0e27\u0e43\u0e19\u0e01\u0e32\u0e23\u0e2d\u0e19\u0e38\u0e21\u0e31\u0e15\u0e34<\/strong><\/td>\n<td>1.2 ~ 1.5 \u0e27\u0e34\u0e19\u0e32\u0e17\u0e35\/\u0e40\u0e01\u0e23\u0e19<\/td>\n<\/tr>\n<tr>\n<td><strong>\u0e1b\u0e37\u0e19\u0e22\u0e34\u0e07\u0e15\u0e30\u0e1b\u0e39<\/strong><\/td>\n<td>\u0e40\u0e2d\u0e1f\u0e40\u0e2d\u0e47\u0e01\u0e0b\u0e4c-30<\/td>\n<\/tr>\n<tr>\n<td><strong>\u0e19\u0e49\u0e33\u0e2b\u0e19\u0e31\u0e01\u0e1b\u0e37\u0e19\u0e22\u0e34\u0e07\u0e15\u0e30\u0e1b\u0e39<\/strong><\/td>\n<td>1.2\u0e01\u0e01.<\/td>\n<\/tr>\n<tr>\n<td><strong>\u0e41\u0e23\u0e07\u0e01\u0e14\u0e14\u0e31\u0e19\u0e43\u0e19\u0e01\u0e32\u0e23\u0e17\u0e33\u0e07\u0e32\u0e19<\/strong><\/td>\n<td>6\u0e01\u0e01.<\/td>\n<\/tr>\n<tr>\n<td><strong>\u0e23\u0e30\u0e14\u0e31\u0e1a\u0e41\u0e23\u0e07\u0e14\u0e31\u0e19\u0e2d\u0e32\u0e01\u0e32\u0e28<\/strong><\/td>\n<td>8\u0e01\u0e01.<\/td>\n<\/tr>\n<tr>\n<td><strong>\u0e04\u0e27\u0e32\u0e21\u0e40\u0e23\u0e47\u0e27\u0e43\u0e19\u0e01\u0e32\u0e23\u0e22\u0e34\u0e07\u0e15\u0e30\u0e1b\u0e39<\/strong><\/td>\n<td>50 ~ 60 \u0e40\u0e01\u0e23\u0e19 \/ \u0e19\u0e32\u0e17\u0e35<\/td>\n<\/tr>\n<tr>\n<td><strong>\u0e02\u0e49\u0e2d\u0e21\u0e39\u0e25\u0e08\u0e33\u0e40\u0e1e\u0e32\u0e30\u0e01\u0e32\u0e23\u0e14\u0e36\u0e07\u0e2a\u0e15\u0e31\u0e4a\u0e14\u0e17\u0e35\u0e48\u0e43\u0e0a\u0e49\u0e44\u0e14\u0e49<\/strong><\/td>\n<td>4.0\u0e21\u0e21.<\/td>\n<\/tr>\n<tr>\n<td><strong>\u0e04\u0e27\u0e32\u0e21\u0e22\u0e32\u0e27\u0e02\u0e2d\u0e07\u0e17\u0e48\u0e2d\u0e27\u0e31\u0e2a\u0e14\u0e38<\/strong><\/td>\n<td>2000 ~ 3000\u0e21\u0e21.<\/td>\n<\/tr>\n<tr>\n<td><strong>\u0e04\u0e27\u0e32\u0e21\u0e22\u0e32\u0e27\u0e02\u0e2d\u0e07\u0e17\u0e48\u0e2d\u0e15\u0e30\u0e1b\u0e39<\/strong><\/td>\n<td>2000 ~ 3000\u0e21\u0e21.<\/td>\n<\/tr>\n<tr>\n<td><strong>\u0e41\u0e23\u0e07\u0e14\u0e31\u0e19\u0e44\u0e1f\u0e1f\u0e49\u0e32\u0e02\u0e32\u0e40\u0e02\u0e49\u0e32<\/strong><\/td>\n<td>220\u0e42\u0e27\u0e25\u0e15\u0e4c<\/td>\n<\/tr>\n<tr>\n<td><strong>\u0e41\u0e23\u0e07\u0e14\u0e31\u0e19\u0e44\u0e1f\u0e15\u0e48\u0e33<\/strong><\/td>\n<td>24\u0e42\u0e27\u0e25\u0e15\u0e4c<\/td>\n<\/tr>\n<\/tbody>\n<\/table>","protected":false},"excerpt":{"rendered":"<p>\u0e40\u0e04\u0e23\u0e37\u0e48\u0e2d\u0e07\u0e22\u0e34\u0e07\u0e23\u0e35\u0e40\u0e27\u0e17\u0e2d\u0e31\u0e15\u0e42\u0e19\u0e21\u0e31\u0e15\u0e34 \u0e40\u0e04\u0e23\u0e37\u0e48\u0e2d\u0e07\u0e22\u0e34\u0e07\u0e15\u0e30\u0e1b\u0e39\u0e2d\u0e31\u0e15\u0e42\u0e19\u0e21\u0e31\u0e15\u0e34 \u0e40\u0e1b\u0e47\u0e19\u0e40\u0e04\u0e23\u0e37\u0e48\u0e2d\u0e07\u0e21\u0e37\u0e2d\u0e17\u0e35\u0e48\u0e21\u0e35\u0e1b\u0e23\u0e30\u0e2a\u0e34\u0e17\u0e18\u0e34\u0e20\u0e32\u0e1e\u0e43\u0e19\u0e01\u0e32\u0e23\u0e40\u0e1e\u0e34\u0e48\u0e21\u0e04\u0e27\u0e32\u0e21\u0e23\u0e27\u0e14\u0e40\u0e23\u0e47\u0e27\u0e43\u0e19\u0e01\u0e32\u0e23\u0e15\u0e2d\u0e01\u0e15\u0e30\u0e1b\u0e39\u0e1a\u0e19\u0e44\u0e21\u0e49 \u0e42\u0e25\u0e2b\u0e30 \u0e2b\u0e23\u0e37\u0e2d\u0e27\u0e31\u0e2a\u0e14\u0e38\u0e2d\u0e37\u0e48\u0e19\u0e46 \u0e14\u0e49\u0e27\u0e22\u0e40\u0e17\u0e04\u0e42\u0e19\u0e42\u0e25\u0e22\u0e35\u0e2d\u0e31\u0e15\u0e42\u0e19\u0e21\u0e31\u0e15\u0e34\u0e02\u0e31\u0e49\u0e19\u0e2a\u0e39\u0e07 \u0e40\u0e04\u0e23\u0e37\u0e48\u0e2d\u0e07\u0e08\u0e31\u0e01\u0e23\u0e08\u0e36\u0e07\u0e23\u0e31\u0e1a\u0e1b\u0e23\u0e30\u0e01\u0e31\u0e19\u0e04\u0e27\u0e32\u0e21\u0e41\u0e21\u0e48\u0e19\u0e22\u0e33\u0e2a\u0e39\u0e07 \u0e25\u0e14\u0e40\u0e27\u0e25\u0e32\u0e41\u0e25\u0e30\u0e41\u0e23\u0e07\u0e07\u0e32\u0e19 \u0e40\u0e2b\u0e21\u0e32\u0e30\u0e2a\u0e33\u0e2b\u0e23\u0e31\u0e1a\u0e07\u0e32\u0e19\u0e01\u0e48\u0e2d\u0e2a\u0e23\u0e49\u0e32\u0e07,\u0e15\u0e01\u0e41\u0e15\u0e48\u0e07\u0e20\u0e32\u0e22\u0e43\u0e19\u0e41\u0e25\u0e30\u0e2d\u0e38\u0e15\u0e2a\u0e32\u0e2b\u0e01\u0e23\u0e23\u0e21\u0e42\u0e14\u0e22\u0e40\u0e09\u0e1e\u0e32\u0e30<\/p>","protected":false},"featured_media":1784,"comment_status":"open","ping_status":"closed","template":"","meta":[],"product_brand":[],"product_cat":[46],"product_tag":[48,47,49],"class_list":{"0":"post-1783","1":"product","2":"type-product","3":"status-publish","4":"has-post-thumbnail","6":"product_cat-may-tan-dinh-tu-dong","7":"product_tag-may-ban-dinh-tu-dong","8":"product_tag-may-dong-dinh-tu-dong","9":"product_tag-may-tan-dinh-tu-dong","11":"first","12":"instock","13":"shipping-taxable","14":"product-type-simple"},"yoast_head":"<!-- This site is optimized with the Yoast SEO plugin v26.0 - https:\/\/yoast.com\/wordpress\/plugins\/seo\/ -->\n<title>M\u00e1y t\u00e1n \u0111inh t\u1ef1 \u0111\u1ed9ng | M\u00e1y \u0111\u00f3ng \u0111inh t\u1ef1 \u0111\u1ed9ng<\/title>\n<meta name=\"description\" content=\"M\u00e1y \u0111\u00f3ng \u0111inh t\u1ef1 \u0111\u1ed9ng nhanh ch\u00f3ng, ch\u00ednh x\u00e1c - T\u1ed1i \u01b0u hi\u1ec7u su\u1ea5t c\u00f4ng vi\u1ec7c x\u00e2y d\u1ef1ng v\u00e0 gia c\u00f4ng. T\u00ecm hi\u1ec3u chi ti\u1ebft t\u1ea1i!\" \/>\n<meta name=\"robots\" content=\"index, follow, max-snippet:-1, max-image-preview:large, max-video-preview:-1\" \/>\n<link rel=\"canonical\" href=\"https:\/\/swoer.vn\/th\/manufacturer\/may-tan-dinh-tu-dong-may-dong-dinh-tu-dong\/\" \/>\n<meta property=\"og:locale\" content=\"th_TH\" \/>\n<meta property=\"og:type\" content=\"article\" \/>\n<meta property=\"og:title\" content=\"M\u00e1y t\u00e1n \u0111inh t\u1ef1 \u0111\u1ed9ng | M\u00e1y \u0111\u00f3ng \u0111inh t\u1ef1 \u0111\u1ed9ng\" \/>\n<meta property=\"og:description\" content=\"M\u00e1y \u0111\u00f3ng \u0111inh t\u1ef1 \u0111\u1ed9ng nhanh ch\u00f3ng, ch\u00ednh x\u00e1c - T\u1ed1i \u01b0u hi\u1ec7u su\u1ea5t c\u00f4ng vi\u1ec7c x\u00e2y d\u1ef1ng v\u00e0 gia c\u00f4ng. T\u00ecm hi\u1ec3u chi ti\u1ebft t\u1ea1i!\" \/>\n<meta property=\"og:url\" content=\"https:\/\/swoer.vn\/th\/manufacturer\/may-tan-dinh-tu-dong-may-dong-dinh-tu-dong\/\" \/>\n<meta property=\"og:site_name\" content=\"Nh\u00e0 s\u1ea3n xu\u1ea5t m\u00e1y c\u1ea5p li\u1ec7u c\u00f4ng nghi\u1ec7p\" \/>\n<meta property=\"article:modified_time\" content=\"2025-02-25T05:56:39+00:00\" \/>\n<meta property=\"og:image\" content=\"https:\/\/swoer.vn\/wp-content\/uploads\/2025\/02\/May-dong-dinh-tu-dong.webp\" \/>\n\t<meta property=\"og:image:width\" content=\"1000\" \/>\n\t<meta property=\"og:image:height\" content=\"1000\" \/>\n\t<meta property=\"og:image:type\" content=\"image\/webp\" \/>\n<meta name=\"twitter:card\" content=\"summary_large_image\" \/>\n<meta name=\"twitter:label1\" content=\"Est. reading time\" \/>\n\t<meta name=\"twitter:data1\" content=\"3 \u0e19\u0e32\u0e17\u0e35\" \/>\n<script type=\"application\/ld+json\" class=\"yoast-schema-graph\">{\"@context\":\"https:\/\/schema.org\",\"@graph\":[{\"@type\":\"WebPage\",\"@id\":\"https:\/\/swoer.vn\/manufacturer\/may-tan-dinh-tu-dong-may-dong-dinh-tu-dong\/\",\"url\":\"https:\/\/swoer.vn\/manufacturer\/may-tan-dinh-tu-dong-may-dong-dinh-tu-dong\/\",\"name\":\"M\u00e1y t\u00e1n \u0111inh t\u1ef1 \u0111\u1ed9ng | M\u00e1y \u0111\u00f3ng \u0111inh t\u1ef1 \u0111\u1ed9ng\",\"isPartOf\":{\"@id\":\"https:\/\/swoer.vn\/#website\"},\"primaryImageOfPage\":{\"@id\":\"https:\/\/swoer.vn\/manufacturer\/may-tan-dinh-tu-dong-may-dong-dinh-tu-dong\/#primaryimage\"},\"image\":{\"@id\":\"https:\/\/swoer.vn\/manufacturer\/may-tan-dinh-tu-dong-may-dong-dinh-tu-dong\/#primaryimage\"},\"thumbnailUrl\":\"https:\/\/swoer.vn\/wp-content\/uploads\/2025\/02\/May-dong-dinh-tu-dong.webp\",\"datePublished\":\"2025-02-24T08:33:54+00:00\",\"dateModified\":\"2025-02-25T05:56:39+00:00\",\"description\":\"M\u00e1y \u0111\u00f3ng \u0111inh t\u1ef1 \u0111\u1ed9ng nhanh ch\u00f3ng, ch\u00ednh x\u00e1c - T\u1ed1i \u01b0u hi\u1ec7u su\u1ea5t c\u00f4ng vi\u1ec7c x\u00e2y d\u1ef1ng v\u00e0 gia c\u00f4ng. T\u00ecm hi\u1ec3u chi ti\u1ebft t\u1ea1i!\",\"breadcrumb\":{\"@id\":\"https:\/\/swoer.vn\/manufacturer\/may-tan-dinh-tu-dong-may-dong-dinh-tu-dong\/#breadcrumb\"},\"inLanguage\":\"th\",\"potentialAction\":[{\"@type\":\"ReadAction\",\"target\":[\"https:\/\/swoer.vn\/manufacturer\/may-tan-dinh-tu-dong-may-dong-dinh-tu-dong\/\"]}]},{\"@type\":\"ImageObject\",\"inLanguage\":\"th\",\"@id\":\"https:\/\/swoer.vn\/manufacturer\/may-tan-dinh-tu-dong-may-dong-dinh-tu-dong\/#primaryimage\",\"url\":\"https:\/\/swoer.vn\/wp-content\/uploads\/2025\/02\/May-dong-dinh-tu-dong.webp\",\"contentUrl\":\"https:\/\/swoer.vn\/wp-content\/uploads\/2025\/02\/May-dong-dinh-tu-dong.webp\",\"width\":1000,\"height\":1000,\"caption\":\"M\u00e1y \u0111\u00f3ng \u0111inh t\u1ef1 \u0111\u1ed9ng\"},{\"@type\":\"BreadcrumbList\",\"@id\":\"https:\/\/swoer.vn\/manufacturer\/may-tan-dinh-tu-dong-may-dong-dinh-tu-dong\/#breadcrumb\",\"itemListElement\":[{\"@type\":\"ListItem\",\"position\":1,\"name\":\"Home\",\"item\":\"https:\/\/swoer.vn\/\"},{\"@type\":\"ListItem\",\"position\":2,\"name\":\"S\u1ea3n ph\u1ea9m\",\"item\":\"https:\/\/swoer.vn\/shop\/\"},{\"@type\":\"ListItem\",\"position\":3,\"name\":\"M\u00e1y t\u00e1n \u0111inh t\u1ef1 \u0111\u1ed9ng | M\u00e1y \u0111\u00f3ng \u0111inh t\u1ef1 \u0111\u1ed9ng\"}]},{\"@type\":\"WebSite\",\"@id\":\"https:\/\/swoer.vn\/#website\",\"url\":\"https:\/\/swoer.vn\/\",\"name\":\"Nh\u00e0 s\u1ea3n xu\u1ea5t m\u00e1y c\u1ea5p li\u1ec7u c\u00f4ng nghi\u1ec7p\",\"description\":\"Nh\u00e0 cung c\u1ea5p robot, m\u00e1y c\u1ea5p li\u1ec7u linh ho\u1ea1t, m\u00e1y c\u1ea5p li\u1ec7u ly t\u00e2m, m\u00e1y c\u1ea5p li\u1ec7u rung t\u1ef1 \u0111\u1ed9ng\",\"potentialAction\":[{\"@type\":\"SearchAction\",\"target\":{\"@type\":\"EntryPoint\",\"urlTemplate\":\"https:\/\/swoer.vn\/?s={search_term_string}\"},\"query-input\":{\"@type\":\"PropertyValueSpecification\",\"valueRequired\":true,\"valueName\":\"search_term_string\"}}],\"inLanguage\":\"th\"}]}<\/script>\n<!-- \/ Yoast SEO plugin. -->","yoast_head_json":{"title":"\u0e40\u0e04\u0e23\u0e37\u0e48\u0e2d\u0e07\u0e23\u0e35\u0e40\u0e27\u0e17\u0e2d\u0e31\u0e15\u0e42\u0e19\u0e21\u0e31\u0e15\u0e34 | \u0e40\u0e04\u0e23\u0e37\u0e48\u0e2d\u0e07\u0e15\u0e2d\u0e01\u0e15\u0e30\u0e1b\u0e39\u0e2d\u0e31\u0e15\u0e42\u0e19\u0e21\u0e31\u0e15\u0e34","description":"\u0e40\u0e04\u0e23\u0e37\u0e48\u0e2d\u0e07\u0e15\u0e2d\u0e01\u0e15\u0e30\u0e1b\u0e39\u0e2d\u0e31\u0e15\u0e42\u0e19\u0e21\u0e31\u0e15\u0e34\u0e17\u0e35\u0e48\u0e23\u0e27\u0e14\u0e40\u0e23\u0e47\u0e27\u0e41\u0e25\u0e30\u0e41\u0e21\u0e48\u0e19\u0e22\u0e33 - \u0e0a\u0e48\u0e27\u0e22\u0e40\u0e1e\u0e34\u0e48\u0e21\u0e1b\u0e23\u0e30\u0e2a\u0e34\u0e17\u0e18\u0e34\u0e20\u0e32\u0e1e\u0e07\u0e32\u0e19\u0e01\u0e48\u0e2d\u0e2a\u0e23\u0e49\u0e32\u0e07\u0e41\u0e25\u0e30\u0e01\u0e32\u0e23\u0e1b\u0e23\u0e30\u0e21\u0e27\u0e25\u0e1c\u0e25 \u0e04\u0e49\u0e19\u0e2b\u0e32\u0e02\u0e49\u0e2d\u0e21\u0e39\u0e25\u0e40\u0e1e\u0e34\u0e48\u0e21\u0e40\u0e15\u0e34\u0e21\u0e44\u0e14\u0e49\u0e17\u0e35\u0e48!","robots":{"index":"index","follow":"follow","max-snippet":"max-snippet:-1","max-image-preview":"max-image-preview:large","max-video-preview":"max-video-preview:-1"},"canonical":"https:\/\/swoer.vn\/th\/manufacturer\/may-tan-dinh-tu-dong-may-dong-dinh-tu-dong\/","og_locale":"th_TH","og_type":"article","og_title":"M\u00e1y t\u00e1n \u0111inh t\u1ef1 \u0111\u1ed9ng | M\u00e1y \u0111\u00f3ng \u0111inh t\u1ef1 \u0111\u1ed9ng","og_description":"M\u00e1y \u0111\u00f3ng \u0111inh t\u1ef1 \u0111\u1ed9ng nhanh ch\u00f3ng, ch\u00ednh x\u00e1c - T\u1ed1i \u01b0u hi\u1ec7u su\u1ea5t c\u00f4ng vi\u1ec7c x\u00e2y d\u1ef1ng v\u00e0 gia c\u00f4ng. T\u00ecm hi\u1ec3u chi ti\u1ebft t\u1ea1i!","og_url":"https:\/\/swoer.vn\/th\/manufacturer\/may-tan-dinh-tu-dong-may-dong-dinh-tu-dong\/","og_site_name":"Nh\u00e0 s\u1ea3n xu\u1ea5t m\u00e1y c\u1ea5p li\u1ec7u c\u00f4ng nghi\u1ec7p","article_modified_time":"2025-02-25T05:56:39+00:00","og_image":[{"width":1000,"height":1000,"url":"https:\/\/swoer.vn\/wp-content\/uploads\/2025\/02\/May-dong-dinh-tu-dong.webp","type":"image\/webp"}],"twitter_card":"summary_large_image","twitter_misc":{"Est. reading time":"3 \u0e19\u0e32\u0e17\u0e35"},"schema":{"@context":"https:\/\/schema.org","@graph":[{"@type":"WebPage","@id":"https:\/\/swoer.vn\/manufacturer\/may-tan-dinh-tu-dong-may-dong-dinh-tu-dong\/","url":"https:\/\/swoer.vn\/manufacturer\/may-tan-dinh-tu-dong-may-dong-dinh-tu-dong\/","name":"\u0e40\u0e04\u0e23\u0e37\u0e48\u0e2d\u0e07\u0e23\u0e35\u0e40\u0e27\u0e17\u0e2d\u0e31\u0e15\u0e42\u0e19\u0e21\u0e31\u0e15\u0e34 | \u0e40\u0e04\u0e23\u0e37\u0e48\u0e2d\u0e07\u0e15\u0e2d\u0e01\u0e15\u0e30\u0e1b\u0e39\u0e2d\u0e31\u0e15\u0e42\u0e19\u0e21\u0e31\u0e15\u0e34","isPartOf":{"@id":"https:\/\/swoer.vn\/#website"},"primaryImageOfPage":{"@id":"https:\/\/swoer.vn\/manufacturer\/may-tan-dinh-tu-dong-may-dong-dinh-tu-dong\/#primaryimage"},"image":{"@id":"https:\/\/swoer.vn\/manufacturer\/may-tan-dinh-tu-dong-may-dong-dinh-tu-dong\/#primaryimage"},"thumbnailUrl":"https:\/\/swoer.vn\/wp-content\/uploads\/2025\/02\/May-dong-dinh-tu-dong.webp","datePublished":"2025-02-24T08:33:54+00:00","dateModified":"2025-02-25T05:56:39+00:00","description":"\u0e40\u0e04\u0e23\u0e37\u0e48\u0e2d\u0e07\u0e15\u0e2d\u0e01\u0e15\u0e30\u0e1b\u0e39\u0e2d\u0e31\u0e15\u0e42\u0e19\u0e21\u0e31\u0e15\u0e34\u0e17\u0e35\u0e48\u0e23\u0e27\u0e14\u0e40\u0e23\u0e47\u0e27\u0e41\u0e25\u0e30\u0e41\u0e21\u0e48\u0e19\u0e22\u0e33 - \u0e0a\u0e48\u0e27\u0e22\u0e40\u0e1e\u0e34\u0e48\u0e21\u0e1b\u0e23\u0e30\u0e2a\u0e34\u0e17\u0e18\u0e34\u0e20\u0e32\u0e1e\u0e07\u0e32\u0e19\u0e01\u0e48\u0e2d\u0e2a\u0e23\u0e49\u0e32\u0e07\u0e41\u0e25\u0e30\u0e01\u0e32\u0e23\u0e1b\u0e23\u0e30\u0e21\u0e27\u0e25\u0e1c\u0e25 \u0e04\u0e49\u0e19\u0e2b\u0e32\u0e02\u0e49\u0e2d\u0e21\u0e39\u0e25\u0e40\u0e1e\u0e34\u0e48\u0e21\u0e40\u0e15\u0e34\u0e21\u0e44\u0e14\u0e49\u0e17\u0e35\u0e48!","breadcrumb":{"@id":"https:\/\/swoer.vn\/manufacturer\/may-tan-dinh-tu-dong-may-dong-dinh-tu-dong\/#breadcrumb"},"inLanguage":"th","potentialAction":[{"@type":"ReadAction","target":["https:\/\/swoer.vn\/manufacturer\/may-tan-dinh-tu-dong-may-dong-dinh-tu-dong\/"]}]},{"@type":"ImageObject","inLanguage":"th","@id":"https:\/\/swoer.vn\/manufacturer\/may-tan-dinh-tu-dong-may-dong-dinh-tu-dong\/#primaryimage","url":"https:\/\/swoer.vn\/wp-content\/uploads\/2025\/02\/May-dong-dinh-tu-dong.webp","contentUrl":"https:\/\/swoer.vn\/wp-content\/uploads\/2025\/02\/May-dong-dinh-tu-dong.webp","width":1000,"height":1000,"caption":"M\u00e1y \u0111\u00f3ng \u0111inh t\u1ef1 \u0111\u1ed9ng"},{"@type":"BreadcrumbList","@id":"https:\/\/swoer.vn\/manufacturer\/may-tan-dinh-tu-dong-may-dong-dinh-tu-dong\/#breadcrumb","itemListElement":[{"@type":"ListItem","position":1,"name":"Home","item":"https:\/\/swoer.vn\/"},{"@type":"ListItem","position":2,"name":"S\u1ea3n ph\u1ea9m","item":"https:\/\/swoer.vn\/shop\/"},{"@type":"ListItem","position":3,"name":"M\u00e1y t\u00e1n \u0111inh t\u1ef1 \u0111\u1ed9ng | M\u00e1y \u0111\u00f3ng \u0111inh t\u1ef1 \u0111\u1ed9ng"}]},{"@type":"WebSite","@id":"https:\/\/swoer.vn\/#website","url":"https:\/\/swoer.vn\/","name":"\u0e1c\u0e39\u0e49\u0e1c\u0e25\u0e34\u0e15\u0e40\u0e04\u0e23\u0e37\u0e48\u0e2d\u0e07\u0e1b\u0e49\u0e2d\u0e19\u0e2d\u0e32\u0e2b\u0e32\u0e23\u0e2d\u0e38\u0e15\u0e2a\u0e32\u0e2b\u0e01\u0e23\u0e23\u0e21","description":"\u0e08\u0e33\u0e2b\u0e19\u0e48\u0e32\u0e22\u0e2b\u0e38\u0e48\u0e19\u0e22\u0e19\u0e15\u0e4c \u0e40\u0e04\u0e23\u0e37\u0e48\u0e2d\u0e07\u0e1b\u0e49\u0e2d\u0e19\u0e41\u0e1a\u0e1a\u0e22\u0e37\u0e14\u0e2b\u0e22\u0e38\u0e48\u0e19 \u0e40\u0e04\u0e23\u0e37\u0e48\u0e2d\u0e07\u0e1b\u0e49\u0e2d\u0e19\u0e41\u0e1a\u0e1a\u0e41\u0e23\u0e07\u0e40\u0e2b\u0e27\u0e35\u0e48\u0e22\u0e07 \u0e40\u0e04\u0e23\u0e37\u0e48\u0e2d\u0e07\u0e1b\u0e49\u0e2d\u0e19\u0e41\u0e1a\u0e1a\u0e2a\u0e31\u0e48\u0e19\u0e2d\u0e31\u0e15\u0e42\u0e19\u0e21\u0e31\u0e15\u0e34","potentialAction":[{"@type":"SearchAction","target":{"@type":"EntryPoint","urlTemplate":"https:\/\/swoer.vn\/?s={search_term_string}"},"query-input":{"@type":"PropertyValueSpecification","valueRequired":true,"valueName":"search_term_string"}}],"inLanguage":"th"}]}},"_links":{"self":[{"href":"https:\/\/swoer.vn\/th\/wp-json\/wp\/v2\/product\/1783","targetHints":{"allow":["GET"]}}],"collection":[{"href":"https:\/\/swoer.vn\/th\/wp-json\/wp\/v2\/product"}],"about":[{"href":"https:\/\/swoer.vn\/th\/wp-json\/wp\/v2\/types\/product"}],"replies":[{"embeddable":true,"href":"https:\/\/swoer.vn\/th\/wp-json\/wp\/v2\/comments?post=1783"}],"wp:featuredmedia":[{"embeddable":true,"href":"https:\/\/swoer.vn\/th\/wp-json\/wp\/v2\/media\/1784"}],"wp:attachment":[{"href":"https:\/\/swoer.vn\/th\/wp-json\/wp\/v2\/media?parent=1783"}],"wp:term":[{"taxonomy":"product_brand","embeddable":true,"href":"https:\/\/swoer.vn\/th\/wp-json\/wp\/v2\/product_brand?post=1783"},{"taxonomy":"product_cat","embeddable":true,"href":"https:\/\/swoer.vn\/th\/wp-json\/wp\/v2\/product_cat?post=1783"},{"taxonomy":"product_tag","embeddable":true,"href":"https:\/\/swoer.vn\/th\/wp-json\/wp\/v2\/product_tag?post=1783"}],"curies":[{"name":"wp","href":"https:\/\/api.w.org\/{rel}","templated":true}]}}