{"id":1765,"date":"2025-02-24T13:20:16","date_gmt":"2025-02-24T06:20:16","guid":{"rendered":"https:\/\/swoer.vn\/?post_type=product&#038;p=1765"},"modified":"2025-02-24T14:50:48","modified_gmt":"2025-02-24T07:50:48","slug":"bo-cap-phoi-tu-dong-bang-tai-thang-may-pheu","status":"publish","type":"product","link":"https:\/\/swoer.vn\/th\/manufacturer\/bo-cap-phoi-tu-dong-bang-tai-thang-may-pheu\/","title":{"rendered":"\u0e2a\u0e32\u0e22\u0e1e\u0e32\u0e19\u0e25\u0e33\u0e40\u0e25\u0e35\u0e22\u0e07\u0e41\u0e1a\u0e1a\u0e25\u0e34\u0e1f\u0e15\u0e4c\u0e2e\u0e2d\u0e1b\u0e40\u0e1b\u0e2d\u0e23\u0e4c\u0e1b\u0e49\u0e2d\u0e19\u0e2d\u0e32\u0e2b\u0e32\u0e23\u0e2d\u0e31\u0e15\u0e42\u0e19\u0e21\u0e31\u0e15\u0e34"},"content":{"rendered":"<p>\u0e2a\u0e31\u0e21\u0e1c\u0e31\u0e2a\u0e01\u0e31\u0e1a\u0e1b\u0e23\u0e30\u0e2a\u0e34\u0e17\u0e18\u0e34\u0e20\u0e32\u0e1e\u0e43\u0e19\u0e01\u0e32\u0e23\u0e08\u0e31\u0e14\u0e01\u0e32\u0e23\u0e27\u0e31\u0e2a\u0e14\u0e38\u0e17\u0e35\u0e48\u0e23\u0e32\u0e1a\u0e23\u0e37\u0e48\u0e19\u0e14\u0e49\u0e27\u0e22\u0e42\u0e0b\u0e25\u0e39\u0e0a\u0e31\u0e19\u0e23\u0e30\u0e1a\u0e1a\u0e2d\u0e31\u0e15\u0e42\u0e19\u0e21\u0e31\u0e15\u0e34\u0e2a\u0e32\u0e22\u0e1e\u0e32\u0e19\u0e25\u0e33\u0e40\u0e25\u0e35\u0e22\u0e07\u0e22\u0e01\u0e41\u0e1a\u0e1a\u0e2e\u0e2d\u0e1b\u0e40\u0e1b\u0e2d\u0e23\u0e4c\u0e02\u0e31\u0e49\u0e19\u0e2a\u0e39\u0e07\u0e02\u0e2d\u0e07\u0e40\u0e23\u0e32 \u0e2d\u0e2d\u0e01\u0e41\u0e1a\u0e1a\u0e21\u0e32\u0e40\u0e1e\u0e37\u0e48\u0e2d\u0e04\u0e27\u0e32\u0e21\u0e19\u0e48\u0e32\u0e40\u0e0a\u0e37\u0e48\u0e2d\u0e16\u0e37\u0e2d\u0e41\u0e25\u0e30\u0e04\u0e27\u0e32\u0e21\u0e41\u0e21\u0e48\u0e19\u0e22\u0e33 \u0e23\u0e30\u0e1a\u0e1a\u0e02\u0e2d\u0e07\u0e40\u0e23\u0e32\u0e0a\u0e48\u0e27\u0e22\u0e40\u0e1e\u0e34\u0e48\u0e21\u0e1b\u0e23\u0e30\u0e2a\u0e34\u0e17\u0e18\u0e34\u0e20\u0e32\u0e1e\u0e40\u0e27\u0e34\u0e23\u0e4c\u0e01\u0e42\u0e1f\u0e25\u0e27\u0e4c\u0e14\u0e49\u0e27\u0e22\u0e01\u0e32\u0e23\u0e16\u0e48\u0e32\u0e22\u0e42\u0e2d\u0e19\u0e27\u0e31\u0e2a\u0e14\u0e38\u0e23\u0e30\u0e2b\u0e27\u0e48\u0e32\u0e07\u0e02\u0e31\u0e49\u0e19\u0e15\u0e2d\u0e19\u0e01\u0e32\u0e23\u0e1c\u0e25\u0e34\u0e15\u0e17\u0e35\u0e48\u0e41\u0e15\u0e01\u0e15\u0e48\u0e32\u0e07\u0e01\u0e31\u0e19\u0e44\u0e14\u0e49\u0e2d\u0e22\u0e48\u0e32\u0e07\u0e23\u0e32\u0e1a\u0e23\u0e37\u0e48\u0e19 \u0e23\u0e30\u0e1a\u0e1a\u0e44\u0e14\u0e49\u0e23\u0e31\u0e1a\u0e01\u0e32\u0e23\u0e2d\u0e2d\u0e01\u0e41\u0e1a\u0e1a\u0e14\u0e49\u0e27\u0e22\u0e40\u0e17\u0e04\u0e42\u0e19\u0e42\u0e25\u0e22\u0e35\u0e25\u0e21\u0e02\u0e31\u0e49\u0e19\u0e2a\u0e39\u0e07 \u0e0a\u0e48\u0e27\u0e22\u0e43\u0e2b\u0e49\u0e40\u0e04\u0e25\u0e37\u0e48\u0e2d\u0e19\u0e44\u0e2b\u0e27\u0e43\u0e19\u0e41\u0e19\u0e27\u0e15\u0e31\u0e49\u0e07\u0e44\u0e14\u0e49\u0e2d\u0e22\u0e48\u0e32\u0e07\u0e23\u0e32\u0e1a\u0e23\u0e37\u0e48\u0e19\u0e41\u0e25\u0e30\u0e21\u0e35\u0e1b\u0e23\u0e30\u0e2a\u0e34\u0e17\u0e18\u0e34\u0e20\u0e32\u0e1e \u0e0a\u0e48\u0e27\u0e22\u0e40\u0e1e\u0e34\u0e48\u0e21\u0e1b\u0e23\u0e30\u0e2a\u0e34\u0e17\u0e18\u0e34\u0e20\u0e32\u0e1e\u0e01\u0e32\u0e23\u0e1c\u0e25\u0e34\u0e15\u0e41\u0e25\u0e30\u0e25\u0e14\u0e40\u0e27\u0e25\u0e32\u0e2b\u0e22\u0e38\u0e14\u0e17\u0e33\u0e07\u0e32\u0e19\u0e43\u0e2b\u0e49\u0e19\u0e49\u0e2d\u0e22\u0e17\u0e35\u0e48\u0e2a\u0e38\u0e14 \u0e40\u0e0a\u0e37\u0e48\u0e2d\u0e43\u0e08\u0e43\u0e19\u0e04\u0e27\u0e32\u0e21\u0e40\u0e0a\u0e35\u0e48\u0e22\u0e27\u0e0a\u0e32\u0e0d\u0e02\u0e2d\u0e07\u0e40\u0e23\u0e32\u0e40\u0e1e\u0e37\u0e48\u0e2d\u0e1b\u0e23\u0e31\u0e1a\u0e1b\u0e23\u0e38\u0e07\u0e01\u0e32\u0e23\u0e14\u0e33\u0e40\u0e19\u0e34\u0e19\u0e07\u0e32\u0e19\u0e02\u0e2d\u0e07\u0e04\u0e38\u0e13\u0e41\u0e25\u0e30\u0e40\u0e1e\u0e34\u0e48\u0e21\u0e02\u0e35\u0e14\u0e04\u0e27\u0e32\u0e21\u0e2a\u0e32\u0e21\u0e32\u0e23\u0e16\u0e43\u0e19\u0e01\u0e32\u0e23\u0e1c\u0e25\u0e34\u0e15\u0e02\u0e2d\u0e07\u0e04\u0e38\u0e13<\/p>\n\t<div id=\"gap-885461888\" class=\"gap-element clearfix\" style=\"display:block; height:auto;\">\n\t\t\n<style>\n#gap-885461888 {\n  padding-top: 30px;\n}\n<\/style>\n\t<\/div>\n\t\n<h2><strong>\u0e02\u0e49\u0e2d\u0e21\u0e39\u0e25\u0e2a\u0e34\u0e19\u0e04\u0e49\u0e32 :<\/strong><\/h2>\n<table style=\"border-collapse: collapse; width: 735.77pt;\" border=\"0\" width=\"981\" cellspacing=\"0\" cellpadding=\"0\">\n<tbody>\n<tr style=\"height: 23.25pt;\">\n<td class=\"et2\" style=\"height: 23.25pt; width: 220.65pt;\" width=\"294\" height=\"31\">\u0e0a\u0e37\u0e48\u0e2d\u0e2a\u0e34\u0e19\u0e04\u0e49\u0e32<\/td>\n<td class=\"et3\" style=\"width: 515.30pt;\" width=\"687\">\u0e2a\u0e32\u0e22\u0e1e\u0e32\u0e19\u0e25\u0e33\u0e40\u0e25\u0e35\u0e22\u0e07\u0e41\u0e1a\u0e1a\u0e25\u0e34\u0e1f\u0e15\u0e4c\u0e2e\u0e2d\u0e1b\u0e40\u0e1b\u0e2d\u0e23\u0e4c\u0e1b\u0e49\u0e2d\u0e19\u0e2d\u0e32\u0e2b\u0e32\u0e23\u0e2d\u0e31\u0e15\u0e42\u0e19\u0e21\u0e31\u0e15\u0e34<\/td>\n<\/tr>\n<tr style=\"height: 23.25pt;\">\n<td class=\"et4\" style=\"height: 23.25pt; width: 220.65pt;\" width=\"294\" height=\"31\">\u0e0a\u0e37\u0e48\u0e2d\u0e22\u0e35\u0e48\u0e2b\u0e49\u0e2d<\/td>\n<td class=\"et3\" style=\"width: 515.30pt;\" width=\"687\">\u0e2a\u0e27\u0e2d\u0e40\u0e2d\u0e2d\u0e23\u0e4c<\/td>\n<\/tr>\n<tr style=\"height: 46.50pt;\">\n<td class=\"et4\" style=\"height: 46.50pt; width: 220.65pt;\" width=\"294\" height=\"62\">\u0e02\u0e19\u0e32\u0e14 (\u0e22\u0e32\u0e27*\u0e01\u0e27\u0e49\u0e32\u0e07*\u0e2a\u0e39\u0e07)<\/td>\n<td class=\"et3\" style=\"width: 515.30pt;\" width=\"687\">2200*1000*1500\u0e21\u0e21.<\/td>\n<\/tr>\n<tr style=\"height: 23.25pt;\">\n<td class=\"et2\" style=\"height: 23.25pt; width: 220.65pt;\" width=\"294\" height=\"31\">\u0e19\u0e49\u0e33\u0e2b\u0e19\u0e31\u0e01<\/td>\n<td class=\"et3\" style=\"width: 515.30pt;\" width=\"687\">120\u0e01\u0e01.<\/td>\n<\/tr>\n<tr style=\"height: 23.25pt;\">\n<td class=\"et2\" style=\"height: 23.25pt; width: 220.65pt;\" width=\"294\" height=\"31\">\u0e2a\u0e35<\/td>\n<td class=\"et2\" style=\"width: 515.30pt;\" width=\"687\">\u0e15\u0e32\u0e21\u0e04\u0e27\u0e32\u0e21\u0e15\u0e49\u0e2d\u0e07\u0e01\u0e32\u0e23\u0e02\u0e2d\u0e07\u0e25\u0e39\u0e01\u0e04\u0e49\u0e32<\/td>\n<\/tr>\n<tr style=\"height: 23.25pt;\">\n<td class=\"et2\" style=\"height: 23.25pt; width: 220.65pt;\" width=\"294\" height=\"31\"><span class=\"font3\">\u0e04\u0e27\u0e32\u0e21\u0e08\u0e38(<\/span><span class=\"font1\">\u0e44\u0e17\u0e22<\/span><span class=\"font3\">-<\/span><\/td>\n<td class=\"et3\" style=\"width: 515.30pt;\" width=\"687\">0.1-6 \u0e15\u0e31\u0e19\/\u0e0a\u0e21.<\/td>\n<\/tr>\n<tr style=\"height: 23.25pt;\">\n<td class=\"et2\" style=\"height: 23.25pt; width: 220.65pt;\" width=\"294\" height=\"31\">\u0e41\u0e23\u0e07\u0e14\u0e31\u0e19\u0e44\u0e1f\u0e1f\u0e49\u0e32<\/td>\n<td class=\"et3\" style=\"width: 515.30pt;\" width=\"687\">85-260\u0e42\u0e27\u0e25\u0e15\u0e4c<\/td>\n<\/tr>\n<tr style=\"height: 23.25pt;\">\n<td class=\"et2\" style=\"height: 23.25pt; width: 220.65pt;\" width=\"294\" height=\"31\">\u0e04\u0e27\u0e32\u0e21\u0e16\u0e35\u0e48\u0e02\u0e2d\u0e07\u0e2d\u0e38\u0e1b\u0e01\u0e23\u0e13\u0e4c<\/td>\n<td class=\"et3\" style=\"width: 515.30pt;\" width=\"687\">40-400\u0e40\u0e2e\u0e34\u0e23\u0e15\u0e0b\u0e4c<\/td>\n<\/tr>\n<tr style=\"height: 23.25pt;\">\n<td class=\"et2\" style=\"height: 23.25pt; width: 220.65pt;\" width=\"294\" height=\"31\">\u0e23\u0e31\u0e1a\u0e1b\u0e23\u0e30\u0e01\u0e31\u0e19<\/td>\n<td class=\"et2\" style=\"width: 515.30pt;\" width=\"687\">\u0e2b\u0e19\u0e36\u0e48\u0e07\u0e1b\u0e35<\/td>\n<\/tr>\n<tr style=\"height: 39.00pt;\">\n<td class=\"et2\" style=\"height: 39.00pt; width: 220.65pt;\" width=\"294\" height=\"52\">\u0e1b\u0e23\u0e34\u0e21\u0e32\u0e13\u0e01\u0e32\u0e23\u0e2a\u0e31\u0e48\u0e07\u0e0b\u0e37\u0e49\u0e2d\u0e02\u0e31\u0e49\u0e19\u0e15\u0e48\u0e33<\/td>\n<td class=\"et2\" style=\"width: 515.30pt;\" width=\"687\">1 \u0e0a\u0e38\u0e14<\/td>\n<\/tr>\n<tr style=\"height: 23.25pt;\">\n<td class=\"et2\" style=\"height: 23.25pt; width: 220.65pt;\" width=\"294\" height=\"31\">\u0e23\u0e30\u0e22\u0e30\u0e40\u0e27\u0e25\u0e32\u0e43\u0e19\u0e01\u0e32\u0e23\u0e08\u0e31\u0e14\u0e2a\u0e48\u0e07<\/td>\n<td class=\"et2\" style=\"width: 515.30pt;\" width=\"687\">7-10 \u0e27\u0e31\u0e19<\/td>\n<\/tr>\n<tr style=\"height: 23.25pt;\">\n<td class=\"et2\" style=\"height: 23.25pt; width: 220.65pt;\" width=\"294\" height=\"31\">7-10 \u0e27\u0e31\u0e19<\/td>\n<td class=\"et2\" style=\"width: 515.30pt;\" width=\"687\">\u0e01\u0e25\u0e48\u0e2d\u0e07\u0e44\u0e21\u0e49<\/td>\n<\/tr>\n<tr style=\"height: 23.25pt;\">\n<td class=\"et2\" style=\"height: 23.25pt; width: 220.65pt;\" width=\"294\" height=\"31\">\u0e40\u0e07\u0e37\u0e48\u0e2d\u0e19\u0e44\u0e02\u0e01\u0e32\u0e23\u0e0a\u0e33\u0e23\u0e30\u0e40\u0e07\u0e34\u0e19<\/td>\n<td class=\"et2\" style=\"width: 515.30pt;\" width=\"687\">\u0e21\u0e31\u0e14\u0e08\u0e33 T\/T 40% \u0e41\u0e25\u0e30\u0e2a\u0e48\u0e27\u0e19\u0e17\u0e35\u0e48\u0e40\u0e2b\u0e25\u0e37\u0e2d\u0e01\u0e48\u0e2d\u0e19\u0e2a\u0e48\u0e07\u0e21\u0e2d\u0e1a<\/td>\n<\/tr>\n<\/tbody>\n<\/table>","protected":false},"excerpt":{"rendered":"<p>\u0e40\u0e04\u0e23\u0e37\u0e48\u0e2d\u0e07\u0e1b\u0e49\u0e2d\u0e19\u0e2d\u0e32\u0e2b\u0e32\u0e23\u0e2d\u0e31\u0e15\u0e42\u0e19\u0e21\u0e31\u0e15\u0e34\u0e41\u0e1a\u0e1a\u0e2a\u0e32\u0e22\u0e1e\u0e32\u0e19\u0e22\u0e01\u0e16\u0e31\u0e07\u0e1c\u0e2a\u0e32\u0e19\u0e40\u0e17\u0e04\u0e42\u0e19\u0e42\u0e25\u0e22\u0e35\u0e01\u0e32\u0e23\u0e2a\u0e31\u0e48\u0e19\u0e2a\u0e30\u0e40\u0e17\u0e37\u0e2d\u0e19\u0e17\u0e35\u0e48\u0e40\u0e2a\u0e16\u0e35\u0e22\u0e23\u0e40\u0e1e\u0e37\u0e48\u0e2d\u0e15\u0e2d\u0e1a\u0e2a\u0e19\u0e2d\u0e07\u0e04\u0e27\u0e32\u0e21\u0e15\u0e49\u0e2d\u0e07\u0e01\u0e32\u0e23\u0e01\u0e32\u0e23\u0e1b\u0e49\u0e2d\u0e19\u0e17\u0e35\u0e48\u0e41\u0e21\u0e48\u0e19\u0e22\u0e33\u0e43\u0e19\u0e01\u0e32\u0e23\u0e1c\u0e25\u0e34\u0e15\u0e17\u0e32\u0e07\u0e2d\u0e38\u0e15\u0e2a\u0e32\u0e2b\u0e01\u0e23\u0e23\u0e21 \u0e01\u0e32\u0e23\u0e2d\u0e2d\u0e01\u0e41\u0e1a\u0e1a\u0e41\u0e1a\u0e1a\u0e42\u0e21\u0e14\u0e39\u0e25\u0e32\u0e23\u0e4c\u0e17\u0e35\u0e48\u0e22\u0e37\u0e14\u0e2b\u0e22\u0e38\u0e48\u0e19 (\u0e2a\u0e32\u0e22\u0e1e\u0e32\u0e19\u0e25\u0e33\u0e40\u0e25\u0e35\u0e22\u0e07\u0e41\u0e1a\u0e1a\u0e22\u0e01, \u0e40\u0e04\u0e23\u0e37\u0e48\u0e2d\u0e07\u0e2a\u0e31\u0e48\u0e19\u0e41\u0e1a\u0e1a\u0e16\u0e31\u0e07) \u0e40\u0e02\u0e49\u0e32\u0e01\u0e31\u0e19\u0e44\u0e14\u0e49\u0e01\u0e31\u0e1a\u0e2a\u0e32\u0e22\u0e01\u0e32\u0e23\u0e1c\u0e25\u0e34\u0e15 CNC \u0e41\u0e25\u0e30\u0e40\u0e04\u0e23\u0e37\u0e48\u0e2d\u0e07\u0e23\u0e35\u0e14\u0e42\u0e25\u0e2b\u0e30 \u0e40\u0e1b\u0e47\u0e19\u0e1c\u0e25\u0e14\u0e35:<\/p>\n<ul>\n<li><strong>\u0e2d\u0e31\u0e15\u0e42\u0e19\u0e21\u0e31\u0e15\u0e34\u0e40\u0e15\u0e47\u0e21\u0e23\u0e39\u0e1b\u0e41\u0e1a\u0e1a:<\/strong> \u0e25\u0e14\u0e01\u0e32\u0e23\u0e14\u0e33\u0e40\u0e19\u0e34\u0e19\u0e01\u0e32\u0e23\u0e14\u0e49\u0e27\u0e22\u0e15\u0e19\u0e40\u0e2d\u0e07 30%<\/li>\n<li><strong>\u0e01\u0e32\u0e23\u0e17\u0e33\u0e07\u0e32\u0e19\u0e23\u0e32\u0e1a\u0e23\u0e37\u0e48\u0e19:<\/strong> \u0e1b\u0e23\u0e30\u0e2b\u0e22\u0e31\u0e14\u0e1e\u0e25\u0e31\u0e07\u0e07\u0e32\u0e19 \u0e40\u0e2a\u0e35\u0e22\u0e07\u0e23\u0e1a\u0e01\u0e27\u0e19 &lt;65dB.<\/li>\n<li><strong>\u0e04\u0e27\u0e32\u0e21\u0e17\u0e19\u0e17\u0e32\u0e19:<\/strong> \u0e27\u0e31\u0e2a\u0e14\u0e38\u0e17\u0e19\u0e17\u0e32\u0e19\u0e15\u0e48\u0e2d\u0e01\u0e32\u0e23\u0e01\u0e31\u0e14\u0e01\u0e23\u0e48\u0e2d\u0e19 \u0e40\u0e2b\u0e21\u0e32\u0e30\u0e2a\u0e33\u0e2b\u0e23\u0e31\u0e1a\u0e2a\u0e20\u0e32\u0e1e\u0e41\u0e27\u0e14\u0e25\u0e49\u0e2d\u0e21\u0e2d\u0e31\u0e15\u0e42\u0e19\u0e21\u0e31\u0e15\u0e34\u0e2a\u0e39\u0e07<\/li>\n<\/ul>","protected":false},"featured_media":1766,"comment_status":"open","ping_status":"closed","template":"","meta":[],"product_brand":[],"product_cat":[37],"product_tag":[40,38,39],"class_list":{"0":"post-1765","1":"product","2":"type-product","3":"status-publish","4":"has-post-thumbnail","6":"product_cat-may-cap-lieu-dang-bac-thang","7":"product_tag-bang-tai-rung-bac-thang","8":"product_tag-bat-rung-bac-thang","9":"product_tag-may-cap-lieu-rung-bac-thang","11":"first","12":"instock","13":"shipping-taxable","14":"product-type-simple"},"yoast_head":"<!-- This site is optimized with the Yoast SEO plugin v26.0 - https:\/\/yoast.com\/wordpress\/plugins\/seo\/ -->\n<title>B\u1ed9 c\u1ea5p ph\u00f4i t\u1ef1 \u0111\u1ed9ng b\u0103ng t\u1ea3i thang m\u00e1y ph\u1ec5u - Nh\u00e0 s\u1ea3n xu\u1ea5t m\u00e1y c\u1ea5p li\u1ec7u c\u00f4ng nghi\u1ec7p<\/title>\n<meta name=\"description\" content=\"Gi\u1ea3i ph\u00e1p c\u1ea5p li\u1ec7u rung ch\u00ednh x\u00e1c, t\u1ef1 \u0111\u1ed9ng h\u00f3a 100%. Ti\u1ebft ki\u1ec7m 30% chi ph\u00ed, v\u1eadn h\u00e0nh \u00eam \u00e1i. \u1ee8ng d\u1ee5ng ngay cho d\u00e2y chuy\u1ec1n s\u1ea3n xu\u1ea5t \u00f4 t\u00f4, \u0111i\u1ec7n t\u1eed!\" \/>\n<meta name=\"robots\" content=\"index, follow, max-snippet:-1, max-image-preview:large, max-video-preview:-1\" \/>\n<link rel=\"canonical\" href=\"https:\/\/swoer.vn\/th\/manufacturer\/bo-cap-phoi-tu-dong-bang-tai-thang-may-pheu\/\" \/>\n<meta property=\"og:locale\" content=\"th_TH\" \/>\n<meta property=\"og:type\" content=\"article\" \/>\n<meta property=\"og:title\" content=\"B\u1ed9 c\u1ea5p ph\u00f4i t\u1ef1 \u0111\u1ed9ng b\u0103ng t\u1ea3i thang m\u00e1y ph\u1ec5u - Nh\u00e0 s\u1ea3n xu\u1ea5t m\u00e1y c\u1ea5p li\u1ec7u c\u00f4ng nghi\u1ec7p\" \/>\n<meta property=\"og:description\" content=\"Gi\u1ea3i ph\u00e1p c\u1ea5p li\u1ec7u rung ch\u00ednh x\u00e1c, t\u1ef1 \u0111\u1ed9ng h\u00f3a 100%. Ti\u1ebft ki\u1ec7m 30% chi ph\u00ed, v\u1eadn h\u00e0nh \u00eam \u00e1i. \u1ee8ng d\u1ee5ng ngay cho d\u00e2y chuy\u1ec1n s\u1ea3n xu\u1ea5t \u00f4 t\u00f4, \u0111i\u1ec7n t\u1eed!\" \/>\n<meta property=\"og:url\" content=\"https:\/\/swoer.vn\/th\/manufacturer\/bo-cap-phoi-tu-dong-bang-tai-thang-may-pheu\/\" \/>\n<meta property=\"og:site_name\" content=\"Nh\u00e0 s\u1ea3n xu\u1ea5t m\u00e1y c\u1ea5p li\u1ec7u c\u00f4ng nghi\u1ec7p\" \/>\n<meta property=\"article:modified_time\" content=\"2025-02-24T07:50:48+00:00\" \/>\n<meta property=\"og:image\" content=\"https:\/\/swoer.vn\/wp-content\/uploads\/2025\/02\/Bang-tai-rung-bac-thang.webp\" \/>\n\t<meta property=\"og:image:width\" content=\"1000\" \/>\n\t<meta property=\"og:image:height\" content=\"1000\" \/>\n\t<meta property=\"og:image:type\" content=\"image\/webp\" \/>\n<meta name=\"twitter:card\" content=\"summary_large_image\" \/>\n<meta name=\"twitter:label1\" content=\"Est. reading time\" \/>\n\t<meta name=\"twitter:data1\" content=\"2 \u0e19\u0e32\u0e17\u0e35\" \/>\n<script type=\"application\/ld+json\" class=\"yoast-schema-graph\">{\"@context\":\"https:\/\/schema.org\",\"@graph\":[{\"@type\":\"WebPage\",\"@id\":\"https:\/\/swoer.vn\/manufacturer\/bo-cap-phoi-tu-dong-bang-tai-thang-may-pheu\/\",\"url\":\"https:\/\/swoer.vn\/manufacturer\/bo-cap-phoi-tu-dong-bang-tai-thang-may-pheu\/\",\"name\":\"B\u1ed9 c\u1ea5p ph\u00f4i t\u1ef1 \u0111\u1ed9ng b\u0103ng t\u1ea3i thang m\u00e1y ph\u1ec5u - Nh\u00e0 s\u1ea3n xu\u1ea5t m\u00e1y c\u1ea5p li\u1ec7u c\u00f4ng nghi\u1ec7p\",\"isPartOf\":{\"@id\":\"https:\/\/swoer.vn\/#website\"},\"primaryImageOfPage\":{\"@id\":\"https:\/\/swoer.vn\/manufacturer\/bo-cap-phoi-tu-dong-bang-tai-thang-may-pheu\/#primaryimage\"},\"image\":{\"@id\":\"https:\/\/swoer.vn\/manufacturer\/bo-cap-phoi-tu-dong-bang-tai-thang-may-pheu\/#primaryimage\"},\"thumbnailUrl\":\"https:\/\/swoer.vn\/wp-content\/uploads\/2025\/02\/Bang-tai-rung-bac-thang.webp\",\"datePublished\":\"2025-02-24T06:20:16+00:00\",\"dateModified\":\"2025-02-24T07:50:48+00:00\",\"description\":\"Gi\u1ea3i ph\u00e1p c\u1ea5p li\u1ec7u rung ch\u00ednh x\u00e1c, t\u1ef1 \u0111\u1ed9ng h\u00f3a 100%. Ti\u1ebft ki\u1ec7m 30% chi ph\u00ed, v\u1eadn h\u00e0nh \u00eam \u00e1i. \u1ee8ng d\u1ee5ng ngay cho d\u00e2y chuy\u1ec1n s\u1ea3n xu\u1ea5t \u00f4 t\u00f4, \u0111i\u1ec7n t\u1eed!\",\"breadcrumb\":{\"@id\":\"https:\/\/swoer.vn\/manufacturer\/bo-cap-phoi-tu-dong-bang-tai-thang-may-pheu\/#breadcrumb\"},\"inLanguage\":\"th\",\"potentialAction\":[{\"@type\":\"ReadAction\",\"target\":[\"https:\/\/swoer.vn\/manufacturer\/bo-cap-phoi-tu-dong-bang-tai-thang-may-pheu\/\"]}]},{\"@type\":\"ImageObject\",\"inLanguage\":\"th\",\"@id\":\"https:\/\/swoer.vn\/manufacturer\/bo-cap-phoi-tu-dong-bang-tai-thang-may-pheu\/#primaryimage\",\"url\":\"https:\/\/swoer.vn\/wp-content\/uploads\/2025\/02\/Bang-tai-rung-bac-thang.webp\",\"contentUrl\":\"https:\/\/swoer.vn\/wp-content\/uploads\/2025\/02\/Bang-tai-rung-bac-thang.webp\",\"width\":1000,\"height\":1000,\"caption\":\"B\u0103ng t\u1ea3i rung b\u1eadc thang\"},{\"@type\":\"BreadcrumbList\",\"@id\":\"https:\/\/swoer.vn\/manufacturer\/bo-cap-phoi-tu-dong-bang-tai-thang-may-pheu\/#breadcrumb\",\"itemListElement\":[{\"@type\":\"ListItem\",\"position\":1,\"name\":\"Home\",\"item\":\"https:\/\/swoer.vn\/\"},{\"@type\":\"ListItem\",\"position\":2,\"name\":\"S\u1ea3n ph\u1ea9m\",\"item\":\"https:\/\/swoer.vn\/shop\/\"},{\"@type\":\"ListItem\",\"position\":3,\"name\":\"B\u1ed9 c\u1ea5p ph\u00f4i t\u1ef1 \u0111\u1ed9ng b\u0103ng t\u1ea3i thang m\u00e1y ph\u1ec5u\"}]},{\"@type\":\"WebSite\",\"@id\":\"https:\/\/swoer.vn\/#website\",\"url\":\"https:\/\/swoer.vn\/\",\"name\":\"Nh\u00e0 s\u1ea3n xu\u1ea5t m\u00e1y c\u1ea5p li\u1ec7u c\u00f4ng nghi\u1ec7p\",\"description\":\"Nh\u00e0 cung c\u1ea5p robot, m\u00e1y c\u1ea5p li\u1ec7u linh ho\u1ea1t, m\u00e1y c\u1ea5p li\u1ec7u ly t\u00e2m, m\u00e1y c\u1ea5p li\u1ec7u rung t\u1ef1 \u0111\u1ed9ng\",\"potentialAction\":[{\"@type\":\"SearchAction\",\"target\":{\"@type\":\"EntryPoint\",\"urlTemplate\":\"https:\/\/swoer.vn\/?s={search_term_string}\"},\"query-input\":{\"@type\":\"PropertyValueSpecification\",\"valueRequired\":true,\"valueName\":\"search_term_string\"}}],\"inLanguage\":\"th\"}]}<\/script>\n<!-- \/ Yoast SEO plugin. -->","yoast_head_json":{"title":"\u0e40\u0e04\u0e23\u0e37\u0e48\u0e2d\u0e07\u0e1b\u0e49\u0e2d\u0e19\u0e2d\u0e32\u0e2b\u0e32\u0e23\u0e2d\u0e31\u0e15\u0e42\u0e19\u0e21\u0e31\u0e15\u0e34\u0e41\u0e1a\u0e1a\u0e2a\u0e32\u0e22\u0e1e\u0e32\u0e19\u0e25\u0e33\u0e40\u0e25\u0e35\u0e22\u0e07\u0e41\u0e1a\u0e1a\u0e25\u0e34\u0e1f\u0e15\u0e4c\u0e2e\u0e2d\u0e1b\u0e40\u0e1b\u0e2d\u0e23\u0e4c - \u0e1c\u0e39\u0e49\u0e1c\u0e25\u0e34\u0e15\u0e40\u0e04\u0e23\u0e37\u0e48\u0e2d\u0e07\u0e1b\u0e49\u0e2d\u0e19\u0e2d\u0e32\u0e2b\u0e32\u0e23\u0e2d\u0e38\u0e15\u0e2a\u0e32\u0e2b\u0e01\u0e23\u0e23\u0e21","description":"100% \u0e42\u0e0b\u0e25\u0e39\u0e0a\u0e31\u0e19\u0e01\u0e32\u0e23\u0e1b\u0e49\u0e2d\u0e19\u0e14\u0e49\u0e27\u0e22\u0e01\u0e32\u0e23\u0e2a\u0e31\u0e48\u0e19\u0e2a\u0e30\u0e40\u0e17\u0e37\u0e2d\u0e19\u0e2d\u0e31\u0e15\u0e42\u0e19\u0e21\u0e31\u0e15\u0e34\u0e41\u0e25\u0e30\u0e41\u0e21\u0e48\u0e19\u0e22\u0e33 30% \u0e1b\u0e23\u0e30\u0e2b\u0e22\u0e31\u0e14\u0e15\u0e49\u0e19\u0e17\u0e38\u0e19 \u0e01\u0e32\u0e23\u0e17\u0e33\u0e07\u0e32\u0e19\u0e23\u0e32\u0e1a\u0e23\u0e37\u0e48\u0e19 \u0e2a\u0e21\u0e31\u0e04\u0e23\u0e07\u0e32\u0e19\u0e2a\u0e32\u0e22\u0e01\u0e32\u0e23\u0e1c\u0e25\u0e34\u0e15\u0e22\u0e32\u0e19\u0e22\u0e19\u0e15\u0e4c\u0e41\u0e25\u0e30\u0e2d\u0e34\u0e40\u0e25\u0e47\u0e01\u0e17\u0e23\u0e2d\u0e19\u0e34\u0e01\u0e2a\u0e4c !","robots":{"index":"index","follow":"follow","max-snippet":"max-snippet:-1","max-image-preview":"max-image-preview:large","max-video-preview":"max-video-preview:-1"},"canonical":"https:\/\/swoer.vn\/th\/manufacturer\/bo-cap-phoi-tu-dong-bang-tai-thang-may-pheu\/","og_locale":"th_TH","og_type":"article","og_title":"B\u1ed9 c\u1ea5p ph\u00f4i t\u1ef1 \u0111\u1ed9ng b\u0103ng t\u1ea3i thang m\u00e1y ph\u1ec5u - Nh\u00e0 s\u1ea3n xu\u1ea5t m\u00e1y c\u1ea5p li\u1ec7u c\u00f4ng nghi\u1ec7p","og_description":"Gi\u1ea3i ph\u00e1p c\u1ea5p li\u1ec7u rung ch\u00ednh x\u00e1c, t\u1ef1 \u0111\u1ed9ng h\u00f3a 100%. Ti\u1ebft ki\u1ec7m 30% chi ph\u00ed, v\u1eadn h\u00e0nh \u00eam \u00e1i. \u1ee8ng d\u1ee5ng ngay cho d\u00e2y chuy\u1ec1n s\u1ea3n xu\u1ea5t \u00f4 t\u00f4, \u0111i\u1ec7n t\u1eed!","og_url":"https:\/\/swoer.vn\/th\/manufacturer\/bo-cap-phoi-tu-dong-bang-tai-thang-may-pheu\/","og_site_name":"Nh\u00e0 s\u1ea3n xu\u1ea5t m\u00e1y c\u1ea5p li\u1ec7u c\u00f4ng nghi\u1ec7p","article_modified_time":"2025-02-24T07:50:48+00:00","og_image":[{"width":1000,"height":1000,"url":"https:\/\/swoer.vn\/wp-content\/uploads\/2025\/02\/Bang-tai-rung-bac-thang.webp","type":"image\/webp"}],"twitter_card":"summary_large_image","twitter_misc":{"Est. reading time":"2 \u0e19\u0e32\u0e17\u0e35"},"schema":{"@context":"https:\/\/schema.org","@graph":[{"@type":"WebPage","@id":"https:\/\/swoer.vn\/manufacturer\/bo-cap-phoi-tu-dong-bang-tai-thang-may-pheu\/","url":"https:\/\/swoer.vn\/manufacturer\/bo-cap-phoi-tu-dong-bang-tai-thang-may-pheu\/","name":"\u0e40\u0e04\u0e23\u0e37\u0e48\u0e2d\u0e07\u0e1b\u0e49\u0e2d\u0e19\u0e2d\u0e32\u0e2b\u0e32\u0e23\u0e2d\u0e31\u0e15\u0e42\u0e19\u0e21\u0e31\u0e15\u0e34\u0e41\u0e1a\u0e1a\u0e2a\u0e32\u0e22\u0e1e\u0e32\u0e19\u0e25\u0e33\u0e40\u0e25\u0e35\u0e22\u0e07\u0e41\u0e1a\u0e1a\u0e25\u0e34\u0e1f\u0e15\u0e4c\u0e2e\u0e2d\u0e1b\u0e40\u0e1b\u0e2d\u0e23\u0e4c - \u0e1c\u0e39\u0e49\u0e1c\u0e25\u0e34\u0e15\u0e40\u0e04\u0e23\u0e37\u0e48\u0e2d\u0e07\u0e1b\u0e49\u0e2d\u0e19\u0e2d\u0e32\u0e2b\u0e32\u0e23\u0e2d\u0e38\u0e15\u0e2a\u0e32\u0e2b\u0e01\u0e23\u0e23\u0e21","isPartOf":{"@id":"https:\/\/swoer.vn\/#website"},"primaryImageOfPage":{"@id":"https:\/\/swoer.vn\/manufacturer\/bo-cap-phoi-tu-dong-bang-tai-thang-may-pheu\/#primaryimage"},"image":{"@id":"https:\/\/swoer.vn\/manufacturer\/bo-cap-phoi-tu-dong-bang-tai-thang-may-pheu\/#primaryimage"},"thumbnailUrl":"https:\/\/swoer.vn\/wp-content\/uploads\/2025\/02\/Bang-tai-rung-bac-thang.webp","datePublished":"2025-02-24T06:20:16+00:00","dateModified":"2025-02-24T07:50:48+00:00","description":"100% \u0e42\u0e0b\u0e25\u0e39\u0e0a\u0e31\u0e19\u0e01\u0e32\u0e23\u0e1b\u0e49\u0e2d\u0e19\u0e14\u0e49\u0e27\u0e22\u0e01\u0e32\u0e23\u0e2a\u0e31\u0e48\u0e19\u0e2a\u0e30\u0e40\u0e17\u0e37\u0e2d\u0e19\u0e2d\u0e31\u0e15\u0e42\u0e19\u0e21\u0e31\u0e15\u0e34\u0e41\u0e25\u0e30\u0e41\u0e21\u0e48\u0e19\u0e22\u0e33 30% \u0e1b\u0e23\u0e30\u0e2b\u0e22\u0e31\u0e14\u0e15\u0e49\u0e19\u0e17\u0e38\u0e19 \u0e01\u0e32\u0e23\u0e17\u0e33\u0e07\u0e32\u0e19\u0e23\u0e32\u0e1a\u0e23\u0e37\u0e48\u0e19 \u0e2a\u0e21\u0e31\u0e04\u0e23\u0e07\u0e32\u0e19\u0e2a\u0e32\u0e22\u0e01\u0e32\u0e23\u0e1c\u0e25\u0e34\u0e15\u0e22\u0e32\u0e19\u0e22\u0e19\u0e15\u0e4c\u0e41\u0e25\u0e30\u0e2d\u0e34\u0e40\u0e25\u0e47\u0e01\u0e17\u0e23\u0e2d\u0e19\u0e34\u0e01\u0e2a\u0e4c !","breadcrumb":{"@id":"https:\/\/swoer.vn\/manufacturer\/bo-cap-phoi-tu-dong-bang-tai-thang-may-pheu\/#breadcrumb"},"inLanguage":"th","potentialAction":[{"@type":"ReadAction","target":["https:\/\/swoer.vn\/manufacturer\/bo-cap-phoi-tu-dong-bang-tai-thang-may-pheu\/"]}]},{"@type":"ImageObject","inLanguage":"th","@id":"https:\/\/swoer.vn\/manufacturer\/bo-cap-phoi-tu-dong-bang-tai-thang-may-pheu\/#primaryimage","url":"https:\/\/swoer.vn\/wp-content\/uploads\/2025\/02\/Bang-tai-rung-bac-thang.webp","contentUrl":"https:\/\/swoer.vn\/wp-content\/uploads\/2025\/02\/Bang-tai-rung-bac-thang.webp","width":1000,"height":1000,"caption":"B\u0103ng t\u1ea3i rung b\u1eadc thang"},{"@type":"BreadcrumbList","@id":"https:\/\/swoer.vn\/manufacturer\/bo-cap-phoi-tu-dong-bang-tai-thang-may-pheu\/#breadcrumb","itemListElement":[{"@type":"ListItem","position":1,"name":"Home","item":"https:\/\/swoer.vn\/"},{"@type":"ListItem","position":2,"name":"S\u1ea3n ph\u1ea9m","item":"https:\/\/swoer.vn\/shop\/"},{"@type":"ListItem","position":3,"name":"B\u1ed9 c\u1ea5p ph\u00f4i t\u1ef1 \u0111\u1ed9ng b\u0103ng t\u1ea3i thang m\u00e1y ph\u1ec5u"}]},{"@type":"WebSite","@id":"https:\/\/swoer.vn\/#website","url":"https:\/\/swoer.vn\/","name":"\u0e1c\u0e39\u0e49\u0e1c\u0e25\u0e34\u0e15\u0e40\u0e04\u0e23\u0e37\u0e48\u0e2d\u0e07\u0e1b\u0e49\u0e2d\u0e19\u0e2d\u0e32\u0e2b\u0e32\u0e23\u0e2d\u0e38\u0e15\u0e2a\u0e32\u0e2b\u0e01\u0e23\u0e23\u0e21","description":"\u0e08\u0e33\u0e2b\u0e19\u0e48\u0e32\u0e22\u0e2b\u0e38\u0e48\u0e19\u0e22\u0e19\u0e15\u0e4c \u0e40\u0e04\u0e23\u0e37\u0e48\u0e2d\u0e07\u0e1b\u0e49\u0e2d\u0e19\u0e41\u0e1a\u0e1a\u0e22\u0e37\u0e14\u0e2b\u0e22\u0e38\u0e48\u0e19 \u0e40\u0e04\u0e23\u0e37\u0e48\u0e2d\u0e07\u0e1b\u0e49\u0e2d\u0e19\u0e41\u0e1a\u0e1a\u0e41\u0e23\u0e07\u0e40\u0e2b\u0e27\u0e35\u0e48\u0e22\u0e07 \u0e40\u0e04\u0e23\u0e37\u0e48\u0e2d\u0e07\u0e1b\u0e49\u0e2d\u0e19\u0e41\u0e1a\u0e1a\u0e2a\u0e31\u0e48\u0e19\u0e2d\u0e31\u0e15\u0e42\u0e19\u0e21\u0e31\u0e15\u0e34","potentialAction":[{"@type":"SearchAction","target":{"@type":"EntryPoint","urlTemplate":"https:\/\/swoer.vn\/?s={search_term_string}"},"query-input":{"@type":"PropertyValueSpecification","valueRequired":true,"valueName":"search_term_string"}}],"inLanguage":"th"}]}},"_links":{"self":[{"href":"https:\/\/swoer.vn\/th\/wp-json\/wp\/v2\/product\/1765","targetHints":{"allow":["GET"]}}],"collection":[{"href":"https:\/\/swoer.vn\/th\/wp-json\/wp\/v2\/product"}],"about":[{"href":"https:\/\/swoer.vn\/th\/wp-json\/wp\/v2\/types\/product"}],"replies":[{"embeddable":true,"href":"https:\/\/swoer.vn\/th\/wp-json\/wp\/v2\/comments?post=1765"}],"wp:featuredmedia":[{"embeddable":true,"href":"https:\/\/swoer.vn\/th\/wp-json\/wp\/v2\/media\/1766"}],"wp:attachment":[{"href":"https:\/\/swoer.vn\/th\/wp-json\/wp\/v2\/media?parent=1765"}],"wp:term":[{"taxonomy":"product_brand","embeddable":true,"href":"https:\/\/swoer.vn\/th\/wp-json\/wp\/v2\/product_brand?post=1765"},{"taxonomy":"product_cat","embeddable":true,"href":"https:\/\/swoer.vn\/th\/wp-json\/wp\/v2\/product_cat?post=1765"},{"taxonomy":"product_tag","embeddable":true,"href":"https:\/\/swoer.vn\/th\/wp-json\/wp\/v2\/product_tag?post=1765"}],"curies":[{"name":"wp","href":"https:\/\/api.w.org\/{rel}","templated":true}]}}