{"id":8386,"date":"2026-04-17T14:02:53","date_gmt":"2026-04-17T07:02:53","guid":{"rendered":"https:\/\/swoer.vn\/?post_type=product&#038;p=8386"},"modified":"2026-04-17T14:02:53","modified_gmt":"2026-04-17T07:02:53","slug":"bo-cap-lieu-rung-size-nho","status":"publish","type":"product","link":"https:\/\/swoer.vn\/ms\/manufacturer\/bo-cap-lieu-rung-size-nho\/","title":{"rendered":"B\u1ed9 c\u1ea5p li\u1ec7u rung size nh\u1ecf"},"content":{"rendered":"<h2><span style=\"font-weight: 400;\">H\u01b0\u1edbng d\u1eabn b\u1ea3o tr\u00ec b\u1ed9 c\u1ea5p li\u1ec7u rung size nh\u1ecf<\/span><\/h2>\n<p><span style=\"font-weight: 400;\">B\u1ea3o tr\u00ec \u0111\u1ecbnh k\u1ef3 l\u00e0 y\u1ebfu t\u1ed1 ti\u00ean quy\u1ebft \u0111\u1ec3 \u0111\u1ea3m b\u1ea3o b\u1ed9 c\u1ea5p li\u1ec7u rung ho\u1ea1t \u0111\u1ed9ng \u1ed5n \u0111\u1ecbnh, duy tr\u00ec hi\u1ec7u su\u1ea5t cao v\u00e0 k\u00e9o d\u00e0i tu\u1ed5i th\u1ecd thi\u1ebft b\u1ecb.<\/span><\/p>\n<h3><span style=\"font-weight: 400;\">B\u1ea3o tr\u00ec h\u00e0ng ng\u00e0y (Daily)<\/span><\/h3>\n<ul>\n<li style=\"font-weight: 400;\" aria-level=\"1\"><b>V\u1ec7 sinh b\u1ec1 m\u1eb7t:<\/b><span style=\"font-weight: 400;\"> Cu\u1ed1i m\u1ed7i ca l\u00e0m vi\u1ec7c, h\u00e3y t\u1eaft ngu\u1ed3n v\u00e0 d\u00f9ng s\u00fang x\u1ecbt kh\u00ed \u0111\u1ec3 th\u1ed5i s\u1ea1ch b\u1ee5i b\u1ea9n, m\u1ea3nh v\u1ee5n linh ki\u1ec7n ho\u1eb7c d\u1ea7u m\u1ee1 b\u00e1m tr\u00ean m\u1eb7t ph\u1ec5u v\u00e0 \u0111\u01b0\u1eddng ray.<\/span>\n<ul>\n<li style=\"font-weight: 400;\" aria-level=\"2\"><i><span style=\"font-weight: 400;\">M\u1ee5c ti\u00eau:<\/span><\/i><span style=\"font-weight: 400;\"> Ng\u0103n t\u1ea1p ch\u1ea5t l\u00e0m sai l\u1ec7ch h\u01b0\u1edbng \u0111i c\u1ee7a linh ki\u1ec7n.<\/span><\/li>\n<\/ul>\n<\/li>\n<li style=\"font-weight: 400;\" aria-level=\"1\"><b>Ki\u1ec3m tra b\u1ed9 ph\u1eadn k\u1ebft n\u1ed1i:<\/b><span style=\"font-weight: 400;\"> Ki\u1ec3m tra \u0111\u1ed9 ch\u1eb7t c\u1ee7a c\u00e1c v\u00edt, \u0111\u1eb7c bi\u1ec7t l\u00e0 c\u00e1c v\u1ecb tr\u00ed k\u1ebft n\u1ed1i gi\u1eefa ph\u1ec5u v\u1edbi \u0111\u1ebf v\u00e0 c\u00e1c v\u1ecb tr\u00ed si\u1ebft l\u00f2 xo l\u00e1.<\/span>\n<ul>\n<li style=\"font-weight: 400;\" aria-level=\"2\"><i><span style=\"font-weight: 400;\">M\u1ee5c ti\u00eau:<\/span><\/i><span style=\"font-weight: 400;\"> Tr\u00e1nh rung \u0111\u1ed9ng b\u1ea5t th\u01b0\u1eddng v\u00e0 ti\u1ebfng \u1ed3n l\u1edbn.<\/span><\/li>\n<\/ul>\n<\/li>\n<li style=\"font-weight: 400;\" aria-level=\"1\"><b>Quan s\u00e1t h\u01b0 h\u1ea1i v\u1eadt l\u00fd:<\/b><span style=\"font-weight: 400;\"> Ki\u1ec3m tra nhanh m\u1eb7t \u0111\u01b0\u1eddng ray xem c\u00f3 v\u1ebft m\u00f2n s\u00e2u ho\u1eb7c v\u1ebft l\u00f5m do k\u1eb9t linh ki\u1ec7n g\u00e2y ra hay kh\u00f4ng.<\/span><\/li>\n<\/ul>\n<h3><span style=\"font-weight: 400;\">B\u1ea3o tr\u00ec \u0111\u1ecbnh k\u1ef3 (Periodic)<\/span><\/h3>\n<p><span style=\"font-weight: 400;\">Th\u1ef1c hi\u1ec7n k\u1ef9 l\u01b0\u1ee1ng m\u1ed7i 1-2 tu\u1ea7n m\u1ed9t l\u1ea7n:<\/span><\/p>\n<ul>\n<li style=\"font-weight: 400;\" aria-level=\"1\"><b>Ki\u1ec3m tra l\u00f2 xo l\u00e1:<\/b><span style=\"font-weight: 400;\"> Quan s\u00e1t xem l\u00f2 xo c\u00f3 v\u1ebft n\u1ee9t hay kh\u00f4ng. \u0110i\u1ec1u ch\u1ec9nh s\u1ed1 l\u01b0\u1ee3ng ho\u1eb7c g\u00f3c nghi\u00eang c\u1ee7a l\u00f2 xo n\u1ebfu c\u1ea7n thi\u1ebft \u0111\u1ec3 t\u1ed1i \u01b0u l\u1ef1c rung.<\/span><\/li>\n<li style=\"font-weight: 400;\" aria-level=\"1\"><b>Ki\u1ec3m tra nam ch\u00e2m \u0111i\u1ec7n:<\/b><span style=\"font-weight: 400;\"> \u0110\u1ea3m b\u1ea3o khe h\u1edf gi\u1eefa l\u00f5i nam ch\u00e2m v\u00e0 ph\u1ea7n \u1ee9ng (armature) n\u1eb1m trong ph\u1ea1m vi k\u1ef9 thu\u1eadt cho ph\u00e9p. L\u00e0m s\u1ea1ch b\u1ee5i kim lo\u1ea1i b\u00e1m tr\u00ean b\u1ec1 m\u1eb7t nam ch\u00e2m.<\/span><\/li>\n<li style=\"font-weight: 400;\" aria-level=\"1\"><b>Ki\u1ec3m tra b\u1ed9 \u0111i\u1ec1u khi\u1ec3n:<\/b><span style=\"font-weight: 400;\"> Ki\u1ec3m tra c\u00e1c n\u00fam \u0111i\u1ec1u ch\u1ec9nh v\u00e0 h\u1ec7 th\u1ed1ng d\u00e2y \u0111i\u1ec7n xem c\u00f3 d\u1ea5u hi\u1ec7u l\u00e3o h\u00f3a hay tr\u1ea7y x\u01b0\u1edbc kh\u00f4ng. V\u1ec7 sinh b\u1ee5i t\u1ea1i c\u00e1c khe th\u00f4ng gi\u00f3 \u0111\u1ec3 tr\u00e1nh qu\u00e1 nhi\u1ec7t.<\/span><\/li>\n<\/ul>\n<p><b>L\u01b0u \u00fd quan tr\u1ecdng v\u1ec1 b\u00f4i tr\u01a1n:<\/b><span style=\"font-weight: 400;\"> &gt; H\u1ea7u h\u1ebft c\u00e1c b\u1ed9 ph\u1ec5u rung <\/span><b>KH\u00d4NG C\u1ea6N<\/b><span style=\"font-weight: 400;\"> b\u00f4i tr\u01a1n. Vi\u1ec7c b\u00f4i d\u1ea7u l\u00ean \u0111\u01b0\u1eddng ray s\u1ebd l\u00e0m b\u00e1m b\u1ee5i, nhi\u1ec5m b\u1ea9n linh ki\u1ec7n v\u00e0 khi\u1ebfn qu\u00e1 tr\u00ecnh c\u1ea5p li\u1ec7u kh\u00f4ng \u1ed5n \u0111\u1ecbnh. Ch\u1ec9 b\u00f4i tr\u01a1n t\u1ea1i c\u00e1c v\u1ecb tr\u00ed \u0111\u1eb7c bi\u1ec7t n\u1ebfu c\u00f3 ch\u1ec9 \u0111\u1ecbnh t\u1eeb k\u1ef9 thu\u1eadt vi\u00ean SWOER.<\/span><\/p>\n<h3><span style=\"font-weight: 400;\">B\u1ea3o qu\u1ea3n khi ng\u01b0ng s\u1eed d\u1ee5ng l\u00e2u d\u00e0i<\/span><\/h3>\n<p><span style=\"font-weight: 400;\">N\u1ebfu kh\u00f4ng s\u1eed d\u1ee5ng m\u00e1y trong th\u1eddi gian d\u00e0i, h\u00e3y th\u1ef1c hi\u1ec7n c\u00e1c b\u01b0\u1edbc sau:<\/span><\/p>\n<ol>\n<li style=\"font-weight: 400;\" aria-level=\"1\"><span style=\"font-weight: 400;\">L\u1ea5y h\u1ebft linh ki\u1ec7n ra kh\u1ecfi ph\u1ec5u v\u00e0 v\u1ec7 sinh s\u1ea1ch s\u1ebd.<\/span><\/li>\n<li style=\"font-weight: 400;\" aria-level=\"1\"><span style=\"font-weight: 400;\">Thoa m\u1ed9t l\u1edbp ch\u1ea5t ch\u1ed1ng r\u1ec9 chuy\u00ean d\u1ee5ng l\u00ean b\u1ec1 m\u1eb7t ph\u1ec5u v\u00e0 \u0111\u01b0\u1eddng ray.<\/span><\/li>\n<li style=\"font-weight: 400;\" aria-level=\"1\"><span style=\"font-weight: 400;\">Che \u0111\u1eady c\u1ea9n th\u1eadn v\u00e0 b\u1ea3o qu\u1ea3n n\u01a1i kh\u00f4 r\u00e1o, tho\u00e1ng m\u00e1t.<\/span><\/li>\n<\/ol>\n<h2><span style=\"font-weight: 400;\">Th\u00f4ng s\u1ed1 k\u1ef9 thu\u1eadt d\u00f2ng Size Nh\u1ecf<\/span><\/h2>\n<table>\n<tbody>\n<tr>\n<td><b>\u0110\u1eb7c t\u00ednh<\/b><\/td>\n<td><b>Chi ti\u1ebft<\/b><\/td>\n<\/tr>\n<tr>\n<td><b>bahan<\/b><\/td>\n<td><span style=\"font-weight: 400;\">SUS304 \/ H\u1ee3p kim r\u00e8n x\u1eed l\u00fd l\u1ea1nh<\/span><\/td>\n<\/tr>\n<tr>\n<td><b>Kelebihan<\/b><\/td>\n<td><span style=\"font-weight: 400;\">Ti\u1ebft ki\u1ec7m di\u1ec7n t\u00edch, ph\u00f9 h\u1ee3p linh ki\u1ec7n \u0111i\u1ec7n t\u1eed, y t\u1ebf<\/span><\/td>\n<\/tr>\n<tr>\n<td><b>Pensijilan<\/b><\/td>\n<td><span style=\"font-weight: 400;\">CE, ROHS, ISO9001<\/span><\/td>\n<\/tr>\n<tr>\n<td><b>Jaminan<\/b><\/td>\n<td><span style=\"font-weight: 400;\">12 th\u00e1ng ch\u00ednh h\u00e3ng<\/span><\/td>\n<\/tr>\n<\/tbody>\n<\/table>\n<p>&nbsp;<\/p>","protected":false},"excerpt":{"rendered":"<p><span style=\"font-weight: 400;\">Trong c\u00e1c kh\u00f4ng gian s\u1ea3n xu\u1ea5t h\u1ea1n ch\u1ebf ho\u1eb7c y\u00eau c\u1ea7u x\u1eed l\u00fd linh ki\u1ec7n si\u00eau tinh x\u1ea3o, <\/span><b>B\u1ed9 c\u1ea5p li\u1ec7u rung size nh\u1ecf SWOER<\/b><span style=\"font-weight: 400;\"> l\u00e0 s\u1ef1 l\u1ef1a ch\u1ecdn kh\u00f4ng th\u1ec3 thay th\u1ebf. V\u1edbi thi\u1ebft k\u1ebf nh\u1ecf g\u1ecdn nh\u01b0ng m\u1ea1nh m\u1ebd, h\u1ec7 th\u1ed1ng \u0111\u1ea3m b\u1ea3o \u0111\u1ed9 ch\u00ednh x\u00e1c tuy\u1ec7t \u0111\u1ed1i trong vi\u1ec7c \u0111\u1ecbnh h\u01b0\u1edbng v\u00e0 c\u1ea5p ph\u00f4i. \u0110\u1ec3 duy tr\u00ec hi\u1ec7u su\u1ea5t \u0111\u1ec9nh cao n\u00e0y, vi\u1ec7c b\u1ea3o tr\u00ec \u0111\u00fang c\u00e1ch l\u00e0 &#8220;ch\u00eca kh\u00f3a&#8221; gi\u00fap thi\u1ebft b\u1ecb c\u1ee7a b\u1ea1n v\u1eadn h\u00e0nh \u1ed5n \u0111\u1ecbnh su\u1ed1t nhi\u1ec1u n\u0103m, gi\u1ea3m thi\u1ec3u t\u1ed1i \u0111a chi ph\u00ed s\u1eeda ch\u1eefa.<\/span><\/p>","protected":false},"featured_media":8387,"comment_status":"open","ping_status":"closed","template":"","meta":[],"product_brand":[],"product_cat":[106],"product_tag":[172,43,107,166,249],"class_list":{"0":"post-8386","1":"product","2":"type-product","3":"status-publish","4":"has-post-thumbnail","6":"product_cat-mam-rung-cap-phoi","7":"product_tag-bo-cap-lieu-rung","8":"product_tag-mam-rung","9":"product_tag-may-cap-lieu-rung","10":"product_tag-pheu-rung","11":"product_tag-vibratory-bowl-feeder","13":"first","14":"instock","15":"shipping-taxable","16":"product-type-simple"},"yoast_head":"<!-- This site is optimized with the Yoast SEO plugin v26.0 - https:\/\/yoast.com\/wordpress\/plugins\/seo\/ -->\n<title>B\u1ed9 c\u1ea5p li\u1ec7u rung size nh\u1ecf - Nh\u00e0 s\u1ea3n xu\u1ea5t m\u00e1y c\u1ea5p li\u1ec7u c\u00f4ng nghi\u1ec7p<\/title>\n<meta name=\"description\" content=\"B\u1ed9 c\u1ea5p li\u1ec7u rung size nh\u1ecf SWOER: Gi\u1ea3i ph\u00e1p tinh g\u1ecdn cho linh ki\u1ec7n si\u00eau nh\u1ecf. Ch\u00ednh x\u00e1c, \u1ed5n \u0111\u1ecbnh v\u00e0 b\u1ec1n b\u1ec9. K\u00e8m h\u01b0\u1edbng d\u1eabn b\u1ea3o tr\u00ec chuy\u00ean nghi\u1ec7p\" \/>\n<meta name=\"robots\" content=\"index, follow, max-snippet:-1, max-image-preview:large, max-video-preview:-1\" \/>\n<link rel=\"canonical\" href=\"https:\/\/swoer.vn\/ms\/manufacturer\/bo-cap-lieu-rung-size-nho\/\" \/>\n<meta property=\"og:locale\" content=\"ms_MY\" \/>\n<meta property=\"og:type\" content=\"article\" \/>\n<meta property=\"og:title\" content=\"B\u1ed9 c\u1ea5p li\u1ec7u rung size nh\u1ecf - Nh\u00e0 s\u1ea3n xu\u1ea5t m\u00e1y c\u1ea5p li\u1ec7u c\u00f4ng nghi\u1ec7p\" \/>\n<meta property=\"og:description\" content=\"B\u1ed9 c\u1ea5p li\u1ec7u rung size nh\u1ecf SWOER: Gi\u1ea3i ph\u00e1p tinh g\u1ecdn cho linh ki\u1ec7n si\u00eau nh\u1ecf. Ch\u00ednh x\u00e1c, \u1ed5n \u0111\u1ecbnh v\u00e0 b\u1ec1n b\u1ec9. K\u00e8m h\u01b0\u1edbng d\u1eabn b\u1ea3o tr\u00ec chuy\u00ean nghi\u1ec7p\" \/>\n<meta property=\"og:url\" content=\"https:\/\/swoer.vn\/ms\/manufacturer\/bo-cap-lieu-rung-size-nho\/\" \/>\n<meta property=\"og:site_name\" content=\"Nh\u00e0 s\u1ea3n xu\u1ea5t m\u00e1y c\u1ea5p li\u1ec7u c\u00f4ng nghi\u1ec7p\" \/>\n<meta property=\"og:image\" content=\"https:\/\/swoer.vn\/wp-content\/uploads\/2026\/04\/BO-CAP-LIEU-RUNG-SIZE-NHO.png\" \/>\n\t<meta property=\"og:image:width\" content=\"800\" \/>\n\t<meta property=\"og:image:height\" content=\"800\" \/>\n\t<meta property=\"og:image:type\" content=\"image\/png\" \/>\n<meta name=\"twitter:card\" content=\"summary_large_image\" \/>\n<meta name=\"twitter:label1\" content=\"Est. reading time\" \/>\n\t<meta name=\"twitter:data1\" content=\"3 minit\" \/>\n<script type=\"application\/ld+json\" class=\"yoast-schema-graph\">{\"@context\":\"https:\/\/schema.org\",\"@graph\":[{\"@type\":\"WebPage\",\"@id\":\"https:\/\/swoer.vn\/manufacturer\/bo-cap-lieu-rung-size-nho\/\",\"url\":\"https:\/\/swoer.vn\/manufacturer\/bo-cap-lieu-rung-size-nho\/\",\"name\":\"B\u1ed9 c\u1ea5p li\u1ec7u rung size nh\u1ecf - Nh\u00e0 s\u1ea3n xu\u1ea5t m\u00e1y c\u1ea5p li\u1ec7u c\u00f4ng nghi\u1ec7p\",\"isPartOf\":{\"@id\":\"https:\/\/swoer.vn\/#website\"},\"primaryImageOfPage\":{\"@id\":\"https:\/\/swoer.vn\/manufacturer\/bo-cap-lieu-rung-size-nho\/#primaryimage\"},\"image\":{\"@id\":\"https:\/\/swoer.vn\/manufacturer\/bo-cap-lieu-rung-size-nho\/#primaryimage\"},\"thumbnailUrl\":\"https:\/\/swoer.vn\/wp-content\/uploads\/2026\/04\/BO-CAP-LIEU-RUNG-SIZE-NHO.png\",\"datePublished\":\"2026-04-17T07:02:53+00:00\",\"description\":\"B\u1ed9 c\u1ea5p li\u1ec7u rung size nh\u1ecf SWOER: Gi\u1ea3i ph\u00e1p tinh g\u1ecdn cho linh ki\u1ec7n si\u00eau nh\u1ecf. Ch\u00ednh x\u00e1c, \u1ed5n \u0111\u1ecbnh v\u00e0 b\u1ec1n b\u1ec9. K\u00e8m h\u01b0\u1edbng d\u1eabn b\u1ea3o tr\u00ec chuy\u00ean nghi\u1ec7p\",\"breadcrumb\":{\"@id\":\"https:\/\/swoer.vn\/manufacturer\/bo-cap-lieu-rung-size-nho\/#breadcrumb\"},\"inLanguage\":\"ms-MY\",\"potentialAction\":[{\"@type\":\"ReadAction\",\"target\":[\"https:\/\/swoer.vn\/manufacturer\/bo-cap-lieu-rung-size-nho\/\"]}]},{\"@type\":\"ImageObject\",\"inLanguage\":\"ms-MY\",\"@id\":\"https:\/\/swoer.vn\/manufacturer\/bo-cap-lieu-rung-size-nho\/#primaryimage\",\"url\":\"https:\/\/swoer.vn\/wp-content\/uploads\/2026\/04\/BO-CAP-LIEU-RUNG-SIZE-NHO.png\",\"contentUrl\":\"https:\/\/swoer.vn\/wp-content\/uploads\/2026\/04\/BO-CAP-LIEU-RUNG-SIZE-NHO.png\",\"width\":800,\"height\":800,\"caption\":\"BO\u0323\u0302 CA\u0302\u0301P LIE\u0323\u0302U RUNG SIZE NHO\u0309\"},{\"@type\":\"BreadcrumbList\",\"@id\":\"https:\/\/swoer.vn\/manufacturer\/bo-cap-lieu-rung-size-nho\/#breadcrumb\",\"itemListElement\":[{\"@type\":\"ListItem\",\"position\":1,\"name\":\"Home\",\"item\":\"https:\/\/swoer.vn\/\"},{\"@type\":\"ListItem\",\"position\":2,\"name\":\"S\u1ea3n ph\u1ea9m\",\"item\":\"https:\/\/swoer.vn\/shop\/\"},{\"@type\":\"ListItem\",\"position\":3,\"name\":\"B\u1ed9 c\u1ea5p li\u1ec7u rung size nh\u1ecf\"}]},{\"@type\":\"WebSite\",\"@id\":\"https:\/\/swoer.vn\/#website\",\"url\":\"https:\/\/swoer.vn\/\",\"name\":\"Nh\u00e0 s\u1ea3n xu\u1ea5t m\u00e1y c\u1ea5p li\u1ec7u c\u00f4ng nghi\u1ec7p\",\"description\":\"Nh\u00e0 cung c\u1ea5p robot, m\u00e1y c\u1ea5p li\u1ec7u linh ho\u1ea1t, m\u00e1y c\u1ea5p li\u1ec7u ly t\u00e2m, m\u00e1y c\u1ea5p li\u1ec7u rung t\u1ef1 \u0111\u1ed9ng\",\"potentialAction\":[{\"@type\":\"SearchAction\",\"target\":{\"@type\":\"EntryPoint\",\"urlTemplate\":\"https:\/\/swoer.vn\/?s={search_term_string}\"},\"query-input\":{\"@type\":\"PropertyValueSpecification\",\"valueRequired\":true,\"valueName\":\"search_term_string\"}}],\"inLanguage\":\"ms-MY\"}]}<\/script>\n<!-- \/ Yoast SEO plugin. -->","yoast_head_json":{"title":"B\u1ed9 c\u1ea5p li\u1ec7u rung size nh\u1ecf - Nh\u00e0 s\u1ea3n xu\u1ea5t m\u00e1y c\u1ea5p li\u1ec7u c\u00f4ng nghi\u1ec7p","description":"B\u1ed9 c\u1ea5p li\u1ec7u rung size nh\u1ecf SWOER: Gi\u1ea3i ph\u00e1p tinh g\u1ecdn cho linh ki\u1ec7n si\u00eau nh\u1ecf. Ch\u00ednh x\u00e1c, \u1ed5n \u0111\u1ecbnh v\u00e0 b\u1ec1n b\u1ec9. K\u00e8m h\u01b0\u1edbng d\u1eabn b\u1ea3o tr\u00ec chuy\u00ean nghi\u1ec7p","robots":{"index":"index","follow":"follow","max-snippet":"max-snippet:-1","max-image-preview":"max-image-preview:large","max-video-preview":"max-video-preview:-1"},"canonical":"https:\/\/swoer.vn\/ms\/manufacturer\/bo-cap-lieu-rung-size-nho\/","og_locale":"ms_MY","og_type":"article","og_title":"B\u1ed9 c\u1ea5p li\u1ec7u rung size nh\u1ecf - Nh\u00e0 s\u1ea3n xu\u1ea5t m\u00e1y c\u1ea5p li\u1ec7u c\u00f4ng nghi\u1ec7p","og_description":"B\u1ed9 c\u1ea5p li\u1ec7u rung size nh\u1ecf SWOER: Gi\u1ea3i ph\u00e1p tinh g\u1ecdn cho linh ki\u1ec7n si\u00eau nh\u1ecf. Ch\u00ednh x\u00e1c, \u1ed5n \u0111\u1ecbnh v\u00e0 b\u1ec1n b\u1ec9. K\u00e8m h\u01b0\u1edbng d\u1eabn b\u1ea3o tr\u00ec chuy\u00ean nghi\u1ec7p","og_url":"https:\/\/swoer.vn\/ms\/manufacturer\/bo-cap-lieu-rung-size-nho\/","og_site_name":"Nh\u00e0 s\u1ea3n xu\u1ea5t m\u00e1y c\u1ea5p li\u1ec7u c\u00f4ng nghi\u1ec7p","og_image":[{"width":800,"height":800,"url":"https:\/\/swoer.vn\/wp-content\/uploads\/2026\/04\/BO-CAP-LIEU-RUNG-SIZE-NHO.png","type":"image\/png"}],"twitter_card":"summary_large_image","twitter_misc":{"Est. reading time":"3 minit"},"schema":{"@context":"https:\/\/schema.org","@graph":[{"@type":"WebPage","@id":"https:\/\/swoer.vn\/manufacturer\/bo-cap-lieu-rung-size-nho\/","url":"https:\/\/swoer.vn\/manufacturer\/bo-cap-lieu-rung-size-nho\/","name":"B\u1ed9 c\u1ea5p li\u1ec7u rung size nh\u1ecf - Nh\u00e0 s\u1ea3n xu\u1ea5t m\u00e1y c\u1ea5p li\u1ec7u c\u00f4ng nghi\u1ec7p","isPartOf":{"@id":"https:\/\/swoer.vn\/#website"},"primaryImageOfPage":{"@id":"https:\/\/swoer.vn\/manufacturer\/bo-cap-lieu-rung-size-nho\/#primaryimage"},"image":{"@id":"https:\/\/swoer.vn\/manufacturer\/bo-cap-lieu-rung-size-nho\/#primaryimage"},"thumbnailUrl":"https:\/\/swoer.vn\/wp-content\/uploads\/2026\/04\/BO-CAP-LIEU-RUNG-SIZE-NHO.png","datePublished":"2026-04-17T07:02:53+00:00","description":"B\u1ed9 c\u1ea5p li\u1ec7u rung size nh\u1ecf SWOER: Gi\u1ea3i ph\u00e1p tinh g\u1ecdn cho linh ki\u1ec7n si\u00eau nh\u1ecf. Ch\u00ednh x\u00e1c, \u1ed5n \u0111\u1ecbnh v\u00e0 b\u1ec1n b\u1ec9. K\u00e8m h\u01b0\u1edbng d\u1eabn b\u1ea3o tr\u00ec chuy\u00ean nghi\u1ec7p","breadcrumb":{"@id":"https:\/\/swoer.vn\/manufacturer\/bo-cap-lieu-rung-size-nho\/#breadcrumb"},"inLanguage":"ms-MY","potentialAction":[{"@type":"ReadAction","target":["https:\/\/swoer.vn\/manufacturer\/bo-cap-lieu-rung-size-nho\/"]}]},{"@type":"ImageObject","inLanguage":"ms-MY","@id":"https:\/\/swoer.vn\/manufacturer\/bo-cap-lieu-rung-size-nho\/#primaryimage","url":"https:\/\/swoer.vn\/wp-content\/uploads\/2026\/04\/BO-CAP-LIEU-RUNG-SIZE-NHO.png","contentUrl":"https:\/\/swoer.vn\/wp-content\/uploads\/2026\/04\/BO-CAP-LIEU-RUNG-SIZE-NHO.png","width":800,"height":800,"caption":"BO\u0323\u0302 CA\u0302\u0301P LIE\u0323\u0302U RUNG SIZE NHO\u0309"},{"@type":"BreadcrumbList","@id":"https:\/\/swoer.vn\/manufacturer\/bo-cap-lieu-rung-size-nho\/#breadcrumb","itemListElement":[{"@type":"ListItem","position":1,"name":"Home","item":"https:\/\/swoer.vn\/"},{"@type":"ListItem","position":2,"name":"S\u1ea3n ph\u1ea9m","item":"https:\/\/swoer.vn\/shop\/"},{"@type":"ListItem","position":3,"name":"B\u1ed9 c\u1ea5p li\u1ec7u rung size nh\u1ecf"}]},{"@type":"WebSite","@id":"https:\/\/swoer.vn\/#website","url":"https:\/\/swoer.vn\/","name":"Pengeluar Pengumpan Perindustrian","description":"Pembekal robot, penyuap fleksibel, penyuap emparan, penyuap bergetar automatik","potentialAction":[{"@type":"SearchAction","target":{"@type":"EntryPoint","urlTemplate":"https:\/\/swoer.vn\/?s={search_term_string}"},"query-input":{"@type":"PropertyValueSpecification","valueRequired":true,"valueName":"search_term_string"}}],"inLanguage":"ms-MY"}]}},"_links":{"self":[{"href":"https:\/\/swoer.vn\/ms\/wp-json\/wp\/v2\/product\/8386","targetHints":{"allow":["GET"]}}],"collection":[{"href":"https:\/\/swoer.vn\/ms\/wp-json\/wp\/v2\/product"}],"about":[{"href":"https:\/\/swoer.vn\/ms\/wp-json\/wp\/v2\/types\/product"}],"replies":[{"embeddable":true,"href":"https:\/\/swoer.vn\/ms\/wp-json\/wp\/v2\/comments?post=8386"}],"wp:featuredmedia":[{"embeddable":true,"href":"https:\/\/swoer.vn\/ms\/wp-json\/wp\/v2\/media\/8387"}],"wp:attachment":[{"href":"https:\/\/swoer.vn\/ms\/wp-json\/wp\/v2\/media?parent=8386"}],"wp:term":[{"taxonomy":"product_brand","embeddable":true,"href":"https:\/\/swoer.vn\/ms\/wp-json\/wp\/v2\/product_brand?post=8386"},{"taxonomy":"product_cat","embeddable":true,"href":"https:\/\/swoer.vn\/ms\/wp-json\/wp\/v2\/product_cat?post=8386"},{"taxonomy":"product_tag","embeddable":true,"href":"https:\/\/swoer.vn\/ms\/wp-json\/wp\/v2\/product_tag?post=8386"}],"curies":[{"name":"wp","href":"https:\/\/api.w.org\/{rel}","templated":true}]}}