{"id":8292,"date":"2026-04-10T11:20:25","date_gmt":"2026-04-10T04:20:25","guid":{"rendered":"https:\/\/swoer.vn\/?post_type=product&#038;p=8292"},"modified":"2026-04-10T11:20:25","modified_gmt":"2026-04-10T04:20:25","slug":"bo-cap-lieu-rung-khi-nen","status":"publish","type":"product","link":"https:\/\/swoer.vn\/ms\/manufacturer\/bo-cap-lieu-rung-khi-nen\/","title":{"rendered":"B\u1ed9 c\u1ea5p li\u1ec7u rung kh\u00ed n\u00e9n"},"content":{"rendered":"<h2><span style=\"font-weight: 400;\">Linh ki\u1ec7n c\u00f3 c\u1ea7n \u0111\u1ecbnh h\u01b0\u1edbng ch\u00ednh x\u00e1c v\u00e0 \u0111\u1ed3ng nh\u1ea5t kh\u00f4ng?<\/span><\/h2>\n<ul>\n<li style=\"font-weight: 400;\" aria-level=\"1\"><b>C\u00d3:<\/b><span style=\"font-weight: 400;\"> \u01afu ti\u00ean <\/span><b>Ph\u1ec5u rung (Vibratory Feeder)<\/b><span style=\"font-weight: 400;\">. V\u1edbi thi\u1ebft k\u1ebf \u0111\u01b0\u1eddng ray t\u00f9y ch\u1ec9nh chuy\u00ean s\u00e2u, ph\u1ec5u rung c\u1ef1c k\u1ef3 m\u1ea1nh m\u1ebd trong vi\u1ec7c xoay, l\u1eadt v\u00e0 \u0111\u01b0a linh ki\u1ec7n ra ngo\u00e0i theo \u0111\u00fang m\u1ed9t chi\u1ec1u duy nh\u1ea5t (v\u00ed d\u1ee5: \u0111\u1ea7u v\u00edt h\u01b0\u1edbng xu\u1ed1ng, m\u1eb7t chip h\u01b0\u1edbng l\u00ean).<\/span><\/li>\n<li style=\"font-weight: 400;\" aria-level=\"1\"><b>KH\u00d4NG (Ch\u1ec9 c\u1ea7n t\u00e1ch r\u1eddi v\u00e0 c\u1ea5p li\u1ec7u):<\/b><span style=\"font-weight: 400;\"> \u01afu ti\u00ean <\/span><b>M\u00e1y c\u1ea5p li\u1ec7u b\u1eadc thang (Step Feeder)<\/b><span style=\"font-weight: 400;\">. Thi\u1ebft b\u1ecb n\u00e0y ho\u1ea1t \u0111\u1ed9ng hi\u1ec7u qu\u1ea3 trong vi\u1ec7c t\u00e1ch l\u1ebb linh ki\u1ec7n t\u1eeb m\u1ed9t \u0111\u1ed1ng ph\u00f4i th\u00f4 v\u00e0 \u0111\u1ea9y ch\u00fang l\u00ean d\u00e2y chuy\u1ec1n m\u1ed9t c\u00e1ch \u1ed5n \u0111\u1ecbnh.<\/span><\/li>\n<\/ul>\n<h2><span style=\"font-weight: 400;\">Linh ki\u1ec7n c\u00f3 d\u1ec5 b\u1ecb r\u1ed1i, m\u00f3c n\u1ed1i ho\u1eb7c tr\u1ea7y x\u01b0\u1edbc kh\u00f4ng?<\/span><\/h2>\n<ul>\n<li style=\"font-weight: 400;\" aria-level=\"1\"><b>C\u00d3 (V\u00ed d\u1ee5: L\u00f2 xo, m\u00f3c kim lo\u1ea1i, linh ki\u1ec7n b\u1ec1 m\u1eb7t b\u00f3ng):<\/b> <b>M\u00e1y c\u1ea5p li\u1ec7u b\u1eadc thang<\/b><span style=\"font-weight: 400;\"> l\u00e0 s\u1ef1 l\u1ef1a ch\u1ecdn v\u01b0\u1ee3t tr\u1ed9i. C\u01a1 ch\u1ebf \u0111\u1ea9y t\u1ecbnh ti\u1ebfn gi\u00fap h\u1ea1n ch\u1ebf t\u1ed1i \u0111a vi\u1ec7c linh ki\u1ec7n va ch\u1ea1m m\u1ea1nh, t\u1eeb \u0111\u00f3 tr\u00e1nh \u0111\u01b0\u1ee3c t\u00ecnh tr\u1ea1ng r\u1ed1i ch\u00f9m ho\u1eb7c l\u00e0m x\u01b0\u1edbc b\u1ec1 m\u1eb7t s\u1ea3n ph\u1ea9m.<\/span><\/li>\n<li style=\"font-weight: 400;\" aria-level=\"1\"><b>KH\u00d4NG:<\/b><span style=\"font-weight: 400;\"> C\u1ea3 hai ph\u01b0\u01a1ng \u00e1n \u0111\u1ec1u kh\u1ea3 thi. L\u00fac n\u00e0y, Ng\u00e2n h\u00e3y c\u00f9ng kh\u00e1ch h\u00e0ng c\u00e2n nh\u1eafc th\u00eam c\u00e1c y\u1ebfu t\u1ed1 v\u1ec1 t\u1ed1c \u0111\u1ed9 (PPM), \u0111\u1ed9 \u1ed3n v\u00e0 ng\u00e2n s\u00e1ch \u0111\u1ec3 \u0111\u01b0a ra quy\u1ebft \u0111\u1ecbnh cu\u1ed1i c\u00f9ng.<\/span><\/li>\n<\/ul>\n<table>\n<tbody>\n<tr>\n<td><b>\u0110\u1eb7c t\u00ednh<\/b><\/td>\n<td><b>Ph\u1ec5u rung (Vibratory)<\/b><\/td>\n<td><b>M\u00e1y c\u1ea5p li\u1ec7u b\u1eadc thang (Step)<\/b><\/td>\n<\/tr>\n<tr>\n<td><b>Kh\u1ea3 n\u0103ng \u0111\u1ecbnh h\u01b0\u1edbng<\/b><\/td>\n<td><span style=\"font-weight: 400;\">R\u1ea5t t\u1ed1t, t\u00f9y bi\u1ebfn cao<\/span><\/td>\n<td><span style=\"font-weight: 400;\">Trung b\u00ecnh, ch\u1ee7 y\u1ebfu t\u00e1ch r\u1eddi<\/span><\/td>\n<\/tr>\n<tr>\n<td><b>B\u1ea3o v\u1ec7 s\u1ea3n ph\u1ea9m<\/b><\/td>\n<td><span style=\"font-weight: 400;\">Trung b\u00ecnh (do rung \u0111\u1ed9ng li\u00ean t\u1ee5c)<\/span><\/td>\n<td><span style=\"font-weight: 400;\">R\u1ea5t t\u1ed1t (chuy\u1ec3n \u0111\u1ed9ng \u00eam \u00e1i)<\/span><\/td>\n<\/tr>\n<tr>\n<td><b>bising<\/b><\/td>\n<td><span style=\"font-weight: 400;\">Kh\u00e1 cao (c\u1ea7n v\u1ecf c\u00e1ch \u00e2m)<\/span><\/td>\n<td><span style=\"font-weight: 400;\">Th\u1ea5p, v\u1eadn h\u00e0nh y\u00ean t\u0129nh<\/span><\/td>\n<\/tr>\n<tr>\n<td><b>Linh ki\u1ec7n d\u1ea1ng l\u00f2 xo<\/b><\/td>\n<td><span style=\"font-weight: 400;\">D\u1ec5 b\u1ecb r\u1ed1i, k\u1eb9t<\/span><\/td>\n<td><span style=\"font-weight: 400;\">Ch\u1ed1ng r\u1ed1i c\u1ef1c k\u1ef3 hi\u1ec7u qu\u1ea3<\/span><\/td>\n<\/tr>\n<tr>\n<td><b>T\u1ed1c \u0111\u1ed9 (PPM)<\/b><\/td>\n<td><span style=\"font-weight: 400;\">Sangat tinggi<\/span><\/td>\n<td><span style=\"font-weight: 400;\">\u1ed4n \u0111\u1ecbnh, trung b\u00ecnh<\/span><\/td>\n<\/tr>\n<\/tbody>\n<\/table>\n<p>&nbsp;<\/p>","protected":false},"excerpt":{"rendered":"<p><span style=\"font-weight: 400;\">Trong t\u1ef1 \u0111\u1ed9ng h\u00f3a, kh\u00f4ng c\u00f3 thi\u1ebft b\u1ecb &#8220;t\u1ed1t nh\u1ea5t&#8221;, ch\u1ec9 c\u00f3 thi\u1ebft b\u1ecb &#8220;ph\u00f9 h\u1ee3p nh\u1ea5t&#8221;. Vi\u1ec7c l\u1ef1a ch\u1ecdn gi\u1eefa Ph\u1ec5u rung v\u00e0 M\u00e1y c\u1ea5p li\u1ec7u b\u1eadc thang ph\u1ee5 thu\u1ed9c ho\u00e0n to\u00e0n v\u00e0o \u0111\u1eb7c t\u00ednh linh ki\u1ec7n, hi\u1ec7u su\u1ea5t y\u00eau c\u1ea7u v\u00e0 ng\u00e2n s\u00e1ch c\u1ee7a doanh nghi\u1ec7p.<\/span><\/p>","protected":false},"featured_media":8293,"comment_status":"open","ping_status":"closed","template":"","meta":[],"product_brand":[],"product_cat":[106],"product_tag":[172,43,107,102,249],"class_list":{"0":"post-8292","1":"product","2":"type-product","3":"status-publish","4":"has-post-thumbnail","6":"product_cat-mam-rung-cap-phoi","7":"product_tag-bo-cap-lieu-rung","8":"product_tag-mam-rung","9":"product_tag-may-cap-lieu-rung","10":"product_tag-pheu-rung-cap-phoi","11":"product_tag-vibratory-bowl-feeder","13":"first","14":"instock","15":"shipping-taxable","16":"product-type-simple"},"yoast_head":"<!-- This site is optimized with the Yoast SEO plugin v26.0 - https:\/\/yoast.com\/wordpress\/plugins\/seo\/ -->\n<title>B\u1ed9 c\u1ea5p li\u1ec7u rung kh\u00ed n\u00e9n - Nh\u00e0 s\u1ea3n xu\u1ea5t m\u00e1y c\u1ea5p li\u1ec7u c\u00f4ng nghi\u1ec7p<\/title>\n<meta name=\"description\" content=\"So s\u00e1nh Ph\u1ec5u rung &amp; M\u00e1y c\u1ea5p li\u1ec7u b\u1eadc thang: Gi\u1ea3i ph\u00e1p n\u00e0o t\u1ed1i \u01b0u cho nh\u00e0 m\u00e1y c\u1ee7a b\u1ea1n? T\u01b0 v\u1ea5n l\u1ef1a ch\u1ecdn theo \u0111\u1eb7c t\u00ednh linh ki\u1ec7n, t\u1ed1c \u0111\u1ed9 v\u00e0 ng\u00e2n s\u00e1ch \u0111\u1ea7u t\u01b0.\" \/>\n<meta name=\"robots\" content=\"index, follow, max-snippet:-1, max-image-preview:large, max-video-preview:-1\" \/>\n<link rel=\"canonical\" href=\"https:\/\/swoer.vn\/ms\/manufacturer\/bo-cap-lieu-rung-khi-nen\/\" \/>\n<meta property=\"og:locale\" content=\"ms_MY\" \/>\n<meta property=\"og:type\" content=\"article\" \/>\n<meta property=\"og:title\" content=\"B\u1ed9 c\u1ea5p li\u1ec7u rung kh\u00ed n\u00e9n - Nh\u00e0 s\u1ea3n xu\u1ea5t m\u00e1y c\u1ea5p li\u1ec7u c\u00f4ng nghi\u1ec7p\" \/>\n<meta property=\"og:description\" content=\"So s\u00e1nh Ph\u1ec5u rung &amp; M\u00e1y c\u1ea5p li\u1ec7u b\u1eadc thang: Gi\u1ea3i ph\u00e1p n\u00e0o t\u1ed1i \u01b0u cho nh\u00e0 m\u00e1y c\u1ee7a b\u1ea1n? T\u01b0 v\u1ea5n l\u1ef1a ch\u1ecdn theo \u0111\u1eb7c t\u00ednh linh ki\u1ec7n, t\u1ed1c \u0111\u1ed9 v\u00e0 ng\u00e2n s\u00e1ch \u0111\u1ea7u t\u01b0.\" \/>\n<meta property=\"og:url\" content=\"https:\/\/swoer.vn\/ms\/manufacturer\/bo-cap-lieu-rung-khi-nen\/\" \/>\n<meta property=\"og:site_name\" content=\"Nh\u00e0 s\u1ea3n xu\u1ea5t m\u00e1y c\u1ea5p li\u1ec7u c\u00f4ng nghi\u1ec7p\" \/>\n<meta property=\"og:image\" content=\"https:\/\/swoer.vn\/wp-content\/uploads\/2026\/04\/MAY-CAP-LIEU-RUNG-KHI-NEN.png\" \/>\n\t<meta property=\"og:image:width\" content=\"800\" \/>\n\t<meta property=\"og:image:height\" content=\"800\" \/>\n\t<meta property=\"og:image:type\" content=\"image\/png\" \/>\n<meta name=\"twitter:card\" content=\"summary_large_image\" \/>\n<meta name=\"twitter:label1\" content=\"Est. reading time\" \/>\n\t<meta name=\"twitter:data1\" content=\"2 minit\" \/>\n<script type=\"application\/ld+json\" class=\"yoast-schema-graph\">{\"@context\":\"https:\/\/schema.org\",\"@graph\":[{\"@type\":\"WebPage\",\"@id\":\"https:\/\/swoer.vn\/manufacturer\/bo-cap-lieu-rung-khi-nen\/\",\"url\":\"https:\/\/swoer.vn\/manufacturer\/bo-cap-lieu-rung-khi-nen\/\",\"name\":\"B\u1ed9 c\u1ea5p li\u1ec7u rung kh\u00ed n\u00e9n - Nh\u00e0 s\u1ea3n xu\u1ea5t m\u00e1y c\u1ea5p li\u1ec7u c\u00f4ng nghi\u1ec7p\",\"isPartOf\":{\"@id\":\"https:\/\/swoer.vn\/#website\"},\"primaryImageOfPage\":{\"@id\":\"https:\/\/swoer.vn\/manufacturer\/bo-cap-lieu-rung-khi-nen\/#primaryimage\"},\"image\":{\"@id\":\"https:\/\/swoer.vn\/manufacturer\/bo-cap-lieu-rung-khi-nen\/#primaryimage\"},\"thumbnailUrl\":\"https:\/\/swoer.vn\/wp-content\/uploads\/2026\/04\/MAY-CAP-LIEU-RUNG-KHI-NEN.png\",\"datePublished\":\"2026-04-10T04:20:25+00:00\",\"description\":\"So s\u00e1nh Ph\u1ec5u rung & M\u00e1y c\u1ea5p li\u1ec7u b\u1eadc thang: Gi\u1ea3i ph\u00e1p n\u00e0o t\u1ed1i \u01b0u cho nh\u00e0 m\u00e1y c\u1ee7a b\u1ea1n? T\u01b0 v\u1ea5n l\u1ef1a ch\u1ecdn theo \u0111\u1eb7c t\u00ednh linh ki\u1ec7n, t\u1ed1c \u0111\u1ed9 v\u00e0 ng\u00e2n s\u00e1ch \u0111\u1ea7u t\u01b0.\",\"breadcrumb\":{\"@id\":\"https:\/\/swoer.vn\/manufacturer\/bo-cap-lieu-rung-khi-nen\/#breadcrumb\"},\"inLanguage\":\"ms-MY\",\"potentialAction\":[{\"@type\":\"ReadAction\",\"target\":[\"https:\/\/swoer.vn\/manufacturer\/bo-cap-lieu-rung-khi-nen\/\"]}]},{\"@type\":\"ImageObject\",\"inLanguage\":\"ms-MY\",\"@id\":\"https:\/\/swoer.vn\/manufacturer\/bo-cap-lieu-rung-khi-nen\/#primaryimage\",\"url\":\"https:\/\/swoer.vn\/wp-content\/uploads\/2026\/04\/MAY-CAP-LIEU-RUNG-KHI-NEN.png\",\"contentUrl\":\"https:\/\/swoer.vn\/wp-content\/uploads\/2026\/04\/MAY-CAP-LIEU-RUNG-KHI-NEN.png\",\"width\":800,\"height\":800,\"caption\":\"B\u1ed9 c\u1ea5p li\u1ec7u rung kh\u00ed n\u00e9n\"},{\"@type\":\"BreadcrumbList\",\"@id\":\"https:\/\/swoer.vn\/manufacturer\/bo-cap-lieu-rung-khi-nen\/#breadcrumb\",\"itemListElement\":[{\"@type\":\"ListItem\",\"position\":1,\"name\":\"Home\",\"item\":\"https:\/\/swoer.vn\/\"},{\"@type\":\"ListItem\",\"position\":2,\"name\":\"S\u1ea3n ph\u1ea9m\",\"item\":\"https:\/\/swoer.vn\/shop\/\"},{\"@type\":\"ListItem\",\"position\":3,\"name\":\"B\u1ed9 c\u1ea5p li\u1ec7u rung kh\u00ed n\u00e9n\"}]},{\"@type\":\"WebSite\",\"@id\":\"https:\/\/swoer.vn\/#website\",\"url\":\"https:\/\/swoer.vn\/\",\"name\":\"Nh\u00e0 s\u1ea3n xu\u1ea5t m\u00e1y c\u1ea5p li\u1ec7u c\u00f4ng nghi\u1ec7p\",\"description\":\"Nh\u00e0 cung c\u1ea5p robot, m\u00e1y c\u1ea5p li\u1ec7u linh ho\u1ea1t, m\u00e1y c\u1ea5p li\u1ec7u ly t\u00e2m, m\u00e1y c\u1ea5p li\u1ec7u rung t\u1ef1 \u0111\u1ed9ng\",\"potentialAction\":[{\"@type\":\"SearchAction\",\"target\":{\"@type\":\"EntryPoint\",\"urlTemplate\":\"https:\/\/swoer.vn\/?s={search_term_string}\"},\"query-input\":{\"@type\":\"PropertyValueSpecification\",\"valueRequired\":true,\"valueName\":\"search_term_string\"}}],\"inLanguage\":\"ms-MY\"}]}<\/script>\n<!-- \/ Yoast SEO plugin. -->","yoast_head_json":{"title":"B\u1ed9 c\u1ea5p li\u1ec7u rung kh\u00ed n\u00e9n - Nh\u00e0 s\u1ea3n xu\u1ea5t m\u00e1y c\u1ea5p li\u1ec7u c\u00f4ng nghi\u1ec7p","description":"So s\u00e1nh Ph\u1ec5u rung & M\u00e1y c\u1ea5p li\u1ec7u b\u1eadc thang: Gi\u1ea3i ph\u00e1p n\u00e0o t\u1ed1i \u01b0u cho nh\u00e0 m\u00e1y c\u1ee7a b\u1ea1n? T\u01b0 v\u1ea5n l\u1ef1a ch\u1ecdn theo \u0111\u1eb7c t\u00ednh linh ki\u1ec7n, t\u1ed1c \u0111\u1ed9 v\u00e0 ng\u00e2n s\u00e1ch \u0111\u1ea7u t\u01b0.","robots":{"index":"index","follow":"follow","max-snippet":"max-snippet:-1","max-image-preview":"max-image-preview:large","max-video-preview":"max-video-preview:-1"},"canonical":"https:\/\/swoer.vn\/ms\/manufacturer\/bo-cap-lieu-rung-khi-nen\/","og_locale":"ms_MY","og_type":"article","og_title":"B\u1ed9 c\u1ea5p li\u1ec7u rung kh\u00ed n\u00e9n - Nh\u00e0 s\u1ea3n xu\u1ea5t m\u00e1y c\u1ea5p li\u1ec7u c\u00f4ng nghi\u1ec7p","og_description":"So s\u00e1nh Ph\u1ec5u rung & M\u00e1y c\u1ea5p li\u1ec7u b\u1eadc thang: Gi\u1ea3i ph\u00e1p n\u00e0o t\u1ed1i \u01b0u cho nh\u00e0 m\u00e1y c\u1ee7a b\u1ea1n? T\u01b0 v\u1ea5n l\u1ef1a ch\u1ecdn theo \u0111\u1eb7c t\u00ednh linh ki\u1ec7n, t\u1ed1c \u0111\u1ed9 v\u00e0 ng\u00e2n s\u00e1ch \u0111\u1ea7u t\u01b0.","og_url":"https:\/\/swoer.vn\/ms\/manufacturer\/bo-cap-lieu-rung-khi-nen\/","og_site_name":"Nh\u00e0 s\u1ea3n xu\u1ea5t m\u00e1y c\u1ea5p li\u1ec7u c\u00f4ng nghi\u1ec7p","og_image":[{"width":800,"height":800,"url":"https:\/\/swoer.vn\/wp-content\/uploads\/2026\/04\/MAY-CAP-LIEU-RUNG-KHI-NEN.png","type":"image\/png"}],"twitter_card":"summary_large_image","twitter_misc":{"Est. reading time":"2 minit"},"schema":{"@context":"https:\/\/schema.org","@graph":[{"@type":"WebPage","@id":"https:\/\/swoer.vn\/manufacturer\/bo-cap-lieu-rung-khi-nen\/","url":"https:\/\/swoer.vn\/manufacturer\/bo-cap-lieu-rung-khi-nen\/","name":"B\u1ed9 c\u1ea5p li\u1ec7u rung kh\u00ed n\u00e9n - Nh\u00e0 s\u1ea3n xu\u1ea5t m\u00e1y c\u1ea5p li\u1ec7u c\u00f4ng nghi\u1ec7p","isPartOf":{"@id":"https:\/\/swoer.vn\/#website"},"primaryImageOfPage":{"@id":"https:\/\/swoer.vn\/manufacturer\/bo-cap-lieu-rung-khi-nen\/#primaryimage"},"image":{"@id":"https:\/\/swoer.vn\/manufacturer\/bo-cap-lieu-rung-khi-nen\/#primaryimage"},"thumbnailUrl":"https:\/\/swoer.vn\/wp-content\/uploads\/2026\/04\/MAY-CAP-LIEU-RUNG-KHI-NEN.png","datePublished":"2026-04-10T04:20:25+00:00","description":"So s\u00e1nh Ph\u1ec5u rung & M\u00e1y c\u1ea5p li\u1ec7u b\u1eadc thang: Gi\u1ea3i ph\u00e1p n\u00e0o t\u1ed1i \u01b0u cho nh\u00e0 m\u00e1y c\u1ee7a b\u1ea1n? T\u01b0 v\u1ea5n l\u1ef1a ch\u1ecdn theo \u0111\u1eb7c t\u00ednh linh ki\u1ec7n, t\u1ed1c \u0111\u1ed9 v\u00e0 ng\u00e2n s\u00e1ch \u0111\u1ea7u t\u01b0.","breadcrumb":{"@id":"https:\/\/swoer.vn\/manufacturer\/bo-cap-lieu-rung-khi-nen\/#breadcrumb"},"inLanguage":"ms-MY","potentialAction":[{"@type":"ReadAction","target":["https:\/\/swoer.vn\/manufacturer\/bo-cap-lieu-rung-khi-nen\/"]}]},{"@type":"ImageObject","inLanguage":"ms-MY","@id":"https:\/\/swoer.vn\/manufacturer\/bo-cap-lieu-rung-khi-nen\/#primaryimage","url":"https:\/\/swoer.vn\/wp-content\/uploads\/2026\/04\/MAY-CAP-LIEU-RUNG-KHI-NEN.png","contentUrl":"https:\/\/swoer.vn\/wp-content\/uploads\/2026\/04\/MAY-CAP-LIEU-RUNG-KHI-NEN.png","width":800,"height":800,"caption":"B\u1ed9 c\u1ea5p li\u1ec7u rung kh\u00ed n\u00e9n"},{"@type":"BreadcrumbList","@id":"https:\/\/swoer.vn\/manufacturer\/bo-cap-lieu-rung-khi-nen\/#breadcrumb","itemListElement":[{"@type":"ListItem","position":1,"name":"Home","item":"https:\/\/swoer.vn\/"},{"@type":"ListItem","position":2,"name":"S\u1ea3n ph\u1ea9m","item":"https:\/\/swoer.vn\/shop\/"},{"@type":"ListItem","position":3,"name":"B\u1ed9 c\u1ea5p li\u1ec7u rung kh\u00ed n\u00e9n"}]},{"@type":"WebSite","@id":"https:\/\/swoer.vn\/#website","url":"https:\/\/swoer.vn\/","name":"Pengeluar Pengumpan Perindustrian","description":"Pembekal robot, penyuap fleksibel, penyuap emparan, penyuap bergetar automatik","potentialAction":[{"@type":"SearchAction","target":{"@type":"EntryPoint","urlTemplate":"https:\/\/swoer.vn\/?s={search_term_string}"},"query-input":{"@type":"PropertyValueSpecification","valueRequired":true,"valueName":"search_term_string"}}],"inLanguage":"ms-MY"}]}},"_links":{"self":[{"href":"https:\/\/swoer.vn\/ms\/wp-json\/wp\/v2\/product\/8292","targetHints":{"allow":["GET"]}}],"collection":[{"href":"https:\/\/swoer.vn\/ms\/wp-json\/wp\/v2\/product"}],"about":[{"href":"https:\/\/swoer.vn\/ms\/wp-json\/wp\/v2\/types\/product"}],"replies":[{"embeddable":true,"href":"https:\/\/swoer.vn\/ms\/wp-json\/wp\/v2\/comments?post=8292"}],"wp:featuredmedia":[{"embeddable":true,"href":"https:\/\/swoer.vn\/ms\/wp-json\/wp\/v2\/media\/8293"}],"wp:attachment":[{"href":"https:\/\/swoer.vn\/ms\/wp-json\/wp\/v2\/media?parent=8292"}],"wp:term":[{"taxonomy":"product_brand","embeddable":true,"href":"https:\/\/swoer.vn\/ms\/wp-json\/wp\/v2\/product_brand?post=8292"},{"taxonomy":"product_cat","embeddable":true,"href":"https:\/\/swoer.vn\/ms\/wp-json\/wp\/v2\/product_cat?post=8292"},{"taxonomy":"product_tag","embeddable":true,"href":"https:\/\/swoer.vn\/ms\/wp-json\/wp\/v2\/product_tag?post=8292"}],"curies":[{"name":"wp","href":"https:\/\/api.w.org\/{rel}","templated":true}]}}