{"id":8274,"date":"2026-04-09T09:47:45","date_gmt":"2026-04-09T02:47:45","guid":{"rendered":"https:\/\/swoer.vn\/?post_type=product&#038;p=8274"},"modified":"2026-04-09T09:47:45","modified_gmt":"2026-04-09T02:47:45","slug":"bo-cap-lieu-rung-duong-ray-doi","status":"publish","type":"product","link":"https:\/\/swoer.vn\/ms\/manufacturer\/bo-cap-lieu-rung-duong-ray-doi\/","title":{"rendered":"B\u1ed9 c\u1ea5p li\u1ec7u rung \u0111\u01b0\u1eddng ray \u0111\u00f4i"},"content":{"rendered":"<h2><span style=\"font-weight: 400;\">C\u00e1c ph\u00e2n kh\u00fac t\u1ed1c \u0111\u1ed9 c\u1ea5p li\u1ec7u<\/span><\/h2>\n<ul>\n<li style=\"font-weight: 400;\" aria-level=\"1\"><b>Ph\u00e2n kh\u00fac ti\u00eau chu\u1ea9n:<\/b><span style=\"font-weight: 400;\"> \u0110\u1ed1i v\u1edbi c\u00e1c linh ki\u1ec7n nh\u1ecf v\u00e0 ph\u1ed5 th\u00f4ng, ph\u1ec5u rung \u0111\u01b0\u1ee3c thi\u1ebft k\u1ebf t\u1ed1t c\u00f3 th\u1ec3 \u0111\u1ea1t t\u1ed1c \u0111\u1ed9 t\u1eeb v\u00e0i ch\u1ee5c \u0111\u1ebfn h\u00e0ng tr\u0103m PPM.<\/span><\/li>\n<li style=\"font-weight: 400;\" aria-level=\"1\"><b>Ph\u00e2n kh\u00fac t\u1ed1c \u0111\u1ed9 cao:<\/b><span style=\"font-weight: 400;\"> Trong c\u00e1c k\u1ecbch b\u1ea3n \u0111\u01b0\u1ee3c t\u1ed1i \u01b0u h\u00f3a ho\u00e0n to\u00e0n, t\u1ed1c \u0111\u1ed9 c\u00f3 th\u1ec3 v\u01b0\u1ee3t ng\u01b0\u1ee1ng <\/span><b>1000 PPM<\/b><span style=\"font-weight: 400;\">.<\/span><\/li>\n<li style=\"font-weight: 400;\" aria-level=\"1\"><b>Ph\u00e2n kh\u00fac t\u1ed1c \u0111\u1ed9 th\u1ea5p:<\/b><span style=\"font-weight: 400;\"> \u0110\u1ed1i v\u1edbi c\u00e1c linh ki\u1ec7n tinh x\u1ea3o, h\u00ecnh d\u00e1ng ph\u1ee9c t\u1ea1p ho\u1eb7c d\u1ec5 v\u1ee1, t\u1ed1c \u0111\u1ed9 th\u01b0\u1eddng \u0111\u01b0\u1ee3c \u0111i\u1ec1u ch\u1ec9nh gi\u1ea3m xu\u1ed1ng \u0111\u1ec3 \u01b0u ti\u00ean s\u1ef1 \u1ed5n \u0111\u1ecbnh.<\/span><\/li>\n<\/ul>\n<h2><span style=\"font-weight: 400;\">C\u00e1c y\u1ebfu t\u1ed1 then ch\u1ed1t \u1ea3nh h\u01b0\u1edfng \u0111\u1ebfn t\u1ed1c \u0111\u1ed9<\/span><\/h2>\n<p><span style=\"font-weight: 400;\">\u0110\u1ec3 \u0111\u1ea1t \u0111\u01b0\u1ee3c hi\u1ec7u su\u1ea5t t\u1ed1i \u0111a, h\u1ec7 th\u1ed1ng \u0111\u01b0\u1eddng ray \u0111\u00f4i c\u1ea7n \u0111\u01b0\u1ee3c tinh ch\u1ec9nh d\u1ef1a tr\u00ean:<\/span><\/p>\n<h3><span style=\"font-weight: 400;\">\u0110\u1eb7c t\u00ednh linh ki\u1ec7n:<\/span><\/h3>\n<ul>\n<li style=\"font-weight: 400;\" aria-level=\"1\"><b>K\u00edch th\u01b0\u1edbc &amp; Tr\u1ecdng l\u01b0\u1ee3ng:<\/b><span style=\"font-weight: 400;\"> Linh ki\u1ec7n c\u00e0ng nh\u1ecf v\u00e0 nh\u1eb9 th\u00ec kh\u1ea3 n\u0103ng c\u1ea5p li\u1ec7u c\u00e0ng nhanh.<\/span><\/li>\n<li style=\"font-weight: 400;\" aria-level=\"1\"><b>\u0110\u1ed9 ph\u1ee9c t\u1ea1p c\u1ee7a h\u00ecnh d\u00e1ng:<\/b><span style=\"font-weight: 400;\"> Nh\u1eefng h\u00ecnh kh\u1ed1i \u0111\u01a1n gi\u1ea3n, \u0111\u1ed3ng nh\u1ea5t cho ph\u00e9p \u0111\u1ea1t t\u1ed1c \u0111\u1ed9 cao h\u01a1n.<\/span><\/li>\n<li style=\"font-weight: 400;\" aria-level=\"1\"><b>Ma s\u00e1t b\u1ec1 m\u1eb7t:<\/b><span style=\"font-weight: 400;\"> Linh ki\u1ec7n c\u00f3 b\u1ec1 m\u1eb7t tr\u01a1n nh\u1eb5n s\u1ebd di chuy\u1ec3n t\u1ef1 do v\u00e0 nhanh ch\u00f3ng h\u01a1n tr\u00ean \u0111\u01b0\u1eddng ray.<\/span><\/li>\n<\/ul>\n<h3><span style=\"font-weight: 400;\">Thi\u1ebft k\u1ebf v\u00e0 t\u00ecnh tr\u1ea1ng ph\u1ec5u:<\/span><\/h3>\n<ul>\n<li style=\"font-weight: 400;\" aria-level=\"1\"><b>Thi\u1ebft k\u1ebf \u0111\u01b0\u1eddng ray (Track Design):<\/b><span style=\"font-weight: 400;\"> \u1ea2nh h\u01b0\u1edfng tr\u1ef1c ti\u1ebfp \u0111\u1ebfn hi\u1ec7u qu\u1ea3 d\u00f2ng ch\u1ea3y v\u1eadt li\u1ec7u.<\/span><\/li>\n<li style=\"font-weight: 400;\" aria-level=\"1\"><b>Hi\u1ec7u ch\u1ec9nh rung (Tuning):<\/b><span style=\"font-weight: 400;\"> Bi\u00ean \u0111\u1ed9 v\u00e0 t\u1ea7n s\u1ed1 rung ph\u1ea3i \u0111\u01b0\u1ee3c tinh ch\u1ec9nh ch\u00ednh x\u00e1c tuy\u1ec7t \u0111\u1ed1i.<\/span><\/li>\n<li style=\"font-weight: 400;\" aria-level=\"1\"><b>X\u1eed l\u00fd b\u1ec1 m\u1eb7t:<\/b><span style=\"font-weight: 400;\"> C\u00e1c l\u1edbp ph\u1ee7 gi\u1ea3m ma s\u00e1t (nh\u01b0 Teflon) c\u00f3 th\u1ec3 gi\u00fap t\u0103ng t\u1ed1c \u0111\u1ed9 \u0111\u00e1ng k\u1ec3.<\/span><\/li>\n<li style=\"font-weight: 400;\" aria-level=\"1\"><b>Penyelenggaraan:<\/b><span style=\"font-weight: 400;\"> \u0110\u1ed9 m\u00f2n v\u00e0 \u0111\u1ed9 s\u1ea1ch c\u1ee7a b\u1ec1 m\u1eb7t ph\u1ec5u quy\u1ebft \u0111\u1ecbnh t\u00ednh \u1ed5n \u0111\u1ecbnh l\u00e2u d\u00e0i.<\/span><\/li>\n<\/ul>\n<h2><span style=\"font-weight: 400;\">C\u00e1ch \u0111\u00e1nh gi\u00e1 t\u1ed1c \u0111\u1ed9 hi\u1ec7u qu\u1ea3<\/span><\/h2>\n<p><span style=\"font-weight: 400;\">Kh\u00e1i ni\u1ec7m &#8220;T\u1ed1c \u0111\u1ed9 ph\u1ec5u&#8221; th\u1ef1c t\u1ebf bao g\u1ed3m hai y\u1ebfu t\u1ed1:<\/span><\/p>\n<ol>\n<li style=\"font-weight: 400;\" aria-level=\"1\"><b>T\u1ed1c \u0111\u1ed9 v\u1eadn chuy\u1ec3n:<\/b><span style=\"font-weight: 400;\"> Linh ki\u1ec7n di chuy\u1ec3n nhanh th\u1ebf n\u00e0o tr\u00ean \u0111\u01b0\u1eddng ray.<\/span><\/li>\n<li style=\"font-weight: 400;\" aria-level=\"1\"><b>Hi\u1ec7u su\u1ea5t \u0111\u1ea7u ra:<\/b><span style=\"font-weight: 400;\"> T\u1ef7 l\u1ec7 linh ki\u1ec7n \u0111\u01b0\u1ee3c \u0111\u1ecbnh h\u01b0\u1edbng \u0111\u00fang v\u00e0 b\u00e0n giao th\u00e0nh c\u00f4ng. <\/span><b>\u0110\u00e2y l\u00e0 ch\u1ec9 s\u1ed1 quan tr\u1ecdng nh\u1ea5t trong s\u1ea3n xu\u1ea5t.<\/b><\/li>\n<\/ol>","protected":false},"excerpt":{"rendered":"<p><span style=\"font-weight: 400;\">Trong t\u1ef1 \u0111\u1ed9ng h\u00f3a, t\u1ed1c \u0111\u1ed9 c\u1ee7a ph\u1ec5u rung th\u01b0\u1eddng \u0111\u01b0\u1ee3c \u0111o b\u1eb1ng s\u1ed1 l\u01b0\u1ee3ng s\u1ea3n ph\u1ea9m tr\u00ean ph\u00fat (<\/span><b>PPM &#8211; Parts Per Minute<\/b><span style=\"font-weight: 400;\">). \u0110\u00e2y l\u00e0 m\u1ed9t ch\u1ec9 s\u1ed1 hi\u1ec7u su\u1ea5t ph\u1ee9c t\u1ea1p, ch\u1ecbu \u1ea3nh h\u01b0\u1edfng b\u1edfi nhi\u1ec1u y\u1ebfu t\u1ed1 k\u1ef9 thu\u1eadt. V\u1edbi thi\u1ebft k\u1ebf \u0111\u01b0\u1eddng ray \u0111\u00f4i (Dual-Track), SWOER gi\u00fap doanh nghi\u1ec7p nh\u00e2n \u0111\u00f4i s\u1ea3n l\u01b0\u1ee3ng tr\u00ean c\u00f9ng m\u1ed9t thi\u1ebft b\u1ecb m\u00e0 v\u1eabn \u0111\u1ea3m b\u1ea3o \u0111\u1ed9 \u1ed5n \u0111\u1ecbnh tuy\u1ec7t \u0111\u1ed1i.<\/span><\/p>","protected":false},"featured_media":8275,"comment_status":"open","ping_status":"closed","template":"","meta":[],"product_brand":[],"product_cat":[106],"product_tag":[172,43,107,102,249],"class_list":{"0":"post-8274","1":"product","2":"type-product","3":"status-publish","4":"has-post-thumbnail","6":"product_cat-mam-rung-cap-phoi","7":"product_tag-bo-cap-lieu-rung","8":"product_tag-mam-rung","9":"product_tag-may-cap-lieu-rung","10":"product_tag-pheu-rung-cap-phoi","11":"product_tag-vibratory-bowl-feeder","13":"first","14":"instock","15":"shipping-taxable","16":"product-type-simple"},"yoast_head":"<!-- This site is optimized with the Yoast SEO plugin v26.0 - https:\/\/yoast.com\/wordpress\/plugins\/seo\/ -->\n<title>B\u1ed9 c\u1ea5p li\u1ec7u rung \u0111\u01b0\u1eddng ray \u0111\u00f4i - Nh\u00e0 s\u1ea3n xu\u1ea5t m\u00e1y c\u1ea5p li\u1ec7u c\u00f4ng nghi\u1ec7p<\/title>\n<meta name=\"description\" content=\"Ph\u1ec5u rung \u0111\u01b0\u1eddng ray \u0111\u00f4i SWOER: Gi\u1ea3i ph\u00e1p nh\u00e2n \u0111\u00f4i c\u00f4ng su\u1ea5t c\u1ea5p li\u1ec7u (PPM). Thi\u1ebft k\u1ebf t\u1ed1i \u01b0u cho t\u1ed1c \u0111\u1ed9 cao, v\u1eadn h\u00e0nh \u1ed5n \u0111\u1ecbnh v\u00e0 ch\u00ednh x\u00e1c. B\u1ea3o h\u00e0nh 1 n\u0103m\" \/>\n<meta name=\"robots\" content=\"index, follow, max-snippet:-1, max-image-preview:large, max-video-preview:-1\" \/>\n<link rel=\"canonical\" href=\"https:\/\/swoer.vn\/ms\/manufacturer\/bo-cap-lieu-rung-duong-ray-doi\/\" \/>\n<meta property=\"og:locale\" content=\"ms_MY\" \/>\n<meta property=\"og:type\" content=\"article\" \/>\n<meta property=\"og:title\" content=\"B\u1ed9 c\u1ea5p li\u1ec7u rung \u0111\u01b0\u1eddng ray \u0111\u00f4i - Nh\u00e0 s\u1ea3n xu\u1ea5t m\u00e1y c\u1ea5p li\u1ec7u c\u00f4ng nghi\u1ec7p\" \/>\n<meta property=\"og:description\" content=\"Ph\u1ec5u rung \u0111\u01b0\u1eddng ray \u0111\u00f4i SWOER: Gi\u1ea3i ph\u00e1p nh\u00e2n \u0111\u00f4i c\u00f4ng su\u1ea5t c\u1ea5p li\u1ec7u (PPM). Thi\u1ebft k\u1ebf t\u1ed1i \u01b0u cho t\u1ed1c \u0111\u1ed9 cao, v\u1eadn h\u00e0nh \u1ed5n \u0111\u1ecbnh v\u00e0 ch\u00ednh x\u00e1c. B\u1ea3o h\u00e0nh 1 n\u0103m\" \/>\n<meta property=\"og:url\" content=\"https:\/\/swoer.vn\/ms\/manufacturer\/bo-cap-lieu-rung-duong-ray-doi\/\" \/>\n<meta property=\"og:site_name\" content=\"Nh\u00e0 s\u1ea3n xu\u1ea5t m\u00e1y c\u1ea5p li\u1ec7u c\u00f4ng nghi\u1ec7p\" \/>\n<meta property=\"og:image\" content=\"https:\/\/swoer.vn\/wp-content\/uploads\/2026\/04\/MAY-CAP-LIEU-RUNG-DUONG-RAY-DOI-1-1.png\" \/>\n\t<meta property=\"og:image:width\" content=\"800\" \/>\n\t<meta property=\"og:image:height\" content=\"800\" \/>\n\t<meta property=\"og:image:type\" content=\"image\/png\" \/>\n<meta name=\"twitter:card\" content=\"summary_large_image\" \/>\n<meta name=\"twitter:label1\" content=\"Est. reading time\" \/>\n\t<meta name=\"twitter:data1\" content=\"2 minit\" \/>\n<script type=\"application\/ld+json\" class=\"yoast-schema-graph\">{\"@context\":\"https:\/\/schema.org\",\"@graph\":[{\"@type\":\"WebPage\",\"@id\":\"https:\/\/swoer.vn\/manufacturer\/bo-cap-lieu-rung-duong-ray-doi\/\",\"url\":\"https:\/\/swoer.vn\/manufacturer\/bo-cap-lieu-rung-duong-ray-doi\/\",\"name\":\"B\u1ed9 c\u1ea5p li\u1ec7u rung \u0111\u01b0\u1eddng ray \u0111\u00f4i - Nh\u00e0 s\u1ea3n xu\u1ea5t m\u00e1y c\u1ea5p li\u1ec7u c\u00f4ng nghi\u1ec7p\",\"isPartOf\":{\"@id\":\"https:\/\/swoer.vn\/#website\"},\"primaryImageOfPage\":{\"@id\":\"https:\/\/swoer.vn\/manufacturer\/bo-cap-lieu-rung-duong-ray-doi\/#primaryimage\"},\"image\":{\"@id\":\"https:\/\/swoer.vn\/manufacturer\/bo-cap-lieu-rung-duong-ray-doi\/#primaryimage\"},\"thumbnailUrl\":\"https:\/\/swoer.vn\/wp-content\/uploads\/2026\/04\/MAY-CAP-LIEU-RUNG-DUONG-RAY-DOI-1-1.png\",\"datePublished\":\"2026-04-09T02:47:45+00:00\",\"description\":\"Ph\u1ec5u rung \u0111\u01b0\u1eddng ray \u0111\u00f4i SWOER: Gi\u1ea3i ph\u00e1p nh\u00e2n \u0111\u00f4i c\u00f4ng su\u1ea5t c\u1ea5p li\u1ec7u (PPM). Thi\u1ebft k\u1ebf t\u1ed1i \u01b0u cho t\u1ed1c \u0111\u1ed9 cao, v\u1eadn h\u00e0nh \u1ed5n \u0111\u1ecbnh v\u00e0 ch\u00ednh x\u00e1c. B\u1ea3o h\u00e0nh 1 n\u0103m\",\"breadcrumb\":{\"@id\":\"https:\/\/swoer.vn\/manufacturer\/bo-cap-lieu-rung-duong-ray-doi\/#breadcrumb\"},\"inLanguage\":\"ms-MY\",\"potentialAction\":[{\"@type\":\"ReadAction\",\"target\":[\"https:\/\/swoer.vn\/manufacturer\/bo-cap-lieu-rung-duong-ray-doi\/\"]}]},{\"@type\":\"ImageObject\",\"inLanguage\":\"ms-MY\",\"@id\":\"https:\/\/swoer.vn\/manufacturer\/bo-cap-lieu-rung-duong-ray-doi\/#primaryimage\",\"url\":\"https:\/\/swoer.vn\/wp-content\/uploads\/2026\/04\/MAY-CAP-LIEU-RUNG-DUONG-RAY-DOI-1-1.png\",\"contentUrl\":\"https:\/\/swoer.vn\/wp-content\/uploads\/2026\/04\/MAY-CAP-LIEU-RUNG-DUONG-RAY-DOI-1-1.png\",\"width\":800,\"height\":800,\"caption\":\"B\u1ed9 c\u1ea5p li\u1ec7u rung \u0111\u01b0\u1eddng ray \u0111\u00f4i\"},{\"@type\":\"BreadcrumbList\",\"@id\":\"https:\/\/swoer.vn\/manufacturer\/bo-cap-lieu-rung-duong-ray-doi\/#breadcrumb\",\"itemListElement\":[{\"@type\":\"ListItem\",\"position\":1,\"name\":\"Home\",\"item\":\"https:\/\/swoer.vn\/\"},{\"@type\":\"ListItem\",\"position\":2,\"name\":\"S\u1ea3n ph\u1ea9m\",\"item\":\"https:\/\/swoer.vn\/shop\/\"},{\"@type\":\"ListItem\",\"position\":3,\"name\":\"B\u1ed9 c\u1ea5p li\u1ec7u rung \u0111\u01b0\u1eddng ray \u0111\u00f4i\"}]},{\"@type\":\"WebSite\",\"@id\":\"https:\/\/swoer.vn\/#website\",\"url\":\"https:\/\/swoer.vn\/\",\"name\":\"Nh\u00e0 s\u1ea3n xu\u1ea5t m\u00e1y c\u1ea5p li\u1ec7u c\u00f4ng nghi\u1ec7p\",\"description\":\"Nh\u00e0 cung c\u1ea5p robot, m\u00e1y c\u1ea5p li\u1ec7u linh ho\u1ea1t, m\u00e1y c\u1ea5p li\u1ec7u ly t\u00e2m, m\u00e1y c\u1ea5p li\u1ec7u rung t\u1ef1 \u0111\u1ed9ng\",\"potentialAction\":[{\"@type\":\"SearchAction\",\"target\":{\"@type\":\"EntryPoint\",\"urlTemplate\":\"https:\/\/swoer.vn\/?s={search_term_string}\"},\"query-input\":{\"@type\":\"PropertyValueSpecification\",\"valueRequired\":true,\"valueName\":\"search_term_string\"}}],\"inLanguage\":\"ms-MY\"}]}<\/script>\n<!-- \/ Yoast SEO plugin. -->","yoast_head_json":{"title":"B\u1ed9 c\u1ea5p li\u1ec7u rung \u0111\u01b0\u1eddng ray \u0111\u00f4i - Nh\u00e0 s\u1ea3n xu\u1ea5t m\u00e1y c\u1ea5p li\u1ec7u c\u00f4ng nghi\u1ec7p","description":"Ph\u1ec5u rung \u0111\u01b0\u1eddng ray \u0111\u00f4i SWOER: Gi\u1ea3i ph\u00e1p nh\u00e2n \u0111\u00f4i c\u00f4ng su\u1ea5t c\u1ea5p li\u1ec7u (PPM). Thi\u1ebft k\u1ebf t\u1ed1i \u01b0u cho t\u1ed1c \u0111\u1ed9 cao, v\u1eadn h\u00e0nh \u1ed5n \u0111\u1ecbnh v\u00e0 ch\u00ednh x\u00e1c. B\u1ea3o h\u00e0nh 1 n\u0103m","robots":{"index":"index","follow":"follow","max-snippet":"max-snippet:-1","max-image-preview":"max-image-preview:large","max-video-preview":"max-video-preview:-1"},"canonical":"https:\/\/swoer.vn\/ms\/manufacturer\/bo-cap-lieu-rung-duong-ray-doi\/","og_locale":"ms_MY","og_type":"article","og_title":"B\u1ed9 c\u1ea5p li\u1ec7u rung \u0111\u01b0\u1eddng ray \u0111\u00f4i - Nh\u00e0 s\u1ea3n xu\u1ea5t m\u00e1y c\u1ea5p li\u1ec7u c\u00f4ng nghi\u1ec7p","og_description":"Ph\u1ec5u rung \u0111\u01b0\u1eddng ray \u0111\u00f4i SWOER: Gi\u1ea3i ph\u00e1p nh\u00e2n \u0111\u00f4i c\u00f4ng su\u1ea5t c\u1ea5p li\u1ec7u (PPM). Thi\u1ebft k\u1ebf t\u1ed1i \u01b0u cho t\u1ed1c \u0111\u1ed9 cao, v\u1eadn h\u00e0nh \u1ed5n \u0111\u1ecbnh v\u00e0 ch\u00ednh x\u00e1c. B\u1ea3o h\u00e0nh 1 n\u0103m","og_url":"https:\/\/swoer.vn\/ms\/manufacturer\/bo-cap-lieu-rung-duong-ray-doi\/","og_site_name":"Nh\u00e0 s\u1ea3n xu\u1ea5t m\u00e1y c\u1ea5p li\u1ec7u c\u00f4ng nghi\u1ec7p","og_image":[{"width":800,"height":800,"url":"https:\/\/swoer.vn\/wp-content\/uploads\/2026\/04\/MAY-CAP-LIEU-RUNG-DUONG-RAY-DOI-1-1.png","type":"image\/png"}],"twitter_card":"summary_large_image","twitter_misc":{"Est. reading time":"2 minit"},"schema":{"@context":"https:\/\/schema.org","@graph":[{"@type":"WebPage","@id":"https:\/\/swoer.vn\/manufacturer\/bo-cap-lieu-rung-duong-ray-doi\/","url":"https:\/\/swoer.vn\/manufacturer\/bo-cap-lieu-rung-duong-ray-doi\/","name":"B\u1ed9 c\u1ea5p li\u1ec7u rung \u0111\u01b0\u1eddng ray \u0111\u00f4i - Nh\u00e0 s\u1ea3n xu\u1ea5t m\u00e1y c\u1ea5p li\u1ec7u c\u00f4ng nghi\u1ec7p","isPartOf":{"@id":"https:\/\/swoer.vn\/#website"},"primaryImageOfPage":{"@id":"https:\/\/swoer.vn\/manufacturer\/bo-cap-lieu-rung-duong-ray-doi\/#primaryimage"},"image":{"@id":"https:\/\/swoer.vn\/manufacturer\/bo-cap-lieu-rung-duong-ray-doi\/#primaryimage"},"thumbnailUrl":"https:\/\/swoer.vn\/wp-content\/uploads\/2026\/04\/MAY-CAP-LIEU-RUNG-DUONG-RAY-DOI-1-1.png","datePublished":"2026-04-09T02:47:45+00:00","description":"Ph\u1ec5u rung \u0111\u01b0\u1eddng ray \u0111\u00f4i SWOER: Gi\u1ea3i ph\u00e1p nh\u00e2n \u0111\u00f4i c\u00f4ng su\u1ea5t c\u1ea5p li\u1ec7u (PPM). Thi\u1ebft k\u1ebf t\u1ed1i \u01b0u cho t\u1ed1c \u0111\u1ed9 cao, v\u1eadn h\u00e0nh \u1ed5n \u0111\u1ecbnh v\u00e0 ch\u00ednh x\u00e1c. B\u1ea3o h\u00e0nh 1 n\u0103m","breadcrumb":{"@id":"https:\/\/swoer.vn\/manufacturer\/bo-cap-lieu-rung-duong-ray-doi\/#breadcrumb"},"inLanguage":"ms-MY","potentialAction":[{"@type":"ReadAction","target":["https:\/\/swoer.vn\/manufacturer\/bo-cap-lieu-rung-duong-ray-doi\/"]}]},{"@type":"ImageObject","inLanguage":"ms-MY","@id":"https:\/\/swoer.vn\/manufacturer\/bo-cap-lieu-rung-duong-ray-doi\/#primaryimage","url":"https:\/\/swoer.vn\/wp-content\/uploads\/2026\/04\/MAY-CAP-LIEU-RUNG-DUONG-RAY-DOI-1-1.png","contentUrl":"https:\/\/swoer.vn\/wp-content\/uploads\/2026\/04\/MAY-CAP-LIEU-RUNG-DUONG-RAY-DOI-1-1.png","width":800,"height":800,"caption":"B\u1ed9 c\u1ea5p li\u1ec7u rung \u0111\u01b0\u1eddng ray \u0111\u00f4i"},{"@type":"BreadcrumbList","@id":"https:\/\/swoer.vn\/manufacturer\/bo-cap-lieu-rung-duong-ray-doi\/#breadcrumb","itemListElement":[{"@type":"ListItem","position":1,"name":"Home","item":"https:\/\/swoer.vn\/"},{"@type":"ListItem","position":2,"name":"S\u1ea3n ph\u1ea9m","item":"https:\/\/swoer.vn\/shop\/"},{"@type":"ListItem","position":3,"name":"B\u1ed9 c\u1ea5p li\u1ec7u rung \u0111\u01b0\u1eddng ray \u0111\u00f4i"}]},{"@type":"WebSite","@id":"https:\/\/swoer.vn\/#website","url":"https:\/\/swoer.vn\/","name":"Pengeluar Pengumpan Perindustrian","description":"Pembekal robot, penyuap fleksibel, penyuap emparan, penyuap bergetar automatik","potentialAction":[{"@type":"SearchAction","target":{"@type":"EntryPoint","urlTemplate":"https:\/\/swoer.vn\/?s={search_term_string}"},"query-input":{"@type":"PropertyValueSpecification","valueRequired":true,"valueName":"search_term_string"}}],"inLanguage":"ms-MY"}]}},"_links":{"self":[{"href":"https:\/\/swoer.vn\/ms\/wp-json\/wp\/v2\/product\/8274","targetHints":{"allow":["GET"]}}],"collection":[{"href":"https:\/\/swoer.vn\/ms\/wp-json\/wp\/v2\/product"}],"about":[{"href":"https:\/\/swoer.vn\/ms\/wp-json\/wp\/v2\/types\/product"}],"replies":[{"embeddable":true,"href":"https:\/\/swoer.vn\/ms\/wp-json\/wp\/v2\/comments?post=8274"}],"wp:featuredmedia":[{"embeddable":true,"href":"https:\/\/swoer.vn\/ms\/wp-json\/wp\/v2\/media\/8275"}],"wp:attachment":[{"href":"https:\/\/swoer.vn\/ms\/wp-json\/wp\/v2\/media?parent=8274"}],"wp:term":[{"taxonomy":"product_brand","embeddable":true,"href":"https:\/\/swoer.vn\/ms\/wp-json\/wp\/v2\/product_brand?post=8274"},{"taxonomy":"product_cat","embeddable":true,"href":"https:\/\/swoer.vn\/ms\/wp-json\/wp\/v2\/product_cat?post=8274"},{"taxonomy":"product_tag","embeddable":true,"href":"https:\/\/swoer.vn\/ms\/wp-json\/wp\/v2\/product_tag?post=8274"}],"curies":[{"name":"wp","href":"https:\/\/api.w.org\/{rel}","templated":true}]}}