{"id":8214,"date":"2026-04-04T08:30:14","date_gmt":"2026-04-04T01:30:14","guid":{"rendered":"https:\/\/swoer.vn\/?post_type=product&#038;p=8214"},"modified":"2026-04-04T08:30:15","modified_gmt":"2026-04-04T01:30:15","slug":"mam-rung-voi-he-thong-ccd","status":"publish","type":"product","link":"https:\/\/swoer.vn\/ms\/manufacturer\/mam-rung-voi-he-thong-ccd\/","title":{"rendered":"M\u00e2m rung v\u1edbi h\u1ec7 th\u1ed1ng CCD"},"content":{"rendered":"<h2><span style=\"font-weight: 400;\">L\u1ee3i \u00edch c\u1ed1t l\u00f5i<\/span><\/h2>\n<h3><span style=\"font-weight: 400;\">\u0110\u1ed9 ch\u00ednh x\u00e1c h\u01b0\u1edbng g\u1ea7n nh\u01b0 tuy\u1ec7t \u0111\u1ed1i:<\/span><\/h3>\n<ul>\n<li style=\"font-weight: 400;\" aria-level=\"1\"><b>M\u00f4 t\u1ea3:<\/b><span style=\"font-weight: 400;\"> H\u1ec7 th\u1ed1ng th\u1ecb gi\u00e1c c\u00f3 th\u1ec3 nh\u1eadn di\u1ec7n c\u00e1c chi ti\u1ebft si\u00eau nh\u1ecf, \u0111\u1ea3m b\u1ea3o h\u1ea7u nh\u01b0 m\u1ecdi b\u1ed9 ph\u1eadn \u0111\u1ec1u \u0111\u01b0\u1ee3c \u0111\u1ecbnh h\u01b0\u1edbng ch\u00ednh x\u00e1c tr\u01b0\u1edbc khi ra kh\u1ecfi ph\u1ec5u.<\/span><\/li>\n<li style=\"font-weight: 400;\" aria-level=\"1\"><b>Faedah:<\/b><span style=\"font-weight: 400;\"> Lo\u1ea1i b\u1ecf th\u1eddi gian d\u1eebng m\u00e1y v\u00e0 c\u00e1c l\u1ed7i s\u1ea3n ph\u1ea9m do linh ki\u1ec7n sai h\u01b0\u1edbng, gi\u00fap t\u0103ng \u0111\u00e1ng k\u1ec3 t\u1ef7 l\u1ec7 s\u1ea3n ph\u1ea9m \u0111\u1ea1t chu\u1ea9n ngay t\u1eeb l\u1ea7n \u0111\u1ea7u (First-pass yield).<\/span><\/li>\n<\/ul>\n<h3><span style=\"font-weight: 400;\">Ki\u1ec3m tra ch\u1ea5t l\u01b0\u1ee3ng tr\u1ef1c tuy\u1ebfn t\u00edch h\u1ee3p:<\/span><\/h3>\n<ul>\n<li style=\"font-weight: 400;\" aria-level=\"1\"><b>M\u00f4 t\u1ea3:<\/b><span style=\"font-weight: 400;\"> Camera th\u1ef1c hi\u1ec7n ki\u1ec3m tra ch\u1ea5t l\u01b0\u1ee3ng s\u1ea3n ph\u1ea9m song song v\u1edbi qu\u00e1 tr\u00ecnh \u0111\u1ecbnh h\u01b0\u1edbng.<\/span><\/li>\n<li style=\"font-weight: 400;\" aria-level=\"1\"><b>Faedah:<\/b><span style=\"font-weight: 400;\"> T\u1ef1 \u0111\u1ed9ng lo\u1ea1i b\u1ecf theo th\u1eddi gian th\u1ef1c c\u00e1c chi ti\u1ebft l\u1ed7i k\u00edch th\u01b0\u1edbc, c\u00f3 g\u1edd (ba via), tr\u1ea7y x\u01b0\u1edbc, nhi\u1ec5m b\u1ea9n ho\u1eb7c thi\u1ebfu chi ti\u1ebft. \u0110i\u1ec1u n\u00e0y gi\u00fap ki\u1ec3m so\u00e1t ch\u1ea5t l\u01b0\u1ee3ng ngay t\u1ea1i ngu\u1ed3n.<\/span><\/li>\n<\/ul>\n<h3><span style=\"font-weight: 400;\">T\u00ednh linh ho\u1ea1t cao &amp; chuy\u1ec3n \u0111\u1ed5i nhanh:<\/span><\/h3>\n<ul>\n<li style=\"font-weight: 400;\" aria-level=\"1\"><b>M\u00f4 t\u1ea3:<\/b><span style=\"font-weight: 400;\"> Khi thay \u0111\u1ed5i s\u1ea3n ph\u1ea9m, b\u1ea1n ch\u1ec9 c\u1ea7n thay \u0111\u1ed5i ch\u01b0\u01a1ng tr\u00ecnh ph\u1ea7n m\u1ec1m thay v\u00ec ph\u1ea3i \u0111i\u1ec1u ch\u1ec9nh ho\u1eb7c thay th\u1ebf c\u00e1c c\u01a1 c\u1ea5u c\u01a1 kh\u00ed ph\u1ee9c t\u1ea1p.<\/span><\/li>\n<li style=\"font-weight: 400;\" aria-level=\"1\"><b>Faedah:<\/b><span style=\"font-weight: 400;\"> R\u00fat ng\u1eafn th\u1eddi gian chuy\u1ec3n \u0111\u1ed5i m\u00e3 h\u00e0ng t\u1eeb h\u00e0ng gi\u1edd xu\u1ed1ng c\u00f2n v\u00e0i ph\u00fat, c\u1ef1c k\u1ef3 ph\u00f9 h\u1ee3p cho m\u00f4 h\u00ecnh s\u1ea3n xu\u1ea5t nhi\u1ec1u ch\u1ee7ng lo\u1ea1i v\u1edbi s\u1ed1 l\u01b0\u1ee3ng nh\u1ecf (High-mix, Low-volume).<\/span><\/li>\n<\/ul>\n<h3><span style=\"font-weight: 400;\">Cung c\u1ea5p &#8220;\u0110\u00f4i m\u1eaft&#8221; ch\u00ednh x\u00e1c cho Robot:<\/span><\/h3>\n<ul>\n<li style=\"font-weight: 400;\" aria-level=\"1\"><b>M\u00f4 t\u1ea3:<\/b><span style=\"font-weight: 400;\"> H\u1ec7 th\u1ed1ng t\u00ednh to\u00e1n ch\u00ednh x\u00e1c t\u1ecda \u0111\u1ed9 X, Y v\u00e0 g\u00f3c xoay (\u03b8) c\u1ee7a linh ki\u1ec7n.<\/span><\/li>\n<li style=\"font-weight: 400;\" aria-level=\"1\"><b>Faedah:<\/b><span style=\"font-weight: 400;\"> Cho ph\u00e9p Robot th\u1ef1c hi\u1ec7n c\u00e1c thao t\u00e1c g\u1eafp &#8211; \u0111\u1eb7t c\u00f3 \u0111\u1ed9 ch\u00ednh x\u00e1c cao v\u00e0 kh\u1ea3 n\u0103ng th\u00edch \u1ee9ng linh ho\u1ea1t, gi\u1ea3i quy\u1ebft tri\u1ec7t \u0111\u1ec3 th\u00e1ch th\u1ee9c &#8220;robot g\u1eafp m\u00f9&#8221;.<\/span><\/li>\n<\/ul>\n<h2><span style=\"font-weight: 400;\">Ch\u1ee9c n\u0103ng ch\u00ednh<\/span><\/h2>\n<ol>\n<li style=\"font-weight: 400;\" aria-level=\"1\"><b>\u0110\u1ecbnh v\u1ecb ch\u00ednh x\u00e1c:<\/b><span style=\"font-weight: 400;\"> X\u00e1c \u0111\u1ecbnh v\u1ecb tr\u00ed v\u00e0 h\u01b0\u1edbng chu\u1ea9n c\u1ee7a linh ki\u1ec7n cho c\u00e1c c\u00f4ng \u0111o\u1ea1n t\u1ef1 \u0111\u1ed9ng h\u00f3a h\u1ea1 ngu\u1ed3n.<\/span><\/li>\n<li style=\"font-weight: 400;\" aria-level=\"1\"><b>Ph\u00e2n lo\u1ea1i v\u00e0 s\u00e0ng l\u1ecdc:<\/b><span style=\"font-weight: 400;\"> T\u00e1ch bi\u1ec7t c\u00e1c b\u1ed9 ph\u1eadn \u0111\u1ea1t ti\u00eau chu\u1ea9n v\u00e0 c\u00e1c s\u1ea3n ph\u1ea9m l\u1ed7i d\u1ef1a tr\u00ean c\u00e1c ti\u00eau ch\u00ed \u0111\u00e3 thi\u1ebft l\u1eadp s\u1eb5n.<\/span><\/li>\n<li style=\"font-weight: 400;\" aria-level=\"1\"><b>Truy xu\u1ea5t ngu\u1ed3n g\u1ed1c d\u1eef li\u1ec7u:<\/b><span style=\"font-weight: 400;\"> Ghi l\u1ea1i s\u1ed1 l\u01b0\u1ee3ng s\u1ea3n xu\u1ea5t, t\u1ef7 l\u1ec7 \u0111\u1ea1t v\u00e0 c\u00e1c lo\u1ea1i l\u1ed7i ph\u1ed5 bi\u1ebfn \u0111\u1ec3 ph\u1ee5c v\u1ee5 qu\u1ea3n l\u00fd quy tr\u00ecnh v\u00e0 c\u1ea3i ti\u1ebfn ch\u1ea5t l\u01b0\u1ee3ng.<\/span><\/li>\n<\/ol>\n<p><span style=\"font-weight: 400;\">Vi\u1ec7c th\u00eam camera gi\u00fap bi\u1ebfn ph\u1ec5u rung th\u00e0nh m\u1ed9t h\u1ec7 th\u1ed1ng c\u1ea3m bi\u1ebfn th\u00f4ng minh. Gi\u00e1 tr\u1ecb c\u1ed1t l\u00f5i n\u1eb1m \u1edf s\u1ef1 k\u1ebft h\u1ee3p gi\u1eefa <\/span><b>\u0111\u1ed9 ch\u00ednh x\u00e1c, ki\u1ec3m so\u00e1t ch\u1ea5t l\u01b0\u1ee3ng, t\u00ednh linh ho\u1ea1t v\u00e0 kh\u1ea3 n\u0103ng truy xu\u1ea5t<\/b><span style=\"font-weight: 400;\"> \u2013 nh\u1eefng b\u01b0\u1edbc \u0111\u1ec7m then ch\u1ed1t ti\u1ebfn t\u1edbi s\u1ea3n xu\u1ea5t t\u1ef1 \u0111\u1ed9ng h\u00f3a n\u00e2ng cao.<\/span><\/p>","protected":false},"excerpt":{"rendered":"<p><span style=\"font-weight: 400;\">Vi\u1ec7c t\u00edch h\u1ee3p camera v\u00e0o ph\u1ec5u rung \u0111i\u1ec7n t\u1eeb kh\u00f4ng ch\u1ec9 \u0111\u01a1n thu\u1ea7n l\u00e0 n\u00e2ng c\u1ea5p thi\u1ebft b\u1ecb, m\u00e0 c\u00f2n l\u00e0 b\u01b0\u1edbc chuy\u1ec3n m\u00ecnh t\u1eeb m\u1ed9t b\u1ed9 ph\u00e2n lo\u1ea1i c\u01a1 kh\u00ed truy\u1ec1n th\u1ed1ng th\u00e0nh m\u1ed9t n\u00fat \u0111i\u1ec1u khi\u1ec3n v\u00e0 c\u1ea3m bi\u1ebfn th\u00f4ng minh.\u00a0<\/span><\/p>","protected":false},"featured_media":8215,"comment_status":"open","ping_status":"closed","template":"","meta":[],"product_brand":[],"product_cat":[221],"product_tag":[243,244,245],"class_list":{"0":"post-8214","1":"product","2":"type-product","3":"status-publish","4":"has-post-thumbnail","6":"product_cat-he-thong-vision-ccd","7":"product_tag-he-thong-ccd","8":"product_tag-mam-rung-voi-he-thong-ccd","9":"product_tag-vision-ccd","11":"first","12":"instock","13":"shipping-taxable","14":"product-type-simple"},"yoast_head":"<!-- This site is optimized with the Yoast SEO plugin v26.0 - https:\/\/yoast.com\/wordpress\/plugins\/seo\/ -->\n<title>M\u00e2m rung v\u1edbi h\u1ec7 th\u1ed1ng CCD - Nh\u00e0 s\u1ea3n xu\u1ea5t m\u00e1y c\u1ea5p li\u1ec7u c\u00f4ng nghi\u1ec7p<\/title>\n<meta name=\"description\" content=\"T\u00edch h\u1ee3p camera v\u00e0o ph\u1ec5u rung gi\u00fap \u0111\u1ea1t \u0111\u1ed9 ch\u00ednh x\u00e1c h\u01b0\u1edbng tuy\u1ec7t \u0111\u1ed1i, ki\u1ec3m so\u00e1t ch\u1ea5t l\u01b0\u1ee3ng 100% t\u1ea1i ngu\u1ed3n v\u00e0 t\u1ed1i \u01b0u h\u00f3a robot g\u1eafp. Gi\u1ea3i ph\u00e1p th\u00f4ng minh\" \/>\n<meta name=\"robots\" content=\"index, follow, max-snippet:-1, max-image-preview:large, max-video-preview:-1\" \/>\n<link rel=\"canonical\" href=\"https:\/\/swoer.vn\/ms\/manufacturer\/mam-rung-voi-he-thong-ccd\/\" \/>\n<meta property=\"og:locale\" content=\"ms_MY\" \/>\n<meta property=\"og:type\" content=\"article\" \/>\n<meta property=\"og:title\" content=\"M\u00e2m rung v\u1edbi h\u1ec7 th\u1ed1ng CCD - Nh\u00e0 s\u1ea3n xu\u1ea5t m\u00e1y c\u1ea5p li\u1ec7u c\u00f4ng nghi\u1ec7p\" \/>\n<meta property=\"og:description\" content=\"T\u00edch h\u1ee3p camera v\u00e0o ph\u1ec5u rung gi\u00fap \u0111\u1ea1t \u0111\u1ed9 ch\u00ednh x\u00e1c h\u01b0\u1edbng tuy\u1ec7t \u0111\u1ed1i, ki\u1ec3m so\u00e1t ch\u1ea5t l\u01b0\u1ee3ng 100% t\u1ea1i ngu\u1ed3n v\u00e0 t\u1ed1i \u01b0u h\u00f3a robot g\u1eafp. Gi\u1ea3i ph\u00e1p th\u00f4ng minh\" \/>\n<meta property=\"og:url\" content=\"https:\/\/swoer.vn\/ms\/manufacturer\/mam-rung-voi-he-thong-ccd\/\" \/>\n<meta property=\"og:site_name\" content=\"Nh\u00e0 s\u1ea3n xu\u1ea5t m\u00e1y c\u1ea5p li\u1ec7u c\u00f4ng nghi\u1ec7p\" \/>\n<meta property=\"article:modified_time\" content=\"2026-04-04T01:30:15+00:00\" \/>\n<meta property=\"og:image\" content=\"https:\/\/swoer.vn\/wp-content\/uploads\/2026\/04\/Mam-rung-voi-he-thong-CCD.png\" \/>\n\t<meta property=\"og:image:width\" content=\"800\" \/>\n\t<meta property=\"og:image:height\" content=\"800\" \/>\n\t<meta property=\"og:image:type\" content=\"image\/png\" \/>\n<meta name=\"twitter:card\" content=\"summary_large_image\" \/>\n<meta name=\"twitter:label1\" content=\"Est. reading time\" \/>\n\t<meta name=\"twitter:data1\" content=\"3 minit\" \/>\n<script type=\"application\/ld+json\" class=\"yoast-schema-graph\">{\"@context\":\"https:\/\/schema.org\",\"@graph\":[{\"@type\":\"WebPage\",\"@id\":\"https:\/\/swoer.vn\/manufacturer\/mam-rung-voi-he-thong-ccd\/\",\"url\":\"https:\/\/swoer.vn\/manufacturer\/mam-rung-voi-he-thong-ccd\/\",\"name\":\"M\u00e2m rung v\u1edbi h\u1ec7 th\u1ed1ng CCD - Nh\u00e0 s\u1ea3n xu\u1ea5t m\u00e1y c\u1ea5p li\u1ec7u c\u00f4ng nghi\u1ec7p\",\"isPartOf\":{\"@id\":\"https:\/\/swoer.vn\/#website\"},\"primaryImageOfPage\":{\"@id\":\"https:\/\/swoer.vn\/manufacturer\/mam-rung-voi-he-thong-ccd\/#primaryimage\"},\"image\":{\"@id\":\"https:\/\/swoer.vn\/manufacturer\/mam-rung-voi-he-thong-ccd\/#primaryimage\"},\"thumbnailUrl\":\"https:\/\/swoer.vn\/wp-content\/uploads\/2026\/04\/Mam-rung-voi-he-thong-CCD.png\",\"datePublished\":\"2026-04-04T01:30:14+00:00\",\"dateModified\":\"2026-04-04T01:30:15+00:00\",\"description\":\"T\u00edch h\u1ee3p camera v\u00e0o ph\u1ec5u rung gi\u00fap \u0111\u1ea1t \u0111\u1ed9 ch\u00ednh x\u00e1c h\u01b0\u1edbng tuy\u1ec7t \u0111\u1ed1i, ki\u1ec3m so\u00e1t ch\u1ea5t l\u01b0\u1ee3ng 100% t\u1ea1i ngu\u1ed3n v\u00e0 t\u1ed1i \u01b0u h\u00f3a robot g\u1eafp. Gi\u1ea3i ph\u00e1p th\u00f4ng minh\",\"breadcrumb\":{\"@id\":\"https:\/\/swoer.vn\/manufacturer\/mam-rung-voi-he-thong-ccd\/#breadcrumb\"},\"inLanguage\":\"ms-MY\",\"potentialAction\":[{\"@type\":\"ReadAction\",\"target\":[\"https:\/\/swoer.vn\/manufacturer\/mam-rung-voi-he-thong-ccd\/\"]}]},{\"@type\":\"ImageObject\",\"inLanguage\":\"ms-MY\",\"@id\":\"https:\/\/swoer.vn\/manufacturer\/mam-rung-voi-he-thong-ccd\/#primaryimage\",\"url\":\"https:\/\/swoer.vn\/wp-content\/uploads\/2026\/04\/Mam-rung-voi-he-thong-CCD.png\",\"contentUrl\":\"https:\/\/swoer.vn\/wp-content\/uploads\/2026\/04\/Mam-rung-voi-he-thong-CCD.png\",\"width\":800,\"height\":800,\"caption\":\"Ma\u0302m rung vo\u031b\u0301i he\u0323\u0302 tho\u0302\u0301ng CCD\"},{\"@type\":\"BreadcrumbList\",\"@id\":\"https:\/\/swoer.vn\/manufacturer\/mam-rung-voi-he-thong-ccd\/#breadcrumb\",\"itemListElement\":[{\"@type\":\"ListItem\",\"position\":1,\"name\":\"Home\",\"item\":\"https:\/\/swoer.vn\/\"},{\"@type\":\"ListItem\",\"position\":2,\"name\":\"S\u1ea3n ph\u1ea9m\",\"item\":\"https:\/\/swoer.vn\/shop\/\"},{\"@type\":\"ListItem\",\"position\":3,\"name\":\"M\u00e2m rung v\u1edbi h\u1ec7 th\u1ed1ng CCD\"}]},{\"@type\":\"WebSite\",\"@id\":\"https:\/\/swoer.vn\/#website\",\"url\":\"https:\/\/swoer.vn\/\",\"name\":\"Nh\u00e0 s\u1ea3n xu\u1ea5t m\u00e1y c\u1ea5p li\u1ec7u c\u00f4ng nghi\u1ec7p\",\"description\":\"Nh\u00e0 cung c\u1ea5p robot, m\u00e1y c\u1ea5p li\u1ec7u linh ho\u1ea1t, m\u00e1y c\u1ea5p li\u1ec7u ly t\u00e2m, m\u00e1y c\u1ea5p li\u1ec7u rung t\u1ef1 \u0111\u1ed9ng\",\"potentialAction\":[{\"@type\":\"SearchAction\",\"target\":{\"@type\":\"EntryPoint\",\"urlTemplate\":\"https:\/\/swoer.vn\/?s={search_term_string}\"},\"query-input\":{\"@type\":\"PropertyValueSpecification\",\"valueRequired\":true,\"valueName\":\"search_term_string\"}}],\"inLanguage\":\"ms-MY\"}]}<\/script>\n<!-- \/ Yoast SEO plugin. -->","yoast_head_json":{"title":"M\u00e2m rung v\u1edbi h\u1ec7 th\u1ed1ng CCD - Nh\u00e0 s\u1ea3n xu\u1ea5t m\u00e1y c\u1ea5p li\u1ec7u c\u00f4ng nghi\u1ec7p","description":"T\u00edch h\u1ee3p camera v\u00e0o ph\u1ec5u rung gi\u00fap \u0111\u1ea1t \u0111\u1ed9 ch\u00ednh x\u00e1c h\u01b0\u1edbng tuy\u1ec7t \u0111\u1ed1i, ki\u1ec3m so\u00e1t ch\u1ea5t l\u01b0\u1ee3ng 100% t\u1ea1i ngu\u1ed3n v\u00e0 t\u1ed1i \u01b0u h\u00f3a robot g\u1eafp. Gi\u1ea3i ph\u00e1p th\u00f4ng minh","robots":{"index":"index","follow":"follow","max-snippet":"max-snippet:-1","max-image-preview":"max-image-preview:large","max-video-preview":"max-video-preview:-1"},"canonical":"https:\/\/swoer.vn\/ms\/manufacturer\/mam-rung-voi-he-thong-ccd\/","og_locale":"ms_MY","og_type":"article","og_title":"M\u00e2m rung v\u1edbi h\u1ec7 th\u1ed1ng CCD - Nh\u00e0 s\u1ea3n xu\u1ea5t m\u00e1y c\u1ea5p li\u1ec7u c\u00f4ng nghi\u1ec7p","og_description":"T\u00edch h\u1ee3p camera v\u00e0o ph\u1ec5u rung gi\u00fap \u0111\u1ea1t \u0111\u1ed9 ch\u00ednh x\u00e1c h\u01b0\u1edbng tuy\u1ec7t \u0111\u1ed1i, ki\u1ec3m so\u00e1t ch\u1ea5t l\u01b0\u1ee3ng 100% t\u1ea1i ngu\u1ed3n v\u00e0 t\u1ed1i \u01b0u h\u00f3a robot g\u1eafp. Gi\u1ea3i ph\u00e1p th\u00f4ng minh","og_url":"https:\/\/swoer.vn\/ms\/manufacturer\/mam-rung-voi-he-thong-ccd\/","og_site_name":"Nh\u00e0 s\u1ea3n xu\u1ea5t m\u00e1y c\u1ea5p li\u1ec7u c\u00f4ng nghi\u1ec7p","article_modified_time":"2026-04-04T01:30:15+00:00","og_image":[{"width":800,"height":800,"url":"https:\/\/swoer.vn\/wp-content\/uploads\/2026\/04\/Mam-rung-voi-he-thong-CCD.png","type":"image\/png"}],"twitter_card":"summary_large_image","twitter_misc":{"Est. reading time":"3 minit"},"schema":{"@context":"https:\/\/schema.org","@graph":[{"@type":"WebPage","@id":"https:\/\/swoer.vn\/manufacturer\/mam-rung-voi-he-thong-ccd\/","url":"https:\/\/swoer.vn\/manufacturer\/mam-rung-voi-he-thong-ccd\/","name":"M\u00e2m rung v\u1edbi h\u1ec7 th\u1ed1ng CCD - Nh\u00e0 s\u1ea3n xu\u1ea5t m\u00e1y c\u1ea5p li\u1ec7u c\u00f4ng nghi\u1ec7p","isPartOf":{"@id":"https:\/\/swoer.vn\/#website"},"primaryImageOfPage":{"@id":"https:\/\/swoer.vn\/manufacturer\/mam-rung-voi-he-thong-ccd\/#primaryimage"},"image":{"@id":"https:\/\/swoer.vn\/manufacturer\/mam-rung-voi-he-thong-ccd\/#primaryimage"},"thumbnailUrl":"https:\/\/swoer.vn\/wp-content\/uploads\/2026\/04\/Mam-rung-voi-he-thong-CCD.png","datePublished":"2026-04-04T01:30:14+00:00","dateModified":"2026-04-04T01:30:15+00:00","description":"T\u00edch h\u1ee3p camera v\u00e0o ph\u1ec5u rung gi\u00fap \u0111\u1ea1t \u0111\u1ed9 ch\u00ednh x\u00e1c h\u01b0\u1edbng tuy\u1ec7t \u0111\u1ed1i, ki\u1ec3m so\u00e1t ch\u1ea5t l\u01b0\u1ee3ng 100% t\u1ea1i ngu\u1ed3n v\u00e0 t\u1ed1i \u01b0u h\u00f3a robot g\u1eafp. Gi\u1ea3i ph\u00e1p th\u00f4ng minh","breadcrumb":{"@id":"https:\/\/swoer.vn\/manufacturer\/mam-rung-voi-he-thong-ccd\/#breadcrumb"},"inLanguage":"ms-MY","potentialAction":[{"@type":"ReadAction","target":["https:\/\/swoer.vn\/manufacturer\/mam-rung-voi-he-thong-ccd\/"]}]},{"@type":"ImageObject","inLanguage":"ms-MY","@id":"https:\/\/swoer.vn\/manufacturer\/mam-rung-voi-he-thong-ccd\/#primaryimage","url":"https:\/\/swoer.vn\/wp-content\/uploads\/2026\/04\/Mam-rung-voi-he-thong-CCD.png","contentUrl":"https:\/\/swoer.vn\/wp-content\/uploads\/2026\/04\/Mam-rung-voi-he-thong-CCD.png","width":800,"height":800,"caption":"Ma\u0302m rung vo\u031b\u0301i he\u0323\u0302 tho\u0302\u0301ng CCD"},{"@type":"BreadcrumbList","@id":"https:\/\/swoer.vn\/manufacturer\/mam-rung-voi-he-thong-ccd\/#breadcrumb","itemListElement":[{"@type":"ListItem","position":1,"name":"Home","item":"https:\/\/swoer.vn\/"},{"@type":"ListItem","position":2,"name":"S\u1ea3n ph\u1ea9m","item":"https:\/\/swoer.vn\/shop\/"},{"@type":"ListItem","position":3,"name":"M\u00e2m rung v\u1edbi h\u1ec7 th\u1ed1ng CCD"}]},{"@type":"WebSite","@id":"https:\/\/swoer.vn\/#website","url":"https:\/\/swoer.vn\/","name":"Pengeluar Pengumpan Perindustrian","description":"Pembekal robot, penyuap fleksibel, penyuap emparan, penyuap bergetar automatik","potentialAction":[{"@type":"SearchAction","target":{"@type":"EntryPoint","urlTemplate":"https:\/\/swoer.vn\/?s={search_term_string}"},"query-input":{"@type":"PropertyValueSpecification","valueRequired":true,"valueName":"search_term_string"}}],"inLanguage":"ms-MY"}]}},"_links":{"self":[{"href":"https:\/\/swoer.vn\/ms\/wp-json\/wp\/v2\/product\/8214","targetHints":{"allow":["GET"]}}],"collection":[{"href":"https:\/\/swoer.vn\/ms\/wp-json\/wp\/v2\/product"}],"about":[{"href":"https:\/\/swoer.vn\/ms\/wp-json\/wp\/v2\/types\/product"}],"replies":[{"embeddable":true,"href":"https:\/\/swoer.vn\/ms\/wp-json\/wp\/v2\/comments?post=8214"}],"wp:featuredmedia":[{"embeddable":true,"href":"https:\/\/swoer.vn\/ms\/wp-json\/wp\/v2\/media\/8215"}],"wp:attachment":[{"href":"https:\/\/swoer.vn\/ms\/wp-json\/wp\/v2\/media?parent=8214"}],"wp:term":[{"taxonomy":"product_brand","embeddable":true,"href":"https:\/\/swoer.vn\/ms\/wp-json\/wp\/v2\/product_brand?post=8214"},{"taxonomy":"product_cat","embeddable":true,"href":"https:\/\/swoer.vn\/ms\/wp-json\/wp\/v2\/product_cat?post=8214"},{"taxonomy":"product_tag","embeddable":true,"href":"https:\/\/swoer.vn\/ms\/wp-json\/wp\/v2\/product_tag?post=8214"}],"curies":[{"name":"wp","href":"https:\/\/api.w.org\/{rel}","templated":true}]}}