{"id":8197,"date":"2026-04-03T08:30:07","date_gmt":"2026-04-03T01:30:07","guid":{"rendered":"https:\/\/swoer.vn\/?post_type=product&#038;p=8197"},"modified":"2026-04-03T08:30:08","modified_gmt":"2026-04-03T01:30:08","slug":"bo-cap-lieu-bac-thang-du-lieu-dang-vong","status":"publish","type":"product","link":"https:\/\/swoer.vn\/ms\/manufacturer\/bo-cap-lieu-bac-thang-du-lieu-dang-vong\/","title":{"rendered":"B\u1ed9 c\u1ea5p li\u1ec7u b\u1eadc thang d\u1eef li\u1ec7u d\u1ea1ng v\u00f2ng"},"content":{"rendered":"<h2><span style=\"font-weight: 400;\">L\u1ee3i \u00edch chi\u1ebfn l\u01b0\u1ee3c cho quy tr\u00ecnh s\u1ea3n xu\u1ea5t<\/span><\/h2>\n<p><span style=\"font-weight: 400;\">Vi\u1ec7c t\u00edch h\u1ee3p h\u1ec7 th\u1ed1ng c\u1ea5p li\u1ec7u d\u1ea1ng v\u00f2ng v\u00e0 b\u1eadc thang mang l\u1ea1i nh\u1eefng gi\u00e1 tr\u1ecb v\u01b0\u1ee3t tr\u1ed9i cho doanh nghi\u1ec7p:<\/span><\/p>\n<ul>\n<li style=\"font-weight: 400;\" aria-level=\"1\"><b>N\u00e2ng cao m\u1ee9c \u0111\u1ed9 t\u1ef1 \u0111\u1ed9ng h\u00f3a:<\/b><span style=\"font-weight: 400;\"> Gi\u1ea3m thi\u1ec3u s\u1ef1 ph\u1ee5 thu\u1ed9c v\u00e0o nh\u00e2n c\u00f4ng trong c\u00e1c kh\u00e2u &#8220;v\u1eadn chuy\u1ec3n &#8211; n\u00e2ng h\u1ea1 &#8211; c\u1ea5p li\u1ec7u&#8221;, l\u00e0 b\u01b0\u1edbc ti\u1ebfn quan tr\u1ecdng h\u01b0\u1edbng t\u1edbi m\u00f4 h\u00ecnh <\/span><b>&#8220;Nh\u00e0 m\u00e1y kh\u00f4ng ng\u01b0\u1eddi v\u1eadn h\u00e0nh&#8221;<\/b><span style=\"font-weight: 400;\">.<\/span><\/li>\n<li style=\"font-weight: 400;\" aria-level=\"1\"><b>Pengoptimuman prestasi:<\/b><span style=\"font-weight: 400;\"> Lo\u1ea1i b\u1ecf t\u00ecnh tr\u1ea1ng gi\u00e1n \u0111o\u1ea1n s\u1ea3n xu\u1ea5t do ch\u1edd \u0111\u1ee3i b\u1ed5 sung linh ki\u1ec7n th\u1ee7 c\u00f4ng, \u0111\u1ea3m b\u1ea3o nh\u1ecbp \u0111\u1ed9 d\u00e2y chuy\u1ec1n lu\u00f4n li\u1ec1n m\u1ea1ch.<\/span><\/li>\n<li style=\"font-weight: 400;\" aria-level=\"1\"><b>Gi\u1ea3i ph\u00f3ng s\u1ee9c lao \u0111\u1ed9ng:<\/b><span style=\"font-weight: 400;\"> Gi\u00fap ng\u01b0\u1eddi v\u1eadn h\u00e0nh tho\u00e1t kh\u1ecfi c\u00e1c c\u00f4ng vi\u1ec7c l\u1eb7p \u0111i l\u1eb7p l\u1ea1i v\u00e0 mang v\u00e1c n\u1eb7ng nh\u1ecdc, gi\u1ea3m c\u01b0\u1eddng \u0111\u1ed9 lao \u0111\u1ed9ng \u0111\u00e1ng k\u1ec3.<\/span><\/li>\n<li style=\"font-weight: 400;\" aria-level=\"1\"><b>T\u1eadn d\u1ee5ng t\u1ed1i \u01b0u kh\u00f4ng gian:<\/b><span style=\"font-weight: 400;\"> T\u1eadn d\u1ee5ng kh\u00f4ng gian theo chi\u1ec1u d\u1ecdc \u0111\u1ec3 \u0111\u1eb7t h\u1ec7 th\u1ed1ng l\u01b0u tr\u1eef l\u1edbn d\u01b0\u1edbi m\u1eb7t \u0111\u1ea5t, gi\u00fap khu v\u1ef1c l\u00e0m vi\u1ec7c tr\u1edf n\u00ean s\u1ea1ch s\u1ebd, ng\u0103n n\u1eafp v\u00e0 an to\u00e0n h\u01a1n.<\/span><\/li>\n<li style=\"font-weight: 400;\" aria-level=\"1\"><b>\u0110\u1ea3m b\u1ea3o an to\u00e0n lao \u0111\u1ed9ng:<\/b><span style=\"font-weight: 400;\"> Gi\u1ea3m thi\u1ec3u r\u1ee7i ro ch\u1ea5n th\u01b0\u01a1ng do thao t\u00e1c c\u00fai ng\u01b0\u1eddi mang v\u00e1c v\u1eadt n\u1eb7ng ho\u1eb7c l\u00e0m vi\u1ec7c \u1edf t\u1ea7n su\u1ea5t cao trong th\u1eddi gian d\u00e0i.<\/span><\/li>\n<\/ul>\n<h2><span style=\"font-weight: 400;\">\u1ee8ng d\u1ee5ng \u0111i\u1ec3n h\u00ecnh<\/span><\/h2>\n<p><span style=\"font-weight: 400;\">S\u1ef1 k\u1ebft h\u1ee3p n\u00e0y \u0111\u01b0\u1ee3c \u1ee9ng d\u1ee5ng r\u1ed9ng r\u00e3i trong c\u00e1c l\u0129nh v\u1ef1c \u0111\u00f2i h\u1ecfi cung c\u1ea5p s\u1ed1 l\u01b0\u1ee3ng l\u1edbn linh ki\u1ec7n nh\u1ecf m\u1ed9t c\u00e1ch li\u00ean t\u1ee5c:<\/span><\/p>\n<table>\n<tbody>\n<tr>\n<td><b>Ng\u00e0nh c\u00f4ng nghi\u1ec7p<\/b><\/td>\n<td><b>\u1ee8ng d\u1ee5ng chi ti\u1ebft<\/b><\/td>\n<\/tr>\n<tr>\n<td><b>S\u1ea3n xu\u1ea5t \u00f4 t\u00f4<\/b><\/td>\n<td><span style=\"font-weight: 400;\">C\u1ea5p li\u1ec7u c\u00e1c lo\u1ea1i v\u00edt, v\u00f2ng \u0111\u1ec7m (washer), ch\u1ed1t nh\u1ecf, linh ki\u1ec7n c\u01a1 kh\u00ed&#8230;<\/span><\/td>\n<\/tr>\n<tr>\n<td><b>L\u1eafp r\u00e1p \u0111i\u1ec7n gia d\u1ee5ng<\/b><\/td>\n<td><span style=\"font-weight: 400;\">V\u1eadn chuy\u1ec3n c\u00e1c lo\u1ea1i v\u00edt, \u0111ai \u1ed1c v\u1edbi \u0111a d\u1ea1ng quy chu\u1ea9n k\u1ef9 thu\u1eadt.<\/span><\/td>\n<\/tr>\n<tr>\n<td><b>Pembuatan elektronik<\/b><\/td>\n<td><span style=\"font-weight: 400;\">C\u1ea5p li\u1ec7u c\u00e1c linh ki\u1ec7n \u0111i\u1ec7n t\u1eed si\u00eau nh\u1ecf, \u0111\u1ea7u n\u1ed1i (connector) ch\u00ednh x\u00e1c.<\/span><\/td>\n<\/tr>\n<tr>\n<td><b>Th\u1ef1c ph\u1ea9m &amp; d\u01b0\u1ee3c ph\u1ea9m<\/b><\/td>\n<td><span style=\"font-weight: 400;\">V\u1eadn chuy\u1ec3n vi\u00ean n\u00e9n, nang thu\u1ed1c, n\u1eafp chai&#8230; (S\u1eed d\u1ee5ng v\u1eadt li\u1ec7u \u0111\u1ea1t chu\u1ea9n v\u1ec7 sinh an to\u00e0n th\u1ef1c ph\u1ea9m).<\/span><\/td>\n<\/tr>\n<\/tbody>\n<\/table>\n<p>&nbsp;<\/p>","protected":false},"excerpt":{"rendered":"<p><span style=\"font-weight: 400;\">Trong c\u00e1c d\u00e2y chuy\u1ec1n s\u1ea3n xu\u1ea5t hi\u1ec7n \u0111\u1ea1i, vi\u1ec7c k\u1ebft h\u1ee3p <\/span><b>Ph\u1ec5u rung (Bowl Feeder)<\/b><span style=\"font-weight: 400;\"> dengan <\/span><b>M\u00e1y n\u00e2ng c\u1ea5p li\u1ec7u (Elevator)<\/b><span style=\"font-weight: 400;\"> l\u00e0 gi\u1ea3i ph\u00e1p t\u1ed1i \u01b0u \u0111\u1ec3 duy tr\u00ec ngu\u1ed3n cung c\u1ea5p linh ki\u1ec7n li\u00ean t\u1ee5c, \u1ed5n \u0111\u1ecbnh v\u00e0 t\u1ef1 \u0111\u1ed9ng h\u00f3a ho\u00e0n to\u00e0n quy tr\u00ecnh \u0111\u1ea7u v\u00e0o.<\/span><\/p>","protected":false},"featured_media":8198,"comment_status":"open","ping_status":"closed","template":"","meta":[],"product_brand":[],"product_cat":[37],"product_tag":[],"class_list":{"0":"post-8197","1":"product","2":"type-product","3":"status-publish","4":"has-post-thumbnail","6":"product_cat-may-cap-lieu-dang-bac-thang","8":"first","9":"instock","10":"shipping-taxable","11":"product-type-simple"},"yoast_head":"<!-- This site is optimized with the Yoast SEO plugin v26.0 - https:\/\/yoast.com\/wordpress\/plugins\/seo\/ -->\n<title>B\u1ed9 c\u1ea5p li\u1ec7u b\u1eadc thang d\u1eef li\u1ec7u d\u1ea1ng v\u00f2ng - Nh\u00e0 s\u1ea3n xu\u1ea5t m\u00e1y c\u1ea5p li\u1ec7u c\u00f4ng nghi\u1ec7p<\/title>\n<meta name=\"description\" content=\"H\u1ec7 th\u1ed1ng ph\u1ec5u rung k\u1ebft h\u1ee3p m\u00e1y c\u1ea5p li\u1ec7u b\u1eadc thang SWOER gi\u00fap t\u1ef1 \u0111\u1ed9ng h\u00f3a quy tr\u00ecnh c\u1ea5p li\u1ec7u li\u00ean t\u1ee5c, gi\u1ea3m 90% s\u1ee9c lao \u0111\u1ed9ng v\u00e0 t\u1ed1i \u01b0u h\u00f3a kh\u00f4ng gian nh\u00e0 m\u00e1y\" \/>\n<meta name=\"robots\" content=\"index, follow, max-snippet:-1, max-image-preview:large, max-video-preview:-1\" \/>\n<link rel=\"canonical\" href=\"https:\/\/swoer.vn\/ms\/manufacturer\/bo-cap-lieu-bac-thang-du-lieu-dang-vong\/\" \/>\n<meta property=\"og:locale\" content=\"ms_MY\" \/>\n<meta property=\"og:type\" content=\"article\" \/>\n<meta property=\"og:title\" content=\"B\u1ed9 c\u1ea5p li\u1ec7u b\u1eadc thang d\u1eef li\u1ec7u d\u1ea1ng v\u00f2ng - Nh\u00e0 s\u1ea3n xu\u1ea5t m\u00e1y c\u1ea5p li\u1ec7u c\u00f4ng nghi\u1ec7p\" \/>\n<meta property=\"og:description\" content=\"H\u1ec7 th\u1ed1ng ph\u1ec5u rung k\u1ebft h\u1ee3p m\u00e1y c\u1ea5p li\u1ec7u b\u1eadc thang SWOER gi\u00fap t\u1ef1 \u0111\u1ed9ng h\u00f3a quy tr\u00ecnh c\u1ea5p li\u1ec7u li\u00ean t\u1ee5c, gi\u1ea3m 90% s\u1ee9c lao \u0111\u1ed9ng v\u00e0 t\u1ed1i \u01b0u h\u00f3a kh\u00f4ng gian nh\u00e0 m\u00e1y\" \/>\n<meta property=\"og:url\" content=\"https:\/\/swoer.vn\/ms\/manufacturer\/bo-cap-lieu-bac-thang-du-lieu-dang-vong\/\" \/>\n<meta property=\"og:site_name\" content=\"Nh\u00e0 s\u1ea3n xu\u1ea5t m\u00e1y c\u1ea5p li\u1ec7u c\u00f4ng nghi\u1ec7p\" \/>\n<meta property=\"article:modified_time\" content=\"2026-04-03T01:30:08+00:00\" \/>\n<meta property=\"og:image\" content=\"https:\/\/swoer.vn\/wp-content\/uploads\/2026\/04\/Bo-cap-lieu-bac-thang-du-lieu-dang-vong.png\" \/>\n\t<meta property=\"og:image:width\" content=\"800\" \/>\n\t<meta property=\"og:image:height\" content=\"800\" \/>\n\t<meta property=\"og:image:type\" content=\"image\/png\" \/>\n<meta name=\"twitter:card\" content=\"summary_large_image\" \/>\n<meta name=\"twitter:label1\" content=\"Est. reading time\" \/>\n\t<meta name=\"twitter:data1\" content=\"2 minit\" \/>\n<script type=\"application\/ld+json\" class=\"yoast-schema-graph\">{\"@context\":\"https:\/\/schema.org\",\"@graph\":[{\"@type\":\"WebPage\",\"@id\":\"https:\/\/swoer.vn\/manufacturer\/bo-cap-lieu-bac-thang-du-lieu-dang-vong\/\",\"url\":\"https:\/\/swoer.vn\/manufacturer\/bo-cap-lieu-bac-thang-du-lieu-dang-vong\/\",\"name\":\"B\u1ed9 c\u1ea5p li\u1ec7u b\u1eadc thang d\u1eef li\u1ec7u d\u1ea1ng v\u00f2ng - Nh\u00e0 s\u1ea3n xu\u1ea5t m\u00e1y c\u1ea5p li\u1ec7u c\u00f4ng nghi\u1ec7p\",\"isPartOf\":{\"@id\":\"https:\/\/swoer.vn\/#website\"},\"primaryImageOfPage\":{\"@id\":\"https:\/\/swoer.vn\/manufacturer\/bo-cap-lieu-bac-thang-du-lieu-dang-vong\/#primaryimage\"},\"image\":{\"@id\":\"https:\/\/swoer.vn\/manufacturer\/bo-cap-lieu-bac-thang-du-lieu-dang-vong\/#primaryimage\"},\"thumbnailUrl\":\"https:\/\/swoer.vn\/wp-content\/uploads\/2026\/04\/Bo-cap-lieu-bac-thang-du-lieu-dang-vong.png\",\"datePublished\":\"2026-04-03T01:30:07+00:00\",\"dateModified\":\"2026-04-03T01:30:08+00:00\",\"description\":\"H\u1ec7 th\u1ed1ng ph\u1ec5u rung k\u1ebft h\u1ee3p m\u00e1y c\u1ea5p li\u1ec7u b\u1eadc thang SWOER gi\u00fap t\u1ef1 \u0111\u1ed9ng h\u00f3a quy tr\u00ecnh c\u1ea5p li\u1ec7u li\u00ean t\u1ee5c, gi\u1ea3m 90% s\u1ee9c lao \u0111\u1ed9ng v\u00e0 t\u1ed1i \u01b0u h\u00f3a kh\u00f4ng gian nh\u00e0 m\u00e1y\",\"breadcrumb\":{\"@id\":\"https:\/\/swoer.vn\/manufacturer\/bo-cap-lieu-bac-thang-du-lieu-dang-vong\/#breadcrumb\"},\"inLanguage\":\"ms-MY\",\"potentialAction\":[{\"@type\":\"ReadAction\",\"target\":[\"https:\/\/swoer.vn\/manufacturer\/bo-cap-lieu-bac-thang-du-lieu-dang-vong\/\"]}]},{\"@type\":\"ImageObject\",\"inLanguage\":\"ms-MY\",\"@id\":\"https:\/\/swoer.vn\/manufacturer\/bo-cap-lieu-bac-thang-du-lieu-dang-vong\/#primaryimage\",\"url\":\"https:\/\/swoer.vn\/wp-content\/uploads\/2026\/04\/Bo-cap-lieu-bac-thang-du-lieu-dang-vong.png\",\"contentUrl\":\"https:\/\/swoer.vn\/wp-content\/uploads\/2026\/04\/Bo-cap-lieu-bac-thang-du-lieu-dang-vong.png\",\"width\":800,\"height\":800,\"caption\":\"Bo\u0323\u0302 ca\u0302\u0301p lie\u0323\u0302u ba\u0323\u0302c thang du\u031b\u0303 lie\u0323\u0302u da\u0323ng vo\u0300ng\"},{\"@type\":\"BreadcrumbList\",\"@id\":\"https:\/\/swoer.vn\/manufacturer\/bo-cap-lieu-bac-thang-du-lieu-dang-vong\/#breadcrumb\",\"itemListElement\":[{\"@type\":\"ListItem\",\"position\":1,\"name\":\"Home\",\"item\":\"https:\/\/swoer.vn\/\"},{\"@type\":\"ListItem\",\"position\":2,\"name\":\"S\u1ea3n ph\u1ea9m\",\"item\":\"https:\/\/swoer.vn\/shop\/\"},{\"@type\":\"ListItem\",\"position\":3,\"name\":\"B\u1ed9 c\u1ea5p li\u1ec7u b\u1eadc thang d\u1eef li\u1ec7u d\u1ea1ng v\u00f2ng\"}]},{\"@type\":\"WebSite\",\"@id\":\"https:\/\/swoer.vn\/#website\",\"url\":\"https:\/\/swoer.vn\/\",\"name\":\"Nh\u00e0 s\u1ea3n xu\u1ea5t m\u00e1y c\u1ea5p li\u1ec7u c\u00f4ng nghi\u1ec7p\",\"description\":\"Nh\u00e0 cung c\u1ea5p robot, m\u00e1y c\u1ea5p li\u1ec7u linh ho\u1ea1t, m\u00e1y c\u1ea5p li\u1ec7u ly t\u00e2m, m\u00e1y c\u1ea5p li\u1ec7u rung t\u1ef1 \u0111\u1ed9ng\",\"potentialAction\":[{\"@type\":\"SearchAction\",\"target\":{\"@type\":\"EntryPoint\",\"urlTemplate\":\"https:\/\/swoer.vn\/?s={search_term_string}\"},\"query-input\":{\"@type\":\"PropertyValueSpecification\",\"valueRequired\":true,\"valueName\":\"search_term_string\"}}],\"inLanguage\":\"ms-MY\"}]}<\/script>\n<!-- \/ Yoast SEO plugin. -->","yoast_head_json":{"title":"B\u1ed9 c\u1ea5p li\u1ec7u b\u1eadc thang d\u1eef li\u1ec7u d\u1ea1ng v\u00f2ng - Nh\u00e0 s\u1ea3n xu\u1ea5t m\u00e1y c\u1ea5p li\u1ec7u c\u00f4ng nghi\u1ec7p","description":"H\u1ec7 th\u1ed1ng ph\u1ec5u rung k\u1ebft h\u1ee3p m\u00e1y c\u1ea5p li\u1ec7u b\u1eadc thang SWOER gi\u00fap t\u1ef1 \u0111\u1ed9ng h\u00f3a quy tr\u00ecnh c\u1ea5p li\u1ec7u li\u00ean t\u1ee5c, gi\u1ea3m 90% s\u1ee9c lao \u0111\u1ed9ng v\u00e0 t\u1ed1i \u01b0u h\u00f3a kh\u00f4ng gian nh\u00e0 m\u00e1y","robots":{"index":"index","follow":"follow","max-snippet":"max-snippet:-1","max-image-preview":"max-image-preview:large","max-video-preview":"max-video-preview:-1"},"canonical":"https:\/\/swoer.vn\/ms\/manufacturer\/bo-cap-lieu-bac-thang-du-lieu-dang-vong\/","og_locale":"ms_MY","og_type":"article","og_title":"B\u1ed9 c\u1ea5p li\u1ec7u b\u1eadc thang d\u1eef li\u1ec7u d\u1ea1ng v\u00f2ng - Nh\u00e0 s\u1ea3n xu\u1ea5t m\u00e1y c\u1ea5p li\u1ec7u c\u00f4ng nghi\u1ec7p","og_description":"H\u1ec7 th\u1ed1ng ph\u1ec5u rung k\u1ebft h\u1ee3p m\u00e1y c\u1ea5p li\u1ec7u b\u1eadc thang SWOER gi\u00fap t\u1ef1 \u0111\u1ed9ng h\u00f3a quy tr\u00ecnh c\u1ea5p li\u1ec7u li\u00ean t\u1ee5c, gi\u1ea3m 90% s\u1ee9c lao \u0111\u1ed9ng v\u00e0 t\u1ed1i \u01b0u h\u00f3a kh\u00f4ng gian nh\u00e0 m\u00e1y","og_url":"https:\/\/swoer.vn\/ms\/manufacturer\/bo-cap-lieu-bac-thang-du-lieu-dang-vong\/","og_site_name":"Nh\u00e0 s\u1ea3n xu\u1ea5t m\u00e1y c\u1ea5p li\u1ec7u c\u00f4ng nghi\u1ec7p","article_modified_time":"2026-04-03T01:30:08+00:00","og_image":[{"width":800,"height":800,"url":"https:\/\/swoer.vn\/wp-content\/uploads\/2026\/04\/Bo-cap-lieu-bac-thang-du-lieu-dang-vong.png","type":"image\/png"}],"twitter_card":"summary_large_image","twitter_misc":{"Est. reading time":"2 minit"},"schema":{"@context":"https:\/\/schema.org","@graph":[{"@type":"WebPage","@id":"https:\/\/swoer.vn\/manufacturer\/bo-cap-lieu-bac-thang-du-lieu-dang-vong\/","url":"https:\/\/swoer.vn\/manufacturer\/bo-cap-lieu-bac-thang-du-lieu-dang-vong\/","name":"B\u1ed9 c\u1ea5p li\u1ec7u b\u1eadc thang d\u1eef li\u1ec7u d\u1ea1ng v\u00f2ng - Nh\u00e0 s\u1ea3n xu\u1ea5t m\u00e1y c\u1ea5p li\u1ec7u c\u00f4ng nghi\u1ec7p","isPartOf":{"@id":"https:\/\/swoer.vn\/#website"},"primaryImageOfPage":{"@id":"https:\/\/swoer.vn\/manufacturer\/bo-cap-lieu-bac-thang-du-lieu-dang-vong\/#primaryimage"},"image":{"@id":"https:\/\/swoer.vn\/manufacturer\/bo-cap-lieu-bac-thang-du-lieu-dang-vong\/#primaryimage"},"thumbnailUrl":"https:\/\/swoer.vn\/wp-content\/uploads\/2026\/04\/Bo-cap-lieu-bac-thang-du-lieu-dang-vong.png","datePublished":"2026-04-03T01:30:07+00:00","dateModified":"2026-04-03T01:30:08+00:00","description":"H\u1ec7 th\u1ed1ng ph\u1ec5u rung k\u1ebft h\u1ee3p m\u00e1y c\u1ea5p li\u1ec7u b\u1eadc thang SWOER gi\u00fap t\u1ef1 \u0111\u1ed9ng h\u00f3a quy tr\u00ecnh c\u1ea5p li\u1ec7u li\u00ean t\u1ee5c, gi\u1ea3m 90% s\u1ee9c lao \u0111\u1ed9ng v\u00e0 t\u1ed1i \u01b0u h\u00f3a kh\u00f4ng gian nh\u00e0 m\u00e1y","breadcrumb":{"@id":"https:\/\/swoer.vn\/manufacturer\/bo-cap-lieu-bac-thang-du-lieu-dang-vong\/#breadcrumb"},"inLanguage":"ms-MY","potentialAction":[{"@type":"ReadAction","target":["https:\/\/swoer.vn\/manufacturer\/bo-cap-lieu-bac-thang-du-lieu-dang-vong\/"]}]},{"@type":"ImageObject","inLanguage":"ms-MY","@id":"https:\/\/swoer.vn\/manufacturer\/bo-cap-lieu-bac-thang-du-lieu-dang-vong\/#primaryimage","url":"https:\/\/swoer.vn\/wp-content\/uploads\/2026\/04\/Bo-cap-lieu-bac-thang-du-lieu-dang-vong.png","contentUrl":"https:\/\/swoer.vn\/wp-content\/uploads\/2026\/04\/Bo-cap-lieu-bac-thang-du-lieu-dang-vong.png","width":800,"height":800,"caption":"Bo\u0323\u0302 ca\u0302\u0301p lie\u0323\u0302u ba\u0323\u0302c thang du\u031b\u0303 lie\u0323\u0302u da\u0323ng vo\u0300ng"},{"@type":"BreadcrumbList","@id":"https:\/\/swoer.vn\/manufacturer\/bo-cap-lieu-bac-thang-du-lieu-dang-vong\/#breadcrumb","itemListElement":[{"@type":"ListItem","position":1,"name":"Home","item":"https:\/\/swoer.vn\/"},{"@type":"ListItem","position":2,"name":"S\u1ea3n ph\u1ea9m","item":"https:\/\/swoer.vn\/shop\/"},{"@type":"ListItem","position":3,"name":"B\u1ed9 c\u1ea5p li\u1ec7u b\u1eadc thang d\u1eef li\u1ec7u d\u1ea1ng v\u00f2ng"}]},{"@type":"WebSite","@id":"https:\/\/swoer.vn\/#website","url":"https:\/\/swoer.vn\/","name":"Pengeluar Pengumpan Perindustrian","description":"Pembekal robot, penyuap fleksibel, penyuap emparan, penyuap bergetar automatik","potentialAction":[{"@type":"SearchAction","target":{"@type":"EntryPoint","urlTemplate":"https:\/\/swoer.vn\/?s={search_term_string}"},"query-input":{"@type":"PropertyValueSpecification","valueRequired":true,"valueName":"search_term_string"}}],"inLanguage":"ms-MY"}]}},"_links":{"self":[{"href":"https:\/\/swoer.vn\/ms\/wp-json\/wp\/v2\/product\/8197","targetHints":{"allow":["GET"]}}],"collection":[{"href":"https:\/\/swoer.vn\/ms\/wp-json\/wp\/v2\/product"}],"about":[{"href":"https:\/\/swoer.vn\/ms\/wp-json\/wp\/v2\/types\/product"}],"replies":[{"embeddable":true,"href":"https:\/\/swoer.vn\/ms\/wp-json\/wp\/v2\/comments?post=8197"}],"wp:featuredmedia":[{"embeddable":true,"href":"https:\/\/swoer.vn\/ms\/wp-json\/wp\/v2\/media\/8198"}],"wp:attachment":[{"href":"https:\/\/swoer.vn\/ms\/wp-json\/wp\/v2\/media?parent=8197"}],"wp:term":[{"taxonomy":"product_brand","embeddable":true,"href":"https:\/\/swoer.vn\/ms\/wp-json\/wp\/v2\/product_brand?post=8197"},{"taxonomy":"product_cat","embeddable":true,"href":"https:\/\/swoer.vn\/ms\/wp-json\/wp\/v2\/product_cat?post=8197"},{"taxonomy":"product_tag","embeddable":true,"href":"https:\/\/swoer.vn\/ms\/wp-json\/wp\/v2\/product_tag?post=8197"}],"curies":[{"name":"wp","href":"https:\/\/api.w.org\/{rel}","templated":true}]}}