{"id":8192,"date":"2026-04-02T09:50:51","date_gmt":"2026-04-02T02:50:51","guid":{"rendered":"https:\/\/swoer.vn\/?post_type=product&#038;p=8192"},"modified":"2026-04-02T09:50:51","modified_gmt":"2026-04-02T02:50:51","slug":"robot-delta-sw-400","status":"publish","type":"product","link":"https:\/\/swoer.vn\/ms\/manufacturer\/robot-delta-sw-400\/","title":{"rendered":"Robot Delta SW-400"},"content":{"rendered":"<h2><span style=\"font-weight: 400;\">\u0110\u1eb7c \u0111i\u1ec3m n\u1ed5i b\u1eadt<\/span><\/h2>\n<h3><span style=\"font-weight: 400;\">V\u1eadn h\u00e0nh \u1ed5n \u0111\u1ecbnh<\/span><\/h3>\n<p><span style=\"font-weight: 400;\">\u0110i\u1ec3m m\u1ea1nh c\u1ed1t l\u00f5i c\u1ee7a robot Delta SW-400 n\u1eb1m \u1edf s\u1ef1 \u1ed5n \u0111\u1ecbnh trong chuy\u1ec3n \u0111\u1ed9ng, \u0111\u1ea3m b\u1ea3o k\u1ebft qu\u1ea3 \u0111\u1ed3ng nh\u1ea5t trong m\u1ecdi chu k\u1ef3 l\u00e0m vi\u1ec7c. Nh\u1edd v\u00e0o thi\u1ebft k\u1ebf th\u00f4ng minh, h\u1ec7 th\u1ed1ng gi\u00fap gi\u1ea3m thi\u1ec3u t\u1ed1i \u0111a th\u1eddi gian d\u1eebng m\u00e1y (downtime) v\u00e0 h\u1ed7 tr\u1ee3 t\u00edch h\u1ee3p linh ho\u1ea1t v\u00e0o nhi\u1ec1u lo\u1ea1i d\u00e2y chuy\u1ec1n kh\u00e1c nhau. D\u00f9 doanh nghi\u1ec7p \u0111ang v\u1eadn h\u00e0nh quy tr\u00ecnh s\u1ea3n xu\u1ea5t n\u00e0o, SW-400 v\u1eabn c\u00f3 kh\u1ea3 n\u0103ng th\u00edch \u1ee9ng d\u1ec5 d\u00e0ng, mang l\u1ea1i s\u1ef1 linh \u0111\u1ed9ng cao nh\u1ea5t cho nh\u00e0 m\u00e1y.<\/span><\/p>\n<h3><span style=\"font-weight: 400;\">Thi\u1ebft k\u1ebf t\u00f9y ch\u1ec9nh cho gi\u00e1 tr\u1ecb b\u1ec1n v\u1eefng<\/span><\/h3>\n<p><span style=\"font-weight: 400;\">SWOER kh\u00f4ng ch\u1ec9 cung c\u1ea5p thi\u1ebft b\u1ecb ti\u00eau chu\u1ea9n m\u00e0 c\u00f2n \u0111\u1eb7c bi\u1ec7t t\u1eadp trung v\u00e0o c\u00e1c gi\u1ea3i ph\u00e1p thi\u1ebft k\u1ebf t\u00f9y ch\u1ec9nh (custom design). Ch\u00fang t\u00f4i hi\u1ec3u r\u1eb1ng m\u1ed7i d\u1ef1 \u00e1n \u0111\u1ec1u c\u00f3 nh\u1eefng \u0111\u1eb7c th\u00f9 ri\u00eang, v\u00ec v\u1eady m\u1ed7i h\u1ec7 th\u1ed1ng robot \u0111\u1ec1u \u0111\u01b0\u1ee3c tinh ch\u1ec9nh \u0111\u1ec3 \u0111\u00e1p \u1ee9ng ch\u00ednh x\u00e1c nhu c\u1ea7u th\u1ef1c t\u1ebf c\u1ee7a t\u1eebng kh\u00e1ch h\u00e0ng. K\u1ebft qu\u1ea3 l\u00e0 hi\u1ec7u su\u1ea5t l\u00e0m vi\u1ec7c \u0111\u01b0\u1ee3c c\u1ea3i thi\u1ec7n r\u00f5 r\u1ec7t, chi ph\u00ed v\u1eadn h\u00e0nh \u0111\u01b0\u1ee3c t\u1ed1i \u01b0u v\u00e0 quan tr\u1ecdng nh\u1ea5t l\u00e0 gi\u00fap doanh nghi\u1ec7p \u0111\u1ea1t \u0111\u01b0\u1ee3c gi\u00e1 tr\u1ecb l\u1ee3i \u00edch d\u00e0i h\u1ea1n trong l\u1ed9 tr\u00ecnh t\u1ef1 \u0111\u1ed9ng h\u00f3a.<\/span><\/p>\n<h2><span style=\"font-weight: 400;\">T\u1ea1i sao n\u00ean ch\u1ecdn Delta Robot SW-400?<\/span><\/h2>\n<table>\n<tbody>\n<tr>\n<td><b>L\u1ee3i \u00edch then ch\u1ed1t<\/b><\/td>\n<td><b>M\u00f4 t\u1ea3 chi ti\u1ebft<\/b><\/td>\n<\/tr>\n<tr>\n<td><b>T\u1ed1c \u0111\u1ed9 x\u1eed l\u00fd<\/b><\/td>\n<td><span style=\"font-weight: 400;\">Kh\u1ea3 n\u0103ng g\u1eafp-\u0111\u1eb7t nhanh ch\u00f3ng, b\u1eaft k\u1ecbp nh\u1ecbp \u0111\u1ed9 d\u00e2y chuy\u1ec1n cao t\u1ea3i.<\/span><\/td>\n<\/tr>\n<tr>\n<td><b>Ketepatan<\/b><\/td>\n<td><span style=\"font-weight: 400;\">Duy tr\u00ec sai s\u1ed1 c\u1ef1c th\u1ea5p, \u0111\u1ea3m b\u1ea3o t\u00ednh to\u00e0n v\u1eb9n c\u1ee7a s\u1ea3n ph\u1ea9m.<\/span><\/td>\n<\/tr>\n<tr>\n<td><b>D\u1ec5 d\u00e0ng l\u1eafp \u0111\u1eb7t<\/b><\/td>\n<td><span style=\"font-weight: 400;\">Giao di\u1ec7n th\u00e2n thi\u1ec7n, r\u00fat ng\u1eafn th\u1eddi gian tri\u1ec3n khai h\u1ec7 th\u1ed1ng.<\/span><\/td>\n<\/tr>\n<tr>\n<td><b>Thi\u1ebft k\u1ebf theo y\u00eau c\u1ea7u<\/b><\/td>\n<td><span style=\"font-weight: 400;\">T\u00f9y bi\u1ebfn c\u1ea5u h\u00ecnh d\u1ef1a tr\u00ean \u0111\u1eb7c th\u00f9 c\u1ee7a t\u1eebng lo\u1ea1i linh ki\u1ec7n.<\/span><\/td>\n<\/tr>\n<\/tbody>\n<\/table>\n<figure id=\"attachment_8193\" aria-describedby=\"caption-attachment-8193\" style=\"width: 1366px\" class=\"wp-caption aligncenter\"><img loading=\"lazy\" decoding=\"async\" class=\"wp-image-8193 size-full\" src=\"https:\/\/swoer.vn\/wp-content\/uploads\/2026\/04\/robot-delta-sw-400-3.png\" alt=\"Robot Delta SW-400\" width=\"1366\" height=\"768\" title=\"\" srcset=\"https:\/\/swoer.vn\/wp-content\/uploads\/2026\/04\/robot-delta-sw-400-3.png 1366w, https:\/\/swoer.vn\/wp-content\/uploads\/2026\/04\/robot-delta-sw-400-3-300x169.png 300w, https:\/\/swoer.vn\/wp-content\/uploads\/2026\/04\/robot-delta-sw-400-3-1024x576.png 1024w, https:\/\/swoer.vn\/wp-content\/uploads\/2026\/04\/robot-delta-sw-400-3-768x432.png 768w, https:\/\/swoer.vn\/wp-content\/uploads\/2026\/04\/robot-delta-sw-400-3-18x10.png 18w, https:\/\/swoer.vn\/wp-content\/uploads\/2026\/04\/robot-delta-sw-400-3-600x337.png 600w\" sizes=\"auto, (max-width: 1366px) 100vw, 1366px\" \/><figcaption id=\"caption-attachment-8193\" class=\"wp-caption-text\">Robot Delta SW-400<\/figcaption><\/figure>","protected":false},"excerpt":{"rendered":"<p><span style=\"font-weight: 400;\">Trong k\u1ef7 nguy\u00ean t\u1ef1 \u0111\u1ed9ng h\u00f3a, d\u00f2ng <\/span><b>Delta Robot SW-400<\/b><span style=\"font-weight: 400;\"> t\u1eeb SWOER n\u1ed5i l\u00ean nh\u01b0 m\u1ed9t gi\u1ea3i ph\u00e1p \u0111\u1ed9t ph\u00e1, cho ph\u00e9p x\u1eed l\u00fd v\u00e0 v\u1eadn chuy\u1ec3n linh ki\u1ec7n v\u1edbi t\u1ed1c \u0111\u1ed9 c\u1ef1c nhanh m\u00e0 v\u1eabn duy tr\u00ec \u0111\u01b0\u1ee3c \u0111\u1ed9 ch\u00ednh x\u00e1c tuy\u1ec7t \u0111\u1ed1i. M\u1ed7i h\u1ec7 th\u1ed1ng \u0111\u1ec1u \u0111\u01b0\u1ee3c thi\u1ebft k\u1ebf t\u1ec9 m\u1ec9 \u0111\u1ec3 t\u1ed1i \u01b0u h\u00f3a quy tr\u00ecnh g\u1eafp &#8211; \u0111\u1eb7t (pick and place), gi\u00fap \u0111\u01a1n gi\u1ea3n h\u00f3a vi\u1ec7c thi\u1ebft l\u1eadp v\u00e0 v\u1eadn h\u00e0nh, t\u1eeb \u0111\u00f3 tr\u1ef1c ti\u1ebfp th\u00fac \u0111\u1ea9y n\u0103ng su\u1ea5t cho to\u00e0n b\u1ed9 d\u00e2y chuy\u1ec1n s\u1ea3n xu\u1ea5t.<\/span><\/p>","protected":false},"featured_media":8194,"comment_status":"open","ping_status":"closed","template":"","meta":[],"product_brand":[],"product_cat":[69],"product_tag":[150,238,70,240],"class_list":{"0":"post-8192","1":"product","2":"type-product","3":"status-publish","4":"has-post-thumbnail","6":"product_cat-delta-robot","7":"product_tag-delta-robot","8":"product_tag-flex-feeder-voi-robot","9":"product_tag-robot-delta","10":"product_tag-robot-gap-dat","12":"first","13":"instock","14":"shipping-taxable","15":"product-type-simple"},"yoast_head":"<!-- This site is optimized with the Yoast SEO plugin v26.0 - https:\/\/yoast.com\/wordpress\/plugins\/seo\/ -->\n<title>Robot Delta SW-400 - Nh\u00e0 s\u1ea3n xu\u1ea5t m\u00e1y c\u1ea5p li\u1ec7u c\u00f4ng nghi\u1ec7p<\/title>\n<meta name=\"description\" content=\"Delta Robot SW-400: Gi\u1ea3i ph\u00e1p g\u1eafp-\u0111\u1eb7t t\u1ed1c \u0111\u1ed9 cao, v\u1eadn h\u00e0nh \u1ed5n \u0111\u1ecbnh v\u00e0 d\u1ec5 d\u00e0ng t\u00edch h\u1ee3p. Thi\u1ebft k\u1ebf t\u00f9y ch\u1ec9nh theo nhu c\u1ea7u, t\u1ed1i \u01b0u n\u0103ng su\u1ea5t v\u00e0 gi\u00e1 tr\u1ecb\" \/>\n<meta name=\"robots\" content=\"index, follow, max-snippet:-1, max-image-preview:large, max-video-preview:-1\" \/>\n<link rel=\"canonical\" href=\"https:\/\/swoer.vn\/ms\/manufacturer\/robot-delta-sw-400\/\" \/>\n<meta property=\"og:locale\" content=\"ms_MY\" \/>\n<meta property=\"og:type\" content=\"article\" \/>\n<meta property=\"og:title\" content=\"Robot Delta SW-400 - Nh\u00e0 s\u1ea3n xu\u1ea5t m\u00e1y c\u1ea5p li\u1ec7u c\u00f4ng nghi\u1ec7p\" \/>\n<meta property=\"og:description\" content=\"Delta Robot SW-400: Gi\u1ea3i ph\u00e1p g\u1eafp-\u0111\u1eb7t t\u1ed1c \u0111\u1ed9 cao, v\u1eadn h\u00e0nh \u1ed5n \u0111\u1ecbnh v\u00e0 d\u1ec5 d\u00e0ng t\u00edch h\u1ee3p. Thi\u1ebft k\u1ebf t\u00f9y ch\u1ec9nh theo nhu c\u1ea7u, t\u1ed1i \u01b0u n\u0103ng su\u1ea5t v\u00e0 gi\u00e1 tr\u1ecb\" \/>\n<meta property=\"og:url\" content=\"https:\/\/swoer.vn\/ms\/manufacturer\/robot-delta-sw-400\/\" \/>\n<meta property=\"og:site_name\" content=\"Nh\u00e0 s\u1ea3n xu\u1ea5t m\u00e1y c\u1ea5p li\u1ec7u c\u00f4ng nghi\u1ec7p\" \/>\n<meta property=\"og:image\" content=\"https:\/\/swoer.vn\/wp-content\/uploads\/2026\/04\/robot-delta-sw-400-1.png\" \/>\n\t<meta property=\"og:image:width\" content=\"800\" \/>\n\t<meta property=\"og:image:height\" content=\"800\" \/>\n\t<meta property=\"og:image:type\" content=\"image\/png\" \/>\n<meta name=\"twitter:card\" content=\"summary_large_image\" \/>\n<meta name=\"twitter:label1\" content=\"Est. reading time\" \/>\n\t<meta name=\"twitter:data1\" content=\"3 minit\" \/>\n<script type=\"application\/ld+json\" class=\"yoast-schema-graph\">{\"@context\":\"https:\/\/schema.org\",\"@graph\":[{\"@type\":\"WebPage\",\"@id\":\"https:\/\/swoer.vn\/manufacturer\/robot-delta-sw-400\/\",\"url\":\"https:\/\/swoer.vn\/manufacturer\/robot-delta-sw-400\/\",\"name\":\"Robot Delta SW-400 - Nh\u00e0 s\u1ea3n xu\u1ea5t m\u00e1y c\u1ea5p li\u1ec7u c\u00f4ng nghi\u1ec7p\",\"isPartOf\":{\"@id\":\"https:\/\/swoer.vn\/#website\"},\"primaryImageOfPage\":{\"@id\":\"https:\/\/swoer.vn\/manufacturer\/robot-delta-sw-400\/#primaryimage\"},\"image\":{\"@id\":\"https:\/\/swoer.vn\/manufacturer\/robot-delta-sw-400\/#primaryimage\"},\"thumbnailUrl\":\"https:\/\/swoer.vn\/wp-content\/uploads\/2026\/04\/robot-delta-sw-400-1.png\",\"datePublished\":\"2026-04-02T02:50:51+00:00\",\"description\":\"Delta Robot SW-400: Gi\u1ea3i ph\u00e1p g\u1eafp-\u0111\u1eb7t t\u1ed1c \u0111\u1ed9 cao, v\u1eadn h\u00e0nh \u1ed5n \u0111\u1ecbnh v\u00e0 d\u1ec5 d\u00e0ng t\u00edch h\u1ee3p. Thi\u1ebft k\u1ebf t\u00f9y ch\u1ec9nh theo nhu c\u1ea7u, t\u1ed1i \u01b0u n\u0103ng su\u1ea5t v\u00e0 gi\u00e1 tr\u1ecb\",\"breadcrumb\":{\"@id\":\"https:\/\/swoer.vn\/manufacturer\/robot-delta-sw-400\/#breadcrumb\"},\"inLanguage\":\"ms-MY\",\"potentialAction\":[{\"@type\":\"ReadAction\",\"target\":[\"https:\/\/swoer.vn\/manufacturer\/robot-delta-sw-400\/\"]}]},{\"@type\":\"ImageObject\",\"inLanguage\":\"ms-MY\",\"@id\":\"https:\/\/swoer.vn\/manufacturer\/robot-delta-sw-400\/#primaryimage\",\"url\":\"https:\/\/swoer.vn\/wp-content\/uploads\/2026\/04\/robot-delta-sw-400-1.png\",\"contentUrl\":\"https:\/\/swoer.vn\/wp-content\/uploads\/2026\/04\/robot-delta-sw-400-1.png\",\"width\":800,\"height\":800,\"caption\":\"Robot Delta SW-400\"},{\"@type\":\"BreadcrumbList\",\"@id\":\"https:\/\/swoer.vn\/manufacturer\/robot-delta-sw-400\/#breadcrumb\",\"itemListElement\":[{\"@type\":\"ListItem\",\"position\":1,\"name\":\"Home\",\"item\":\"https:\/\/swoer.vn\/\"},{\"@type\":\"ListItem\",\"position\":2,\"name\":\"S\u1ea3n ph\u1ea9m\",\"item\":\"https:\/\/swoer.vn\/shop\/\"},{\"@type\":\"ListItem\",\"position\":3,\"name\":\"Robot Delta SW-400\"}]},{\"@type\":\"WebSite\",\"@id\":\"https:\/\/swoer.vn\/#website\",\"url\":\"https:\/\/swoer.vn\/\",\"name\":\"Nh\u00e0 s\u1ea3n xu\u1ea5t m\u00e1y c\u1ea5p li\u1ec7u c\u00f4ng nghi\u1ec7p\",\"description\":\"Nh\u00e0 cung c\u1ea5p robot, m\u00e1y c\u1ea5p li\u1ec7u linh ho\u1ea1t, m\u00e1y c\u1ea5p li\u1ec7u ly t\u00e2m, m\u00e1y c\u1ea5p li\u1ec7u rung t\u1ef1 \u0111\u1ed9ng\",\"potentialAction\":[{\"@type\":\"SearchAction\",\"target\":{\"@type\":\"EntryPoint\",\"urlTemplate\":\"https:\/\/swoer.vn\/?s={search_term_string}\"},\"query-input\":{\"@type\":\"PropertyValueSpecification\",\"valueRequired\":true,\"valueName\":\"search_term_string\"}}],\"inLanguage\":\"ms-MY\"}]}<\/script>\n<!-- \/ Yoast SEO plugin. -->","yoast_head_json":{"title":"Robot Delta SW-400 - Nh\u00e0 s\u1ea3n xu\u1ea5t m\u00e1y c\u1ea5p li\u1ec7u c\u00f4ng nghi\u1ec7p","description":"Delta Robot SW-400: Gi\u1ea3i ph\u00e1p g\u1eafp-\u0111\u1eb7t t\u1ed1c \u0111\u1ed9 cao, v\u1eadn h\u00e0nh \u1ed5n \u0111\u1ecbnh v\u00e0 d\u1ec5 d\u00e0ng t\u00edch h\u1ee3p. Thi\u1ebft k\u1ebf t\u00f9y ch\u1ec9nh theo nhu c\u1ea7u, t\u1ed1i \u01b0u n\u0103ng su\u1ea5t v\u00e0 gi\u00e1 tr\u1ecb","robots":{"index":"index","follow":"follow","max-snippet":"max-snippet:-1","max-image-preview":"max-image-preview:large","max-video-preview":"max-video-preview:-1"},"canonical":"https:\/\/swoer.vn\/ms\/manufacturer\/robot-delta-sw-400\/","og_locale":"ms_MY","og_type":"article","og_title":"Robot Delta SW-400 - Nh\u00e0 s\u1ea3n xu\u1ea5t m\u00e1y c\u1ea5p li\u1ec7u c\u00f4ng nghi\u1ec7p","og_description":"Delta Robot SW-400: Gi\u1ea3i ph\u00e1p g\u1eafp-\u0111\u1eb7t t\u1ed1c \u0111\u1ed9 cao, v\u1eadn h\u00e0nh \u1ed5n \u0111\u1ecbnh v\u00e0 d\u1ec5 d\u00e0ng t\u00edch h\u1ee3p. Thi\u1ebft k\u1ebf t\u00f9y ch\u1ec9nh theo nhu c\u1ea7u, t\u1ed1i \u01b0u n\u0103ng su\u1ea5t v\u00e0 gi\u00e1 tr\u1ecb","og_url":"https:\/\/swoer.vn\/ms\/manufacturer\/robot-delta-sw-400\/","og_site_name":"Nh\u00e0 s\u1ea3n xu\u1ea5t m\u00e1y c\u1ea5p li\u1ec7u c\u00f4ng nghi\u1ec7p","og_image":[{"width":800,"height":800,"url":"https:\/\/swoer.vn\/wp-content\/uploads\/2026\/04\/robot-delta-sw-400-1.png","type":"image\/png"}],"twitter_card":"summary_large_image","twitter_misc":{"Est. reading time":"3 minit"},"schema":{"@context":"https:\/\/schema.org","@graph":[{"@type":"WebPage","@id":"https:\/\/swoer.vn\/manufacturer\/robot-delta-sw-400\/","url":"https:\/\/swoer.vn\/manufacturer\/robot-delta-sw-400\/","name":"Robot Delta SW-400 - Nh\u00e0 s\u1ea3n xu\u1ea5t m\u00e1y c\u1ea5p li\u1ec7u c\u00f4ng nghi\u1ec7p","isPartOf":{"@id":"https:\/\/swoer.vn\/#website"},"primaryImageOfPage":{"@id":"https:\/\/swoer.vn\/manufacturer\/robot-delta-sw-400\/#primaryimage"},"image":{"@id":"https:\/\/swoer.vn\/manufacturer\/robot-delta-sw-400\/#primaryimage"},"thumbnailUrl":"https:\/\/swoer.vn\/wp-content\/uploads\/2026\/04\/robot-delta-sw-400-1.png","datePublished":"2026-04-02T02:50:51+00:00","description":"Delta Robot SW-400: Gi\u1ea3i ph\u00e1p g\u1eafp-\u0111\u1eb7t t\u1ed1c \u0111\u1ed9 cao, v\u1eadn h\u00e0nh \u1ed5n \u0111\u1ecbnh v\u00e0 d\u1ec5 d\u00e0ng t\u00edch h\u1ee3p. Thi\u1ebft k\u1ebf t\u00f9y ch\u1ec9nh theo nhu c\u1ea7u, t\u1ed1i \u01b0u n\u0103ng su\u1ea5t v\u00e0 gi\u00e1 tr\u1ecb","breadcrumb":{"@id":"https:\/\/swoer.vn\/manufacturer\/robot-delta-sw-400\/#breadcrumb"},"inLanguage":"ms-MY","potentialAction":[{"@type":"ReadAction","target":["https:\/\/swoer.vn\/manufacturer\/robot-delta-sw-400\/"]}]},{"@type":"ImageObject","inLanguage":"ms-MY","@id":"https:\/\/swoer.vn\/manufacturer\/robot-delta-sw-400\/#primaryimage","url":"https:\/\/swoer.vn\/wp-content\/uploads\/2026\/04\/robot-delta-sw-400-1.png","contentUrl":"https:\/\/swoer.vn\/wp-content\/uploads\/2026\/04\/robot-delta-sw-400-1.png","width":800,"height":800,"caption":"Robot Delta SW-400"},{"@type":"BreadcrumbList","@id":"https:\/\/swoer.vn\/manufacturer\/robot-delta-sw-400\/#breadcrumb","itemListElement":[{"@type":"ListItem","position":1,"name":"Home","item":"https:\/\/swoer.vn\/"},{"@type":"ListItem","position":2,"name":"S\u1ea3n ph\u1ea9m","item":"https:\/\/swoer.vn\/shop\/"},{"@type":"ListItem","position":3,"name":"Robot Delta SW-400"}]},{"@type":"WebSite","@id":"https:\/\/swoer.vn\/#website","url":"https:\/\/swoer.vn\/","name":"Pengeluar Pengumpan Perindustrian","description":"Pembekal robot, penyuap fleksibel, penyuap emparan, penyuap bergetar automatik","potentialAction":[{"@type":"SearchAction","target":{"@type":"EntryPoint","urlTemplate":"https:\/\/swoer.vn\/?s={search_term_string}"},"query-input":{"@type":"PropertyValueSpecification","valueRequired":true,"valueName":"search_term_string"}}],"inLanguage":"ms-MY"}]}},"_links":{"self":[{"href":"https:\/\/swoer.vn\/ms\/wp-json\/wp\/v2\/product\/8192","targetHints":{"allow":["GET"]}}],"collection":[{"href":"https:\/\/swoer.vn\/ms\/wp-json\/wp\/v2\/product"}],"about":[{"href":"https:\/\/swoer.vn\/ms\/wp-json\/wp\/v2\/types\/product"}],"replies":[{"embeddable":true,"href":"https:\/\/swoer.vn\/ms\/wp-json\/wp\/v2\/comments?post=8192"}],"wp:featuredmedia":[{"embeddable":true,"href":"https:\/\/swoer.vn\/ms\/wp-json\/wp\/v2\/media\/8194"}],"wp:attachment":[{"href":"https:\/\/swoer.vn\/ms\/wp-json\/wp\/v2\/media?parent=8192"}],"wp:term":[{"taxonomy":"product_brand","embeddable":true,"href":"https:\/\/swoer.vn\/ms\/wp-json\/wp\/v2\/product_brand?post=8192"},{"taxonomy":"product_cat","embeddable":true,"href":"https:\/\/swoer.vn\/ms\/wp-json\/wp\/v2\/product_cat?post=8192"},{"taxonomy":"product_tag","embeddable":true,"href":"https:\/\/swoer.vn\/ms\/wp-json\/wp\/v2\/product_tag?post=8192"}],"curies":[{"name":"wp","href":"https:\/\/api.w.org\/{rel}","templated":true}]}}