{"id":8146,"date":"2026-03-31T08:53:30","date_gmt":"2026-03-31T01:53:30","guid":{"rendered":"https:\/\/swoer.vn\/?post_type=product&#038;p=8146"},"modified":"2026-03-31T08:53:31","modified_gmt":"2026-03-31T01:53:31","slug":"he-thong-camera-ccd","status":"publish","type":"product","link":"https:\/\/swoer.vn\/ms\/manufacturer\/he-thong-camera-ccd\/","title":{"rendered":"H\u1ec7 th\u1ed1ng Camera CCD"},"content":{"rendered":"<h2>Spesifikasi produk:<\/h2>\n<table>\n<tbody>\n<tr>\n<td><strong>\u0110\u1eb7c t\u00ednh k\u1ef9 thu\u1eadt<\/strong><\/td>\n<td><strong>Th\u00f4ng tin chi ti\u1ebft<\/strong><\/td>\n<\/tr>\n<tr>\n<td><b>Nama Produk<\/b><\/td>\n<td><span style=\"font-weight: 400;\">H\u1ec7 th\u1ed1ng Camera CCD (CCD Camera System)<\/span><\/td>\n<\/tr>\n<tr>\n<td><b>Model<\/b><\/td>\n<td><b>SW-80301<\/b><\/td>\n<\/tr>\n<tr>\n<td><b>Tanda dagangan<\/b><\/td>\n<td><b>SUMPAH<\/b><\/td>\n<\/tr>\n<tr>\n<td><b>Voltan<\/b><\/td>\n<td><span style=\"font-weight: 400;\">220V<\/span><\/td>\n<\/tr>\n<tr>\n<td><b>C\u00f4ng su\u1ea5t t\u00f9y ch\u1ecdn<\/b><\/td>\n<td><span style=\"font-weight: 400;\">65W \/ 150W \/ 180W \/ 220W \/ 350W<\/span><\/td>\n<\/tr>\n<tr>\n<td><b>Ch\u1ee9ng nh\u1eadn ch\u1ea5t l\u01b0\u1ee3ng<\/b><\/td>\n<td><b>CE, ROHS, ISO9001<\/b><\/td>\n<\/tr>\n<tr>\n<td><b>Asal<\/b><\/td>\n<td><span style=\"font-weight: 400;\">China<\/span><\/td>\n<\/tr>\n<\/tbody>\n<\/table>\n<h2><span style=\"font-weight: 400;\">Danh m\u1ee5c thi\u1ebft b\u1ecb \u0111\u1ed3ng b\u1ed9<\/span><\/h2>\n<p><span style=\"font-weight: 400;\">H\u1ec7 th\u1ed1ng \u0111\u01b0\u1ee3c cung c\u1ea5p tr\u1ecdn b\u1ed9 &#8220;Turn-key&#8221;, s\u1eb5n s\u00e0ng t\u00edch h\u1ee3p ngay v\u00e0o d\u00e2y chuy\u1ec1n c\u1ee7a b\u1ea1n bao g\u1ed3m:<\/span><\/p>\n<ul>\n<li style=\"font-weight: 400;\" aria-level=\"1\"><b>01 M\u00e1y t\u00ednh c\u00f4ng nghi\u1ec7p (Industrial Computer):<\/b><span style=\"font-weight: 400;\"> C\u1ea5u h\u00ecnh m\u1ea1nh m\u1ebd, ho\u1ea1t \u0111\u1ed9ng b\u1ec1n b\u1ec9 trong m\u00f4i tr\u01b0\u1eddng s\u1ea3n xu\u1ea5t.<\/span><\/li>\n<li style=\"font-weight: 400;\" aria-level=\"1\"><b>01 M\u00e0n h\u00ecnh hi\u1ec3n th\u1ecb 8-inch:<\/b><span style=\"font-weight: 400;\"> \u0110\u1ed9 ph\u00e2n gi\u1ea3i cao, gi\u00fap gi\u00e1m s\u00e1t tr\u1ef1c quan th\u1eddi gian th\u1ef1c.<\/span><\/li>\n<li style=\"font-weight: 400;\" aria-level=\"1\"><b>01 Camera CCD chuy\u00ean d\u1ee5ng:<\/b><span style=\"font-weight: 400;\"> C\u1ea3m bi\u1ebfn nh\u1ea1y b\u00e9n, thu nh\u1eadn h\u00ecnh \u1ea3nh s\u1eafc n\u00e9t.<\/span><\/li>\n<li style=\"font-weight: 400;\" aria-level=\"1\"><b>01 \u1ed0ng k\u00ednh (Lens) ch\u1ea5t l\u01b0\u1ee3ng cao:<\/b><span style=\"font-weight: 400;\"> \u0110\u1ea3m b\u1ea3o \u0111\u1ed9 ph\u00f3ng \u0111\u1ea1i v\u00e0 ti\u00eau c\u1ef1 ch\u00ednh x\u00e1c.<\/span><\/li>\n<li style=\"font-weight: 400;\" aria-level=\"1\"><b>01 Ngu\u1ed3n s\u00e1ng (Light Source):<\/b><span style=\"font-weight: 400;\"> Cung c\u1ea5p \u0111\u1ed9 s\u00e1ng \u0111\u1ed3ng nh\u1ea5t, lo\u1ea1i b\u1ecf b\u00f3ng m\u1edd khi ch\u1ee5p \u1ea3nh.<\/span><\/li>\n<li style=\"font-weight: 400;\" aria-level=\"1\"><b>01 Gi\u00e1 \u0111\u1ee1 c\u1ed1 \u0111\u1ecbnh (Fixing Bracket):<\/b><span style=\"font-weight: 400;\"> Thi\u1ebft k\u1ebf ch\u1eafc ch\u1eafn cho c\u1ea3 camera v\u00e0 ngu\u1ed3n s\u00e1ng, d\u1ec5 d\u00e0ng \u0111i\u1ec1u ch\u1ec9nh g\u00f3c \u0111\u1ed9.<\/span><\/li>\n<\/ul>\n<h2><span style=\"font-weight: 400;\">Ch\u00ednh s\u00e1ch th\u01b0\u01a1ng m\u1ea1i &amp; B\u1ea3o h\u00e0nh<\/span><\/h2>\n<ul>\n<li style=\"font-weight: 400;\" aria-level=\"1\"><b>B\u1ea3o h\u00e0nh:<\/b><span style=\"font-weight: 400;\"> 1 n\u0103m (Cam k\u1ebft h\u1ed7 tr\u1ee3 k\u1ef9 thu\u1eadt nhanh ch\u00f3ng).<\/span><\/li>\n<li style=\"font-weight: 400;\" aria-level=\"1\"><b>S\u1ed1 l\u01b0\u1ee3ng \u0111\u1eb7t h\u00e0ng t\u1ed1i thi\u1ec3u (MOQ):<\/b><span style=\"font-weight: 400;\"> 1 b\u1ed9.<\/span><\/li>\n<li style=\"font-weight: 400;\" aria-level=\"1\"><b>Th\u1eddi gian giao h\u00e0ng (Lead time):<\/b><span style=\"font-weight: 400;\"> 10-14 ng\u00e0y.<\/span><\/li>\n<li style=\"font-weight: 400;\" aria-level=\"1\"><b>\u0110i\u1ec1u kho\u1ea3n thanh to\u00e1n:<\/b><span style=\"font-weight: 400;\"> T\/T (\u0110\u1eb7t c\u1ecdc 40%, thanh to\u00e1n 60% c\u00f2n l\u1ea1i tr\u01b0\u1edbc khi giao h\u00e0ng).<\/span><\/li>\n<\/ul>","protected":false},"excerpt":{"rendered":"<p><span style=\"font-weight: 400;\">N\u00e2ng t\u1ea7m quy tr\u00ecnh ki\u1ec3m tra s\u1ea3n ph\u1ea9m v\u00e0 ki\u1ec3m so\u00e1t ch\u1ea5t l\u01b0\u1ee3ng (QC) c\u1ee7a doanh nghi\u1ec7p b\u1ea1n v\u1edbi <\/span><b>h\u1ec7 th\u1ed1ng camera CCD ti\u00ean ti\u1ebfn<\/b><span style=\"font-weight: 400;\">. \u0110\u00e2y l\u00e0 gi\u1ea3i ph\u00e1p c\u00f4ng ngh\u1ec7 cao s\u1edf h\u1eefu b\u1ed9 t\u00ednh n\u0103ng m\u1ea1nh m\u1ebd, gi\u00fap tinh gi\u1ea3n m\u1ecdi thao t\u00e1c v\u1eadn h\u00e0nh v\u00e0 \u0111\u1ea3m b\u1ea3o \u0111\u1ed9 ch\u00ednh x\u00e1c tuy\u1ec7t \u0111\u1ed1i trong vi\u1ec7c ph\u00e1t hi\u1ec7n l\u1ed7i s\u1ea3n ph\u1ea9m, \u0111\u1ecbnh v\u1ecb linh ki\u1ec7n v\u00e0 \u0111o l\u01b0\u1eddng k\u00edch th\u01b0\u1edbc.<\/span><\/p>","protected":false},"featured_media":8147,"comment_status":"open","ping_status":"closed","template":"","meta":[],"product_brand":[],"product_cat":[221],"product_tag":[224,225,222,223],"class_list":{"0":"post-8146","1":"product","2":"type-product","3":"status-publish","4":"has-post-thumbnail","6":"product_cat-he-thong-vision-ccd","7":"product_tag-camera-vision-ccd","8":"product_tag-he-thong-camera-ccd","9":"product_tag-he-thong-kiem-tra-may-tinh-ccd","10":"product_tag-he-thong-vision-ccd","12":"first","13":"instock","14":"shipping-taxable","15":"product-type-simple"},"yoast_head":"<!-- This site is optimized with the Yoast SEO plugin v26.0 - https:\/\/yoast.com\/wordpress\/plugins\/seo\/ -->\n<title>H\u1ec7 th\u1ed1ng Camera CCD - Nh\u00e0 s\u1ea3n xu\u1ea5t m\u00e1y c\u1ea5p li\u1ec7u c\u00f4ng nghi\u1ec7p<\/title>\n<meta name=\"description\" content=\"H\u1ec7 th\u1ed1ng camera CCD SWOER SW-80301 chu\u1ea9n ISO9001\/CE\/ROHS. Gi\u1ea3i ph\u00e1p ki\u1ec3m tra s\u1ea3n ph\u1ea9m ch\u00ednh x\u00e1c tuy\u1ec7t \u0111\u1ed1i, c\u00f4ng su\u1ea5t \u0111a d\u1ea1ng 65W-350W. B\u1ea3o h\u00e0nh 1 n\u0103m\" \/>\n<meta name=\"robots\" content=\"index, follow, max-snippet:-1, max-image-preview:large, max-video-preview:-1\" \/>\n<link rel=\"canonical\" href=\"https:\/\/swoer.vn\/ms\/manufacturer\/he-thong-camera-ccd\/\" \/>\n<meta property=\"og:locale\" content=\"ms_MY\" \/>\n<meta property=\"og:type\" content=\"article\" \/>\n<meta property=\"og:title\" content=\"H\u1ec7 th\u1ed1ng Camera CCD - Nh\u00e0 s\u1ea3n xu\u1ea5t m\u00e1y c\u1ea5p li\u1ec7u c\u00f4ng nghi\u1ec7p\" \/>\n<meta property=\"og:description\" content=\"H\u1ec7 th\u1ed1ng camera CCD SWOER SW-80301 chu\u1ea9n ISO9001\/CE\/ROHS. Gi\u1ea3i ph\u00e1p ki\u1ec3m tra s\u1ea3n ph\u1ea9m ch\u00ednh x\u00e1c tuy\u1ec7t \u0111\u1ed1i, c\u00f4ng su\u1ea5t \u0111a d\u1ea1ng 65W-350W. B\u1ea3o h\u00e0nh 1 n\u0103m\" \/>\n<meta property=\"og:url\" content=\"https:\/\/swoer.vn\/ms\/manufacturer\/he-thong-camera-ccd\/\" \/>\n<meta property=\"og:site_name\" content=\"Nh\u00e0 s\u1ea3n xu\u1ea5t m\u00e1y c\u1ea5p li\u1ec7u c\u00f4ng nghi\u1ec7p\" \/>\n<meta property=\"article:modified_time\" content=\"2026-03-31T01:53:31+00:00\" \/>\n<meta property=\"og:image\" content=\"https:\/\/swoer.vn\/wp-content\/uploads\/2026\/03\/He-thong-Camera-CCD.png\" \/>\n\t<meta property=\"og:image:width\" content=\"800\" \/>\n\t<meta property=\"og:image:height\" content=\"800\" \/>\n\t<meta property=\"og:image:type\" content=\"image\/png\" \/>\n<meta name=\"twitter:card\" content=\"summary_large_image\" \/>\n<meta name=\"twitter:label1\" content=\"Est. reading time\" \/>\n\t<meta name=\"twitter:data1\" content=\"2 minit\" \/>\n<script type=\"application\/ld+json\" class=\"yoast-schema-graph\">{\"@context\":\"https:\/\/schema.org\",\"@graph\":[{\"@type\":\"WebPage\",\"@id\":\"https:\/\/swoer.vn\/manufacturer\/he-thong-camera-ccd\/\",\"url\":\"https:\/\/swoer.vn\/manufacturer\/he-thong-camera-ccd\/\",\"name\":\"H\u1ec7 th\u1ed1ng Camera CCD - Nh\u00e0 s\u1ea3n xu\u1ea5t m\u00e1y c\u1ea5p li\u1ec7u c\u00f4ng nghi\u1ec7p\",\"isPartOf\":{\"@id\":\"https:\/\/swoer.vn\/#website\"},\"primaryImageOfPage\":{\"@id\":\"https:\/\/swoer.vn\/manufacturer\/he-thong-camera-ccd\/#primaryimage\"},\"image\":{\"@id\":\"https:\/\/swoer.vn\/manufacturer\/he-thong-camera-ccd\/#primaryimage\"},\"thumbnailUrl\":\"https:\/\/swoer.vn\/wp-content\/uploads\/2026\/03\/He-thong-Camera-CCD.png\",\"datePublished\":\"2026-03-31T01:53:30+00:00\",\"dateModified\":\"2026-03-31T01:53:31+00:00\",\"description\":\"H\u1ec7 th\u1ed1ng camera CCD SWOER SW-80301 chu\u1ea9n ISO9001\/CE\/ROHS. Gi\u1ea3i ph\u00e1p ki\u1ec3m tra s\u1ea3n ph\u1ea9m ch\u00ednh x\u00e1c tuy\u1ec7t \u0111\u1ed1i, c\u00f4ng su\u1ea5t \u0111a d\u1ea1ng 65W-350W. B\u1ea3o h\u00e0nh 1 n\u0103m\",\"breadcrumb\":{\"@id\":\"https:\/\/swoer.vn\/manufacturer\/he-thong-camera-ccd\/#breadcrumb\"},\"inLanguage\":\"ms-MY\",\"potentialAction\":[{\"@type\":\"ReadAction\",\"target\":[\"https:\/\/swoer.vn\/manufacturer\/he-thong-camera-ccd\/\"]}]},{\"@type\":\"ImageObject\",\"inLanguage\":\"ms-MY\",\"@id\":\"https:\/\/swoer.vn\/manufacturer\/he-thong-camera-ccd\/#primaryimage\",\"url\":\"https:\/\/swoer.vn\/wp-content\/uploads\/2026\/03\/He-thong-Camera-CCD.png\",\"contentUrl\":\"https:\/\/swoer.vn\/wp-content\/uploads\/2026\/03\/He-thong-Camera-CCD.png\",\"width\":800,\"height\":800,\"caption\":\"H\u1ec7 th\u1ed1ng Camera CCD\"},{\"@type\":\"BreadcrumbList\",\"@id\":\"https:\/\/swoer.vn\/manufacturer\/he-thong-camera-ccd\/#breadcrumb\",\"itemListElement\":[{\"@type\":\"ListItem\",\"position\":1,\"name\":\"Home\",\"item\":\"https:\/\/swoer.vn\/\"},{\"@type\":\"ListItem\",\"position\":2,\"name\":\"S\u1ea3n ph\u1ea9m\",\"item\":\"https:\/\/swoer.vn\/shop\/\"},{\"@type\":\"ListItem\",\"position\":3,\"name\":\"H\u1ec7 th\u1ed1ng Camera CCD\"}]},{\"@type\":\"WebSite\",\"@id\":\"https:\/\/swoer.vn\/#website\",\"url\":\"https:\/\/swoer.vn\/\",\"name\":\"Nh\u00e0 s\u1ea3n xu\u1ea5t m\u00e1y c\u1ea5p li\u1ec7u c\u00f4ng nghi\u1ec7p\",\"description\":\"Nh\u00e0 cung c\u1ea5p robot, m\u00e1y c\u1ea5p li\u1ec7u linh ho\u1ea1t, m\u00e1y c\u1ea5p li\u1ec7u ly t\u00e2m, m\u00e1y c\u1ea5p li\u1ec7u rung t\u1ef1 \u0111\u1ed9ng\",\"potentialAction\":[{\"@type\":\"SearchAction\",\"target\":{\"@type\":\"EntryPoint\",\"urlTemplate\":\"https:\/\/swoer.vn\/?s={search_term_string}\"},\"query-input\":{\"@type\":\"PropertyValueSpecification\",\"valueRequired\":true,\"valueName\":\"search_term_string\"}}],\"inLanguage\":\"ms-MY\"}]}<\/script>\n<!-- \/ Yoast SEO plugin. -->","yoast_head_json":{"title":"H\u1ec7 th\u1ed1ng Camera CCD - Nh\u00e0 s\u1ea3n xu\u1ea5t m\u00e1y c\u1ea5p li\u1ec7u c\u00f4ng nghi\u1ec7p","description":"H\u1ec7 th\u1ed1ng camera CCD SWOER SW-80301 chu\u1ea9n ISO9001\/CE\/ROHS. Gi\u1ea3i ph\u00e1p ki\u1ec3m tra s\u1ea3n ph\u1ea9m ch\u00ednh x\u00e1c tuy\u1ec7t \u0111\u1ed1i, c\u00f4ng su\u1ea5t \u0111a d\u1ea1ng 65W-350W. B\u1ea3o h\u00e0nh 1 n\u0103m","robots":{"index":"index","follow":"follow","max-snippet":"max-snippet:-1","max-image-preview":"max-image-preview:large","max-video-preview":"max-video-preview:-1"},"canonical":"https:\/\/swoer.vn\/ms\/manufacturer\/he-thong-camera-ccd\/","og_locale":"ms_MY","og_type":"article","og_title":"H\u1ec7 th\u1ed1ng Camera CCD - Nh\u00e0 s\u1ea3n xu\u1ea5t m\u00e1y c\u1ea5p li\u1ec7u c\u00f4ng nghi\u1ec7p","og_description":"H\u1ec7 th\u1ed1ng camera CCD SWOER SW-80301 chu\u1ea9n ISO9001\/CE\/ROHS. Gi\u1ea3i ph\u00e1p ki\u1ec3m tra s\u1ea3n ph\u1ea9m ch\u00ednh x\u00e1c tuy\u1ec7t \u0111\u1ed1i, c\u00f4ng su\u1ea5t \u0111a d\u1ea1ng 65W-350W. B\u1ea3o h\u00e0nh 1 n\u0103m","og_url":"https:\/\/swoer.vn\/ms\/manufacturer\/he-thong-camera-ccd\/","og_site_name":"Nh\u00e0 s\u1ea3n xu\u1ea5t m\u00e1y c\u1ea5p li\u1ec7u c\u00f4ng nghi\u1ec7p","article_modified_time":"2026-03-31T01:53:31+00:00","og_image":[{"width":800,"height":800,"url":"https:\/\/swoer.vn\/wp-content\/uploads\/2026\/03\/He-thong-Camera-CCD.png","type":"image\/png"}],"twitter_card":"summary_large_image","twitter_misc":{"Est. reading time":"2 minit"},"schema":{"@context":"https:\/\/schema.org","@graph":[{"@type":"WebPage","@id":"https:\/\/swoer.vn\/manufacturer\/he-thong-camera-ccd\/","url":"https:\/\/swoer.vn\/manufacturer\/he-thong-camera-ccd\/","name":"H\u1ec7 th\u1ed1ng Camera CCD - Nh\u00e0 s\u1ea3n xu\u1ea5t m\u00e1y c\u1ea5p li\u1ec7u c\u00f4ng nghi\u1ec7p","isPartOf":{"@id":"https:\/\/swoer.vn\/#website"},"primaryImageOfPage":{"@id":"https:\/\/swoer.vn\/manufacturer\/he-thong-camera-ccd\/#primaryimage"},"image":{"@id":"https:\/\/swoer.vn\/manufacturer\/he-thong-camera-ccd\/#primaryimage"},"thumbnailUrl":"https:\/\/swoer.vn\/wp-content\/uploads\/2026\/03\/He-thong-Camera-CCD.png","datePublished":"2026-03-31T01:53:30+00:00","dateModified":"2026-03-31T01:53:31+00:00","description":"H\u1ec7 th\u1ed1ng camera CCD SWOER SW-80301 chu\u1ea9n ISO9001\/CE\/ROHS. Gi\u1ea3i ph\u00e1p ki\u1ec3m tra s\u1ea3n ph\u1ea9m ch\u00ednh x\u00e1c tuy\u1ec7t \u0111\u1ed1i, c\u00f4ng su\u1ea5t \u0111a d\u1ea1ng 65W-350W. B\u1ea3o h\u00e0nh 1 n\u0103m","breadcrumb":{"@id":"https:\/\/swoer.vn\/manufacturer\/he-thong-camera-ccd\/#breadcrumb"},"inLanguage":"ms-MY","potentialAction":[{"@type":"ReadAction","target":["https:\/\/swoer.vn\/manufacturer\/he-thong-camera-ccd\/"]}]},{"@type":"ImageObject","inLanguage":"ms-MY","@id":"https:\/\/swoer.vn\/manufacturer\/he-thong-camera-ccd\/#primaryimage","url":"https:\/\/swoer.vn\/wp-content\/uploads\/2026\/03\/He-thong-Camera-CCD.png","contentUrl":"https:\/\/swoer.vn\/wp-content\/uploads\/2026\/03\/He-thong-Camera-CCD.png","width":800,"height":800,"caption":"H\u1ec7 th\u1ed1ng Camera CCD"},{"@type":"BreadcrumbList","@id":"https:\/\/swoer.vn\/manufacturer\/he-thong-camera-ccd\/#breadcrumb","itemListElement":[{"@type":"ListItem","position":1,"name":"Home","item":"https:\/\/swoer.vn\/"},{"@type":"ListItem","position":2,"name":"S\u1ea3n ph\u1ea9m","item":"https:\/\/swoer.vn\/shop\/"},{"@type":"ListItem","position":3,"name":"H\u1ec7 th\u1ed1ng Camera CCD"}]},{"@type":"WebSite","@id":"https:\/\/swoer.vn\/#website","url":"https:\/\/swoer.vn\/","name":"Pengeluar Pengumpan Perindustrian","description":"Pembekal robot, penyuap fleksibel, penyuap emparan, penyuap bergetar automatik","potentialAction":[{"@type":"SearchAction","target":{"@type":"EntryPoint","urlTemplate":"https:\/\/swoer.vn\/?s={search_term_string}"},"query-input":{"@type":"PropertyValueSpecification","valueRequired":true,"valueName":"search_term_string"}}],"inLanguage":"ms-MY"}]}},"_links":{"self":[{"href":"https:\/\/swoer.vn\/ms\/wp-json\/wp\/v2\/product\/8146","targetHints":{"allow":["GET"]}}],"collection":[{"href":"https:\/\/swoer.vn\/ms\/wp-json\/wp\/v2\/product"}],"about":[{"href":"https:\/\/swoer.vn\/ms\/wp-json\/wp\/v2\/types\/product"}],"replies":[{"embeddable":true,"href":"https:\/\/swoer.vn\/ms\/wp-json\/wp\/v2\/comments?post=8146"}],"wp:featuredmedia":[{"embeddable":true,"href":"https:\/\/swoer.vn\/ms\/wp-json\/wp\/v2\/media\/8147"}],"wp:attachment":[{"href":"https:\/\/swoer.vn\/ms\/wp-json\/wp\/v2\/media?parent=8146"}],"wp:term":[{"taxonomy":"product_brand","embeddable":true,"href":"https:\/\/swoer.vn\/ms\/wp-json\/wp\/v2\/product_brand?post=8146"},{"taxonomy":"product_cat","embeddable":true,"href":"https:\/\/swoer.vn\/ms\/wp-json\/wp\/v2\/product_cat?post=8146"},{"taxonomy":"product_tag","embeddable":true,"href":"https:\/\/swoer.vn\/ms\/wp-json\/wp\/v2\/product_tag?post=8146"}],"curies":[{"name":"wp","href":"https:\/\/api.w.org\/{rel}","templated":true}]}}