{"id":5303,"date":"2025-10-15T15:26:48","date_gmt":"2025-10-15T08:26:48","guid":{"rendered":"https:\/\/swoer.vn\/?post_type=product&#038;p=5303"},"modified":"2025-10-15T15:26:49","modified_gmt":"2025-10-15T08:26:49","slug":"may-tu-dong-cat-tuoc-day-xoan-dong-va-nhung-thiec-da-nang","status":"publish","type":"product","link":"https:\/\/swoer.vn\/ms\/manufacturer\/may-tu-dong-cat-tuoc-day-xoan-dong-va-nhung-thiec-da-nang\/","title":{"rendered":"M\u00e1y t\u1ef1 \u0111\u1ed9ng c\u1eaft, t\u01b0\u1edbc d\u00e2y, xo\u1eafn \u0111\u1ed3ng v\u00e0 nh\u00fang thi\u1ebfc \u0111a n\u0103ng"},"content":{"rendered":"<h2><span style=\"font-weight: 400;\">Spesifikasi produk:<\/span><\/h2>\n<table>\n<tbody>\n<tr>\n<td><span style=\"font-weight: 400;\">Parameter<\/span><\/td>\n<td><span style=\"font-weight: 400;\">Chi ti\u1ebft<\/span><\/td>\n<\/tr>\n<tr>\n<td><span style=\"font-weight: 400;\">Fungsi<\/span><\/td>\n<td><span style=\"font-weight: 400;\">T\u1ef1 \u0111\u1ed9ng C\u1eaft, T\u01b0\u1edbc, Xo\u1eafn \u0111\u00f4i \u0111\u1ea7u, Nh\u00fang thi\u1ebfc v\u00e0 Xo\u1eafn 2 s\u1ee3i c\u00e1p th\u00e0nh m\u1ed9t.<\/span><\/td>\n<\/tr>\n<tr>\n<td><span style=\"font-weight: 400;\">Chi\u1ec1u d\u00e0i c\u1eaft<\/span><\/td>\n<td><span style=\"font-weight: 400;\">20\u2212750 mm (C\u00f3 th\u1ec3 t\u00f9y ch\u1ec9nh d\u00e0i h\u01a1n ho\u1eb7c ng\u1eafn h\u01a1n).<\/span><\/td>\n<\/tr>\n<tr>\n<td><span style=\"font-weight: 400;\">Chi\u1ec1u d\u00e0i d\u00e2y \u0111\u00e3 xo\u1eafn<\/span><\/td>\n<td><span style=\"font-weight: 400;\">Trong kho\u1ea3ng 15\u2212680 mm.<\/span><\/td>\n<\/tr>\n<tr>\n<td><span style=\"font-weight: 400;\">Chi\u1ec1u d\u00e0i t\u01b0\u1edbc<\/span><\/td>\n<td><span style=\"font-weight: 400;\">L\u01b0\u1ee1i dao ti\u00eau chu\u1ea9n c\u00e1ch \u0111\u1ea7u tr\u01b0\u1edbc 8 mm, \u0111\u1ea7u sau 12 mm.<\/span><\/td>\n<\/tr>\n<tr>\n<td><span style=\"font-weight: 400;\">Ph\u1ea1m vi d\u00e2y x\u1eed l\u00fd<\/span><\/td>\n<td><span style=\"font-weight: 400;\">AWG32# &#8211; AWG16#.<\/span><\/td>\n<\/tr>\n<tr>\n<td><span style=\"font-weight: 400;\">Chi\u1ec1u d\u00e0i xo\u1eafn<\/span><\/td>\n<td><span style=\"font-weight: 400;\">2\u221210.5 mm (Ti\u00eau chu\u1ea9n).<\/span><\/td>\n<\/tr>\n<tr>\n<td><span style=\"font-weight: 400;\">\u0110\u1ed9 s\u00e2u nh\u00fang thi\u1ebfc<\/span><\/td>\n<td><span style=\"font-weight: 400;\">0.5\u221210.5 mm.<\/span><\/td>\n<\/tr>\n<tr>\n<td><span style=\"font-weight: 400;\">\u0110\u1ed9ng c\u01a1<\/span><\/td>\n<td><span style=\"font-weight: 400;\">7 b\u1ed9 Servo Mitsubishi.<\/span><\/td>\n<\/tr>\n<tr>\n<td><span style=\"font-weight: 400;\">Produktiviti<\/span><\/td>\n<td><span style=\"font-weight: 400;\">1300\u22121500 s\u1ea3n ph\u1ea9m\/gi\u1edd (T\u00f9y thu\u1ed9c k\u00edch th\u01b0\u1edbc d\u00e2y v\u00e0 chi\u1ec1u d\u00e0i c\u1eaft).<\/span><\/td>\n<\/tr>\n<tr>\n<td><span style=\"font-weight: 400;\">Bekalan kuasa<\/span><\/td>\n<td><span style=\"font-weight: 400;\">220 VAC, 50 Hz.<\/span><\/td>\n<\/tr>\n<tr>\n<td><span style=\"font-weight: 400;\">\u00c1p su\u1ea5t kh\u00ed n\u00e9n<\/span><\/td>\n<td><span style=\"font-weight: 400;\">Trong ph\u1ea1m vi 6 kg.<\/span><\/td>\n<\/tr>\n<tr>\n<td><span style=\"font-weight: 400;\">C\u1ea5u tr\u00fac truy\u1ec1n \u0111\u1ed9ng<\/span><\/td>\n<td><span style=\"font-weight: 400;\">Vitme ch\u00ednh x\u00e1c, Thanh d\u1eabn h\u01b0\u1edbng, B\u1ed9 gi\u1ea3m t\u1ed1c.<\/span><\/td>\n<\/tr>\n<tr>\n<td><span style=\"font-weight: 400;\">Ph\u01b0\u01a1ng ph\u00e1p xo\u1eafn d\u00e2y<\/span><\/td>\n<td><span style=\"font-weight: 400;\">V\u1eadn h\u00e0nh k\u1ef9 thu\u1eadt s\u1ed1 (Ph\u01b0\u01a1ng ph\u00e1p d\u1eabn \u0111\u1ed9ng b\u1eb1ng \u0111\u1ed9ng c\u01a1).<\/span><\/td>\n<\/tr>\n<tr>\n<td><span style=\"font-weight: 400;\">K\u00edch th\u01b0\u1edbc (D\u00e0i x R\u1ed9ng x Cao)<\/span><\/td>\n<td><span style=\"font-weight: 400;\">1720\u00d7750\u00d71400 (mm).<\/span><\/td>\n<\/tr>\n<tr>\n<td><span style=\"font-weight: 400;\">Berat badan<\/span><\/td>\n<td><span style=\"font-weight: 400;\">400 kg.<\/span><\/td>\n<\/tr>\n<tr>\n<td><span style=\"font-weight: 400;\">Thi\u1ebft b\u1ecb h\u1ed7 tr\u1ee3<\/span><\/td>\n<td><span style=\"font-weight: 400;\">Thi\u1ebft b\u1ecb thu gom ph\u1ebf li\u1ec7u ngang v\u00e0 \u0111a n\u0103ng\/Thi\u1ebft b\u1ecb thu gom keo tr\u1ee3 dung\/Thi\u1ebft b\u1ecb thu gom cao su ph\u1ebf li\u1ec7u\/Thi\u1ebft b\u1ecb thu gom x\u1ec9 thi\u1ebfc.<\/span><\/td>\n<\/tr>\n<tr>\n<td><span style=\"font-weight: 400;\">Ch\u1ee9c n\u0103ng ki\u1ec3m tra<\/span><\/td>\n<td><span style=\"font-weight: 400;\">Ki\u1ec3m tra thi\u1ebfu d\u00e2y, ki\u1ec3m tra d\u00e2y b\u1ecb th\u1eaft n\u00fat, ki\u1ec3m tra \u00e1p su\u1ea5t kh\u00ed, ki\u1ec3m tra l\u1ef1c \u00e9p.<\/span><\/td>\n<\/tr>\n<\/tbody>\n<\/table>\n<h2><span style=\"font-weight: 400;\">Ciri-ciri<\/span><\/h2>\n<p><span style=\"font-weight: 400;\">\u0110\u00e2y l\u00e0 thi\u1ebft b\u1ecb t\u1ef1 \u0111\u1ed9ng h\u00f3a ti\u00ean ti\u1ebfn, t\u00edch h\u1ee3p c\u00e1c c\u00f4ng \u0111o\u1ea1n <\/span><b>C\u1eaft, t\u01b0\u1edbc (b\u00f3c v\u1ecf), xo\u1eafn \u0110\u1ed3ng v\u00e0 nh\u00fang thi\u1ebfc<\/b><span style=\"font-weight: 400;\"> (tr\u00e1ng thi\u1ebfc) ch\u1ec9 trong m\u1ed9t m\u00e1y duy nh\u1ea5t, thay th\u1ebf nhu c\u1ea7u s\u1eed d\u1ee5ng nhi\u1ec1u thi\u1ebft b\u1ecb ri\u00eang l\u1ebb.<\/span><\/p>\n<ul>\n<li style=\"font-weight: 400;\" aria-level=\"1\"><b>X\u1eed l\u00fd \u0111a nhi\u1ec7m:<\/b><span style=\"font-weight: 400;\"> M\u00e1y c\u00f3 th\u1ec3 x\u1eed l\u00fd \u0111\u1ed3ng th\u1eddi hai d\u00e2y d\u1eabn ho\u1eb7c s\u1eed d\u1ee5ng hai \u0111\u1ea7u l\u00e0m vi\u1ec7c \u0111\u1ed9c l\u1eadp, gi\u00fap <\/span><b>t\u0103ng hi\u1ec7u su\u1ea5t g\u1ea5p b\u1ed9i<\/b><span style=\"font-weight: 400;\">.<\/span><\/li>\n<li style=\"font-weight: 400;\" aria-level=\"1\"><b>Ch\u1ee9c n\u0103ng \u0111\u1ea7y \u0111\u1ee7:<\/b><span style=\"font-weight: 400;\"> \u0110\u1ea3m b\u1ea3o <\/span><b>t\u01b0\u1edbc d\u00e2y ch\u00ednh x\u00e1c<\/b><span style=\"font-weight: 400;\"> (kh\u00f4ng l\u00e0m h\u1ecfng s\u1ee3i \u0111\u1ed3ng), <\/span><b>xo\u1eafn ch\u1eb7t<\/b><span style=\"font-weight: 400;\"> (\u0111\u1ea3m b\u1ea3o \u0111\u1ed9 b\u1ec1n v\u00e0 t\u00ednh d\u1eabn \u0111i\u1ec7n), v\u00e0 <\/span><b>nh\u00fang thi\u1ebfc ch\u1ed1ng oxy h\u00f3a<\/b><span style=\"font-weight: 400;\"> cho \u0111\u1ea7u d\u00e2y.<\/span><\/li>\n<\/ul>\n<h2><span style=\"font-weight: 400;\">C\u1ea5u tr\u00fac k\u1ef9 thu\u1eadt v\u00e0 \u0111\u1ed9 tin c\u1eady<\/span><\/h2>\n<ul>\n<li style=\"font-weight: 400;\" aria-level=\"1\"><b>C\u1ea5u tr\u00fac truy\u1ec1n \u0111\u1ed9ng:<\/b><span style=\"font-weight: 400;\"> guna <\/span><b>Vitme ch\u00ednh x\u00e1c, Thanh d\u1eabn h\u01b0\u1edbng v\u00e0 B\u1ed9 gi\u1ea3m t\u1ed1c<\/b><span style=\"font-weight: 400;\"> \u0111\u1ec3 \u0111\u1ea3m b\u1ea3o chuy\u1ec3n \u0111\u1ed9ng \u1ed5n \u0111\u1ecbnh v\u00e0 b\u1ec1n b\u1ec9.<\/span><\/li>\n<li style=\"font-weight: 400;\" aria-level=\"1\"><b>H\u1ec7 th\u1ed1ng ki\u1ec3m so\u00e1t:<\/b><span style=\"font-weight: 400;\"> S\u1eed d\u1ee5ng PLC, c\u00f3 kh\u1ea3 n\u0103ng l\u01b0u tr\u1eef c\u00f4ng th\u1ee9c v\u00e0 t\u00edch h\u1ee3p c\u00e1c ch\u1ee9c n\u0103ng <\/span><b>ki\u1ec3m tra ch\u1ea5t l\u01b0\u1ee3ng<\/b><span style=\"font-weight: 400;\"> nh\u01b0: ki\u1ec3m tra thi\u1ebfu d\u00e2y, d\u00e2y b\u1ecb th\u1eaft n\u00fat, \u00e1p su\u1ea5t kh\u00ed v\u00e0 l\u1ef1c \u00e9p.<\/span><\/li>\n<li style=\"font-weight: 400;\" aria-level=\"1\"><b>Ph\u1ee5 tr\u1ee3:<\/b><span style=\"font-weight: 400;\"> Trang b\u1ecb c\u00e1c thi\u1ebft b\u1ecb thu gom ph\u1ebf li\u1ec7u (cao su, thi\u1ebfc), gi\u00fap duy tr\u00ec m\u00f4i tr\u01b0\u1eddng l\u00e0m vi\u1ec7c s\u1ea1ch s\u1ebd v\u00e0 an to\u00e0n.<\/span><\/li>\n<\/ul>","protected":false},"excerpt":{"rendered":"<p><b>M\u00e1y gia c\u00f4ng d\u00e2y \u0111a n\u0103ng<\/b><span style=\"font-weight: 400;\"> l\u00e0 gi\u1ea3i ph\u00e1p t\u1ef1 \u0111\u1ed9ng h\u00f3a t\u00edch h\u1ee3p C\u1eaft, T\u01b0\u1edbc, Xo\u1eafn \u0110\u1ed3ng v\u00e0 Nh\u00fang Thi\u1ebfc, thay th\u1ebf nhi\u1ec1u thi\u1ebft b\u1ecb ri\u00eang l\u1ebb. M\u00e1y s\u1eed d\u1ee5ng 7 b\u1ed9 Servo Mitsubishi v\u00e0 Vitme ch\u00ednh x\u00e1c, \u0111\u1ea1t n\u0103ng su\u1ea5t 1300\u22121500 s\u1ea3n ph\u1ea9m\/gi\u1edd v\u1edbi \u0111\u1ed9 ch\u00ednh x\u00e1c v\u00e0 nh\u1ea5t qu\u00e1n cao. Thi\u1ebft b\u1ecb x\u1eed l\u00fd d\u00e2y AWG32#-16#, c\u00f3 ch\u1ee9c n\u0103ng ki\u1ec3m tra l\u1ed7i v\u00e0 l\u01b0u tr\u1eef c\u00f4ng th\u1ee9c, t\u1ed1i \u01b0u h\u00f3a s\u1ea3n xu\u1ea5t linh ho\u1ea1t v\u00e0 ch\u1ea5t l\u01b0\u1ee3ng b\u00f3 d\u00e2y ho\u00e0n h\u1ea3o.<\/span><\/p>","protected":false},"featured_media":5304,"comment_status":"open","ping_status":"closed","template":"","meta":[],"product_brand":[],"product_cat":[142],"product_tag":[133,140,214],"class_list":{"0":"post-5303","1":"product","2":"type-product","3":"status-publish","4":"has-post-thumbnail","6":"product_cat-may-lap-rap-tu-dong","7":"product_tag-may-lap-rap","8":"product_tag-may-lap-rap-tu-dong","9":"product_tag-may-tu-dong-da-nang","11":"first","12":"instock","13":"shipping-taxable","14":"product-type-simple"},"yoast_head":"<!-- This site is optimized with the Yoast SEO plugin v26.0 - https:\/\/yoast.com\/wordpress\/plugins\/seo\/ -->\n<title>M\u00e1y t\u1ef1 \u0111\u1ed9ng c\u1eaft, t\u01b0\u1edbc d\u00e2y, xo\u1eafn \u0111\u1ed3ng v\u00e0 nh\u00fang thi\u1ebfc \u0111a n\u0103ng - Nh\u00e0 s\u1ea3n xu\u1ea5t m\u00e1y c\u1ea5p li\u1ec7u c\u00f4ng nghi\u1ec7p<\/title>\n<meta name=\"description\" content=\"M\u00e1y C\u1eaft\/T\u01b0\u1edbc\/Xo\u1eafn\/Nh\u00fang Thi\u1ebfc All-in-One, Servo Mitsubishi. Ch\u00ednh x\u00e1c \u00b10.5 mm, n\u0103ng su\u1ea5t 1500 s\u1ea3n ph\u1ea9m\/gi\u1edd. T\u1ef1 \u0111\u1ed9ng h\u00f3a ho\u00e0n to\u00e0n d\u00e2y d\u1eabn AWG32#-16#\" \/>\n<meta name=\"robots\" content=\"index, follow, max-snippet:-1, max-image-preview:large, max-video-preview:-1\" \/>\n<link rel=\"canonical\" href=\"https:\/\/swoer.vn\/ms\/manufacturer\/may-tu-dong-cat-tuoc-day-xoan-dong-va-nhung-thiec-da-nang\/\" \/>\n<meta property=\"og:locale\" content=\"ms_MY\" \/>\n<meta property=\"og:type\" content=\"article\" \/>\n<meta property=\"og:title\" content=\"M\u00e1y t\u1ef1 \u0111\u1ed9ng c\u1eaft, t\u01b0\u1edbc d\u00e2y, xo\u1eafn \u0111\u1ed3ng v\u00e0 nh\u00fang thi\u1ebfc \u0111a n\u0103ng - Nh\u00e0 s\u1ea3n xu\u1ea5t m\u00e1y c\u1ea5p li\u1ec7u c\u00f4ng nghi\u1ec7p\" \/>\n<meta property=\"og:description\" content=\"M\u00e1y C\u1eaft\/T\u01b0\u1edbc\/Xo\u1eafn\/Nh\u00fang Thi\u1ebfc All-in-One, Servo Mitsubishi. Ch\u00ednh x\u00e1c \u00b10.5 mm, n\u0103ng su\u1ea5t 1500 s\u1ea3n ph\u1ea9m\/gi\u1edd. T\u1ef1 \u0111\u1ed9ng h\u00f3a ho\u00e0n to\u00e0n d\u00e2y d\u1eabn AWG32#-16#\" \/>\n<meta property=\"og:url\" content=\"https:\/\/swoer.vn\/ms\/manufacturer\/may-tu-dong-cat-tuoc-day-xoan-dong-va-nhung-thiec-da-nang\/\" \/>\n<meta property=\"og:site_name\" content=\"Nh\u00e0 s\u1ea3n xu\u1ea5t m\u00e1y c\u1ea5p li\u1ec7u c\u00f4ng nghi\u1ec7p\" \/>\n<meta property=\"article:modified_time\" content=\"2025-10-15T08:26:49+00:00\" \/>\n<meta property=\"og:image\" content=\"https:\/\/swoer.vn\/wp-content\/uploads\/2025\/10\/ALL-IN-ONE-HARNESS-PROCESSING-MACHINE.png\" \/>\n\t<meta property=\"og:image:width\" content=\"800\" \/>\n\t<meta property=\"og:image:height\" content=\"800\" \/>\n\t<meta property=\"og:image:type\" content=\"image\/png\" \/>\n<meta name=\"twitter:card\" content=\"summary_large_image\" \/>\n<meta name=\"twitter:label1\" content=\"Est. reading time\" \/>\n\t<meta name=\"twitter:data1\" content=\"3 minit\" \/>\n<script type=\"application\/ld+json\" class=\"yoast-schema-graph\">{\"@context\":\"https:\/\/schema.org\",\"@graph\":[{\"@type\":\"WebPage\",\"@id\":\"https:\/\/swoer.vn\/manufacturer\/may-tu-dong-cat-tuoc-day-xoan-dong-va-nhung-thiec-da-nang\/\",\"url\":\"https:\/\/swoer.vn\/manufacturer\/may-tu-dong-cat-tuoc-day-xoan-dong-va-nhung-thiec-da-nang\/\",\"name\":\"M\u00e1y t\u1ef1 \u0111\u1ed9ng c\u1eaft, t\u01b0\u1edbc d\u00e2y, xo\u1eafn \u0111\u1ed3ng v\u00e0 nh\u00fang thi\u1ebfc \u0111a n\u0103ng - Nh\u00e0 s\u1ea3n xu\u1ea5t m\u00e1y c\u1ea5p li\u1ec7u c\u00f4ng nghi\u1ec7p\",\"isPartOf\":{\"@id\":\"https:\/\/swoer.vn\/#website\"},\"primaryImageOfPage\":{\"@id\":\"https:\/\/swoer.vn\/manufacturer\/may-tu-dong-cat-tuoc-day-xoan-dong-va-nhung-thiec-da-nang\/#primaryimage\"},\"image\":{\"@id\":\"https:\/\/swoer.vn\/manufacturer\/may-tu-dong-cat-tuoc-day-xoan-dong-va-nhung-thiec-da-nang\/#primaryimage\"},\"thumbnailUrl\":\"https:\/\/swoer.vn\/wp-content\/uploads\/2025\/10\/ALL-IN-ONE-HARNESS-PROCESSING-MACHINE.png\",\"datePublished\":\"2025-10-15T08:26:48+00:00\",\"dateModified\":\"2025-10-15T08:26:49+00:00\",\"description\":\"M\u00e1y C\u1eaft\/T\u01b0\u1edbc\/Xo\u1eafn\/Nh\u00fang Thi\u1ebfc All-in-One, Servo Mitsubishi. Ch\u00ednh x\u00e1c \u00b10.5 mm, n\u0103ng su\u1ea5t 1500 s\u1ea3n ph\u1ea9m\/gi\u1edd. T\u1ef1 \u0111\u1ed9ng h\u00f3a ho\u00e0n to\u00e0n d\u00e2y d\u1eabn AWG32#-16#\",\"breadcrumb\":{\"@id\":\"https:\/\/swoer.vn\/manufacturer\/may-tu-dong-cat-tuoc-day-xoan-dong-va-nhung-thiec-da-nang\/#breadcrumb\"},\"inLanguage\":\"ms-MY\",\"potentialAction\":[{\"@type\":\"ReadAction\",\"target\":[\"https:\/\/swoer.vn\/manufacturer\/may-tu-dong-cat-tuoc-day-xoan-dong-va-nhung-thiec-da-nang\/\"]}]},{\"@type\":\"ImageObject\",\"inLanguage\":\"ms-MY\",\"@id\":\"https:\/\/swoer.vn\/manufacturer\/may-tu-dong-cat-tuoc-day-xoan-dong-va-nhung-thiec-da-nang\/#primaryimage\",\"url\":\"https:\/\/swoer.vn\/wp-content\/uploads\/2025\/10\/ALL-IN-ONE-HARNESS-PROCESSING-MACHINE.png\",\"contentUrl\":\"https:\/\/swoer.vn\/wp-content\/uploads\/2025\/10\/ALL-IN-ONE-HARNESS-PROCESSING-MACHINE.png\",\"width\":800,\"height\":800,\"caption\":\"ALL-IN-ONE HARNESS PROCESSING MACHINE\"},{\"@type\":\"BreadcrumbList\",\"@id\":\"https:\/\/swoer.vn\/manufacturer\/may-tu-dong-cat-tuoc-day-xoan-dong-va-nhung-thiec-da-nang\/#breadcrumb\",\"itemListElement\":[{\"@type\":\"ListItem\",\"position\":1,\"name\":\"Home\",\"item\":\"https:\/\/swoer.vn\/\"},{\"@type\":\"ListItem\",\"position\":2,\"name\":\"S\u1ea3n ph\u1ea9m\",\"item\":\"https:\/\/swoer.vn\/shop\/\"},{\"@type\":\"ListItem\",\"position\":3,\"name\":\"M\u00e1y t\u1ef1 \u0111\u1ed9ng c\u1eaft, t\u01b0\u1edbc d\u00e2y, xo\u1eafn \u0111\u1ed3ng v\u00e0 nh\u00fang thi\u1ebfc \u0111a n\u0103ng\"}]},{\"@type\":\"WebSite\",\"@id\":\"https:\/\/swoer.vn\/#website\",\"url\":\"https:\/\/swoer.vn\/\",\"name\":\"Nh\u00e0 s\u1ea3n xu\u1ea5t m\u00e1y c\u1ea5p li\u1ec7u c\u00f4ng nghi\u1ec7p\",\"description\":\"Nh\u00e0 cung c\u1ea5p robot, m\u00e1y c\u1ea5p li\u1ec7u linh ho\u1ea1t, m\u00e1y c\u1ea5p li\u1ec7u ly t\u00e2m, m\u00e1y c\u1ea5p li\u1ec7u rung t\u1ef1 \u0111\u1ed9ng\",\"potentialAction\":[{\"@type\":\"SearchAction\",\"target\":{\"@type\":\"EntryPoint\",\"urlTemplate\":\"https:\/\/swoer.vn\/?s={search_term_string}\"},\"query-input\":{\"@type\":\"PropertyValueSpecification\",\"valueRequired\":true,\"valueName\":\"search_term_string\"}}],\"inLanguage\":\"ms-MY\"}]}<\/script>\n<!-- \/ Yoast SEO plugin. -->","yoast_head_json":{"title":"M\u00e1y t\u1ef1 \u0111\u1ed9ng c\u1eaft, t\u01b0\u1edbc d\u00e2y, xo\u1eafn \u0111\u1ed3ng v\u00e0 nh\u00fang thi\u1ebfc \u0111a n\u0103ng - Nh\u00e0 s\u1ea3n xu\u1ea5t m\u00e1y c\u1ea5p li\u1ec7u c\u00f4ng nghi\u1ec7p","description":"M\u00e1y C\u1eaft\/T\u01b0\u1edbc\/Xo\u1eafn\/Nh\u00fang Thi\u1ebfc All-in-One, Servo Mitsubishi. Ch\u00ednh x\u00e1c \u00b10.5 mm, n\u0103ng su\u1ea5t 1500 s\u1ea3n ph\u1ea9m\/gi\u1edd. T\u1ef1 \u0111\u1ed9ng h\u00f3a ho\u00e0n to\u00e0n d\u00e2y d\u1eabn AWG32#-16#","robots":{"index":"index","follow":"follow","max-snippet":"max-snippet:-1","max-image-preview":"max-image-preview:large","max-video-preview":"max-video-preview:-1"},"canonical":"https:\/\/swoer.vn\/ms\/manufacturer\/may-tu-dong-cat-tuoc-day-xoan-dong-va-nhung-thiec-da-nang\/","og_locale":"ms_MY","og_type":"article","og_title":"M\u00e1y t\u1ef1 \u0111\u1ed9ng c\u1eaft, t\u01b0\u1edbc d\u00e2y, xo\u1eafn \u0111\u1ed3ng v\u00e0 nh\u00fang thi\u1ebfc \u0111a n\u0103ng - Nh\u00e0 s\u1ea3n xu\u1ea5t m\u00e1y c\u1ea5p li\u1ec7u c\u00f4ng nghi\u1ec7p","og_description":"M\u00e1y C\u1eaft\/T\u01b0\u1edbc\/Xo\u1eafn\/Nh\u00fang Thi\u1ebfc All-in-One, Servo Mitsubishi. Ch\u00ednh x\u00e1c \u00b10.5 mm, n\u0103ng su\u1ea5t 1500 s\u1ea3n ph\u1ea9m\/gi\u1edd. T\u1ef1 \u0111\u1ed9ng h\u00f3a ho\u00e0n to\u00e0n d\u00e2y d\u1eabn AWG32#-16#","og_url":"https:\/\/swoer.vn\/ms\/manufacturer\/may-tu-dong-cat-tuoc-day-xoan-dong-va-nhung-thiec-da-nang\/","og_site_name":"Nh\u00e0 s\u1ea3n xu\u1ea5t m\u00e1y c\u1ea5p li\u1ec7u c\u00f4ng nghi\u1ec7p","article_modified_time":"2025-10-15T08:26:49+00:00","og_image":[{"width":800,"height":800,"url":"https:\/\/swoer.vn\/wp-content\/uploads\/2025\/10\/ALL-IN-ONE-HARNESS-PROCESSING-MACHINE.png","type":"image\/png"}],"twitter_card":"summary_large_image","twitter_misc":{"Est. reading time":"3 minit"},"schema":{"@context":"https:\/\/schema.org","@graph":[{"@type":"WebPage","@id":"https:\/\/swoer.vn\/manufacturer\/may-tu-dong-cat-tuoc-day-xoan-dong-va-nhung-thiec-da-nang\/","url":"https:\/\/swoer.vn\/manufacturer\/may-tu-dong-cat-tuoc-day-xoan-dong-va-nhung-thiec-da-nang\/","name":"M\u00e1y t\u1ef1 \u0111\u1ed9ng c\u1eaft, t\u01b0\u1edbc d\u00e2y, xo\u1eafn \u0111\u1ed3ng v\u00e0 nh\u00fang thi\u1ebfc \u0111a n\u0103ng - Nh\u00e0 s\u1ea3n xu\u1ea5t m\u00e1y c\u1ea5p li\u1ec7u c\u00f4ng nghi\u1ec7p","isPartOf":{"@id":"https:\/\/swoer.vn\/#website"},"primaryImageOfPage":{"@id":"https:\/\/swoer.vn\/manufacturer\/may-tu-dong-cat-tuoc-day-xoan-dong-va-nhung-thiec-da-nang\/#primaryimage"},"image":{"@id":"https:\/\/swoer.vn\/manufacturer\/may-tu-dong-cat-tuoc-day-xoan-dong-va-nhung-thiec-da-nang\/#primaryimage"},"thumbnailUrl":"https:\/\/swoer.vn\/wp-content\/uploads\/2025\/10\/ALL-IN-ONE-HARNESS-PROCESSING-MACHINE.png","datePublished":"2025-10-15T08:26:48+00:00","dateModified":"2025-10-15T08:26:49+00:00","description":"M\u00e1y C\u1eaft\/T\u01b0\u1edbc\/Xo\u1eafn\/Nh\u00fang Thi\u1ebfc All-in-One, Servo Mitsubishi. Ch\u00ednh x\u00e1c \u00b10.5 mm, n\u0103ng su\u1ea5t 1500 s\u1ea3n ph\u1ea9m\/gi\u1edd. T\u1ef1 \u0111\u1ed9ng h\u00f3a ho\u00e0n to\u00e0n d\u00e2y d\u1eabn AWG32#-16#","breadcrumb":{"@id":"https:\/\/swoer.vn\/manufacturer\/may-tu-dong-cat-tuoc-day-xoan-dong-va-nhung-thiec-da-nang\/#breadcrumb"},"inLanguage":"ms-MY","potentialAction":[{"@type":"ReadAction","target":["https:\/\/swoer.vn\/manufacturer\/may-tu-dong-cat-tuoc-day-xoan-dong-va-nhung-thiec-da-nang\/"]}]},{"@type":"ImageObject","inLanguage":"ms-MY","@id":"https:\/\/swoer.vn\/manufacturer\/may-tu-dong-cat-tuoc-day-xoan-dong-va-nhung-thiec-da-nang\/#primaryimage","url":"https:\/\/swoer.vn\/wp-content\/uploads\/2025\/10\/ALL-IN-ONE-HARNESS-PROCESSING-MACHINE.png","contentUrl":"https:\/\/swoer.vn\/wp-content\/uploads\/2025\/10\/ALL-IN-ONE-HARNESS-PROCESSING-MACHINE.png","width":800,"height":800,"caption":"ALL-IN-ONE HARNESS PROCESSING MACHINE"},{"@type":"BreadcrumbList","@id":"https:\/\/swoer.vn\/manufacturer\/may-tu-dong-cat-tuoc-day-xoan-dong-va-nhung-thiec-da-nang\/#breadcrumb","itemListElement":[{"@type":"ListItem","position":1,"name":"Home","item":"https:\/\/swoer.vn\/"},{"@type":"ListItem","position":2,"name":"S\u1ea3n ph\u1ea9m","item":"https:\/\/swoer.vn\/shop\/"},{"@type":"ListItem","position":3,"name":"M\u00e1y t\u1ef1 \u0111\u1ed9ng c\u1eaft, t\u01b0\u1edbc d\u00e2y, xo\u1eafn \u0111\u1ed3ng v\u00e0 nh\u00fang thi\u1ebfc \u0111a n\u0103ng"}]},{"@type":"WebSite","@id":"https:\/\/swoer.vn\/#website","url":"https:\/\/swoer.vn\/","name":"Pengeluar Pengumpan Perindustrian","description":"Pembekal robot, penyuap fleksibel, penyuap emparan, penyuap bergetar automatik","potentialAction":[{"@type":"SearchAction","target":{"@type":"EntryPoint","urlTemplate":"https:\/\/swoer.vn\/?s={search_term_string}"},"query-input":{"@type":"PropertyValueSpecification","valueRequired":true,"valueName":"search_term_string"}}],"inLanguage":"ms-MY"}]}},"_links":{"self":[{"href":"https:\/\/swoer.vn\/ms\/wp-json\/wp\/v2\/product\/5303","targetHints":{"allow":["GET"]}}],"collection":[{"href":"https:\/\/swoer.vn\/ms\/wp-json\/wp\/v2\/product"}],"about":[{"href":"https:\/\/swoer.vn\/ms\/wp-json\/wp\/v2\/types\/product"}],"replies":[{"embeddable":true,"href":"https:\/\/swoer.vn\/ms\/wp-json\/wp\/v2\/comments?post=5303"}],"wp:featuredmedia":[{"embeddable":true,"href":"https:\/\/swoer.vn\/ms\/wp-json\/wp\/v2\/media\/5304"}],"wp:attachment":[{"href":"https:\/\/swoer.vn\/ms\/wp-json\/wp\/v2\/media?parent=5303"}],"wp:term":[{"taxonomy":"product_brand","embeddable":true,"href":"https:\/\/swoer.vn\/ms\/wp-json\/wp\/v2\/product_brand?post=5303"},{"taxonomy":"product_cat","embeddable":true,"href":"https:\/\/swoer.vn\/ms\/wp-json\/wp\/v2\/product_cat?post=5303"},{"taxonomy":"product_tag","embeddable":true,"href":"https:\/\/swoer.vn\/ms\/wp-json\/wp\/v2\/product_tag?post=5303"}],"curies":[{"name":"wp","href":"https:\/\/api.w.org\/{rel}","templated":true}]}}