{"id":5301,"date":"2025-10-15T15:20:26","date_gmt":"2025-10-15T08:20:26","guid":{"rendered":"https:\/\/swoer.vn\/?post_type=product&#038;p=5301"},"modified":"2025-10-15T15:20:26","modified_gmt":"2025-10-15T08:20:26","slug":"may-sap-xep-san-pham-kim-loai-phi-tieu-chuan","status":"publish","type":"product","link":"https:\/\/swoer.vn\/ms\/manufacturer\/may-sap-xep-san-pham-kim-loai-phi-tieu-chuan\/","title":{"rendered":"Mesin pengisihan produk logam bukan standard"},"content":{"rendered":"<h2><span style=\"font-weight: 400;\">Spesifikasi Produk<\/span><\/h2>\n<table>\n<tbody>\n<tr>\n<td><b>Parameter<\/b><\/td>\n<td><b>Gi\u00e1 tr\u1ecb<\/b><\/td>\n<\/tr>\n<tr>\n<td><span style=\"font-weight: 400;\">Voltan masukan<\/span><\/td>\n<td><span style=\"font-weight: 400;\">AC 220V\u2212240V<\/span><\/td>\n<\/tr>\n<tr>\n<td><span style=\"font-weight: 400;\">Kapasiti<\/span><\/td>\n<td><span style=\"font-weight: 400;\">1 KW<\/span><\/td>\n<\/tr>\n<tr>\n<td><span style=\"font-weight: 400;\">M\u1ee9c \u0111\u1ed9 t\u1ef1 \u0111\u1ed9ng h\u00f3a<\/span><\/td>\n<td><span style=\"font-weight: 400;\">T\u1ef1 \u0111\u1ed9ng<\/span><\/td>\n<\/tr>\n<tr>\n<td><span style=\"font-weight: 400;\">Thi\u1ebft b\u1ecb ch\u1ee7 ch\u1ed1t<\/span><\/td>\n<td><span style=\"font-weight: 400;\">PLC, Xi lanh kh\u00ed (Cylinder), \u0110\u1ed9ng c\u01a1 (Motor)<\/span><\/td>\n<\/tr>\n<tr>\n<td><span style=\"font-weight: 400;\">Tanda dagangan<\/span><\/td>\n<td><span style=\"font-weight: 400;\">SUMPAH<\/span><\/td>\n<\/tr>\n<tr>\n<td><span style=\"font-weight: 400;\">N\u01a1i s\u1ea3n xu\u1ea5t<\/span><\/td>\n<td><span style=\"font-weight: 400;\">China<\/span><\/td>\n<\/tr>\n<tr>\n<td><span style=\"font-weight: 400;\">V\u1eadt li\u1ec7u ch\u1ebf t\u1ea1o<\/span><\/td>\n<td><span style=\"font-weight: 400;\">Th\u00e9p (Steel), Nh\u00f4m (Aluminum)<\/span><\/td>\n<\/tr>\n<tr>\n<td><span style=\"font-weight: 400;\">M\u00e0u s\u1eafc th\u00e2n m\u00e1y<\/span><\/td>\n<td><span style=\"font-weight: 400;\">Tr\u1eafng<\/span><\/td>\n<\/tr>\n<tr>\n<td><span style=\"font-weight: 400;\">\u00c1p su\u1ea5t kh\u00ed n\u00e9n<\/span><\/td>\n<td><span style=\"font-weight: 400;\">0.5 Mpa tr\u1edf l\u00ean<\/span><\/td>\n<\/tr>\n<tr>\n<td><span style=\"font-weight: 400;\">Saiz<\/span><\/td>\n<td><span style=\"font-weight: 400;\">1500 mm\u00d7900 mm\u00d7800 mm<\/span><\/td>\n<\/tr>\n<tr>\n<td><span style=\"font-weight: 400;\">Kuantiti Pesanan Minimum<\/span><\/td>\n<td><span style=\"font-weight: 400;\">1 m\u00e1y<\/span><\/td>\n<\/tr>\n<tr>\n<td><span style=\"font-weight: 400;\">Berat peranti<\/span><\/td>\n<td><span style=\"font-weight: 400;\">200 KG<\/span><\/td>\n<\/tr>\n<tr>\n<td><span style=\"font-weight: 400;\">V\u1eadt li\u1ec7u \u0111\u00f3ng g\u00f3i<\/span><\/td>\n<td><span style=\"font-weight: 400;\">Th\u00f9ng g\u1ed7 (Wooden Case)<\/span><\/td>\n<\/tr>\n<tr>\n<td><span style=\"font-weight: 400;\">Ki\u1ec3m tra xu\u1ea5t x\u01b0\u1edfng b\u1eb1ng video<\/span><\/td>\n<td><span style=\"font-weight: 400;\">C\u00f3 th\u1ec3 cung c\u1ea5p<\/span><\/td>\n<\/tr>\n<tr>\n<td><span style=\"font-weight: 400;\">Jaminan<\/span><\/td>\n<td><span style=\"font-weight: 400;\">satu tahun<\/span><\/td>\n<\/tr>\n<\/tbody>\n<\/table>\n<p><b>Mesin pengisihan produk logam bukan standard<\/b><span style=\"font-weight: 400;\"> l\u00e0 thi\u1ebft b\u1ecb then ch\u1ed1t tr\u00ean d\u00e2y chuy\u1ec1n s\u1ea3n xu\u1ea5t t\u1ef1 \u0111\u1ed9ng h\u00f3a. M\u1ee5c ti\u00eau c\u1ed1t l\u00f5i c\u1ee7a m\u00e1y l\u00e0 th\u1ef1c hi\u1ec7n vi\u1ec7c s\u1eafp x\u1ebfp, \u0111\u1ecbnh h\u01b0\u1edbng, v\u00e0 x\u1ebfp g\u1ecdn g\u00e0ng c\u00e1c chi ti\u1ebft kim lo\u1ea1i <\/span><b>&#8220;phi ti\u00eau chu\u1ea9n&#8221;<\/b><span style=\"font-weight: 400;\"> (nh\u01b0 v\u00edt \u0111\u1eb7c bi\u1ec7t, \u0111ai \u1ed1c d\u1ecb h\u00ecnh, chi ti\u1ebft d\u1eadp\/c\u1eaft g\u1ecdt, v.v.) m\u1ed9t c\u00e1ch t\u1ef1 \u0111\u1ed9ng, t\u1ed1c \u0111\u1ed9 cao v\u00e0 ch\u00ednh x\u00e1c. Sau \u0111\u00f3, c\u00e1c chi ti\u1ebft n\u00e0y s\u1ebd \u0111\u01b0\u1ee3c chuy\u1ec3n t\u1edbi m\u1ed9t <\/span><b>g\u00e1 k\u1eb9p (jig)<\/b><span style=\"font-weight: 400;\"> ho\u1eb7c <\/span><b>b\u0103ng t\u1ea3i<\/b><span style=\"font-weight: 400;\"> theo tr\u00ecnh t\u1ef1 \u0111\u00e3 \u0111\u1ecbnh, s\u1eb5n s\u00e0ng cho c\u00e1c c\u00f4ng \u0111o\u1ea1n ti\u1ebfp theo nh\u01b0 gia c\u00f4ng, ki\u1ec3m tra ho\u1eb7c \u0111\u00f3ng g\u00f3i.<\/span><\/p>\n<h2><span style=\"font-weight: 400;\">Permohonan<\/span><\/h2>\n<ol>\n<li style=\"font-weight: 400;\" aria-level=\"1\"><b>L\u1eafp r\u00e1p t\u1ef1 \u0111\u1ed9ng:<\/b><span style=\"font-weight: 400;\"> T\u1ef1 \u0111\u1ed9ng s\u1eafp x\u1ebfp v\u00e0 c\u1ea5p c\u00e1c chi ti\u1ebft nh\u01b0 v\u00edt, v\u00f2ng \u0111\u1ec7m, tr\u1ee5c nh\u1ecf v\u00e0o c\u00e1c c\u00f4ng \u0111o\u1ea1n l\u1eafp r\u00e1p tr\u00ean d\u00e2y chuy\u1ec1n.<\/span><\/li>\n<li style=\"font-weight: 400;\" aria-level=\"1\"><b>\u0110\u00f3ng g\u00f3i t\u1ef1 \u0111\u1ed9ng:<\/b><span style=\"font-weight: 400;\"> S\u1eafp x\u1ebfp c\u00e1c chi ti\u1ebft kim lo\u1ea1i (nh\u01b0 linh ki\u1ec7n dao, kh\u00f3a) theo h\u01b0\u1edbng v\u00e0 s\u1ed1 l\u01b0\u1ee3ng c\u1ee5 th\u1ec3 v\u00e0o c\u00e1c khay v\u1ec9 (blister), m\u00e2m (tray) ho\u1eb7c h\u1ed9p \u0111\u00f3ng g\u00f3i.<\/span><\/li>\n<li style=\"font-weight: 400;\" aria-level=\"1\"><b>Ki\u1ec3m tra th\u1ecb gi\u00e1c:<\/b><span style=\"font-weight: 400;\"> Cung c\u1ea5p m\u1eabu ki\u1ec3m tra c\u00f3 \u0111\u1ed9 \u1ed5n \u0111\u1ecbnh v\u00e0 \u0111\u1ecbnh h\u01b0\u1edbng th\u1ed1ng nh\u1ea5t cho c\u00e1c thi\u1ebft b\u1ecb ki\u1ec3m tra quang h\u1ecdc t\u1ef1 \u0111\u1ed9ng (AOI), \u0111\u1ea3m b\u1ea3o \u0111\u1ed9 ch\u00ednh x\u00e1c v\u00e0 hi\u1ec7u su\u1ea5t ki\u1ec3m tra.<\/span><\/li>\n<li style=\"font-weight: 400;\" aria-level=\"1\"><b>C\u1ea5p li\u1ec7u x\u1eed l\u00fd b\u1ec1 m\u1eb7t:<\/b><span style=\"font-weight: 400;\"> S\u1eafp x\u1ebfp g\u1ecdn g\u00e0ng c\u00e1c chi ti\u1ebft l\u00ean g\u00e1 treo (fixture) ho\u1eb7c g\u00e1 k\u1eb9p (jig) tr\u01b0\u1edbc khi \u0111\u01b0a v\u00e0o c\u00e1c quy tr\u00ecnh x\u1eed l\u00fd b\u1ec1 m\u1eb7t nh\u01b0 m\u1ea1 \u0111i\u1ec7n ho\u1eb7c phun s\u01a1n.<\/span><\/li>\n<\/ol>","protected":false},"excerpt":{"rendered":"<p><strong>M\u00e1y s\u1eafp x\u1ebfp k<\/strong><span style=\"font-weight: 400;\"><strong>im lo\u1ea1i phi ti\u00eau chu\u1ea9n<\/strong> (SWOER) l\u00e0 thi\u1ebft b\u1ecb t\u1ef1 \u0111\u1ed9ng h\u00f3a c\u1ed1t l\u00f5i, chuy\u00ean x\u1eed l\u00fd c\u00e1c chi ti\u1ebft kim lo\u1ea1i ph\u1ee9c t\u1ea1p, d\u1ecb h\u00ecnh (v\u00edt \u0111\u1eb7c bi\u1ec7t, chi ti\u1ebft d\u1eadp). M\u00e1y th\u1ef1c hi\u1ec7n vi\u1ec7c s\u1eafp x\u1ebfp, \u0111\u1ecbnh h\u01b0\u1edbng v\u00e0 x\u1ebfp g\u1ecdn g\u00e0ng c\u00e1c chi ti\u1ebft n\u00e0y l\u00ean g\u00e1 k\u1eb9p ho\u1eb7c b\u0103ng t\u1ea3i v\u1edbi \u0111\u1ed9 ch\u00ednh x\u00e1c v\u00e0 t\u1ed1c \u0111\u1ed9 cao. M\u00e1y s\u1eed d\u1ee5ng PLC v\u00e0 c\u01a1 c\u1ea5u truy\u1ec1n \u0111\u1ed9ng m\u1ea1nh m\u1ebd, l\u00e0 gi\u1ea3i ph\u00e1p l\u00fd t\u01b0\u1edfng \u0111\u1ec3 chu\u1ea9n b\u1ecb m\u1eabu ki\u1ec3m tra, c\u1ea5p li\u1ec7u cho l\u1eafp r\u00e1p t\u1ef1 \u0111\u1ed9ng v\u00e0 \u0111\u00f3ng g\u00f3i, n\u00e2ng cao hi\u1ec7u su\u1ea5t v\u00e0 ch\u1ea5t l\u01b0\u1ee3ng s\u1ea3n xu\u1ea5t trong c\u00e1c ng\u00e0nh c\u00f4ng nghi\u1ec7p.<\/span><\/p>","protected":false},"featured_media":5302,"comment_status":"open","ping_status":"closed","template":"","meta":[],"product_brand":[],"product_cat":[142],"product_tag":[178,133,140],"class_list":{"0":"post-5301","1":"product","2":"type-product","3":"status-publish","4":"has-post-thumbnail","6":"product_cat-may-lap-rap-tu-dong","7":"product_tag-lap-rap-tu-dong-hoa","8":"product_tag-may-lap-rap","9":"product_tag-may-lap-rap-tu-dong","11":"first","12":"instock","13":"shipping-taxable","14":"product-type-simple"},"yoast_head":"<!-- This site is optimized with the Yoast SEO plugin v26.0 - https:\/\/yoast.com\/wordpress\/plugins\/seo\/ -->\n<title>M\u00e1y s\u1eafp x\u1ebfp s\u1ea3n ph\u1ea9m kim lo\u1ea1i phi ti\u00eau chu\u1ea9n - Nh\u00e0 s\u1ea3n xu\u1ea5t m\u00e1y c\u1ea5p li\u1ec7u c\u00f4ng nghi\u1ec7p<\/title>\n<meta name=\"description\" content=\"M\u00e1y s\u1eafp x\u1ebfp\/\u0111\u1ecbnh h\u01b0\u1edbng SWOER t\u1ef1 \u0111\u1ed9ng cho kim lo\u1ea1i phi ti\u00eau chu\u1ea9n (v\u00edt\/\u0111ai \u1ed1c d\u1ecb h\u00ecnh, chi ti\u1ebft d\u1eadp). Ch\u00ednh x\u00e1c, t\u1ed1c \u0111\u1ed9 cao, d\u00f9ng cho l\u1eafp r\u00e1p\" \/>\n<meta name=\"robots\" content=\"index, follow, max-snippet:-1, max-image-preview:large, max-video-preview:-1\" \/>\n<link rel=\"canonical\" href=\"https:\/\/swoer.vn\/ms\/manufacturer\/may-sap-xep-san-pham-kim-loai-phi-tieu-chuan\/\" \/>\n<meta property=\"og:locale\" content=\"ms_MY\" \/>\n<meta property=\"og:type\" content=\"article\" \/>\n<meta property=\"og:title\" content=\"M\u00e1y s\u1eafp x\u1ebfp s\u1ea3n ph\u1ea9m kim lo\u1ea1i phi ti\u00eau chu\u1ea9n - Nh\u00e0 s\u1ea3n xu\u1ea5t m\u00e1y c\u1ea5p li\u1ec7u c\u00f4ng nghi\u1ec7p\" \/>\n<meta property=\"og:description\" content=\"M\u00e1y s\u1eafp x\u1ebfp\/\u0111\u1ecbnh h\u01b0\u1edbng SWOER t\u1ef1 \u0111\u1ed9ng cho kim lo\u1ea1i phi ti\u00eau chu\u1ea9n (v\u00edt\/\u0111ai \u1ed1c d\u1ecb h\u00ecnh, chi ti\u1ebft d\u1eadp). Ch\u00ednh x\u00e1c, t\u1ed1c \u0111\u1ed9 cao, d\u00f9ng cho l\u1eafp r\u00e1p\" \/>\n<meta property=\"og:url\" content=\"https:\/\/swoer.vn\/ms\/manufacturer\/may-sap-xep-san-pham-kim-loai-phi-tieu-chuan\/\" \/>\n<meta property=\"og:site_name\" content=\"Nh\u00e0 s\u1ea3n xu\u1ea5t m\u00e1y c\u1ea5p li\u1ec7u c\u00f4ng nghi\u1ec7p\" \/>\n<meta property=\"og:image\" content=\"https:\/\/swoer.vn\/wp-content\/uploads\/2025\/10\/NON-STANDARD-METAL-PRODUCT-AUTOMATIC-ARRANGING-MACHINE.png\" \/>\n\t<meta property=\"og:image:width\" content=\"800\" \/>\n\t<meta property=\"og:image:height\" content=\"800\" \/>\n\t<meta property=\"og:image:type\" content=\"image\/png\" \/>\n<meta name=\"twitter:card\" content=\"summary_large_image\" \/>\n<meta name=\"twitter:label1\" content=\"Est. reading time\" \/>\n\t<meta name=\"twitter:data1\" content=\"3 minit\" \/>\n<script type=\"application\/ld+json\" class=\"yoast-schema-graph\">{\"@context\":\"https:\/\/schema.org\",\"@graph\":[{\"@type\":\"WebPage\",\"@id\":\"https:\/\/swoer.vn\/manufacturer\/may-sap-xep-san-pham-kim-loai-phi-tieu-chuan\/\",\"url\":\"https:\/\/swoer.vn\/manufacturer\/may-sap-xep-san-pham-kim-loai-phi-tieu-chuan\/\",\"name\":\"M\u00e1y s\u1eafp x\u1ebfp s\u1ea3n ph\u1ea9m kim lo\u1ea1i phi ti\u00eau chu\u1ea9n - Nh\u00e0 s\u1ea3n xu\u1ea5t m\u00e1y c\u1ea5p li\u1ec7u c\u00f4ng nghi\u1ec7p\",\"isPartOf\":{\"@id\":\"https:\/\/swoer.vn\/#website\"},\"primaryImageOfPage\":{\"@id\":\"https:\/\/swoer.vn\/manufacturer\/may-sap-xep-san-pham-kim-loai-phi-tieu-chuan\/#primaryimage\"},\"image\":{\"@id\":\"https:\/\/swoer.vn\/manufacturer\/may-sap-xep-san-pham-kim-loai-phi-tieu-chuan\/#primaryimage\"},\"thumbnailUrl\":\"https:\/\/swoer.vn\/wp-content\/uploads\/2025\/10\/NON-STANDARD-METAL-PRODUCT-AUTOMATIC-ARRANGING-MACHINE.png\",\"datePublished\":\"2025-10-15T08:20:26+00:00\",\"description\":\"M\u00e1y s\u1eafp x\u1ebfp\/\u0111\u1ecbnh h\u01b0\u1edbng SWOER t\u1ef1 \u0111\u1ed9ng cho kim lo\u1ea1i phi ti\u00eau chu\u1ea9n (v\u00edt\/\u0111ai \u1ed1c d\u1ecb h\u00ecnh, chi ti\u1ebft d\u1eadp). Ch\u00ednh x\u00e1c, t\u1ed1c \u0111\u1ed9 cao, d\u00f9ng cho l\u1eafp r\u00e1p\",\"breadcrumb\":{\"@id\":\"https:\/\/swoer.vn\/manufacturer\/may-sap-xep-san-pham-kim-loai-phi-tieu-chuan\/#breadcrumb\"},\"inLanguage\":\"ms-MY\",\"potentialAction\":[{\"@type\":\"ReadAction\",\"target\":[\"https:\/\/swoer.vn\/manufacturer\/may-sap-xep-san-pham-kim-loai-phi-tieu-chuan\/\"]}]},{\"@type\":\"ImageObject\",\"inLanguage\":\"ms-MY\",\"@id\":\"https:\/\/swoer.vn\/manufacturer\/may-sap-xep-san-pham-kim-loai-phi-tieu-chuan\/#primaryimage\",\"url\":\"https:\/\/swoer.vn\/wp-content\/uploads\/2025\/10\/NON-STANDARD-METAL-PRODUCT-AUTOMATIC-ARRANGING-MACHINE.png\",\"contentUrl\":\"https:\/\/swoer.vn\/wp-content\/uploads\/2025\/10\/NON-STANDARD-METAL-PRODUCT-AUTOMATIC-ARRANGING-MACHINE.png\",\"width\":800,\"height\":800,\"caption\":\"NON-STANDARD METAL PRODUCT AUTOMATIC ARRANGING MACHINE\"},{\"@type\":\"BreadcrumbList\",\"@id\":\"https:\/\/swoer.vn\/manufacturer\/may-sap-xep-san-pham-kim-loai-phi-tieu-chuan\/#breadcrumb\",\"itemListElement\":[{\"@type\":\"ListItem\",\"position\":1,\"name\":\"Home\",\"item\":\"https:\/\/swoer.vn\/\"},{\"@type\":\"ListItem\",\"position\":2,\"name\":\"S\u1ea3n ph\u1ea9m\",\"item\":\"https:\/\/swoer.vn\/shop\/\"},{\"@type\":\"ListItem\",\"position\":3,\"name\":\"M\u00e1y s\u1eafp x\u1ebfp s\u1ea3n ph\u1ea9m kim lo\u1ea1i phi ti\u00eau chu\u1ea9n\"}]},{\"@type\":\"WebSite\",\"@id\":\"https:\/\/swoer.vn\/#website\",\"url\":\"https:\/\/swoer.vn\/\",\"name\":\"Nh\u00e0 s\u1ea3n xu\u1ea5t m\u00e1y c\u1ea5p li\u1ec7u c\u00f4ng nghi\u1ec7p\",\"description\":\"Nh\u00e0 cung c\u1ea5p robot, m\u00e1y c\u1ea5p li\u1ec7u linh ho\u1ea1t, m\u00e1y c\u1ea5p li\u1ec7u ly t\u00e2m, m\u00e1y c\u1ea5p li\u1ec7u rung t\u1ef1 \u0111\u1ed9ng\",\"potentialAction\":[{\"@type\":\"SearchAction\",\"target\":{\"@type\":\"EntryPoint\",\"urlTemplate\":\"https:\/\/swoer.vn\/?s={search_term_string}\"},\"query-input\":{\"@type\":\"PropertyValueSpecification\",\"valueRequired\":true,\"valueName\":\"search_term_string\"}}],\"inLanguage\":\"ms-MY\"}]}<\/script>\n<!-- \/ Yoast SEO plugin. -->","yoast_head_json":{"title":"M\u00e1y s\u1eafp x\u1ebfp s\u1ea3n ph\u1ea9m kim lo\u1ea1i phi ti\u00eau chu\u1ea9n - Nh\u00e0 s\u1ea3n xu\u1ea5t m\u00e1y c\u1ea5p li\u1ec7u c\u00f4ng nghi\u1ec7p","description":"M\u00e1y s\u1eafp x\u1ebfp\/\u0111\u1ecbnh h\u01b0\u1edbng SWOER t\u1ef1 \u0111\u1ed9ng cho kim lo\u1ea1i phi ti\u00eau chu\u1ea9n (v\u00edt\/\u0111ai \u1ed1c d\u1ecb h\u00ecnh, chi ti\u1ebft d\u1eadp). Ch\u00ednh x\u00e1c, t\u1ed1c \u0111\u1ed9 cao, d\u00f9ng cho l\u1eafp r\u00e1p","robots":{"index":"index","follow":"follow","max-snippet":"max-snippet:-1","max-image-preview":"max-image-preview:large","max-video-preview":"max-video-preview:-1"},"canonical":"https:\/\/swoer.vn\/ms\/manufacturer\/may-sap-xep-san-pham-kim-loai-phi-tieu-chuan\/","og_locale":"ms_MY","og_type":"article","og_title":"M\u00e1y s\u1eafp x\u1ebfp s\u1ea3n ph\u1ea9m kim lo\u1ea1i phi ti\u00eau chu\u1ea9n - Nh\u00e0 s\u1ea3n xu\u1ea5t m\u00e1y c\u1ea5p li\u1ec7u c\u00f4ng nghi\u1ec7p","og_description":"M\u00e1y s\u1eafp x\u1ebfp\/\u0111\u1ecbnh h\u01b0\u1edbng SWOER t\u1ef1 \u0111\u1ed9ng cho kim lo\u1ea1i phi ti\u00eau chu\u1ea9n (v\u00edt\/\u0111ai \u1ed1c d\u1ecb h\u00ecnh, chi ti\u1ebft d\u1eadp). Ch\u00ednh x\u00e1c, t\u1ed1c \u0111\u1ed9 cao, d\u00f9ng cho l\u1eafp r\u00e1p","og_url":"https:\/\/swoer.vn\/ms\/manufacturer\/may-sap-xep-san-pham-kim-loai-phi-tieu-chuan\/","og_site_name":"Nh\u00e0 s\u1ea3n xu\u1ea5t m\u00e1y c\u1ea5p li\u1ec7u c\u00f4ng nghi\u1ec7p","og_image":[{"width":800,"height":800,"url":"https:\/\/swoer.vn\/wp-content\/uploads\/2025\/10\/NON-STANDARD-METAL-PRODUCT-AUTOMATIC-ARRANGING-MACHINE.png","type":"image\/png"}],"twitter_card":"summary_large_image","twitter_misc":{"Est. reading time":"3 minit"},"schema":{"@context":"https:\/\/schema.org","@graph":[{"@type":"WebPage","@id":"https:\/\/swoer.vn\/manufacturer\/may-sap-xep-san-pham-kim-loai-phi-tieu-chuan\/","url":"https:\/\/swoer.vn\/manufacturer\/may-sap-xep-san-pham-kim-loai-phi-tieu-chuan\/","name":"M\u00e1y s\u1eafp x\u1ebfp s\u1ea3n ph\u1ea9m kim lo\u1ea1i phi ti\u00eau chu\u1ea9n - Nh\u00e0 s\u1ea3n xu\u1ea5t m\u00e1y c\u1ea5p li\u1ec7u c\u00f4ng nghi\u1ec7p","isPartOf":{"@id":"https:\/\/swoer.vn\/#website"},"primaryImageOfPage":{"@id":"https:\/\/swoer.vn\/manufacturer\/may-sap-xep-san-pham-kim-loai-phi-tieu-chuan\/#primaryimage"},"image":{"@id":"https:\/\/swoer.vn\/manufacturer\/may-sap-xep-san-pham-kim-loai-phi-tieu-chuan\/#primaryimage"},"thumbnailUrl":"https:\/\/swoer.vn\/wp-content\/uploads\/2025\/10\/NON-STANDARD-METAL-PRODUCT-AUTOMATIC-ARRANGING-MACHINE.png","datePublished":"2025-10-15T08:20:26+00:00","description":"M\u00e1y s\u1eafp x\u1ebfp\/\u0111\u1ecbnh h\u01b0\u1edbng SWOER t\u1ef1 \u0111\u1ed9ng cho kim lo\u1ea1i phi ti\u00eau chu\u1ea9n (v\u00edt\/\u0111ai \u1ed1c d\u1ecb h\u00ecnh, chi ti\u1ebft d\u1eadp). Ch\u00ednh x\u00e1c, t\u1ed1c \u0111\u1ed9 cao, d\u00f9ng cho l\u1eafp r\u00e1p","breadcrumb":{"@id":"https:\/\/swoer.vn\/manufacturer\/may-sap-xep-san-pham-kim-loai-phi-tieu-chuan\/#breadcrumb"},"inLanguage":"ms-MY","potentialAction":[{"@type":"ReadAction","target":["https:\/\/swoer.vn\/manufacturer\/may-sap-xep-san-pham-kim-loai-phi-tieu-chuan\/"]}]},{"@type":"ImageObject","inLanguage":"ms-MY","@id":"https:\/\/swoer.vn\/manufacturer\/may-sap-xep-san-pham-kim-loai-phi-tieu-chuan\/#primaryimage","url":"https:\/\/swoer.vn\/wp-content\/uploads\/2025\/10\/NON-STANDARD-METAL-PRODUCT-AUTOMATIC-ARRANGING-MACHINE.png","contentUrl":"https:\/\/swoer.vn\/wp-content\/uploads\/2025\/10\/NON-STANDARD-METAL-PRODUCT-AUTOMATIC-ARRANGING-MACHINE.png","width":800,"height":800,"caption":"NON-STANDARD METAL PRODUCT AUTOMATIC ARRANGING MACHINE"},{"@type":"BreadcrumbList","@id":"https:\/\/swoer.vn\/manufacturer\/may-sap-xep-san-pham-kim-loai-phi-tieu-chuan\/#breadcrumb","itemListElement":[{"@type":"ListItem","position":1,"name":"Home","item":"https:\/\/swoer.vn\/"},{"@type":"ListItem","position":2,"name":"S\u1ea3n ph\u1ea9m","item":"https:\/\/swoer.vn\/shop\/"},{"@type":"ListItem","position":3,"name":"M\u00e1y s\u1eafp x\u1ebfp s\u1ea3n ph\u1ea9m kim lo\u1ea1i phi ti\u00eau chu\u1ea9n"}]},{"@type":"WebSite","@id":"https:\/\/swoer.vn\/#website","url":"https:\/\/swoer.vn\/","name":"Pengeluar Pengumpan Perindustrian","description":"Pembekal robot, penyuap fleksibel, penyuap emparan, penyuap bergetar automatik","potentialAction":[{"@type":"SearchAction","target":{"@type":"EntryPoint","urlTemplate":"https:\/\/swoer.vn\/?s={search_term_string}"},"query-input":{"@type":"PropertyValueSpecification","valueRequired":true,"valueName":"search_term_string"}}],"inLanguage":"ms-MY"}]}},"_links":{"self":[{"href":"https:\/\/swoer.vn\/ms\/wp-json\/wp\/v2\/product\/5301","targetHints":{"allow":["GET"]}}],"collection":[{"href":"https:\/\/swoer.vn\/ms\/wp-json\/wp\/v2\/product"}],"about":[{"href":"https:\/\/swoer.vn\/ms\/wp-json\/wp\/v2\/types\/product"}],"replies":[{"embeddable":true,"href":"https:\/\/swoer.vn\/ms\/wp-json\/wp\/v2\/comments?post=5301"}],"wp:featuredmedia":[{"embeddable":true,"href":"https:\/\/swoer.vn\/ms\/wp-json\/wp\/v2\/media\/5302"}],"wp:attachment":[{"href":"https:\/\/swoer.vn\/ms\/wp-json\/wp\/v2\/media?parent=5301"}],"wp:term":[{"taxonomy":"product_brand","embeddable":true,"href":"https:\/\/swoer.vn\/ms\/wp-json\/wp\/v2\/product_brand?post=5301"},{"taxonomy":"product_cat","embeddable":true,"href":"https:\/\/swoer.vn\/ms\/wp-json\/wp\/v2\/product_cat?post=5301"},{"taxonomy":"product_tag","embeddable":true,"href":"https:\/\/swoer.vn\/ms\/wp-json\/wp\/v2\/product_tag?post=5301"}],"curies":[{"name":"wp","href":"https:\/\/api.w.org\/{rel}","templated":true}]}}