{"id":5055,"date":"2025-10-06T15:37:08","date_gmt":"2025-10-06T08:37:08","guid":{"rendered":"https:\/\/swoer.vn\/?post_type=product&#038;p=5055"},"modified":"2025-10-06T15:37:09","modified_gmt":"2025-10-06T08:37:09","slug":"may-cap-lieu-rung-cho-coc-nhua","status":"publish","type":"product","link":"https:\/\/swoer.vn\/ms\/manufacturer\/may-cap-lieu-rung-cho-coc-nhua\/","title":{"rendered":"M\u00e1y c\u1ea5p li\u1ec7u rung cho c\u1ed1c nh\u1ef1a"},"content":{"rendered":"<h2><span style=\"font-weight: 400;\">Spesifikasi produk:<\/span><\/h2>\n<table>\n<thead>\n<tr>\n<th><span style=\"font-weight: 400;\">Kod produk<\/span><\/th>\n<th><span style=\"font-weight: 400;\">Vibratory feeding system for plastic cups with CE<\/span><\/th>\n<\/tr>\n<tr>\n<th><span style=\"font-weight: 400;\">Kuasa motor (kW)<\/span><\/th>\n<th><span style=\"font-weight: 400;\">1 hingga 10<\/span><\/th>\n<\/tr>\n<tr>\n<th><span style=\"font-weight: 400;\">Mod Pergerakan<\/span><\/th>\n<th><span style=\"font-weight: 400;\">Linear<\/span><\/th>\n<\/tr>\n<tr>\n<th><span style=\"font-weight: 400;\">Aft\u1ebb-sales Service<\/span><\/th>\n<th><span style=\"font-weight: 400;\">Online Technical Support<\/span><\/th>\n<\/tr>\n<tr>\n<th><span style=\"font-weight: 400;\">Pemakanan Maks (mm)<\/span><\/th>\n<th><span style=\"font-weight: 400;\">Kumpulkan<\/span><\/th>\n<\/tr>\n<\/thead>\n<tbody>\n<tr>\n<td><span style=\"font-weight: 400;\">Saiz Pelongsor (mm)<\/span><\/td>\n<td><span style=\"font-weight: 400;\">Kumpulkan<\/span><\/td>\n<\/tr>\n<tr>\n<td><span style=\"font-weight: 400;\">Jenama\u00a0<\/span><\/td>\n<td><span style=\"font-weight: 400;\">SUMPAH<\/span><\/td>\n<\/tr>\n<tr>\n<td><span style=\"font-weight: 400;\">Kapasiti<\/span><\/td>\n<td><span style=\"font-weight: 400;\">80 &#8211; 150<\/span><\/td>\n<\/tr>\n<tr>\n<td><span style=\"font-weight: 400;\">taip<\/span><\/td>\n<td><span style=\"font-weight: 400;\">M\u00e1y rung \u0111i\u1ec7n t\u1eeb<\/span><\/td>\n<\/tr>\n<tr>\n<td><span style=\"font-weight: 400;\">Rupa<\/span><\/td>\n<td><span style=\"font-weight: 400;\">Jenis terbuka<\/span><\/td>\n<\/tr>\n<tr>\n<td><span style=\"font-weight: 400;\">botol<\/span><\/td>\n<td><span style=\"font-weight: 400;\">12 th\u00e1ng<\/span><\/td>\n<\/tr>\n<tr>\n<td><span style=\"font-weight: 400;\">Cerun Pemasangan<\/span><\/td>\n<td><span style=\"font-weight: 400;\">Kumpulkan<\/span><\/td>\n<\/tr>\n<tr>\n<td><span style=\"font-weight: 400;\">Dimensi Keseluruhan<\/span><\/td>\n<td><span style=\"font-weight: 400;\">Kumpulkan<\/span><\/td>\n<\/tr>\n<tr>\n<td><span style=\"font-weight: 400;\">Asal<\/span><\/td>\n<td><span style=\"font-weight: 400;\">China<\/span><\/td>\n<\/tr>\n<\/tbody>\n<\/table>\n<h2><span style=\"font-weight: 400;\">ciri-ciri:<\/span><\/h2>\n<p><span style=\"font-weight: 400;\">H\u1ec7 th\u1ed1ng c\u1ea5p li\u1ec7u b\u00e1t rung t\u1ef1 \u0111\u1ed9ng l\u00e0 m\u1ed9t lo\u1ea1i thi\u1ebft b\u1ecb ph\u1ee5 c\u1ee7a m\u00e1y l\u1eafp r\u00e1p t\u1ef1 \u0111\u1ed9ng, c\u00f3 th\u1ec3 s\u1eafp x\u1ebfp m\u1ecdi lo\u1ea1i s\u1ea3n ph\u1ea9m m\u1ed9t c\u00e1ch c\u00f3 tr\u1eadt t\u1ef1. C\u00f3 th\u1ec3 k\u1ebft h\u1ee3p b\u1ed9 ph\u1eadn n\u00e0y v\u1edbi thi\u1ebft b\u1ecb l\u1eafp r\u00e1p t\u1ef1 \u0111\u1ed9ng \u0111\u1ec3 l\u1eafp t\u1ea5t c\u1ea3 c\u00e1c b\u1ed9 ph\u1eadn c\u1ee7a s\u1ea3n ph\u1ea9m v\u00e0o m\u1ed9t s\u1ea3n ph\u1ea9m ho\u00e0n ch\u1ec9nh. Khay n\u1ea1p rung \u0111\u01b0\u1ee3c s\u1eed d\u1ee5ng r\u1ed9ng r\u00e3i trong c\u00e1c thi\u1ebft b\u1ecb \u0111i\u1ec7n t\u1eed, ph\u1ea7n c\u1ee9ng, xi m\u0103ng nh\u1ef1a, thu\u1ed1c an th\u00f4ng, th\u1ef1c ph\u1ea9m, \u0111\u1ed3 ch\u01a1i, m\u1eabu n\u1ec1n th\u01b0, h\u00e0ng ng\u00e0y v\u00e0 c\u00e1c ng\u00e0nh kh\u00e1c. \u0110\u00e2y l\u00e0 thi\u1ebft b\u1ecb c\u1ea7n thi\u1ebft \u0111\u1ec3 gi\u1ea3i quy\u1ebft vi\u1ec7c cung c\u1ea5p thi\u1ebft b\u1ecb t\u1ef1 \u0111\u1ed9ng h\u00f3a c\u00f4ng nghi\u1ec7p. C\u0169ng c\u00f3 th\u1ec3 s\u1eed d\u1ee5ng b\u1ed9 ti\u1ebfp li\u1ec7u b\u1eb1ng ch\u00e9n rung \u0111\u1ec3 ph\u00e2n lo\u1ea1i, ki\u1ec3m tra, \u0111\u1ebfm v\u00e0 \u0111\u00f3ng g\u00f3i,&#8230; \u0111\u00e2y l\u00e0 s\u1ea3n ph\u1ea9m c\u00f4ng ngh\u1ec7 cao hi\u1ec7n \u0111\u1ea1i.<\/span><\/p>\n<table>\n<tbody>\n<tr>\n<td><span style=\"font-weight: 400;\">\u0110\u01b0\u1eddng k\u00ednh cho b\u1ed9 n\u1ea1p c\u1ee7a b\u00e1t<\/span><\/td>\n<td><span style=\"font-weight: 400;\">Tu\u1ef3 ch\u1ec9nh<\/span><\/td>\n<\/tr>\n<tr>\n<td><span style=\"font-weight: 400;\">M\u00e1ng n\u1ea1p li\u1ec7u c\u1ee7a b\u00e1t<\/span><\/td>\n<td><span style=\"font-weight: 400;\">Tu\u1ef3 ch\u1ec9nh<\/span><\/td>\n<\/tr>\n<tr>\n<td><span style=\"font-weight: 400;\">Dung t\u00edch n\u1ea1p c\u1ee7a b\u00e1t<\/span><\/td>\n<td><span style=\"font-weight: 400;\">Tu\u1ef3 ch\u1ec9nh<\/span><\/td>\n<\/tr>\n<tr>\n<td><span style=\"font-weight: 400;\">Kelajuan<\/span><\/td>\n<td><span style=\"font-weight: 400;\">\u0110i\u1ec1u ch\u1ec9nh<\/span><\/td>\n<\/tr>\n<tr>\n<td><span style=\"font-weight: 400;\">Voltan\u00a0<\/span><\/td>\n<td><span style=\"font-weight: 400;\">220V<\/span><\/td>\n<\/tr>\n<tr>\n<td><span style=\"font-weight: 400;\">Arah<\/span><\/td>\n<td><span style=\"font-weight: 400;\">Theo chi\u1ec1u kim \u0111\u1ed3ng h\u1ed3 ho\u1eb7c ng\u01b0\u1ee3c l\u1ea1i<\/span><\/td>\n<\/tr>\n<tr>\n<td><span style=\"font-weight: 400;\">Nguy\u00ean v\u1eadt li\u1ec7u<\/span><\/td>\n<td><span style=\"font-weight: 400;\">SS-304<\/span><\/td>\n<\/tr>\n<\/tbody>\n<\/table>\n<h2><span style=\"font-weight: 400;\">Quy tr\u00ecnh mua h\u00e0ng:<\/span><\/h2>\n<h3><span style=\"font-weight: 400;\">B\u01b0\u1edbc 1:<\/span><\/h3>\n<ol>\n<li><span style=\"font-weight: 400;\"> Ng\u01b0\u1eddi mua cung c\u1ea5p h\u00ecnh \u1ea3nh v\u1eadt l\u00fd, k\u00edch c\u1ee1 v\u00e0 v\u1eadt li\u1ec7u.<\/span><\/li>\n<li><span style=\"font-weight: 400;\"> Ng\u01b0\u1eddi mua cung c\u1ea5p \u0111\u01a1n h\u00e0ng v\u00e0 h\u01b0\u1edbng d\u1eabn x\u1ea3 v\u1eadt li\u1ec7u.<\/span><\/li>\n<li><span style=\"font-weight: 400;\"> Ng\u01b0\u1eddi mua cung c\u1ea5p t\u1ed1c \u0111\u1ed9 x\u1ea3.<\/span><\/li>\n<li><span style=\"font-weight: 400;\"> Ng\u01b0\u1ee3c chi\u1ec1u kim \u0111\u1ed3ng h\u1ed3 ho\u1eb7c theo chi\u1ec1u kim \u0111\u1ed3ng h\u1ed3.<\/span><\/li>\n<li><span style=\"font-weight: 400;\"> X\u00e1c nh\u1eadn n\u1ebfu b\u1ea1n c\u1ea7n khay n\u1ea1p tuy\u1ebfn t\u00ednh, ph\u1ec5u h\u1ee9ng, b\u1ea3ng \u0111\u1ee1 v\u00e0 n\u1eafp ch\u1ed1ng \u00e2m thanh.<\/span><\/li>\n<\/ol>\n<h3><span style=\"font-weight: 400;\">B\u01b0\u1edbc 2: Ph\u1ea3n h\u1ed3i v\u1ec1 \u0111\u00e1nh gi\u00e1 c\u1ee7a ng\u01b0\u1eddi b\u00e1n<\/span><\/h3>\n<p><span style=\"font-weight: 400;\">V\u1eadt li\u1ec7u (tr\u1ea3 l\u1ea1i cho ng\u01b0\u1eddi mua c\u00f3 khay n\u1ea1p rung) ph\u1ea3i \u0111\u01b0\u1ee3c s\u1eed d\u1ee5ng \u0111\u1ec3 \u0111i\u1ec1u ch\u1ec9nh khay n\u1ea1p rung.<\/span><\/p>\n<h3><span style=\"font-weight: 400;\">B\u01b0\u1edbc 3: Sau khi thanh to\u00e1n v\u00e0 giao h\u00e0ng<\/span><\/h3>\n<ol>\n<li><span style=\"font-weight: 400;\"> Ng\u01b0\u1eddi b\u00e1n b\u1eaft \u0111\u1ea7u \u0111\u1eb7t h\u00e0ng v\u00e0 th\u1ef1c hi\u1ec7n thanh to\u00e1n kh\u00f4ng tr\u1ea3 ti\u1ec1n.<\/span><\/li>\n<li><span style=\"font-weight: 400;\"> Quay video tr\u00ean m\u00e1y ki\u1ec3m tra.<\/span><\/li>\n<li><span style=\"font-weight: 400;\"> Ng\u01b0\u1eddi mua h\u00e0i l\u00f2ng v\u00e0 th\u1ef1c hi\u1ec7n thanh to\u00e1n cu\u1ed1i c\u00f9ng.<\/span><\/li>\n<li><span style=\"font-weight: 400;\"> Ng\u01b0\u1eddi b\u00e1n \u0111\u00f3ng g\u00f3i c\u00e1c h\u1ed9p g\u1ed7 v\u00e0 giao h\u00e0ng b\u1eb1ng h\u1eadu c\u1ea7n.<\/span><\/li>\n<\/ol>","protected":false},"excerpt":{"rendered":"<div id=\"00272248dd98a867\" class=\"conversation-container message-actions-hover-boundary ng-star-inserted\">\n<div>\n<div class=\"response-container ng-tns-c3570656371-2875 response-container-with-gpi is-mobile ng-star-inserted response-container-has-multiple-responses\" data-hveid=\"1\">\n<div class=\"presented-response-container ng-tns-c3570656371-2875\">\n<div class=\"response-container-content ng-tns-c3570656371-2875 is-mobile\">\n<div class=\"response-content ng-tns-c3570656371-2875\">\n<div id=\"model-response-message-contentr_00272248dd98a867\" class=\"markdown markdown-main-panel enable-updated-hr-color\" dir=\"ltr\">\n<p><b>M\u00e1y c\u1ea5p li\u1ec7u rung chuy\u00ean d\u1ee5ng cho c\u1ed1c nh\u1ef1a<\/b> c\u1ee7a SWOER l\u00e0 gi\u1ea3i ph\u00e1p t\u1ed1i \u01b0u, \u0111\u01b0\u1ee3c thi\u1ebft k\u1ebf \u0111\u1ec3 x\u1eed l\u00fd c\u00e1c lo\u1ea1i c\u1ed1c, ch\u00e9n, ho\u1eb7c bao b\u00ec nh\u1ef1a m\u1ecfng. Th\u00e1ch th\u1ee9c l\u1edbn nh\u1ea5t khi c\u1ea5p li\u1ec7u c\u1ed1c nh\u1ef1a l\u00e0 <b>nguy c\u01a1 tr\u1ea7y x\u01b0\u1edbc b\u1ec1 m\u1eb7t<\/b> v\u00e0 xu h\u01b0\u1edbng c\u00e1c c\u1ed1c d\u1ec5 b\u1ecb <b>d\u00ednh ch\u1eb7t v\u00e0o nhau<\/b> do t\u0129nh \u0111i\u1ec7n ho\u1eb7c thi\u1ebft k\u1ebf. M\u00e1y c\u1ee7a ch\u00fang t\u00f4i \u0111\u01b0\u1ee3c t\u1ed1i \u01b0u h\u00f3a v\u1edbi <b>l\u1edbp ph\u1ee7 b\u1ec1 m\u1eb7t ch\u1ed1ng ma s\u00e1t<\/b>\u00a0dan <b>c\u01a1 ch\u1ebf rung \u0111\u1ed9ng \u0111\u01b0\u1ee3c \u0111i\u1ec1u ch\u1ec9nh ch\u00ednh x\u00e1c<\/b> \u0111\u1ec3 \u0111\u1ea3m b\u1ea3o m\u1ed7i chi\u1ebfc c\u1ed1c \u0111\u01b0\u1ee3c <b>t\u00e1ch r\u1eddi nh\u1eb9 nh\u00e0ng<\/b> v\u00e0 c\u1ea5p ra ngo\u00e0i theo \u0111\u00fang \u0111\u1ecbnh h\u01b0\u1edbng m\u00e0 kh\u00f4ng g\u00e2y h\u01b0 h\u1ecfng. \u0110i\u1ec1u n\u00e0y gi\u00fap lo\u1ea1i b\u1ecf tri\u1ec7t \u0111\u1ec3 v\u1ea5n \u0111\u1ec1 d\u00ednh b\u00e1m v\u00e0 tr\u1ea7y x\u01b0\u1edbc, duy tr\u00ec <b>lu\u1ed3ng c\u1ea5p li\u1ec7u \u1ed5n \u0111\u1ecbnh<\/b> v\u00e0 b\u1ea3o to\u00e0n t\u00ednh th\u1ea9m m\u1ef9 cao nh\u1ea5t cho s\u1ea3n ph\u1ea9m c\u1ee7a b\u1ea1n.<\/p>\n<\/div>\n<\/div>\n<\/div>\n<\/div>\n<\/div>\n<\/div>\n<\/div>","protected":false},"featured_media":5056,"comment_status":"open","ping_status":"closed","template":"","meta":[],"product_brand":[],"product_cat":[106],"product_tag":[170,107,166],"class_list":{"0":"post-5055","1":"product","2":"type-product","3":"status-publish","4":"has-post-thumbnail","6":"product_cat-mam-rung-cap-phoi","7":"product_tag-mam-rung-cap-phoi","8":"product_tag-may-cap-lieu-rung","9":"product_tag-pheu-rung","11":"first","12":"instock","13":"shipping-taxable","14":"product-type-simple"},"yoast_head":"<!-- This site is optimized with the Yoast SEO plugin v26.0 - https:\/\/yoast.com\/wordpress\/plugins\/seo\/ -->\n<title>M\u00e1y c\u1ea5p li\u1ec7u rung cho c\u1ed1c nh\u1ef1a - Nh\u00e0 s\u1ea3n xu\u1ea5t m\u00e1y c\u1ea5p li\u1ec7u c\u00f4ng nghi\u1ec7p<\/title>\n<meta name=\"description\" content=\"M\u00e1y c\u1ea5p li\u1ec7u rung cho c\u1ed1c nh\u1ef1a: Chuy\u00ean c\u1ea5p li\u1ec7u c\u1ed1c, ch\u00e9n, khay nh\u1ef1a m\u1ecfng v\u1edbi thao t\u00e1c nh\u1eb9 nh\u00e0ng, ng\u0103n ng\u1eeba tr\u1ea7y x\u01b0\u1edbc v\u00e0 d\u00ednh. \u0110\u1ea3m b\u1ea3o lu\u1ed3ng c\u1ea5p li\u1ec7u\" \/>\n<meta name=\"robots\" content=\"index, follow, max-snippet:-1, max-image-preview:large, max-video-preview:-1\" \/>\n<link rel=\"canonical\" href=\"https:\/\/swoer.vn\/ms\/manufacturer\/may-cap-lieu-rung-cho-coc-nhua\/\" \/>\n<meta property=\"og:locale\" content=\"ms_MY\" \/>\n<meta property=\"og:type\" content=\"article\" \/>\n<meta property=\"og:title\" content=\"M\u00e1y c\u1ea5p li\u1ec7u rung cho c\u1ed1c nh\u1ef1a - Nh\u00e0 s\u1ea3n xu\u1ea5t m\u00e1y c\u1ea5p li\u1ec7u c\u00f4ng nghi\u1ec7p\" \/>\n<meta property=\"og:description\" content=\"M\u00e1y c\u1ea5p li\u1ec7u rung cho c\u1ed1c nh\u1ef1a: Chuy\u00ean c\u1ea5p li\u1ec7u c\u1ed1c, ch\u00e9n, khay nh\u1ef1a m\u1ecfng v\u1edbi thao t\u00e1c nh\u1eb9 nh\u00e0ng, ng\u0103n ng\u1eeba tr\u1ea7y x\u01b0\u1edbc v\u00e0 d\u00ednh. \u0110\u1ea3m b\u1ea3o lu\u1ed3ng c\u1ea5p li\u1ec7u\" \/>\n<meta property=\"og:url\" content=\"https:\/\/swoer.vn\/ms\/manufacturer\/may-cap-lieu-rung-cho-coc-nhua\/\" \/>\n<meta property=\"og:site_name\" content=\"Nh\u00e0 s\u1ea3n xu\u1ea5t m\u00e1y c\u1ea5p li\u1ec7u c\u00f4ng nghi\u1ec7p\" \/>\n<meta property=\"article:modified_time\" content=\"2025-10-06T08:37:09+00:00\" \/>\n<meta property=\"og:image\" content=\"https:\/\/swoer.vn\/wp-content\/uploads\/2025\/10\/May-cap-lieu-rung-cho-coc-nhua.png\" \/>\n\t<meta property=\"og:image:width\" content=\"800\" \/>\n\t<meta property=\"og:image:height\" content=\"800\" \/>\n\t<meta property=\"og:image:type\" content=\"image\/png\" \/>\n<meta name=\"twitter:card\" content=\"summary_large_image\" \/>\n<meta name=\"twitter:label1\" content=\"Est. reading time\" \/>\n\t<meta name=\"twitter:data1\" content=\"3 minit\" \/>\n<script type=\"application\/ld+json\" class=\"yoast-schema-graph\">{\"@context\":\"https:\/\/schema.org\",\"@graph\":[{\"@type\":\"WebPage\",\"@id\":\"https:\/\/swoer.vn\/manufacturer\/may-cap-lieu-rung-cho-coc-nhua\/\",\"url\":\"https:\/\/swoer.vn\/manufacturer\/may-cap-lieu-rung-cho-coc-nhua\/\",\"name\":\"M\u00e1y c\u1ea5p li\u1ec7u rung cho c\u1ed1c nh\u1ef1a - Nh\u00e0 s\u1ea3n xu\u1ea5t m\u00e1y c\u1ea5p li\u1ec7u c\u00f4ng nghi\u1ec7p\",\"isPartOf\":{\"@id\":\"https:\/\/swoer.vn\/#website\"},\"primaryImageOfPage\":{\"@id\":\"https:\/\/swoer.vn\/manufacturer\/may-cap-lieu-rung-cho-coc-nhua\/#primaryimage\"},\"image\":{\"@id\":\"https:\/\/swoer.vn\/manufacturer\/may-cap-lieu-rung-cho-coc-nhua\/#primaryimage\"},\"thumbnailUrl\":\"https:\/\/swoer.vn\/wp-content\/uploads\/2025\/10\/May-cap-lieu-rung-cho-coc-nhua.png\",\"datePublished\":\"2025-10-06T08:37:08+00:00\",\"dateModified\":\"2025-10-06T08:37:09+00:00\",\"description\":\"M\u00e1y c\u1ea5p li\u1ec7u rung cho c\u1ed1c nh\u1ef1a: Chuy\u00ean c\u1ea5p li\u1ec7u c\u1ed1c, ch\u00e9n, khay nh\u1ef1a m\u1ecfng v\u1edbi thao t\u00e1c nh\u1eb9 nh\u00e0ng, ng\u0103n ng\u1eeba tr\u1ea7y x\u01b0\u1edbc v\u00e0 d\u00ednh. \u0110\u1ea3m b\u1ea3o lu\u1ed3ng c\u1ea5p li\u1ec7u\",\"breadcrumb\":{\"@id\":\"https:\/\/swoer.vn\/manufacturer\/may-cap-lieu-rung-cho-coc-nhua\/#breadcrumb\"},\"inLanguage\":\"ms-MY\",\"potentialAction\":[{\"@type\":\"ReadAction\",\"target\":[\"https:\/\/swoer.vn\/manufacturer\/may-cap-lieu-rung-cho-coc-nhua\/\"]}]},{\"@type\":\"ImageObject\",\"inLanguage\":\"ms-MY\",\"@id\":\"https:\/\/swoer.vn\/manufacturer\/may-cap-lieu-rung-cho-coc-nhua\/#primaryimage\",\"url\":\"https:\/\/swoer.vn\/wp-content\/uploads\/2025\/10\/May-cap-lieu-rung-cho-coc-nhua.png\",\"contentUrl\":\"https:\/\/swoer.vn\/wp-content\/uploads\/2025\/10\/May-cap-lieu-rung-cho-coc-nhua.png\",\"width\":800,\"height\":800,\"caption\":\"Ma\u0301y ca\u0302\u0301p lie\u0323\u0302u rung cho co\u0302\u0301c nhu\u031b\u0323a\"},{\"@type\":\"BreadcrumbList\",\"@id\":\"https:\/\/swoer.vn\/manufacturer\/may-cap-lieu-rung-cho-coc-nhua\/#breadcrumb\",\"itemListElement\":[{\"@type\":\"ListItem\",\"position\":1,\"name\":\"Home\",\"item\":\"https:\/\/swoer.vn\/\"},{\"@type\":\"ListItem\",\"position\":2,\"name\":\"S\u1ea3n ph\u1ea9m\",\"item\":\"https:\/\/swoer.vn\/shop\/\"},{\"@type\":\"ListItem\",\"position\":3,\"name\":\"M\u00e1y c\u1ea5p li\u1ec7u rung cho c\u1ed1c nh\u1ef1a\"}]},{\"@type\":\"WebSite\",\"@id\":\"https:\/\/swoer.vn\/#website\",\"url\":\"https:\/\/swoer.vn\/\",\"name\":\"Nh\u00e0 s\u1ea3n xu\u1ea5t m\u00e1y c\u1ea5p li\u1ec7u c\u00f4ng nghi\u1ec7p\",\"description\":\"Nh\u00e0 cung c\u1ea5p robot, m\u00e1y c\u1ea5p li\u1ec7u linh ho\u1ea1t, m\u00e1y c\u1ea5p li\u1ec7u ly t\u00e2m, m\u00e1y c\u1ea5p li\u1ec7u rung t\u1ef1 \u0111\u1ed9ng\",\"potentialAction\":[{\"@type\":\"SearchAction\",\"target\":{\"@type\":\"EntryPoint\",\"urlTemplate\":\"https:\/\/swoer.vn\/?s={search_term_string}\"},\"query-input\":{\"@type\":\"PropertyValueSpecification\",\"valueRequired\":true,\"valueName\":\"search_term_string\"}}],\"inLanguage\":\"ms-MY\"}]}<\/script>\n<!-- \/ Yoast SEO plugin. -->","yoast_head_json":{"title":"M\u00e1y c\u1ea5p li\u1ec7u rung cho c\u1ed1c nh\u1ef1a - Nh\u00e0 s\u1ea3n xu\u1ea5t m\u00e1y c\u1ea5p li\u1ec7u c\u00f4ng nghi\u1ec7p","description":"M\u00e1y c\u1ea5p li\u1ec7u rung cho c\u1ed1c nh\u1ef1a: Chuy\u00ean c\u1ea5p li\u1ec7u c\u1ed1c, ch\u00e9n, khay nh\u1ef1a m\u1ecfng v\u1edbi thao t\u00e1c nh\u1eb9 nh\u00e0ng, ng\u0103n ng\u1eeba tr\u1ea7y x\u01b0\u1edbc v\u00e0 d\u00ednh. \u0110\u1ea3m b\u1ea3o lu\u1ed3ng c\u1ea5p li\u1ec7u","robots":{"index":"index","follow":"follow","max-snippet":"max-snippet:-1","max-image-preview":"max-image-preview:large","max-video-preview":"max-video-preview:-1"},"canonical":"https:\/\/swoer.vn\/ms\/manufacturer\/may-cap-lieu-rung-cho-coc-nhua\/","og_locale":"ms_MY","og_type":"article","og_title":"M\u00e1y c\u1ea5p li\u1ec7u rung cho c\u1ed1c nh\u1ef1a - Nh\u00e0 s\u1ea3n xu\u1ea5t m\u00e1y c\u1ea5p li\u1ec7u c\u00f4ng nghi\u1ec7p","og_description":"M\u00e1y c\u1ea5p li\u1ec7u rung cho c\u1ed1c nh\u1ef1a: Chuy\u00ean c\u1ea5p li\u1ec7u c\u1ed1c, ch\u00e9n, khay nh\u1ef1a m\u1ecfng v\u1edbi thao t\u00e1c nh\u1eb9 nh\u00e0ng, ng\u0103n ng\u1eeba tr\u1ea7y x\u01b0\u1edbc v\u00e0 d\u00ednh. \u0110\u1ea3m b\u1ea3o lu\u1ed3ng c\u1ea5p li\u1ec7u","og_url":"https:\/\/swoer.vn\/ms\/manufacturer\/may-cap-lieu-rung-cho-coc-nhua\/","og_site_name":"Nh\u00e0 s\u1ea3n xu\u1ea5t m\u00e1y c\u1ea5p li\u1ec7u c\u00f4ng nghi\u1ec7p","article_modified_time":"2025-10-06T08:37:09+00:00","og_image":[{"width":800,"height":800,"url":"https:\/\/swoer.vn\/wp-content\/uploads\/2025\/10\/May-cap-lieu-rung-cho-coc-nhua.png","type":"image\/png"}],"twitter_card":"summary_large_image","twitter_misc":{"Est. reading time":"3 minit"},"schema":{"@context":"https:\/\/schema.org","@graph":[{"@type":"WebPage","@id":"https:\/\/swoer.vn\/manufacturer\/may-cap-lieu-rung-cho-coc-nhua\/","url":"https:\/\/swoer.vn\/manufacturer\/may-cap-lieu-rung-cho-coc-nhua\/","name":"M\u00e1y c\u1ea5p li\u1ec7u rung cho c\u1ed1c nh\u1ef1a - Nh\u00e0 s\u1ea3n xu\u1ea5t m\u00e1y c\u1ea5p li\u1ec7u c\u00f4ng nghi\u1ec7p","isPartOf":{"@id":"https:\/\/swoer.vn\/#website"},"primaryImageOfPage":{"@id":"https:\/\/swoer.vn\/manufacturer\/may-cap-lieu-rung-cho-coc-nhua\/#primaryimage"},"image":{"@id":"https:\/\/swoer.vn\/manufacturer\/may-cap-lieu-rung-cho-coc-nhua\/#primaryimage"},"thumbnailUrl":"https:\/\/swoer.vn\/wp-content\/uploads\/2025\/10\/May-cap-lieu-rung-cho-coc-nhua.png","datePublished":"2025-10-06T08:37:08+00:00","dateModified":"2025-10-06T08:37:09+00:00","description":"M\u00e1y c\u1ea5p li\u1ec7u rung cho c\u1ed1c nh\u1ef1a: Chuy\u00ean c\u1ea5p li\u1ec7u c\u1ed1c, ch\u00e9n, khay nh\u1ef1a m\u1ecfng v\u1edbi thao t\u00e1c nh\u1eb9 nh\u00e0ng, ng\u0103n ng\u1eeba tr\u1ea7y x\u01b0\u1edbc v\u00e0 d\u00ednh. \u0110\u1ea3m b\u1ea3o lu\u1ed3ng c\u1ea5p li\u1ec7u","breadcrumb":{"@id":"https:\/\/swoer.vn\/manufacturer\/may-cap-lieu-rung-cho-coc-nhua\/#breadcrumb"},"inLanguage":"ms-MY","potentialAction":[{"@type":"ReadAction","target":["https:\/\/swoer.vn\/manufacturer\/may-cap-lieu-rung-cho-coc-nhua\/"]}]},{"@type":"ImageObject","inLanguage":"ms-MY","@id":"https:\/\/swoer.vn\/manufacturer\/may-cap-lieu-rung-cho-coc-nhua\/#primaryimage","url":"https:\/\/swoer.vn\/wp-content\/uploads\/2025\/10\/May-cap-lieu-rung-cho-coc-nhua.png","contentUrl":"https:\/\/swoer.vn\/wp-content\/uploads\/2025\/10\/May-cap-lieu-rung-cho-coc-nhua.png","width":800,"height":800,"caption":"Ma\u0301y ca\u0302\u0301p lie\u0323\u0302u rung cho co\u0302\u0301c nhu\u031b\u0323a"},{"@type":"BreadcrumbList","@id":"https:\/\/swoer.vn\/manufacturer\/may-cap-lieu-rung-cho-coc-nhua\/#breadcrumb","itemListElement":[{"@type":"ListItem","position":1,"name":"Home","item":"https:\/\/swoer.vn\/"},{"@type":"ListItem","position":2,"name":"S\u1ea3n ph\u1ea9m","item":"https:\/\/swoer.vn\/shop\/"},{"@type":"ListItem","position":3,"name":"M\u00e1y c\u1ea5p li\u1ec7u rung cho c\u1ed1c nh\u1ef1a"}]},{"@type":"WebSite","@id":"https:\/\/swoer.vn\/#website","url":"https:\/\/swoer.vn\/","name":"Pengeluar Pengumpan Perindustrian","description":"Pembekal robot, penyuap fleksibel, penyuap emparan, penyuap bergetar automatik","potentialAction":[{"@type":"SearchAction","target":{"@type":"EntryPoint","urlTemplate":"https:\/\/swoer.vn\/?s={search_term_string}"},"query-input":{"@type":"PropertyValueSpecification","valueRequired":true,"valueName":"search_term_string"}}],"inLanguage":"ms-MY"}]}},"_links":{"self":[{"href":"https:\/\/swoer.vn\/ms\/wp-json\/wp\/v2\/product\/5055","targetHints":{"allow":["GET"]}}],"collection":[{"href":"https:\/\/swoer.vn\/ms\/wp-json\/wp\/v2\/product"}],"about":[{"href":"https:\/\/swoer.vn\/ms\/wp-json\/wp\/v2\/types\/product"}],"replies":[{"embeddable":true,"href":"https:\/\/swoer.vn\/ms\/wp-json\/wp\/v2\/comments?post=5055"}],"wp:featuredmedia":[{"embeddable":true,"href":"https:\/\/swoer.vn\/ms\/wp-json\/wp\/v2\/media\/5056"}],"wp:attachment":[{"href":"https:\/\/swoer.vn\/ms\/wp-json\/wp\/v2\/media?parent=5055"}],"wp:term":[{"taxonomy":"product_brand","embeddable":true,"href":"https:\/\/swoer.vn\/ms\/wp-json\/wp\/v2\/product_brand?post=5055"},{"taxonomy":"product_cat","embeddable":true,"href":"https:\/\/swoer.vn\/ms\/wp-json\/wp\/v2\/product_cat?post=5055"},{"taxonomy":"product_tag","embeddable":true,"href":"https:\/\/swoer.vn\/ms\/wp-json\/wp\/v2\/product_tag?post=5055"}],"curies":[{"name":"wp","href":"https:\/\/api.w.org\/{rel}","templated":true}]}}