{"id":5044,"date":"2025-10-06T15:05:35","date_gmt":"2025-10-06T08:05:35","guid":{"rendered":"https:\/\/swoer.vn\/?post_type=product&#038;p=5044"},"modified":"2025-10-06T15:05:36","modified_gmt":"2025-10-06T08:05:36","slug":"may-nap-rung-cho-chot-kim-loai","status":"publish","type":"product","link":"https:\/\/swoer.vn\/ms\/manufacturer\/may-nap-rung-cho-chot-kim-loai\/","title":{"rendered":"M\u00e1y n\u1ea1p rung cho ch\u1ed1t kim lo\u1ea1i"},"content":{"rendered":"<h2><span style=\"font-weight: 400;\">Spesifikasi produk:<\/span><\/h2>\n<table>\n<tbody>\n<tr>\n<td><span style=\"font-weight: 400;\">Kod produk<\/span><\/td>\n<td><span style=\"font-weight: 400;\">Auto Bowl Feeder For Meal Pin\/Contact\/Connector<\/span><\/td>\n<\/tr>\n<tr>\n<td><span style=\"font-weight: 400;\">Kuasa motor (kW)<\/span><\/td>\n<td><span style=\"font-weight: 400;\">1 hingga 10<\/span><\/td>\n<\/tr>\n<tr>\n<td><span style=\"font-weight: 400;\">Masa Utama<\/span><\/td>\n<td><span style=\"font-weight: 400;\">7 &#8211; 14 ng\u00e0y<\/span><\/td>\n<\/tr>\n<tr>\n<td><span style=\"font-weight: 400;\">Rupa<\/span><\/td>\n<td><span style=\"font-weight: 400;\">Jenis terbuka<\/span><\/td>\n<\/tr>\n<tr>\n<td><span style=\"font-weight: 400;\">Pemakanan Maks (mm)<\/span><\/td>\n<td><span style=\"font-weight: 400;\">Kumpulkan<\/span><\/td>\n<\/tr>\n<tr>\n<td><span style=\"font-weight: 400;\">Saiz Pelongsor (mm)<\/span><\/td>\n<td><span style=\"font-weight: 400;\">Kumpulkan<\/span><\/td>\n<\/tr>\n<tr>\n<td><span style=\"font-weight: 400;\">Jenama<\/span><\/td>\n<td><span style=\"font-weight: 400;\">SUMPAH<\/span><\/td>\n<\/tr>\n<tr>\n<td><span style=\"font-weight: 400;\">S\u1ee9c ch\u1ee9a (t\/h)<\/span><\/td>\n<td><span style=\"font-weight: 400;\">80 &#8211; 150<\/span><\/td>\n<\/tr>\n<tr>\n<td><span style=\"font-weight: 400;\">taip<\/span><\/td>\n<td><span style=\"font-weight: 400;\">M\u00e1y rung \u0111i\u1ec7n t\u1eeb<\/span><\/td>\n<\/tr>\n<tr>\n<td><span style=\"font-weight: 400;\">Mod Pergerakan<\/span><\/td>\n<td><span style=\"font-weight: 400;\">Linear<\/span><\/td>\n<\/tr>\n<tr>\n<td><span style=\"font-weight: 400;\">botol<\/span><\/td>\n<td><span style=\"font-weight: 400;\">satu tahun<\/span><\/td>\n<\/tr>\n<tr>\n<td><span style=\"font-weight: 400;\">Cerun Pemasangan<\/span><\/td>\n<td><span style=\"font-weight: 400;\">Kumpulkan<\/span><\/td>\n<\/tr>\n<tr>\n<td><span style=\"font-weight: 400;\">Dimensi Keseluruhan<\/span><\/td>\n<td><span style=\"font-weight: 400;\">Kumpulkan<\/span><\/td>\n<\/tr>\n<tr>\n<td><span style=\"font-weight: 400;\">Asal<\/span><\/td>\n<td><span style=\"font-weight: 400;\">China<\/span><\/td>\n<\/tr>\n<\/tbody>\n<\/table>\n<h2><span style=\"font-weight: 400;\">ciri-ciri:<\/span><\/h2>\n<p><span style=\"font-weight: 400;\">H\u1ec7 th\u1ed1ng c\u1ea5p li\u1ec7u b\u00e1t rung t\u1ef1 \u0111\u1ed9ng l\u00e0 m\u1ed9t lo\u1ea1i thi\u1ebft b\u1ecb ph\u1ee5 c\u1ee7a m\u00e1y l\u1eafp r\u00e1p t\u1ef1 \u0111\u1ed9ng, c\u00f3 th\u1ec3 s\u1eafp x\u1ebfp m\u1ecdi lo\u1ea1i s\u1ea3n ph\u1ea9m m\u1ed9t c\u00e1ch c\u00f3 tr\u1eadt t\u1ef1. C\u00f3 th\u1ec3 k\u1ebft h\u1ee3p b\u1ed9 ph\u1eadn n\u00e0y v\u1edbi thi\u1ebft b\u1ecb l\u1eafp r\u00e1p t\u1ef1 \u0111\u1ed9ng \u0111\u1ec3 l\u1eafp t\u1ea5t c\u1ea3 c\u00e1c b\u1ed9 ph\u1eadn c\u1ee7a s\u1ea3n ph\u1ea9m v\u00e0o m\u1ed9t s\u1ea3n ph\u1ea9m ho\u00e0n ch\u1ec9nh. Khay n\u1ea1p rung \u0111\u01b0\u1ee3c s\u1eed d\u1ee5ng r\u1ed9ng r\u00e3i trong c\u00e1c thi\u1ebft b\u1ecb \u0111i\u1ec7n t\u1eed, ph\u1ea7n c\u1ee9ng, xi m\u0103ng nh\u1ef1a, thu\u1ed1c an to\u00e0n, th\u1ef1c ph\u1ea9m, \u0111\u1ed3 ch\u01a1i, m\u1eabu n\u1ec1n th\u01b0, h\u00e0ng ng\u00e0y v\u00e0 c\u00e1c ng\u00e0nh kh\u00e1c. \u0110\u00e2y l\u00e0 thi\u1ebft b\u1ecb c\u1ea7n thi\u1ebft \u0111\u1ec3 gi\u1ea3i quy\u1ebft vi\u1ec7c cung c\u1ea5p thi\u1ebft b\u1ecb t\u1ef1 \u0111\u1ed9ng h\u00f3a c\u00f4ng nghi\u1ec7p. C\u0169ng c\u00f3 th\u1ec3 s\u1eed d\u1ee5ng b\u1ed9 ti\u1ebfp li\u1ec7u b\u1eb1ng ch\u00e9n rung \u0111\u1ec3 ph\u00e2n lo\u1ea1i, ki\u1ec3m tra, \u0111\u1ebfm v\u00e0 \u0111\u00f3ng g\u00f3i,&#8230; \u0111\u00e2y l\u00e0 s\u1ea3n ph\u1ea9m c\u00f4ng ngh\u1ec7 cao hi\u1ec7n \u0111\u1ea1i.<\/span><\/p>\n<table>\n<tbody>\n<tr>\n<td><span style=\"font-weight: 400;\">\u0110\u01b0\u1eddng d\u1eabn n\u1ea1p c\u1ee7a b\u00e1t<\/span><\/td>\n<td><span style=\"font-weight: 400;\">Tu\u1ef3 ch\u1ec9nh<\/span><\/td>\n<\/tr>\n<tr>\n<td><span style=\"font-weight: 400;\">M\u00e1ng n\u1ea1p li\u1ec7u c\u1ee7a b\u00e1t<\/span><\/td>\n<td><span style=\"font-weight: 400;\">Tu\u1ef3 ch\u1ec9nh<\/span><\/td>\n<\/tr>\n<tr>\n<td><span style=\"font-weight: 400;\">Dung t\u00edch n\u1ea1p c\u1ee7a t\u00f4<\/span><\/td>\n<td><span style=\"font-weight: 400;\">Tu\u1ef3 ch\u1ec9nh<\/span><\/td>\n<\/tr>\n<tr>\n<td><span style=\"font-weight: 400;\">Kelajuan<\/span><\/td>\n<td><span style=\"font-weight: 400;\">\u0110i\u1ec1u ch\u1ec9nh<\/span><\/td>\n<\/tr>\n<tr>\n<td><span style=\"font-weight: 400;\">Voltan<\/span><\/td>\n<td><span style=\"font-weight: 400;\">220 V<\/span><\/td>\n<\/tr>\n<tr>\n<td><span style=\"font-weight: 400;\">Arah<\/span><\/td>\n<td><span style=\"font-weight: 400;\">Theo chi\u1ec1u kim \u0111\u1ed3ng h\u1ed3 ho\u1eb7c ng\u01b0\u1ee3c chi\u1ec1u kim \u0111\u1ed3ng h\u1ed3<\/span><\/td>\n<\/tr>\n<tr>\n<td><span style=\"font-weight: 400;\">Nguy\u00ean v\u1eadt li\u1ec7u<\/span><\/td>\n<td><span style=\"font-weight: 400;\">SS-304<\/span><\/td>\n<\/tr>\n<\/tbody>\n<\/table>\n<h2><span style=\"font-weight: 400;\">Quy tr\u00ecnh mua h\u00e0ng:<\/span><\/h2>\n<h3><span style=\"font-weight: 400;\">B\u01b0\u1edbc 1:<\/span><\/h3>\n<ol>\n<li><span style=\"font-weight: 400;\"> Ng\u01b0\u1eddi mua cung c\u1ea5p h\u00ecnh \u1ea3nh v\u1eadt l\u00fd, k\u00edch c\u1ee1 v\u00e0 v\u1eadt li\u1ec7u;<\/span><\/li>\n<li><span style=\"font-weight: 400;\"> Ng\u01b0\u1eddi mua cung c\u1ea5p \u0111\u01a1n h\u00e0ng v\u00e0 h\u01b0\u1edbng d\u1eabn x\u1ea3 v\u1eadt li\u1ec7u.<\/span><\/li>\n<li><span style=\"font-weight: 400;\"> Ng\u01b0\u1eddi mua cung c\u1ea5p t\u1ed1c \u0111\u1ed9 x\u1ea3;<\/span><\/li>\n<li><span style=\"font-weight: 400;\"> Ng\u01b0\u1ee3c chi\u1ec1u kim \u0111\u1ed3ng h\u1ed3 ho\u1eb7c theo chi\u1ec1u kim \u0111\u1ed3ng h\u1ed3;<\/span><\/li>\n<li><span style=\"font-weight: 400;\"> X\u00e1c nh\u1eadn n\u1ebfu b\u1ea1n c\u1ea7n khay n\u1ea1p tuy\u1ebfn t\u00ednh, ph\u1ec5u h\u1ee9ng, b\u1ea3ng chia nhi\u1ec7t v\u00e0 n\u1eafp ch\u1ed1ng \u00e2m thanh.<\/span><\/li>\n<\/ol>\n<h3><span style=\"font-weight: 400;\">B\u01b0\u1edbc 2: Ph\u1ea3n h\u1ed3i v\u1ec1 \u0111\u00e1nh gi\u00e1 c\u1ee7a ng\u01b0\u1eddi b\u00e1n<\/span><\/h3>\n<p><span style=\"font-weight: 400;\">V\u1eadt li\u1ec7u (tr\u1ea3 l\u1ea1i cho ng\u01b0\u1eddi mua c\u00f3 khay n\u1ea1p rung) ph\u1ea3i \u0111\u01b0\u1ee3c s\u1eed d\u1ee5ng \u0111\u1ec3 \u0111i\u1ec1u ch\u1ec9nh khay n\u1ea1p rung.<\/span><\/p>\n<h3><span style=\"font-weight: 400;\">B\u01b0\u1edbc 3: Sau khi thanh to\u00e1n v\u00e0 giao h\u00e0ng<\/span><\/h3>\n<ol>\n<li><span style=\"font-weight: 400;\"> Ng\u01b0\u1eddi b\u00e1n b\u1eaft \u0111\u1ea7u \u0111\u1eb7t h\u00e0ng v\u00e0 th\u1ef1c hi\u1ec7n thanh to\u00e1n kh\u00f4ng tr\u1ea3 ti\u1ec1n.<\/span><\/li>\n<li><span style=\"font-weight: 400;\"> Quay video tr\u00ean m\u00e1y ki\u1ec3m tra;<\/span><\/li>\n<li><span style=\"font-weight: 400;\"> Ng\u01b0\u1eddi mua h\u00e0i l\u00f2ng v\u00e0 th\u1ef1c hi\u1ec7n thanh to\u00e1n cu\u1ed1i c\u00f9ng.<\/span><\/li>\n<li><span style=\"font-weight: 400;\"> Ng\u01b0\u1eddi b\u00e1n \u0111\u00f3ng g\u00f3i c\u00e1c h\u1ed9p g\u1ed7 v\u00e0 giao h\u00e0ng b\u1eb1ng h\u1eadu c\u1ea7n.<\/span><\/li>\n<\/ol>","protected":false},"excerpt":{"rendered":"<div id=\"99973d4991947d08\" class=\"conversation-container message-actions-hover-boundary ng-star-inserted\">\n<div>\n<div class=\"response-container ng-tns-c3570656371-2860 response-container-with-gpi is-mobile ng-star-inserted response-container-has-multiple-responses\" data-hveid=\"1\">\n<div class=\"presented-response-container ng-tns-c3570656371-2860\">\n<div class=\"response-container-content ng-tns-c3570656371-2860 is-mobile\">\n<div class=\"response-content ng-tns-c3570656371-2860\">\n<div id=\"model-response-message-contentr_99973d4991947d08\" class=\"markdown markdown-main-panel enable-updated-hr-color\" dir=\"ltr\">\n<p><b>M\u00e1y n\u1ea1p rung chuy\u00ean d\u1ee5ng cho ch\u1ed1t kim lo\u1ea1i<\/b> c\u1ee7a SWOER l\u00e0 gi\u1ea3i ph\u00e1p t\u1ed1i \u01b0u \u0111\u1ec3 t\u1ef1 \u0111\u1ed9ng h\u00f3a vi\u1ec7c c\u1ea5p c\u00e1c chi ti\u1ebft fastener h\u00ecnh tr\u1ee5 nh\u01b0 ch\u1ed1t, \u0111inh t\u00e1n ho\u1eb7c c\u00e1c chi ti\u1ebft tr\u1ee5c nh\u1ecf. Th\u00e1ch th\u1ee9c l\u1edbn nh\u1ea5t khi x\u1eed l\u00fd ch\u1ed1t l\u00e0 <b>y\u00eau c\u1ea7u \u0111\u1ecbnh h\u01b0\u1edbng \u0111\u1ee9ng<\/b>\u00a0v\u00e0 xu h\u01b0\u1edbng d\u1ec5 b\u1ecb ch\u1ed3ng ch\u00e9o, k\u1eb9t trong qu\u00e1 tr\u00ecnh c\u1ea5p li\u1ec7u. M\u00e1y c\u1ee7a ch\u00fang t\u00f4i s\u1eed d\u1ee5ng m\u00e2m rung v\u00e0 m\u00e1ng d\u1eabn \u0111\u01b0\u1ee3c thi\u1ebft k\u1ebf <b>tinh ch\u1ec9nh \u0111\u1eb7c bi\u1ec7t<\/b> \u0111\u1ec3 \u0111\u1ea3m b\u1ea3o m\u1ed7i ch\u1ed1t \u0111\u01b0\u1ee3c <b>t\u00e1ch r\u1eddi, s\u1eafp x\u1ebfp v\u00e0 c\u0103n ch\u1ec9nh \u0111\u1ea7u\/\u0111u\u00f4i<\/b> m\u1ed9t c\u00e1ch ch\u00ednh x\u00e1c tr\u01b0\u1edbc khi c\u1ea5p v\u00e0o m\u00e1y l\u1eafp r\u00e1p. \u0110i\u1ec1u n\u00e0y gi\u00fap lo\u1ea1i b\u1ecf ho\u00e0n to\u00e0n l\u1ed7i k\u1eb9t ph\u00f4i, duy tr\u00ec <b>lu\u1ed3ng c\u1ea5p li\u1ec7u \u1ed5n \u0111\u1ecbnh<\/b> v\u1edbi t\u1ed1c \u0111\u1ed9 c\u1ef1c nhanh, t\u1eeb \u0111\u00f3 t\u1ed1i \u0111a h\u00f3a hi\u1ec7u su\u1ea5t v\u00e0 \u0111\u1ed9 tin c\u1eady c\u1ee7a quy tr\u00ecnh l\u1eafp r\u00e1p t\u1ef1 \u0111\u1ed9ng c\u1ee7a b\u1ea1n.<\/p>\n<\/div>\n<\/div>\n<\/div>\n<\/div>\n<\/div>\n<\/div>\n<\/div>","protected":false},"featured_media":5045,"comment_status":"open","ping_status":"closed","template":"","meta":[],"product_brand":[],"product_cat":[106],"product_tag":[170,107,166,102],"class_list":{"0":"post-5044","1":"product","2":"type-product","3":"status-publish","4":"has-post-thumbnail","6":"product_cat-mam-rung-cap-phoi","7":"product_tag-mam-rung-cap-phoi","8":"product_tag-may-cap-lieu-rung","9":"product_tag-pheu-rung","10":"product_tag-pheu-rung-cap-phoi","12":"first","13":"instock","14":"shipping-taxable","15":"product-type-simple"},"yoast_head":"<!-- This site is optimized with the Yoast SEO plugin v26.0 - https:\/\/yoast.com\/wordpress\/plugins\/seo\/ -->\n<title>M\u00e1y n\u1ea1p rung cho ch\u1ed1t kim lo\u1ea1i - Nh\u00e0 s\u1ea3n xu\u1ea5t m\u00e1y c\u1ea5p li\u1ec7u c\u00f4ng nghi\u1ec7p<\/title>\n<meta name=\"description\" content=\"M\u00e1y n\u1ea1p rung cho ch\u1ed1t kim lo\u1ea1i: Chuy\u00ean c\u1ea5p li\u1ec7u ch\u1ed1t, \u0111inh t\u00e1n, chi ti\u1ebft h\u00ecnh tr\u1ee5 v\u1edbi t\u1ed1c \u0111\u1ed9 cao. \u0110\u1ea3m b\u1ea3o \u0111\u1ecbnh h\u01b0\u1edbng \u0111\u1ee9ng ho\u00e0n h\u1ea3o v\u00e0 lu\u1ed3ng c\u1ea5p li\u1ec7u.\" \/>\n<meta name=\"robots\" content=\"index, follow, max-snippet:-1, max-image-preview:large, max-video-preview:-1\" \/>\n<link rel=\"canonical\" href=\"https:\/\/swoer.vn\/ms\/manufacturer\/may-nap-rung-cho-chot-kim-loai\/\" \/>\n<meta property=\"og:locale\" content=\"ms_MY\" \/>\n<meta property=\"og:type\" content=\"article\" \/>\n<meta property=\"og:title\" content=\"M\u00e1y n\u1ea1p rung cho ch\u1ed1t kim lo\u1ea1i - Nh\u00e0 s\u1ea3n xu\u1ea5t m\u00e1y c\u1ea5p li\u1ec7u c\u00f4ng nghi\u1ec7p\" \/>\n<meta property=\"og:description\" content=\"M\u00e1y n\u1ea1p rung cho ch\u1ed1t kim lo\u1ea1i: Chuy\u00ean c\u1ea5p li\u1ec7u ch\u1ed1t, \u0111inh t\u00e1n, chi ti\u1ebft h\u00ecnh tr\u1ee5 v\u1edbi t\u1ed1c \u0111\u1ed9 cao. \u0110\u1ea3m b\u1ea3o \u0111\u1ecbnh h\u01b0\u1edbng \u0111\u1ee9ng ho\u00e0n h\u1ea3o v\u00e0 lu\u1ed3ng c\u1ea5p li\u1ec7u.\" \/>\n<meta property=\"og:url\" content=\"https:\/\/swoer.vn\/ms\/manufacturer\/may-nap-rung-cho-chot-kim-loai\/\" \/>\n<meta property=\"og:site_name\" content=\"Nh\u00e0 s\u1ea3n xu\u1ea5t m\u00e1y c\u1ea5p li\u1ec7u c\u00f4ng nghi\u1ec7p\" \/>\n<meta property=\"article:modified_time\" content=\"2025-10-06T08:05:36+00:00\" \/>\n<meta property=\"og:image\" content=\"https:\/\/swoer.vn\/wp-content\/uploads\/2025\/10\/May-nap-rung-cho-chot-kim-loai.png\" \/>\n\t<meta property=\"og:image:width\" content=\"800\" \/>\n\t<meta property=\"og:image:height\" content=\"800\" \/>\n\t<meta property=\"og:image:type\" content=\"image\/png\" \/>\n<meta name=\"twitter:card\" content=\"summary_large_image\" \/>\n<meta name=\"twitter:label1\" content=\"Est. reading time\" \/>\n\t<meta name=\"twitter:data1\" content=\"3 minit\" \/>\n<script type=\"application\/ld+json\" class=\"yoast-schema-graph\">{\"@context\":\"https:\/\/schema.org\",\"@graph\":[{\"@type\":\"WebPage\",\"@id\":\"https:\/\/swoer.vn\/manufacturer\/may-nap-rung-cho-chot-kim-loai\/\",\"url\":\"https:\/\/swoer.vn\/manufacturer\/may-nap-rung-cho-chot-kim-loai\/\",\"name\":\"M\u00e1y n\u1ea1p rung cho ch\u1ed1t kim lo\u1ea1i - Nh\u00e0 s\u1ea3n xu\u1ea5t m\u00e1y c\u1ea5p li\u1ec7u c\u00f4ng nghi\u1ec7p\",\"isPartOf\":{\"@id\":\"https:\/\/swoer.vn\/#website\"},\"primaryImageOfPage\":{\"@id\":\"https:\/\/swoer.vn\/manufacturer\/may-nap-rung-cho-chot-kim-loai\/#primaryimage\"},\"image\":{\"@id\":\"https:\/\/swoer.vn\/manufacturer\/may-nap-rung-cho-chot-kim-loai\/#primaryimage\"},\"thumbnailUrl\":\"https:\/\/swoer.vn\/wp-content\/uploads\/2025\/10\/May-nap-rung-cho-chot-kim-loai.png\",\"datePublished\":\"2025-10-06T08:05:35+00:00\",\"dateModified\":\"2025-10-06T08:05:36+00:00\",\"description\":\"M\u00e1y n\u1ea1p rung cho ch\u1ed1t kim lo\u1ea1i: Chuy\u00ean c\u1ea5p li\u1ec7u ch\u1ed1t, \u0111inh t\u00e1n, chi ti\u1ebft h\u00ecnh tr\u1ee5 v\u1edbi t\u1ed1c \u0111\u1ed9 cao. \u0110\u1ea3m b\u1ea3o \u0111\u1ecbnh h\u01b0\u1edbng \u0111\u1ee9ng ho\u00e0n h\u1ea3o v\u00e0 lu\u1ed3ng c\u1ea5p li\u1ec7u.\",\"breadcrumb\":{\"@id\":\"https:\/\/swoer.vn\/manufacturer\/may-nap-rung-cho-chot-kim-loai\/#breadcrumb\"},\"inLanguage\":\"ms-MY\",\"potentialAction\":[{\"@type\":\"ReadAction\",\"target\":[\"https:\/\/swoer.vn\/manufacturer\/may-nap-rung-cho-chot-kim-loai\/\"]}]},{\"@type\":\"ImageObject\",\"inLanguage\":\"ms-MY\",\"@id\":\"https:\/\/swoer.vn\/manufacturer\/may-nap-rung-cho-chot-kim-loai\/#primaryimage\",\"url\":\"https:\/\/swoer.vn\/wp-content\/uploads\/2025\/10\/May-nap-rung-cho-chot-kim-loai.png\",\"contentUrl\":\"https:\/\/swoer.vn\/wp-content\/uploads\/2025\/10\/May-nap-rung-cho-chot-kim-loai.png\",\"width\":800,\"height\":800,\"caption\":\"Ma\u0301y na\u0323p rung cho cho\u0302\u0301t kim loa\u0323i\"},{\"@type\":\"BreadcrumbList\",\"@id\":\"https:\/\/swoer.vn\/manufacturer\/may-nap-rung-cho-chot-kim-loai\/#breadcrumb\",\"itemListElement\":[{\"@type\":\"ListItem\",\"position\":1,\"name\":\"Home\",\"item\":\"https:\/\/swoer.vn\/\"},{\"@type\":\"ListItem\",\"position\":2,\"name\":\"S\u1ea3n ph\u1ea9m\",\"item\":\"https:\/\/swoer.vn\/shop\/\"},{\"@type\":\"ListItem\",\"position\":3,\"name\":\"M\u00e1y n\u1ea1p rung cho ch\u1ed1t kim lo\u1ea1i\"}]},{\"@type\":\"WebSite\",\"@id\":\"https:\/\/swoer.vn\/#website\",\"url\":\"https:\/\/swoer.vn\/\",\"name\":\"Nh\u00e0 s\u1ea3n xu\u1ea5t m\u00e1y c\u1ea5p li\u1ec7u c\u00f4ng nghi\u1ec7p\",\"description\":\"Nh\u00e0 cung c\u1ea5p robot, m\u00e1y c\u1ea5p li\u1ec7u linh ho\u1ea1t, m\u00e1y c\u1ea5p li\u1ec7u ly t\u00e2m, m\u00e1y c\u1ea5p li\u1ec7u rung t\u1ef1 \u0111\u1ed9ng\",\"potentialAction\":[{\"@type\":\"SearchAction\",\"target\":{\"@type\":\"EntryPoint\",\"urlTemplate\":\"https:\/\/swoer.vn\/?s={search_term_string}\"},\"query-input\":{\"@type\":\"PropertyValueSpecification\",\"valueRequired\":true,\"valueName\":\"search_term_string\"}}],\"inLanguage\":\"ms-MY\"}]}<\/script>\n<!-- \/ Yoast SEO plugin. -->","yoast_head_json":{"title":"M\u00e1y n\u1ea1p rung cho ch\u1ed1t kim lo\u1ea1i - Nh\u00e0 s\u1ea3n xu\u1ea5t m\u00e1y c\u1ea5p li\u1ec7u c\u00f4ng nghi\u1ec7p","description":"M\u00e1y n\u1ea1p rung cho ch\u1ed1t kim lo\u1ea1i: Chuy\u00ean c\u1ea5p li\u1ec7u ch\u1ed1t, \u0111inh t\u00e1n, chi ti\u1ebft h\u00ecnh tr\u1ee5 v\u1edbi t\u1ed1c \u0111\u1ed9 cao. \u0110\u1ea3m b\u1ea3o \u0111\u1ecbnh h\u01b0\u1edbng \u0111\u1ee9ng ho\u00e0n h\u1ea3o v\u00e0 lu\u1ed3ng c\u1ea5p li\u1ec7u.","robots":{"index":"index","follow":"follow","max-snippet":"max-snippet:-1","max-image-preview":"max-image-preview:large","max-video-preview":"max-video-preview:-1"},"canonical":"https:\/\/swoer.vn\/ms\/manufacturer\/may-nap-rung-cho-chot-kim-loai\/","og_locale":"ms_MY","og_type":"article","og_title":"M\u00e1y n\u1ea1p rung cho ch\u1ed1t kim lo\u1ea1i - Nh\u00e0 s\u1ea3n xu\u1ea5t m\u00e1y c\u1ea5p li\u1ec7u c\u00f4ng nghi\u1ec7p","og_description":"M\u00e1y n\u1ea1p rung cho ch\u1ed1t kim lo\u1ea1i: Chuy\u00ean c\u1ea5p li\u1ec7u ch\u1ed1t, \u0111inh t\u00e1n, chi ti\u1ebft h\u00ecnh tr\u1ee5 v\u1edbi t\u1ed1c \u0111\u1ed9 cao. \u0110\u1ea3m b\u1ea3o \u0111\u1ecbnh h\u01b0\u1edbng \u0111\u1ee9ng ho\u00e0n h\u1ea3o v\u00e0 lu\u1ed3ng c\u1ea5p li\u1ec7u.","og_url":"https:\/\/swoer.vn\/ms\/manufacturer\/may-nap-rung-cho-chot-kim-loai\/","og_site_name":"Nh\u00e0 s\u1ea3n xu\u1ea5t m\u00e1y c\u1ea5p li\u1ec7u c\u00f4ng nghi\u1ec7p","article_modified_time":"2025-10-06T08:05:36+00:00","og_image":[{"width":800,"height":800,"url":"https:\/\/swoer.vn\/wp-content\/uploads\/2025\/10\/May-nap-rung-cho-chot-kim-loai.png","type":"image\/png"}],"twitter_card":"summary_large_image","twitter_misc":{"Est. reading time":"3 minit"},"schema":{"@context":"https:\/\/schema.org","@graph":[{"@type":"WebPage","@id":"https:\/\/swoer.vn\/manufacturer\/may-nap-rung-cho-chot-kim-loai\/","url":"https:\/\/swoer.vn\/manufacturer\/may-nap-rung-cho-chot-kim-loai\/","name":"M\u00e1y n\u1ea1p rung cho ch\u1ed1t kim lo\u1ea1i - Nh\u00e0 s\u1ea3n xu\u1ea5t m\u00e1y c\u1ea5p li\u1ec7u c\u00f4ng nghi\u1ec7p","isPartOf":{"@id":"https:\/\/swoer.vn\/#website"},"primaryImageOfPage":{"@id":"https:\/\/swoer.vn\/manufacturer\/may-nap-rung-cho-chot-kim-loai\/#primaryimage"},"image":{"@id":"https:\/\/swoer.vn\/manufacturer\/may-nap-rung-cho-chot-kim-loai\/#primaryimage"},"thumbnailUrl":"https:\/\/swoer.vn\/wp-content\/uploads\/2025\/10\/May-nap-rung-cho-chot-kim-loai.png","datePublished":"2025-10-06T08:05:35+00:00","dateModified":"2025-10-06T08:05:36+00:00","description":"M\u00e1y n\u1ea1p rung cho ch\u1ed1t kim lo\u1ea1i: Chuy\u00ean c\u1ea5p li\u1ec7u ch\u1ed1t, \u0111inh t\u00e1n, chi ti\u1ebft h\u00ecnh tr\u1ee5 v\u1edbi t\u1ed1c \u0111\u1ed9 cao. \u0110\u1ea3m b\u1ea3o \u0111\u1ecbnh h\u01b0\u1edbng \u0111\u1ee9ng ho\u00e0n h\u1ea3o v\u00e0 lu\u1ed3ng c\u1ea5p li\u1ec7u.","breadcrumb":{"@id":"https:\/\/swoer.vn\/manufacturer\/may-nap-rung-cho-chot-kim-loai\/#breadcrumb"},"inLanguage":"ms-MY","potentialAction":[{"@type":"ReadAction","target":["https:\/\/swoer.vn\/manufacturer\/may-nap-rung-cho-chot-kim-loai\/"]}]},{"@type":"ImageObject","inLanguage":"ms-MY","@id":"https:\/\/swoer.vn\/manufacturer\/may-nap-rung-cho-chot-kim-loai\/#primaryimage","url":"https:\/\/swoer.vn\/wp-content\/uploads\/2025\/10\/May-nap-rung-cho-chot-kim-loai.png","contentUrl":"https:\/\/swoer.vn\/wp-content\/uploads\/2025\/10\/May-nap-rung-cho-chot-kim-loai.png","width":800,"height":800,"caption":"Ma\u0301y na\u0323p rung cho cho\u0302\u0301t kim loa\u0323i"},{"@type":"BreadcrumbList","@id":"https:\/\/swoer.vn\/manufacturer\/may-nap-rung-cho-chot-kim-loai\/#breadcrumb","itemListElement":[{"@type":"ListItem","position":1,"name":"Home","item":"https:\/\/swoer.vn\/"},{"@type":"ListItem","position":2,"name":"S\u1ea3n ph\u1ea9m","item":"https:\/\/swoer.vn\/shop\/"},{"@type":"ListItem","position":3,"name":"M\u00e1y n\u1ea1p rung cho ch\u1ed1t kim lo\u1ea1i"}]},{"@type":"WebSite","@id":"https:\/\/swoer.vn\/#website","url":"https:\/\/swoer.vn\/","name":"Pengeluar Pengumpan Perindustrian","description":"Pembekal robot, penyuap fleksibel, penyuap emparan, penyuap bergetar automatik","potentialAction":[{"@type":"SearchAction","target":{"@type":"EntryPoint","urlTemplate":"https:\/\/swoer.vn\/?s={search_term_string}"},"query-input":{"@type":"PropertyValueSpecification","valueRequired":true,"valueName":"search_term_string"}}],"inLanguage":"ms-MY"}]}},"_links":{"self":[{"href":"https:\/\/swoer.vn\/ms\/wp-json\/wp\/v2\/product\/5044","targetHints":{"allow":["GET"]}}],"collection":[{"href":"https:\/\/swoer.vn\/ms\/wp-json\/wp\/v2\/product"}],"about":[{"href":"https:\/\/swoer.vn\/ms\/wp-json\/wp\/v2\/types\/product"}],"replies":[{"embeddable":true,"href":"https:\/\/swoer.vn\/ms\/wp-json\/wp\/v2\/comments?post=5044"}],"wp:featuredmedia":[{"embeddable":true,"href":"https:\/\/swoer.vn\/ms\/wp-json\/wp\/v2\/media\/5045"}],"wp:attachment":[{"href":"https:\/\/swoer.vn\/ms\/wp-json\/wp\/v2\/media?parent=5044"}],"wp:term":[{"taxonomy":"product_brand","embeddable":true,"href":"https:\/\/swoer.vn\/ms\/wp-json\/wp\/v2\/product_brand?post=5044"},{"taxonomy":"product_cat","embeddable":true,"href":"https:\/\/swoer.vn\/ms\/wp-json\/wp\/v2\/product_cat?post=5044"},{"taxonomy":"product_tag","embeddable":true,"href":"https:\/\/swoer.vn\/ms\/wp-json\/wp\/v2\/product_tag?post=5044"}],"curies":[{"name":"wp","href":"https:\/\/api.w.org\/{rel}","templated":true}]}}