{"id":4924,"date":"2025-10-01T10:40:05","date_gmt":"2025-10-01T03:40:05","guid":{"rendered":"https:\/\/swoer.vn\/?post_type=product&#038;p=4924"},"modified":"2025-10-01T10:40:06","modified_gmt":"2025-10-01T03:40:06","slug":"may-dan-nhan-va-in-an-tu-dong-truc-tuyen","status":"publish","type":"product","link":"https:\/\/swoer.vn\/ms\/manufacturer\/may-dan-nhan-va-in-an-tu-dong-truc-tuyen\/","title":{"rendered":"M\u00e1y d\u00e1n nh\u00e3n v\u00e0 in \u1ea5n t\u1ef1 \u0111\u1ed9ng tr\u1ef1c tuy\u1ebfn"},"content":{"rendered":"<h2><span style=\"font-weight: 400;\">M\u00e1y d\u00e1n nh\u00e3n v\u00e0 in \u1ea5n t\u1ef1 \u0111\u1ed9ng tr\u1ef1c tuy\u1ebfn<\/span><\/h2>\n<p><span style=\"font-weight: 400;\">M\u00e1y d\u00e1n nh\u00e3n v\u00e0 in \u1ea5n t\u1ef1 \u0111\u1ed9ng tr\u1ef1c tuy\u1ebfn (hay c\u00f2n g\u1ecdi l\u00e0 <\/span><i><span style=\"font-weight: 400;\">m\u00e1y in v\u00e0 d\u00e1n nh\u00e3n t\u1ef1 \u0111\u1ed9ng<\/span><\/i><span style=\"font-weight: 400;\">) l\u00e0 m\u1ed9t thi\u1ebft b\u1ecb quan tr\u1ecdng \u0111\u01b0\u1ee3c t\u00edch h\u1ee3p tr\u1ef1c ti\u1ebfp v\u00e0o d\u00e2y chuy\u1ec1n s\u1ea3n xu\u1ea5t. N\u00f3 c\u00f3 kh\u1ea3 n\u0103ng <\/span><b>in nh\u00e3n ngay l\u1eadp t\u1ee9c<\/b><span style=\"font-weight: 400;\"> d\u1ef1a tr\u00ean th\u00f4ng tin nh\u1eadn \u0111\u01b0\u1ee3c theo th\u1eddi gian th\u1ef1c t\u1eeb c\u01a1 s\u1edf d\u1eef li\u1ec7u (nh\u01b0 h\u1ec7 th\u1ed1ng ERP, MES) ho\u1eb7c c\u00e1c thi\u1ebft b\u1ecb \u0111\u1ea7u ngu\u1ed3n (nh\u01b0 m\u00e1y qu\u00e9t, c\u1ea3m bi\u1ebfn), sau \u0111\u00f3 <\/span><b>t\u1ef1 \u0111\u1ed9ng d\u00e1n<\/b><span style=\"font-weight: 400;\"> l\u00ean s\u1ea3n ph\u1ea9m \u0111ang di chuy\u1ec3n tr\u00ean d\u00e2y chuy\u1ec1n.<\/span><\/p>\n<h2><span style=\"font-weight: 400;\">C\u00e1c th\u00e0nh ph\u1ea7n c\u1ea5u t\u1ea1o ch\u00ednh<\/span><\/h2>\n<p><span style=\"font-weight: 400;\">M\u1ed9t m\u00e1y in v\u00e0 d\u00e1n nh\u00e3n t\u1ef1 \u0111\u1ed9ng \u0111i\u1ec3n h\u00ecnh th\u01b0\u1eddng bao g\u1ed3m c\u00e1c b\u1ed9 ph\u1eadn c\u1ed1t l\u00f5i sau:<\/span><\/p>\n<ol>\n<li style=\"font-weight: 400;\" aria-level=\"1\"><b>\u0110\u1ed9ng c\u01a1 In (Print Engine):<\/b><span style=\"font-weight: 400;\"> C\u1ed1t l\u00f5i l\u00e0 m\u1ed9t \u0111\u1ea7u in tem nh\u00e3n c\u00f4ng nghi\u1ec7p, th\u01b0\u1eddng s\u1eed d\u1ee5ng c\u00f4ng ngh\u1ec7 <\/span><b>in truy\u1ec1n nhi\u1ec7t<\/b><span style=\"font-weight: 400;\"> (Thermal Transfer) ho\u1eb7c <\/span><b>in nhi\u1ec7t tr\u1ef1c ti\u1ebfp<\/b><span style=\"font-weight: 400;\"> (Direct Thermal) \u0111\u1ec3 \u0111\u1ea3m b\u1ea3o nh\u00e3n in ra <\/span><b>b\u1ec1n, r\u00f5 n\u00e9t v\u00e0 ch\u1ed1ng tr\u1ea7y x\u01b0\u1edbc<\/b><span style=\"font-weight: 400;\">.<\/span><\/li>\n<li style=\"font-weight: 400;\" aria-level=\"1\"><b>C\u01a1 c\u1ea5u d\u00e1n nh\u00e3n (Applicator Device):<\/b><span style=\"font-weight: 400;\"> Ch\u1ecbu tr\u00e1ch nhi\u1ec7m b\u00f3c nh\u00e3n \u0111\u00e3 in ra kh\u1ecfi gi\u1ea5y n\u1ec1n v\u00e0 d\u00e1n l\u00ean s\u1ea3n ph\u1ea9m. C\u00e1c ph\u01b0\u01a1ng th\u1ee9c ph\u1ed5 bi\u1ebfn:<\/span>\n<ul>\n<li style=\"font-weight: 400;\" aria-level=\"2\"><b>D\u00e1n b\u1eb1ng kh\u00ed n\u00e9n (Pneumatic Apply):<\/b><span style=\"font-weight: 400;\"> D\u00f9ng xi lanh kh\u00ed n\u00e9n \u0111i\u1ec1u khi\u1ec3n \u0111\u1ea7u d\u00e1n th\u1ef1c hi\u1ec7n \u0111\u1ed9ng t\u00e1c &#8220;in &#8211; d\u1eebng &#8211; d\u00e1n&#8221; ho\u1eb7c &#8220;l\u0103n d\u00e1n&#8221; v\u1edbi \u0111\u1ed9 ch\u00ednh x\u00e1c cao, ph\u00f9 h\u1ee3p d\u00e1n nh\u00e3n tr\u00ean b\u1ec1 m\u1eb7t ph\u1eb3ng.<\/span><\/li>\n<li style=\"font-weight: 400;\" aria-level=\"2\"><b>D\u00e1n b\u1eb1ng con l\u0103n (Tamp\/Roll-on Apply):<\/b><span style=\"font-weight: 400;\"> S\u1eed d\u1ee5ng con l\u0103n \u0111\u1ec3 \u00e9p nh\u00e3n l\u00ean b\u1ec1 m\u1eb7t s\u1ea3n ph\u1ea9m, ph\u00f9 h\u1ee3p cho b\u1ec1 m\u1eb7t cong ho\u1eb7c kh\u00f4ng \u0111\u1ec1u.<\/span><\/li>\n<\/ul>\n<\/li>\n<li style=\"font-weight: 400;\" aria-level=\"1\"><b>Sistem kawalan:<\/b><span style=\"font-weight: 400;\"> Th\u01b0\u1eddng l\u00e0 <\/span><b>PLC<\/b><span style=\"font-weight: 400;\"> ho\u1eb7c m\u00e1y t\u00ednh c\u00f4ng nghi\u1ec7p, ch\u1ecbu tr\u00e1ch nhi\u1ec7m ti\u1ebfp nh\u1eadn t\u00edn hi\u1ec7u ngo\u1ea1i vi, ki\u1ec3m so\u00e1t th\u1eddi \u0111i\u1ec3m in v\u00e0 d\u00e1n nh\u00e3n (sequencing), \u0111\u00f3ng vai tr\u00f2 l\u00e0 &#8220;b\u1ed9 n\u00e3o&#8221; c\u1ee7a thi\u1ebft b\u1ecb.<\/span><\/li>\n<li style=\"font-weight: 400;\" aria-level=\"1\"><b>H\u1ec7 th\u1ed1ng c\u1ea3m bi\u1ebfn:<\/b>\n<ul>\n<li style=\"font-weight: 400;\" aria-level=\"2\"><b>C\u1ea3m bi\u1ebfn s\u1ea3n ph\u1ea9m:<\/b><span style=\"font-weight: 400;\"> Ph\u00e1t hi\u1ec7n s\u1ea3n ph\u1ea9m \u0111\u00e3 di chuy\u1ec3n \u0111\u1ebfn \u0111\u00fang v\u1ecb tr\u00ed d\u00e1n nh\u00e3n (th\u01b0\u1eddng l\u00e0 c\u1ea3m bi\u1ebfn quang \u0111i\u1ec7n, c\u1ea3m bi\u1ebfn s\u1ee3i quang).<\/span><\/li>\n<li style=\"font-weight: 400;\" aria-level=\"2\"><b>C\u1ea3m bi\u1ebfn nh\u00e3n:<\/b><span style=\"font-weight: 400;\"> Ph\u00e1t hi\u1ec7n l\u1ed7 \u0111\u1ecbnh v\u1ecb ho\u1eb7c d\u1ea5u \u0111en tr\u00ean nh\u00e3n, \u0111\u1ea3m b\u1ea3o m\u1ed7i nh\u00e3n d\u1eebng \u0111\u00fang v\u1ecb tr\u00ed \u0111\u1ec3 \u0111\u01b0\u1ee3c b\u00f3c ra.<\/span><\/li>\n<\/ul>\n<\/li>\n<li style=\"font-weight: 400;\" aria-level=\"1\"><b>Giao di\u1ec7n ng\u01b0\u1eddi-m\u00e1y (HMI):<\/b><span style=\"font-weight: 400;\"> M\u00e0n h\u00ecnh c\u1ea3m \u1ee9ng, d\u00f9ng \u0111\u1ec3 c\u00e0i \u0111\u1eb7t th\u00f4ng s\u1ed1, gi\u00e1m s\u00e1t tr\u1ea1ng th\u00e1i v\u00e0 xem c\u1ea3nh b\u00e1o l\u1ed7i.<\/span><\/li>\n<li style=\"font-weight: 400;\" aria-level=\"1\"><b>Giao di\u1ec7n ngo\u1ea1i vi:<\/b><span style=\"font-weight: 400;\"> Trang b\u1ecb nhi\u1ec1u c\u1ed5ng giao ti\u1ebfp (nh\u01b0 c\u1ed5ng m\u1ea1ng, c\u1ed5ng n\u1ed1i ti\u1ebfp, I\/O) \u0111\u1ec3 k\u1ebft n\u1ed1i v\u1edbi PLC d\u00e2y chuy\u1ec1n s\u1ea3n xu\u1ea5t, m\u00e1y qu\u00e9t, c\u01a1 s\u1edf d\u1eef li\u1ec7u, v.v.<\/span><\/li>\n<\/ol>\n<h2><span style=\"font-weight: 400;\">\u01afu \u0111i\u1ec3m c\u1ed1t l\u00f5i<\/span><\/h2>\n<ul>\n<li style=\"font-weight: 400;\" aria-level=\"1\"><b>Hi\u1ec7u su\u1ea5t c\u1ef1c cao:<\/b><span style=\"font-weight: 400;\"> Ho\u00e0n to\u00e0n t\u1ef1 \u0111\u1ed9ng, t\u1ed1c \u0111\u1ed9 c\u00f3 th\u1ec3 \u0111\u1ea1t t\u1eeb h\u00e0ng ch\u1ee5c \u0111\u1ebfn h\u00e0ng tr\u0103m s\u1ea3n ph\u1ea9m m\u1ed7i ph\u00fat, v\u01b0\u1ee3t xa lao \u0111\u1ed9ng th\u1ee7 c\u00f4ng, \u0111\u00e1p \u1ee9ng nhu c\u1ea7u c\u1ee7a c\u00e1c d\u00e2y chuy\u1ec1n s\u1ea3n xu\u1ea5t t\u1ed1c \u0111\u1ed9 cao.<\/span><\/li>\n<li style=\"font-weight: 400;\" aria-level=\"1\"><b>Ch\u00ednh x\u00e1c tuy\u1ec7t \u0111\u1ed1i:<\/b><span style=\"font-weight: 400;\"> Tr\u00e1nh c\u00e1c l\u1ed7i do con ng\u01b0\u1eddi g\u00e2y ra nh\u01b0 d\u00e1n nh\u1ea7m, d\u00e1n thi\u1ebfu, d\u00e1n l\u1ec7ch, \u0111\u1ea1t <\/span><b>t\u1ef7 l\u1ec7 ch\u00ednh x\u00e1c 100%<\/b><span style=\"font-weight: 400;\">.<\/span><\/li>\n<li style=\"font-weight: 400;\" aria-level=\"1\"><b>Th\u00f4ng tin theo th\u1eddi gian th\u1ef1c:<\/b><span style=\"font-weight: 400;\"> Th\u1ef1c hi\u1ec7n <\/span><b>&#8220;M\u1ed7i v\u1eadt m\u1ed9t m\u00e3&#8221; (One Item One Code)<\/b><span style=\"font-weight: 400;\">. Th\u00f4ng tin c\u1ee7a m\u1ed7i s\u1ea3n ph\u1ea9m (nh\u01b0 s\u1ed1 s\u00ea-ri duy nh\u1ea5t) \u0111\u01b0\u1ee3c t\u1ea1o ra v\u00e0 li\u00ean k\u1ebft theo th\u1eddi gian th\u1ef1c, cung c\u1ea5p n\u1ec1n t\u1ea3ng v\u1eefng ch\u1eafc cho vi\u1ec7c truy xu\u1ea5t ngu\u1ed3n g\u1ed1c ch\u1ea5t l\u01b0\u1ee3ng, ch\u1ed1ng h\u00e0ng gi\u1ea3 v\u00e0 ch\u1ed1ng chuy\u1ec3n v\u00f9ng.<\/span><\/li>\n<li style=\"font-weight: 400;\" aria-level=\"1\"><b>Gi\u1ea3m chi ph\u00ed nh\u00e2n l\u1ef1c:<\/b><span style=\"font-weight: 400;\"> Ti\u1ebft ki\u1ec7m \u0111\u00e1ng k\u1ec3 chi ph\u00ed nh\u00e2n c\u00f4ng d\u00e1n nh\u00e3n, c\u0169ng nh\u01b0 gi\u1ea3m chi ph\u00ed qu\u1ea3n l\u00fd v\u00e0 \u0111\u00e0o t\u1ea1o.<\/span><\/li>\n<li style=\"font-weight: 400;\" aria-level=\"1\"><b>T\u00edch h\u1ee3p li\u1ec1n m\u1ea1ch:<\/b><span style=\"font-weight: 400;\"> K\u1ebft n\u1ed1i tr\u1ef1c ti\u1ebfp v\u1edbi h\u1ec7 th\u1ed1ng th\u00f4ng tin c\u1ee7a doanh nghi\u1ec7p, l\u00e0 m\u1eaft x\u00edch quan tr\u1ecdng \u0111\u1ec3 x\u00e2y d\u1ef1ng <\/span><b>nh\u00e0 m\u00e1y th\u00f4ng minh<\/b><span style=\"font-weight: 400;\"> v\u00e0 th\u1ef1c hi\u1ec7n <\/span><b>C\u00f4ng nghi\u1ec7p 4.0<\/b><span style=\"font-weight: 400;\">.<\/span><\/li>\n<li style=\"font-weight: 400;\" aria-level=\"1\"><b>T\u00ednh linh ho\u1ea1t cao:<\/b><span style=\"font-weight: 400;\"> D\u1ec5 d\u00e0ng thay \u0111\u1ed5i \u0111\u1ecbnh d\u1ea1ng v\u00e0 n\u1ed9i dung nh\u00e3n qua ph\u1ea7n m\u1ec1m, th\u00edch \u1ee9ng v\u1edbi s\u1ea3n xu\u1ea5t linh ho\u1ea1t v\u1edbi s\u1ed1 l\u01b0\u1ee3ng nh\u1ecf, nhi\u1ec1u ch\u1ee7ng lo\u1ea1i.<\/span><\/li>\n<\/ul>\n<h2><span style=\"font-weight: 400;\">C\u00e1c ng\u00e0nh c\u00f4ng nghi\u1ec7p \u1ee9ng d\u1ee5ng ch\u00ednh<\/span><\/h2>\n<ul>\n<li style=\"font-weight: 400;\" aria-level=\"1\"><b>S\u1ea3n xu\u1ea5t \u0111i\u1ec7n t\u1eed:<\/b><span style=\"font-weight: 400;\"> Nh\u00e3n truy xu\u1ea5t ngu\u1ed3n g\u1ed1c SN (Serial Number) cho \u0111i\u1ec7n tho\u1ea1i di \u0111\u1ed9ng, bo m\u1ea1ch ch\u1ee7 m\u00e1y t\u00ednh, chip.<\/span><\/li>\n<li style=\"font-weight: 400;\" aria-level=\"1\"><b>Th\u1ef1c ph\u1ea9m &amp; \u0111\u1ed3 u\u1ed1ng:<\/b><span style=\"font-weight: 400;\"> Ng\u00e0y s\u1ea3n xu\u1ea5t, h\u1ea1n s\u1eed d\u1ee5ng, s\u1ed1 l\u00f4, m\u00e3 QR tr\u00ean th\u00f9ng \u0111\u00f3ng g\u00f3i.<\/span><\/li>\n<li style=\"font-weight: 400;\" aria-level=\"1\"><b>D\u01b0\u1ee3c ph\u1ea9m:<\/b><span style=\"font-weight: 400;\"> M\u00e3 qu\u1ea3n l\u00fd \u0111i\u1ec7n t\u1eed, s\u1ed1 l\u00f4, h\u1ea1n s\u1eed d\u1ee5ng tr\u00ean h\u1ed9p\/chai thu\u1ed1c.<\/span><\/li>\n<li style=\"font-weight: 400;\" aria-level=\"1\"><b>Ph\u1ee5 t\u00f9ng \u00f4 t\u00f4:<\/b><span style=\"font-weight: 400;\"> Nh\u00e3n truy v\u1ebft cho c\u00e1c b\u1ed9 ph\u1eadn quan tr\u1ecdng nh\u01b0 \u0111\u1ed9ng c\u01a1, h\u1ed9p s\u1ed1 (m\u00e3 VIN, m\u00e3 QR).<\/span><\/li>\n<li style=\"font-weight: 400;\" aria-level=\"1\"><b>Logistics &amp; chuy\u1ec3n ph\u00e1t nhanh:<\/b><span style=\"font-weight: 400;\"> T\u1ef1 \u0111\u1ed9ng d\u00e1n v\u1eadn \u0111\u01a1n\/m\u00e3 tr\u00ean d\u00e2y chuy\u1ec1n ph\u00e2n lo\u1ea1i b\u01b0u ki\u1ec7n.<\/span><\/li>\n<\/ul>","protected":false},"excerpt":{"rendered":"<div id=\"985406c65798bfd5\" class=\"conversation-container message-actions-hover-boundary ng-star-inserted\">\n<div>\n<div class=\"response-container ng-tns-c1417162639-497 response-container-with-gpi is-mobile ng-star-inserted response-container-has-multiple-responses\" data-hveid=\"1\">\n<div class=\"presented-response-container ng-tns-c1417162639-497\">\n<div class=\"response-container-content ng-tns-c1417162639-497 is-mobile\">\n<div class=\"response-content ng-tns-c1417162639-497\">\n<div id=\"model-response-message-contentr_985406c65798bfd5\" class=\"markdown markdown-main-panel enable-updated-hr-color\" dir=\"ltr\">\n<p><b>M\u00e1y d\u00e1n nh\u00e3n v\u00e0 in \u1ea5n t\u1ef1 \u0111\u1ed9ng tr\u1ef1c tuy\u1ebfn (Print and Apply)<\/b> c\u1ee7a SWOER l\u00e0 gi\u1ea3i ph\u00e1p kh\u00f4ng th\u1ec3 thi\u1ebfu \u0111\u1ec3 \u0111\u1ea3m b\u1ea3o <b>kh\u1ea3 n\u0103ng truy xu\u1ea5t ngu\u1ed3n g\u1ed1c (Traceability)<\/b> v\u00e0 tu\u00e2n th\u1ee7 quy \u0111\u1ecbnh trong s\u1ea3n xu\u1ea5t. M\u00e1y t\u00edch h\u1ee3p ho\u00e0n h\u1ea3o <b>c\u00f4ng ngh\u1ec7 in nhi\u1ec7t\/chuy\u1ec3n nhi\u1ec7t<\/b> dengan <b>h\u1ec7 th\u1ed1ng d\u00e1n nh\u00e3n t\u1ef1 \u0111\u1ed9ng<\/b> trong m\u1ed9t chu tr\u00ecnh li\u1ec1n m\u1ea1ch. M\u00e1y c\u00f3 kh\u1ea3 n\u0103ng nh\u1eadn d\u1eef li\u1ec7u theo th\u1eddi gian th\u1ef1c t\u1eeb h\u1ec7 th\u1ed1ng qu\u1ea3n l\u00fd (WMS\/ERP), <b>in \u1ea5n c\u00e1c th\u00f4ng tin bi\u1ebfn \u0111\u1ed5i<\/b> nh\u01b0 m\u00e3 v\u1ea1ch, s\u1ed1 l\u00f4 (Batch number), v\u00e0 ng\u00e0y h\u1ebft h\u1ea1n, sau \u0111\u00f3 d\u00e1n ch\u00ednh x\u00e1c l\u00ean s\u1ea3n ph\u1ea9m ho\u1eb7c th\u00f9ng carton. \u0110i\u1ec1u n\u00e0y lo\u1ea1i b\u1ecf ho\u00e0n to\u00e0n l\u1ed7i do d\u00e1n nh\u00e3n th\u1ee7 c\u00f4ng v\u00e0 \u0111\u1ea3m b\u1ea3o m\u1ecdi s\u1ea3n ph\u1ea9m \u0111\u1ec1u c\u00f3 th\u00f4ng tin d\u1eef li\u1ec7u ch\u00ednh x\u00e1c, g\u00f3p ph\u1ea7n quan tr\u1ecdng v\u00e0o vi\u1ec7c ki\u1ec3m so\u00e1t ch\u1ea5t l\u01b0\u1ee3ng v\u00e0 logistics.<\/p>\n<\/div>\n<\/div>\n<\/div>\n<\/div>\n<\/div>\n<\/div>\n<\/div>","protected":false},"featured_media":4925,"comment_status":"open","ping_status":"closed","template":"","meta":[],"product_brand":[],"product_cat":[149],"product_tag":[143,144],"class_list":{"0":"post-4924","1":"product","2":"type-product","3":"status-publish","4":"has-post-thumbnail","6":"product_cat-may-dan-nhan-tu-dong","7":"product_tag-may-dan-nhan","8":"product_tag-may-dan-nhan-tu-dong","10":"first","11":"instock","12":"shipping-taxable","13":"product-type-simple"},"yoast_head":"<!-- This site is optimized with the Yoast SEO plugin v26.0 - https:\/\/yoast.com\/wordpress\/plugins\/seo\/ -->\n<title>M\u00e1y d\u00e1n nh\u00e3n v\u00e0 in \u1ea5n t\u1ef1 \u0111\u1ed9ng tr\u1ef1c tuy\u1ebfn - Nh\u00e0 s\u1ea3n xu\u1ea5t m\u00e1y c\u1ea5p li\u1ec7u c\u00f4ng nghi\u1ec7p<\/title>\n<meta name=\"description\" content=\"M\u00e1y d\u00e1n nh\u00e3n v\u00e0 in \u1ea5n t\u1ef1 \u0111\u1ed9ng tr\u1ef1c tuy\u1ebfn: In v\u00e0 d\u00e1n nh\u00e3n th\u00f4ng tin bi\u1ebfn \u0111\u1ed5i theo th\u1eddi gian th\u1ef1c. \u0110\u1ed9 ch\u00ednh x\u00e1c cao, t\u1ed1i \u01b0u cho vi\u1ec7c truy xu\u1ea5t ngu\u1ed3n g\u1ed1c.\" \/>\n<meta name=\"robots\" content=\"index, follow, max-snippet:-1, max-image-preview:large, max-video-preview:-1\" \/>\n<link rel=\"canonical\" href=\"https:\/\/swoer.vn\/ms\/manufacturer\/may-dan-nhan-va-in-an-tu-dong-truc-tuyen\/\" \/>\n<meta property=\"og:locale\" content=\"ms_MY\" \/>\n<meta property=\"og:type\" content=\"article\" \/>\n<meta property=\"og:title\" content=\"M\u00e1y d\u00e1n nh\u00e3n v\u00e0 in \u1ea5n t\u1ef1 \u0111\u1ed9ng tr\u1ef1c tuy\u1ebfn - Nh\u00e0 s\u1ea3n xu\u1ea5t m\u00e1y c\u1ea5p li\u1ec7u c\u00f4ng nghi\u1ec7p\" \/>\n<meta property=\"og:description\" content=\"M\u00e1y d\u00e1n nh\u00e3n v\u00e0 in \u1ea5n t\u1ef1 \u0111\u1ed9ng tr\u1ef1c tuy\u1ebfn: In v\u00e0 d\u00e1n nh\u00e3n th\u00f4ng tin bi\u1ebfn \u0111\u1ed5i theo th\u1eddi gian th\u1ef1c. \u0110\u1ed9 ch\u00ednh x\u00e1c cao, t\u1ed1i \u01b0u cho vi\u1ec7c truy xu\u1ea5t ngu\u1ed3n g\u1ed1c.\" \/>\n<meta property=\"og:url\" content=\"https:\/\/swoer.vn\/ms\/manufacturer\/may-dan-nhan-va-in-an-tu-dong-truc-tuyen\/\" \/>\n<meta property=\"og:site_name\" content=\"Nh\u00e0 s\u1ea3n xu\u1ea5t m\u00e1y c\u1ea5p li\u1ec7u c\u00f4ng nghi\u1ec7p\" \/>\n<meta property=\"article:modified_time\" content=\"2025-10-01T03:40:06+00:00\" \/>\n<meta property=\"og:image\" content=\"https:\/\/swoer.vn\/wp-content\/uploads\/2025\/10\/MAY-DAN-NHAN-VA-IN-AN-TU-DONG-TRUC-TUYEN.png\" \/>\n\t<meta property=\"og:image:width\" content=\"800\" \/>\n\t<meta property=\"og:image:height\" content=\"800\" \/>\n\t<meta property=\"og:image:type\" content=\"image\/png\" \/>\n<meta name=\"twitter:card\" content=\"summary_large_image\" \/>\n<meta name=\"twitter:label1\" content=\"Est. reading time\" \/>\n\t<meta name=\"twitter:data1\" content=\"5 minit\" \/>\n<script type=\"application\/ld+json\" class=\"yoast-schema-graph\">{\"@context\":\"https:\/\/schema.org\",\"@graph\":[{\"@type\":\"WebPage\",\"@id\":\"https:\/\/swoer.vn\/manufacturer\/may-dan-nhan-va-in-an-tu-dong-truc-tuyen\/\",\"url\":\"https:\/\/swoer.vn\/manufacturer\/may-dan-nhan-va-in-an-tu-dong-truc-tuyen\/\",\"name\":\"M\u00e1y d\u00e1n nh\u00e3n v\u00e0 in \u1ea5n t\u1ef1 \u0111\u1ed9ng tr\u1ef1c tuy\u1ebfn - Nh\u00e0 s\u1ea3n xu\u1ea5t m\u00e1y c\u1ea5p li\u1ec7u c\u00f4ng nghi\u1ec7p\",\"isPartOf\":{\"@id\":\"https:\/\/swoer.vn\/#website\"},\"primaryImageOfPage\":{\"@id\":\"https:\/\/swoer.vn\/manufacturer\/may-dan-nhan-va-in-an-tu-dong-truc-tuyen\/#primaryimage\"},\"image\":{\"@id\":\"https:\/\/swoer.vn\/manufacturer\/may-dan-nhan-va-in-an-tu-dong-truc-tuyen\/#primaryimage\"},\"thumbnailUrl\":\"https:\/\/swoer.vn\/wp-content\/uploads\/2025\/10\/MAY-DAN-NHAN-VA-IN-AN-TU-DONG-TRUC-TUYEN.png\",\"datePublished\":\"2025-10-01T03:40:05+00:00\",\"dateModified\":\"2025-10-01T03:40:06+00:00\",\"description\":\"M\u00e1y d\u00e1n nh\u00e3n v\u00e0 in \u1ea5n t\u1ef1 \u0111\u1ed9ng tr\u1ef1c tuy\u1ebfn: In v\u00e0 d\u00e1n nh\u00e3n th\u00f4ng tin bi\u1ebfn \u0111\u1ed5i theo th\u1eddi gian th\u1ef1c. \u0110\u1ed9 ch\u00ednh x\u00e1c cao, t\u1ed1i \u01b0u cho vi\u1ec7c truy xu\u1ea5t ngu\u1ed3n g\u1ed1c.\",\"breadcrumb\":{\"@id\":\"https:\/\/swoer.vn\/manufacturer\/may-dan-nhan-va-in-an-tu-dong-truc-tuyen\/#breadcrumb\"},\"inLanguage\":\"ms-MY\",\"potentialAction\":[{\"@type\":\"ReadAction\",\"target\":[\"https:\/\/swoer.vn\/manufacturer\/may-dan-nhan-va-in-an-tu-dong-truc-tuyen\/\"]}]},{\"@type\":\"ImageObject\",\"inLanguage\":\"ms-MY\",\"@id\":\"https:\/\/swoer.vn\/manufacturer\/may-dan-nhan-va-in-an-tu-dong-truc-tuyen\/#primaryimage\",\"url\":\"https:\/\/swoer.vn\/wp-content\/uploads\/2025\/10\/MAY-DAN-NHAN-VA-IN-AN-TU-DONG-TRUC-TUYEN.png\",\"contentUrl\":\"https:\/\/swoer.vn\/wp-content\/uploads\/2025\/10\/MAY-DAN-NHAN-VA-IN-AN-TU-DONG-TRUC-TUYEN.png\",\"width\":800,\"height\":800,\"caption\":\"MA\u0301Y DA\u0301N NHA\u0303N VA\u0300 IN A\u0302\u0301N TU\u031b\u0323 \u0110O\u0323\u0302NG TRU\u031b\u0323C TUYE\u0302\u0301N\"},{\"@type\":\"BreadcrumbList\",\"@id\":\"https:\/\/swoer.vn\/manufacturer\/may-dan-nhan-va-in-an-tu-dong-truc-tuyen\/#breadcrumb\",\"itemListElement\":[{\"@type\":\"ListItem\",\"position\":1,\"name\":\"Home\",\"item\":\"https:\/\/swoer.vn\/\"},{\"@type\":\"ListItem\",\"position\":2,\"name\":\"S\u1ea3n ph\u1ea9m\",\"item\":\"https:\/\/swoer.vn\/shop\/\"},{\"@type\":\"ListItem\",\"position\":3,\"name\":\"M\u00e1y d\u00e1n nh\u00e3n v\u00e0 in \u1ea5n t\u1ef1 \u0111\u1ed9ng tr\u1ef1c tuy\u1ebfn\"}]},{\"@type\":\"WebSite\",\"@id\":\"https:\/\/swoer.vn\/#website\",\"url\":\"https:\/\/swoer.vn\/\",\"name\":\"Nh\u00e0 s\u1ea3n xu\u1ea5t m\u00e1y c\u1ea5p li\u1ec7u c\u00f4ng nghi\u1ec7p\",\"description\":\"Nh\u00e0 cung c\u1ea5p robot, m\u00e1y c\u1ea5p li\u1ec7u linh ho\u1ea1t, m\u00e1y c\u1ea5p li\u1ec7u ly t\u00e2m, m\u00e1y c\u1ea5p li\u1ec7u rung t\u1ef1 \u0111\u1ed9ng\",\"potentialAction\":[{\"@type\":\"SearchAction\",\"target\":{\"@type\":\"EntryPoint\",\"urlTemplate\":\"https:\/\/swoer.vn\/?s={search_term_string}\"},\"query-input\":{\"@type\":\"PropertyValueSpecification\",\"valueRequired\":true,\"valueName\":\"search_term_string\"}}],\"inLanguage\":\"ms-MY\"}]}<\/script>\n<!-- \/ Yoast SEO plugin. -->","yoast_head_json":{"title":"M\u00e1y d\u00e1n nh\u00e3n v\u00e0 in \u1ea5n t\u1ef1 \u0111\u1ed9ng tr\u1ef1c tuy\u1ebfn - Nh\u00e0 s\u1ea3n xu\u1ea5t m\u00e1y c\u1ea5p li\u1ec7u c\u00f4ng nghi\u1ec7p","description":"M\u00e1y d\u00e1n nh\u00e3n v\u00e0 in \u1ea5n t\u1ef1 \u0111\u1ed9ng tr\u1ef1c tuy\u1ebfn: In v\u00e0 d\u00e1n nh\u00e3n th\u00f4ng tin bi\u1ebfn \u0111\u1ed5i theo th\u1eddi gian th\u1ef1c. \u0110\u1ed9 ch\u00ednh x\u00e1c cao, t\u1ed1i \u01b0u cho vi\u1ec7c truy xu\u1ea5t ngu\u1ed3n g\u1ed1c.","robots":{"index":"index","follow":"follow","max-snippet":"max-snippet:-1","max-image-preview":"max-image-preview:large","max-video-preview":"max-video-preview:-1"},"canonical":"https:\/\/swoer.vn\/ms\/manufacturer\/may-dan-nhan-va-in-an-tu-dong-truc-tuyen\/","og_locale":"ms_MY","og_type":"article","og_title":"M\u00e1y d\u00e1n nh\u00e3n v\u00e0 in \u1ea5n t\u1ef1 \u0111\u1ed9ng tr\u1ef1c tuy\u1ebfn - Nh\u00e0 s\u1ea3n xu\u1ea5t m\u00e1y c\u1ea5p li\u1ec7u c\u00f4ng nghi\u1ec7p","og_description":"M\u00e1y d\u00e1n nh\u00e3n v\u00e0 in \u1ea5n t\u1ef1 \u0111\u1ed9ng tr\u1ef1c tuy\u1ebfn: In v\u00e0 d\u00e1n nh\u00e3n th\u00f4ng tin bi\u1ebfn \u0111\u1ed5i theo th\u1eddi gian th\u1ef1c. \u0110\u1ed9 ch\u00ednh x\u00e1c cao, t\u1ed1i \u01b0u cho vi\u1ec7c truy xu\u1ea5t ngu\u1ed3n g\u1ed1c.","og_url":"https:\/\/swoer.vn\/ms\/manufacturer\/may-dan-nhan-va-in-an-tu-dong-truc-tuyen\/","og_site_name":"Nh\u00e0 s\u1ea3n xu\u1ea5t m\u00e1y c\u1ea5p li\u1ec7u c\u00f4ng nghi\u1ec7p","article_modified_time":"2025-10-01T03:40:06+00:00","og_image":[{"width":800,"height":800,"url":"https:\/\/swoer.vn\/wp-content\/uploads\/2025\/10\/MAY-DAN-NHAN-VA-IN-AN-TU-DONG-TRUC-TUYEN.png","type":"image\/png"}],"twitter_card":"summary_large_image","twitter_misc":{"Est. reading time":"5 minit"},"schema":{"@context":"https:\/\/schema.org","@graph":[{"@type":"WebPage","@id":"https:\/\/swoer.vn\/manufacturer\/may-dan-nhan-va-in-an-tu-dong-truc-tuyen\/","url":"https:\/\/swoer.vn\/manufacturer\/may-dan-nhan-va-in-an-tu-dong-truc-tuyen\/","name":"M\u00e1y d\u00e1n nh\u00e3n v\u00e0 in \u1ea5n t\u1ef1 \u0111\u1ed9ng tr\u1ef1c tuy\u1ebfn - Nh\u00e0 s\u1ea3n xu\u1ea5t m\u00e1y c\u1ea5p li\u1ec7u c\u00f4ng nghi\u1ec7p","isPartOf":{"@id":"https:\/\/swoer.vn\/#website"},"primaryImageOfPage":{"@id":"https:\/\/swoer.vn\/manufacturer\/may-dan-nhan-va-in-an-tu-dong-truc-tuyen\/#primaryimage"},"image":{"@id":"https:\/\/swoer.vn\/manufacturer\/may-dan-nhan-va-in-an-tu-dong-truc-tuyen\/#primaryimage"},"thumbnailUrl":"https:\/\/swoer.vn\/wp-content\/uploads\/2025\/10\/MAY-DAN-NHAN-VA-IN-AN-TU-DONG-TRUC-TUYEN.png","datePublished":"2025-10-01T03:40:05+00:00","dateModified":"2025-10-01T03:40:06+00:00","description":"M\u00e1y d\u00e1n nh\u00e3n v\u00e0 in \u1ea5n t\u1ef1 \u0111\u1ed9ng tr\u1ef1c tuy\u1ebfn: In v\u00e0 d\u00e1n nh\u00e3n th\u00f4ng tin bi\u1ebfn \u0111\u1ed5i theo th\u1eddi gian th\u1ef1c. \u0110\u1ed9 ch\u00ednh x\u00e1c cao, t\u1ed1i \u01b0u cho vi\u1ec7c truy xu\u1ea5t ngu\u1ed3n g\u1ed1c.","breadcrumb":{"@id":"https:\/\/swoer.vn\/manufacturer\/may-dan-nhan-va-in-an-tu-dong-truc-tuyen\/#breadcrumb"},"inLanguage":"ms-MY","potentialAction":[{"@type":"ReadAction","target":["https:\/\/swoer.vn\/manufacturer\/may-dan-nhan-va-in-an-tu-dong-truc-tuyen\/"]}]},{"@type":"ImageObject","inLanguage":"ms-MY","@id":"https:\/\/swoer.vn\/manufacturer\/may-dan-nhan-va-in-an-tu-dong-truc-tuyen\/#primaryimage","url":"https:\/\/swoer.vn\/wp-content\/uploads\/2025\/10\/MAY-DAN-NHAN-VA-IN-AN-TU-DONG-TRUC-TUYEN.png","contentUrl":"https:\/\/swoer.vn\/wp-content\/uploads\/2025\/10\/MAY-DAN-NHAN-VA-IN-AN-TU-DONG-TRUC-TUYEN.png","width":800,"height":800,"caption":"MA\u0301Y DA\u0301N NHA\u0303N VA\u0300 IN A\u0302\u0301N TU\u031b\u0323 \u0110O\u0323\u0302NG TRU\u031b\u0323C TUYE\u0302\u0301N"},{"@type":"BreadcrumbList","@id":"https:\/\/swoer.vn\/manufacturer\/may-dan-nhan-va-in-an-tu-dong-truc-tuyen\/#breadcrumb","itemListElement":[{"@type":"ListItem","position":1,"name":"Home","item":"https:\/\/swoer.vn\/"},{"@type":"ListItem","position":2,"name":"S\u1ea3n ph\u1ea9m","item":"https:\/\/swoer.vn\/shop\/"},{"@type":"ListItem","position":3,"name":"M\u00e1y d\u00e1n nh\u00e3n v\u00e0 in \u1ea5n t\u1ef1 \u0111\u1ed9ng tr\u1ef1c tuy\u1ebfn"}]},{"@type":"WebSite","@id":"https:\/\/swoer.vn\/#website","url":"https:\/\/swoer.vn\/","name":"Pengeluar Pengumpan Perindustrian","description":"Pembekal robot, penyuap fleksibel, penyuap emparan, penyuap bergetar automatik","potentialAction":[{"@type":"SearchAction","target":{"@type":"EntryPoint","urlTemplate":"https:\/\/swoer.vn\/?s={search_term_string}"},"query-input":{"@type":"PropertyValueSpecification","valueRequired":true,"valueName":"search_term_string"}}],"inLanguage":"ms-MY"}]}},"_links":{"self":[{"href":"https:\/\/swoer.vn\/ms\/wp-json\/wp\/v2\/product\/4924","targetHints":{"allow":["GET"]}}],"collection":[{"href":"https:\/\/swoer.vn\/ms\/wp-json\/wp\/v2\/product"}],"about":[{"href":"https:\/\/swoer.vn\/ms\/wp-json\/wp\/v2\/types\/product"}],"replies":[{"embeddable":true,"href":"https:\/\/swoer.vn\/ms\/wp-json\/wp\/v2\/comments?post=4924"}],"wp:featuredmedia":[{"embeddable":true,"href":"https:\/\/swoer.vn\/ms\/wp-json\/wp\/v2\/media\/4925"}],"wp:attachment":[{"href":"https:\/\/swoer.vn\/ms\/wp-json\/wp\/v2\/media?parent=4924"}],"wp:term":[{"taxonomy":"product_brand","embeddable":true,"href":"https:\/\/swoer.vn\/ms\/wp-json\/wp\/v2\/product_brand?post=4924"},{"taxonomy":"product_cat","embeddable":true,"href":"https:\/\/swoer.vn\/ms\/wp-json\/wp\/v2\/product_cat?post=4924"},{"taxonomy":"product_tag","embeddable":true,"href":"https:\/\/swoer.vn\/ms\/wp-json\/wp\/v2\/product_tag?post=4924"}],"curies":[{"name":"wp","href":"https:\/\/api.w.org\/{rel}","templated":true}]}}