{"id":4917,"date":"2025-10-01T10:17:22","date_gmt":"2025-10-01T03:17:22","guid":{"rendered":"https:\/\/swoer.vn\/?post_type=product&#038;p=4917"},"modified":"2025-10-01T10:17:22","modified_gmt":"2025-10-01T03:17:22","slug":"may-dan-nhan-goc-canh-thung-hop","status":"publish","type":"product","link":"https:\/\/swoer.vn\/ms\/manufacturer\/may-dan-nhan-goc-canh-thung-hop\/","title":{"rendered":"M\u00e1y d\u00e3n nh\u00e3n g\u00f3c c\u1ea1nh th\u00f9ng h\u1ed9p"},"content":{"rendered":"<p><span style=\"font-weight: 400;\">\u0110\u00e2y l\u00e0 quy tr\u00ecnh t\u1ef1 \u0111\u1ed9ng d\u00e1n nh\u00e3n l\u00ean <\/span><b>g\u00f3c c\u1ea1nh<\/b><span style=\"font-weight: 400;\"> c\u1ee7a th\u00f9ng h\u1ed9p (th\u00f9ng carton, th\u00f9ng nh\u1ef1a, v.v.), t\u1ee9c l\u00e0 v\u1ecb tr\u00ed g\u00f3c <\/span><b>90 \u0111\u1ed9<\/b><span style=\"font-weight: 400;\"> n\u01a1i hai m\u1eb7t b\u00ean li\u1ec1n k\u1ec1 c\u1ee7a th\u00f9ng giao nhau.<\/span><\/p>\n<p><span style=\"font-weight: 400;\">Ph\u01b0\u01a1ng ph\u00e1p d\u00e1n nh\u00e3n n\u00e0y c\u00f3 m\u1ed9t s\u1ed1 \u01b0u \u0111i\u1ec3m n\u1ed5i b\u1eadt:<\/span><\/p>\n<ul>\n<li style=\"font-weight: 400;\" aria-level=\"1\"><b>Ti\u1ebft ki\u1ec7m nh\u00e3n:<\/b><span style=\"font-weight: 400;\"> Ch\u1ec9 c\u1ea7n m\u1ed9t nh\u00e3n duy nh\u1ea5t c\u00f3 th\u1ec3 bao ph\u1ee7 hai m\u1eb7t li\u1ec1n k\u1ec1, hi\u1ec3n th\u1ecb \u0111\u01b0\u1ee3c nhi\u1ec1u th\u00f4ng tin h\u01a1n.<\/span><\/li>\n<li style=\"font-weight: 400;\" aria-level=\"1\"><b>D\u1ec5 d\u00e0ng tra c\u1ee9u:<\/b><span style=\"font-weight: 400;\"> D\u00f9 th\u00f9ng \u0111\u01b0\u1ee3c x\u1ebfp ch\u1ed3ng l\u00ean nhau nh\u01b0 th\u1ebf n\u00e0o, nh\u00e3n v\u1eabn c\u00f3 m\u1ed9t m\u1eb7t hi\u1ec3n th\u1ecb, gi\u00fap vi\u1ec7c ki\u1ec3m tra trong kho b\u00e3i v\u00e0 logistics d\u1ec5 d\u00e0ng h\u01a1n.<\/span><\/li>\n<li style=\"font-weight: 400;\" aria-level=\"1\"><b>Th\u1ea9m m\u1ef9 &amp; quy chu\u1ea9n:<\/b><span style=\"font-weight: 400;\"> Ph\u1ed5 bi\u1ebfn v\u00e0 t\u1ea1o n\u00ean s\u1ef1 quy chu\u1ea9n, g\u1ecdn g\u00e0ng trong h\u1ec7 th\u1ed1ng logistics v\u00e0 kho b\u00e3i.<\/span><\/li>\n<\/ul>\n<h2><span style=\"font-weight: 400;\">M\u00e1y d\u00e1n nh\u00e3n g\u00f3c c\u1ea1nh<\/span><\/h2>\n<p><span style=\"font-weight: 400;\">\u1ee8ng d\u1ee5ng n\u00e0y y\u00eau c\u1ea7u <\/span><b>M\u00e1y d\u00e1n nh\u00e3n g\u00f3c c\u1ea1nh (Corner Labeling Machine)<\/b><span style=\"font-weight: 400;\"> ho\u1eb7c m\u00e1y d\u00e1n nh\u00e3n c\u00f3 t\u00ednh n\u0103ng d\u00e1n g\u00f3c. S\u1ef1 kh\u00e1c bi\u1ec7t ch\u00ednh gi\u1eefa n\u00f3 v\u00e0 m\u00e1y d\u00e1n nh\u00e3n m\u1eb7t ph\u1eb3ng th\u00f4ng th\u01b0\u1eddng n\u1eb1m \u1edf qu\u1ef9 \u0111\u1ea1o chuy\u1ec3n \u0111\u1ed9ng c\u1ee7a \u0111\u1ea7u d\u00e1n v\u00e0 c\u01a1 c\u1ea5u \u00e9p nh\u00e3n.<\/span><\/p>\n<p><b>C\u00e1c th\u00e0nh ph\u1ea7n ch\u00ednh c\u1ee7a m\u00e1y d\u00e1n g\u00f3c c\u1ea1nh:<\/b><\/p>\n<ol>\n<li style=\"font-weight: 400;\" aria-level=\"1\"><b>\u0110\u1ea7u d\u00e1n nh\u00e3n:<\/b><span style=\"font-weight: 400;\"> B\u1ed9 ph\u1eadn c\u1ed1t l\u00f5i, ch\u1ecbu tr\u00e1ch nhi\u1ec7m xu\u1ea5t nh\u00e3n v\u00e0 d\u00e1n nh\u00e3n.<\/span><\/li>\n<li style=\"font-weight: 400;\" aria-level=\"1\"><b>C\u01a1 c\u1ea5u \u00e9p g\u00f3c (Corner Pressing Device):<\/b><span style=\"font-weight: 400;\"> \u0110\u00e2y kh\u00f4ng ph\u1ea3i l\u00e0 m\u1ed9t t\u1ea5m \u00e9p \u0111\u01a1n gi\u1ea3n m\u00e0 l\u00e0 m\u1ed9t kh\u1ed1i \u00e9p ho\u1eb7c con l\u0103n \u0111\u01b0\u1ee3c thi\u1ebft k\u1ebf h\u00ecnh ch\u1eef <\/span><b>V 90 \u0111\u1ed9<\/b><span style=\"font-weight: 400;\"> (c\u00f2n g\u1ecdi l\u00e0 &#8220;Kh\u1ed1i \u00c9p Ch\u1eef V&#8221; ho\u1eb7c &#8220;C\u01a1 c\u1ea5u D\u00e1n G\u00f3c&#8221;). Ch\u1ee9c n\u0103ng c\u1ee7a n\u00f3 l\u00e0:<\/span>\n<ul>\n<li style=\"font-weight: 400;\" aria-level=\"2\"><span style=\"font-weight: 400;\">Ti\u1ebfp x\u00fac \u0111\u1ed3ng th\u1eddi v\u1edbi c\u1ea3 hai m\u1eb7t b\u00ean c\u1ee7a th\u00f9ng ngay khi nh\u00e3n \u0111\u01b0\u1ee3c d\u00e1n.<\/span><\/li>\n<li style=\"font-weight: 400;\" aria-level=\"2\"><span style=\"font-weight: 400;\">Vu\u1ed1t ph\u1eb3ng nh\u00e3n \u0111\u1ed3ng \u0111\u1ec1u t\u1eeb ch\u00ednh gi\u1eefa ra hai b\u00ean, bao ph\u1ee7 ho\u00e0n h\u1ea3o g\u00f3c c\u1ea1nh v\u00e0 <\/span><b>tr\u00e1nh t\u1ea1o ra b\u1ecdt kh\u00ed hay n\u1ebfp nh\u0103n<\/b><span style=\"font-weight: 400;\">.<\/span><\/li>\n<\/ul>\n<\/li>\n<li style=\"font-weight: 400;\" aria-level=\"1\"><b>C\u01a1 c\u1ea5u v\u1eadn chuy\u1ec3n:<\/b><span style=\"font-weight: 400;\"> Th\u01b0\u1eddng l\u00e0 b\u0103ng t\u1ea3i con l\u0103n ho\u1eb7c b\u0103ng t\u1ea3i \u0111ai, v\u1eadn chuy\u1ec3n th\u00f9ng h\u1ed9p \u1ed5n \u0111\u1ecbnh \u0111\u1ebfn v\u1ecb tr\u00ed d\u00e1n nh\u00e3n.<\/span><\/li>\n<li style=\"font-weight: 400;\" aria-level=\"1\"><b>C\u01a1 c\u1ea5u \u0111\u1ecbnh v\u1ecb\/d\u1eabn h\u01b0\u1edbng:<\/b><span style=\"font-weight: 400;\"> \u0110\u1ea3m b\u1ea3o g\u00f3c c\u1ea1nh c\u1ee7a th\u00f9ng \u0111\u01b0\u1ee3c c\u0103n ch\u1ec9nh <\/span><b>ch\u00ednh x\u00e1c<\/b><span style=\"font-weight: 400;\"> v\u1edbi Kh\u1ed1i \u00c9p Ch\u1eef V c\u1ee7a \u0111\u1ea7u d\u00e1n trong qu\u00e1 tr\u00ecnh v\u1eadn chuy\u1ec3n.<\/span><\/li>\n<li style=\"font-weight: 400;\" aria-level=\"1\"><b>Sistem kawalan:<\/b><span style=\"font-weight: 400;\"> PLC ho\u1eb7c m\u00e1y t\u00ednh c\u00f4ng nghi\u1ec7p, ki\u1ec3m so\u00e1t to\u00e0n b\u1ed9 quy tr\u00ecnh.<\/span><\/li>\n<\/ol>\n<h2><span style=\"font-weight: 400;\">Quy tr\u00ecnh l\u00e0m vi\u1ec7c<\/span><\/h2>\n<ol>\n<li style=\"font-weight: 400;\" aria-level=\"1\"><b>C\u1ea5p li\u1ec7u:<\/b><span style=\"font-weight: 400;\"> Th\u00f9ng h\u1ed9p \u0111\u01b0\u1ee3c \u0111\u01b0a v\u00e0o b\u0103ng t\u1ea3i c\u1ee7a m\u00e1y d\u00e1n nh\u00e3n (b\u1eb1ng tay ho\u1eb7c t\u1eeb d\u00e2y chuy\u1ec1n t\u1ef1 \u0111\u1ed9ng).<\/span><\/li>\n<li style=\"font-weight: 400;\" aria-level=\"1\"><b>Ph\u00e1t hi\u1ec7n \u0111\u1ecbnh v\u1ecb:<\/b><span style=\"font-weight: 400;\"> C\u1ea3m bi\u1ebfn (th\u01b0\u1eddng l\u00e0 c\u1ea3m bi\u1ebfn quang \u0111i\u1ec7n) ph\u00e1t hi\u1ec7n th\u00f9ng \u0111\u00e3 \u0111\u1ebfn \u0111\u00fang v\u1ecb tr\u00ed d\u00e1n nh\u00e3n.<\/span><\/li>\n<li style=\"font-weight: 400;\" aria-level=\"1\"><b>K\u00edch ho\u1ea1t d\u00e1n nh\u00e3n:<\/b><span style=\"font-weight: 400;\"> T\u00edn hi\u1ec7u t\u1eeb c\u1ea3m bi\u1ebfn \u0111\u01b0\u1ee3c truy\u1ec1n \u0111\u1ebfn h\u1ec7 th\u1ed1ng \u0111i\u1ec1u khi\u1ec3n, h\u1ec7 th\u1ed1ng \u0111i\u1ec1u khi\u1ec3n ra l\u1ec7nh cho \u0111\u1ea7u d\u00e1n ho\u1ea1t \u0111\u1ed9ng.<\/span><\/li>\n<li style=\"font-weight: 400;\" aria-level=\"1\"><b>Xu\u1ea5t nh\u00e3n v\u00e0 d\u00e1n:<\/b>\n<ul>\n<li style=\"font-weight: 400;\" aria-level=\"2\"><span style=\"font-weight: 400;\">\u0110\u1ea7u d\u00e1n b\u00f3c nh\u00e3n ra kh\u1ecfi gi\u1ea5y n\u1ec1n (gi\u1ea5y n\u1ec1n \u0111\u01b0\u1ee3c cu\u1ed9n l\u1ea1i).<\/span><\/li>\n<li style=\"font-weight: 400;\" aria-level=\"2\"><span style=\"font-weight: 400;\">\u0110\u1ea7u d\u00e1n \u0111\u1ed3ng th\u1eddi \u0111\u01b0a <\/span><b>Kh\u1ed1i \u00c9p Ch\u1eef V<\/b><span style=\"font-weight: 400;\"> di chuy\u1ec3n nhanh ch\u00f3ng xu\u1ed1ng (ho\u1eb7c ti\u1ebfn l\u00ean).<\/span><\/li>\n<li style=\"font-weight: 400;\" aria-level=\"2\"><span style=\"font-weight: 400;\">Kh\u1ed1i \u00c9p Ch\u1eef V \u00e9p ch\u00ednh x\u00e1c v\u00e0o g\u00f3c c\u1ea1nh c\u1ee7a th\u00f9ng, <\/span><b>ph\u1ea7n gi\u1eefa c\u1ee7a nh\u00e3n s\u1ebd \u0111\u01b0\u1ee3c \u00e9p d\u1ecdc theo \u0111\u01b0\u1eddng\u68f1 tuy\u1ebfn<\/b><span style=\"font-weight: 400;\"> tr\u01b0\u1edbc.<\/span><\/li>\n<li style=\"font-weight: 400;\" aria-level=\"2\"><span style=\"font-weight: 400;\">Khi \u00e1p l\u1ef1c ti\u1ebfp t\u1ee5c, hai m\u1eb7t nghi\u00eang c\u1ee7a kh\u1ed1i Ch\u1eef V s\u1ebd vu\u1ed1t ph\u1eb3ng nh\u00e3n d\u1ecdc theo hai m\u1eb7t b\u00ean c\u1ee7a th\u00f9ng.<\/span><\/li>\n<\/ul>\n<\/li>\n<li style=\"font-weight: 400;\" aria-level=\"1\"><b>\u00c9p ch\u1eb7t:<\/b><span style=\"font-weight: 400;\"> Kh\u1ed1i \u00c9p Ch\u1eef V duy tr\u00ec \u00e1p l\u1ef1c trong th\u1eddi gian ng\u1eafn \u0111\u1ec3 \u0111\u1ea3m b\u1ea3o nh\u00e3n d\u00ednh ho\u00e0n to\u00e0n v\u00e0 kh\u00f4ng c\u00f3 b\u1ecdt kh\u00ed.<\/span><\/li>\n<li style=\"font-weight: 400;\" aria-level=\"1\"><b>Ho\u00e0n th\u00e0nh &amp; xu\u1ea5t:<\/b><span style=\"font-weight: 400;\"> \u0110\u1ea7u d\u00e1n ph\u1ee5c h\u1ed3i v\u1ecb tr\u00ed, th\u00f9ng \u0111\u01b0\u1ee3c v\u1eadn chuy\u1ec3n ra kh\u1ecfi khu v\u1ef1c d\u00e1n nh\u00e3n, k\u1ebft th\u00fac quy tr\u00ecnh.<\/span><\/li>\n<\/ol>","protected":false},"excerpt":{"rendered":"<p><b>M\u00e1y d\u00e1n nh\u00e3n g\u00f3c c\u1ea1nh th\u00f9ng h\u1ed9p<\/b><span style=\"font-weight: 400;\"> l\u00e0 m\u1ed9t c\u00f4ng ngh\u1ec7 t\u1ef1 \u0111\u1ed9ng h\u00f3a hi\u1ec7u qu\u1ea3 v\u00e0 \u0111\u00e3 tr\u01b0\u1edfng th\u00e0nh. C\u1ed1t l\u00f5i c\u1ee7a n\u00f3 l\u00e0 s\u1eed d\u1ee5ng <\/span><b>M\u00e1y D\u00e1n G\u00f3c C\u1ea1nh chuy\u00ean d\u1ee5ng<\/b><span style=\"font-weight: 400;\"> dengan <\/span><b>C\u01a1 c\u1ea5u \u00c9p Ch\u1eef V<\/b><span style=\"font-weight: 400;\">. Vi\u1ec7c l\u1ef1a ch\u1ecdn \u0111\u00fang lo\u1ea1i m\u00e1y v\u00e0 \u0111i\u1ec1u ch\u1ec9nh tinh vi l\u00e0 ch\u00eca kh\u00f3a \u0111\u1ec3 \u0111\u1ea3m b\u1ea3o ch\u1ea5t l\u01b0\u1ee3ng d\u00e1n nh\u00e3n (ph\u1eb3ng, kh\u00f4ng nh\u0103n, b\u00e1m d\u00ednh ch\u1eafc ch\u1eafn).<\/span><\/p>","protected":false},"featured_media":4918,"comment_status":"open","ping_status":"closed","template":"","meta":[],"product_brand":[],"product_cat":[149],"product_tag":[143,200,144],"class_list":{"0":"post-4917","1":"product","2":"type-product","3":"status-publish","4":"has-post-thumbnail","6":"product_cat-may-dan-nhan-tu-dong","7":"product_tag-may-dan-nhan","8":"product_tag-may-dan-nhan-goc-canh","9":"product_tag-may-dan-nhan-tu-dong","11":"first","12":"instock","13":"shipping-taxable","14":"product-type-simple"},"yoast_head":"<!-- This site is optimized with the Yoast SEO plugin v26.0 - https:\/\/yoast.com\/wordpress\/plugins\/seo\/ -->\n<title>M\u00e1y d\u00e3n nh\u00e3n g\u00f3c c\u1ea1nh th\u00f9ng h\u1ed9p - Nh\u00e0 s\u1ea3n xu\u1ea5t m\u00e1y c\u1ea5p li\u1ec7u c\u00f4ng nghi\u1ec7p<\/title>\n<meta name=\"description\" content=\"M\u00e1y d\u00e1n nh\u00e3n g\u00f3c c\u1ea1nh th\u00f9ng h\u1ed9p: T\u1ef1 \u0111\u1ed9ng d\u00e1n nh\u00e3n qua g\u00f3c 90 \u0111\u1ed9, \u0111\u1ea3m b\u1ea3o \u0111\u1ed9 b\u00e1m d\u00ednh v\u00e0 t\u00ednh to\u00e0n v\u1eb9n. L\u00fd t\u01b0\u1edfng cho ni\u00eam phong v\u00e0 ch\u1ed1ng gi\u1ea3 m\u1ea1o th\u00f9ng carton.\" \/>\n<meta name=\"robots\" content=\"index, follow, max-snippet:-1, max-image-preview:large, max-video-preview:-1\" \/>\n<link rel=\"canonical\" href=\"https:\/\/swoer.vn\/ms\/manufacturer\/may-dan-nhan-goc-canh-thung-hop\/\" \/>\n<meta property=\"og:locale\" content=\"ms_MY\" \/>\n<meta property=\"og:type\" content=\"article\" \/>\n<meta property=\"og:title\" content=\"M\u00e1y d\u00e3n nh\u00e3n g\u00f3c c\u1ea1nh th\u00f9ng h\u1ed9p - Nh\u00e0 s\u1ea3n xu\u1ea5t m\u00e1y c\u1ea5p li\u1ec7u c\u00f4ng nghi\u1ec7p\" \/>\n<meta property=\"og:description\" content=\"M\u00e1y d\u00e1n nh\u00e3n g\u00f3c c\u1ea1nh th\u00f9ng h\u1ed9p: T\u1ef1 \u0111\u1ed9ng d\u00e1n nh\u00e3n qua g\u00f3c 90 \u0111\u1ed9, \u0111\u1ea3m b\u1ea3o \u0111\u1ed9 b\u00e1m d\u00ednh v\u00e0 t\u00ednh to\u00e0n v\u1eb9n. L\u00fd t\u01b0\u1edfng cho ni\u00eam phong v\u00e0 ch\u1ed1ng gi\u1ea3 m\u1ea1o th\u00f9ng carton.\" \/>\n<meta property=\"og:url\" content=\"https:\/\/swoer.vn\/ms\/manufacturer\/may-dan-nhan-goc-canh-thung-hop\/\" \/>\n<meta property=\"og:site_name\" content=\"Nh\u00e0 s\u1ea3n xu\u1ea5t m\u00e1y c\u1ea5p li\u1ec7u c\u00f4ng nghi\u1ec7p\" \/>\n<meta property=\"og:image\" content=\"https:\/\/swoer.vn\/wp-content\/uploads\/2025\/10\/MAY-DAN-NHAN-GOC-CANH-THUNG-HOP-.png\" \/>\n\t<meta property=\"og:image:width\" content=\"800\" \/>\n\t<meta property=\"og:image:height\" content=\"800\" \/>\n\t<meta property=\"og:image:type\" content=\"image\/png\" \/>\n<meta name=\"twitter:card\" content=\"summary_large_image\" \/>\n<meta name=\"twitter:label1\" content=\"Est. reading time\" \/>\n\t<meta name=\"twitter:data1\" content=\"4 minit\" \/>\n<script type=\"application\/ld+json\" class=\"yoast-schema-graph\">{\"@context\":\"https:\/\/schema.org\",\"@graph\":[{\"@type\":\"WebPage\",\"@id\":\"https:\/\/swoer.vn\/manufacturer\/may-dan-nhan-goc-canh-thung-hop\/\",\"url\":\"https:\/\/swoer.vn\/manufacturer\/may-dan-nhan-goc-canh-thung-hop\/\",\"name\":\"M\u00e1y d\u00e3n nh\u00e3n g\u00f3c c\u1ea1nh th\u00f9ng h\u1ed9p - Nh\u00e0 s\u1ea3n xu\u1ea5t m\u00e1y c\u1ea5p li\u1ec7u c\u00f4ng nghi\u1ec7p\",\"isPartOf\":{\"@id\":\"https:\/\/swoer.vn\/#website\"},\"primaryImageOfPage\":{\"@id\":\"https:\/\/swoer.vn\/manufacturer\/may-dan-nhan-goc-canh-thung-hop\/#primaryimage\"},\"image\":{\"@id\":\"https:\/\/swoer.vn\/manufacturer\/may-dan-nhan-goc-canh-thung-hop\/#primaryimage\"},\"thumbnailUrl\":\"https:\/\/swoer.vn\/wp-content\/uploads\/2025\/10\/MAY-DAN-NHAN-GOC-CANH-THUNG-HOP-.png\",\"datePublished\":\"2025-10-01T03:17:22+00:00\",\"description\":\"M\u00e1y d\u00e1n nh\u00e3n g\u00f3c c\u1ea1nh th\u00f9ng h\u1ed9p: T\u1ef1 \u0111\u1ed9ng d\u00e1n nh\u00e3n qua g\u00f3c 90 \u0111\u1ed9, \u0111\u1ea3m b\u1ea3o \u0111\u1ed9 b\u00e1m d\u00ednh v\u00e0 t\u00ednh to\u00e0n v\u1eb9n. L\u00fd t\u01b0\u1edfng cho ni\u00eam phong v\u00e0 ch\u1ed1ng gi\u1ea3 m\u1ea1o th\u00f9ng carton.\",\"breadcrumb\":{\"@id\":\"https:\/\/swoer.vn\/manufacturer\/may-dan-nhan-goc-canh-thung-hop\/#breadcrumb\"},\"inLanguage\":\"ms-MY\",\"potentialAction\":[{\"@type\":\"ReadAction\",\"target\":[\"https:\/\/swoer.vn\/manufacturer\/may-dan-nhan-goc-canh-thung-hop\/\"]}]},{\"@type\":\"ImageObject\",\"inLanguage\":\"ms-MY\",\"@id\":\"https:\/\/swoer.vn\/manufacturer\/may-dan-nhan-goc-canh-thung-hop\/#primaryimage\",\"url\":\"https:\/\/swoer.vn\/wp-content\/uploads\/2025\/10\/MAY-DAN-NHAN-GOC-CANH-THUNG-HOP-.png\",\"contentUrl\":\"https:\/\/swoer.vn\/wp-content\/uploads\/2025\/10\/MAY-DAN-NHAN-GOC-CANH-THUNG-HOP-.png\",\"width\":800,\"height\":800,\"caption\":\"MA\u0301Y DA\u0301N NHA\u0303N GO\u0301C CA\u0323NH THU\u0300NG HO\u0323\u0302P\"},{\"@type\":\"BreadcrumbList\",\"@id\":\"https:\/\/swoer.vn\/manufacturer\/may-dan-nhan-goc-canh-thung-hop\/#breadcrumb\",\"itemListElement\":[{\"@type\":\"ListItem\",\"position\":1,\"name\":\"Home\",\"item\":\"https:\/\/swoer.vn\/\"},{\"@type\":\"ListItem\",\"position\":2,\"name\":\"S\u1ea3n ph\u1ea9m\",\"item\":\"https:\/\/swoer.vn\/shop\/\"},{\"@type\":\"ListItem\",\"position\":3,\"name\":\"M\u00e1y d\u00e3n nh\u00e3n g\u00f3c c\u1ea1nh th\u00f9ng h\u1ed9p\"}]},{\"@type\":\"WebSite\",\"@id\":\"https:\/\/swoer.vn\/#website\",\"url\":\"https:\/\/swoer.vn\/\",\"name\":\"Nh\u00e0 s\u1ea3n xu\u1ea5t m\u00e1y c\u1ea5p li\u1ec7u c\u00f4ng nghi\u1ec7p\",\"description\":\"Nh\u00e0 cung c\u1ea5p robot, m\u00e1y c\u1ea5p li\u1ec7u linh ho\u1ea1t, m\u00e1y c\u1ea5p li\u1ec7u ly t\u00e2m, m\u00e1y c\u1ea5p li\u1ec7u rung t\u1ef1 \u0111\u1ed9ng\",\"potentialAction\":[{\"@type\":\"SearchAction\",\"target\":{\"@type\":\"EntryPoint\",\"urlTemplate\":\"https:\/\/swoer.vn\/?s={search_term_string}\"},\"query-input\":{\"@type\":\"PropertyValueSpecification\",\"valueRequired\":true,\"valueName\":\"search_term_string\"}}],\"inLanguage\":\"ms-MY\"}]}<\/script>\n<!-- \/ Yoast SEO plugin. -->","yoast_head_json":{"title":"M\u00e1y d\u00e3n nh\u00e3n g\u00f3c c\u1ea1nh th\u00f9ng h\u1ed9p - Nh\u00e0 s\u1ea3n xu\u1ea5t m\u00e1y c\u1ea5p li\u1ec7u c\u00f4ng nghi\u1ec7p","description":"M\u00e1y d\u00e1n nh\u00e3n g\u00f3c c\u1ea1nh th\u00f9ng h\u1ed9p: T\u1ef1 \u0111\u1ed9ng d\u00e1n nh\u00e3n qua g\u00f3c 90 \u0111\u1ed9, \u0111\u1ea3m b\u1ea3o \u0111\u1ed9 b\u00e1m d\u00ednh v\u00e0 t\u00ednh to\u00e0n v\u1eb9n. L\u00fd t\u01b0\u1edfng cho ni\u00eam phong v\u00e0 ch\u1ed1ng gi\u1ea3 m\u1ea1o th\u00f9ng carton.","robots":{"index":"index","follow":"follow","max-snippet":"max-snippet:-1","max-image-preview":"max-image-preview:large","max-video-preview":"max-video-preview:-1"},"canonical":"https:\/\/swoer.vn\/ms\/manufacturer\/may-dan-nhan-goc-canh-thung-hop\/","og_locale":"ms_MY","og_type":"article","og_title":"M\u00e1y d\u00e3n nh\u00e3n g\u00f3c c\u1ea1nh th\u00f9ng h\u1ed9p - Nh\u00e0 s\u1ea3n xu\u1ea5t m\u00e1y c\u1ea5p li\u1ec7u c\u00f4ng nghi\u1ec7p","og_description":"M\u00e1y d\u00e1n nh\u00e3n g\u00f3c c\u1ea1nh th\u00f9ng h\u1ed9p: T\u1ef1 \u0111\u1ed9ng d\u00e1n nh\u00e3n qua g\u00f3c 90 \u0111\u1ed9, \u0111\u1ea3m b\u1ea3o \u0111\u1ed9 b\u00e1m d\u00ednh v\u00e0 t\u00ednh to\u00e0n v\u1eb9n. L\u00fd t\u01b0\u1edfng cho ni\u00eam phong v\u00e0 ch\u1ed1ng gi\u1ea3 m\u1ea1o th\u00f9ng carton.","og_url":"https:\/\/swoer.vn\/ms\/manufacturer\/may-dan-nhan-goc-canh-thung-hop\/","og_site_name":"Nh\u00e0 s\u1ea3n xu\u1ea5t m\u00e1y c\u1ea5p li\u1ec7u c\u00f4ng nghi\u1ec7p","og_image":[{"width":800,"height":800,"url":"https:\/\/swoer.vn\/wp-content\/uploads\/2025\/10\/MAY-DAN-NHAN-GOC-CANH-THUNG-HOP-.png","type":"image\/png"}],"twitter_card":"summary_large_image","twitter_misc":{"Est. reading time":"4 minit"},"schema":{"@context":"https:\/\/schema.org","@graph":[{"@type":"WebPage","@id":"https:\/\/swoer.vn\/manufacturer\/may-dan-nhan-goc-canh-thung-hop\/","url":"https:\/\/swoer.vn\/manufacturer\/may-dan-nhan-goc-canh-thung-hop\/","name":"M\u00e1y d\u00e3n nh\u00e3n g\u00f3c c\u1ea1nh th\u00f9ng h\u1ed9p - Nh\u00e0 s\u1ea3n xu\u1ea5t m\u00e1y c\u1ea5p li\u1ec7u c\u00f4ng nghi\u1ec7p","isPartOf":{"@id":"https:\/\/swoer.vn\/#website"},"primaryImageOfPage":{"@id":"https:\/\/swoer.vn\/manufacturer\/may-dan-nhan-goc-canh-thung-hop\/#primaryimage"},"image":{"@id":"https:\/\/swoer.vn\/manufacturer\/may-dan-nhan-goc-canh-thung-hop\/#primaryimage"},"thumbnailUrl":"https:\/\/swoer.vn\/wp-content\/uploads\/2025\/10\/MAY-DAN-NHAN-GOC-CANH-THUNG-HOP-.png","datePublished":"2025-10-01T03:17:22+00:00","description":"M\u00e1y d\u00e1n nh\u00e3n g\u00f3c c\u1ea1nh th\u00f9ng h\u1ed9p: T\u1ef1 \u0111\u1ed9ng d\u00e1n nh\u00e3n qua g\u00f3c 90 \u0111\u1ed9, \u0111\u1ea3m b\u1ea3o \u0111\u1ed9 b\u00e1m d\u00ednh v\u00e0 t\u00ednh to\u00e0n v\u1eb9n. L\u00fd t\u01b0\u1edfng cho ni\u00eam phong v\u00e0 ch\u1ed1ng gi\u1ea3 m\u1ea1o th\u00f9ng carton.","breadcrumb":{"@id":"https:\/\/swoer.vn\/manufacturer\/may-dan-nhan-goc-canh-thung-hop\/#breadcrumb"},"inLanguage":"ms-MY","potentialAction":[{"@type":"ReadAction","target":["https:\/\/swoer.vn\/manufacturer\/may-dan-nhan-goc-canh-thung-hop\/"]}]},{"@type":"ImageObject","inLanguage":"ms-MY","@id":"https:\/\/swoer.vn\/manufacturer\/may-dan-nhan-goc-canh-thung-hop\/#primaryimage","url":"https:\/\/swoer.vn\/wp-content\/uploads\/2025\/10\/MAY-DAN-NHAN-GOC-CANH-THUNG-HOP-.png","contentUrl":"https:\/\/swoer.vn\/wp-content\/uploads\/2025\/10\/MAY-DAN-NHAN-GOC-CANH-THUNG-HOP-.png","width":800,"height":800,"caption":"MA\u0301Y DA\u0301N NHA\u0303N GO\u0301C CA\u0323NH THU\u0300NG HO\u0323\u0302P"},{"@type":"BreadcrumbList","@id":"https:\/\/swoer.vn\/manufacturer\/may-dan-nhan-goc-canh-thung-hop\/#breadcrumb","itemListElement":[{"@type":"ListItem","position":1,"name":"Home","item":"https:\/\/swoer.vn\/"},{"@type":"ListItem","position":2,"name":"S\u1ea3n ph\u1ea9m","item":"https:\/\/swoer.vn\/shop\/"},{"@type":"ListItem","position":3,"name":"M\u00e1y d\u00e3n nh\u00e3n g\u00f3c c\u1ea1nh th\u00f9ng h\u1ed9p"}]},{"@type":"WebSite","@id":"https:\/\/swoer.vn\/#website","url":"https:\/\/swoer.vn\/","name":"Pengeluar Pengumpan Perindustrian","description":"Pembekal robot, penyuap fleksibel, penyuap emparan, penyuap bergetar automatik","potentialAction":[{"@type":"SearchAction","target":{"@type":"EntryPoint","urlTemplate":"https:\/\/swoer.vn\/?s={search_term_string}"},"query-input":{"@type":"PropertyValueSpecification","valueRequired":true,"valueName":"search_term_string"}}],"inLanguage":"ms-MY"}]}},"_links":{"self":[{"href":"https:\/\/swoer.vn\/ms\/wp-json\/wp\/v2\/product\/4917","targetHints":{"allow":["GET"]}}],"collection":[{"href":"https:\/\/swoer.vn\/ms\/wp-json\/wp\/v2\/product"}],"about":[{"href":"https:\/\/swoer.vn\/ms\/wp-json\/wp\/v2\/types\/product"}],"replies":[{"embeddable":true,"href":"https:\/\/swoer.vn\/ms\/wp-json\/wp\/v2\/comments?post=4917"}],"wp:featuredmedia":[{"embeddable":true,"href":"https:\/\/swoer.vn\/ms\/wp-json\/wp\/v2\/media\/4918"}],"wp:attachment":[{"href":"https:\/\/swoer.vn\/ms\/wp-json\/wp\/v2\/media?parent=4917"}],"wp:term":[{"taxonomy":"product_brand","embeddable":true,"href":"https:\/\/swoer.vn\/ms\/wp-json\/wp\/v2\/product_brand?post=4917"},{"taxonomy":"product_cat","embeddable":true,"href":"https:\/\/swoer.vn\/ms\/wp-json\/wp\/v2\/product_cat?post=4917"},{"taxonomy":"product_tag","embeddable":true,"href":"https:\/\/swoer.vn\/ms\/wp-json\/wp\/v2\/product_tag?post=4917"}],"curies":[{"name":"wp","href":"https:\/\/api.w.org\/{rel}","templated":true}]}}