{"id":4889,"date":"2025-09-30T15:27:16","date_gmt":"2025-09-30T08:27:16","guid":{"rendered":"https:\/\/swoer.vn\/?post_type=product&#038;p=4889"},"modified":"2025-09-30T15:27:17","modified_gmt":"2025-09-30T08:27:17","slug":"may-lap-rap-nap-nhua-nhom-tu-dong","status":"publish","type":"product","link":"https:\/\/swoer.vn\/ms\/manufacturer\/may-lap-rap-nap-nhua-nhom-tu-dong\/","title":{"rendered":"Mesin pemasangan penutup plastik aluminium automatik"},"content":{"rendered":"<h2><span style=\"font-weight: 400;\">Spesifikasi produk:<\/span><\/h2>\n<table>\n<tbody>\n<tr>\n<td><span style=\"font-weight: 400;\">Kod produk<\/span><\/td>\n<td><span style=\"font-weight: 400;\">Mesin Pemasangan Penutup Plastik Aluminium Automatik<\/span><\/td>\n<\/tr>\n<tr>\n<td><span style=\"font-weight: 400;\">Kuasa motor (kW)<\/span><\/td>\n<td><span style=\"font-weight: 400;\">1 hingga 10<\/span><\/td>\n<\/tr>\n<tr>\n<td><span style=\"font-weight: 400;\">Masa Utama<\/span><\/td>\n<td><span style=\"font-weight: 400;\">1-14 hari<\/span><\/td>\n<\/tr>\n<tr>\n<td><span style=\"font-weight: 400;\">Rupa<\/span><\/td>\n<td><span style=\"font-weight: 400;\">Jenis terbuka<\/span><\/td>\n<\/tr>\n<tr>\n<td><span style=\"font-weight: 400;\">botol<\/span><\/td>\n<td><span style=\"font-weight: 400;\">satu tahun<\/span><\/td>\n<\/tr>\n<tr>\n<td><span style=\"font-weight: 400;\">Cerun Pemasangan<\/span><\/td>\n<td><span style=\"font-weight: 400;\">Kumpulkan<\/span><\/td>\n<\/tr>\n<tr>\n<td><span style=\"font-weight: 400;\">Dimensi Keseluruhan<\/span><\/td>\n<td><span style=\"font-weight: 400;\">Kumpulkan<\/span><\/td>\n<\/tr>\n<tr>\n<td><span style=\"font-weight: 400;\">Asal<\/span><\/td>\n<td><span style=\"font-weight: 400;\">China<\/span><\/td>\n<\/tr>\n<tr>\n<td><span style=\"font-weight: 400;\">Kapasiti<\/span><\/td>\n<td><span style=\"font-weight: 400;\">150 &#8211; 300<\/span><\/td>\n<\/tr>\n<tr>\n<td><span style=\"font-weight: 400;\">Mod Pergerakan\u00a0<\/span><\/td>\n<td><span style=\"font-weight: 400;\">Linear<\/span><\/td>\n<\/tr>\n<tr>\n<td><span style=\"font-weight: 400;\">Perkhidmatan Selepas Jualan<\/span><\/td>\n<td><span style=\"font-weight: 400;\">satu tahun<\/span><\/td>\n<\/tr>\n<tr>\n<td><span style=\"font-weight: 400;\">Pemakanan Maks (mm)<\/span><\/td>\n<td><span style=\"font-weight: 400;\">Kumpulkan<\/span><\/td>\n<\/tr>\n<tr>\n<td><span style=\"font-weight: 400;\">Saiz Pelongsor (mm)<\/span><\/td>\n<td><span style=\"font-weight: 400;\">Kumpulkan<\/span><\/td>\n<\/tr>\n<tr>\n<td><span style=\"font-weight: 400;\">Jenama<\/span><\/td>\n<td><span style=\"font-weight: 400;\">SUMPAH<\/span><\/td>\n<\/tr>\n<tr>\n<td><span style=\"font-weight: 400;\">bahan<\/span><\/td>\n<td><span style=\"font-weight: 400;\">AL7075 \/ SUS304<\/span><\/td>\n<\/tr>\n<tr>\n<td><span style=\"font-weight: 400;\">Voltan<\/span><\/td>\n<td><span style=\"font-weight: 400;\">220 V<\/span><\/td>\n<\/tr>\n<tr>\n<td><span style=\"font-weight: 400;\">Sumber<\/span><\/td>\n<td><span style=\"font-weight: 400;\">65W \/ 150W \/ 180W \/ 220W \/ 350W<\/span><\/td>\n<\/tr>\n<tr>\n<td><span style=\"font-weight: 400;\">Pengesahan<\/span><\/td>\n<td><span style=\"font-weight: 400;\">CE, ROHS, ISO9001<\/span><\/td>\n<\/tr>\n<\/tbody>\n<\/table>\n<p>&nbsp;<\/p>","protected":false},"excerpt":{"rendered":"<p><b>Mesin pemasangan penutup plastik aluminium automatik<\/b> Mesin SWOER ialah penyelesaian optimum untuk memasang penutup pembungkusan kompleks yang diperbuat daripada dua bahan berbeza (biasanya cangkerang luar aluminium dan mekanisme dalaman plastik). Mesin ini menggunakan sistem pemakanan dwi dan <b>mekanisme robotik ketepatan<\/b> untuk meletakkan, menyelaraskan dan memasang kedua-dua komponen ini bersama-sama. Teknologi ini memastikan daya pengapit\/ketat yang dikawal dengan sempurna, menghasilkan produk penutup yang lengkap dengan <b>kedap udara mutlak dan daya tarikan estetik yang tinggi<\/b>Ini menghapuskan isu ubah bentuk atau pemasangan yang longgar. Ini merupakan pelaburan strategik yang membantu mempercepatkan pengeluaran, meminimumkan ralat manual dan meningkatkan kualiti pembungkusan untuk industri farmaseutikal, kosmetik dan makanan berfungsi.<\/p>","protected":false},"featured_media":4890,"comment_status":"open","ping_status":"closed","template":"","meta":[],"product_brand":[],"product_cat":[142],"product_tag":[178,133,140],"class_list":{"0":"post-4889","1":"product","2":"type-product","3":"status-publish","4":"has-post-thumbnail","6":"product_cat-may-lap-rap-tu-dong","7":"product_tag-lap-rap-tu-dong-hoa","8":"product_tag-may-lap-rap","9":"product_tag-may-lap-rap-tu-dong","11":"first","12":"instock","13":"shipping-taxable","14":"product-type-simple"},"yoast_head":"<!-- This site is optimized with the Yoast SEO plugin v26.0 - https:\/\/yoast.com\/wordpress\/plugins\/seo\/ -->\n<title>M\u00e1y l\u1eafp r\u00e1p n\u1eafp nh\u1ef1a nh\u00f4m t\u1ef1 \u0111\u1ed9ng - Nh\u00e0 s\u1ea3n xu\u1ea5t m\u00e1y c\u1ea5p li\u1ec7u c\u00f4ng nghi\u1ec7p<\/title>\n<meta name=\"description\" content=\"M\u00e1y l\u1eafp r\u00e1p n\u1eafp nh\u1ef1a nh\u00f4m t\u1ef1 \u0111\u1ed9ng SWOER: L\u1eafp r\u00e1p ch\u00ednh x\u00e1c n\u1eafp hai th\u00e0nh ph\u1ea7n (nh\u1ef1a v\u00e0 nh\u00f4m) v\u1edbi t\u1ed1c \u0111\u1ed9 cao. \u0110\u1ea3m b\u1ea3o l\u1ef1c \u00e9p\/si\u1ebft ho\u00e0n h\u1ea3o, t\u1ed1i \u01b0u cho bao b\u00ec\" \/>\n<meta name=\"robots\" content=\"index, follow, max-snippet:-1, max-image-preview:large, max-video-preview:-1\" \/>\n<link rel=\"canonical\" href=\"https:\/\/swoer.vn\/ms\/manufacturer\/may-lap-rap-nap-nhua-nhom-tu-dong\/\" \/>\n<meta property=\"og:locale\" content=\"ms_MY\" \/>\n<meta property=\"og:type\" content=\"article\" \/>\n<meta property=\"og:title\" content=\"M\u00e1y l\u1eafp r\u00e1p n\u1eafp nh\u1ef1a nh\u00f4m t\u1ef1 \u0111\u1ed9ng - Nh\u00e0 s\u1ea3n xu\u1ea5t m\u00e1y c\u1ea5p li\u1ec7u c\u00f4ng nghi\u1ec7p\" \/>\n<meta property=\"og:description\" content=\"M\u00e1y l\u1eafp r\u00e1p n\u1eafp nh\u1ef1a nh\u00f4m t\u1ef1 \u0111\u1ed9ng SWOER: L\u1eafp r\u00e1p ch\u00ednh x\u00e1c n\u1eafp hai th\u00e0nh ph\u1ea7n (nh\u1ef1a v\u00e0 nh\u00f4m) v\u1edbi t\u1ed1c \u0111\u1ed9 cao. \u0110\u1ea3m b\u1ea3o l\u1ef1c \u00e9p\/si\u1ebft ho\u00e0n h\u1ea3o, t\u1ed1i \u01b0u cho bao b\u00ec\" \/>\n<meta property=\"og:url\" content=\"https:\/\/swoer.vn\/ms\/manufacturer\/may-lap-rap-nap-nhua-nhom-tu-dong\/\" \/>\n<meta property=\"og:site_name\" content=\"Nh\u00e0 s\u1ea3n xu\u1ea5t m\u00e1y c\u1ea5p li\u1ec7u c\u00f4ng nghi\u1ec7p\" \/>\n<meta property=\"article:modified_time\" content=\"2025-09-30T08:27:17+00:00\" \/>\n<meta property=\"og:image\" content=\"https:\/\/swoer.vn\/wp-content\/uploads\/2025\/09\/May-lap-rap-nap-nhua-nhom-tu-dong.png\" \/>\n\t<meta property=\"og:image:width\" content=\"800\" \/>\n\t<meta property=\"og:image:height\" content=\"800\" \/>\n\t<meta property=\"og:image:type\" content=\"image\/png\" \/>\n<meta name=\"twitter:card\" content=\"summary_large_image\" \/>\n<meta name=\"twitter:label1\" content=\"Est. reading time\" \/>\n\t<meta name=\"twitter:data1\" content=\"1 minit\" \/>\n<script type=\"application\/ld+json\" class=\"yoast-schema-graph\">{\"@context\":\"https:\/\/schema.org\",\"@graph\":[{\"@type\":\"WebPage\",\"@id\":\"https:\/\/swoer.vn\/manufacturer\/may-lap-rap-nap-nhua-nhom-tu-dong\/\",\"url\":\"https:\/\/swoer.vn\/manufacturer\/may-lap-rap-nap-nhua-nhom-tu-dong\/\",\"name\":\"M\u00e1y l\u1eafp r\u00e1p n\u1eafp nh\u1ef1a nh\u00f4m t\u1ef1 \u0111\u1ed9ng - Nh\u00e0 s\u1ea3n xu\u1ea5t m\u00e1y c\u1ea5p li\u1ec7u c\u00f4ng nghi\u1ec7p\",\"isPartOf\":{\"@id\":\"https:\/\/swoer.vn\/#website\"},\"primaryImageOfPage\":{\"@id\":\"https:\/\/swoer.vn\/manufacturer\/may-lap-rap-nap-nhua-nhom-tu-dong\/#primaryimage\"},\"image\":{\"@id\":\"https:\/\/swoer.vn\/manufacturer\/may-lap-rap-nap-nhua-nhom-tu-dong\/#primaryimage\"},\"thumbnailUrl\":\"https:\/\/swoer.vn\/wp-content\/uploads\/2025\/09\/May-lap-rap-nap-nhua-nhom-tu-dong.png\",\"datePublished\":\"2025-09-30T08:27:16+00:00\",\"dateModified\":\"2025-09-30T08:27:17+00:00\",\"description\":\"M\u00e1y l\u1eafp r\u00e1p n\u1eafp nh\u1ef1a nh\u00f4m t\u1ef1 \u0111\u1ed9ng SWOER: L\u1eafp r\u00e1p ch\u00ednh x\u00e1c n\u1eafp hai th\u00e0nh ph\u1ea7n (nh\u1ef1a v\u00e0 nh\u00f4m) v\u1edbi t\u1ed1c \u0111\u1ed9 cao. \u0110\u1ea3m b\u1ea3o l\u1ef1c \u00e9p\/si\u1ebft ho\u00e0n h\u1ea3o, t\u1ed1i \u01b0u cho bao b\u00ec\",\"breadcrumb\":{\"@id\":\"https:\/\/swoer.vn\/manufacturer\/may-lap-rap-nap-nhua-nhom-tu-dong\/#breadcrumb\"},\"inLanguage\":\"ms-MY\",\"potentialAction\":[{\"@type\":\"ReadAction\",\"target\":[\"https:\/\/swoer.vn\/manufacturer\/may-lap-rap-nap-nhua-nhom-tu-dong\/\"]}]},{\"@type\":\"ImageObject\",\"inLanguage\":\"ms-MY\",\"@id\":\"https:\/\/swoer.vn\/manufacturer\/may-lap-rap-nap-nhua-nhom-tu-dong\/#primaryimage\",\"url\":\"https:\/\/swoer.vn\/wp-content\/uploads\/2025\/09\/May-lap-rap-nap-nhua-nhom-tu-dong.png\",\"contentUrl\":\"https:\/\/swoer.vn\/wp-content\/uploads\/2025\/09\/May-lap-rap-nap-nhua-nhom-tu-dong.png\",\"width\":800,\"height\":800,\"caption\":\"M\u00e1y l\u1eafp r\u00e1p n\u1eafp nh\u1ef1a nh\u00f4m t\u1ef1 \u0111\u1ed9ng\"},{\"@type\":\"BreadcrumbList\",\"@id\":\"https:\/\/swoer.vn\/manufacturer\/may-lap-rap-nap-nhua-nhom-tu-dong\/#breadcrumb\",\"itemListElement\":[{\"@type\":\"ListItem\",\"position\":1,\"name\":\"Home\",\"item\":\"https:\/\/swoer.vn\/\"},{\"@type\":\"ListItem\",\"position\":2,\"name\":\"S\u1ea3n ph\u1ea9m\",\"item\":\"https:\/\/swoer.vn\/shop\/\"},{\"@type\":\"ListItem\",\"position\":3,\"name\":\"M\u00e1y l\u1eafp r\u00e1p n\u1eafp nh\u1ef1a nh\u00f4m t\u1ef1 \u0111\u1ed9ng\"}]},{\"@type\":\"WebSite\",\"@id\":\"https:\/\/swoer.vn\/#website\",\"url\":\"https:\/\/swoer.vn\/\",\"name\":\"Nh\u00e0 s\u1ea3n xu\u1ea5t m\u00e1y c\u1ea5p li\u1ec7u c\u00f4ng nghi\u1ec7p\",\"description\":\"Nh\u00e0 cung c\u1ea5p robot, m\u00e1y c\u1ea5p li\u1ec7u linh ho\u1ea1t, m\u00e1y c\u1ea5p li\u1ec7u ly t\u00e2m, m\u00e1y c\u1ea5p li\u1ec7u rung t\u1ef1 \u0111\u1ed9ng\",\"potentialAction\":[{\"@type\":\"SearchAction\",\"target\":{\"@type\":\"EntryPoint\",\"urlTemplate\":\"https:\/\/swoer.vn\/?s={search_term_string}\"},\"query-input\":{\"@type\":\"PropertyValueSpecification\",\"valueRequired\":true,\"valueName\":\"search_term_string\"}}],\"inLanguage\":\"ms-MY\"}]}<\/script>\n<!-- \/ Yoast SEO plugin. -->","yoast_head_json":{"title":"Mesin pemasangan penutup plastik aluminium automatik - Pengilang mesin penyuapan industri","description":"Mesin Pemasangan Penutup Aluminium dan Plastik Automatik SWOER: Memasang penutup dua komponen (plastik dan aluminium) dengan tepat pada kelajuan tinggi. Memastikan daya pengedap\/ketat yang sempurna dan optimum untuk pembungkusan.","robots":{"index":"index","follow":"follow","max-snippet":"max-snippet:-1","max-image-preview":"max-image-preview:large","max-video-preview":"max-video-preview:-1"},"canonical":"https:\/\/swoer.vn\/ms\/manufacturer\/may-lap-rap-nap-nhua-nhom-tu-dong\/","og_locale":"ms_MY","og_type":"article","og_title":"M\u00e1y l\u1eafp r\u00e1p n\u1eafp nh\u1ef1a nh\u00f4m t\u1ef1 \u0111\u1ed9ng - Nh\u00e0 s\u1ea3n xu\u1ea5t m\u00e1y c\u1ea5p li\u1ec7u c\u00f4ng nghi\u1ec7p","og_description":"M\u00e1y l\u1eafp r\u00e1p n\u1eafp nh\u1ef1a nh\u00f4m t\u1ef1 \u0111\u1ed9ng SWOER: L\u1eafp r\u00e1p ch\u00ednh x\u00e1c n\u1eafp hai th\u00e0nh ph\u1ea7n (nh\u1ef1a v\u00e0 nh\u00f4m) v\u1edbi t\u1ed1c \u0111\u1ed9 cao. \u0110\u1ea3m b\u1ea3o l\u1ef1c \u00e9p\/si\u1ebft ho\u00e0n h\u1ea3o, t\u1ed1i \u01b0u cho bao b\u00ec","og_url":"https:\/\/swoer.vn\/ms\/manufacturer\/may-lap-rap-nap-nhua-nhom-tu-dong\/","og_site_name":"Nh\u00e0 s\u1ea3n xu\u1ea5t m\u00e1y c\u1ea5p li\u1ec7u c\u00f4ng nghi\u1ec7p","article_modified_time":"2025-09-30T08:27:17+00:00","og_image":[{"width":800,"height":800,"url":"https:\/\/swoer.vn\/wp-content\/uploads\/2025\/09\/May-lap-rap-nap-nhua-nhom-tu-dong.png","type":"image\/png"}],"twitter_card":"summary_large_image","twitter_misc":{"Est. reading time":"1 minit"},"schema":{"@context":"https:\/\/schema.org","@graph":[{"@type":"WebPage","@id":"https:\/\/swoer.vn\/manufacturer\/may-lap-rap-nap-nhua-nhom-tu-dong\/","url":"https:\/\/swoer.vn\/manufacturer\/may-lap-rap-nap-nhua-nhom-tu-dong\/","name":"Mesin pemasangan penutup plastik aluminium automatik - Pengilang mesin penyuapan industri","isPartOf":{"@id":"https:\/\/swoer.vn\/#website"},"primaryImageOfPage":{"@id":"https:\/\/swoer.vn\/manufacturer\/may-lap-rap-nap-nhua-nhom-tu-dong\/#primaryimage"},"image":{"@id":"https:\/\/swoer.vn\/manufacturer\/may-lap-rap-nap-nhua-nhom-tu-dong\/#primaryimage"},"thumbnailUrl":"https:\/\/swoer.vn\/wp-content\/uploads\/2025\/09\/May-lap-rap-nap-nhua-nhom-tu-dong.png","datePublished":"2025-09-30T08:27:16+00:00","dateModified":"2025-09-30T08:27:17+00:00","description":"Mesin Pemasangan Penutup Aluminium dan Plastik Automatik SWOER: Memasang penutup dua komponen (plastik dan aluminium) dengan tepat pada kelajuan tinggi. Memastikan daya pengedap\/ketat yang sempurna dan optimum untuk pembungkusan.","breadcrumb":{"@id":"https:\/\/swoer.vn\/manufacturer\/may-lap-rap-nap-nhua-nhom-tu-dong\/#breadcrumb"},"inLanguage":"ms-MY","potentialAction":[{"@type":"ReadAction","target":["https:\/\/swoer.vn\/manufacturer\/may-lap-rap-nap-nhua-nhom-tu-dong\/"]}]},{"@type":"ImageObject","inLanguage":"ms-MY","@id":"https:\/\/swoer.vn\/manufacturer\/may-lap-rap-nap-nhua-nhom-tu-dong\/#primaryimage","url":"https:\/\/swoer.vn\/wp-content\/uploads\/2025\/09\/May-lap-rap-nap-nhua-nhom-tu-dong.png","contentUrl":"https:\/\/swoer.vn\/wp-content\/uploads\/2025\/09\/May-lap-rap-nap-nhua-nhom-tu-dong.png","width":800,"height":800,"caption":"M\u00e1y l\u1eafp r\u00e1p n\u1eafp nh\u1ef1a nh\u00f4m t\u1ef1 \u0111\u1ed9ng"},{"@type":"BreadcrumbList","@id":"https:\/\/swoer.vn\/manufacturer\/may-lap-rap-nap-nhua-nhom-tu-dong\/#breadcrumb","itemListElement":[{"@type":"ListItem","position":1,"name":"Home","item":"https:\/\/swoer.vn\/"},{"@type":"ListItem","position":2,"name":"S\u1ea3n ph\u1ea9m","item":"https:\/\/swoer.vn\/shop\/"},{"@type":"ListItem","position":3,"name":"M\u00e1y l\u1eafp r\u00e1p n\u1eafp nh\u1ef1a nh\u00f4m t\u1ef1 \u0111\u1ed9ng"}]},{"@type":"WebSite","@id":"https:\/\/swoer.vn\/#website","url":"https:\/\/swoer.vn\/","name":"Pengeluar Pengumpan Perindustrian","description":"Pembekal robot, penyuap fleksibel, penyuap emparan, penyuap bergetar automatik","potentialAction":[{"@type":"SearchAction","target":{"@type":"EntryPoint","urlTemplate":"https:\/\/swoer.vn\/?s={search_term_string}"},"query-input":{"@type":"PropertyValueSpecification","valueRequired":true,"valueName":"search_term_string"}}],"inLanguage":"ms-MY"}]}},"_links":{"self":[{"href":"https:\/\/swoer.vn\/ms\/wp-json\/wp\/v2\/product\/4889","targetHints":{"allow":["GET"]}}],"collection":[{"href":"https:\/\/swoer.vn\/ms\/wp-json\/wp\/v2\/product"}],"about":[{"href":"https:\/\/swoer.vn\/ms\/wp-json\/wp\/v2\/types\/product"}],"replies":[{"embeddable":true,"href":"https:\/\/swoer.vn\/ms\/wp-json\/wp\/v2\/comments?post=4889"}],"wp:featuredmedia":[{"embeddable":true,"href":"https:\/\/swoer.vn\/ms\/wp-json\/wp\/v2\/media\/4890"}],"wp:attachment":[{"href":"https:\/\/swoer.vn\/ms\/wp-json\/wp\/v2\/media?parent=4889"}],"wp:term":[{"taxonomy":"product_brand","embeddable":true,"href":"https:\/\/swoer.vn\/ms\/wp-json\/wp\/v2\/product_brand?post=4889"},{"taxonomy":"product_cat","embeddable":true,"href":"https:\/\/swoer.vn\/ms\/wp-json\/wp\/v2\/product_cat?post=4889"},{"taxonomy":"product_tag","embeddable":true,"href":"https:\/\/swoer.vn\/ms\/wp-json\/wp\/v2\/product_tag?post=4889"}],"curies":[{"name":"wp","href":"https:\/\/api.w.org\/{rel}","templated":true}]}}