{"id":4833,"date":"2025-09-29T15:03:40","date_gmt":"2025-09-29T08:03:40","guid":{"rendered":"https:\/\/swoer.vn\/?post_type=product&#038;p=4833"},"modified":"2025-09-29T15:03:41","modified_gmt":"2025-09-29T08:03:41","slug":"may-dong-goi-mang-co-tu-dong-hoan-toan","status":"publish","type":"product","link":"https:\/\/swoer.vn\/ms\/manufacturer\/may-dong-goi-mang-co-tu-dong-hoan-toan\/","title":{"rendered":"M\u00e1y \u0111\u00f3ng g\u00f3i m\u00e0ng co t\u1ef1 \u0111\u1ed9ng ho\u00e0n to\u00e0n"},"content":{"rendered":"<h2><span style=\"font-weight: 400;\">ciri-ciri:<\/span><\/h2>\n<p><span style=\"font-weight: 400;\">M\u00e1y \u0111\u00f3ng g\u00f3i m\u00e0ng co t\u1ef1 \u0111\u1ed9ng ho\u00e0n to\u00e0n, c\u00f2n \u0111\u01b0\u1ee3c g\u1ecdi l\u00e0 <\/span><b>m\u00e1y \u0111\u00f3ng g\u00f3i m\u00e0ng co nhi\u1ec7t t\u1ef1 \u0111\u1ed9ng ho\u00e0n to\u00e0n<\/b><span style=\"font-weight: 400;\"> ho\u1eb7c <\/span><b>m\u00e1y qu\u1ea5n m\u00e0ng t\u1ef1 \u0111\u1ed9ng ho\u00e0n to\u00e0n<\/b><span style=\"font-weight: 400;\">, l\u00e0 m\u1ed9t thi\u1ebft b\u1ecb t\u1ef1 \u0111\u1ed9ng h\u00f3a cao d\u00f9ng \u0111\u1ec3 b\u1ecdc m\u00e0ng cho s\u1ea3n ph\u1ea9m. Thi\u1ebft b\u1ecb n\u00e0y th\u1ef1c hi\u1ec7n m\u1ed9t lo\u1ea1t c\u00e1c thao t\u00e1c t\u1ef1 \u0111\u1ed9ng nh\u01b0 c\u1ea5p m\u00e0ng, qu\u1ea5n b\u1ecdc, d\u00e1n nhi\u1ec7t v\u00e0 co nhi\u1ec7t (n\u1ebfu c\u1ea7n), \u0111\u1ec3 b\u1ecdc s\u1ea3n ph\u1ea9m ch\u1eb7t ch\u1ebd b\u1eb1ng m\u00e0ng nh\u1ef1a (nh\u01b0 <\/span><b>PE, PO, PVC<\/b><span style=\"font-weight: 400;\">, v.v.). \u0110i\u1ec1u n\u00e0y nh\u1eb1m m\u1ee5c \u0111\u00edch b\u1ea3o v\u1ec7 s\u1ea3n ph\u1ea9m, n\u00e2ng cao v\u1ebb ngo\u00e0i, ch\u1ed1ng b\u1ee5i, ch\u1ed1ng \u1ea9m, ti\u1ec7n l\u1ee3i cho v\u1eadn chuy\u1ec3n v\u00e0 th\u00fac \u0111\u1ea9y b\u00e1n h\u00e0ng.<\/span><\/p>\n<h2><span style=\"font-weight: 400;\">Nguy\u00ean l\u00fd ho\u1ea1t \u0111\u1ed9ng c\u1ed1t l\u00f5i<\/span><\/h2>\n<p><span style=\"font-weight: 400;\">Quy tr\u00ecnh l\u00e0m vi\u1ec7c c\u1ee7a m\u00e1y b\u1ecdc m\u00e0ng t\u1ef1 \u0111\u1ed9ng th\u01b0\u1eddng \u0111\u01b0\u1ee3c t\u00f3m t\u1eaft qua c\u00e1c b\u01b0\u1edbc sau:<\/span><\/p>\n<ol>\n<li style=\"font-weight: 400;\" aria-level=\"1\"><b>\u0110\u01b0a s\u1ea3n ph\u1ea9m v\u00e0o:<\/b><span style=\"font-weight: 400;\"> Ng\u01b0\u1eddi v\u1eadn h\u00e0nh ho\u1eb7c thi\u1ebft b\u1ecb ph\u00eda tr\u01b0\u1edbc (nh\u01b0 d\u00e2y chuy\u1ec1n s\u1ea3n xu\u1ea5t) \u0111\u1eb7t s\u1ea3n ph\u1ea9m c\u1ea7n \u0111\u00f3ng g\u00f3i l\u00ean b\u0103ng t\u1ea3i c\u1ea5p li\u1ec7u ho\u1eb7c v\u1ecb tr\u00ed l\u00e0m vi\u1ec7c c\u1ee5 th\u1ec3 c\u1ee7a m\u00e1y.<\/span><\/li>\n<li style=\"font-weight: 400;\" aria-level=\"1\"><b>C\u1eaft v\u00e0 c\u1ea5p m\u00e0ng:<\/b><span style=\"font-weight: 400;\"> M\u00e1y t\u1ef1 \u0111\u1ed9ng k\u00e9o v\u00e0 c\u1eaft m\u00e0ng t\u1eeb cu\u1ed9n theo chi\u1ec1u d\u00e0i \u0111\u00e3 c\u00e0i \u0111\u1eb7t tr\u01b0\u1edbc, ph\u00f9 h\u1ee3p v\u1edbi k\u00edch th\u01b0\u1edbc g\u00f3i s\u1ea3n ph\u1ea9m.<\/span><\/li>\n<li style=\"font-weight: 400;\" aria-level=\"1\"><b>Qu\u1ea5n b\u1ecdc:<\/b><span style=\"font-weight: 400;\"> S\u1ea3n ph\u1ea9m \u0111\u01b0\u1ee3c \u0111\u01b0a \u0111\u1ebfn khu v\u1ef1c qu\u1ea5n b\u1ecdc. M\u00e0ng \u0111\u01b0\u1ee3c b\u1ecdc xung quanh s\u1ea3n ph\u1ea9m th\u00f4ng qua c\u00e1c c\u01a1 c\u1ea5u c\u01a1 kh\u00ed (nh\u01b0 tay g\u1eadp, thanh d\u1eabn m\u00e0ng, v.v.), t\u1ea1o th\u00e0nh m\u1ed9t h\u00ecnh \u1ed1ng.<\/span><\/li>\n<li style=\"font-weight: 400;\" aria-level=\"1\"><b>D\u00e1n nhi\u1ec7t:<\/b><span style=\"font-weight: 400;\"> M\u00e9p ch\u1ed3ng l\u00ean nhau c\u1ee7a m\u00e0ng b\u1ecdc s\u1ea3n ph\u1ea9m (th\u01b0\u1eddng l\u00e0 \u1edf \u0111\u00e1y ho\u1eb7c m\u1eb7t sau) s\u1ebd \u0111i qua m\u1ed9t <\/span><b>dao d\u00e1n nhi\u1ec7t<\/b><span style=\"font-weight: 400;\">. Dao n\u00e0y d\u00f9ng nhi\u1ec7t v\u00e0 \u00e1p su\u1ea5t \u0111\u1ec3 h\u00e0n d\u00ednh m\u00e0ng, t\u1ea1o ra \u0111\u01b0\u1eddng h\u00e0n k\u00edn ch\u1eafc ch\u1eafn.<\/span><\/li>\n<li style=\"font-weight: 400;\" aria-level=\"1\"><b>G\u1eadp v\u00e0 d\u00e1n nhi\u1ec7t hai \u0111\u1ea7u (T\u00f9y ch\u1ecdn):<\/b><span style=\"font-weight: 400;\"> \u0110\u1ed1i v\u1edbi c\u00e1c g\u00f3i c\u1ea7n ni\u00eam phong ho\u00e0n to\u00e0n (nh\u01b0 h\u1ed9p v\u0103n ph\u00f2ng ph\u1ea9m, h\u1ed9p m\u1ef9 ph\u1ea9m), hai \u0111\u1ea7u c\u1ee7a g\u00f3i c\u0169ng \u0111\u01b0\u1ee3c g\u1eadp l\u1ea1i v\u00e0 d\u00e1n nhi\u1ec7t. B\u01b0\u1edbc n\u00e0y c\u00f3 th\u1ec3 \u0111\u01b0\u1ee3c b\u1ecf qua \u0111\u1ed1i v\u1edbi c\u00e1c lo\u1ea1i g\u00f3i ch\u1ec9 c\u1ea7n qu\u1ea5n nh\u00e3n (sleeve wrap).<\/span><\/li>\n<li style=\"font-weight: 400;\" aria-level=\"1\"><b>Co nhi\u1ec7t (T\u00f9y ch\u1ecdn):<\/b><span style=\"font-weight: 400;\"> N\u1ebfu s\u1eed d\u1ee5ng m\u00e0ng co nhi\u1ec7t, s\u1ea3n ph\u1ea9m \u0111\u00e3 \u0111\u01b0\u1ee3c ni\u00eam phong s\u1ebd \u0111i v\u00e0o <\/span><b>l\u00f2 co nhi\u1ec7t<\/b><span style=\"font-weight: 400;\"> (th\u01b0\u1eddng l\u00e0 d\u1ea1ng \u0111\u01b0\u1eddng h\u1ea7m). D\u01b0\u1edbi t\u00e1c d\u1ee5ng c\u1ee7a kh\u00ed n\u00f3ng, m\u00e0ng s\u1ebd co l\u1ea1i v\u00e0 \u00f4m s\u00e1t b\u1ec1 m\u1eb7t s\u1ea3n ph\u1ea9m, t\u1ea1o th\u00e0nh l\u1edbp bao b\u00ec <\/span><b>\u201cgi\u1ed1ng nh\u01b0 da\u201d<\/b><span style=\"font-weight: 400;\"> tr\u01a1n tru v\u00e0 \u0111\u1eb9p m\u1eaft.<\/span><\/li>\n<li style=\"font-weight: 400;\" aria-level=\"1\"><b>Xu\u1ea5t th\u00e0nh ph\u1ea9m:<\/b><span style=\"font-weight: 400;\"> S\u1ea3n ph\u1ea9m \u0111\u00e3 ho\u00e0n t\u1ea5t qu\u00e1 tr\u00ecnh \u0111\u00f3ng g\u00f3i \u0111\u01b0\u1ee3c \u0111\u01b0a ra kh\u1ecfi m\u00e1y, chuy\u1ec3n sang c\u00e1c c\u00f4ng \u0111o\u1ea1n ti\u1ebfp theo (nh\u01b0 \u0111\u00f3ng h\u1ed9p, d\u00e1n nh\u00e3n, v.v.).<\/span><\/li>\n<\/ol>\n<h2><span style=\"font-weight: 400;\">\u0110\u1eb7c \u0111i\u1ec3m v\u00e0 \u01b0u \u0111i\u1ec3m ch\u00ednh<\/span><\/h2>\n<ul>\n<li style=\"font-weight: 400;\" aria-level=\"1\"><b>Prestasi tinggi:<\/b><span style=\"font-weight: 400;\"> M\u1ee9c \u0111\u1ed9 t\u1ef1 \u0111\u1ed9ng h\u00f3a cao, t\u1ed1c \u0111\u1ed9 \u0111\u00f3ng g\u00f3i v\u01b0\u1ee3t xa so v\u1edbi th\u1ee7 c\u00f4ng, th\u00f4ng th\u01b0\u1eddng c\u00f3 th\u1ec3 \u0111\u00f3ng g\u00f3i h\u00e0ng ch\u1ee5c ho\u1eb7c th\u1eadm ch\u00ed h\u00e0ng tr\u0103m s\u1ea3n ph\u1ea9m m\u1ed7i ph\u00fat, gi\u00fap t\u0103ng \u0111\u00e1ng k\u1ec3 n\u0103ng su\u1ea5t.<\/span><\/li>\n<li style=\"font-weight: 400;\" aria-level=\"1\"><b>\u0110\u1ed9 \u0111\u1ed3ng nh\u1ea5t cao:<\/b><span style=\"font-weight: 400;\"> \u0110\u00f3ng g\u00f3i b\u1eb1ng m\u00e1y lo\u1ea1i tr\u1eeb c\u00e1c y\u1ebfu t\u1ed1 ch\u1ee7 quan c\u1ee7a con ng\u01b0\u1eddi, \u0111\u1ea3m b\u1ea3o hi\u1ec7u qu\u1ea3 \u0111\u00f3ng g\u00f3i (nh\u01b0 \u0111\u1ed9 ch\u1eb7t, v\u1ecb tr\u00ed ni\u00eam phong, t\u00ednh th\u1ea9m m\u1ef9) c\u1ee7a m\u1ecdi s\u1ea3n ph\u1ea9m \u0111\u1ec1u <\/span><b>\u0111\u1ed3ng nh\u1ea5t cao<\/b><span style=\"font-weight: 400;\">.<\/span><\/li>\n<li style=\"font-weight: 400;\" aria-level=\"1\"><b>Penjimatan kos:<\/b>\n<ul>\n<li style=\"font-weight: 400;\" aria-level=\"2\"><b>Chi ph\u00ed nh\u00e2n c\u00f4ng:<\/b><span style=\"font-weight: 400;\"> Gi\u1ea3m \u0111\u00e1ng k\u1ec3 s\u1ef1 ph\u1ee5 thu\u1ed9c v\u00e0o nh\u00e2n c\u00f4ng \u0111\u00f3ng g\u00f3i, th\u01b0\u1eddng ch\u1ec9 c\u1ea7n m\u1ed9t ng\u01b0\u1eddi ph\u1ee5 tr\u00e1ch c\u1ea5p li\u1ec7u ho\u1eb7c gi\u00e1m s\u00e1t.<\/span><\/li>\n<li style=\"font-weight: 400;\" aria-level=\"2\"><b>Chi ph\u00ed v\u1eadt li\u1ec7u:<\/b><span style=\"font-weight: 400;\"> M\u00e1y c\u00f3 th\u1ec3 ki\u1ec3m so\u00e1t ch\u00ednh x\u00e1c l\u01b0\u1ee3ng m\u00e0ng s\u1eed d\u1ee5ng, gi\u1ea3m l\u00e3ng ph\u00ed.<\/span><\/li>\n<\/ul>\n<\/li>\n<li style=\"font-weight: 400;\" aria-level=\"1\"><b>N\u00e2ng cao h\u00ecnh \u1ea3nh:<\/b><span style=\"font-weight: 400;\"> Bao b\u00ec nh\u1ecf g\u1ecdn, \u0111\u1eb9p m\u1eaft, c\u00f3 th\u1ec3 c\u1ea3i thi\u1ec7n \u0111\u00e1ng k\u1ec3 hi\u1ec7u qu\u1ea3 tr\u01b0ng b\u00e0y v\u00e0 b\u00e1n h\u00e0ng c\u1ee7a s\u1ea3n ph\u1ea9m.<\/span><\/li>\n<li style=\"font-weight: 400;\" aria-level=\"1\"><b>\u0110a d\u1ea1ng ch\u1ee9c n\u0103ng:<\/b><span style=\"font-weight: 400;\"> C\u00f3 th\u1ec3 t\u01b0\u01a1ng th\u00edch v\u1edbi nhi\u1ec1u lo\u1ea1i v\u1eadt li\u1ec7u m\u00e0ng kh\u00e1c nhau, \u0111\u1ea1t \u0111\u01b0\u1ee3c c\u00e1c hi\u1ec7u \u1ee9ng \u0111\u00f3ng g\u00f3i \u0111a d\u1ea1ng nh\u01b0 <\/span><b>k\u00edn ho\u00e0n to\u00e0n, d\u00e1n ba c\u1ea1nh, d\u00e1n b\u1ed1n c\u1ea1nh, qu\u1ea5n nh\u00e3n<\/b><span style=\"font-weight: 400;\">, v.v.<\/span><\/li>\n<li style=\"font-weight: 400;\" aria-level=\"1\"><b>Kh\u1ea3 n\u0103ng b\u1ea3o v\u1ec7 t\u1ed1t:<\/b><span style=\"font-weight: 400;\"> Bao b\u00ec gi\u00fap ch\u1ed1ng b\u1ee5i, ch\u1ed1ng \u1ea9m, ch\u1ed1ng tr\u1ea7y x\u01b0\u1edbc hi\u1ec7u qu\u1ea3, \u0111\u1ed3ng th\u1eddi c\u00f3 th\u1ec3 gom nhi\u1ec1u s\u1ea3n ph\u1ea9m l\u1ea1i th\u00e0nh m\u1ed9t g\u00f3i, ti\u1ec7n l\u1ee3i cho vi\u1ec7c v\u1eadn chuy\u1ec3n.<\/span><\/li>\n<\/ul>","protected":false},"excerpt":{"rendered":"<div id=\"b8010582fe1a121a\" class=\"conversation-container message-actions-hover-boundary ng-star-inserted\">\n<div>\n<div class=\"response-container ng-tns-c1222284846-647 response-container-with-gpi is-mobile ng-star-inserted response-container-has-multiple-responses\">\n<div class=\"presented-response-container ng-tns-c1222284846-647\">\n<div class=\"response-container-content ng-tns-c1222284846-647 is-mobile\">\n<div class=\"response-content ng-tns-c1222284846-647\">\n<div id=\"model-response-message-contentr_b8010582fe1a121a\" class=\"markdown markdown-main-panel enable-updated-hr-color\" dir=\"ltr\">\n<p><b>M\u00e1y \u0111\u00f3ng g\u00f3i m\u00e0ng co t\u1ef1 \u0111\u1ed9ng ho\u00e0n to\u00e0n<\/b> c\u1ee7a SWOER l\u00e0 gi\u1ea3i ph\u00e1p t\u1ed1i \u01b0u h\u00f3a n\u0103ng su\u1ea5t v\u00e0 ch\u1ea5t l\u01b0\u1ee3ng bao b\u00ec \u1edf c\u1ea5p \u0111\u1ed9 cao nh\u1ea5t. \u0110\u01b0\u1ee3c thi\u1ebft k\u1ebf \u0111\u1ec3 t\u00edch h\u1ee3p li\u1ec1n m\u1ea1ch v\u00e0o cu\u1ed1i d\u00e2y chuy\u1ec1n s\u1ea3n xu\u1ea5t, m\u00e1y t\u1ef1 \u0111\u1ed9ng th\u1ef1c hi\u1ec7n to\u00e0n b\u1ed9 quy tr\u00ecnh: t\u1eeb <b>c\u1ea5p s\u1ea3n ph\u1ea9m, b\u1ecdc m\u00e0ng, h\u00e0n c\u1eaft<\/b> cho \u0111\u1ebfn <b>co m\u00e0ng nhi\u1ec7t<\/b> ho\u00e0n h\u1ea3o. H\u1ec7 th\u1ed1ng n\u00e0y \u0111\u1ea3m b\u1ea3o l\u1edbp m\u00e0ng co m\u1ecfng, \u00f4m s\u00e1t, kh\u00f4ng ch\u1ec9 mang l\u1ea1i <b>t\u00ednh th\u1ea9m m\u1ef9<\/b> dan <b>ch\u1ed1ng b\u1ee5i\/\u1ea9m<\/b> m\u00e0 c\u00f2n <b>t\u0103ng c\u01b0\u1eddng \u0111\u1ed9 b\u1ec1n<\/b> cho bao b\u00ec. V\u1edbi kh\u1ea3 n\u0103ng v\u1eadn h\u00e0nh li\u00ean t\u1ee5c, t\u1ed1c \u0111\u1ed9 si\u00eau cao v\u00e0 t\u1ef7 l\u1ec7 l\u1ed7i c\u1ef1c th\u1ea5p, m\u00e1y \u0111\u00f3ng g\u00f3i m\u00e0ng co t\u1ef1 \u0111\u1ed9ng ho\u00e0n to\u00e0n l\u00e0 kho\u1ea3n \u0111\u1ea7u t\u01b0 chi\u1ebfn l\u01b0\u1ee3c gi\u00fap doanh nghi\u1ec7p b\u1ea1n gi\u1ea3m chi ph\u00ed nh\u00e2n c\u00f4ng v\u00e0 n\u00e2ng cao gi\u00e1 tr\u1ecb c\u1ea3m nh\u1eadn c\u1ee7a s\u1ea3n ph\u1ea9m tr\u00ean th\u1ecb tr\u01b0\u1eddng.<\/p>\n<\/div>\n<\/div>\n<\/div>\n<\/div>\n<\/div>\n<\/div>\n<\/div>","protected":false},"featured_media":4834,"comment_status":"open","ping_status":"closed","template":"","meta":[],"product_brand":[],"product_cat":[149,76],"product_tag":[190,143,144],"class_list":{"0":"post-4833","1":"product","2":"type-product","3":"status-publish","4":"has-post-thumbnail","6":"product_cat-may-dan-nhan-tu-dong","7":"product_cat-san-pham-moi","8":"product_tag-may-dan-mang-tu-dong","9":"product_tag-may-dan-nhan","10":"product_tag-may-dan-nhan-tu-dong","12":"first","13":"instock","14":"shipping-taxable","15":"product-type-simple"},"yoast_head":"<!-- This site is optimized with the Yoast SEO plugin v26.0 - https:\/\/yoast.com\/wordpress\/plugins\/seo\/ -->\n<title>M\u00e1y \u0111\u00f3ng g\u00f3i m\u00e0ng co t\u1ef1 \u0111\u1ed9ng ho\u00e0n to\u00e0n - Nh\u00e0 s\u1ea3n xu\u1ea5t m\u00e1y c\u1ea5p li\u1ec7u c\u00f4ng nghi\u1ec7p<\/title>\n<meta name=\"description\" content=\"M\u00e1y \u0111\u00f3ng g\u00f3i m\u00e0ng co t\u1ef1 \u0111\u1ed9ng ho\u00e0n to\u00e0n SWOER: T\u1ef1 \u0111\u1ed9ng co m\u00e0ng b\u1ea3o v\u1ec7 cho m\u1ecdi s\u1ea3n ph\u1ea9m. \u0110\u1ea3m b\u1ea3o \u0111\u1ed9 k\u00edn tuy\u1ec7t \u0111\u1ed1i, n\u0103ng su\u1ea5t si\u00eau cao v\u00e0 t\u00ednh th\u1ea9m m\u1ef9...\" \/>\n<meta name=\"robots\" content=\"index, follow, max-snippet:-1, max-image-preview:large, max-video-preview:-1\" \/>\n<link rel=\"canonical\" href=\"https:\/\/swoer.vn\/ms\/manufacturer\/may-dong-goi-mang-co-tu-dong-hoan-toan\/\" \/>\n<meta property=\"og:locale\" content=\"ms_MY\" \/>\n<meta property=\"og:type\" content=\"article\" \/>\n<meta property=\"og:title\" content=\"M\u00e1y \u0111\u00f3ng g\u00f3i m\u00e0ng co t\u1ef1 \u0111\u1ed9ng ho\u00e0n to\u00e0n - Nh\u00e0 s\u1ea3n xu\u1ea5t m\u00e1y c\u1ea5p li\u1ec7u c\u00f4ng nghi\u1ec7p\" \/>\n<meta property=\"og:description\" content=\"M\u00e1y \u0111\u00f3ng g\u00f3i m\u00e0ng co t\u1ef1 \u0111\u1ed9ng ho\u00e0n to\u00e0n SWOER: T\u1ef1 \u0111\u1ed9ng co m\u00e0ng b\u1ea3o v\u1ec7 cho m\u1ecdi s\u1ea3n ph\u1ea9m. \u0110\u1ea3m b\u1ea3o \u0111\u1ed9 k\u00edn tuy\u1ec7t \u0111\u1ed1i, n\u0103ng su\u1ea5t si\u00eau cao v\u00e0 t\u00ednh th\u1ea9m m\u1ef9...\" \/>\n<meta property=\"og:url\" content=\"https:\/\/swoer.vn\/ms\/manufacturer\/may-dong-goi-mang-co-tu-dong-hoan-toan\/\" \/>\n<meta property=\"og:site_name\" content=\"Nh\u00e0 s\u1ea3n xu\u1ea5t m\u00e1y c\u1ea5p li\u1ec7u c\u00f4ng nghi\u1ec7p\" \/>\n<meta property=\"article:modified_time\" content=\"2025-09-29T08:03:41+00:00\" \/>\n<meta property=\"og:image\" content=\"https:\/\/swoer.vn\/wp-content\/uploads\/2025\/09\/May-Dong-Goi-Mang-Co-Tu-Dong-Hoan-Toan.png\" \/>\n\t<meta property=\"og:image:width\" content=\"800\" \/>\n\t<meta property=\"og:image:height\" content=\"800\" \/>\n\t<meta property=\"og:image:type\" content=\"image\/png\" \/>\n<meta name=\"twitter:card\" content=\"summary_large_image\" \/>\n<meta name=\"twitter:label1\" content=\"Est. reading time\" \/>\n\t<meta name=\"twitter:data1\" content=\"4 minit\" \/>\n<script type=\"application\/ld+json\" class=\"yoast-schema-graph\">{\"@context\":\"https:\/\/schema.org\",\"@graph\":[{\"@type\":\"WebPage\",\"@id\":\"https:\/\/swoer.vn\/manufacturer\/may-dong-goi-mang-co-tu-dong-hoan-toan\/\",\"url\":\"https:\/\/swoer.vn\/manufacturer\/may-dong-goi-mang-co-tu-dong-hoan-toan\/\",\"name\":\"M\u00e1y \u0111\u00f3ng g\u00f3i m\u00e0ng co t\u1ef1 \u0111\u1ed9ng ho\u00e0n to\u00e0n - Nh\u00e0 s\u1ea3n xu\u1ea5t m\u00e1y c\u1ea5p li\u1ec7u c\u00f4ng nghi\u1ec7p\",\"isPartOf\":{\"@id\":\"https:\/\/swoer.vn\/#website\"},\"primaryImageOfPage\":{\"@id\":\"https:\/\/swoer.vn\/manufacturer\/may-dong-goi-mang-co-tu-dong-hoan-toan\/#primaryimage\"},\"image\":{\"@id\":\"https:\/\/swoer.vn\/manufacturer\/may-dong-goi-mang-co-tu-dong-hoan-toan\/#primaryimage\"},\"thumbnailUrl\":\"https:\/\/swoer.vn\/wp-content\/uploads\/2025\/09\/May-Dong-Goi-Mang-Co-Tu-Dong-Hoan-Toan.png\",\"datePublished\":\"2025-09-29T08:03:40+00:00\",\"dateModified\":\"2025-09-29T08:03:41+00:00\",\"description\":\"M\u00e1y \u0111\u00f3ng g\u00f3i m\u00e0ng co t\u1ef1 \u0111\u1ed9ng ho\u00e0n to\u00e0n SWOER: T\u1ef1 \u0111\u1ed9ng co m\u00e0ng b\u1ea3o v\u1ec7 cho m\u1ecdi s\u1ea3n ph\u1ea9m. \u0110\u1ea3m b\u1ea3o \u0111\u1ed9 k\u00edn tuy\u1ec7t \u0111\u1ed1i, n\u0103ng su\u1ea5t si\u00eau cao v\u00e0 t\u00ednh th\u1ea9m m\u1ef9...\",\"breadcrumb\":{\"@id\":\"https:\/\/swoer.vn\/manufacturer\/may-dong-goi-mang-co-tu-dong-hoan-toan\/#breadcrumb\"},\"inLanguage\":\"ms-MY\",\"potentialAction\":[{\"@type\":\"ReadAction\",\"target\":[\"https:\/\/swoer.vn\/manufacturer\/may-dong-goi-mang-co-tu-dong-hoan-toan\/\"]}]},{\"@type\":\"ImageObject\",\"inLanguage\":\"ms-MY\",\"@id\":\"https:\/\/swoer.vn\/manufacturer\/may-dong-goi-mang-co-tu-dong-hoan-toan\/#primaryimage\",\"url\":\"https:\/\/swoer.vn\/wp-content\/uploads\/2025\/09\/May-Dong-Goi-Mang-Co-Tu-Dong-Hoan-Toan.png\",\"contentUrl\":\"https:\/\/swoer.vn\/wp-content\/uploads\/2025\/09\/May-Dong-Goi-Mang-Co-Tu-Dong-Hoan-Toan.png\",\"width\":800,\"height\":800,\"caption\":\"Ma\u0301y \u0110o\u0301ng Go\u0301i Ma\u0300ng Co Tu\u031b\u0323 \u0110o\u0323\u0302ng Hoa\u0300n Toa\u0300n\"},{\"@type\":\"BreadcrumbList\",\"@id\":\"https:\/\/swoer.vn\/manufacturer\/may-dong-goi-mang-co-tu-dong-hoan-toan\/#breadcrumb\",\"itemListElement\":[{\"@type\":\"ListItem\",\"position\":1,\"name\":\"Home\",\"item\":\"https:\/\/swoer.vn\/\"},{\"@type\":\"ListItem\",\"position\":2,\"name\":\"S\u1ea3n ph\u1ea9m\",\"item\":\"https:\/\/swoer.vn\/shop\/\"},{\"@type\":\"ListItem\",\"position\":3,\"name\":\"M\u00e1y \u0111\u00f3ng g\u00f3i m\u00e0ng co t\u1ef1 \u0111\u1ed9ng ho\u00e0n to\u00e0n\"}]},{\"@type\":\"WebSite\",\"@id\":\"https:\/\/swoer.vn\/#website\",\"url\":\"https:\/\/swoer.vn\/\",\"name\":\"Nh\u00e0 s\u1ea3n xu\u1ea5t m\u00e1y c\u1ea5p li\u1ec7u c\u00f4ng nghi\u1ec7p\",\"description\":\"Nh\u00e0 cung c\u1ea5p robot, m\u00e1y c\u1ea5p li\u1ec7u linh ho\u1ea1t, m\u00e1y c\u1ea5p li\u1ec7u ly t\u00e2m, m\u00e1y c\u1ea5p li\u1ec7u rung t\u1ef1 \u0111\u1ed9ng\",\"potentialAction\":[{\"@type\":\"SearchAction\",\"target\":{\"@type\":\"EntryPoint\",\"urlTemplate\":\"https:\/\/swoer.vn\/?s={search_term_string}\"},\"query-input\":{\"@type\":\"PropertyValueSpecification\",\"valueRequired\":true,\"valueName\":\"search_term_string\"}}],\"inLanguage\":\"ms-MY\"}]}<\/script>\n<!-- \/ Yoast SEO plugin. -->","yoast_head_json":{"title":"M\u00e1y \u0111\u00f3ng g\u00f3i m\u00e0ng co t\u1ef1 \u0111\u1ed9ng ho\u00e0n to\u00e0n - Nh\u00e0 s\u1ea3n xu\u1ea5t m\u00e1y c\u1ea5p li\u1ec7u c\u00f4ng nghi\u1ec7p","description":"M\u00e1y \u0111\u00f3ng g\u00f3i m\u00e0ng co t\u1ef1 \u0111\u1ed9ng ho\u00e0n to\u00e0n SWOER: T\u1ef1 \u0111\u1ed9ng co m\u00e0ng b\u1ea3o v\u1ec7 cho m\u1ecdi s\u1ea3n ph\u1ea9m. \u0110\u1ea3m b\u1ea3o \u0111\u1ed9 k\u00edn tuy\u1ec7t \u0111\u1ed1i, n\u0103ng su\u1ea5t si\u00eau cao v\u00e0 t\u00ednh th\u1ea9m m\u1ef9...","robots":{"index":"index","follow":"follow","max-snippet":"max-snippet:-1","max-image-preview":"max-image-preview:large","max-video-preview":"max-video-preview:-1"},"canonical":"https:\/\/swoer.vn\/ms\/manufacturer\/may-dong-goi-mang-co-tu-dong-hoan-toan\/","og_locale":"ms_MY","og_type":"article","og_title":"M\u00e1y \u0111\u00f3ng g\u00f3i m\u00e0ng co t\u1ef1 \u0111\u1ed9ng ho\u00e0n to\u00e0n - Nh\u00e0 s\u1ea3n xu\u1ea5t m\u00e1y c\u1ea5p li\u1ec7u c\u00f4ng nghi\u1ec7p","og_description":"M\u00e1y \u0111\u00f3ng g\u00f3i m\u00e0ng co t\u1ef1 \u0111\u1ed9ng ho\u00e0n to\u00e0n SWOER: T\u1ef1 \u0111\u1ed9ng co m\u00e0ng b\u1ea3o v\u1ec7 cho m\u1ecdi s\u1ea3n ph\u1ea9m. \u0110\u1ea3m b\u1ea3o \u0111\u1ed9 k\u00edn tuy\u1ec7t \u0111\u1ed1i, n\u0103ng su\u1ea5t si\u00eau cao v\u00e0 t\u00ednh th\u1ea9m m\u1ef9...","og_url":"https:\/\/swoer.vn\/ms\/manufacturer\/may-dong-goi-mang-co-tu-dong-hoan-toan\/","og_site_name":"Nh\u00e0 s\u1ea3n xu\u1ea5t m\u00e1y c\u1ea5p li\u1ec7u c\u00f4ng nghi\u1ec7p","article_modified_time":"2025-09-29T08:03:41+00:00","og_image":[{"width":800,"height":800,"url":"https:\/\/swoer.vn\/wp-content\/uploads\/2025\/09\/May-Dong-Goi-Mang-Co-Tu-Dong-Hoan-Toan.png","type":"image\/png"}],"twitter_card":"summary_large_image","twitter_misc":{"Est. reading time":"4 minit"},"schema":{"@context":"https:\/\/schema.org","@graph":[{"@type":"WebPage","@id":"https:\/\/swoer.vn\/manufacturer\/may-dong-goi-mang-co-tu-dong-hoan-toan\/","url":"https:\/\/swoer.vn\/manufacturer\/may-dong-goi-mang-co-tu-dong-hoan-toan\/","name":"M\u00e1y \u0111\u00f3ng g\u00f3i m\u00e0ng co t\u1ef1 \u0111\u1ed9ng ho\u00e0n to\u00e0n - Nh\u00e0 s\u1ea3n xu\u1ea5t m\u00e1y c\u1ea5p li\u1ec7u c\u00f4ng nghi\u1ec7p","isPartOf":{"@id":"https:\/\/swoer.vn\/#website"},"primaryImageOfPage":{"@id":"https:\/\/swoer.vn\/manufacturer\/may-dong-goi-mang-co-tu-dong-hoan-toan\/#primaryimage"},"image":{"@id":"https:\/\/swoer.vn\/manufacturer\/may-dong-goi-mang-co-tu-dong-hoan-toan\/#primaryimage"},"thumbnailUrl":"https:\/\/swoer.vn\/wp-content\/uploads\/2025\/09\/May-Dong-Goi-Mang-Co-Tu-Dong-Hoan-Toan.png","datePublished":"2025-09-29T08:03:40+00:00","dateModified":"2025-09-29T08:03:41+00:00","description":"M\u00e1y \u0111\u00f3ng g\u00f3i m\u00e0ng co t\u1ef1 \u0111\u1ed9ng ho\u00e0n to\u00e0n SWOER: T\u1ef1 \u0111\u1ed9ng co m\u00e0ng b\u1ea3o v\u1ec7 cho m\u1ecdi s\u1ea3n ph\u1ea9m. \u0110\u1ea3m b\u1ea3o \u0111\u1ed9 k\u00edn tuy\u1ec7t \u0111\u1ed1i, n\u0103ng su\u1ea5t si\u00eau cao v\u00e0 t\u00ednh th\u1ea9m m\u1ef9...","breadcrumb":{"@id":"https:\/\/swoer.vn\/manufacturer\/may-dong-goi-mang-co-tu-dong-hoan-toan\/#breadcrumb"},"inLanguage":"ms-MY","potentialAction":[{"@type":"ReadAction","target":["https:\/\/swoer.vn\/manufacturer\/may-dong-goi-mang-co-tu-dong-hoan-toan\/"]}]},{"@type":"ImageObject","inLanguage":"ms-MY","@id":"https:\/\/swoer.vn\/manufacturer\/may-dong-goi-mang-co-tu-dong-hoan-toan\/#primaryimage","url":"https:\/\/swoer.vn\/wp-content\/uploads\/2025\/09\/May-Dong-Goi-Mang-Co-Tu-Dong-Hoan-Toan.png","contentUrl":"https:\/\/swoer.vn\/wp-content\/uploads\/2025\/09\/May-Dong-Goi-Mang-Co-Tu-Dong-Hoan-Toan.png","width":800,"height":800,"caption":"Ma\u0301y \u0110o\u0301ng Go\u0301i Ma\u0300ng Co Tu\u031b\u0323 \u0110o\u0323\u0302ng Hoa\u0300n Toa\u0300n"},{"@type":"BreadcrumbList","@id":"https:\/\/swoer.vn\/manufacturer\/may-dong-goi-mang-co-tu-dong-hoan-toan\/#breadcrumb","itemListElement":[{"@type":"ListItem","position":1,"name":"Home","item":"https:\/\/swoer.vn\/"},{"@type":"ListItem","position":2,"name":"S\u1ea3n ph\u1ea9m","item":"https:\/\/swoer.vn\/shop\/"},{"@type":"ListItem","position":3,"name":"M\u00e1y \u0111\u00f3ng g\u00f3i m\u00e0ng co t\u1ef1 \u0111\u1ed9ng ho\u00e0n to\u00e0n"}]},{"@type":"WebSite","@id":"https:\/\/swoer.vn\/#website","url":"https:\/\/swoer.vn\/","name":"Pengeluar Pengumpan Perindustrian","description":"Pembekal robot, penyuap fleksibel, penyuap emparan, penyuap bergetar automatik","potentialAction":[{"@type":"SearchAction","target":{"@type":"EntryPoint","urlTemplate":"https:\/\/swoer.vn\/?s={search_term_string}"},"query-input":{"@type":"PropertyValueSpecification","valueRequired":true,"valueName":"search_term_string"}}],"inLanguage":"ms-MY"}]}},"_links":{"self":[{"href":"https:\/\/swoer.vn\/ms\/wp-json\/wp\/v2\/product\/4833","targetHints":{"allow":["GET"]}}],"collection":[{"href":"https:\/\/swoer.vn\/ms\/wp-json\/wp\/v2\/product"}],"about":[{"href":"https:\/\/swoer.vn\/ms\/wp-json\/wp\/v2\/types\/product"}],"replies":[{"embeddable":true,"href":"https:\/\/swoer.vn\/ms\/wp-json\/wp\/v2\/comments?post=4833"}],"wp:featuredmedia":[{"embeddable":true,"href":"https:\/\/swoer.vn\/ms\/wp-json\/wp\/v2\/media\/4834"}],"wp:attachment":[{"href":"https:\/\/swoer.vn\/ms\/wp-json\/wp\/v2\/media?parent=4833"}],"wp:term":[{"taxonomy":"product_brand","embeddable":true,"href":"https:\/\/swoer.vn\/ms\/wp-json\/wp\/v2\/product_brand?post=4833"},{"taxonomy":"product_cat","embeddable":true,"href":"https:\/\/swoer.vn\/ms\/wp-json\/wp\/v2\/product_cat?post=4833"},{"taxonomy":"product_tag","embeddable":true,"href":"https:\/\/swoer.vn\/ms\/wp-json\/wp\/v2\/product_tag?post=4833"}],"curies":[{"name":"wp","href":"https:\/\/api.w.org\/{rel}","templated":true}]}}