{"id":4775,"date":"2025-09-26T09:30:43","date_gmt":"2025-09-26T02:30:43","guid":{"rendered":"https:\/\/swoer.vn\/?post_type=product&#038;p=4775"},"modified":"2025-09-26T09:30:43","modified_gmt":"2025-09-26T02:30:43","slug":"may-dong-goi-dem-chinh-xac","status":"publish","type":"product","link":"https:\/\/swoer.vn\/ms\/manufacturer\/may-dong-goi-dem-chinh-xac\/","title":{"rendered":"M\u00e1y \u0111\u00f3ng g\u00f3i \u0111\u1ebfm ch\u00ednh x\u00e1c"},"content":{"rendered":"<h2><span style=\"font-weight: 400;\">Spesifikasi Produk<\/span><\/h2>\n<table>\n<tbody>\n<tr>\n<td><b>Lo\u1ea1i \u0111\u00f3ng g\u00f3i<\/b><\/td>\n<td><span style=\"font-weight: 400;\">T\u00fai, m\u00e0ng film<\/span><\/td>\n<\/tr>\n<tr>\n<td><b>Tempoh jaminan<\/b><\/td>\n<td><span style=\"font-weight: 400;\">satu tahun<\/span><\/td>\n<\/tr>\n<tr>\n<td><b>Voltan<\/b><\/td>\n<td><span style=\"font-weight: 400;\">220V<\/span><\/td>\n<\/tr>\n<tr>\n<td><b>Fungsi<\/b><\/td>\n<td><span style=\"font-weight: 400;\">\u0110\u00f3ng g\u00f3i, h\u00e0n k\u00edn (ni\u00eam phong), \u0111\u1ebfm<\/span><\/td>\n<\/tr>\n<tr>\n<td><b>Video ki\u1ec3m tra xu\u1ea5t x\u01b0\u1edfng<\/b><\/td>\n<td><span style=\"font-weight: 400;\">C\u00f3 th\u1ec3 cung c\u1ea5p<\/span><\/td>\n<\/tr>\n<tr>\n<td><b>N\u0103ng su\u1ea5t s\u1ea3n xu\u1ea5t<\/b><\/td>\n<td><span style=\"font-weight: 400;\">20-40 t\u00fai\/ph\u00fat<\/span><\/td>\n<\/tr>\n<tr>\n<td><b>Ch\u1ebf \u0111\u1ed9 v\u1eadn h\u00e0nh<\/b><\/td>\n<td><span style=\"font-weight: 400;\">M\u00e0n h\u00ecnh c\u1ea3m \u1ee9ng<\/span><\/td>\n<\/tr>\n<tr>\n<td><b>Berat badan<\/b><\/td>\n<td><span style=\"font-weight: 400;\">300KG<\/span><\/td>\n<\/tr>\n<tr>\n<td><b>Linh ki\u1ec7n c\u1ed1t l\u00f5i<\/b><\/td>\n<td><b>\u0110\u1ed9ng c\u01a1 (Motor)<\/b><span style=\"font-weight: 400;\">, <\/span><b>PLC<\/b><span style=\"font-weight: 400;\"> (B\u1ed9 \u0111i\u1ec1u khi\u1ec3n logic kh\u1ea3 tr\u00ecnh)<\/span><\/td>\n<\/tr>\n<tr>\n<td><b>Ch\u1ea5t li\u1ec7u s\u1ea3n ph\u1ea9m<\/b><\/td>\n<td><b>Keluli tahan karat<\/b><\/td>\n<\/tr>\n<tr>\n<td><b>Asal<\/b><\/td>\n<td><span style=\"font-weight: 400;\">China<\/span><\/td>\n<\/tr>\n<tr>\n<td><b>Tanda dagangan<\/b><\/td>\n<td><span style=\"font-weight: 400;\">SUMPAH<\/span><\/td>\n<\/tr>\n<tr>\n<td><b>\u0110\u00f3ng g\u00f3i v\u1eadn chuy\u1ec3n<\/b><\/td>\n<td><span style=\"font-weight: 400;\">Th\u00f9ng g\u1ed7<\/span><\/td>\n<\/tr>\n<\/tbody>\n<\/table>\n<h2><span style=\"font-weight: 400;\">Ciri-ciri<\/span><\/h2>\n<p><b>M\u00e1y \u0111\u00f3ng g\u00f3i \u0111\u1ebfm ch\u00ednh x\u00e1c (Precision Counting Packaging Machine)<\/b><span style=\"font-weight: 400;\"> l\u00e0 d\u00f2ng m\u00e1y \u0111\u00f3ng g\u00f3i cao c\u1ea5p k\u1ebft h\u1ee3p c\u00f4ng ngh\u1ec7 <\/span><b>c\u00e2n \u0111\u1ecbnh l\u01b0\u1ee3ng (weighing technology)<\/b><span style=\"font-weight: 400;\"> nh\u1eb1m m\u1ee5c \u0111\u00edch \u0111\u1ea1t \u0111\u01b0\u1ee3c kh\u1ea3 n\u0103ng \u0111\u1ebfm v\u1edbi \u0111\u1ed9 ch\u00ednh x\u00e1c r\u1ea5t cao. M\u00e1y \u0111\u01b0\u1ee3c thi\u1ebft k\u1ebf ch\u1ee7 y\u1ebfu \u0111\u1ec3 gi\u1ea3i quy\u1ebft c\u00e1c v\u1ea5n \u0111\u1ec1 \u0111\u00f3ng g\u00f3i \u0111\u1ebfm s\u1ed1 l\u01b0\u1ee3ng ch\u00ednh x\u00e1c \u0111\u1ed1i v\u1edbi c\u00e1c lo\u1ea1i linh ki\u1ec7n c\u00f3 \u0111\u1eb7c \u0111i\u1ec3m <\/span><b>b\u1ea5t quy t\u1eafc, d\u1ec5 d\u00ednh, trong su\u1ed1t<\/b><span style=\"font-weight: 400;\"> ho\u1eb7c c\u00f3 <\/span><b>k\u00edch th\u01b0\u1edbc c\u1ef1c k\u1ef3 nh\u1ecf<\/b><span style=\"font-weight: 400;\">.<\/span><\/p>\n<h2><span style=\"font-weight: 400;\">Permohonan<\/span><\/h2>\n<p><span style=\"font-weight: 400;\">M\u00e1y n\u00e0y \u0111\u01b0\u1ee3c \u1ee9ng d\u1ee5ng r\u1ed9ng r\u00e3i trong nhi\u1ec1u ng\u00e0nh c\u00f4ng nghi\u1ec7p c\u1ea7n \u0111\u1ed9 ch\u00ednh x\u00e1c cao khi \u0111\u1ebfm v\u00e0 \u0111\u00f3ng g\u00f3i s\u1ea3n ph\u1ea9m:<\/span><\/p>\n<ul>\n<li style=\"font-weight: 400;\" aria-level=\"1\"><b>Ng\u00e0nh C\u00f4ng nghi\u1ec7p \u0110i\u1ec7n t\u1eed:<\/b><span style=\"font-weight: 400;\"> \u0110\u00f3ng g\u00f3i c\u00e1c linh ki\u1ec7n d\u00e1n b\u1ec1 m\u1eb7t <\/span><b>SMT<\/b><span style=\"font-weight: 400;\"> (nh\u01b0 \u0111i\u1ec7n tr\u1edf, t\u1ee5 \u0111i\u1ec7n, cu\u1ed9n c\u1ea3m).<\/span><\/li>\n<li style=\"font-weight: 400;\" aria-level=\"1\"><b>Ng\u00e0nh C\u01a1 kh\u00ed Ch\u00ednh x\u00e1c:<\/b><span style=\"font-weight: 400;\"> \u0110\u1ebfm c\u00e1c lo\u1ea1i <\/span><b>\u1ed1c v\u00edt si\u00eau nh\u1ecf, l\u00f2 xo ch\u00ednh x\u00e1c, chi ti\u1ebft d\u1eadp\/\u0111\u1ed9t<\/b><span style=\"font-weight: 400;\"> (stamping parts).<\/span><\/li>\n<li style=\"font-weight: 400;\" aria-level=\"1\"><b>Ph\u1ee5 t\u00f9ng \u00d4 t\u00f4:<\/b><span style=\"font-weight: 400;\"> \u0110\u00f3ng g\u00f3i <\/span><b>v\u00f2ng \u0111\u1ec7m\/ph\u1edbt nh\u1ecf (small sealing rings), ch\u1ed1t c\u1eafm (pins) d\u1ecb h\u00ecnh, v\u00e0 v\u00f2ng bi nh\u1ecf (small bearings)<\/b><span style=\"font-weight: 400;\">.<\/span><\/li>\n<li style=\"font-weight: 400;\" aria-level=\"1\"><b>Ng\u00e0nh D\u01b0\u1ee3c ph\u1ea9m:<\/b><span style=\"font-weight: 400;\"> Kira <\/span><b>vi\u00ean n\u00e9n, vi\u00ean nang<\/b><span style=\"font-weight: 400;\"> (\u0111\u1eb7c bi\u1ec7t h\u1eefu \u00edch cho vi\u1ec7c ki\u1ec3m so\u00e1t ch\u1ea5t l\u01b0\u1ee3ng b\u1eb1ng ph\u01b0\u01a1ng ph\u00e1p ph\u00e2n t\u00edch kh\u1ed1i l\u01b0\u1ee3ng).<\/span><\/li>\n<li style=\"font-weight: 400;\" aria-level=\"1\"><b>H\u00e0ng kh\u00f4ng V\u0169 tr\u1ee5:<\/b><span style=\"font-weight: 400;\"> Ph\u00e2n chia s\u1ed1 l\u01b0\u1ee3ng c\u00e1c lo\u1ea1i <\/span><b>linh ki\u1ec7n ch\u00ednh x\u00e1c, c\u00f3 gi\u00e1 tr\u1ecb cao, s\u1ea3n xu\u1ea5t theo l\u00f4 nh\u1ecf<\/b><span style=\"font-weight: 400;\">.<\/span><\/li>\n<\/ul>","protected":false},"excerpt":{"rendered":"<p>Trong c\u00e1c ng\u00e0nh s\u1ea3n xu\u1ea5t c\u1ea7n \u0111\u1ed9 ch\u00ednh x\u00e1c cao v\u1ec1 s\u1ed1 l\u01b0\u1ee3ng, nh\u01b0 linh ki\u1ec7n \u0111i\u1ec7n t\u1eed, d\u01b0\u1ee3c ph\u1ea9m, ho\u1eb7c \u0111\u1ed3 ch\u01a1i nh\u1ecf, vi\u1ec7c \u0111\u00f3ng g\u00f3i v\u00e0 \u0111\u1ebfm th\u1ee7 c\u00f4ng lu\u00f4n ti\u1ec1m \u1ea9n r\u1ee7i ro sai s\u00f3t v\u00e0 t\u1ed1n k\u00e9m th\u1eddi gian. <b>M\u00e1y \u0111\u00f3ng g\u00f3i \u0111\u1ebfm ch\u00ednh x\u00e1c<\/b> c\u1ee7a SWOER l\u00e0 gi\u1ea3i ph\u00e1p t\u1ef1 \u0111\u1ed9ng h\u00f3a ho\u00e0n h\u1ea3o. M\u00e1y \u0111\u01b0\u1ee3c trang b\u1ecb c\u00f4ng ngh\u1ec7 c\u1ea3m bi\u1ebfn v\u00e0 h\u1ec7 th\u1ed1ng th\u1ecb gi\u00e1c m\u00e1y ti\u00ean ti\u1ebfn, cho ph\u00e9p \u0111\u1ebfm t\u1eebng s\u1ea3n ph\u1ea9m m\u1ed9t v\u1edbi \u0111\u1ed9 ch\u00ednh x\u00e1c tuy\u1ec7t \u0111\u1ed1i, sau \u0111\u00f3 t\u1ef1 \u0111\u1ed9ng \u0111\u00f3ng g\u00f3i theo s\u1ed1 l\u01b0\u1ee3ng c\u00e0i \u0111\u1eb7t. Gi\u1ea3i ph\u00e1p n\u00e0y kh\u00f4ng ch\u1ec9 lo\u1ea1i b\u1ecf ho\u00e0n to\u00e0n l\u1ed7i \u0111\u1ebfm, m\u00e0 c\u00f2n t\u0103ng t\u1ed1c \u0111\u1ed9 \u0111\u00f3ng g\u00f3i l\u00ean g\u1ea5p nhi\u1ec1u l\u1ea7n, \u0111\u1ea3m b\u1ea3o ch\u1ea5t l\u01b0\u1ee3ng v\u00e0 uy t\u00edn s\u1ea3n ph\u1ea9m c\u1ee7a b\u1ea1n.<\/p>","protected":false},"featured_media":4776,"comment_status":"open","ping_status":"closed","template":"","meta":[],"product_brand":[],"product_cat":[76],"product_tag":[187,186,167,185],"class_list":{"0":"post-4775","1":"product","2":"type-product","3":"status-publish","4":"has-post-thumbnail","6":"product_cat-san-pham-moi","7":"product_tag-he-thong-dong-goi","8":"product_tag-may-dem","9":"product_tag-may-dong-goi","10":"product_tag-may-dong-goi-san-pham","12":"first","13":"instock","14":"shipping-taxable","15":"product-type-simple"},"yoast_head":"<!-- This site is optimized with the Yoast SEO plugin v26.0 - https:\/\/yoast.com\/wordpress\/plugins\/seo\/ -->\n<title>M\u00e1y \u0111\u00f3ng g\u00f3i \u0111\u1ebfm ch\u00ednh x\u00e1c - Nh\u00e0 s\u1ea3n xu\u1ea5t m\u00e1y c\u1ea5p li\u1ec7u c\u00f4ng nghi\u1ec7p<\/title>\n<meta name=\"description\" content=\"M\u00e1y \u0111\u00f3ng g\u00f3i \u0111\u1ebfm ch\u00ednh x\u00e1c SWOER: T\u1ef1 \u0111\u1ed9ng \u0111\u1ebfm v\u00e0 \u0111\u00f3ng g\u00f3i linh ki\u1ec7n, d\u01b0\u1ee3c ph\u1ea9m, v\u1edbi \u0111\u1ed9 ch\u00ednh x\u00e1c tuy\u1ec7t \u0111\u1ed1i. N\u00e2ng cao n\u0103ng su\u1ea5t v\u00e0 lo\u1ea1i b\u1ecf l\u1ed7i \u0111\u1ebfm.\" \/>\n<meta name=\"robots\" content=\"index, follow, max-snippet:-1, max-image-preview:large, max-video-preview:-1\" \/>\n<link rel=\"canonical\" href=\"https:\/\/swoer.vn\/ms\/manufacturer\/may-dong-goi-dem-chinh-xac\/\" \/>\n<meta property=\"og:locale\" content=\"ms_MY\" \/>\n<meta property=\"og:type\" content=\"article\" \/>\n<meta property=\"og:title\" content=\"M\u00e1y \u0111\u00f3ng g\u00f3i \u0111\u1ebfm ch\u00ednh x\u00e1c - Nh\u00e0 s\u1ea3n xu\u1ea5t m\u00e1y c\u1ea5p li\u1ec7u c\u00f4ng nghi\u1ec7p\" \/>\n<meta property=\"og:description\" content=\"M\u00e1y \u0111\u00f3ng g\u00f3i \u0111\u1ebfm ch\u00ednh x\u00e1c SWOER: T\u1ef1 \u0111\u1ed9ng \u0111\u1ebfm v\u00e0 \u0111\u00f3ng g\u00f3i linh ki\u1ec7n, d\u01b0\u1ee3c ph\u1ea9m, v\u1edbi \u0111\u1ed9 ch\u00ednh x\u00e1c tuy\u1ec7t \u0111\u1ed1i. N\u00e2ng cao n\u0103ng su\u1ea5t v\u00e0 lo\u1ea1i b\u1ecf l\u1ed7i \u0111\u1ebfm.\" \/>\n<meta property=\"og:url\" content=\"https:\/\/swoer.vn\/ms\/manufacturer\/may-dong-goi-dem-chinh-xac\/\" \/>\n<meta property=\"og:site_name\" content=\"Nh\u00e0 s\u1ea3n xu\u1ea5t m\u00e1y c\u1ea5p li\u1ec7u c\u00f4ng nghi\u1ec7p\" \/>\n<meta property=\"og:image\" content=\"https:\/\/swoer.vn\/wp-content\/uploads\/2025\/09\/May-dong-goi-dem-chinh-xac.png\" \/>\n\t<meta property=\"og:image:width\" content=\"800\" \/>\n\t<meta property=\"og:image:height\" content=\"800\" \/>\n\t<meta property=\"og:image:type\" content=\"image\/png\" \/>\n<meta name=\"twitter:card\" content=\"summary_large_image\" \/>\n<meta name=\"twitter:label1\" content=\"Est. reading time\" \/>\n\t<meta name=\"twitter:data1\" content=\"2 minit\" \/>\n<script type=\"application\/ld+json\" class=\"yoast-schema-graph\">{\"@context\":\"https:\/\/schema.org\",\"@graph\":[{\"@type\":\"WebPage\",\"@id\":\"https:\/\/swoer.vn\/manufacturer\/may-dong-goi-dem-chinh-xac\/\",\"url\":\"https:\/\/swoer.vn\/manufacturer\/may-dong-goi-dem-chinh-xac\/\",\"name\":\"M\u00e1y \u0111\u00f3ng g\u00f3i \u0111\u1ebfm ch\u00ednh x\u00e1c - Nh\u00e0 s\u1ea3n xu\u1ea5t m\u00e1y c\u1ea5p li\u1ec7u c\u00f4ng nghi\u1ec7p\",\"isPartOf\":{\"@id\":\"https:\/\/swoer.vn\/#website\"},\"primaryImageOfPage\":{\"@id\":\"https:\/\/swoer.vn\/manufacturer\/may-dong-goi-dem-chinh-xac\/#primaryimage\"},\"image\":{\"@id\":\"https:\/\/swoer.vn\/manufacturer\/may-dong-goi-dem-chinh-xac\/#primaryimage\"},\"thumbnailUrl\":\"https:\/\/swoer.vn\/wp-content\/uploads\/2025\/09\/May-dong-goi-dem-chinh-xac.png\",\"datePublished\":\"2025-09-26T02:30:43+00:00\",\"description\":\"M\u00e1y \u0111\u00f3ng g\u00f3i \u0111\u1ebfm ch\u00ednh x\u00e1c SWOER: T\u1ef1 \u0111\u1ed9ng \u0111\u1ebfm v\u00e0 \u0111\u00f3ng g\u00f3i linh ki\u1ec7n, d\u01b0\u1ee3c ph\u1ea9m, v\u1edbi \u0111\u1ed9 ch\u00ednh x\u00e1c tuy\u1ec7t \u0111\u1ed1i. N\u00e2ng cao n\u0103ng su\u1ea5t v\u00e0 lo\u1ea1i b\u1ecf l\u1ed7i \u0111\u1ebfm.\",\"breadcrumb\":{\"@id\":\"https:\/\/swoer.vn\/manufacturer\/may-dong-goi-dem-chinh-xac\/#breadcrumb\"},\"inLanguage\":\"ms-MY\",\"potentialAction\":[{\"@type\":\"ReadAction\",\"target\":[\"https:\/\/swoer.vn\/manufacturer\/may-dong-goi-dem-chinh-xac\/\"]}]},{\"@type\":\"ImageObject\",\"inLanguage\":\"ms-MY\",\"@id\":\"https:\/\/swoer.vn\/manufacturer\/may-dong-goi-dem-chinh-xac\/#primaryimage\",\"url\":\"https:\/\/swoer.vn\/wp-content\/uploads\/2025\/09\/May-dong-goi-dem-chinh-xac.png\",\"contentUrl\":\"https:\/\/swoer.vn\/wp-content\/uploads\/2025\/09\/May-dong-goi-dem-chinh-xac.png\",\"width\":800,\"height\":800,\"caption\":\"Ma\u0301y \u0111o\u0301ng go\u0301i \u0111e\u0302\u0301m chi\u0301nh xa\u0301c\"},{\"@type\":\"BreadcrumbList\",\"@id\":\"https:\/\/swoer.vn\/manufacturer\/may-dong-goi-dem-chinh-xac\/#breadcrumb\",\"itemListElement\":[{\"@type\":\"ListItem\",\"position\":1,\"name\":\"Home\",\"item\":\"https:\/\/swoer.vn\/\"},{\"@type\":\"ListItem\",\"position\":2,\"name\":\"S\u1ea3n ph\u1ea9m\",\"item\":\"https:\/\/swoer.vn\/shop\/\"},{\"@type\":\"ListItem\",\"position\":3,\"name\":\"M\u00e1y \u0111\u00f3ng g\u00f3i \u0111\u1ebfm ch\u00ednh x\u00e1c\"}]},{\"@type\":\"WebSite\",\"@id\":\"https:\/\/swoer.vn\/#website\",\"url\":\"https:\/\/swoer.vn\/\",\"name\":\"Nh\u00e0 s\u1ea3n xu\u1ea5t m\u00e1y c\u1ea5p li\u1ec7u c\u00f4ng nghi\u1ec7p\",\"description\":\"Nh\u00e0 cung c\u1ea5p robot, m\u00e1y c\u1ea5p li\u1ec7u linh ho\u1ea1t, m\u00e1y c\u1ea5p li\u1ec7u ly t\u00e2m, m\u00e1y c\u1ea5p li\u1ec7u rung t\u1ef1 \u0111\u1ed9ng\",\"potentialAction\":[{\"@type\":\"SearchAction\",\"target\":{\"@type\":\"EntryPoint\",\"urlTemplate\":\"https:\/\/swoer.vn\/?s={search_term_string}\"},\"query-input\":{\"@type\":\"PropertyValueSpecification\",\"valueRequired\":true,\"valueName\":\"search_term_string\"}}],\"inLanguage\":\"ms-MY\"}]}<\/script>\n<!-- \/ Yoast SEO plugin. -->","yoast_head_json":{"title":"M\u00e1y \u0111\u00f3ng g\u00f3i \u0111\u1ebfm ch\u00ednh x\u00e1c - Nh\u00e0 s\u1ea3n xu\u1ea5t m\u00e1y c\u1ea5p li\u1ec7u c\u00f4ng nghi\u1ec7p","description":"M\u00e1y \u0111\u00f3ng g\u00f3i \u0111\u1ebfm ch\u00ednh x\u00e1c SWOER: T\u1ef1 \u0111\u1ed9ng \u0111\u1ebfm v\u00e0 \u0111\u00f3ng g\u00f3i linh ki\u1ec7n, d\u01b0\u1ee3c ph\u1ea9m, v\u1edbi \u0111\u1ed9 ch\u00ednh x\u00e1c tuy\u1ec7t \u0111\u1ed1i. N\u00e2ng cao n\u0103ng su\u1ea5t v\u00e0 lo\u1ea1i b\u1ecf l\u1ed7i \u0111\u1ebfm.","robots":{"index":"index","follow":"follow","max-snippet":"max-snippet:-1","max-image-preview":"max-image-preview:large","max-video-preview":"max-video-preview:-1"},"canonical":"https:\/\/swoer.vn\/ms\/manufacturer\/may-dong-goi-dem-chinh-xac\/","og_locale":"ms_MY","og_type":"article","og_title":"M\u00e1y \u0111\u00f3ng g\u00f3i \u0111\u1ebfm ch\u00ednh x\u00e1c - Nh\u00e0 s\u1ea3n xu\u1ea5t m\u00e1y c\u1ea5p li\u1ec7u c\u00f4ng nghi\u1ec7p","og_description":"M\u00e1y \u0111\u00f3ng g\u00f3i \u0111\u1ebfm ch\u00ednh x\u00e1c SWOER: T\u1ef1 \u0111\u1ed9ng \u0111\u1ebfm v\u00e0 \u0111\u00f3ng g\u00f3i linh ki\u1ec7n, d\u01b0\u1ee3c ph\u1ea9m, v\u1edbi \u0111\u1ed9 ch\u00ednh x\u00e1c tuy\u1ec7t \u0111\u1ed1i. N\u00e2ng cao n\u0103ng su\u1ea5t v\u00e0 lo\u1ea1i b\u1ecf l\u1ed7i \u0111\u1ebfm.","og_url":"https:\/\/swoer.vn\/ms\/manufacturer\/may-dong-goi-dem-chinh-xac\/","og_site_name":"Nh\u00e0 s\u1ea3n xu\u1ea5t m\u00e1y c\u1ea5p li\u1ec7u c\u00f4ng nghi\u1ec7p","og_image":[{"width":800,"height":800,"url":"https:\/\/swoer.vn\/wp-content\/uploads\/2025\/09\/May-dong-goi-dem-chinh-xac.png","type":"image\/png"}],"twitter_card":"summary_large_image","twitter_misc":{"Est. reading time":"2 minit"},"schema":{"@context":"https:\/\/schema.org","@graph":[{"@type":"WebPage","@id":"https:\/\/swoer.vn\/manufacturer\/may-dong-goi-dem-chinh-xac\/","url":"https:\/\/swoer.vn\/manufacturer\/may-dong-goi-dem-chinh-xac\/","name":"M\u00e1y \u0111\u00f3ng g\u00f3i \u0111\u1ebfm ch\u00ednh x\u00e1c - Nh\u00e0 s\u1ea3n xu\u1ea5t m\u00e1y c\u1ea5p li\u1ec7u c\u00f4ng nghi\u1ec7p","isPartOf":{"@id":"https:\/\/swoer.vn\/#website"},"primaryImageOfPage":{"@id":"https:\/\/swoer.vn\/manufacturer\/may-dong-goi-dem-chinh-xac\/#primaryimage"},"image":{"@id":"https:\/\/swoer.vn\/manufacturer\/may-dong-goi-dem-chinh-xac\/#primaryimage"},"thumbnailUrl":"https:\/\/swoer.vn\/wp-content\/uploads\/2025\/09\/May-dong-goi-dem-chinh-xac.png","datePublished":"2025-09-26T02:30:43+00:00","description":"M\u00e1y \u0111\u00f3ng g\u00f3i \u0111\u1ebfm ch\u00ednh x\u00e1c SWOER: T\u1ef1 \u0111\u1ed9ng \u0111\u1ebfm v\u00e0 \u0111\u00f3ng g\u00f3i linh ki\u1ec7n, d\u01b0\u1ee3c ph\u1ea9m, v\u1edbi \u0111\u1ed9 ch\u00ednh x\u00e1c tuy\u1ec7t \u0111\u1ed1i. N\u00e2ng cao n\u0103ng su\u1ea5t v\u00e0 lo\u1ea1i b\u1ecf l\u1ed7i \u0111\u1ebfm.","breadcrumb":{"@id":"https:\/\/swoer.vn\/manufacturer\/may-dong-goi-dem-chinh-xac\/#breadcrumb"},"inLanguage":"ms-MY","potentialAction":[{"@type":"ReadAction","target":["https:\/\/swoer.vn\/manufacturer\/may-dong-goi-dem-chinh-xac\/"]}]},{"@type":"ImageObject","inLanguage":"ms-MY","@id":"https:\/\/swoer.vn\/manufacturer\/may-dong-goi-dem-chinh-xac\/#primaryimage","url":"https:\/\/swoer.vn\/wp-content\/uploads\/2025\/09\/May-dong-goi-dem-chinh-xac.png","contentUrl":"https:\/\/swoer.vn\/wp-content\/uploads\/2025\/09\/May-dong-goi-dem-chinh-xac.png","width":800,"height":800,"caption":"Ma\u0301y \u0111o\u0301ng go\u0301i \u0111e\u0302\u0301m chi\u0301nh xa\u0301c"},{"@type":"BreadcrumbList","@id":"https:\/\/swoer.vn\/manufacturer\/may-dong-goi-dem-chinh-xac\/#breadcrumb","itemListElement":[{"@type":"ListItem","position":1,"name":"Home","item":"https:\/\/swoer.vn\/"},{"@type":"ListItem","position":2,"name":"S\u1ea3n ph\u1ea9m","item":"https:\/\/swoer.vn\/shop\/"},{"@type":"ListItem","position":3,"name":"M\u00e1y \u0111\u00f3ng g\u00f3i \u0111\u1ebfm ch\u00ednh x\u00e1c"}]},{"@type":"WebSite","@id":"https:\/\/swoer.vn\/#website","url":"https:\/\/swoer.vn\/","name":"Pengeluar Pengumpan Perindustrian","description":"Pembekal robot, penyuap fleksibel, penyuap emparan, penyuap bergetar automatik","potentialAction":[{"@type":"SearchAction","target":{"@type":"EntryPoint","urlTemplate":"https:\/\/swoer.vn\/?s={search_term_string}"},"query-input":{"@type":"PropertyValueSpecification","valueRequired":true,"valueName":"search_term_string"}}],"inLanguage":"ms-MY"}]}},"_links":{"self":[{"href":"https:\/\/swoer.vn\/ms\/wp-json\/wp\/v2\/product\/4775","targetHints":{"allow":["GET"]}}],"collection":[{"href":"https:\/\/swoer.vn\/ms\/wp-json\/wp\/v2\/product"}],"about":[{"href":"https:\/\/swoer.vn\/ms\/wp-json\/wp\/v2\/types\/product"}],"replies":[{"embeddable":true,"href":"https:\/\/swoer.vn\/ms\/wp-json\/wp\/v2\/comments?post=4775"}],"wp:featuredmedia":[{"embeddable":true,"href":"https:\/\/swoer.vn\/ms\/wp-json\/wp\/v2\/media\/4776"}],"wp:attachment":[{"href":"https:\/\/swoer.vn\/ms\/wp-json\/wp\/v2\/media?parent=4775"}],"wp:term":[{"taxonomy":"product_brand","embeddable":true,"href":"https:\/\/swoer.vn\/ms\/wp-json\/wp\/v2\/product_brand?post=4775"},{"taxonomy":"product_cat","embeddable":true,"href":"https:\/\/swoer.vn\/ms\/wp-json\/wp\/v2\/product_cat?post=4775"},{"taxonomy":"product_tag","embeddable":true,"href":"https:\/\/swoer.vn\/ms\/wp-json\/wp\/v2\/product_tag?post=4775"}],"curies":[{"name":"wp","href":"https:\/\/api.w.org\/{rel}","templated":true}]}}