{"id":4742,"date":"2025-09-24T16:21:38","date_gmt":"2025-09-24T09:21:38","guid":{"rendered":"https:\/\/swoer.vn\/?post_type=product&#038;p=4742"},"modified":"2025-09-24T16:21:38","modified_gmt":"2025-09-24T09:21:38","slug":"may-lap-rap-cuon-day-dien-tu-dong","status":"publish","type":"product","link":"https:\/\/swoer.vn\/ms\/manufacturer\/may-lap-rap-cuon-day-dien-tu-dong\/","title":{"rendered":"M\u00e1y l\u1eafp r\u00e1p cu\u1ed9n d\u00e2y \u0111i\u1ec7n t\u1ef1 \u0111\u1ed9ng"},"content":{"rendered":"<h2><span style=\"font-weight: 400;\">Spesifikasi produk:<\/span><\/h2>\n<table>\n<tbody>\n<tr>\n<td><span style=\"font-weight: 400;\">Ch\u1ebf \u0111\u1ed9 v\u1eadn h\u00e0nh<\/span><\/td>\n<td><span style=\"font-weight: 400;\">B\u00e1n t\u1ef1 \u0111\u1ed9ng<\/span><\/td>\n<\/tr>\n<tr>\n<td><span style=\"font-weight: 400;\">Voltan masukan<\/span><\/td>\n<td><span style=\"font-weight: 400;\">AC-220V<\/span><\/td>\n<\/tr>\n<tr>\n<td><span style=\"font-weight: 400;\">Berat badan<\/span><\/td>\n<td><span style=\"font-weight: 400;\">35kg<\/span><\/td>\n<\/tr>\n<tr>\n<td><span style=\"font-weight: 400;\">Kapasiti<\/span><\/td>\n<td><span style=\"font-weight: 400;\">0.3kW<\/span><\/td>\n<\/tr>\n<tr>\n<td><span style=\"font-weight: 400;\">Asal<\/span><\/td>\n<td><span style=\"font-weight: 400;\">China<\/span><\/td>\n<\/tr>\n<tr>\n<td><span style=\"font-weight: 400;\">Tanda dagangan<\/span><\/td>\n<td><span style=\"font-weight: 400;\">SUMPAH<\/span><\/td>\n<\/tr>\n<tr>\n<td><span style=\"font-weight: 400;\">Lo\u1ea1i d\u00e2y bu\u1ed9c \u00e1p d\u1ee5ng<\/span><\/td>\n<td><span style=\"font-weight: 400;\">C\u00e1c lo\u1ea1i d\u00e2y \u0111i\u1ec7n l\u00f5i b\u1eb1ng \u0111\u1ed3ng, nh\u00f4m<\/span><\/td>\n<\/tr>\n<tr>\n<td><span style=\"font-weight: 400;\">T\u00f9y ch\u1ec9nh<\/span><\/td>\n<td><span style=\"font-weight: 400;\">C\u00f3 s\u1eb5n<\/span><\/td>\n<\/tr>\n<tr>\n<td><span style=\"font-weight: 400;\">Ph\u1ea1m vi b\u00f3<\/span><\/td>\n<td><span style=\"font-weight: 400;\">10-55mm<\/span><\/td>\n<\/tr>\n<tr>\n<td><span style=\"font-weight: 400;\">S\u1ed1 l\u01b0\u1ee3ng d\u00e2y bu\u1ed9c xo\u1eafn<\/span><\/td>\n<td><span style=\"font-weight: 400;\">2-8<\/span><\/td>\n<\/tr>\n<tr>\n<td><span style=\"font-weight: 400;\">S\u1ed1 l\u01b0\u1ee3ng v\u00f2ng qu\u1ea5n<\/span><\/td>\n<td><span style=\"font-weight: 400;\">1-99<\/span><\/td>\n<\/tr>\n<tr>\n<td><span style=\"font-weight: 400;\">Chi\u1ec1u d\u00e0i b\u00f3<\/span><\/td>\n<td><span style=\"font-weight: 400;\">60-240mm<\/span><\/td>\n<\/tr>\n<tr>\n<td><span style=\"font-weight: 400;\">Hi\u1ec7u su\u1ea5t b\u00f3<\/span><\/td>\n<td><span style=\"font-weight: 400;\">1 gi\u00e2y\/v\u00f2ng<\/span><\/td>\n<\/tr>\n<tr>\n<td><span style=\"font-weight: 400;\">B\u1ea3ng \u0111i\u1ec1u khi\u1ec3n<\/span><\/td>\n<td><span style=\"font-weight: 400;\">M\u00e0n h\u00ecnh c\u1ea3m \u1ee9ng<\/span><\/td>\n<\/tr>\n<tr>\n<td><span style=\"font-weight: 400;\">Saiz<\/span><\/td>\n<td><span style=\"font-weight: 400;\">450 * 500 * 510 mm<\/span><\/td>\n<\/tr>\n<tr>\n<td><span style=\"font-weight: 400;\">Jaminan<\/span><\/td>\n<td><span style=\"font-weight: 400;\">satu tahun<\/span><\/td>\n<\/tr>\n<\/tbody>\n<\/table>\n<h2><span style=\"font-weight: 400;\">Prinsip kerja:<\/span><\/h2>\n<p><span style=\"font-weight: 400;\">M\u00e1y cu\u1ed9n v\u00e0 b\u00f3 d\u00e2y v\u00e0 c\u00e1p t\u1ef1 \u0111\u1ed9ng: D\u00f9ng \u0111\u1ec3 cu\u1ed9n v\u00e0 b\u00f3 d\u00e2y \u0111i\u1ec7n, c\u00e1p, \u1ed1ng m\u1ec1m v\u00e0 c\u00e1c s\u1ea3n ph\u1ea9m tuy\u1ebfn t\u00ednh kh\u00e1c th\u00e0nh cu\u1ed9n ho\u1eb7c b\u00f3 g\u1ecdn g\u00e0ng, d\u1ec5 d\u00e0ng v\u1eadn chuy\u1ec3n, l\u01b0u tr\u1eef v\u00e0 ph\u00e2n ph\u1ed1i. M\u00e1y mang l\u1ea1i s\u1ef1 c\u00e2n b\u1eb1ng l\u00fd t\u01b0\u1edfng gi\u1eefa hi\u1ec7u su\u1ea5t, chi ph\u00ed v\u00e0 t\u00ednh linh ho\u1ea1t. M\u00e1y c\u01a1 gi\u1edbi h\u00f3a quy tr\u00ecnh qu\u1ea5n v\u1ed1n t\u1ed1n nhi\u1ec1u th\u1eddi gian v\u00e0 c\u00f4ng s\u1ee9c nh\u1ea5t, \u0111\u1ed3ng th\u1eddi v\u1eabn gi\u1eef \u0111\u01b0\u1ee3c t\u00ednh linh ho\u1ea1t c\u1ee7a vi\u1ec7c b\u1ed1c x\u1ebfp th\u1ee7 c\u00f4ng v\u00e0 b\u00f3 cu\u1ed1i c\u00f9ng. L\u00fd t\u01b0\u1edfng cho s\u1ea3n xu\u1ea5t quy m\u00f4 v\u1eeba v\u00e0 nh\u1ecf v\u1edbi nhi\u1ec1u th\u00f4ng s\u1ed1 k\u1ef9 thu\u1eadt, m\u00e1y l\u00e0 thi\u1ebft b\u1ecb \u0111\u01b0\u1ee3c c\u00e1c c\u00f4ng ty hi\u1ec7n \u0111\u1ea1i h\u00f3a d\u00e2y chuy\u1ec1n s\u1ea3n xu\u1ea5t v\u00e0 c\u1ea3i thi\u1ec7n ch\u1ea5t l\u01b0\u1ee3ng bao b\u00ec \u01b0a chu\u1ed9ng.<\/span><\/p>","protected":false},"excerpt":{"rendered":"<p>Trong ng\u00e0nh s\u1ea3n xu\u1ea5t \u0111i\u1ec7n t\u1eed v\u00e0 thi\u1ebft b\u1ecb \u0111i\u1ec7n, vi\u1ec7c l\u1eafp r\u00e1p c\u00e1c cu\u1ed9n d\u00e2y l\u00e0 m\u1ed9t c\u00f4ng \u0111o\u1ea1n \u0111\u00f2i h\u1ecfi s\u1ef1 t\u1ec9 m\u1ec9 v\u00e0 ch\u00ednh x\u00e1c cao \u0111\u1ec3 \u0111\u1ea3m b\u1ea3o hi\u1ec7u su\u1ea5t ho\u1ea1t \u0111\u1ed9ng. <b>M\u00e1y l\u1eafp r\u00e1p cu\u1ed9n d\u00e2y \u0111i\u1ec7n t\u1ef1 \u0111\u1ed9ng<\/b> c\u1ee7a SWOER l\u00e0 gi\u1ea3i ph\u00e1p chuy\u00ean bi\u1ec7t. M\u00e1y \u0111\u01b0\u1ee3c thi\u1ebft k\u1ebf \u0111\u1ec3 t\u1ef1 \u0111\u1ed9ng h\u00f3a to\u00e0n b\u1ed9 quy tr\u00ecnh n\u00e0y, t\u1eeb c\u1ea5p d\u00e2y, \u0111\u1ecbnh v\u1ecb l\u00f5i \u0111\u1ebfn qu\u1ea5n v\u00e0 c\u1ed1 \u0111\u1ecbnh cu\u1ed9n d\u00e2y. Gi\u1ea3i ph\u00e1p n\u00e0y gi\u00fap lo\u1ea1i b\u1ecf sai s\u00f3t do con ng\u01b0\u1eddi, \u0111\u1ed3ng th\u1eddi n\u00e2ng cao n\u0103ng su\u1ea5t, \u0111\u1ea3m b\u1ea3o ch\u1ea5t l\u01b0\u1ee3ng s\u1ea3n ph\u1ea9m \u0111\u1ed3ng nh\u1ea5t v\u00e0 t\u1ed1i \u01b0u h\u00f3a chi ph\u00ed s\u1ea3n xu\u1ea5t.<\/p>","protected":false},"featured_media":4743,"comment_status":"open","ping_status":"closed","template":"","meta":[],"product_brand":[],"product_cat":[142],"product_tag":[178,183,182,140],"class_list":{"0":"post-4742","1":"product","2":"type-product","3":"status-publish","4":"has-post-thumbnail","6":"product_cat-may-lap-rap-tu-dong","7":"product_tag-lap-rap-tu-dong-hoa","8":"product_tag-may-cuon-cap-tu-dong","9":"product_tag-may-lap-rap-ban-tu-dong","10":"product_tag-may-lap-rap-tu-dong","12":"first","13":"instock","14":"shipping-taxable","15":"product-type-simple"},"yoast_head":"<!-- This site is optimized with the Yoast SEO plugin v26.0 - https:\/\/yoast.com\/wordpress\/plugins\/seo\/ -->\n<title>M\u00e1y l\u1eafp r\u00e1p cu\u1ed9n d\u00e2y \u0111i\u1ec7n t\u1ef1 \u0111\u1ed9ng - Nh\u00e0 s\u1ea3n xu\u1ea5t m\u00e1y c\u1ea5p li\u1ec7u c\u00f4ng nghi\u1ec7p<\/title>\n<meta name=\"description\" content=\"M\u00e1y l\u1eafp r\u00e1p cu\u1ed9n d\u00e2y \u0111i\u1ec7n t\u1ef1 \u0111\u1ed9ng SWOER: T\u1ef1 \u0111\u1ed9ng h\u00f3a quy tr\u00ecnh qu\u1ea5n v\u00e0 l\u1eafp d\u00e2y, n\u00e2ng cao n\u0103ng su\u1ea5t, \u0111\u1ea3m b\u1ea3o \u0111\u1ed9 ch\u00ednh x\u00e1c v\u00e0 ch\u1ea5t l\u01b0\u1ee3ng s\u1ea3n ph\u1ea9m.\" \/>\n<meta name=\"robots\" content=\"index, follow, max-snippet:-1, max-image-preview:large, max-video-preview:-1\" \/>\n<link rel=\"canonical\" href=\"https:\/\/swoer.vn\/ms\/manufacturer\/may-lap-rap-cuon-day-dien-tu-dong\/\" \/>\n<meta property=\"og:locale\" content=\"ms_MY\" \/>\n<meta property=\"og:type\" content=\"article\" \/>\n<meta property=\"og:title\" content=\"M\u00e1y l\u1eafp r\u00e1p cu\u1ed9n d\u00e2y \u0111i\u1ec7n t\u1ef1 \u0111\u1ed9ng - Nh\u00e0 s\u1ea3n xu\u1ea5t m\u00e1y c\u1ea5p li\u1ec7u c\u00f4ng nghi\u1ec7p\" \/>\n<meta property=\"og:description\" content=\"M\u00e1y l\u1eafp r\u00e1p cu\u1ed9n d\u00e2y \u0111i\u1ec7n t\u1ef1 \u0111\u1ed9ng SWOER: T\u1ef1 \u0111\u1ed9ng h\u00f3a quy tr\u00ecnh qu\u1ea5n v\u00e0 l\u1eafp d\u00e2y, n\u00e2ng cao n\u0103ng su\u1ea5t, \u0111\u1ea3m b\u1ea3o \u0111\u1ed9 ch\u00ednh x\u00e1c v\u00e0 ch\u1ea5t l\u01b0\u1ee3ng s\u1ea3n ph\u1ea9m.\" \/>\n<meta property=\"og:url\" content=\"https:\/\/swoer.vn\/ms\/manufacturer\/may-lap-rap-cuon-day-dien-tu-dong\/\" \/>\n<meta property=\"og:site_name\" content=\"Nh\u00e0 s\u1ea3n xu\u1ea5t m\u00e1y c\u1ea5p li\u1ec7u c\u00f4ng nghi\u1ec7p\" \/>\n<meta property=\"og:image\" content=\"https:\/\/swoer.vn\/wp-content\/uploads\/2025\/09\/May-lap-rap-cuon-day-dien-tu-dong.png\" \/>\n\t<meta property=\"og:image:width\" content=\"800\" \/>\n\t<meta property=\"og:image:height\" content=\"800\" \/>\n\t<meta property=\"og:image:type\" content=\"image\/png\" \/>\n<meta name=\"twitter:card\" content=\"summary_large_image\" \/>\n<meta name=\"twitter:label1\" content=\"Est. reading time\" \/>\n\t<meta name=\"twitter:data1\" content=\"2 minit\" \/>\n<script type=\"application\/ld+json\" class=\"yoast-schema-graph\">{\"@context\":\"https:\/\/schema.org\",\"@graph\":[{\"@type\":\"WebPage\",\"@id\":\"https:\/\/swoer.vn\/manufacturer\/may-lap-rap-cuon-day-dien-tu-dong\/\",\"url\":\"https:\/\/swoer.vn\/manufacturer\/may-lap-rap-cuon-day-dien-tu-dong\/\",\"name\":\"M\u00e1y l\u1eafp r\u00e1p cu\u1ed9n d\u00e2y \u0111i\u1ec7n t\u1ef1 \u0111\u1ed9ng - Nh\u00e0 s\u1ea3n xu\u1ea5t m\u00e1y c\u1ea5p li\u1ec7u c\u00f4ng nghi\u1ec7p\",\"isPartOf\":{\"@id\":\"https:\/\/swoer.vn\/#website\"},\"primaryImageOfPage\":{\"@id\":\"https:\/\/swoer.vn\/manufacturer\/may-lap-rap-cuon-day-dien-tu-dong\/#primaryimage\"},\"image\":{\"@id\":\"https:\/\/swoer.vn\/manufacturer\/may-lap-rap-cuon-day-dien-tu-dong\/#primaryimage\"},\"thumbnailUrl\":\"https:\/\/swoer.vn\/wp-content\/uploads\/2025\/09\/May-lap-rap-cuon-day-dien-tu-dong.png\",\"datePublished\":\"2025-09-24T09:21:38+00:00\",\"description\":\"M\u00e1y l\u1eafp r\u00e1p cu\u1ed9n d\u00e2y \u0111i\u1ec7n t\u1ef1 \u0111\u1ed9ng SWOER: T\u1ef1 \u0111\u1ed9ng h\u00f3a quy tr\u00ecnh qu\u1ea5n v\u00e0 l\u1eafp d\u00e2y, n\u00e2ng cao n\u0103ng su\u1ea5t, \u0111\u1ea3m b\u1ea3o \u0111\u1ed9 ch\u00ednh x\u00e1c v\u00e0 ch\u1ea5t l\u01b0\u1ee3ng s\u1ea3n ph\u1ea9m.\",\"breadcrumb\":{\"@id\":\"https:\/\/swoer.vn\/manufacturer\/may-lap-rap-cuon-day-dien-tu-dong\/#breadcrumb\"},\"inLanguage\":\"ms-MY\",\"potentialAction\":[{\"@type\":\"ReadAction\",\"target\":[\"https:\/\/swoer.vn\/manufacturer\/may-lap-rap-cuon-day-dien-tu-dong\/\"]}]},{\"@type\":\"ImageObject\",\"inLanguage\":\"ms-MY\",\"@id\":\"https:\/\/swoer.vn\/manufacturer\/may-lap-rap-cuon-day-dien-tu-dong\/#primaryimage\",\"url\":\"https:\/\/swoer.vn\/wp-content\/uploads\/2025\/09\/May-lap-rap-cuon-day-dien-tu-dong.png\",\"contentUrl\":\"https:\/\/swoer.vn\/wp-content\/uploads\/2025\/09\/May-lap-rap-cuon-day-dien-tu-dong.png\",\"width\":800,\"height\":800,\"caption\":\"Ma\u0301y la\u0306\u0301p ra\u0301p cuo\u0323\u0302n da\u0302y \u0111ie\u0323\u0302n tu\u031b\u0323 \u0111o\u0323\u0302ng\"},{\"@type\":\"BreadcrumbList\",\"@id\":\"https:\/\/swoer.vn\/manufacturer\/may-lap-rap-cuon-day-dien-tu-dong\/#breadcrumb\",\"itemListElement\":[{\"@type\":\"ListItem\",\"position\":1,\"name\":\"Home\",\"item\":\"https:\/\/swoer.vn\/\"},{\"@type\":\"ListItem\",\"position\":2,\"name\":\"S\u1ea3n ph\u1ea9m\",\"item\":\"https:\/\/swoer.vn\/shop\/\"},{\"@type\":\"ListItem\",\"position\":3,\"name\":\"M\u00e1y l\u1eafp r\u00e1p cu\u1ed9n d\u00e2y \u0111i\u1ec7n t\u1ef1 \u0111\u1ed9ng\"}]},{\"@type\":\"WebSite\",\"@id\":\"https:\/\/swoer.vn\/#website\",\"url\":\"https:\/\/swoer.vn\/\",\"name\":\"Nh\u00e0 s\u1ea3n xu\u1ea5t m\u00e1y c\u1ea5p li\u1ec7u c\u00f4ng nghi\u1ec7p\",\"description\":\"Nh\u00e0 cung c\u1ea5p robot, m\u00e1y c\u1ea5p li\u1ec7u linh ho\u1ea1t, m\u00e1y c\u1ea5p li\u1ec7u ly t\u00e2m, m\u00e1y c\u1ea5p li\u1ec7u rung t\u1ef1 \u0111\u1ed9ng\",\"potentialAction\":[{\"@type\":\"SearchAction\",\"target\":{\"@type\":\"EntryPoint\",\"urlTemplate\":\"https:\/\/swoer.vn\/?s={search_term_string}\"},\"query-input\":{\"@type\":\"PropertyValueSpecification\",\"valueRequired\":true,\"valueName\":\"search_term_string\"}}],\"inLanguage\":\"ms-MY\"}]}<\/script>\n<!-- \/ Yoast SEO plugin. -->","yoast_head_json":{"title":"M\u00e1y l\u1eafp r\u00e1p cu\u1ed9n d\u00e2y \u0111i\u1ec7n t\u1ef1 \u0111\u1ed9ng - Nh\u00e0 s\u1ea3n xu\u1ea5t m\u00e1y c\u1ea5p li\u1ec7u c\u00f4ng nghi\u1ec7p","description":"M\u00e1y l\u1eafp r\u00e1p cu\u1ed9n d\u00e2y \u0111i\u1ec7n t\u1ef1 \u0111\u1ed9ng SWOER: T\u1ef1 \u0111\u1ed9ng h\u00f3a quy tr\u00ecnh qu\u1ea5n v\u00e0 l\u1eafp d\u00e2y, n\u00e2ng cao n\u0103ng su\u1ea5t, \u0111\u1ea3m b\u1ea3o \u0111\u1ed9 ch\u00ednh x\u00e1c v\u00e0 ch\u1ea5t l\u01b0\u1ee3ng s\u1ea3n ph\u1ea9m.","robots":{"index":"index","follow":"follow","max-snippet":"max-snippet:-1","max-image-preview":"max-image-preview:large","max-video-preview":"max-video-preview:-1"},"canonical":"https:\/\/swoer.vn\/ms\/manufacturer\/may-lap-rap-cuon-day-dien-tu-dong\/","og_locale":"ms_MY","og_type":"article","og_title":"M\u00e1y l\u1eafp r\u00e1p cu\u1ed9n d\u00e2y \u0111i\u1ec7n t\u1ef1 \u0111\u1ed9ng - Nh\u00e0 s\u1ea3n xu\u1ea5t m\u00e1y c\u1ea5p li\u1ec7u c\u00f4ng nghi\u1ec7p","og_description":"M\u00e1y l\u1eafp r\u00e1p cu\u1ed9n d\u00e2y \u0111i\u1ec7n t\u1ef1 \u0111\u1ed9ng SWOER: T\u1ef1 \u0111\u1ed9ng h\u00f3a quy tr\u00ecnh qu\u1ea5n v\u00e0 l\u1eafp d\u00e2y, n\u00e2ng cao n\u0103ng su\u1ea5t, \u0111\u1ea3m b\u1ea3o \u0111\u1ed9 ch\u00ednh x\u00e1c v\u00e0 ch\u1ea5t l\u01b0\u1ee3ng s\u1ea3n ph\u1ea9m.","og_url":"https:\/\/swoer.vn\/ms\/manufacturer\/may-lap-rap-cuon-day-dien-tu-dong\/","og_site_name":"Nh\u00e0 s\u1ea3n xu\u1ea5t m\u00e1y c\u1ea5p li\u1ec7u c\u00f4ng nghi\u1ec7p","og_image":[{"width":800,"height":800,"url":"https:\/\/swoer.vn\/wp-content\/uploads\/2025\/09\/May-lap-rap-cuon-day-dien-tu-dong.png","type":"image\/png"}],"twitter_card":"summary_large_image","twitter_misc":{"Est. reading time":"2 minit"},"schema":{"@context":"https:\/\/schema.org","@graph":[{"@type":"WebPage","@id":"https:\/\/swoer.vn\/manufacturer\/may-lap-rap-cuon-day-dien-tu-dong\/","url":"https:\/\/swoer.vn\/manufacturer\/may-lap-rap-cuon-day-dien-tu-dong\/","name":"M\u00e1y l\u1eafp r\u00e1p cu\u1ed9n d\u00e2y \u0111i\u1ec7n t\u1ef1 \u0111\u1ed9ng - Nh\u00e0 s\u1ea3n xu\u1ea5t m\u00e1y c\u1ea5p li\u1ec7u c\u00f4ng nghi\u1ec7p","isPartOf":{"@id":"https:\/\/swoer.vn\/#website"},"primaryImageOfPage":{"@id":"https:\/\/swoer.vn\/manufacturer\/may-lap-rap-cuon-day-dien-tu-dong\/#primaryimage"},"image":{"@id":"https:\/\/swoer.vn\/manufacturer\/may-lap-rap-cuon-day-dien-tu-dong\/#primaryimage"},"thumbnailUrl":"https:\/\/swoer.vn\/wp-content\/uploads\/2025\/09\/May-lap-rap-cuon-day-dien-tu-dong.png","datePublished":"2025-09-24T09:21:38+00:00","description":"M\u00e1y l\u1eafp r\u00e1p cu\u1ed9n d\u00e2y \u0111i\u1ec7n t\u1ef1 \u0111\u1ed9ng SWOER: T\u1ef1 \u0111\u1ed9ng h\u00f3a quy tr\u00ecnh qu\u1ea5n v\u00e0 l\u1eafp d\u00e2y, n\u00e2ng cao n\u0103ng su\u1ea5t, \u0111\u1ea3m b\u1ea3o \u0111\u1ed9 ch\u00ednh x\u00e1c v\u00e0 ch\u1ea5t l\u01b0\u1ee3ng s\u1ea3n ph\u1ea9m.","breadcrumb":{"@id":"https:\/\/swoer.vn\/manufacturer\/may-lap-rap-cuon-day-dien-tu-dong\/#breadcrumb"},"inLanguage":"ms-MY","potentialAction":[{"@type":"ReadAction","target":["https:\/\/swoer.vn\/manufacturer\/may-lap-rap-cuon-day-dien-tu-dong\/"]}]},{"@type":"ImageObject","inLanguage":"ms-MY","@id":"https:\/\/swoer.vn\/manufacturer\/may-lap-rap-cuon-day-dien-tu-dong\/#primaryimage","url":"https:\/\/swoer.vn\/wp-content\/uploads\/2025\/09\/May-lap-rap-cuon-day-dien-tu-dong.png","contentUrl":"https:\/\/swoer.vn\/wp-content\/uploads\/2025\/09\/May-lap-rap-cuon-day-dien-tu-dong.png","width":800,"height":800,"caption":"Ma\u0301y la\u0306\u0301p ra\u0301p cuo\u0323\u0302n da\u0302y \u0111ie\u0323\u0302n tu\u031b\u0323 \u0111o\u0323\u0302ng"},{"@type":"BreadcrumbList","@id":"https:\/\/swoer.vn\/manufacturer\/may-lap-rap-cuon-day-dien-tu-dong\/#breadcrumb","itemListElement":[{"@type":"ListItem","position":1,"name":"Home","item":"https:\/\/swoer.vn\/"},{"@type":"ListItem","position":2,"name":"S\u1ea3n ph\u1ea9m","item":"https:\/\/swoer.vn\/shop\/"},{"@type":"ListItem","position":3,"name":"M\u00e1y l\u1eafp r\u00e1p cu\u1ed9n d\u00e2y \u0111i\u1ec7n t\u1ef1 \u0111\u1ed9ng"}]},{"@type":"WebSite","@id":"https:\/\/swoer.vn\/#website","url":"https:\/\/swoer.vn\/","name":"Pengeluar Pengumpan Perindustrian","description":"Pembekal robot, penyuap fleksibel, penyuap emparan, penyuap bergetar automatik","potentialAction":[{"@type":"SearchAction","target":{"@type":"EntryPoint","urlTemplate":"https:\/\/swoer.vn\/?s={search_term_string}"},"query-input":{"@type":"PropertyValueSpecification","valueRequired":true,"valueName":"search_term_string"}}],"inLanguage":"ms-MY"}]}},"_links":{"self":[{"href":"https:\/\/swoer.vn\/ms\/wp-json\/wp\/v2\/product\/4742","targetHints":{"allow":["GET"]}}],"collection":[{"href":"https:\/\/swoer.vn\/ms\/wp-json\/wp\/v2\/product"}],"about":[{"href":"https:\/\/swoer.vn\/ms\/wp-json\/wp\/v2\/types\/product"}],"replies":[{"embeddable":true,"href":"https:\/\/swoer.vn\/ms\/wp-json\/wp\/v2\/comments?post=4742"}],"wp:featuredmedia":[{"embeddable":true,"href":"https:\/\/swoer.vn\/ms\/wp-json\/wp\/v2\/media\/4743"}],"wp:attachment":[{"href":"https:\/\/swoer.vn\/ms\/wp-json\/wp\/v2\/media?parent=4742"}],"wp:term":[{"taxonomy":"product_brand","embeddable":true,"href":"https:\/\/swoer.vn\/ms\/wp-json\/wp\/v2\/product_brand?post=4742"},{"taxonomy":"product_cat","embeddable":true,"href":"https:\/\/swoer.vn\/ms\/wp-json\/wp\/v2\/product_cat?post=4742"},{"taxonomy":"product_tag","embeddable":true,"href":"https:\/\/swoer.vn\/ms\/wp-json\/wp\/v2\/product_tag?post=4742"}],"curies":[{"name":"wp","href":"https:\/\/api.w.org\/{rel}","templated":true}]}}