{"id":4701,"date":"2025-09-23T09:11:14","date_gmt":"2025-09-23T02:11:14","guid":{"rendered":"https:\/\/swoer.vn\/?post_type=product&#038;p=4701"},"modified":"2025-09-23T09:11:14","modified_gmt":"2025-09-23T02:11:14","slug":"may-lap-rap-cong-tac-vi-mo","status":"publish","type":"product","link":"https:\/\/swoer.vn\/ms\/manufacturer\/may-lap-rap-cong-tac-vi-mo\/","title":{"rendered":"M\u00e1y l\u1eafp r\u00e1p c\u00f4ng t\u1eafc vi m\u00f4"},"content":{"rendered":"<h2><span style=\"font-weight: 400;\">Spesifikasi produk:<\/span><\/h2>\n<table>\n<tbody>\n<tr>\n<td><span style=\"font-weight: 400;\">Jaminan<\/span><\/td>\n<td><span style=\"font-weight: 400;\">satu tahun<\/span><\/td>\n<\/tr>\n<tr>\n<td><span style=\"font-weight: 400;\">bahan<\/span><\/td>\n<td><span style=\"font-weight: 400;\">Keluli tahan karat, aluminium<\/span><\/td>\n<\/tr>\n<tr>\n<td><span style=\"font-weight: 400;\">Kapasiti<\/span><\/td>\n<td><span style=\"font-weight: 400;\">1 kW<\/span><\/td>\n<\/tr>\n<tr>\n<td><span style=\"font-weight: 400;\">\u00c1p su\u1ea5t kh\u00ed \u0111\u1ea7u v\u00e0o<\/span><\/td>\n<td><span style=\"font-weight: 400;\">0.5 MPa<\/span><\/td>\n<\/tr>\n<tr>\n<td><span style=\"font-weight: 400;\">Ki\u1ec3m tra t\u1ea1i nh\u00e0 m\u00e1y b\u1eb1ng video<\/span><\/td>\n<td><span style=\"font-weight: 400;\">C\u00f3 s\u1eb5n<\/span><\/td>\n<\/tr>\n<tr>\n<td><span style=\"font-weight: 400;\">Linh ki\u1ec7n c\u1ed1t l\u00f5i<\/span><\/td>\n<td><span style=\"font-weight: 400;\">PLC, \u0111\u1ed9ng c\u01a1<\/span><\/td>\n<\/tr>\n<tr>\n<td><span style=\"font-weight: 400;\">Berat badan<\/span><\/td>\n<td><span style=\"font-weight: 400;\">1500 kg<\/span><\/td>\n<\/tr>\n<tr>\n<td><span style=\"font-weight: 400;\">Asal<\/span><\/td>\n<td><span style=\"font-weight: 400;\">China<\/span><\/td>\n<\/tr>\n<tr>\n<td><span style=\"font-weight: 400;\">Tanda dagangan<\/span><\/td>\n<td><span style=\"font-weight: 400;\">SUMPAH<\/span><\/td>\n<\/tr>\n<tr>\n<td><span style=\"font-weight: 400;\">Permohonan<\/span><\/td>\n<td><span style=\"font-weight: 400;\">T\u1ef1 \u0111\u1ed9ng<\/span><\/td>\n<\/tr>\n<tr>\n<td><span style=\"font-weight: 400;\">Saiz<\/span><\/td>\n<td><span style=\"font-weight: 400;\">2200 x 2200 x 1900 mm<\/span><\/td>\n<\/tr>\n<tr>\n<td><span style=\"font-weight: 400;\">Voltan masukan<\/span><\/td>\n<td><span style=\"font-weight: 400;\">200-240 V<\/span><\/td>\n<\/tr>\n<tr>\n<td><span style=\"font-weight: 400;\">Hi\u1ec7u su\u1ea5t<\/span><\/td>\n<td><span style=\"font-weight: 400;\">25 t\u1edd\/ph\u00fat<\/span><\/td>\n<\/tr>\n<tr>\n<td><span style=\"font-weight: 400;\">Ch\u1ebf \u0111\u1ed9 c\u1ea5p li\u1ec7u<\/span><\/td>\n<td><span style=\"font-weight: 400;\">T\u1ef1 \u0111\u1ed9ng<\/span><\/td>\n<\/tr>\n<tr>\n<td><span style=\"font-weight: 400;\">Bao b\u00ec<\/span><\/td>\n<td><span style=\"font-weight: 400;\">Kotak kayu<\/span><\/td>\n<\/tr>\n<tr>\n<td><span style=\"font-weight: 400;\">D\u1ecbch v\u1ee5 h\u1eadu m\u00e3i \u0111\u01b0\u1ee3c cung c\u1ea5p<\/span><\/td>\n<td><span style=\"font-weight: 400;\">L\u1eafp \u0111\u1eb7t v\u00e0 v\u1eadn h\u00e0nh t\u1eadn n\u01a1i<\/span><\/td>\n<\/tr>\n<\/tbody>\n<\/table>\n<h2><span style=\"font-weight: 400;\">Prinsip kerja:<\/span><\/h2>\n<p><span style=\"font-weight: 400;\">M\u00e1y l\u1eafp r\u00e1p c\u00f4ng t\u1eafc vi m\u00f4 l\u00e0 m\u1ed9t thi\u1ebft b\u1ecb c\u01a1 \u0111i\u1ec7n t\u1eed t\u1ef1 \u0111\u1ed9ng h\u00f3a chuy\u00ean d\u1ee5ng cao, t\u00edch h\u1ee3p k\u1ef9 thu\u1eadt c\u01a1 kh\u00ed ch\u00ednh x\u00e1c, c\u00f4ng ngh\u1ec7 c\u1ea3m bi\u1ebfn, th\u1ecb gi\u00e1c m\u00e1y, \u0111i\u1ec1u khi\u1ec3n chuy\u1ec3n \u0111\u1ed9ng v\u00e0 c\u00f4ng ngh\u1ec7 th\u00f4ng tin c\u00f4ng nghi\u1ec7p. Nhi\u1ec7m v\u1ee5 c\u1ed1t l\u00f5i c\u1ee7a n\u00f3 l\u00e0 thay th\u1ebf lao \u0111\u1ed9ng th\u1ee7 c\u00f4ng, ho\u00e0n thi\u1ec7n to\u00e0n b\u1ed9 quy tr\u00ecnh s\u1ea3n xu\u1ea5t microswitch, t\u1eeb c\u00e1c linh ki\u1ec7n r\u1eddi r\u1ea1c \u0111\u1ebfn l\u1eafp r\u00e1p th\u00e0nh ph\u1ea9m, ki\u1ec3m tra, ph\u00e2n lo\u1ea1i v\u00e0 th\u1eadm ch\u00ed \u0111\u00f3ng g\u00f3i. \u0110\u00e2y l\u00e0 thi\u1ebft b\u1ecb c\u1ed1t l\u00f5i cho s\u1ea3n xu\u1ea5t th\u00f4ng minh c\u00e1c linh ki\u1ec7n \u0111i\u1ec7n t\u1eed hi\u1ec7n \u0111\u1ea1i.<\/span><\/p>","protected":false},"excerpt":{"rendered":"<p>Trong ng\u00e0nh s\u1ea3n xu\u1ea5t \u0111i\u1ec7n t\u1eed v\u00e0 thi\u1ebft b\u1ecb \u0111i\u1ec7n, vi\u1ec7c l\u1eafp r\u00e1p c\u00e1c c\u00f4ng t\u1eafc vi m\u00f4 (micro switch) \u0111\u00f2i h\u1ecfi \u0111\u1ed9 ch\u00ednh x\u00e1c c\u1ef1c cao. <b>M\u00e1y l\u1eafp r\u00e1p c\u00f4ng t\u1eafc vi m\u00f4<\/b> c\u1ee7a SWOER l\u00e0 gi\u1ea3i ph\u00e1p chuy\u00ean bi\u1ec7t. M\u00e1y \u0111\u01b0\u1ee3c thi\u1ebft k\u1ebf \u0111\u1ec3 t\u1ef1 \u0111\u1ed9ng ho\u00e0n to\u00e0n quy tr\u00ecnh n\u00e0y. N\u00f3 c\u00f3 kh\u1ea3 n\u0103ng nh\u1eadn di\u1ec7n, \u0111\u1ecbnh v\u1ecb v\u00e0 l\u1eafp r\u00e1p c\u00e1c chi ti\u1ebft si\u00eau nh\u1ecf. Gi\u1ea3i ph\u00e1p n\u00e0y gi\u00fap lo\u1ea1i b\u1ecf sai s\u00f3t do con ng\u01b0\u1eddi. \u0110\u1ed3ng th\u1eddi, n\u00f3 gi\u00fap n\u00e2ng cao n\u0103ng su\u1ea5t v\u00e0 \u0111\u1ea3m b\u1ea3o ch\u1ea5t l\u01b0\u1ee3ng s\u1ea3n ph\u1ea9m \u0111\u1ed3ng nh\u1ea5t.<\/p>","protected":false},"featured_media":4702,"comment_status":"open","ping_status":"closed","template":"","meta":[],"product_brand":[],"product_cat":[142],"product_tag":[178,133,140],"class_list":{"0":"post-4701","1":"product","2":"type-product","3":"status-publish","4":"has-post-thumbnail","6":"product_cat-may-lap-rap-tu-dong","7":"product_tag-lap-rap-tu-dong-hoa","8":"product_tag-may-lap-rap","9":"product_tag-may-lap-rap-tu-dong","11":"first","12":"instock","13":"shipping-taxable","14":"product-type-simple"},"yoast_head":"<!-- This site is optimized with the Yoast SEO plugin v26.0 - https:\/\/yoast.com\/wordpress\/plugins\/seo\/ -->\n<title>M\u00e1y l\u1eafp r\u00e1p c\u00f4ng t\u1eafc vi m\u00f4 - Nh\u00e0 s\u1ea3n xu\u1ea5t m\u00e1y c\u1ea5p li\u1ec7u c\u00f4ng nghi\u1ec7p<\/title>\n<meta name=\"description\" content=\"M\u00e1y l\u1eafp r\u00e1p c\u00f4ng t\u1eafc vi m\u00f4 SWOER: T\u1ef1 \u0111\u1ed9ng h\u00f3a quy tr\u00ecnh l\u1eafp r\u00e1p c\u00f4ng t\u1eafc vi m\u00f4. N\u00e2ng cao n\u0103ng su\u1ea5t, \u0111\u1ea3m b\u1ea3o \u0111\u1ed9 ch\u00ednh x\u00e1c v\u00e0 ch\u1ea5t l\u01b0\u1ee3ng s\u1ea3n ph\u1ea9m.\" \/>\n<meta name=\"robots\" content=\"index, follow, max-snippet:-1, max-image-preview:large, max-video-preview:-1\" \/>\n<link rel=\"canonical\" href=\"https:\/\/swoer.vn\/ms\/manufacturer\/may-lap-rap-cong-tac-vi-mo\/\" \/>\n<meta property=\"og:locale\" content=\"ms_MY\" \/>\n<meta property=\"og:type\" content=\"article\" \/>\n<meta property=\"og:title\" content=\"M\u00e1y l\u1eafp r\u00e1p c\u00f4ng t\u1eafc vi m\u00f4 - Nh\u00e0 s\u1ea3n xu\u1ea5t m\u00e1y c\u1ea5p li\u1ec7u c\u00f4ng nghi\u1ec7p\" \/>\n<meta property=\"og:description\" content=\"M\u00e1y l\u1eafp r\u00e1p c\u00f4ng t\u1eafc vi m\u00f4 SWOER: T\u1ef1 \u0111\u1ed9ng h\u00f3a quy tr\u00ecnh l\u1eafp r\u00e1p c\u00f4ng t\u1eafc vi m\u00f4. N\u00e2ng cao n\u0103ng su\u1ea5t, \u0111\u1ea3m b\u1ea3o \u0111\u1ed9 ch\u00ednh x\u00e1c v\u00e0 ch\u1ea5t l\u01b0\u1ee3ng s\u1ea3n ph\u1ea9m.\" \/>\n<meta property=\"og:url\" content=\"https:\/\/swoer.vn\/ms\/manufacturer\/may-lap-rap-cong-tac-vi-mo\/\" \/>\n<meta property=\"og:site_name\" content=\"Nh\u00e0 s\u1ea3n xu\u1ea5t m\u00e1y c\u1ea5p li\u1ec7u c\u00f4ng nghi\u1ec7p\" \/>\n<meta property=\"og:image\" content=\"https:\/\/swoer.vn\/wp-content\/uploads\/2025\/09\/May-lap-rap-cong-tac-vi-mo.png\" \/>\n\t<meta property=\"og:image:width\" content=\"800\" \/>\n\t<meta property=\"og:image:height\" content=\"800\" \/>\n\t<meta property=\"og:image:type\" content=\"image\/png\" \/>\n<meta name=\"twitter:card\" content=\"summary_large_image\" \/>\n<meta name=\"twitter:label1\" content=\"Est. reading time\" \/>\n\t<meta name=\"twitter:data1\" content=\"2 minit\" \/>\n<script type=\"application\/ld+json\" class=\"yoast-schema-graph\">{\"@context\":\"https:\/\/schema.org\",\"@graph\":[{\"@type\":\"WebPage\",\"@id\":\"https:\/\/swoer.vn\/manufacturer\/may-lap-rap-cong-tac-vi-mo\/\",\"url\":\"https:\/\/swoer.vn\/manufacturer\/may-lap-rap-cong-tac-vi-mo\/\",\"name\":\"M\u00e1y l\u1eafp r\u00e1p c\u00f4ng t\u1eafc vi m\u00f4 - Nh\u00e0 s\u1ea3n xu\u1ea5t m\u00e1y c\u1ea5p li\u1ec7u c\u00f4ng nghi\u1ec7p\",\"isPartOf\":{\"@id\":\"https:\/\/swoer.vn\/#website\"},\"primaryImageOfPage\":{\"@id\":\"https:\/\/swoer.vn\/manufacturer\/may-lap-rap-cong-tac-vi-mo\/#primaryimage\"},\"image\":{\"@id\":\"https:\/\/swoer.vn\/manufacturer\/may-lap-rap-cong-tac-vi-mo\/#primaryimage\"},\"thumbnailUrl\":\"https:\/\/swoer.vn\/wp-content\/uploads\/2025\/09\/May-lap-rap-cong-tac-vi-mo.png\",\"datePublished\":\"2025-09-23T02:11:14+00:00\",\"description\":\"M\u00e1y l\u1eafp r\u00e1p c\u00f4ng t\u1eafc vi m\u00f4 SWOER: T\u1ef1 \u0111\u1ed9ng h\u00f3a quy tr\u00ecnh l\u1eafp r\u00e1p c\u00f4ng t\u1eafc vi m\u00f4. N\u00e2ng cao n\u0103ng su\u1ea5t, \u0111\u1ea3m b\u1ea3o \u0111\u1ed9 ch\u00ednh x\u00e1c v\u00e0 ch\u1ea5t l\u01b0\u1ee3ng s\u1ea3n ph\u1ea9m.\",\"breadcrumb\":{\"@id\":\"https:\/\/swoer.vn\/manufacturer\/may-lap-rap-cong-tac-vi-mo\/#breadcrumb\"},\"inLanguage\":\"ms-MY\",\"potentialAction\":[{\"@type\":\"ReadAction\",\"target\":[\"https:\/\/swoer.vn\/manufacturer\/may-lap-rap-cong-tac-vi-mo\/\"]}]},{\"@type\":\"ImageObject\",\"inLanguage\":\"ms-MY\",\"@id\":\"https:\/\/swoer.vn\/manufacturer\/may-lap-rap-cong-tac-vi-mo\/#primaryimage\",\"url\":\"https:\/\/swoer.vn\/wp-content\/uploads\/2025\/09\/May-lap-rap-cong-tac-vi-mo.png\",\"contentUrl\":\"https:\/\/swoer.vn\/wp-content\/uploads\/2025\/09\/May-lap-rap-cong-tac-vi-mo.png\",\"width\":800,\"height\":800,\"caption\":\"Ma\u0301y la\u0306\u0301p ra\u0301p co\u0302ng ta\u0306\u0301c vi mo\u0302\"},{\"@type\":\"BreadcrumbList\",\"@id\":\"https:\/\/swoer.vn\/manufacturer\/may-lap-rap-cong-tac-vi-mo\/#breadcrumb\",\"itemListElement\":[{\"@type\":\"ListItem\",\"position\":1,\"name\":\"Home\",\"item\":\"https:\/\/swoer.vn\/\"},{\"@type\":\"ListItem\",\"position\":2,\"name\":\"S\u1ea3n ph\u1ea9m\",\"item\":\"https:\/\/swoer.vn\/shop\/\"},{\"@type\":\"ListItem\",\"position\":3,\"name\":\"M\u00e1y l\u1eafp r\u00e1p c\u00f4ng t\u1eafc vi m\u00f4\"}]},{\"@type\":\"WebSite\",\"@id\":\"https:\/\/swoer.vn\/#website\",\"url\":\"https:\/\/swoer.vn\/\",\"name\":\"Nh\u00e0 s\u1ea3n xu\u1ea5t m\u00e1y c\u1ea5p li\u1ec7u c\u00f4ng nghi\u1ec7p\",\"description\":\"Nh\u00e0 cung c\u1ea5p robot, m\u00e1y c\u1ea5p li\u1ec7u linh ho\u1ea1t, m\u00e1y c\u1ea5p li\u1ec7u ly t\u00e2m, m\u00e1y c\u1ea5p li\u1ec7u rung t\u1ef1 \u0111\u1ed9ng\",\"potentialAction\":[{\"@type\":\"SearchAction\",\"target\":{\"@type\":\"EntryPoint\",\"urlTemplate\":\"https:\/\/swoer.vn\/?s={search_term_string}\"},\"query-input\":{\"@type\":\"PropertyValueSpecification\",\"valueRequired\":true,\"valueName\":\"search_term_string\"}}],\"inLanguage\":\"ms-MY\"}]}<\/script>\n<!-- \/ Yoast SEO plugin. -->","yoast_head_json":{"title":"M\u00e1y l\u1eafp r\u00e1p c\u00f4ng t\u1eafc vi m\u00f4 - Nh\u00e0 s\u1ea3n xu\u1ea5t m\u00e1y c\u1ea5p li\u1ec7u c\u00f4ng nghi\u1ec7p","description":"M\u00e1y l\u1eafp r\u00e1p c\u00f4ng t\u1eafc vi m\u00f4 SWOER: T\u1ef1 \u0111\u1ed9ng h\u00f3a quy tr\u00ecnh l\u1eafp r\u00e1p c\u00f4ng t\u1eafc vi m\u00f4. N\u00e2ng cao n\u0103ng su\u1ea5t, \u0111\u1ea3m b\u1ea3o \u0111\u1ed9 ch\u00ednh x\u00e1c v\u00e0 ch\u1ea5t l\u01b0\u1ee3ng s\u1ea3n ph\u1ea9m.","robots":{"index":"index","follow":"follow","max-snippet":"max-snippet:-1","max-image-preview":"max-image-preview:large","max-video-preview":"max-video-preview:-1"},"canonical":"https:\/\/swoer.vn\/ms\/manufacturer\/may-lap-rap-cong-tac-vi-mo\/","og_locale":"ms_MY","og_type":"article","og_title":"M\u00e1y l\u1eafp r\u00e1p c\u00f4ng t\u1eafc vi m\u00f4 - Nh\u00e0 s\u1ea3n xu\u1ea5t m\u00e1y c\u1ea5p li\u1ec7u c\u00f4ng nghi\u1ec7p","og_description":"M\u00e1y l\u1eafp r\u00e1p c\u00f4ng t\u1eafc vi m\u00f4 SWOER: T\u1ef1 \u0111\u1ed9ng h\u00f3a quy tr\u00ecnh l\u1eafp r\u00e1p c\u00f4ng t\u1eafc vi m\u00f4. N\u00e2ng cao n\u0103ng su\u1ea5t, \u0111\u1ea3m b\u1ea3o \u0111\u1ed9 ch\u00ednh x\u00e1c v\u00e0 ch\u1ea5t l\u01b0\u1ee3ng s\u1ea3n ph\u1ea9m.","og_url":"https:\/\/swoer.vn\/ms\/manufacturer\/may-lap-rap-cong-tac-vi-mo\/","og_site_name":"Nh\u00e0 s\u1ea3n xu\u1ea5t m\u00e1y c\u1ea5p li\u1ec7u c\u00f4ng nghi\u1ec7p","og_image":[{"width":800,"height":800,"url":"https:\/\/swoer.vn\/wp-content\/uploads\/2025\/09\/May-lap-rap-cong-tac-vi-mo.png","type":"image\/png"}],"twitter_card":"summary_large_image","twitter_misc":{"Est. reading time":"2 minit"},"schema":{"@context":"https:\/\/schema.org","@graph":[{"@type":"WebPage","@id":"https:\/\/swoer.vn\/manufacturer\/may-lap-rap-cong-tac-vi-mo\/","url":"https:\/\/swoer.vn\/manufacturer\/may-lap-rap-cong-tac-vi-mo\/","name":"M\u00e1y l\u1eafp r\u00e1p c\u00f4ng t\u1eafc vi m\u00f4 - Nh\u00e0 s\u1ea3n xu\u1ea5t m\u00e1y c\u1ea5p li\u1ec7u c\u00f4ng nghi\u1ec7p","isPartOf":{"@id":"https:\/\/swoer.vn\/#website"},"primaryImageOfPage":{"@id":"https:\/\/swoer.vn\/manufacturer\/may-lap-rap-cong-tac-vi-mo\/#primaryimage"},"image":{"@id":"https:\/\/swoer.vn\/manufacturer\/may-lap-rap-cong-tac-vi-mo\/#primaryimage"},"thumbnailUrl":"https:\/\/swoer.vn\/wp-content\/uploads\/2025\/09\/May-lap-rap-cong-tac-vi-mo.png","datePublished":"2025-09-23T02:11:14+00:00","description":"M\u00e1y l\u1eafp r\u00e1p c\u00f4ng t\u1eafc vi m\u00f4 SWOER: T\u1ef1 \u0111\u1ed9ng h\u00f3a quy tr\u00ecnh l\u1eafp r\u00e1p c\u00f4ng t\u1eafc vi m\u00f4. N\u00e2ng cao n\u0103ng su\u1ea5t, \u0111\u1ea3m b\u1ea3o \u0111\u1ed9 ch\u00ednh x\u00e1c v\u00e0 ch\u1ea5t l\u01b0\u1ee3ng s\u1ea3n ph\u1ea9m.","breadcrumb":{"@id":"https:\/\/swoer.vn\/manufacturer\/may-lap-rap-cong-tac-vi-mo\/#breadcrumb"},"inLanguage":"ms-MY","potentialAction":[{"@type":"ReadAction","target":["https:\/\/swoer.vn\/manufacturer\/may-lap-rap-cong-tac-vi-mo\/"]}]},{"@type":"ImageObject","inLanguage":"ms-MY","@id":"https:\/\/swoer.vn\/manufacturer\/may-lap-rap-cong-tac-vi-mo\/#primaryimage","url":"https:\/\/swoer.vn\/wp-content\/uploads\/2025\/09\/May-lap-rap-cong-tac-vi-mo.png","contentUrl":"https:\/\/swoer.vn\/wp-content\/uploads\/2025\/09\/May-lap-rap-cong-tac-vi-mo.png","width":800,"height":800,"caption":"Ma\u0301y la\u0306\u0301p ra\u0301p co\u0302ng ta\u0306\u0301c vi mo\u0302"},{"@type":"BreadcrumbList","@id":"https:\/\/swoer.vn\/manufacturer\/may-lap-rap-cong-tac-vi-mo\/#breadcrumb","itemListElement":[{"@type":"ListItem","position":1,"name":"Home","item":"https:\/\/swoer.vn\/"},{"@type":"ListItem","position":2,"name":"S\u1ea3n ph\u1ea9m","item":"https:\/\/swoer.vn\/shop\/"},{"@type":"ListItem","position":3,"name":"M\u00e1y l\u1eafp r\u00e1p c\u00f4ng t\u1eafc vi m\u00f4"}]},{"@type":"WebSite","@id":"https:\/\/swoer.vn\/#website","url":"https:\/\/swoer.vn\/","name":"Pengeluar Pengumpan Perindustrian","description":"Pembekal robot, penyuap fleksibel, penyuap emparan, penyuap bergetar automatik","potentialAction":[{"@type":"SearchAction","target":{"@type":"EntryPoint","urlTemplate":"https:\/\/swoer.vn\/?s={search_term_string}"},"query-input":{"@type":"PropertyValueSpecification","valueRequired":true,"valueName":"search_term_string"}}],"inLanguage":"ms-MY"}]}},"_links":{"self":[{"href":"https:\/\/swoer.vn\/ms\/wp-json\/wp\/v2\/product\/4701","targetHints":{"allow":["GET"]}}],"collection":[{"href":"https:\/\/swoer.vn\/ms\/wp-json\/wp\/v2\/product"}],"about":[{"href":"https:\/\/swoer.vn\/ms\/wp-json\/wp\/v2\/types\/product"}],"replies":[{"embeddable":true,"href":"https:\/\/swoer.vn\/ms\/wp-json\/wp\/v2\/comments?post=4701"}],"wp:featuredmedia":[{"embeddable":true,"href":"https:\/\/swoer.vn\/ms\/wp-json\/wp\/v2\/media\/4702"}],"wp:attachment":[{"href":"https:\/\/swoer.vn\/ms\/wp-json\/wp\/v2\/media?parent=4701"}],"wp:term":[{"taxonomy":"product_brand","embeddable":true,"href":"https:\/\/swoer.vn\/ms\/wp-json\/wp\/v2\/product_brand?post=4701"},{"taxonomy":"product_cat","embeddable":true,"href":"https:\/\/swoer.vn\/ms\/wp-json\/wp\/v2\/product_cat?post=4701"},{"taxonomy":"product_tag","embeddable":true,"href":"https:\/\/swoer.vn\/ms\/wp-json\/wp\/v2\/product_tag?post=4701"}],"curies":[{"name":"wp","href":"https:\/\/api.w.org\/{rel}","templated":true}]}}