{"id":4662,"date":"2025-09-19T15:04:38","date_gmt":"2025-09-19T08:04:38","guid":{"rendered":"https:\/\/swoer.vn\/?post_type=product&#038;p=4662"},"modified":"2025-09-19T15:04:38","modified_gmt":"2025-09-19T08:04:38","slug":"may-lap-rap-tu-dong-usb-3-1","status":"publish","type":"product","link":"https:\/\/swoer.vn\/ms\/manufacturer\/may-lap-rap-tu-dong-usb-3-1\/","title":{"rendered":"Mesin pemasangan automatik USB 3.1"},"content":{"rendered":"<h2><span style=\"font-weight: 400;\">Spesifikasi produk:<\/span><\/h2>\n<table>\n<tbody>\n<tr>\n<td><span style=\"font-weight: 400;\">Kod produk<\/span><\/td>\n<td><span style=\"font-weight: 400;\">USB3.1 Automatic Assembly Machine<\/span><\/td>\n<\/tr>\n<tr>\n<td><span style=\"font-weight: 400;\">S\u1ea3n xu\u1ea5t<\/span><\/td>\n<td><span style=\"font-weight: 400;\">Li\u00ean t\u1ee5c<\/span><\/td>\n<\/tr>\n<tr>\n<td><span style=\"font-weight: 400;\">T\u1ef1 \u0111\u1ed9ng ho\u00e1<\/span><\/td>\n<td><span style=\"font-weight: 400;\">Automation<\/span><\/td>\n<\/tr>\n<tr>\n<td><span style=\"font-weight: 400;\">Masa Utama<\/span><\/td>\n<td><span style=\"font-weight: 400;\">Within 30 days<\/span><\/td>\n<\/tr>\n<tr>\n<td><span style=\"font-weight: 400;\">Transmission Type<\/span><\/td>\n<td><span style=\"font-weight: 400;\">Flexible<\/span><\/td>\n<\/tr>\n<tr>\n<td><span style=\"font-weight: 400;\">Certification<\/span><\/td>\n<td><span style=\"font-weight: 400;\">CE<\/span><\/td>\n<\/tr>\n<tr>\n<td><span style=\"font-weight: 400;\">Rhythm<\/span><\/td>\n<td><span style=\"font-weight: 400;\">Flow Production Line<\/span><\/td>\n<\/tr>\n<tr>\n<td><span style=\"font-weight: 400;\">Jenama<\/span><\/td>\n<td><span style=\"font-weight: 400;\">SUMPAH<\/span><\/td>\n<\/tr>\n<tr>\n<td><span style=\"font-weight: 400;\">Perkhidmatan Selepas Jualan<\/span><\/td>\n<td><span style=\"font-weight: 400;\">satu tahun<\/span><\/td>\n<\/tr>\n<tr>\n<td><span style=\"font-weight: 400;\">botol<\/span><\/td>\n<td><span style=\"font-weight: 400;\">satu tahun<\/span><\/td>\n<\/tr>\n<tr>\n<td><span style=\"font-weight: 400;\">Automatic Production Line<\/span><\/td>\n<td><span style=\"font-weight: 400;\">Kumpulkan<\/span><\/td>\n<\/tr>\n<tr>\n<td><span style=\"font-weight: 400;\">Flexible Production<\/span><\/td>\n<td><span style=\"font-weight: 400;\">Kumpulkan<\/span><\/td>\n<\/tr>\n<tr>\n<td><span style=\"font-weight: 400;\">Production Scope<\/span><\/td>\n<td><span style=\"font-weight: 400;\">Production Line<\/span><\/td>\n<\/tr>\n<tr>\n<td><span style=\"font-weight: 400;\">Asal<\/span><\/td>\n<td><span style=\"font-weight: 400;\">China<\/span><\/td>\n<\/tr>\n<tr>\n<td><span style=\"font-weight: 400;\">Sumber<\/span><\/td>\n<td><span style=\"font-weight: 400;\">AV220V 50-60HZ<\/span><\/td>\n<\/tr>\n<tr>\n<td><span style=\"font-weight: 400;\">\u00c1p su\u1ea5t kh\u00f4ng kh\u00ed<\/span><\/td>\n<td><span style=\"font-weight: 400;\">&gt;0,5Mpa<\/span><\/td>\n<\/tr>\n<tr>\n<td><span style=\"font-weight: 400;\">Saiz<\/span><\/td>\n<td><span style=\"font-weight: 400;\">2200*960*750 (mm)<\/span><\/td>\n<\/tr>\n<tr>\n<td><span style=\"font-weight: 400;\">PLC b\u1ed9 \u0111i\u1ec1u khi\u1ec3n c\u00f3 th\u1ec3 l\u1eadp tr\u00ecnh<\/span><\/td>\n<td><span style=\"font-weight: 400;\">Mitsubishi, Nh\u1eadt B\u1ea3n<\/span><\/td>\n<\/tr>\n<tr>\n<td><span style=\"font-weight: 400;\">Tr\u1ee5<\/span><\/td>\n<td><span style=\"font-weight: 400;\">\u0110\u00e0i Loan AirTAC<\/span><\/td>\n<\/tr>\n<tr>\n<td><span style=\"font-weight: 400;\">Dung t\u00edch<\/span><\/td>\n<td><span style=\"font-weight: 400;\">50PCS\/PH\u00daT<\/span><\/td>\n<\/tr>\n<\/tbody>\n<\/table>\n<h2><span style=\"font-weight: 400;\">ciri-ciri:<\/span><\/h2>\n<ul>\n<li style=\"font-weight: 400;\" aria-level=\"1\"><span style=\"font-weight: 400;\"><strong>Nguy\u00ean t\u1eafc thi\u1ebft b\u1ecb<\/strong>: M\u00e1y s\u1eed d\u1ee5ng xy lanh l\u00e0m ngu\u1ed3n, h\u1ec7 th\u1ed1ng \u0111i\u1ec1u khi\u1ec3n l\u00e0 b\u1ed9 \u0111i\u1ec1u khi\u1ec3n l\u1eadp tr\u00ecnh PLC v\u00e0 c\u1ee5m tr\u1ea1m bi\u1ebfn \u00e1p tr\u1ef1c quan ho\u1ea1t \u0111\u1ed9ng.<\/span><\/li>\n<li style=\"font-weight: 400;\" aria-level=\"1\"><span style=\"font-weight: 400;\"><strong>T\u00ednh t\u01b0\u01a1ng th\u00edch c\u1ee7a s\u1ea3n ph\u1ea9m<\/strong>: T\u1ef1 \u0111\u1ed9ng l\u1eafp r\u00e1p hai v\u1ecf s\u00f2 s\u1eaft.<\/span><\/li>\n<li style=\"font-weight: 400;\" aria-level=\"1\"><span style=\"font-weight: 400;\"><strong>Ch\u1ee9c n\u0103ng ch\u00ednh<\/strong>: T\u1ef1 \u0111\u1ed9ng l\u1eafp t\u1ea5m ch\u1eafn em, c\u00e1c c\u1ef1c tr\u00ean v\u00e0 d\u01b0\u1edbi, m\u1ea3nh bom, v\u1ecf ngo\u00e0i, \u0111\u01b0\u1ee3c l\u1eafp v\u00e0o b\u1ea3ng m\u1ea1ch sau khi l\u1eafp.<\/span><\/li>\n<li style=\"font-weight: 400;\" aria-level=\"1\"><span style=\"font-weight: 400;\"><strong>Ch\u1ee9c n\u0103ng ph\u00e1t hi\u1ec7n<\/strong>: T\u1ef1 \u0111\u1ed9ng d\u1eabn \u0111i\u1ec7n, \u0111i\u1ec7n \u00e1p cao v\u00e0 thi\u1ebfu ch\u1ee9c n\u0103ng ph\u00e1t hi\u1ec7n \u0111\u1ea7u cu\u1ed1i PIN.<\/span><\/li>\n<li style=\"font-weight: 400;\" aria-level=\"1\"><span style=\"font-weight: 400;\"><strong>Thi\u1ebft k\u1ebf th\u00e2n thi\u1ec7n v\u1edbi ng\u01b0\u1eddi d\u00f9ng<\/strong>: Giao di\u1ec7n ng\u01b0\u1eddi d\u00f9ng-m\u00e1y, giao di\u1ec7n tr\u1ef1c quan, v\u1eadn h\u00e0nh \u0111\u01a1n gi\u1ea3n v\u00e0 an to\u00e0n.<\/span><\/li>\n<li style=\"font-weight: 400;\" aria-level=\"1\"><span style=\"font-weight: 400;\"><strong>C\u00e1c th\u00f4ng s\u1ed1 c\u00f3 th\u1ec3 \u0111i\u1ec1u khi\u1ec3n<\/strong>: C\u00f3 th\u1ec3 thi\u1ebft l\u1eadp linh ho\u1ea1t t\u1ea5t c\u1ea3 c\u00e1c tr\u1ea1m ch\u00ednh c\u1ee7a thi\u1ebft b\u1ecb \u0111\u1ec3 \u0111i\u1ec1u ch\u1ec9nh t\u1ed1c \u0111\u1ed9 v\u00e0 s\u1ed1 l\u01b0\u1ee3ng.<\/span><\/li>\n<li style=\"font-weight: 400;\" aria-level=\"1\"><span style=\"font-weight: 400;\"><strong>H\u1ec7 th\u1ed1ng th\u00f4ng minh<\/strong>: T\u1ef1 \u0111\u1ed9ng t\u1eaft m\u00e1y, b\u00e1o \u0111\u1ed9ng v\u00e0 th\u00f4ng b\u00e1o l\u1ed7i \u0111\u1ec3 ph\u00e1t hi\u1ec7n v\u00e0 kh\u1eafc ph\u1ee5c s\u1ef1 c\u1ed1.<\/span><\/li>\n<\/ul>","protected":false},"excerpt":{"rendered":"<p>Trong ng\u00e0nh s\u1ea3n xu\u1ea5t \u0111i\u1ec7n t\u1eed v\u00e0 c\u00f4ng ngh\u1ec7, vi\u1ec7c l\u1eafp r\u00e1p c\u00e1c c\u1ed5ng USB 3.1 \u0111\u00f2i h\u1ecfi \u0111\u1ed9 ch\u00ednh x\u00e1c tuy\u1ec7t \u0111\u1ed1i \u0111\u1ec3 \u0111\u1ea3m b\u1ea3o t\u1ed1c \u0111\u1ed9 truy\u1ec1n d\u1eef li\u1ec7u v\u00e0 \u0111\u1ed9 b\u1ec1n. <b>Mesin pemasangan automatik USB 3.1<\/b> c\u1ee7a SWOER l\u00e0 gi\u1ea3i ph\u00e1p chuy\u00ean bi\u1ec7t. N\u00f3 \u0111\u01b0\u1ee3c thi\u1ebft k\u1ebf \u0111\u1ec3 t\u1ef1 \u0111\u1ed9ng h\u00f3a ho\u00e0n to\u00e0n quy tr\u00ecnh n\u00e0y. M\u00e1y c\u00f3 kh\u1ea3 n\u0103ng nh\u1eadn di\u1ec7n, \u0111\u1ecbnh v\u1ecb, v\u00e0 l\u1eafp r\u00e1p c\u00e1c th\u00e0nh ph\u1ea7n si\u00eau nh\u1ecf c\u1ee7a c\u1ed5ng USB v\u1edbi \u0111\u1ed9 ch\u00ednh x\u00e1c cao. Gi\u1ea3i ph\u00e1p n\u00e0y kh\u00f4ng ch\u1ec9 gi\u00fap t\u0103ng n\u0103ng su\u1ea5t l\u00ean g\u1ea5p nhi\u1ec1u l\u1ea7n. N\u00f3 c\u00f2n gi\u1ea3m thi\u1ec3u sai s\u00f3t do con ng\u01b0\u1eddi, \u0111\u1ea3m b\u1ea3o m\u1ed7i s\u1ea3n ph\u1ea9m \u0111\u1ec1u \u0111\u00e1p \u1ee9ng ti\u00eau chu\u1ea9n k\u1ef9 thu\u1eadt kh\u1eaft khe nh\u1ea5t.<\/p>","protected":false},"featured_media":4663,"comment_status":"open","ping_status":"closed","template":"","meta":[],"product_brand":[],"product_cat":[142],"product_tag":[178,133,140],"class_list":{"0":"post-4662","1":"product","2":"type-product","3":"status-publish","4":"has-post-thumbnail","6":"product_cat-may-lap-rap-tu-dong","7":"product_tag-lap-rap-tu-dong-hoa","8":"product_tag-may-lap-rap","9":"product_tag-may-lap-rap-tu-dong","11":"first","12":"instock","13":"shipping-taxable","14":"product-type-simple"},"yoast_head":"<!-- This site is optimized with the Yoast SEO plugin v26.0 - https:\/\/yoast.com\/wordpress\/plugins\/seo\/ -->\n<title>M\u00e1y l\u1eafp r\u00e1p t\u1ef1 \u0111\u1ed9ng USB 3.1 - Nh\u00e0 s\u1ea3n xu\u1ea5t m\u00e1y c\u1ea5p li\u1ec7u c\u00f4ng nghi\u1ec7p<\/title>\n<meta name=\"description\" content=\"M\u00e1y l\u1eafp r\u00e1p t\u1ef1 \u0111\u1ed9ng USB 3.1 SWOER: T\u1ef1 \u0111\u1ed9ng h\u00f3a quy tr\u00ecnh l\u1eafp r\u00e1p USB 3.1. \u0110\u1ea3m b\u1ea3o t\u1ed1c \u0111\u1ed9, \u0111\u1ed9 ch\u00ednh x\u00e1c v\u00e0 ch\u1ea5t l\u01b0\u1ee3ng s\u1ea3n ph\u1ea9m v\u01b0\u1ee3t tr\u1ed9i.\" \/>\n<meta name=\"robots\" content=\"index, follow, max-snippet:-1, max-image-preview:large, max-video-preview:-1\" \/>\n<link rel=\"canonical\" href=\"https:\/\/swoer.vn\/ms\/manufacturer\/may-lap-rap-tu-dong-usb-3-1\/\" \/>\n<meta property=\"og:locale\" content=\"ms_MY\" \/>\n<meta property=\"og:type\" content=\"article\" \/>\n<meta property=\"og:title\" content=\"M\u00e1y l\u1eafp r\u00e1p t\u1ef1 \u0111\u1ed9ng USB 3.1 - Nh\u00e0 s\u1ea3n xu\u1ea5t m\u00e1y c\u1ea5p li\u1ec7u c\u00f4ng nghi\u1ec7p\" \/>\n<meta property=\"og:description\" content=\"M\u00e1y l\u1eafp r\u00e1p t\u1ef1 \u0111\u1ed9ng USB 3.1 SWOER: T\u1ef1 \u0111\u1ed9ng h\u00f3a quy tr\u00ecnh l\u1eafp r\u00e1p USB 3.1. \u0110\u1ea3m b\u1ea3o t\u1ed1c \u0111\u1ed9, \u0111\u1ed9 ch\u00ednh x\u00e1c v\u00e0 ch\u1ea5t l\u01b0\u1ee3ng s\u1ea3n ph\u1ea9m v\u01b0\u1ee3t tr\u1ed9i.\" \/>\n<meta property=\"og:url\" content=\"https:\/\/swoer.vn\/ms\/manufacturer\/may-lap-rap-tu-dong-usb-3-1\/\" \/>\n<meta property=\"og:site_name\" content=\"Nh\u00e0 s\u1ea3n xu\u1ea5t m\u00e1y c\u1ea5p li\u1ec7u c\u00f4ng nghi\u1ec7p\" \/>\n<meta property=\"og:image\" content=\"https:\/\/swoer.vn\/wp-content\/uploads\/2025\/09\/May-lap-rap-tu-dong-USB-3.1.png\" \/>\n\t<meta property=\"og:image:width\" content=\"800\" \/>\n\t<meta property=\"og:image:height\" content=\"800\" \/>\n\t<meta property=\"og:image:type\" content=\"image\/png\" \/>\n<meta name=\"twitter:card\" content=\"summary_large_image\" \/>\n<meta name=\"twitter:label1\" content=\"Est. reading time\" \/>\n\t<meta name=\"twitter:data1\" content=\"2 minit\" \/>\n<script type=\"application\/ld+json\" class=\"yoast-schema-graph\">{\"@context\":\"https:\/\/schema.org\",\"@graph\":[{\"@type\":\"WebPage\",\"@id\":\"https:\/\/swoer.vn\/manufacturer\/may-lap-rap-tu-dong-usb-3-1\/\",\"url\":\"https:\/\/swoer.vn\/manufacturer\/may-lap-rap-tu-dong-usb-3-1\/\",\"name\":\"M\u00e1y l\u1eafp r\u00e1p t\u1ef1 \u0111\u1ed9ng USB 3.1 - Nh\u00e0 s\u1ea3n xu\u1ea5t m\u00e1y c\u1ea5p li\u1ec7u c\u00f4ng nghi\u1ec7p\",\"isPartOf\":{\"@id\":\"https:\/\/swoer.vn\/#website\"},\"primaryImageOfPage\":{\"@id\":\"https:\/\/swoer.vn\/manufacturer\/may-lap-rap-tu-dong-usb-3-1\/#primaryimage\"},\"image\":{\"@id\":\"https:\/\/swoer.vn\/manufacturer\/may-lap-rap-tu-dong-usb-3-1\/#primaryimage\"},\"thumbnailUrl\":\"https:\/\/swoer.vn\/wp-content\/uploads\/2025\/09\/May-lap-rap-tu-dong-USB-3.1.png\",\"datePublished\":\"2025-09-19T08:04:38+00:00\",\"description\":\"M\u00e1y l\u1eafp r\u00e1p t\u1ef1 \u0111\u1ed9ng USB 3.1 SWOER: T\u1ef1 \u0111\u1ed9ng h\u00f3a quy tr\u00ecnh l\u1eafp r\u00e1p USB 3.1. \u0110\u1ea3m b\u1ea3o t\u1ed1c \u0111\u1ed9, \u0111\u1ed9 ch\u00ednh x\u00e1c v\u00e0 ch\u1ea5t l\u01b0\u1ee3ng s\u1ea3n ph\u1ea9m v\u01b0\u1ee3t tr\u1ed9i.\",\"breadcrumb\":{\"@id\":\"https:\/\/swoer.vn\/manufacturer\/may-lap-rap-tu-dong-usb-3-1\/#breadcrumb\"},\"inLanguage\":\"ms-MY\",\"potentialAction\":[{\"@type\":\"ReadAction\",\"target\":[\"https:\/\/swoer.vn\/manufacturer\/may-lap-rap-tu-dong-usb-3-1\/\"]}]},{\"@type\":\"ImageObject\",\"inLanguage\":\"ms-MY\",\"@id\":\"https:\/\/swoer.vn\/manufacturer\/may-lap-rap-tu-dong-usb-3-1\/#primaryimage\",\"url\":\"https:\/\/swoer.vn\/wp-content\/uploads\/2025\/09\/May-lap-rap-tu-dong-USB-3.1.png\",\"contentUrl\":\"https:\/\/swoer.vn\/wp-content\/uploads\/2025\/09\/May-lap-rap-tu-dong-USB-3.1.png\",\"width\":800,\"height\":800,\"caption\":\"M\u00e1y l\u1eafp r\u00e1p t\u1ef1 \u0111\u1ed9ng USB 3.1\"},{\"@type\":\"BreadcrumbList\",\"@id\":\"https:\/\/swoer.vn\/manufacturer\/may-lap-rap-tu-dong-usb-3-1\/#breadcrumb\",\"itemListElement\":[{\"@type\":\"ListItem\",\"position\":1,\"name\":\"Home\",\"item\":\"https:\/\/swoer.vn\/\"},{\"@type\":\"ListItem\",\"position\":2,\"name\":\"S\u1ea3n ph\u1ea9m\",\"item\":\"https:\/\/swoer.vn\/shop\/\"},{\"@type\":\"ListItem\",\"position\":3,\"name\":\"M\u00e1y l\u1eafp r\u00e1p t\u1ef1 \u0111\u1ed9ng USB 3.1\"}]},{\"@type\":\"WebSite\",\"@id\":\"https:\/\/swoer.vn\/#website\",\"url\":\"https:\/\/swoer.vn\/\",\"name\":\"Nh\u00e0 s\u1ea3n xu\u1ea5t m\u00e1y c\u1ea5p li\u1ec7u c\u00f4ng nghi\u1ec7p\",\"description\":\"Nh\u00e0 cung c\u1ea5p robot, m\u00e1y c\u1ea5p li\u1ec7u linh ho\u1ea1t, m\u00e1y c\u1ea5p li\u1ec7u ly t\u00e2m, m\u00e1y c\u1ea5p li\u1ec7u rung t\u1ef1 \u0111\u1ed9ng\",\"potentialAction\":[{\"@type\":\"SearchAction\",\"target\":{\"@type\":\"EntryPoint\",\"urlTemplate\":\"https:\/\/swoer.vn\/?s={search_term_string}\"},\"query-input\":{\"@type\":\"PropertyValueSpecification\",\"valueRequired\":true,\"valueName\":\"search_term_string\"}}],\"inLanguage\":\"ms-MY\"}]}<\/script>\n<!-- \/ Yoast SEO plugin. -->","yoast_head_json":{"title":"M\u00e1y l\u1eafp r\u00e1p t\u1ef1 \u0111\u1ed9ng USB 3.1 - Nh\u00e0 s\u1ea3n xu\u1ea5t m\u00e1y c\u1ea5p li\u1ec7u c\u00f4ng nghi\u1ec7p","description":"M\u00e1y l\u1eafp r\u00e1p t\u1ef1 \u0111\u1ed9ng USB 3.1 SWOER: T\u1ef1 \u0111\u1ed9ng h\u00f3a quy tr\u00ecnh l\u1eafp r\u00e1p USB 3.1. \u0110\u1ea3m b\u1ea3o t\u1ed1c \u0111\u1ed9, \u0111\u1ed9 ch\u00ednh x\u00e1c v\u00e0 ch\u1ea5t l\u01b0\u1ee3ng s\u1ea3n ph\u1ea9m v\u01b0\u1ee3t tr\u1ed9i.","robots":{"index":"index","follow":"follow","max-snippet":"max-snippet:-1","max-image-preview":"max-image-preview:large","max-video-preview":"max-video-preview:-1"},"canonical":"https:\/\/swoer.vn\/ms\/manufacturer\/may-lap-rap-tu-dong-usb-3-1\/","og_locale":"ms_MY","og_type":"article","og_title":"M\u00e1y l\u1eafp r\u00e1p t\u1ef1 \u0111\u1ed9ng USB 3.1 - Nh\u00e0 s\u1ea3n xu\u1ea5t m\u00e1y c\u1ea5p li\u1ec7u c\u00f4ng nghi\u1ec7p","og_description":"M\u00e1y l\u1eafp r\u00e1p t\u1ef1 \u0111\u1ed9ng USB 3.1 SWOER: T\u1ef1 \u0111\u1ed9ng h\u00f3a quy tr\u00ecnh l\u1eafp r\u00e1p USB 3.1. \u0110\u1ea3m b\u1ea3o t\u1ed1c \u0111\u1ed9, \u0111\u1ed9 ch\u00ednh x\u00e1c v\u00e0 ch\u1ea5t l\u01b0\u1ee3ng s\u1ea3n ph\u1ea9m v\u01b0\u1ee3t tr\u1ed9i.","og_url":"https:\/\/swoer.vn\/ms\/manufacturer\/may-lap-rap-tu-dong-usb-3-1\/","og_site_name":"Nh\u00e0 s\u1ea3n xu\u1ea5t m\u00e1y c\u1ea5p li\u1ec7u c\u00f4ng nghi\u1ec7p","og_image":[{"width":800,"height":800,"url":"https:\/\/swoer.vn\/wp-content\/uploads\/2025\/09\/May-lap-rap-tu-dong-USB-3.1.png","type":"image\/png"}],"twitter_card":"summary_large_image","twitter_misc":{"Est. reading time":"2 minit"},"schema":{"@context":"https:\/\/schema.org","@graph":[{"@type":"WebPage","@id":"https:\/\/swoer.vn\/manufacturer\/may-lap-rap-tu-dong-usb-3-1\/","url":"https:\/\/swoer.vn\/manufacturer\/may-lap-rap-tu-dong-usb-3-1\/","name":"M\u00e1y l\u1eafp r\u00e1p t\u1ef1 \u0111\u1ed9ng USB 3.1 - Nh\u00e0 s\u1ea3n xu\u1ea5t m\u00e1y c\u1ea5p li\u1ec7u c\u00f4ng nghi\u1ec7p","isPartOf":{"@id":"https:\/\/swoer.vn\/#website"},"primaryImageOfPage":{"@id":"https:\/\/swoer.vn\/manufacturer\/may-lap-rap-tu-dong-usb-3-1\/#primaryimage"},"image":{"@id":"https:\/\/swoer.vn\/manufacturer\/may-lap-rap-tu-dong-usb-3-1\/#primaryimage"},"thumbnailUrl":"https:\/\/swoer.vn\/wp-content\/uploads\/2025\/09\/May-lap-rap-tu-dong-USB-3.1.png","datePublished":"2025-09-19T08:04:38+00:00","description":"M\u00e1y l\u1eafp r\u00e1p t\u1ef1 \u0111\u1ed9ng USB 3.1 SWOER: T\u1ef1 \u0111\u1ed9ng h\u00f3a quy tr\u00ecnh l\u1eafp r\u00e1p USB 3.1. \u0110\u1ea3m b\u1ea3o t\u1ed1c \u0111\u1ed9, \u0111\u1ed9 ch\u00ednh x\u00e1c v\u00e0 ch\u1ea5t l\u01b0\u1ee3ng s\u1ea3n ph\u1ea9m v\u01b0\u1ee3t tr\u1ed9i.","breadcrumb":{"@id":"https:\/\/swoer.vn\/manufacturer\/may-lap-rap-tu-dong-usb-3-1\/#breadcrumb"},"inLanguage":"ms-MY","potentialAction":[{"@type":"ReadAction","target":["https:\/\/swoer.vn\/manufacturer\/may-lap-rap-tu-dong-usb-3-1\/"]}]},{"@type":"ImageObject","inLanguage":"ms-MY","@id":"https:\/\/swoer.vn\/manufacturer\/may-lap-rap-tu-dong-usb-3-1\/#primaryimage","url":"https:\/\/swoer.vn\/wp-content\/uploads\/2025\/09\/May-lap-rap-tu-dong-USB-3.1.png","contentUrl":"https:\/\/swoer.vn\/wp-content\/uploads\/2025\/09\/May-lap-rap-tu-dong-USB-3.1.png","width":800,"height":800,"caption":"M\u00e1y l\u1eafp r\u00e1p t\u1ef1 \u0111\u1ed9ng USB 3.1"},{"@type":"BreadcrumbList","@id":"https:\/\/swoer.vn\/manufacturer\/may-lap-rap-tu-dong-usb-3-1\/#breadcrumb","itemListElement":[{"@type":"ListItem","position":1,"name":"Home","item":"https:\/\/swoer.vn\/"},{"@type":"ListItem","position":2,"name":"S\u1ea3n ph\u1ea9m","item":"https:\/\/swoer.vn\/shop\/"},{"@type":"ListItem","position":3,"name":"M\u00e1y l\u1eafp r\u00e1p t\u1ef1 \u0111\u1ed9ng USB 3.1"}]},{"@type":"WebSite","@id":"https:\/\/swoer.vn\/#website","url":"https:\/\/swoer.vn\/","name":"Pengeluar Pengumpan Perindustrian","description":"Pembekal robot, penyuap fleksibel, penyuap emparan, penyuap bergetar automatik","potentialAction":[{"@type":"SearchAction","target":{"@type":"EntryPoint","urlTemplate":"https:\/\/swoer.vn\/?s={search_term_string}"},"query-input":{"@type":"PropertyValueSpecification","valueRequired":true,"valueName":"search_term_string"}}],"inLanguage":"ms-MY"}]}},"_links":{"self":[{"href":"https:\/\/swoer.vn\/ms\/wp-json\/wp\/v2\/product\/4662","targetHints":{"allow":["GET"]}}],"collection":[{"href":"https:\/\/swoer.vn\/ms\/wp-json\/wp\/v2\/product"}],"about":[{"href":"https:\/\/swoer.vn\/ms\/wp-json\/wp\/v2\/types\/product"}],"replies":[{"embeddable":true,"href":"https:\/\/swoer.vn\/ms\/wp-json\/wp\/v2\/comments?post=4662"}],"wp:featuredmedia":[{"embeddable":true,"href":"https:\/\/swoer.vn\/ms\/wp-json\/wp\/v2\/media\/4663"}],"wp:attachment":[{"href":"https:\/\/swoer.vn\/ms\/wp-json\/wp\/v2\/media?parent=4662"}],"wp:term":[{"taxonomy":"product_brand","embeddable":true,"href":"https:\/\/swoer.vn\/ms\/wp-json\/wp\/v2\/product_brand?post=4662"},{"taxonomy":"product_cat","embeddable":true,"href":"https:\/\/swoer.vn\/ms\/wp-json\/wp\/v2\/product_cat?post=4662"},{"taxonomy":"product_tag","embeddable":true,"href":"https:\/\/swoer.vn\/ms\/wp-json\/wp\/v2\/product_tag?post=4662"}],"curies":[{"name":"wp","href":"https:\/\/api.w.org\/{rel}","templated":true}]}}