{"id":4660,"date":"2025-09-19T15:00:11","date_gmt":"2025-09-19T08:00:11","guid":{"rendered":"https:\/\/swoer.vn\/?post_type=product&#038;p=4660"},"modified":"2025-09-23T08:51:45","modified_gmt":"2025-09-23T01:51:45","slug":"may-lap-rap-cong-tac-cua-dien","status":"publish","type":"product","link":"https:\/\/swoer.vn\/ms\/manufacturer\/may-lap-rap-cong-tac-cua-dien\/","title":{"rendered":"Mesin pemasangan suis pintu elektrik"},"content":{"rendered":"<h2><span style=\"font-weight: 400;\">Spesifikasi produk:<\/span><\/h2>\n<table>\n<tbody>\n<tr>\n<td><span style=\"font-weight: 400;\">Kod produk<\/span><\/td>\n<td><span style=\"font-weight: 400;\">Electric Door Switch Assembly Machine<\/span><\/td>\n<\/tr>\n<tr>\n<td><span style=\"font-weight: 400;\">S\u1ea3n xu\u1ea5t<\/span><\/td>\n<td><span style=\"font-weight: 400;\">Li\u00ean t\u1ee5c<\/span><\/td>\n<\/tr>\n<tr>\n<td><span style=\"font-weight: 400;\">T\u1ef1 \u0111\u1ed9ng ho\u00e1<\/span><\/td>\n<td><span style=\"font-weight: 400;\">Automation<\/span><\/td>\n<\/tr>\n<tr>\n<td><span style=\"font-weight: 400;\">Masa Utama<\/span><\/td>\n<td><span style=\"font-weight: 400;\">Within 30 days<\/span><\/td>\n<\/tr>\n<tr>\n<td><span style=\"font-weight: 400;\">Transmission Type<\/span><\/td>\n<td><span style=\"font-weight: 400;\">Flexible<\/span><\/td>\n<\/tr>\n<tr>\n<td><span style=\"font-weight: 400;\">Certification<\/span><\/td>\n<td><span style=\"font-weight: 400;\">CE<\/span><\/td>\n<\/tr>\n<tr>\n<td><span style=\"font-weight: 400;\">Rhythm<\/span><\/td>\n<td><span style=\"font-weight: 400;\">Flow Production Line<\/span><\/td>\n<\/tr>\n<tr>\n<td><span style=\"font-weight: 400;\">Jenama<\/span><\/td>\n<td><span style=\"font-weight: 400;\">SUMPAH<\/span><\/td>\n<\/tr>\n<tr>\n<td><span style=\"font-weight: 400;\">Spesifikasi<\/span><\/td>\n<td><span style=\"font-weight: 400;\">2200 * 960 * 750 (mm)<\/span><\/td>\n<\/tr>\n<tr>\n<td><span style=\"font-weight: 400;\">Perkhidmatan Selepas Jualan<\/span><\/td>\n<td><span style=\"font-weight: 400;\">satu tahun<\/span><\/td>\n<\/tr>\n<tr>\n<td><span style=\"font-weight: 400;\">botol<\/span><\/td>\n<td><span style=\"font-weight: 400;\">satu tahun<\/span><\/td>\n<\/tr>\n<tr>\n<td><span style=\"font-weight: 400;\">Automatic Production Line<\/span><\/td>\n<td><span style=\"font-weight: 400;\">Assembly<\/span><\/td>\n<\/tr>\n<tr>\n<td><span style=\"font-weight: 400;\">Flexible Production<\/span><\/td>\n<td><span style=\"font-weight: 400;\">Kumpulkan<\/span><\/td>\n<\/tr>\n<tr>\n<td><span style=\"font-weight: 400;\">Production Scope<\/span><\/td>\n<td><span style=\"font-weight: 400;\">Product Line<\/span><\/td>\n<\/tr>\n<tr>\n<td><span style=\"font-weight: 400;\">Asal<\/span><\/td>\n<td><span style=\"font-weight: 400;\">China<\/span><\/td>\n<\/tr>\n<tr>\n<td><span style=\"font-weight: 400;\">Sumber<\/span><\/td>\n<td><span style=\"font-weight: 400;\">AV380V 50-60Hz<\/span><\/td>\n<\/tr>\n<tr>\n<td><span style=\"font-weight: 400;\">\u00c1p su\u1ea5t kh\u00f4ng kh\u00ed<\/span><\/td>\n<td><span style=\"font-weight: 400;\">&gt;0,5MPa<\/span><\/td>\n<\/tr>\n<tr>\n<td><span style=\"font-weight: 400;\">Dimensi mekanikal<\/span><\/td>\n<td><span style=\"font-weight: 400;\">2500 * 1400 * 1200 (mm)<\/span><\/td>\n<\/tr>\n<tr>\n<td><span style=\"font-weight: 400;\">Dung t\u00edch<\/span><\/td>\n<td><span style=\"font-weight: 400;\">600PCS\/H<\/span><\/td>\n<\/tr>\n<tr>\n<td><span style=\"font-weight: 400;\">Kapasiti<\/span><\/td>\n<td><span style=\"font-weight: 400;\">2000W<\/span><\/td>\n<\/tr>\n<tr>\n<td><span style=\"font-weight: 400;\">Berat produk<\/span><\/td>\n<td><span style=\"font-weight: 400;\">1300 Kg<\/span><\/td>\n<\/tr>\n<\/tbody>\n<\/table>\n<h2><span style=\"font-weight: 400;\">ciri-ciri:<\/span><\/h2>\n<ol>\n<li><span style=\"font-weight: 400;\"> M\u00e1y s\u1ebd d\u00f9ng xilanh l\u00e0m ngu\u1ed3n, h\u1ec7 th\u1ed1ng \u0111i\u1ec1u khi\u1ec3n l\u00e0 b\u1ed9 \u0111i\u1ec1u khi\u1ec3n l\u1eadp tr\u00ecnh PLC v\u00e0 nguy\u00ean t\u1eafc ho\u1ea1t \u0111\u1ed9ng l\u1eafp r\u00e1p tr\u1ea1m bi\u1ebfn \u00e1p tr\u1ef1c quan;<\/span><\/li>\n<li><span style=\"font-weight: 400;\"> Thi\u1ebft b\u1ecb \u0111\u01b0\u1ee3c l\u1eafp r\u00e1p \u1edf d\u1ea1ng c\u1ea5u tr\u00fac t\u1ef1 \u0111\u1ed9ng ki\u1ec3u xoay v\u00e0 t\u1ea5m rung \u0111\u01b0\u1ee3c n\u1ea1p t\u1ef1 \u0111\u1ed9ng, t\u1ef1 \u0111\u1ed9ng l\u1eafp r\u00e1p v\u00e0 ph\u00e1t hi\u1ec7n b\u1edfi CCD;<\/span><\/li>\n<li><span style=\"font-weight: 400;\"> S\u1ea3n ph\u1ea9m \u0111\u01b0\u1ee3c l\u1eafp r\u00e1p b\u1edfi nhi\u1ec1u th\u00e0nh ph\u1ea7n, v\u00e0 thi\u1ebft b\u1ecb \u00e1p d\u1ee5ng ph\u01b0\u01a1ng ph\u00e1p h\u00e0n t\u1ef1 \u0111\u1ed9ng v\u00e0 t\u1ef1 \u0111\u1ed9ng b\u1eaft v\u00e0 c\u1eaft t\u1ef1 \u0111\u1ed9ng;<\/span><\/li>\n<li><span style=\"font-weight: 400;\"> S\u1eed d\u1ee5ng giao di\u1ec7n ng\u01b0\u1eddi d\u00f9ng m\u00e1y, giao di\u1ec7n tr\u1ef1c quan, v\u1eadn h\u00e0nh \u0111\u01a1n gi\u1ea3n v\u00e0 an to\u00e0n;<\/span><\/li>\n<li><span style=\"font-weight: 400;\"> Thi\u1ebft b\u1ecb c\u00f3 ch\u1ee9c n\u0103ng ph\u00e1t hi\u1ec7n v\u00e0 lo\u1ea1i b\u1ecf c\u00e1c s\u1ea3n ph\u1ea9m l\u1ed7i nh\u01b0 thi\u1ebfu, r\u00f2 r\u1ec9 h\u1ee3p kim h\u00e0n v\u00e0 kh\u00f4ng c\u00f3;<\/span><\/li>\n<li><span style=\"font-weight: 400;\"> T\u1ea5t c\u1ea3 c\u00e1c tr\u1ea1m ch\u00ednh c\u1ee7a thi\u1ebft b\u1ecb c\u00f3 th\u1ec3 linh ho\u1ea1t thi\u1ebft l\u1eadp t\u1ed1c \u0111\u1ed9 v\u00e0 s\u1ed1 l\u01b0\u1ee3ng \u0111i\u1ec1u ch\u1ec9nh;<\/span><\/li>\n<li><span style=\"font-weight: 400;\"> S\u1ed1 li\u1ec7u th\u1ed1ng k\u00ea v\u1ec1 s\u1ed1 li\u1ec7u th\u1ed1ng k\u00ea s\u1ea3n xu\u1ea5t gi\u00fap d\u1ec5 d\u00e0ng ki\u1ec3m so\u00e1t s\u1ea3n l\u01b0\u1ee3ng h\u01a1n;<\/span><\/li>\n<li><span style=\"font-weight: 400;\"> L\u1ed7i t\u1ef1 \u0111\u1ed9ng d\u1eebng, b\u00e1o th\u1ee9c v\u00e0 hi\u1ec3n th\u1ecb th\u00f4ng b\u00e1o l\u1ed7i \u0111\u1ec3 ki\u1ec3m tra v\u00e0 kh\u1eafc ph\u1ee5c s\u1ef1 c\u1ed1.<\/span><\/li>\n<\/ol>","protected":false},"excerpt":{"rendered":"<p>Trong ng\u00e0nh s\u1ea3n xu\u1ea5t \u0111i\u1ec7n t\u1eed v\u00e0 \u00f4 t\u00f4, vi\u1ec7c l\u1eafp r\u00e1p c\u00f4ng t\u1eafc c\u1eeda \u0111\u00f2i h\u1ecfi s\u1ef1 ch\u00ednh x\u00e1c cao. <b>Mesin pemasangan suis pintu elektrik<\/b> c\u1ee7a SWOER l\u00e0 gi\u1ea3i ph\u00e1p chuy\u00ean bi\u1ec7t. N\u00f3 \u0111\u01b0\u1ee3c thi\u1ebft k\u1ebf \u0111\u1ec3 t\u1ef1 \u0111\u1ed9ng h\u00f3a ho\u00e0n to\u00e0n quy tr\u00ecnh n\u00e0y. M\u00e1y c\u00f3 kh\u1ea3 n\u0103ng c\u1ea5p ph\u00f4i, \u0111\u1ecbnh v\u1ecb, si\u1ebft \u1ed1c v\u00e0 ki\u1ec3m tra ch\u1ea5t l\u01b0\u1ee3ng. \u0110i\u1ec1u n\u00e0y gi\u00fap \u0111\u1ea3m b\u1ea3o m\u1ed7i c\u00f4ng t\u1eafc \u0111\u01b0\u1ee3c l\u1eafp r\u00e1p v\u1edbi \u0111\u1ed9 ch\u00ednh x\u00e1c tuy\u1ec7t \u0111\u1ed1i. Gi\u1ea3i ph\u00e1p n\u00e0y kh\u00f4ng ch\u1ec9 n\u00e2ng cao n\u0103ng su\u1ea5t m\u00e0 c\u00f2n gi\u1ea3m thi\u1ec3u sai s\u00f3t. \u0110\u1ed3ng th\u1eddi, n\u00f3 gi\u00fap \u0111\u1ea3m b\u1ea3o \u0111\u1ed9 tin c\u1eady c\u1ee7a s\u1ea3n ph\u1ea9m cu\u1ed1i c\u00f9ng.<\/p>","protected":false},"featured_media":4661,"comment_status":"open","ping_status":"closed","template":"","meta":[],"product_brand":[],"product_cat":[142],"product_tag":[176,133,140],"class_list":{"0":"post-4660","1":"product","2":"type-product","3":"status-publish","4":"has-post-thumbnail","6":"product_cat-may-lap-rap-tu-dong","7":"product_tag-lap-rap-tu-dong","8":"product_tag-may-lap-rap","9":"product_tag-may-lap-rap-tu-dong","11":"first","12":"instock","13":"shipping-taxable","14":"product-type-simple"},"yoast_head":"<!-- This site is optimized with the Yoast SEO plugin v26.0 - https:\/\/yoast.com\/wordpress\/plugins\/seo\/ -->\n<title>M\u00e1y l\u1eafp r\u00e1p c\u00f4ng t\u1eafc c\u1eeda \u0111i\u1ec7n - Nh\u00e0 s\u1ea3n xu\u1ea5t m\u00e1y c\u1ea5p li\u1ec7u c\u00f4ng nghi\u1ec7p<\/title>\n<meta name=\"description\" content=\"M\u00e1y l\u1eafp r\u00e1p c\u00f4ng t\u1eafc c\u1eeda \u0111i\u1ec7n SWOER: T\u1ef1 \u0111\u1ed9ng h\u00f3a quy tr\u00ecnh l\u1eafp r\u00e1p c\u00f4ng t\u1eafc c\u1eeda. \u0110\u1ea3m b\u1ea3o \u0111\u1ed9 ch\u00ednh x\u00e1c, an to\u00e0n v\u00e0 n\u00e2ng cao n\u0103ng su\u1ea5t s\u1ea3n xu\u1ea5t.\" \/>\n<meta name=\"robots\" content=\"index, follow, max-snippet:-1, max-image-preview:large, max-video-preview:-1\" \/>\n<link rel=\"canonical\" href=\"https:\/\/swoer.vn\/ms\/manufacturer\/may-lap-rap-cong-tac-cua-dien\/\" \/>\n<meta property=\"og:locale\" content=\"ms_MY\" \/>\n<meta property=\"og:type\" content=\"article\" \/>\n<meta property=\"og:title\" content=\"M\u00e1y l\u1eafp r\u00e1p c\u00f4ng t\u1eafc c\u1eeda \u0111i\u1ec7n - Nh\u00e0 s\u1ea3n xu\u1ea5t m\u00e1y c\u1ea5p li\u1ec7u c\u00f4ng nghi\u1ec7p\" \/>\n<meta property=\"og:description\" content=\"M\u00e1y l\u1eafp r\u00e1p c\u00f4ng t\u1eafc c\u1eeda \u0111i\u1ec7n SWOER: T\u1ef1 \u0111\u1ed9ng h\u00f3a quy tr\u00ecnh l\u1eafp r\u00e1p c\u00f4ng t\u1eafc c\u1eeda. \u0110\u1ea3m b\u1ea3o \u0111\u1ed9 ch\u00ednh x\u00e1c, an to\u00e0n v\u00e0 n\u00e2ng cao n\u0103ng su\u1ea5t s\u1ea3n xu\u1ea5t.\" \/>\n<meta property=\"og:url\" content=\"https:\/\/swoer.vn\/ms\/manufacturer\/may-lap-rap-cong-tac-cua-dien\/\" \/>\n<meta property=\"og:site_name\" content=\"Nh\u00e0 s\u1ea3n xu\u1ea5t m\u00e1y c\u1ea5p li\u1ec7u c\u00f4ng nghi\u1ec7p\" \/>\n<meta property=\"article:modified_time\" content=\"2025-09-23T01:51:45+00:00\" \/>\n<meta property=\"og:image\" content=\"https:\/\/swoer.vn\/wp-content\/uploads\/2025\/09\/May-lap-rap-cong-tac-cua-dien.png\" \/>\n\t<meta property=\"og:image:width\" content=\"800\" \/>\n\t<meta property=\"og:image:height\" content=\"800\" \/>\n\t<meta property=\"og:image:type\" content=\"image\/png\" \/>\n<meta name=\"twitter:card\" content=\"summary_large_image\" \/>\n<meta name=\"twitter:label1\" content=\"Est. reading time\" \/>\n\t<meta name=\"twitter:data1\" content=\"2 minit\" \/>\n<script type=\"application\/ld+json\" class=\"yoast-schema-graph\">{\"@context\":\"https:\/\/schema.org\",\"@graph\":[{\"@type\":\"WebPage\",\"@id\":\"https:\/\/swoer.vn\/manufacturer\/may-lap-rap-cong-tac-cua-dien\/\",\"url\":\"https:\/\/swoer.vn\/manufacturer\/may-lap-rap-cong-tac-cua-dien\/\",\"name\":\"M\u00e1y l\u1eafp r\u00e1p c\u00f4ng t\u1eafc c\u1eeda \u0111i\u1ec7n - Nh\u00e0 s\u1ea3n xu\u1ea5t m\u00e1y c\u1ea5p li\u1ec7u c\u00f4ng nghi\u1ec7p\",\"isPartOf\":{\"@id\":\"https:\/\/swoer.vn\/#website\"},\"primaryImageOfPage\":{\"@id\":\"https:\/\/swoer.vn\/manufacturer\/may-lap-rap-cong-tac-cua-dien\/#primaryimage\"},\"image\":{\"@id\":\"https:\/\/swoer.vn\/manufacturer\/may-lap-rap-cong-tac-cua-dien\/#primaryimage\"},\"thumbnailUrl\":\"https:\/\/swoer.vn\/wp-content\/uploads\/2025\/09\/May-lap-rap-cong-tac-cua-dien.png\",\"datePublished\":\"2025-09-19T08:00:11+00:00\",\"dateModified\":\"2025-09-23T01:51:45+00:00\",\"description\":\"M\u00e1y l\u1eafp r\u00e1p c\u00f4ng t\u1eafc c\u1eeda \u0111i\u1ec7n SWOER: T\u1ef1 \u0111\u1ed9ng h\u00f3a quy tr\u00ecnh l\u1eafp r\u00e1p c\u00f4ng t\u1eafc c\u1eeda. \u0110\u1ea3m b\u1ea3o \u0111\u1ed9 ch\u00ednh x\u00e1c, an to\u00e0n v\u00e0 n\u00e2ng cao n\u0103ng su\u1ea5t s\u1ea3n xu\u1ea5t.\",\"breadcrumb\":{\"@id\":\"https:\/\/swoer.vn\/manufacturer\/may-lap-rap-cong-tac-cua-dien\/#breadcrumb\"},\"inLanguage\":\"ms-MY\",\"potentialAction\":[{\"@type\":\"ReadAction\",\"target\":[\"https:\/\/swoer.vn\/manufacturer\/may-lap-rap-cong-tac-cua-dien\/\"]}]},{\"@type\":\"ImageObject\",\"inLanguage\":\"ms-MY\",\"@id\":\"https:\/\/swoer.vn\/manufacturer\/may-lap-rap-cong-tac-cua-dien\/#primaryimage\",\"url\":\"https:\/\/swoer.vn\/wp-content\/uploads\/2025\/09\/May-lap-rap-cong-tac-cua-dien.png\",\"contentUrl\":\"https:\/\/swoer.vn\/wp-content\/uploads\/2025\/09\/May-lap-rap-cong-tac-cua-dien.png\",\"width\":800,\"height\":800,\"caption\":\"Ma\u0301y la\u0306\u0301p ra\u0301p co\u0302ng ta\u0306\u0301c cu\u031b\u0309a \u0111ie\u0323\u0302n\"},{\"@type\":\"BreadcrumbList\",\"@id\":\"https:\/\/swoer.vn\/manufacturer\/may-lap-rap-cong-tac-cua-dien\/#breadcrumb\",\"itemListElement\":[{\"@type\":\"ListItem\",\"position\":1,\"name\":\"Home\",\"item\":\"https:\/\/swoer.vn\/\"},{\"@type\":\"ListItem\",\"position\":2,\"name\":\"S\u1ea3n ph\u1ea9m\",\"item\":\"https:\/\/swoer.vn\/shop\/\"},{\"@type\":\"ListItem\",\"position\":3,\"name\":\"M\u00e1y l\u1eafp r\u00e1p c\u00f4ng t\u1eafc c\u1eeda \u0111i\u1ec7n\"}]},{\"@type\":\"WebSite\",\"@id\":\"https:\/\/swoer.vn\/#website\",\"url\":\"https:\/\/swoer.vn\/\",\"name\":\"Nh\u00e0 s\u1ea3n xu\u1ea5t m\u00e1y c\u1ea5p li\u1ec7u c\u00f4ng nghi\u1ec7p\",\"description\":\"Nh\u00e0 cung c\u1ea5p robot, m\u00e1y c\u1ea5p li\u1ec7u linh ho\u1ea1t, m\u00e1y c\u1ea5p li\u1ec7u ly t\u00e2m, m\u00e1y c\u1ea5p li\u1ec7u rung t\u1ef1 \u0111\u1ed9ng\",\"potentialAction\":[{\"@type\":\"SearchAction\",\"target\":{\"@type\":\"EntryPoint\",\"urlTemplate\":\"https:\/\/swoer.vn\/?s={search_term_string}\"},\"query-input\":{\"@type\":\"PropertyValueSpecification\",\"valueRequired\":true,\"valueName\":\"search_term_string\"}}],\"inLanguage\":\"ms-MY\"}]}<\/script>\n<!-- \/ Yoast SEO plugin. -->","yoast_head_json":{"title":"M\u00e1y l\u1eafp r\u00e1p c\u00f4ng t\u1eafc c\u1eeda \u0111i\u1ec7n - Nh\u00e0 s\u1ea3n xu\u1ea5t m\u00e1y c\u1ea5p li\u1ec7u c\u00f4ng nghi\u1ec7p","description":"M\u00e1y l\u1eafp r\u00e1p c\u00f4ng t\u1eafc c\u1eeda \u0111i\u1ec7n SWOER: T\u1ef1 \u0111\u1ed9ng h\u00f3a quy tr\u00ecnh l\u1eafp r\u00e1p c\u00f4ng t\u1eafc c\u1eeda. \u0110\u1ea3m b\u1ea3o \u0111\u1ed9 ch\u00ednh x\u00e1c, an to\u00e0n v\u00e0 n\u00e2ng cao n\u0103ng su\u1ea5t s\u1ea3n xu\u1ea5t.","robots":{"index":"index","follow":"follow","max-snippet":"max-snippet:-1","max-image-preview":"max-image-preview:large","max-video-preview":"max-video-preview:-1"},"canonical":"https:\/\/swoer.vn\/ms\/manufacturer\/may-lap-rap-cong-tac-cua-dien\/","og_locale":"ms_MY","og_type":"article","og_title":"M\u00e1y l\u1eafp r\u00e1p c\u00f4ng t\u1eafc c\u1eeda \u0111i\u1ec7n - Nh\u00e0 s\u1ea3n xu\u1ea5t m\u00e1y c\u1ea5p li\u1ec7u c\u00f4ng nghi\u1ec7p","og_description":"M\u00e1y l\u1eafp r\u00e1p c\u00f4ng t\u1eafc c\u1eeda \u0111i\u1ec7n SWOER: T\u1ef1 \u0111\u1ed9ng h\u00f3a quy tr\u00ecnh l\u1eafp r\u00e1p c\u00f4ng t\u1eafc c\u1eeda. \u0110\u1ea3m b\u1ea3o \u0111\u1ed9 ch\u00ednh x\u00e1c, an to\u00e0n v\u00e0 n\u00e2ng cao n\u0103ng su\u1ea5t s\u1ea3n xu\u1ea5t.","og_url":"https:\/\/swoer.vn\/ms\/manufacturer\/may-lap-rap-cong-tac-cua-dien\/","og_site_name":"Nh\u00e0 s\u1ea3n xu\u1ea5t m\u00e1y c\u1ea5p li\u1ec7u c\u00f4ng nghi\u1ec7p","article_modified_time":"2025-09-23T01:51:45+00:00","og_image":[{"width":800,"height":800,"url":"https:\/\/swoer.vn\/wp-content\/uploads\/2025\/09\/May-lap-rap-cong-tac-cua-dien.png","type":"image\/png"}],"twitter_card":"summary_large_image","twitter_misc":{"Est. reading time":"2 minit"},"schema":{"@context":"https:\/\/schema.org","@graph":[{"@type":"WebPage","@id":"https:\/\/swoer.vn\/manufacturer\/may-lap-rap-cong-tac-cua-dien\/","url":"https:\/\/swoer.vn\/manufacturer\/may-lap-rap-cong-tac-cua-dien\/","name":"M\u00e1y l\u1eafp r\u00e1p c\u00f4ng t\u1eafc c\u1eeda \u0111i\u1ec7n - Nh\u00e0 s\u1ea3n xu\u1ea5t m\u00e1y c\u1ea5p li\u1ec7u c\u00f4ng nghi\u1ec7p","isPartOf":{"@id":"https:\/\/swoer.vn\/#website"},"primaryImageOfPage":{"@id":"https:\/\/swoer.vn\/manufacturer\/may-lap-rap-cong-tac-cua-dien\/#primaryimage"},"image":{"@id":"https:\/\/swoer.vn\/manufacturer\/may-lap-rap-cong-tac-cua-dien\/#primaryimage"},"thumbnailUrl":"https:\/\/swoer.vn\/wp-content\/uploads\/2025\/09\/May-lap-rap-cong-tac-cua-dien.png","datePublished":"2025-09-19T08:00:11+00:00","dateModified":"2025-09-23T01:51:45+00:00","description":"M\u00e1y l\u1eafp r\u00e1p c\u00f4ng t\u1eafc c\u1eeda \u0111i\u1ec7n SWOER: T\u1ef1 \u0111\u1ed9ng h\u00f3a quy tr\u00ecnh l\u1eafp r\u00e1p c\u00f4ng t\u1eafc c\u1eeda. \u0110\u1ea3m b\u1ea3o \u0111\u1ed9 ch\u00ednh x\u00e1c, an to\u00e0n v\u00e0 n\u00e2ng cao n\u0103ng su\u1ea5t s\u1ea3n xu\u1ea5t.","breadcrumb":{"@id":"https:\/\/swoer.vn\/manufacturer\/may-lap-rap-cong-tac-cua-dien\/#breadcrumb"},"inLanguage":"ms-MY","potentialAction":[{"@type":"ReadAction","target":["https:\/\/swoer.vn\/manufacturer\/may-lap-rap-cong-tac-cua-dien\/"]}]},{"@type":"ImageObject","inLanguage":"ms-MY","@id":"https:\/\/swoer.vn\/manufacturer\/may-lap-rap-cong-tac-cua-dien\/#primaryimage","url":"https:\/\/swoer.vn\/wp-content\/uploads\/2025\/09\/May-lap-rap-cong-tac-cua-dien.png","contentUrl":"https:\/\/swoer.vn\/wp-content\/uploads\/2025\/09\/May-lap-rap-cong-tac-cua-dien.png","width":800,"height":800,"caption":"Ma\u0301y la\u0306\u0301p ra\u0301p co\u0302ng ta\u0306\u0301c cu\u031b\u0309a \u0111ie\u0323\u0302n"},{"@type":"BreadcrumbList","@id":"https:\/\/swoer.vn\/manufacturer\/may-lap-rap-cong-tac-cua-dien\/#breadcrumb","itemListElement":[{"@type":"ListItem","position":1,"name":"Home","item":"https:\/\/swoer.vn\/"},{"@type":"ListItem","position":2,"name":"S\u1ea3n ph\u1ea9m","item":"https:\/\/swoer.vn\/shop\/"},{"@type":"ListItem","position":3,"name":"M\u00e1y l\u1eafp r\u00e1p c\u00f4ng t\u1eafc c\u1eeda \u0111i\u1ec7n"}]},{"@type":"WebSite","@id":"https:\/\/swoer.vn\/#website","url":"https:\/\/swoer.vn\/","name":"Pengeluar Pengumpan Perindustrian","description":"Pembekal robot, penyuap fleksibel, penyuap emparan, penyuap bergetar automatik","potentialAction":[{"@type":"SearchAction","target":{"@type":"EntryPoint","urlTemplate":"https:\/\/swoer.vn\/?s={search_term_string}"},"query-input":{"@type":"PropertyValueSpecification","valueRequired":true,"valueName":"search_term_string"}}],"inLanguage":"ms-MY"}]}},"_links":{"self":[{"href":"https:\/\/swoer.vn\/ms\/wp-json\/wp\/v2\/product\/4660","targetHints":{"allow":["GET"]}}],"collection":[{"href":"https:\/\/swoer.vn\/ms\/wp-json\/wp\/v2\/product"}],"about":[{"href":"https:\/\/swoer.vn\/ms\/wp-json\/wp\/v2\/types\/product"}],"replies":[{"embeddable":true,"href":"https:\/\/swoer.vn\/ms\/wp-json\/wp\/v2\/comments?post=4660"}],"wp:featuredmedia":[{"embeddable":true,"href":"https:\/\/swoer.vn\/ms\/wp-json\/wp\/v2\/media\/4661"}],"wp:attachment":[{"href":"https:\/\/swoer.vn\/ms\/wp-json\/wp\/v2\/media?parent=4660"}],"wp:term":[{"taxonomy":"product_brand","embeddable":true,"href":"https:\/\/swoer.vn\/ms\/wp-json\/wp\/v2\/product_brand?post=4660"},{"taxonomy":"product_cat","embeddable":true,"href":"https:\/\/swoer.vn\/ms\/wp-json\/wp\/v2\/product_cat?post=4660"},{"taxonomy":"product_tag","embeddable":true,"href":"https:\/\/swoer.vn\/ms\/wp-json\/wp\/v2\/product_tag?post=4660"}],"curies":[{"name":"wp","href":"https:\/\/api.w.org\/{rel}","templated":true}]}}