{"id":4597,"date":"2025-09-17T15:54:40","date_gmt":"2025-09-17T08:54:40","guid":{"rendered":"https:\/\/swoer.vn\/?post_type=product&#038;p=4597"},"modified":"2025-09-17T15:54:40","modified_gmt":"2025-09-17T08:54:40","slug":"may-dong-goi-linh-kien-tu-dong","status":"publish","type":"product","link":"https:\/\/swoer.vn\/ms\/manufacturer\/may-dong-goi-linh-kien-tu-dong\/","title":{"rendered":"M\u00e1y \u0111\u00f3ng g\u00f3i linh ki\u1ec7n t\u1ef1 \u0111\u1ed9ng"},"content":{"rendered":"<h2><span style=\"font-weight: 400;\">Spesifikasi produk:<\/span><\/h2>\n<table>\n<tbody>\n<tr>\n<td><span style=\"font-weight: 400;\">Kod produk<\/span><\/td>\n<td><span style=\"font-weight: 400;\">Automatic Vibratory Feeding Bowl<\/span><\/td>\n<\/tr>\n<tr>\n<td><span style=\"font-weight: 400;\">Kuasa motor (kW)<\/span><\/td>\n<td><span style=\"font-weight: 400;\">1 hingga 10<\/span><\/td>\n<\/tr>\n<tr>\n<td><span style=\"font-weight: 400;\">Mod Pergerakan<\/span><\/td>\n<td><span style=\"font-weight: 400;\">Linear<\/span><\/td>\n<\/tr>\n<tr>\n<td><span style=\"font-weight: 400;\">Pemakanan Maks (mm)<\/span><\/td>\n<td><span style=\"font-weight: 400;\">500<\/span><\/td>\n<\/tr>\n<tr>\n<td><span style=\"font-weight: 400;\">botol<\/span><\/td>\n<td><span style=\"font-weight: 400;\">satu tahun<\/span><\/td>\n<\/tr>\n<tr>\n<td><span style=\"font-weight: 400;\">Dimensi Keseluruhan<\/span><\/td>\n<td><span style=\"font-weight: 400;\">Kumpulkan<\/span><\/td>\n<\/tr>\n<tr>\n<td><span style=\"font-weight: 400;\">Asal<\/span><\/td>\n<td><span style=\"font-weight: 400;\">China<\/span><\/td>\n<\/tr>\n<tr>\n<td><span style=\"font-weight: 400;\">S\u1ee9c ch\u1ee9a (t\/h)<\/span><\/td>\n<td><span style=\"font-weight: 400;\">50 &#8211; 150<\/span><\/td>\n<\/tr>\n<tr>\n<td><span style=\"font-weight: 400;\">taip\u00a0<\/span><\/td>\n<td><span style=\"font-weight: 400;\">SW-LS6<\/span><\/td>\n<\/tr>\n<tr>\n<td><span style=\"font-weight: 400;\">Masa Utama<\/span><\/td>\n<td><span style=\"font-weight: 400;\">7 &#8211; 14 ng\u00e0y<\/span><\/td>\n<\/tr>\n<tr>\n<td><span style=\"font-weight: 400;\">Rupa<\/span><\/td>\n<td><span style=\"font-weight: 400;\">Jenis terbuka<\/span><\/td>\n<\/tr>\n<tr>\n<td><span style=\"font-weight: 400;\">Cerun Pemasangan<\/span><\/td>\n<td><span style=\"font-weight: 400;\">0<\/span><\/td>\n<\/tr>\n<tr>\n<td><span style=\"font-weight: 400;\">Saiz Pelongsor (mm)<\/span><\/td>\n<td><span style=\"font-weight: 400;\">Kumpulkan<\/span><\/td>\n<\/tr>\n<tr>\n<td><span style=\"font-weight: 400;\">Jenama<\/span><\/td>\n<td><span style=\"font-weight: 400;\">SUMPAH<\/span><\/td>\n<\/tr>\n<tr>\n<td><span style=\"font-weight: 400;\">Ph\u1ea1m vi \u0111o<\/span><\/td>\n<td><span style=\"font-weight: 400;\">0 &#8211; 100000 chi\u1ebfc<\/span><\/td>\n<\/tr>\n<tr>\n<td><span style=\"font-weight: 400;\">Chi\u1ec1u r\u1ed9ng t\u00fai<\/span><\/td>\n<td><span style=\"font-weight: 400;\">30 &#8211; 110 mm<\/span><\/td>\n<\/tr>\n<tr>\n<td><span style=\"font-weight: 400;\">Chi\u1ec1u d\u00e0i t\u00fai<\/span><\/td>\n<td><span style=\"font-weight: 400;\">40 &#8211; 160 mm<\/span><\/td>\n<\/tr>\n<tr>\n<td><span style=\"font-weight: 400;\">Chi\u1ec1u r\u1ed9ng phim t\u1ed1i \u0111a<\/span><\/td>\n<td><span style=\"font-weight: 400;\">220 mm<\/span><\/td>\n<\/tr>\n<tr>\n<td><span style=\"font-weight: 400;\">Lo\u1ea1i b\u1ecbt k\u00edn<\/span><\/td>\n<td><span style=\"font-weight: 400;\">3 c\u1ea1nh, 4 c\u1ea1nh b\u00ean ho\u1eb7c h\u00e0n k\u00edn ph\u00eda sau<\/span><\/td>\n<\/tr>\n<tr>\n<td><span style=\"font-weight: 400;\">Sumber<\/span><\/td>\n<td><span style=\"font-weight: 400;\">2500 W<\/span><\/td>\n<\/tr>\n<tr>\n<td><span style=\"font-weight: 400;\">Voltan\u00a0<\/span><\/td>\n<td><span style=\"font-weight: 400;\">220V 380V\/50Hz 60 Hz<\/span><\/td>\n<\/tr>\n<tr>\n<td><span style=\"font-weight: 400;\">T\u1ed1c \u0111\u1ed9 \u0111\u00f3ng g\u00f3i<\/span><\/td>\n<td><span style=\"font-weight: 400;\">30 &#8211; 60 t\u00fai\/ph\u00fat<\/span><\/td>\n<\/tr>\n<tr>\n<td><span style=\"font-weight: 400;\">Berat badan\u00a0<\/span><\/td>\n<td><span style=\"font-weight: 400;\">800 kg<\/span><\/td>\n<\/tr>\n<tr>\n<td><span style=\"font-weight: 400;\">Dimensi keseluruhan<\/span><\/td>\n<td><span style=\"font-weight: 400;\">1000 (L) * 700 (W) * 1600 (H) mm<\/span><\/td>\n<\/tr>\n<\/tbody>\n<\/table>\n<h2><span style=\"font-weight: 400;\">ciri-ciri:<\/span><\/h2>\n<p><span style=\"font-weight: 400;\">C\u00f3 th\u1ec3 \u0111\u01b0\u1ee3c s\u1eed d\u1ee5ng r\u1ed9ng r\u00e3i trong c\u00e1c thi\u1ebft b\u1ecb \u0111i\u1ec7n, \u0111\u00e8n, v\u00edt l\u1eafp \u0111\u1eb7t ph\u1ee5, \u0111ai \u1ed1c, c\u00e1c m\u1ea3nh nh\u1ecf \u0111\u00f3ng g\u00f3i h\u1ed7n h\u1ee3p b\u1eb1ng nh\u1ef1a. Thay th\u1ebf ph\u01b0\u01a1ng ph\u00e1p h\u00ecnh th\u00e0nh t\u00fai m\u1eabu tr\u01b0\u1edbc, c\u1ea3i thi\u1ec7n \u0111\u00e1ng k\u1ec3 hi\u1ec7u qu\u1ea3 c\u00f4ng vi\u1ec7c, \u00e1p d\u1ee5ng v\u00edt cho doanh nghi\u1ec7p\u3002<\/span><\/p>\n<p><span style=\"font-weight: 400;\">\u0110\u01b0\u1ee3c s\u1eed d\u1ee5ng r\u1ed9ng r\u00e3i, h\u00ecnh d\u1ea1ng \u0111\u1eb7c bi\u1ec7t c\u1ee7a c\u00e1c linh ki\u1ec7n c\u0169ng c\u00f3 th\u1ec3 \u0111\u01b0\u1ee3c t\u00f9y ch\u1ec9nh theo y\u00eau c\u1ea7u c\u1ee7a kh\u00e1ch h\u00e0ng. M\u00e1y s\u1eed d\u1ee5ng \u0111i\u1ec1u khi\u1ec3n vi t\u00ednh, qu\u00e1 tr\u00ecnh \u0111\u00f3ng g\u00f3i t\u1ef1 \u0111\u1ed9ng.<\/span><\/p>\n<ul>\n<li style=\"font-weight: 400;\" aria-level=\"1\"><span style=\"font-weight: 400;\">\u0110\u01b0\u1ee3c \u0111i\u1ec1u ch\u1ec9nh theo m\u1eabu v\u00edt c\u1ee7a t\u1ea5m rung, thi\u1ebft b\u1ecb rung tuy\u1ebfn t\u00ednh v\u00e0 thi\u1ebft b\u1ecb ki\u1ec3m so\u00e1t \u0111\u1ebfm ph\u1ee9c t\u1ea1p \u0111\u1ec3 \u0111\u1ea3m b\u1ea3o m\u1ed7i t\u00fai ch\u00ednh x\u00e1c.<\/span><\/li>\n<li style=\"font-weight: 400;\" aria-level=\"1\"><span style=\"font-weight: 400;\">V\u1eadt li\u1ec7u \u0111\u00f3ng g\u00f3i bi\u1ec3u t\u01b0\u1ee3ng, \u0111i\u1ec1u khi\u1ec3n t\u1eebng b\u01b0\u1edbc n\u00e2ng cao c\u1ee7a m\u00e1y, v\u1edbi vi\u1ec7c s\u1eed d\u1ee5ng b\u1ed9 theo d\u00f5i m\u00e0u c\u00f3 th\u1ec3 c\u00f3 \u0111\u01b0\u1ee3c thi\u1ebft k\u1ebf bi\u1ec3u t\u01b0\u1ee3ng ho\u00e0n h\u1ea3o.<\/span><\/li>\n<li style=\"font-weight: 400;\" aria-level=\"1\"><span style=\"font-weight: 400;\">H\u1ec7 th\u1ed1ng \u0111i\u1ec1u khi\u1ec3n SCM, t\u1ef1 d\u1eebng l\u1ed7i, t\u1ef1 b\u00e1o \u0111\u1ed9ng, t\u1ef1 ch\u1ea9n \u0111o\u00e1n, an to\u00e0n v\u00e0 d\u1ec5 s\u1eed d\u1ee5ng.<\/span><\/li>\n<li style=\"font-weight: 400;\" aria-level=\"1\"><span style=\"font-weight: 400;\">T\u1ef1 \u0111\u1ed9ng hi\u1ec3n th\u1ecb s\u1ed1 g\u00f3i, s\u1ed1 li\u1ec7u th\u1ed1ng k\u00ea c\u00f3 th\u1ec3 d\u1ec5 d\u00e0ng th\u1ef1c hi\u1ec7n \u0111\u01b0\u1ee3c m\u00e1y.<\/span><\/li>\n<li style=\"font-weight: 400;\" aria-level=\"1\"><span style=\"font-weight: 400;\">\u0110o m\u1ed9t \u0111\u0129a c\u1ee7a m\u1ed9t v\u00edt, n\u1ebfu b\u1ea1n c\u1ea7n bao g\u1ed3m nhi\u1ec1u th\u00f4ng s\u1ed1 k\u1ef9 thu\u1eadt c\u00f9ng l\u00fac v\u1edbi nhu c\u1ea7u s\u1eed d\u1ee5ng nhi\u1ec1u \u0111\u0129a rung h\u1ed7 tr\u1ee3 vi\u1ec7c s\u1eed d\u1ee5ng.<\/span><\/li>\n<li style=\"font-weight: 400;\" aria-level=\"1\"><span style=\"font-weight: 400;\">M\u00e1y li\u00ean quan \u0111\u1ebfn m\u00e1y \u0111\u00f3ng g\u00f3i \u0111\u1ebfm v\u00edt, m\u00e1y \u0111\u1ebfm bulong h\u1ea1t, m\u00e1y \u0111\u00f3ng g\u00f3i m\u00f3ng tay, m\u00e1y \u0111\u1ebfm ph\u1ea7n c\u1ee9ng, m\u00e1y \u0111\u00f3ng \u0111inh v\u00edt, m\u00e1y \u0111\u00f3ng g\u00f3i \u0111\u1ebfm v\u00edt, m\u00e1y \u0111\u00f3ng g\u00f3i v\u00edt, m\u00e1y \u0111\u1ebfm v\u00edt, m\u00e1y n\u1ea1p c\u00e1c b\u1ed9 ph\u1eadn c\u1ee7a th\u00f9ng m\u00e1y n\u1ea1p li\u1ec7u rung,&#8230;<\/span><\/li>\n<\/ul>","protected":false},"excerpt":{"rendered":"<p>Trong c\u00e1c ng\u00e0nh s\u1ea3n xu\u1ea5t hi\u1ec7n \u0111\u1ea1i, vi\u1ec7c \u0111\u00f3ng g\u00f3i linh ki\u1ec7n th\u1ee7 c\u00f4ng c\u00f3 th\u1ec3 l\u00e0 m\u1ed9t \u0111i\u1ec3m ngh\u1ebdn, g\u00e2y l\u00e3ng ph\u00ed th\u1eddi gian v\u00e0 ngu\u1ed3n l\u1ef1c. <b>M\u00e1y \u0111\u00f3ng g\u00f3i linh ki\u1ec7n t\u1ef1 \u0111\u1ed9ng<\/b> c\u1ee7a SWOER l\u00e0 gi\u1ea3i ph\u00e1p t\u1ed1i \u01b0u, gi\u00fap t\u1ef1 \u0111\u1ed9ng h\u00f3a ho\u00e0n to\u00e0n quy tr\u00ecnh n\u00e0y. M\u00e1y c\u00f3 kh\u1ea3 n\u0103ng \u0111\u1ebfm, ph\u00e2n lo\u1ea1i v\u00e0 \u0111\u00f3ng g\u00f3i ch\u00ednh x\u00e1c h\u00e0ng ng\u00e0n chi ti\u1ebft m\u1ed7i gi\u1edd. N\u00f3 \u0111\u1ea3m b\u1ea3o \u0111\u1ed9 ch\u00ednh x\u00e1c cao v\u00e0 lo\u1ea1i b\u1ecf sai s\u00f3t do con ng\u01b0\u1eddi. V\u1edbi thi\u1ebft k\u1ebf nh\u1ecf g\u1ecdn, d\u1ec5 d\u00e0ng t\u00edch h\u1ee3p v\u00e0o d\u00e2y chuy\u1ec1n s\u1ea3n xu\u1ea5t hi\u1ec7n c\u00f3, m\u00e1y \u0111\u00f3ng g\u00f3i t\u1ef1 \u0111\u1ed9ng kh\u00f4ng ch\u1ec9 t\u0103ng n\u0103ng su\u1ea5t m\u00e0 c\u00f2n gi\u1ea3m chi ph\u00ed nh\u00e2n c\u00f4ng v\u00e0 n\u00e2ng cao ch\u1ea5t l\u01b0\u1ee3ng s\u1ea3n ph\u1ea9m cu\u1ed1i c\u00f9ng.<\/p>","protected":false},"featured_media":4598,"comment_status":"open","ping_status":"closed","template":"","meta":[],"product_brand":[],"product_cat":[76],"product_tag":[169,167,168],"class_list":{"0":"post-4597","1":"product","2":"type-product","3":"status-publish","4":"has-post-thumbnail","6":"product_cat-san-pham-moi","7":"product_tag-dong-goi-linh-kien-tu-dong","8":"product_tag-may-dong-goi","9":"product_tag-may-dong-goi-tu-dong","11":"first","12":"instock","13":"shipping-taxable","14":"product-type-simple"},"yoast_head":"<!-- This site is optimized with the Yoast SEO plugin v26.0 - https:\/\/yoast.com\/wordpress\/plugins\/seo\/ -->\n<title>M\u00e1y \u0111\u00f3ng g\u00f3i linh ki\u1ec7n t\u1ef1 \u0111\u1ed9ng - Nh\u00e0 s\u1ea3n xu\u1ea5t m\u00e1y c\u1ea5p li\u1ec7u c\u00f4ng nghi\u1ec7p<\/title>\n<meta name=\"description\" content=\"M\u00e1y \u0111\u00f3ng g\u00f3i linh ki\u1ec7n t\u1ef1 \u0111\u1ed9ng SWOER: \u0110\u1ebfm, ph\u00e2n lo\u1ea1i v\u00e0 \u0111\u00f3ng g\u00f3i ch\u00ednh x\u00e1c, t\u1ef1 \u0111\u1ed9ng. N\u00e2ng cao n\u0103ng su\u1ea5t, gi\u1ea3m chi ph\u00ed v\u00e0 t\u1ed1i \u01b0u h\u00f3a quy tr\u00ecnh \u0111\u00f3ng g\u00f3i.\" \/>\n<meta name=\"robots\" content=\"index, follow, max-snippet:-1, max-image-preview:large, max-video-preview:-1\" \/>\n<link rel=\"canonical\" href=\"https:\/\/swoer.vn\/ms\/manufacturer\/may-dong-goi-linh-kien-tu-dong\/\" \/>\n<meta property=\"og:locale\" content=\"ms_MY\" \/>\n<meta property=\"og:type\" content=\"article\" \/>\n<meta property=\"og:title\" content=\"M\u00e1y \u0111\u00f3ng g\u00f3i linh ki\u1ec7n t\u1ef1 \u0111\u1ed9ng - Nh\u00e0 s\u1ea3n xu\u1ea5t m\u00e1y c\u1ea5p li\u1ec7u c\u00f4ng nghi\u1ec7p\" \/>\n<meta property=\"og:description\" content=\"M\u00e1y \u0111\u00f3ng g\u00f3i linh ki\u1ec7n t\u1ef1 \u0111\u1ed9ng SWOER: \u0110\u1ebfm, ph\u00e2n lo\u1ea1i v\u00e0 \u0111\u00f3ng g\u00f3i ch\u00ednh x\u00e1c, t\u1ef1 \u0111\u1ed9ng. N\u00e2ng cao n\u0103ng su\u1ea5t, gi\u1ea3m chi ph\u00ed v\u00e0 t\u1ed1i \u01b0u h\u00f3a quy tr\u00ecnh \u0111\u00f3ng g\u00f3i.\" \/>\n<meta property=\"og:url\" content=\"https:\/\/swoer.vn\/ms\/manufacturer\/may-dong-goi-linh-kien-tu-dong\/\" \/>\n<meta property=\"og:site_name\" content=\"Nh\u00e0 s\u1ea3n xu\u1ea5t m\u00e1y c\u1ea5p li\u1ec7u c\u00f4ng nghi\u1ec7p\" \/>\n<meta property=\"og:image\" content=\"https:\/\/swoer.vn\/wp-content\/uploads\/2025\/09\/May-dong-goi-linh-kien-tu-dong.png\" \/>\n\t<meta property=\"og:image:width\" content=\"800\" \/>\n\t<meta property=\"og:image:height\" content=\"800\" \/>\n\t<meta property=\"og:image:type\" content=\"image\/png\" \/>\n<meta name=\"twitter:card\" content=\"summary_large_image\" \/>\n<meta name=\"twitter:label1\" content=\"Est. reading time\" \/>\n\t<meta name=\"twitter:data1\" content=\"3 minit\" \/>\n<script type=\"application\/ld+json\" class=\"yoast-schema-graph\">{\"@context\":\"https:\/\/schema.org\",\"@graph\":[{\"@type\":\"WebPage\",\"@id\":\"https:\/\/swoer.vn\/manufacturer\/may-dong-goi-linh-kien-tu-dong\/\",\"url\":\"https:\/\/swoer.vn\/manufacturer\/may-dong-goi-linh-kien-tu-dong\/\",\"name\":\"M\u00e1y \u0111\u00f3ng g\u00f3i linh ki\u1ec7n t\u1ef1 \u0111\u1ed9ng - Nh\u00e0 s\u1ea3n xu\u1ea5t m\u00e1y c\u1ea5p li\u1ec7u c\u00f4ng nghi\u1ec7p\",\"isPartOf\":{\"@id\":\"https:\/\/swoer.vn\/#website\"},\"primaryImageOfPage\":{\"@id\":\"https:\/\/swoer.vn\/manufacturer\/may-dong-goi-linh-kien-tu-dong\/#primaryimage\"},\"image\":{\"@id\":\"https:\/\/swoer.vn\/manufacturer\/may-dong-goi-linh-kien-tu-dong\/#primaryimage\"},\"thumbnailUrl\":\"https:\/\/swoer.vn\/wp-content\/uploads\/2025\/09\/May-dong-goi-linh-kien-tu-dong.png\",\"datePublished\":\"2025-09-17T08:54:40+00:00\",\"description\":\"M\u00e1y \u0111\u00f3ng g\u00f3i linh ki\u1ec7n t\u1ef1 \u0111\u1ed9ng SWOER: \u0110\u1ebfm, ph\u00e2n lo\u1ea1i v\u00e0 \u0111\u00f3ng g\u00f3i ch\u00ednh x\u00e1c, t\u1ef1 \u0111\u1ed9ng. N\u00e2ng cao n\u0103ng su\u1ea5t, gi\u1ea3m chi ph\u00ed v\u00e0 t\u1ed1i \u01b0u h\u00f3a quy tr\u00ecnh \u0111\u00f3ng g\u00f3i.\",\"breadcrumb\":{\"@id\":\"https:\/\/swoer.vn\/manufacturer\/may-dong-goi-linh-kien-tu-dong\/#breadcrumb\"},\"inLanguage\":\"ms-MY\",\"potentialAction\":[{\"@type\":\"ReadAction\",\"target\":[\"https:\/\/swoer.vn\/manufacturer\/may-dong-goi-linh-kien-tu-dong\/\"]}]},{\"@type\":\"ImageObject\",\"inLanguage\":\"ms-MY\",\"@id\":\"https:\/\/swoer.vn\/manufacturer\/may-dong-goi-linh-kien-tu-dong\/#primaryimage\",\"url\":\"https:\/\/swoer.vn\/wp-content\/uploads\/2025\/09\/May-dong-goi-linh-kien-tu-dong.png\",\"contentUrl\":\"https:\/\/swoer.vn\/wp-content\/uploads\/2025\/09\/May-dong-goi-linh-kien-tu-dong.png\",\"width\":800,\"height\":800,\"caption\":\"Ma\u0301y \u0111o\u0301ng go\u0301i linh kie\u0323\u0302n tu\u031b\u0323 \u0111o\u0323\u0302ng\"},{\"@type\":\"BreadcrumbList\",\"@id\":\"https:\/\/swoer.vn\/manufacturer\/may-dong-goi-linh-kien-tu-dong\/#breadcrumb\",\"itemListElement\":[{\"@type\":\"ListItem\",\"position\":1,\"name\":\"Home\",\"item\":\"https:\/\/swoer.vn\/\"},{\"@type\":\"ListItem\",\"position\":2,\"name\":\"S\u1ea3n ph\u1ea9m\",\"item\":\"https:\/\/swoer.vn\/shop\/\"},{\"@type\":\"ListItem\",\"position\":3,\"name\":\"M\u00e1y \u0111\u00f3ng g\u00f3i linh ki\u1ec7n t\u1ef1 \u0111\u1ed9ng\"}]},{\"@type\":\"WebSite\",\"@id\":\"https:\/\/swoer.vn\/#website\",\"url\":\"https:\/\/swoer.vn\/\",\"name\":\"Nh\u00e0 s\u1ea3n xu\u1ea5t m\u00e1y c\u1ea5p li\u1ec7u c\u00f4ng nghi\u1ec7p\",\"description\":\"Nh\u00e0 cung c\u1ea5p robot, m\u00e1y c\u1ea5p li\u1ec7u linh ho\u1ea1t, m\u00e1y c\u1ea5p li\u1ec7u ly t\u00e2m, m\u00e1y c\u1ea5p li\u1ec7u rung t\u1ef1 \u0111\u1ed9ng\",\"potentialAction\":[{\"@type\":\"SearchAction\",\"target\":{\"@type\":\"EntryPoint\",\"urlTemplate\":\"https:\/\/swoer.vn\/?s={search_term_string}\"},\"query-input\":{\"@type\":\"PropertyValueSpecification\",\"valueRequired\":true,\"valueName\":\"search_term_string\"}}],\"inLanguage\":\"ms-MY\"}]}<\/script>\n<!-- \/ Yoast SEO plugin. -->","yoast_head_json":{"title":"M\u00e1y \u0111\u00f3ng g\u00f3i linh ki\u1ec7n t\u1ef1 \u0111\u1ed9ng - Nh\u00e0 s\u1ea3n xu\u1ea5t m\u00e1y c\u1ea5p li\u1ec7u c\u00f4ng nghi\u1ec7p","description":"M\u00e1y \u0111\u00f3ng g\u00f3i linh ki\u1ec7n t\u1ef1 \u0111\u1ed9ng SWOER: \u0110\u1ebfm, ph\u00e2n lo\u1ea1i v\u00e0 \u0111\u00f3ng g\u00f3i ch\u00ednh x\u00e1c, t\u1ef1 \u0111\u1ed9ng. N\u00e2ng cao n\u0103ng su\u1ea5t, gi\u1ea3m chi ph\u00ed v\u00e0 t\u1ed1i \u01b0u h\u00f3a quy tr\u00ecnh \u0111\u00f3ng g\u00f3i.","robots":{"index":"index","follow":"follow","max-snippet":"max-snippet:-1","max-image-preview":"max-image-preview:large","max-video-preview":"max-video-preview:-1"},"canonical":"https:\/\/swoer.vn\/ms\/manufacturer\/may-dong-goi-linh-kien-tu-dong\/","og_locale":"ms_MY","og_type":"article","og_title":"M\u00e1y \u0111\u00f3ng g\u00f3i linh ki\u1ec7n t\u1ef1 \u0111\u1ed9ng - Nh\u00e0 s\u1ea3n xu\u1ea5t m\u00e1y c\u1ea5p li\u1ec7u c\u00f4ng nghi\u1ec7p","og_description":"M\u00e1y \u0111\u00f3ng g\u00f3i linh ki\u1ec7n t\u1ef1 \u0111\u1ed9ng SWOER: \u0110\u1ebfm, ph\u00e2n lo\u1ea1i v\u00e0 \u0111\u00f3ng g\u00f3i ch\u00ednh x\u00e1c, t\u1ef1 \u0111\u1ed9ng. N\u00e2ng cao n\u0103ng su\u1ea5t, gi\u1ea3m chi ph\u00ed v\u00e0 t\u1ed1i \u01b0u h\u00f3a quy tr\u00ecnh \u0111\u00f3ng g\u00f3i.","og_url":"https:\/\/swoer.vn\/ms\/manufacturer\/may-dong-goi-linh-kien-tu-dong\/","og_site_name":"Nh\u00e0 s\u1ea3n xu\u1ea5t m\u00e1y c\u1ea5p li\u1ec7u c\u00f4ng nghi\u1ec7p","og_image":[{"width":800,"height":800,"url":"https:\/\/swoer.vn\/wp-content\/uploads\/2025\/09\/May-dong-goi-linh-kien-tu-dong.png","type":"image\/png"}],"twitter_card":"summary_large_image","twitter_misc":{"Est. reading time":"3 minit"},"schema":{"@context":"https:\/\/schema.org","@graph":[{"@type":"WebPage","@id":"https:\/\/swoer.vn\/manufacturer\/may-dong-goi-linh-kien-tu-dong\/","url":"https:\/\/swoer.vn\/manufacturer\/may-dong-goi-linh-kien-tu-dong\/","name":"M\u00e1y \u0111\u00f3ng g\u00f3i linh ki\u1ec7n t\u1ef1 \u0111\u1ed9ng - Nh\u00e0 s\u1ea3n xu\u1ea5t m\u00e1y c\u1ea5p li\u1ec7u c\u00f4ng nghi\u1ec7p","isPartOf":{"@id":"https:\/\/swoer.vn\/#website"},"primaryImageOfPage":{"@id":"https:\/\/swoer.vn\/manufacturer\/may-dong-goi-linh-kien-tu-dong\/#primaryimage"},"image":{"@id":"https:\/\/swoer.vn\/manufacturer\/may-dong-goi-linh-kien-tu-dong\/#primaryimage"},"thumbnailUrl":"https:\/\/swoer.vn\/wp-content\/uploads\/2025\/09\/May-dong-goi-linh-kien-tu-dong.png","datePublished":"2025-09-17T08:54:40+00:00","description":"M\u00e1y \u0111\u00f3ng g\u00f3i linh ki\u1ec7n t\u1ef1 \u0111\u1ed9ng SWOER: \u0110\u1ebfm, ph\u00e2n lo\u1ea1i v\u00e0 \u0111\u00f3ng g\u00f3i ch\u00ednh x\u00e1c, t\u1ef1 \u0111\u1ed9ng. N\u00e2ng cao n\u0103ng su\u1ea5t, gi\u1ea3m chi ph\u00ed v\u00e0 t\u1ed1i \u01b0u h\u00f3a quy tr\u00ecnh \u0111\u00f3ng g\u00f3i.","breadcrumb":{"@id":"https:\/\/swoer.vn\/manufacturer\/may-dong-goi-linh-kien-tu-dong\/#breadcrumb"},"inLanguage":"ms-MY","potentialAction":[{"@type":"ReadAction","target":["https:\/\/swoer.vn\/manufacturer\/may-dong-goi-linh-kien-tu-dong\/"]}]},{"@type":"ImageObject","inLanguage":"ms-MY","@id":"https:\/\/swoer.vn\/manufacturer\/may-dong-goi-linh-kien-tu-dong\/#primaryimage","url":"https:\/\/swoer.vn\/wp-content\/uploads\/2025\/09\/May-dong-goi-linh-kien-tu-dong.png","contentUrl":"https:\/\/swoer.vn\/wp-content\/uploads\/2025\/09\/May-dong-goi-linh-kien-tu-dong.png","width":800,"height":800,"caption":"Ma\u0301y \u0111o\u0301ng go\u0301i linh kie\u0323\u0302n tu\u031b\u0323 \u0111o\u0323\u0302ng"},{"@type":"BreadcrumbList","@id":"https:\/\/swoer.vn\/manufacturer\/may-dong-goi-linh-kien-tu-dong\/#breadcrumb","itemListElement":[{"@type":"ListItem","position":1,"name":"Home","item":"https:\/\/swoer.vn\/"},{"@type":"ListItem","position":2,"name":"S\u1ea3n ph\u1ea9m","item":"https:\/\/swoer.vn\/shop\/"},{"@type":"ListItem","position":3,"name":"M\u00e1y \u0111\u00f3ng g\u00f3i linh ki\u1ec7n t\u1ef1 \u0111\u1ed9ng"}]},{"@type":"WebSite","@id":"https:\/\/swoer.vn\/#website","url":"https:\/\/swoer.vn\/","name":"Pengeluar Pengumpan Perindustrian","description":"Pembekal robot, penyuap fleksibel, penyuap emparan, penyuap bergetar automatik","potentialAction":[{"@type":"SearchAction","target":{"@type":"EntryPoint","urlTemplate":"https:\/\/swoer.vn\/?s={search_term_string}"},"query-input":{"@type":"PropertyValueSpecification","valueRequired":true,"valueName":"search_term_string"}}],"inLanguage":"ms-MY"}]}},"_links":{"self":[{"href":"https:\/\/swoer.vn\/ms\/wp-json\/wp\/v2\/product\/4597","targetHints":{"allow":["GET"]}}],"collection":[{"href":"https:\/\/swoer.vn\/ms\/wp-json\/wp\/v2\/product"}],"about":[{"href":"https:\/\/swoer.vn\/ms\/wp-json\/wp\/v2\/types\/product"}],"replies":[{"embeddable":true,"href":"https:\/\/swoer.vn\/ms\/wp-json\/wp\/v2\/comments?post=4597"}],"wp:featuredmedia":[{"embeddable":true,"href":"https:\/\/swoer.vn\/ms\/wp-json\/wp\/v2\/media\/4598"}],"wp:attachment":[{"href":"https:\/\/swoer.vn\/ms\/wp-json\/wp\/v2\/media?parent=4597"}],"wp:term":[{"taxonomy":"product_brand","embeddable":true,"href":"https:\/\/swoer.vn\/ms\/wp-json\/wp\/v2\/product_brand?post=4597"},{"taxonomy":"product_cat","embeddable":true,"href":"https:\/\/swoer.vn\/ms\/wp-json\/wp\/v2\/product_cat?post=4597"},{"taxonomy":"product_tag","embeddable":true,"href":"https:\/\/swoer.vn\/ms\/wp-json\/wp\/v2\/product_tag?post=4597"}],"curies":[{"name":"wp","href":"https:\/\/api.w.org\/{rel}","templated":true}]}}