{"id":4593,"date":"2025-09-17T15:27:13","date_gmt":"2025-09-17T08:27:13","guid":{"rendered":"https:\/\/swoer.vn\/?post_type=product&#038;p=4593"},"modified":"2025-09-17T15:27:14","modified_gmt":"2025-09-17T08:27:14","slug":"bo-nap-truc-vit-dang-bac-thang","status":"publish","type":"product","link":"https:\/\/swoer.vn\/ms\/manufacturer\/bo-nap-truc-vit-dang-bac-thang\/","title":{"rendered":"B\u1ed9 n\u1ea1p tr\u1ee5c v\u00edt d\u1ea1ng b\u1eadc thang"},"content":{"rendered":"<h2><span style=\"font-weight: 400;\">Spesifikasi produk:<\/span><\/h2>\n<table>\n<tbody>\n<tr>\n<td><span style=\"font-weight: 400;\">Kod produk<\/span><\/td>\n<td><span style=\"font-weight: 400;\">Pengumpan Langkah<\/span><\/td>\n<\/tr>\n<tr>\n<td><span style=\"font-weight: 400;\">Masa Utama<\/span><\/td>\n<td><span style=\"font-weight: 400;\">7 &#8211; 14 ng\u00e0y<\/span><\/td>\n<\/tr>\n<tr>\n<td><span style=\"font-weight: 400;\">Type<\/span><\/td>\n<td><span style=\"font-weight: 400;\">Pengumpan Langkah<\/span><\/td>\n<\/tr>\n<tr>\n<td><span style=\"font-weight: 400;\">Saiz Pelongsor (mm)<\/span><\/td>\n<td><span style=\"font-weight: 400;\">Kumpulkan<\/span><\/td>\n<\/tr>\n<tr>\n<td><span style=\"font-weight: 400;\">Jenama<\/span><\/td>\n<td><span style=\"font-weight: 400;\">SUMPAH<\/span><\/td>\n<\/tr>\n<tr>\n<td><span style=\"font-weight: 400;\">S\u1ee9c ch\u1ee9a (t\/h)<\/span><\/td>\n<td><span style=\"font-weight: 400;\">180 &#8211; 400<\/span><\/td>\n<\/tr>\n<tr>\n<td><span style=\"font-weight: 400;\">Rupa<\/span><\/td>\n<td><span style=\"font-weight: 400;\">Jenis terbuka<\/span><\/td>\n<\/tr>\n<tr>\n<td><span style=\"font-weight: 400;\">Mod Pergerakan<\/span><\/td>\n<td><span style=\"font-weight: 400;\">Pneumatic Feeder<\/span><\/td>\n<\/tr>\n<tr>\n<td><span style=\"font-weight: 400;\">Dimensi Keseluruhan<\/span><\/td>\n<td><span style=\"font-weight: 400;\">Kumpulkan<\/span><\/td>\n<\/tr>\n<tr>\n<td><span style=\"font-weight: 400;\">Pengangkutan<\/span><\/td>\n<td><span style=\"font-weight: 400;\">G\u1ed7 d\u00e1n<\/span><\/td>\n<\/tr>\n<tr>\n<td><span style=\"font-weight: 400;\">Asal<\/span><\/td>\n<td><span style=\"font-weight: 400;\">China<\/span><\/td>\n<\/tr>\n<\/tbody>\n<\/table>\n<h2><span style=\"font-weight: 400;\">ciri-ciri:<\/span><\/h2>\n<p><span style=\"font-weight: 400;\">Ki\u1ec3u m\u00e1y ti\u1ec7n \u00edch n\u00e0y s\u1ebd c\u00f4ng khai m\u00e1y ti\u1ebfp li\u1ec7u t\u1ea5m \u0111\u1ea9y kh\u00ed n\u00e9n, bao g\u1ed3m m\u1ed9t h\u1ed9p v\u00e0 m\u1ed9t ng\u0103n b\u1ea3o qu\u1ea3n:<\/span><\/p>\n<ul>\n<li style=\"font-weight: 400;\" aria-level=\"1\"><span style=\"font-weight: 400;\">T\u1ee7 \u0111\u01b0\u1ee3c cung c\u1ea5p c\u1eeda h\u1ed9p tr\u01b0\u1edbc v\u00e0 c\u1eeda h\u1ed9p b\u1eb1ng c\u00e1ch xoay b\u1ea3n l\u1ec1 v\u00e0 khung.<\/span><\/li>\n<li style=\"font-weight: 400;\" aria-level=\"1\"><span style=\"font-weight: 400;\">Ph\u1ea7n tr\u00ean c\u00f9ng c\u1ee7a khung \u0111\u1ec3 l\u1eafp th\u00f9ng v\u00e0 ph\u1ec5u \u0111\u01b0\u1ee3c b\u1ed1 tr\u00ed b\u00ean trong ba thanh d\u1eabn t\u1ea5m \u0111\u1ea9y.<\/span><\/li>\n<li style=\"font-weight: 400;\" aria-level=\"1\"><span style=\"font-weight: 400;\">Ba thanh d\u1eabn t\u1ea5m \u0111\u1ea9y \u0111\u01b0\u1ee3c l\u1eafp \u0111\u1eb7t \u1edf \u0111\u00e1y m\u00e1y quay v\u00e0 m\u00e1y quay \u0111\u01b0\u1ee3c c\u1ed1 \u0111\u1ecbnh tr\u00ean tr\u1ee5c ra \u0111\u01b0\u1ee3c b\u1ed1 tr\u00ed b\u00ean trong h\u1ed9p \u0111\u1ec3 xoay \u0111\u1ed9ng c\u01a1.<\/span><\/li>\n<li style=\"font-weight: 400;\" aria-level=\"1\"><span style=\"font-weight: 400;\">Ph\u1ea7n tr\u00ean c\u00f9ng c\u1ee7a khung \u0111\u01b0\u1ee3c c\u1ed1 \u0111\u1ecbnh t\u1ea1i \u0111\u01b0\u1eddng ti\u1ebfp li\u1ec7u, \u0111\u01b0\u1eddng d\u1eabn v\u00e0 \u0111\u1ea7u cu\u1ed1i c\u1ee7a khay n\u1ea1p n\u1eb1m trong silo \u1edf b\u00ean d\u01b0\u1edbi m\u1eb7t \u0111\u1ea7u ra.<\/span><\/li>\n<li style=\"font-weight: 400;\" aria-level=\"1\"><span style=\"font-weight: 400;\">C\u00e1c silo \u0111\u01b0\u1ee3c cung c\u1ea5p v\u1edbi khoang ti\u1ebfp li\u1ec7u ph\u00eda sau, \u0111\u1ea7u ti\u1ebfp li\u1ec7u v\u00e0 ph\u00eda sau v\u00e0 \u0111\u1ea7u khoang ti\u1ebfp li\u1ec7u tuy\u1ebfn t\u00ednh \u0111\u01b0\u1ee3c \u0111\u1eb7t trong c\u00f9ng m\u1ed9t \u0111\u01b0\u1eddng ngang.<\/span><\/li>\n<li style=\"font-weight: 400;\" aria-level=\"1\"><span style=\"font-weight: 400;\">M\u00e1y ti\u1ebfp li\u1ec7u t\u1ea5m \u0111\u1ea9y kh\u00ed n\u00e9n ki\u1ec3u ti\u1ec7n \u00edch, \u0111\u1ea7u m\u00e1ng ho\u00e0n tr\u1ea3 n\u1eb1m trong th\u00f9ng.<\/span><\/li>\n<li style=\"font-weight: 400;\" aria-level=\"1\"><span style=\"font-weight: 400;\">V\u00e0 l\u1eddi m\u00e1ng h\u1ed3i l\u01b0u \u0111\u01b0\u1ee3c s\u1eafp x\u1ebfp \u1edf \u0111\u00e1y b\u1ed9 rung th\u00f4ng qua thi\u1ebft k\u1ebf c\u1ee7a b\u1ed9 rung, lu\u1ed3ng v\u1eadt li\u1ec7u trong b\u00ecnh c\u1ea5p li\u1ec7u \u0111\u01b0\u1ee3c xem x\u00e9t v\u00e0 hi\u1ec7u qu\u1ea3 l\u00e0m vi\u1ec7c \u0111\u01b0\u1ee3c c\u1ea3i thi\u1ec7n<\/span><\/li>\n<li style=\"font-weight: 400;\" aria-level=\"1\"><span style=\"font-weight: 400;\">N\u00f3 th\u1ef1c t\u1ebf v\u00e0 d\u1ec5 s\u1eed d\u1ee5ng.<\/span><\/li>\n<\/ul>\n<table>\n<tbody>\n<tr>\n<td><span style=\"font-weight: 400;\">\u0110\u01b0\u1eddng k\u00ednh cho b\u1ed9 n\u1ea1p c\u1ee7a b\u00e1t<\/span><\/td>\n<td><span style=\"font-weight: 400;\">Kumpulkan<\/span><\/td>\n<\/tr>\n<tr>\n<td><span style=\"font-weight: 400;\">M\u00e1ng n\u1ea1p li\u1ec7u c\u1ee7a b\u00e1t<\/span><\/td>\n<td><span style=\"font-weight: 400;\">Kumpulkan<\/span><\/td>\n<\/tr>\n<tr>\n<td><span style=\"font-weight: 400;\">Dung t\u00edch n\u1ea1p c\u1ee7a b\u00e1t<\/span><\/td>\n<td><span style=\"font-weight: 400;\">Kumpulkan<\/span><\/td>\n<\/tr>\n<tr>\n<td><span style=\"font-weight: 400;\">Kelajuan<\/span><\/td>\n<td><span style=\"font-weight: 400;\">Kumpulkan<\/span><\/td>\n<\/tr>\n<tr>\n<td><span style=\"font-weight: 400;\">Voltan<\/span><\/td>\n<td><span style=\"font-weight: 400;\">220 V<\/span><\/td>\n<\/tr>\n<tr>\n<td><span style=\"font-weight: 400;\">Arah<\/span><\/td>\n<td><span style=\"font-weight: 400;\">Theo chi\u1ec1u kim \u0111\u1ed3ng h\u1ed3 ho\u1eb7c ng\u01b0\u1ee3c chi\u1ec1u kim \u0111\u1ed3ng h\u1ed3<\/span><\/td>\n<\/tr>\n<tr>\n<td><span style=\"font-weight: 400;\">bahan<\/span><\/td>\n<td><span style=\"font-weight: 400;\">SUS 304, SUS 316 y t\u1ebf ho\u1eb7c theo y\u00eau c\u1ea7u<\/span><\/td>\n<\/tr>\n<\/tbody>\n<\/table>\n<p>&nbsp;<\/p>","protected":false},"excerpt":{"rendered":"<p>Trong c\u00e1c ng\u00e0nh c\u00f4ng nghi\u1ec7p \u0111\u00f2i h\u1ecfi \u0111\u1ed9 ch\u00ednh x\u00e1c v\u00e0 hi\u1ec7u su\u1ea5t cao, vi\u1ec7c c\u1ea5p ph\u00f4i d\u1ea1ng tr\u1ee5c v\u00edt c\u00f3 th\u1ec3 g\u1eb7p nhi\u1ec1u kh\u00f3 kh\u0103n. <b>B\u1ed9 n\u1ea1p tr\u1ee5c v\u00edt d\u1ea1ng b\u1eadc thang<\/b> (Step Feeder for Screws) c\u1ee7a SWOER l\u00e0 gi\u1ea3i ph\u00e1p chuy\u00ean bi\u1ec7t. S\u1ea3n ph\u1ea9m n\u00e0y s\u1eed d\u1ee5ng c\u01a1 ch\u1ebf n\u00e2ng ph\u00f4i \u00eam \u00e1i, nh\u1eb9 nh\u00e0ng, \u0111\u01b0a c\u00e1c chi ti\u1ebft tr\u1ee5c v\u00edt v\u00e0o v\u1ecb tr\u00ed ch\u00ednh x\u00e1c m\u00e0 kh\u00f4ng g\u00e2y k\u1eb9t hay l\u00e0m bi\u1ebfn d\u1ea1ng ph\u00f4i. V\u1edbi thi\u1ebft k\u1ebf nh\u1ecf g\u1ecdn, b\u1ec1n b\u1ec9 v\u00e0 d\u1ec5 d\u00e0ng t\u00f9y ch\u1ec9nh, b\u1ed9 n\u1ea1p tr\u1ee5c v\u00edt d\u1ea1ng b\u1eadc thang c\u1ee7a ch\u00fang t\u00f4i l\u00e0 l\u1ef1a ch\u1ecdn ho\u00e0n h\u1ea3o \u0111\u1ec3 t\u1ed1i \u01b0u h\u00f3a quy tr\u00ecnh l\u1eafp r\u00e1p, \u0111\u1ea3m b\u1ea3o t\u1ed1c \u0111\u1ed9 v\u00e0 ch\u1ea5t l\u01b0\u1ee3ng cho m\u1ecdi d\u00e2y chuy\u1ec1n s\u1ea3n xu\u1ea5t.<\/p>","protected":false},"featured_media":4594,"comment_status":"open","ping_status":"closed","template":"","meta":[],"product_brand":[],"product_cat":[37],"product_tag":[163,165,164],"class_list":{"0":"post-4593","1":"product","2":"type-product","3":"status-publish","4":"has-post-thumbnail","6":"product_cat-may-cap-lieu-dang-bac-thang","7":"product_tag-bo-cap-lieu-bac-thang","8":"product_tag-may-cap-lieu-dang-bac-thang","9":"product_tag-step-feeder","11":"first","12":"instock","13":"shipping-taxable","14":"product-type-simple"},"yoast_head":"<!-- This site is optimized with the Yoast SEO plugin v26.0 - https:\/\/yoast.com\/wordpress\/plugins\/seo\/ -->\n<title>B\u1ed9 n\u1ea1p tr\u1ee5c v\u00edt d\u1ea1ng b\u1eadc thang - Nh\u00e0 s\u1ea3n xu\u1ea5t m\u00e1y c\u1ea5p li\u1ec7u c\u00f4ng nghi\u1ec7p<\/title>\n<meta name=\"description\" content=\"B\u1ed9 n\u1ea1p tr\u1ee5c v\u00edt d\u1ea1ng b\u1eadc thang SWOER: Gi\u1ea3i ph\u00e1p c\u1ea5p ph\u00f4i \u00eam \u00e1i, ch\u00ednh x\u00e1c cho tr\u1ee5c v\u00edt. T\u1ed1i \u01b0u h\u00f3a quy tr\u00ecnh l\u1eafp r\u00e1p, \u0111\u1ea3m b\u1ea3o t\u1ed1c \u0111\u1ed9 v\u00e0 ch\u1ea5t l\u01b0\u1ee3ng s\u1ea3n ph\u1ea9m.\" \/>\n<meta name=\"robots\" content=\"index, follow, max-snippet:-1, max-image-preview:large, max-video-preview:-1\" \/>\n<link rel=\"canonical\" href=\"https:\/\/swoer.vn\/ms\/manufacturer\/bo-nap-truc-vit-dang-bac-thang\/\" \/>\n<meta property=\"og:locale\" content=\"ms_MY\" \/>\n<meta property=\"og:type\" content=\"article\" \/>\n<meta property=\"og:title\" content=\"B\u1ed9 n\u1ea1p tr\u1ee5c v\u00edt d\u1ea1ng b\u1eadc thang - Nh\u00e0 s\u1ea3n xu\u1ea5t m\u00e1y c\u1ea5p li\u1ec7u c\u00f4ng nghi\u1ec7p\" \/>\n<meta property=\"og:description\" content=\"B\u1ed9 n\u1ea1p tr\u1ee5c v\u00edt d\u1ea1ng b\u1eadc thang SWOER: Gi\u1ea3i ph\u00e1p c\u1ea5p ph\u00f4i \u00eam \u00e1i, ch\u00ednh x\u00e1c cho tr\u1ee5c v\u00edt. T\u1ed1i \u01b0u h\u00f3a quy tr\u00ecnh l\u1eafp r\u00e1p, \u0111\u1ea3m b\u1ea3o t\u1ed1c \u0111\u1ed9 v\u00e0 ch\u1ea5t l\u01b0\u1ee3ng s\u1ea3n ph\u1ea9m.\" \/>\n<meta property=\"og:url\" content=\"https:\/\/swoer.vn\/ms\/manufacturer\/bo-nap-truc-vit-dang-bac-thang\/\" \/>\n<meta property=\"og:site_name\" content=\"Nh\u00e0 s\u1ea3n xu\u1ea5t m\u00e1y c\u1ea5p li\u1ec7u c\u00f4ng nghi\u1ec7p\" \/>\n<meta property=\"article:modified_time\" content=\"2025-09-17T08:27:14+00:00\" \/>\n<meta property=\"og:image\" content=\"https:\/\/swoer.vn\/wp-content\/uploads\/2025\/09\/Bo-nap-truc-vit-dang-bac-thang.png\" \/>\n\t<meta property=\"og:image:width\" content=\"800\" \/>\n\t<meta property=\"og:image:height\" content=\"800\" \/>\n\t<meta property=\"og:image:type\" content=\"image\/png\" \/>\n<meta name=\"twitter:card\" content=\"summary_large_image\" \/>\n<meta name=\"twitter:label1\" content=\"Est. reading time\" \/>\n\t<meta name=\"twitter:data1\" content=\"2 minit\" \/>\n<script type=\"application\/ld+json\" class=\"yoast-schema-graph\">{\"@context\":\"https:\/\/schema.org\",\"@graph\":[{\"@type\":\"WebPage\",\"@id\":\"https:\/\/swoer.vn\/manufacturer\/bo-nap-truc-vit-dang-bac-thang\/\",\"url\":\"https:\/\/swoer.vn\/manufacturer\/bo-nap-truc-vit-dang-bac-thang\/\",\"name\":\"B\u1ed9 n\u1ea1p tr\u1ee5c v\u00edt d\u1ea1ng b\u1eadc thang - Nh\u00e0 s\u1ea3n xu\u1ea5t m\u00e1y c\u1ea5p li\u1ec7u c\u00f4ng nghi\u1ec7p\",\"isPartOf\":{\"@id\":\"https:\/\/swoer.vn\/#website\"},\"primaryImageOfPage\":{\"@id\":\"https:\/\/swoer.vn\/manufacturer\/bo-nap-truc-vit-dang-bac-thang\/#primaryimage\"},\"image\":{\"@id\":\"https:\/\/swoer.vn\/manufacturer\/bo-nap-truc-vit-dang-bac-thang\/#primaryimage\"},\"thumbnailUrl\":\"https:\/\/swoer.vn\/wp-content\/uploads\/2025\/09\/Bo-nap-truc-vit-dang-bac-thang.png\",\"datePublished\":\"2025-09-17T08:27:13+00:00\",\"dateModified\":\"2025-09-17T08:27:14+00:00\",\"description\":\"B\u1ed9 n\u1ea1p tr\u1ee5c v\u00edt d\u1ea1ng b\u1eadc thang SWOER: Gi\u1ea3i ph\u00e1p c\u1ea5p ph\u00f4i \u00eam \u00e1i, ch\u00ednh x\u00e1c cho tr\u1ee5c v\u00edt. T\u1ed1i \u01b0u h\u00f3a quy tr\u00ecnh l\u1eafp r\u00e1p, \u0111\u1ea3m b\u1ea3o t\u1ed1c \u0111\u1ed9 v\u00e0 ch\u1ea5t l\u01b0\u1ee3ng s\u1ea3n ph\u1ea9m.\",\"breadcrumb\":{\"@id\":\"https:\/\/swoer.vn\/manufacturer\/bo-nap-truc-vit-dang-bac-thang\/#breadcrumb\"},\"inLanguage\":\"ms-MY\",\"potentialAction\":[{\"@type\":\"ReadAction\",\"target\":[\"https:\/\/swoer.vn\/manufacturer\/bo-nap-truc-vit-dang-bac-thang\/\"]}]},{\"@type\":\"ImageObject\",\"inLanguage\":\"ms-MY\",\"@id\":\"https:\/\/swoer.vn\/manufacturer\/bo-nap-truc-vit-dang-bac-thang\/#primaryimage\",\"url\":\"https:\/\/swoer.vn\/wp-content\/uploads\/2025\/09\/Bo-nap-truc-vit-dang-bac-thang.png\",\"contentUrl\":\"https:\/\/swoer.vn\/wp-content\/uploads\/2025\/09\/Bo-nap-truc-vit-dang-bac-thang.png\",\"width\":800,\"height\":800,\"caption\":\"Bo\u0323\u0302 na\u0323p tru\u0323c vi\u0301t da\u0323ng ba\u0323\u0302c thang\"},{\"@type\":\"BreadcrumbList\",\"@id\":\"https:\/\/swoer.vn\/manufacturer\/bo-nap-truc-vit-dang-bac-thang\/#breadcrumb\",\"itemListElement\":[{\"@type\":\"ListItem\",\"position\":1,\"name\":\"Home\",\"item\":\"https:\/\/swoer.vn\/\"},{\"@type\":\"ListItem\",\"position\":2,\"name\":\"S\u1ea3n ph\u1ea9m\",\"item\":\"https:\/\/swoer.vn\/shop\/\"},{\"@type\":\"ListItem\",\"position\":3,\"name\":\"B\u1ed9 n\u1ea1p tr\u1ee5c v\u00edt d\u1ea1ng b\u1eadc thang\"}]},{\"@type\":\"WebSite\",\"@id\":\"https:\/\/swoer.vn\/#website\",\"url\":\"https:\/\/swoer.vn\/\",\"name\":\"Nh\u00e0 s\u1ea3n xu\u1ea5t m\u00e1y c\u1ea5p li\u1ec7u c\u00f4ng nghi\u1ec7p\",\"description\":\"Nh\u00e0 cung c\u1ea5p robot, m\u00e1y c\u1ea5p li\u1ec7u linh ho\u1ea1t, m\u00e1y c\u1ea5p li\u1ec7u ly t\u00e2m, m\u00e1y c\u1ea5p li\u1ec7u rung t\u1ef1 \u0111\u1ed9ng\",\"potentialAction\":[{\"@type\":\"SearchAction\",\"target\":{\"@type\":\"EntryPoint\",\"urlTemplate\":\"https:\/\/swoer.vn\/?s={search_term_string}\"},\"query-input\":{\"@type\":\"PropertyValueSpecification\",\"valueRequired\":true,\"valueName\":\"search_term_string\"}}],\"inLanguage\":\"ms-MY\"}]}<\/script>\n<!-- \/ Yoast SEO plugin. -->","yoast_head_json":{"title":"B\u1ed9 n\u1ea1p tr\u1ee5c v\u00edt d\u1ea1ng b\u1eadc thang - Nh\u00e0 s\u1ea3n xu\u1ea5t m\u00e1y c\u1ea5p li\u1ec7u c\u00f4ng nghi\u1ec7p","description":"B\u1ed9 n\u1ea1p tr\u1ee5c v\u00edt d\u1ea1ng b\u1eadc thang SWOER: Gi\u1ea3i ph\u00e1p c\u1ea5p ph\u00f4i \u00eam \u00e1i, ch\u00ednh x\u00e1c cho tr\u1ee5c v\u00edt. T\u1ed1i \u01b0u h\u00f3a quy tr\u00ecnh l\u1eafp r\u00e1p, \u0111\u1ea3m b\u1ea3o t\u1ed1c \u0111\u1ed9 v\u00e0 ch\u1ea5t l\u01b0\u1ee3ng s\u1ea3n ph\u1ea9m.","robots":{"index":"index","follow":"follow","max-snippet":"max-snippet:-1","max-image-preview":"max-image-preview:large","max-video-preview":"max-video-preview:-1"},"canonical":"https:\/\/swoer.vn\/ms\/manufacturer\/bo-nap-truc-vit-dang-bac-thang\/","og_locale":"ms_MY","og_type":"article","og_title":"B\u1ed9 n\u1ea1p tr\u1ee5c v\u00edt d\u1ea1ng b\u1eadc thang - Nh\u00e0 s\u1ea3n xu\u1ea5t m\u00e1y c\u1ea5p li\u1ec7u c\u00f4ng nghi\u1ec7p","og_description":"B\u1ed9 n\u1ea1p tr\u1ee5c v\u00edt d\u1ea1ng b\u1eadc thang SWOER: Gi\u1ea3i ph\u00e1p c\u1ea5p ph\u00f4i \u00eam \u00e1i, ch\u00ednh x\u00e1c cho tr\u1ee5c v\u00edt. T\u1ed1i \u01b0u h\u00f3a quy tr\u00ecnh l\u1eafp r\u00e1p, \u0111\u1ea3m b\u1ea3o t\u1ed1c \u0111\u1ed9 v\u00e0 ch\u1ea5t l\u01b0\u1ee3ng s\u1ea3n ph\u1ea9m.","og_url":"https:\/\/swoer.vn\/ms\/manufacturer\/bo-nap-truc-vit-dang-bac-thang\/","og_site_name":"Nh\u00e0 s\u1ea3n xu\u1ea5t m\u00e1y c\u1ea5p li\u1ec7u c\u00f4ng nghi\u1ec7p","article_modified_time":"2025-09-17T08:27:14+00:00","og_image":[{"width":800,"height":800,"url":"https:\/\/swoer.vn\/wp-content\/uploads\/2025\/09\/Bo-nap-truc-vit-dang-bac-thang.png","type":"image\/png"}],"twitter_card":"summary_large_image","twitter_misc":{"Est. reading time":"2 minit"},"schema":{"@context":"https:\/\/schema.org","@graph":[{"@type":"WebPage","@id":"https:\/\/swoer.vn\/manufacturer\/bo-nap-truc-vit-dang-bac-thang\/","url":"https:\/\/swoer.vn\/manufacturer\/bo-nap-truc-vit-dang-bac-thang\/","name":"B\u1ed9 n\u1ea1p tr\u1ee5c v\u00edt d\u1ea1ng b\u1eadc thang - Nh\u00e0 s\u1ea3n xu\u1ea5t m\u00e1y c\u1ea5p li\u1ec7u c\u00f4ng nghi\u1ec7p","isPartOf":{"@id":"https:\/\/swoer.vn\/#website"},"primaryImageOfPage":{"@id":"https:\/\/swoer.vn\/manufacturer\/bo-nap-truc-vit-dang-bac-thang\/#primaryimage"},"image":{"@id":"https:\/\/swoer.vn\/manufacturer\/bo-nap-truc-vit-dang-bac-thang\/#primaryimage"},"thumbnailUrl":"https:\/\/swoer.vn\/wp-content\/uploads\/2025\/09\/Bo-nap-truc-vit-dang-bac-thang.png","datePublished":"2025-09-17T08:27:13+00:00","dateModified":"2025-09-17T08:27:14+00:00","description":"B\u1ed9 n\u1ea1p tr\u1ee5c v\u00edt d\u1ea1ng b\u1eadc thang SWOER: Gi\u1ea3i ph\u00e1p c\u1ea5p ph\u00f4i \u00eam \u00e1i, ch\u00ednh x\u00e1c cho tr\u1ee5c v\u00edt. T\u1ed1i \u01b0u h\u00f3a quy tr\u00ecnh l\u1eafp r\u00e1p, \u0111\u1ea3m b\u1ea3o t\u1ed1c \u0111\u1ed9 v\u00e0 ch\u1ea5t l\u01b0\u1ee3ng s\u1ea3n ph\u1ea9m.","breadcrumb":{"@id":"https:\/\/swoer.vn\/manufacturer\/bo-nap-truc-vit-dang-bac-thang\/#breadcrumb"},"inLanguage":"ms-MY","potentialAction":[{"@type":"ReadAction","target":["https:\/\/swoer.vn\/manufacturer\/bo-nap-truc-vit-dang-bac-thang\/"]}]},{"@type":"ImageObject","inLanguage":"ms-MY","@id":"https:\/\/swoer.vn\/manufacturer\/bo-nap-truc-vit-dang-bac-thang\/#primaryimage","url":"https:\/\/swoer.vn\/wp-content\/uploads\/2025\/09\/Bo-nap-truc-vit-dang-bac-thang.png","contentUrl":"https:\/\/swoer.vn\/wp-content\/uploads\/2025\/09\/Bo-nap-truc-vit-dang-bac-thang.png","width":800,"height":800,"caption":"Bo\u0323\u0302 na\u0323p tru\u0323c vi\u0301t da\u0323ng ba\u0323\u0302c thang"},{"@type":"BreadcrumbList","@id":"https:\/\/swoer.vn\/manufacturer\/bo-nap-truc-vit-dang-bac-thang\/#breadcrumb","itemListElement":[{"@type":"ListItem","position":1,"name":"Home","item":"https:\/\/swoer.vn\/"},{"@type":"ListItem","position":2,"name":"S\u1ea3n ph\u1ea9m","item":"https:\/\/swoer.vn\/shop\/"},{"@type":"ListItem","position":3,"name":"B\u1ed9 n\u1ea1p tr\u1ee5c v\u00edt d\u1ea1ng b\u1eadc thang"}]},{"@type":"WebSite","@id":"https:\/\/swoer.vn\/#website","url":"https:\/\/swoer.vn\/","name":"Pengeluar Pengumpan Perindustrian","description":"Pembekal robot, penyuap fleksibel, penyuap emparan, penyuap bergetar automatik","potentialAction":[{"@type":"SearchAction","target":{"@type":"EntryPoint","urlTemplate":"https:\/\/swoer.vn\/?s={search_term_string}"},"query-input":{"@type":"PropertyValueSpecification","valueRequired":true,"valueName":"search_term_string"}}],"inLanguage":"ms-MY"}]}},"_links":{"self":[{"href":"https:\/\/swoer.vn\/ms\/wp-json\/wp\/v2\/product\/4593","targetHints":{"allow":["GET"]}}],"collection":[{"href":"https:\/\/swoer.vn\/ms\/wp-json\/wp\/v2\/product"}],"about":[{"href":"https:\/\/swoer.vn\/ms\/wp-json\/wp\/v2\/types\/product"}],"replies":[{"embeddable":true,"href":"https:\/\/swoer.vn\/ms\/wp-json\/wp\/v2\/comments?post=4593"}],"wp:featuredmedia":[{"embeddable":true,"href":"https:\/\/swoer.vn\/ms\/wp-json\/wp\/v2\/media\/4594"}],"wp:attachment":[{"href":"https:\/\/swoer.vn\/ms\/wp-json\/wp\/v2\/media?parent=4593"}],"wp:term":[{"taxonomy":"product_brand","embeddable":true,"href":"https:\/\/swoer.vn\/ms\/wp-json\/wp\/v2\/product_brand?post=4593"},{"taxonomy":"product_cat","embeddable":true,"href":"https:\/\/swoer.vn\/ms\/wp-json\/wp\/v2\/product_cat?post=4593"},{"taxonomy":"product_tag","embeddable":true,"href":"https:\/\/swoer.vn\/ms\/wp-json\/wp\/v2\/product_tag?post=4593"}],"curies":[{"name":"wp","href":"https:\/\/api.w.org\/{rel}","templated":true}]}}