{"id":4526,"date":"2025-09-13T16:31:14","date_gmt":"2025-09-13T09:31:14","guid":{"rendered":"https:\/\/swoer.vn\/?post_type=product&#038;p=4526"},"modified":"2025-09-13T16:31:28","modified_gmt":"2025-09-13T09:31:28","slug":"may-nap-tuyen-tinh-rung-dong-jm","status":"publish","type":"product","link":"https:\/\/swoer.vn\/ms\/manufacturer\/may-nap-tuyen-tinh-rung-dong-jm\/","title":{"rendered":"M\u00e1y n\u1ea1p tuy\u1ebfn t\u00ednh rung &#8211; D\u00f2ng JM"},"content":{"rendered":"<h2><span style=\"font-weight: 400;\">Maklumat produk:<\/span><\/h2>\n<table>\n<tbody>\n<tr>\n<td><span style=\"font-weight: 400;\">Kod produk<\/span><\/td>\n<td><span style=\"font-weight: 400;\">JM Series<\/span><\/td>\n<\/tr>\n<tr>\n<td><span style=\"font-weight: 400;\">Kuasa motor (kW)<\/span><\/td>\n<td><span style=\"font-weight: 400;\">1 hingga 10<\/span><\/td>\n<\/tr>\n<tr>\n<td><span style=\"font-weight: 400;\">guna<\/span><\/td>\n<td><span style=\"font-weight: 400;\">Material Delivery<\/span><\/td>\n<\/tr>\n<tr>\n<td><span style=\"font-weight: 400;\">botol<\/span><\/td>\n<td><span style=\"font-weight: 400;\">satu tahun<\/span><\/td>\n<\/tr>\n<tr>\n<td><span style=\"font-weight: 400;\">Rupa<\/span><\/td>\n<td><span style=\"font-weight: 400;\">Kumpulkan<\/span><\/td>\n<\/tr>\n<tr>\n<td><span style=\"font-weight: 400;\">Cerun Pemasangan<\/span><\/td>\n<td><span style=\"font-weight: 400;\">Kumpulkan<\/span><\/td>\n<\/tr>\n<tr>\n<td><span style=\"font-weight: 400;\">Dimensi Keseluruhan<\/span><\/td>\n<td><span style=\"font-weight: 400;\">SW-100JM, 140JM<\/span><\/td>\n<\/tr>\n<tr>\n<td><span style=\"font-weight: 400;\">G\u00f3i v\u1eadn chuy\u1ec3n<\/span><\/td>\n<td><span style=\"font-weight: 400;\">G\u1ed7 d\u00e1n<\/span><\/td>\n<\/tr>\n<tr>\n<td><span style=\"font-weight: 400;\">Asal<\/span><\/td>\n<td><span style=\"font-weight: 400;\">China<\/span><\/td>\n<\/tr>\n<tr>\n<td><span style=\"font-weight: 400;\">S\u1ee9c ch\u1ee9a (t\/h)<\/span><\/td>\n<td><span style=\"font-weight: 400;\">180 &#8211; 400<\/span><\/td>\n<\/tr>\n<tr>\n<td><span style=\"font-weight: 400;\">taip<\/span><\/td>\n<td><span style=\"font-weight: 400;\">Vibratory Linear Feeder<\/span><\/td>\n<\/tr>\n<tr>\n<td><span style=\"font-weight: 400;\">Masa Utama<\/span><\/td>\n<td><span style=\"font-weight: 400;\">7 &#8211; 14 ng\u00e0y<\/span><\/td>\n<\/tr>\n<tr>\n<td><span style=\"font-weight: 400;\">Mod Pergerakan<\/span><\/td>\n<td><span style=\"font-weight: 400;\">Linear<\/span><\/td>\n<\/tr>\n<tr>\n<td><span style=\"font-weight: 400;\">Pemakanan Maks (mm)<\/span><\/td>\n<td><span style=\"font-weight: 400;\">Kumpulkan<\/span><\/td>\n<\/tr>\n<tr>\n<td><span style=\"font-weight: 400;\">Saiz Pelongsor (mm)<\/span><\/td>\n<td><span style=\"font-weight: 400;\">Kumpulkan<\/span><\/td>\n<\/tr>\n<tr>\n<td><span style=\"font-weight: 400;\">Jenama<\/span><\/td>\n<td><span style=\"font-weight: 400;\">SUMPAH<\/span><\/td>\n<\/tr>\n<\/tbody>\n<\/table>\n<h2><span style=\"font-weight: 400;\">ciri-ciri:<\/span><\/h2>\n<p><span style=\"font-weight: 400;\">D\u00f2ng s\u1ea3n ph\u1ea9m b\u1ed9 ph\u1eadn truy\u1ec1n \u0111\u1ed9ng tuy\u1ebfn t\u00ednh \u0111i\u1ec7n t\u1eeb \u0111\u1ed9 ch\u00ednh x\u00e1c cao n\u00e0y l\u00fd t\u01b0\u1edfng cho vi\u1ec7c cung c\u1ea5p c\u00e1c b\u1ed9 ph\u1eadn si\u00eau nh\u1ecf v\u1edbi t\u1ed1c \u0111\u1ed9 cao v\u00e0 \u1ed5n \u0111\u1ecbnh nh\u01b0 ch\u00ednh x\u00e1c, micro, ph\u1eb3ng v\u00e0 chip.<\/span><\/p>\n<p><span style=\"font-weight: 400;\">\u0110\u1ec3 l\u00e0m cho h\u1ec7 th\u1ed1ng c\u1ea5p tuy\u1ebfn t\u00ednh c\u00f3 hi\u1ec7u \u1ee9ng s\u1eed d\u1ee5ng t\u1ed1t h\u01a1n v\u00e0 tu\u1ed5i th\u1ecd d\u00e0i h\u01a1n, vui l\u00f2ng ch\u00fa \u00fd \u0111\u1ebfn m\u00f4i tr\u01b0\u1eddng l\u00e0m vi\u1ec7c c\u1ee7a h\u1ec7 th\u1ed1ng c\u1ea5p tuy\u1ebfn t\u00ednh:<\/span><\/p>\n<ul>\n<li style=\"font-weight: 400;\" aria-level=\"1\"><span style=\"font-weight: 400;\">M\u00f4i tr\u01b0\u1eddng th\u00f4ng gi\u00f3 v\u00e0 t\u1ea3n nhi\u1ec7t t\u1ed1t.<\/span><\/li>\n<li style=\"font-weight: 400;\" aria-level=\"1\"><span style=\"font-weight: 400;\">Gi\u1eef tr\u00e1nh xa n\u01b0\u1edbc \u0111\u1ecdng th\u00e0nh gi\u1ecdt, h\u01a1i n\u01b0\u1edbc v\u00e0 b\u1ee5i (\u0111\u1eb7c bi\u1ec7t l\u00e0 b\u1ee5i c\u00f3 d\u1ea7u).<\/span><\/li>\n<li style=\"font-weight: 400;\" aria-level=\"1\"><span style=\"font-weight: 400;\">Kh\u00ed v\u00e0 ch\u1ea5t l\u1ecfng kh\u00f4ng \u0103n m\u00f2n, d\u1ec5 ch\u00e1y.<\/span><\/li>\n<li style=\"font-weight: 400;\" aria-level=\"1\"><span style=\"font-weight: 400;\">Kh\u00f4ng c\u00f3 ph\u00e2n t\u1eed kim lo\u1ea1i c\u00f3 nhi\u1ec1u b\u1ee5i tr\u00f4i n\u1ed5i.<\/span><\/li>\n<li style=\"font-weight: 400;\" aria-level=\"1\"><span style=\"font-weight: 400;\">B\u1ec1 m\u1eb7t l\u1eafp r\u00e1p ch\u1eafc ch\u1eafn.<\/span><\/li>\n<li style=\"font-weight: 400;\" aria-level=\"1\"><span style=\"font-weight: 400;\">Nhi\u1ec7t \u0111\u1ed9 m\u00f4i tr\u01b0\u1eddng \u1edf m\u1ee9c -10\u00b0C ~ 40\u00b0C.<\/span><\/li>\n<\/ul>","protected":false},"excerpt":{"rendered":"<p>B\u1ea1n \u0111ang t\u00ecm ki\u1ebfm m\u1ed9t gi\u1ea3i ph\u00e1p c\u1ea5p ph\u00f4i \u0111\u00e1ng tin c\u1eady cho c\u00e1c d\u00e2y chuy\u1ec1n s\u1ea3n xu\u1ea5t ph\u1ee9c t\u1ea1p? <b>M\u00e1y n\u1ea1p tuy\u1ebfn t\u00ednh rung &#8211; d\u00f2ng JM<\/b> c\u1ee7a SWOER l\u00e0 c\u00e2u tr\u1ea3 l\u1eddi. D\u00f2ng m\u00e1y n\u00e0y \u0111\u01b0\u1ee3c thi\u1ebft k\u1ebf \u0111\u1ec3 c\u1ea5p ph\u00f4i cho c\u00e1c chi ti\u1ebft c\u00f3 y\u00eau c\u1ea7u cao v\u1ec1 \u0111\u1ed9 ch\u00ednh x\u00e1c v\u00e0 t\u1ed1c \u0111\u1ed9. V\u1edbi kh\u1ea3 n\u0103ng t\u00edch h\u1ee3p d\u1ec5 d\u00e0ng v\u00e0o c\u00e1c h\u1ec7 th\u1ed1ng t\u1ef1 \u0111\u1ed9ng h\u00f3a hi\u1ec7n \u0111\u1ea1i, d\u00f2ng JM gi\u00fap \u0111\u1ea3m b\u1ea3o d\u00f2ng ch\u1ea3y s\u1ea3n ph\u1ea9m li\u00ean t\u1ee5c, \u1ed5n \u0111\u1ecbnh, gi\u1ea3m thi\u1ec3u l\u1ed7i v\u00e0 t\u1ed1i \u01b0u h\u00f3a to\u00e0n b\u1ed9 quy tr\u00ecnh l\u1eafp r\u00e1p c\u1ee7a b\u1ea1n.<\/p>","protected":false},"featured_media":4527,"comment_status":"open","ping_status":"closed","template":"","meta":[],"product_brand":[],"product_cat":[87],"product_tag":[153,154,152],"class_list":{"0":"post-4526","1":"product","2":"type-product","3":"status-publish","4":"has-post-thumbnail","6":"product_cat-bo-nap-tuyen-tinh","7":"product_tag-bo-nap-tuyen-tinh","8":"product_tag-bo-rung-tuyen-tinh","9":"product_tag-may-nap-tuyen-tinh-rung","11":"first","12":"instock","13":"shipping-taxable","14":"product-type-simple"},"yoast_head":"<!-- This site is optimized with the Yoast SEO plugin v26.0 - https:\/\/yoast.com\/wordpress\/plugins\/seo\/ -->\n<title>M\u00e1y n\u1ea1p tuy\u1ebfn t\u00ednh rung - D\u00f2ng JM - Nh\u00e0 s\u1ea3n xu\u1ea5t m\u00e1y c\u1ea5p li\u1ec7u c\u00f4ng nghi\u1ec7p<\/title>\n<meta name=\"description\" content=\"M\u00e1y n\u1ea1p tuy\u1ebfn t\u00ednh rung SWOER d\u00f2ng JM: Gi\u1ea3i ph\u00e1p c\u1ea5p ph\u00f4i ch\u00ednh x\u00e1c v\u00e0 t\u1ed1c \u0111\u1ed9 cao. T\u00edch h\u1ee3p d\u1ec5 d\u00e0ng v\u00e0o d\u00e2y chuy\u1ec1n s\u1ea3n xu\u1ea5t ph\u1ee9c t\u1ea1p, \u0111\u1ea3m b\u1ea3o quy tr\u00ecnh\" \/>\n<meta name=\"robots\" content=\"index, follow, max-snippet:-1, max-image-preview:large, max-video-preview:-1\" \/>\n<link rel=\"canonical\" href=\"https:\/\/swoer.vn\/ms\/manufacturer\/may-nap-tuyen-tinh-rung-dong-jm\/\" \/>\n<meta property=\"og:locale\" content=\"ms_MY\" \/>\n<meta property=\"og:type\" content=\"article\" \/>\n<meta property=\"og:title\" content=\"M\u00e1y n\u1ea1p tuy\u1ebfn t\u00ednh rung - D\u00f2ng JM - Nh\u00e0 s\u1ea3n xu\u1ea5t m\u00e1y c\u1ea5p li\u1ec7u c\u00f4ng nghi\u1ec7p\" \/>\n<meta property=\"og:description\" content=\"M\u00e1y n\u1ea1p tuy\u1ebfn t\u00ednh rung SWOER d\u00f2ng JM: Gi\u1ea3i ph\u00e1p c\u1ea5p ph\u00f4i ch\u00ednh x\u00e1c v\u00e0 t\u1ed1c \u0111\u1ed9 cao. T\u00edch h\u1ee3p d\u1ec5 d\u00e0ng v\u00e0o d\u00e2y chuy\u1ec1n s\u1ea3n xu\u1ea5t ph\u1ee9c t\u1ea1p, \u0111\u1ea3m b\u1ea3o quy tr\u00ecnh\" \/>\n<meta property=\"og:url\" content=\"https:\/\/swoer.vn\/ms\/manufacturer\/may-nap-tuyen-tinh-rung-dong-jm\/\" \/>\n<meta property=\"og:site_name\" content=\"Nh\u00e0 s\u1ea3n xu\u1ea5t m\u00e1y c\u1ea5p li\u1ec7u c\u00f4ng nghi\u1ec7p\" \/>\n<meta property=\"article:modified_time\" content=\"2025-09-13T09:31:28+00:00\" \/>\n<meta property=\"og:image\" content=\"https:\/\/swoer.vn\/wp-content\/uploads\/2025\/09\/May-nap-tuyen-tinh-rung-dong-JM.png\" \/>\n\t<meta property=\"og:image:width\" content=\"800\" \/>\n\t<meta property=\"og:image:height\" content=\"800\" \/>\n\t<meta property=\"og:image:type\" content=\"image\/png\" \/>\n<meta name=\"twitter:card\" content=\"summary_large_image\" \/>\n<meta name=\"twitter:label1\" content=\"Est. reading time\" \/>\n\t<meta name=\"twitter:data1\" content=\"2 minit\" \/>\n<script type=\"application\/ld+json\" class=\"yoast-schema-graph\">{\"@context\":\"https:\/\/schema.org\",\"@graph\":[{\"@type\":\"WebPage\",\"@id\":\"https:\/\/swoer.vn\/manufacturer\/may-nap-tuyen-tinh-rung-dong-jm\/\",\"url\":\"https:\/\/swoer.vn\/manufacturer\/may-nap-tuyen-tinh-rung-dong-jm\/\",\"name\":\"M\u00e1y n\u1ea1p tuy\u1ebfn t\u00ednh rung - D\u00f2ng JM - Nh\u00e0 s\u1ea3n xu\u1ea5t m\u00e1y c\u1ea5p li\u1ec7u c\u00f4ng nghi\u1ec7p\",\"isPartOf\":{\"@id\":\"https:\/\/swoer.vn\/#website\"},\"primaryImageOfPage\":{\"@id\":\"https:\/\/swoer.vn\/manufacturer\/may-nap-tuyen-tinh-rung-dong-jm\/#primaryimage\"},\"image\":{\"@id\":\"https:\/\/swoer.vn\/manufacturer\/may-nap-tuyen-tinh-rung-dong-jm\/#primaryimage\"},\"thumbnailUrl\":\"https:\/\/swoer.vn\/wp-content\/uploads\/2025\/09\/May-nap-tuyen-tinh-rung-dong-JM.png\",\"datePublished\":\"2025-09-13T09:31:14+00:00\",\"dateModified\":\"2025-09-13T09:31:28+00:00\",\"description\":\"M\u00e1y n\u1ea1p tuy\u1ebfn t\u00ednh rung SWOER d\u00f2ng JM: Gi\u1ea3i ph\u00e1p c\u1ea5p ph\u00f4i ch\u00ednh x\u00e1c v\u00e0 t\u1ed1c \u0111\u1ed9 cao. T\u00edch h\u1ee3p d\u1ec5 d\u00e0ng v\u00e0o d\u00e2y chuy\u1ec1n s\u1ea3n xu\u1ea5t ph\u1ee9c t\u1ea1p, \u0111\u1ea3m b\u1ea3o quy tr\u00ecnh\",\"breadcrumb\":{\"@id\":\"https:\/\/swoer.vn\/manufacturer\/may-nap-tuyen-tinh-rung-dong-jm\/#breadcrumb\"},\"inLanguage\":\"ms-MY\",\"potentialAction\":[{\"@type\":\"ReadAction\",\"target\":[\"https:\/\/swoer.vn\/manufacturer\/may-nap-tuyen-tinh-rung-dong-jm\/\"]}]},{\"@type\":\"ImageObject\",\"inLanguage\":\"ms-MY\",\"@id\":\"https:\/\/swoer.vn\/manufacturer\/may-nap-tuyen-tinh-rung-dong-jm\/#primaryimage\",\"url\":\"https:\/\/swoer.vn\/wp-content\/uploads\/2025\/09\/May-nap-tuyen-tinh-rung-dong-JM.png\",\"contentUrl\":\"https:\/\/swoer.vn\/wp-content\/uploads\/2025\/09\/May-nap-tuyen-tinh-rung-dong-JM.png\",\"width\":800,\"height\":800,\"caption\":\"Ma\u0301y na\u0323p tuye\u0302\u0301n ti\u0301nh rung do\u0300ng JM\"},{\"@type\":\"BreadcrumbList\",\"@id\":\"https:\/\/swoer.vn\/manufacturer\/may-nap-tuyen-tinh-rung-dong-jm\/#breadcrumb\",\"itemListElement\":[{\"@type\":\"ListItem\",\"position\":1,\"name\":\"Home\",\"item\":\"https:\/\/swoer.vn\/\"},{\"@type\":\"ListItem\",\"position\":2,\"name\":\"S\u1ea3n ph\u1ea9m\",\"item\":\"https:\/\/swoer.vn\/shop\/\"},{\"@type\":\"ListItem\",\"position\":3,\"name\":\"M\u00e1y n\u1ea1p tuy\u1ebfn t\u00ednh rung &#8211; D\u00f2ng JM\"}]},{\"@type\":\"WebSite\",\"@id\":\"https:\/\/swoer.vn\/#website\",\"url\":\"https:\/\/swoer.vn\/\",\"name\":\"Nh\u00e0 s\u1ea3n xu\u1ea5t m\u00e1y c\u1ea5p li\u1ec7u c\u00f4ng nghi\u1ec7p\",\"description\":\"Nh\u00e0 cung c\u1ea5p robot, m\u00e1y c\u1ea5p li\u1ec7u linh ho\u1ea1t, m\u00e1y c\u1ea5p li\u1ec7u ly t\u00e2m, m\u00e1y c\u1ea5p li\u1ec7u rung t\u1ef1 \u0111\u1ed9ng\",\"potentialAction\":[{\"@type\":\"SearchAction\",\"target\":{\"@type\":\"EntryPoint\",\"urlTemplate\":\"https:\/\/swoer.vn\/?s={search_term_string}\"},\"query-input\":{\"@type\":\"PropertyValueSpecification\",\"valueRequired\":true,\"valueName\":\"search_term_string\"}}],\"inLanguage\":\"ms-MY\"}]}<\/script>\n<!-- \/ Yoast SEO plugin. -->","yoast_head_json":{"title":"M\u00e1y n\u1ea1p tuy\u1ebfn t\u00ednh rung - D\u00f2ng JM - Nh\u00e0 s\u1ea3n xu\u1ea5t m\u00e1y c\u1ea5p li\u1ec7u c\u00f4ng nghi\u1ec7p","description":"M\u00e1y n\u1ea1p tuy\u1ebfn t\u00ednh rung SWOER d\u00f2ng JM: Gi\u1ea3i ph\u00e1p c\u1ea5p ph\u00f4i ch\u00ednh x\u00e1c v\u00e0 t\u1ed1c \u0111\u1ed9 cao. T\u00edch h\u1ee3p d\u1ec5 d\u00e0ng v\u00e0o d\u00e2y chuy\u1ec1n s\u1ea3n xu\u1ea5t ph\u1ee9c t\u1ea1p, \u0111\u1ea3m b\u1ea3o quy tr\u00ecnh","robots":{"index":"index","follow":"follow","max-snippet":"max-snippet:-1","max-image-preview":"max-image-preview:large","max-video-preview":"max-video-preview:-1"},"canonical":"https:\/\/swoer.vn\/ms\/manufacturer\/may-nap-tuyen-tinh-rung-dong-jm\/","og_locale":"ms_MY","og_type":"article","og_title":"M\u00e1y n\u1ea1p tuy\u1ebfn t\u00ednh rung - D\u00f2ng JM - Nh\u00e0 s\u1ea3n xu\u1ea5t m\u00e1y c\u1ea5p li\u1ec7u c\u00f4ng nghi\u1ec7p","og_description":"M\u00e1y n\u1ea1p tuy\u1ebfn t\u00ednh rung SWOER d\u00f2ng JM: Gi\u1ea3i ph\u00e1p c\u1ea5p ph\u00f4i ch\u00ednh x\u00e1c v\u00e0 t\u1ed1c \u0111\u1ed9 cao. T\u00edch h\u1ee3p d\u1ec5 d\u00e0ng v\u00e0o d\u00e2y chuy\u1ec1n s\u1ea3n xu\u1ea5t ph\u1ee9c t\u1ea1p, \u0111\u1ea3m b\u1ea3o quy tr\u00ecnh","og_url":"https:\/\/swoer.vn\/ms\/manufacturer\/may-nap-tuyen-tinh-rung-dong-jm\/","og_site_name":"Nh\u00e0 s\u1ea3n xu\u1ea5t m\u00e1y c\u1ea5p li\u1ec7u c\u00f4ng nghi\u1ec7p","article_modified_time":"2025-09-13T09:31:28+00:00","og_image":[{"width":800,"height":800,"url":"https:\/\/swoer.vn\/wp-content\/uploads\/2025\/09\/May-nap-tuyen-tinh-rung-dong-JM.png","type":"image\/png"}],"twitter_card":"summary_large_image","twitter_misc":{"Est. reading time":"2 minit"},"schema":{"@context":"https:\/\/schema.org","@graph":[{"@type":"WebPage","@id":"https:\/\/swoer.vn\/manufacturer\/may-nap-tuyen-tinh-rung-dong-jm\/","url":"https:\/\/swoer.vn\/manufacturer\/may-nap-tuyen-tinh-rung-dong-jm\/","name":"M\u00e1y n\u1ea1p tuy\u1ebfn t\u00ednh rung - D\u00f2ng JM - Nh\u00e0 s\u1ea3n xu\u1ea5t m\u00e1y c\u1ea5p li\u1ec7u c\u00f4ng nghi\u1ec7p","isPartOf":{"@id":"https:\/\/swoer.vn\/#website"},"primaryImageOfPage":{"@id":"https:\/\/swoer.vn\/manufacturer\/may-nap-tuyen-tinh-rung-dong-jm\/#primaryimage"},"image":{"@id":"https:\/\/swoer.vn\/manufacturer\/may-nap-tuyen-tinh-rung-dong-jm\/#primaryimage"},"thumbnailUrl":"https:\/\/swoer.vn\/wp-content\/uploads\/2025\/09\/May-nap-tuyen-tinh-rung-dong-JM.png","datePublished":"2025-09-13T09:31:14+00:00","dateModified":"2025-09-13T09:31:28+00:00","description":"M\u00e1y n\u1ea1p tuy\u1ebfn t\u00ednh rung SWOER d\u00f2ng JM: Gi\u1ea3i ph\u00e1p c\u1ea5p ph\u00f4i ch\u00ednh x\u00e1c v\u00e0 t\u1ed1c \u0111\u1ed9 cao. T\u00edch h\u1ee3p d\u1ec5 d\u00e0ng v\u00e0o d\u00e2y chuy\u1ec1n s\u1ea3n xu\u1ea5t ph\u1ee9c t\u1ea1p, \u0111\u1ea3m b\u1ea3o quy tr\u00ecnh","breadcrumb":{"@id":"https:\/\/swoer.vn\/manufacturer\/may-nap-tuyen-tinh-rung-dong-jm\/#breadcrumb"},"inLanguage":"ms-MY","potentialAction":[{"@type":"ReadAction","target":["https:\/\/swoer.vn\/manufacturer\/may-nap-tuyen-tinh-rung-dong-jm\/"]}]},{"@type":"ImageObject","inLanguage":"ms-MY","@id":"https:\/\/swoer.vn\/manufacturer\/may-nap-tuyen-tinh-rung-dong-jm\/#primaryimage","url":"https:\/\/swoer.vn\/wp-content\/uploads\/2025\/09\/May-nap-tuyen-tinh-rung-dong-JM.png","contentUrl":"https:\/\/swoer.vn\/wp-content\/uploads\/2025\/09\/May-nap-tuyen-tinh-rung-dong-JM.png","width":800,"height":800,"caption":"Ma\u0301y na\u0323p tuye\u0302\u0301n ti\u0301nh rung do\u0300ng JM"},{"@type":"BreadcrumbList","@id":"https:\/\/swoer.vn\/manufacturer\/may-nap-tuyen-tinh-rung-dong-jm\/#breadcrumb","itemListElement":[{"@type":"ListItem","position":1,"name":"Home","item":"https:\/\/swoer.vn\/"},{"@type":"ListItem","position":2,"name":"S\u1ea3n ph\u1ea9m","item":"https:\/\/swoer.vn\/shop\/"},{"@type":"ListItem","position":3,"name":"M\u00e1y n\u1ea1p tuy\u1ebfn t\u00ednh rung &#8211; D\u00f2ng JM"}]},{"@type":"WebSite","@id":"https:\/\/swoer.vn\/#website","url":"https:\/\/swoer.vn\/","name":"Pengeluar Pengumpan Perindustrian","description":"Pembekal robot, penyuap fleksibel, penyuap emparan, penyuap bergetar automatik","potentialAction":[{"@type":"SearchAction","target":{"@type":"EntryPoint","urlTemplate":"https:\/\/swoer.vn\/?s={search_term_string}"},"query-input":{"@type":"PropertyValueSpecification","valueRequired":true,"valueName":"search_term_string"}}],"inLanguage":"ms-MY"}]}},"_links":{"self":[{"href":"https:\/\/swoer.vn\/ms\/wp-json\/wp\/v2\/product\/4526","targetHints":{"allow":["GET"]}}],"collection":[{"href":"https:\/\/swoer.vn\/ms\/wp-json\/wp\/v2\/product"}],"about":[{"href":"https:\/\/swoer.vn\/ms\/wp-json\/wp\/v2\/types\/product"}],"replies":[{"embeddable":true,"href":"https:\/\/swoer.vn\/ms\/wp-json\/wp\/v2\/comments?post=4526"}],"wp:featuredmedia":[{"embeddable":true,"href":"https:\/\/swoer.vn\/ms\/wp-json\/wp\/v2\/media\/4527"}],"wp:attachment":[{"href":"https:\/\/swoer.vn\/ms\/wp-json\/wp\/v2\/media?parent=4526"}],"wp:term":[{"taxonomy":"product_brand","embeddable":true,"href":"https:\/\/swoer.vn\/ms\/wp-json\/wp\/v2\/product_brand?post=4526"},{"taxonomy":"product_cat","embeddable":true,"href":"https:\/\/swoer.vn\/ms\/wp-json\/wp\/v2\/product_cat?post=4526"},{"taxonomy":"product_tag","embeddable":true,"href":"https:\/\/swoer.vn\/ms\/wp-json\/wp\/v2\/product_tag?post=4526"}],"curies":[{"name":"wp","href":"https:\/\/api.w.org\/{rel}","templated":true}]}}