{"id":2996,"date":"2025-05-08T15:37:47","date_gmt":"2025-05-08T08:37:47","guid":{"rendered":"https:\/\/swoer.vn\/?post_type=product&#038;p=2996"},"modified":"2025-05-08T15:59:01","modified_gmt":"2025-05-08T08:59:01","slug":"may-dan-nhan-phang-hoan-toan-tu-dong","status":"publish","type":"product","link":"https:\/\/swoer.vn\/ms\/manufacturer\/may-dan-nhan-phang-hoan-toan-tu-dong\/","title":{"rendered":"M\u00e1y d\u00e1n nh\u00e3n ph\u1eb3ng ho\u00e0n to\u00e0n t\u1ef1 \u0111\u1ed9ng"},"content":{"rendered":"<h3><b>1. \u1ee8ng d\u1ee5ng c\u01a1 b\u1ea3n<\/b><\/h3>\n<p><span style=\"font-weight: 400;\">M\u00e1y \u0111\u01b0\u1ee3c thi\u1ebft k\u1ebf chuy\u00ean bi\u1ec7t \u0111\u1ec3 d\u00e1n nh\u00e3n l\u00ean c\u00e1c b\u1ec1 m\u1eb7t ph\u1eb3ng theo m\u1eabu do kh\u00e1ch h\u00e0ng cung c\u1ea5p. Sau khi \u0111\u00e3 th\u00e0nh th\u1ea1o thao t\u00e1c v\u1eadn h\u00e0nh, thi\u1ebft b\u1ecb c\u00f3 th\u1ec3 \u00e1p d\u1ee5ng cho nhi\u1ec1u s\u1ea3n ph\u1ea9m ph\u1eb3ng kh\u00e1c nhau, \u0111\u1ea3m b\u1ea3o t\u00ednh linh ho\u1ea1t v\u00e0 hi\u1ec7u qu\u1ea3 cao trong s\u1ea3n xu\u1ea5t.<\/span><\/p>\n<h3><b>2. Th\u00f4ng s\u1ed1 k\u1ef9 thu\u1eadt<\/b><\/h3>\n<table>\n<tbody>\n<tr>\n<td><b>H\u1ea1ng m\u1ee5c<\/b><\/td>\n<td><b>Chi ti\u1ebft<\/b><\/td>\n<\/tr>\n<tr>\n<td><b>taip<\/b><\/td>\n<td><span style=\"font-weight: 400;\">SW-DP501<\/span><\/td>\n<\/tr>\n<tr>\n<td><b>\u0110\u1ed9 ch\u00ednh x\u00e1c d\u00e1n nh\u00e3n<\/b><\/td>\n<td><span style=\"font-weight: 400;\">\u00b11mm <\/span><i><span style=\"font-weight: 400;\">(kh\u00f4ng bao g\u1ed3m l\u1ed7i s\u1ea3n ph\u1ea9m v\u00e0 nh\u00e3n)<\/span><\/i><\/td>\n<\/tr>\n<tr>\n<td><b>T\u1ed1c \u0111\u1ed9 d\u00e1n nh\u00e3n<\/b><\/td>\n<td><span style=\"font-weight: 400;\">40\u2013100 s\u1ea3n ph\u1ea9m\/ph\u00fat <\/span><i><span style=\"font-weight: 400;\">(ph\u1ee5 thu\u1ed9c v\u00e0o nh\u00e3n &amp; s\u1ea3n ph\u1ea9m)<\/span><\/i><\/td>\n<\/tr>\n<tr>\n<td><b>S\u1ea3n ph\u1ea9m \u00e1p d\u1ee5ng<\/b><\/td>\n<td><span style=\"font-weight: 400;\">Theo m\u1eabu do kh\u00e1ch h\u00e0ng cung c\u1ea5p<\/span><\/td>\n<\/tr>\n<tr>\n<td><b>Nh\u00e3n \u00e1p d\u1ee5ng<\/b><\/td>\n<td><span style=\"font-weight: 400;\">Nh\u00e3n cu\u1ed9n do kh\u00e1ch h\u00e0ng cung c\u1ea5p<\/span><\/td>\n<\/tr>\n<tr>\n<td><b>K\u00edch th\u01b0\u1edbc m\u00e1y<\/b><\/td>\n<td><span style=\"font-weight: 400;\">2000 \u00d7 800 \u00d7 1400 mm <\/span><i><span style=\"font-weight: 400;\">(D\u00e0i \u00d7 R\u1ed9ng \u00d7 Cao)<\/span><\/i><\/td>\n<\/tr>\n<tr>\n<td><b>Bekalan kuasa<\/b><\/td>\n<td><span style=\"font-weight: 400;\">220V \u2013 50\/60Hz<\/span><\/td>\n<\/tr>\n<tr>\n<td><b>Tr\u1ecdng l\u01b0\u1ee3ng m\u00e1y<\/b><\/td>\n<td><span style=\"font-weight: 400;\">Kho\u1ea3ng 150Kg<\/span><\/td>\n<\/tr>\n<\/tbody>\n<\/table>\n<p>&nbsp;<\/p>","protected":false},"excerpt":{"rendered":"<p class=\"\" data-start=\"147\" data-end=\"557\">M\u00e1y d\u00e1n nh\u00e3n ph\u1eb3ng ho\u00e0n to\u00e0n t\u1ef1 \u0111\u1ed9ng c\u1ee7a SWOER l\u00e0 gi\u1ea3i ph\u00e1p l\u00fd t\u01b0\u1edfng cho c\u00e1c doanh nghi\u1ec7p c\u1ea7n d\u00e1n nh\u00e3n nhanh, ch\u00ednh x\u00e1c tr\u00ean b\u1ec1 m\u1eb7t ph\u1eb3ng. Thi\u1ebft b\u1ecb ph\u00f9 h\u1ee3p v\u1edbi nhi\u1ec1u lo\u1ea1i s\u1ea3n ph\u1ea9m kh\u00e1c nhau, gi\u00fap ti\u1ebft ki\u1ec7m th\u1eddi gian, gi\u1ea3m l\u1ed7i th\u1ee7 c\u00f4ng v\u00e0 n\u00e2ng cao hi\u1ec7u su\u1ea5t s\u1ea3n xu\u1ea5t. V\u1edbi thi\u1ebft k\u1ebf hi\u1ec7n \u0111\u1ea1i, v\u1eadn h\u00e0nh \u1ed5n \u0111\u1ecbnh v\u00e0 d\u1ec5 \u0111i\u1ec1u ch\u1ec9nh, \u0111\u00e2y l\u00e0 l\u1ef1a ch\u1ecdn ho\u00e0n h\u1ea3o cho c\u00e1c ng\u00e0nh th\u1ef1c ph\u1ea9m, m\u1ef9 ph\u1ea9m, \u0111i\u1ec7n t\u1eed v\u00e0 h\u00e0ng ti\u00eau d\u00f9ng.<\/p>","protected":false},"featured_media":2997,"comment_status":"open","ping_status":"closed","template":"","meta":[],"product_brand":[],"product_cat":[149],"product_tag":[146,147,143,144,148],"class_list":{"0":"post-2996","1":"product","2":"type-product","3":"status-publish","4":"has-post-thumbnail","6":"product_cat-may-dan-nhan-tu-dong","7":"product_tag-dan-nhan-chai-lo","8":"product_tag-dan-nhan-hop","9":"product_tag-may-dan-nhan","10":"product_tag-may-dan-nhan-tu-dong","11":"product_tag-tu-dong-dan-nhan","13":"first","14":"instock","15":"shipping-taxable","16":"product-type-simple"},"yoast_head":"<!-- This site is optimized with the Yoast SEO plugin v26.0 - https:\/\/yoast.com\/wordpress\/plugins\/seo\/ -->\n<title>M\u00e1y d\u00e1n nh\u00e3n ph\u1eb3ng ho\u00e0n to\u00e0n t\u1ef1 \u0111\u1ed9ng - Nh\u00e0 s\u1ea3n xu\u1ea5t m\u00e1y c\u1ea5p li\u1ec7u c\u00f4ng nghi\u1ec7p<\/title>\n<meta name=\"description\" content=\"M\u00e1y d\u00e1n nh\u00e3n ph\u1eb3ng t\u1ef1 \u0111\u1ed9ng SWOER \u2013 t\u1ed1c \u0111\u1ed9 nhanh, ch\u00ednh x\u00e1c \u00b11mm, ph\u00f9 h\u1ee3p nhi\u1ec1u ng\u00e0nh h\u00e0ng, t\u1ed1i \u01b0u quy tr\u00ecnh d\u00e1n nh\u00e3n b\u1ec1 m\u1eb7t ph\u1eb3ng.\" \/>\n<meta name=\"robots\" content=\"index, follow, max-snippet:-1, max-image-preview:large, max-video-preview:-1\" \/>\n<link rel=\"canonical\" href=\"https:\/\/swoer.vn\/ms\/manufacturer\/may-dan-nhan-phang-hoan-toan-tu-dong\/\" \/>\n<meta property=\"og:locale\" content=\"ms_MY\" \/>\n<meta property=\"og:type\" content=\"article\" \/>\n<meta property=\"og:title\" content=\"M\u00e1y d\u00e1n nh\u00e3n ph\u1eb3ng ho\u00e0n to\u00e0n t\u1ef1 \u0111\u1ed9ng - Nh\u00e0 s\u1ea3n xu\u1ea5t m\u00e1y c\u1ea5p li\u1ec7u c\u00f4ng nghi\u1ec7p\" \/>\n<meta property=\"og:description\" content=\"M\u00e1y d\u00e1n nh\u00e3n ph\u1eb3ng t\u1ef1 \u0111\u1ed9ng SWOER \u2013 t\u1ed1c \u0111\u1ed9 nhanh, ch\u00ednh x\u00e1c \u00b11mm, ph\u00f9 h\u1ee3p nhi\u1ec1u ng\u00e0nh h\u00e0ng, t\u1ed1i \u01b0u quy tr\u00ecnh d\u00e1n nh\u00e3n b\u1ec1 m\u1eb7t ph\u1eb3ng.\" \/>\n<meta property=\"og:url\" content=\"https:\/\/swoer.vn\/ms\/manufacturer\/may-dan-nhan-phang-hoan-toan-tu-dong\/\" \/>\n<meta property=\"og:site_name\" content=\"Nh\u00e0 s\u1ea3n xu\u1ea5t m\u00e1y c\u1ea5p li\u1ec7u c\u00f4ng nghi\u1ec7p\" \/>\n<meta property=\"article:modified_time\" content=\"2025-05-08T08:59:01+00:00\" \/>\n<meta property=\"og:image\" content=\"https:\/\/swoer.vn\/wp-content\/uploads\/2025\/05\/May-dan-nhan-phang-hoan-toan-tu-dong.png\" \/>\n\t<meta property=\"og:image:width\" content=\"800\" \/>\n\t<meta property=\"og:image:height\" content=\"800\" \/>\n\t<meta property=\"og:image:type\" content=\"image\/png\" \/>\n<meta name=\"twitter:card\" content=\"summary_large_image\" \/>\n<meta name=\"twitter:label1\" content=\"Est. reading time\" \/>\n\t<meta name=\"twitter:data1\" content=\"1 minit\" \/>\n<script type=\"application\/ld+json\" class=\"yoast-schema-graph\">{\"@context\":\"https:\/\/schema.org\",\"@graph\":[{\"@type\":\"WebPage\",\"@id\":\"https:\/\/swoer.vn\/manufacturer\/may-dan-nhan-phang-hoan-toan-tu-dong\/\",\"url\":\"https:\/\/swoer.vn\/manufacturer\/may-dan-nhan-phang-hoan-toan-tu-dong\/\",\"name\":\"M\u00e1y d\u00e1n nh\u00e3n ph\u1eb3ng ho\u00e0n to\u00e0n t\u1ef1 \u0111\u1ed9ng - Nh\u00e0 s\u1ea3n xu\u1ea5t m\u00e1y c\u1ea5p li\u1ec7u c\u00f4ng nghi\u1ec7p\",\"isPartOf\":{\"@id\":\"https:\/\/swoer.vn\/#website\"},\"primaryImageOfPage\":{\"@id\":\"https:\/\/swoer.vn\/manufacturer\/may-dan-nhan-phang-hoan-toan-tu-dong\/#primaryimage\"},\"image\":{\"@id\":\"https:\/\/swoer.vn\/manufacturer\/may-dan-nhan-phang-hoan-toan-tu-dong\/#primaryimage\"},\"thumbnailUrl\":\"https:\/\/swoer.vn\/wp-content\/uploads\/2025\/05\/May-dan-nhan-phang-hoan-toan-tu-dong.png\",\"datePublished\":\"2025-05-08T08:37:47+00:00\",\"dateModified\":\"2025-05-08T08:59:01+00:00\",\"description\":\"M\u00e1y d\u00e1n nh\u00e3n ph\u1eb3ng t\u1ef1 \u0111\u1ed9ng SWOER \u2013 t\u1ed1c \u0111\u1ed9 nhanh, ch\u00ednh x\u00e1c \u00b11mm, ph\u00f9 h\u1ee3p nhi\u1ec1u ng\u00e0nh h\u00e0ng, t\u1ed1i \u01b0u quy tr\u00ecnh d\u00e1n nh\u00e3n b\u1ec1 m\u1eb7t ph\u1eb3ng.\",\"breadcrumb\":{\"@id\":\"https:\/\/swoer.vn\/manufacturer\/may-dan-nhan-phang-hoan-toan-tu-dong\/#breadcrumb\"},\"inLanguage\":\"ms-MY\",\"potentialAction\":[{\"@type\":\"ReadAction\",\"target\":[\"https:\/\/swoer.vn\/manufacturer\/may-dan-nhan-phang-hoan-toan-tu-dong\/\"]}]},{\"@type\":\"ImageObject\",\"inLanguage\":\"ms-MY\",\"@id\":\"https:\/\/swoer.vn\/manufacturer\/may-dan-nhan-phang-hoan-toan-tu-dong\/#primaryimage\",\"url\":\"https:\/\/swoer.vn\/wp-content\/uploads\/2025\/05\/May-dan-nhan-phang-hoan-toan-tu-dong.png\",\"contentUrl\":\"https:\/\/swoer.vn\/wp-content\/uploads\/2025\/05\/May-dan-nhan-phang-hoan-toan-tu-dong.png\",\"width\":800,\"height\":800,\"caption\":\"Ma\u0301y da\u0301n nha\u0303n pha\u0306\u0309ng hoa\u0300n toa\u0300n tu\u031b\u0323 \u0111o\u0323\u0302ng\"},{\"@type\":\"BreadcrumbList\",\"@id\":\"https:\/\/swoer.vn\/manufacturer\/may-dan-nhan-phang-hoan-toan-tu-dong\/#breadcrumb\",\"itemListElement\":[{\"@type\":\"ListItem\",\"position\":1,\"name\":\"Home\",\"item\":\"https:\/\/swoer.vn\/\"},{\"@type\":\"ListItem\",\"position\":2,\"name\":\"S\u1ea3n ph\u1ea9m\",\"item\":\"https:\/\/swoer.vn\/shop\/\"},{\"@type\":\"ListItem\",\"position\":3,\"name\":\"M\u00e1y d\u00e1n nh\u00e3n ph\u1eb3ng ho\u00e0n to\u00e0n t\u1ef1 \u0111\u1ed9ng\"}]},{\"@type\":\"WebSite\",\"@id\":\"https:\/\/swoer.vn\/#website\",\"url\":\"https:\/\/swoer.vn\/\",\"name\":\"Nh\u00e0 s\u1ea3n xu\u1ea5t m\u00e1y c\u1ea5p li\u1ec7u c\u00f4ng nghi\u1ec7p\",\"description\":\"Nh\u00e0 cung c\u1ea5p robot, m\u00e1y c\u1ea5p li\u1ec7u linh ho\u1ea1t, m\u00e1y c\u1ea5p li\u1ec7u ly t\u00e2m, m\u00e1y c\u1ea5p li\u1ec7u rung t\u1ef1 \u0111\u1ed9ng\",\"potentialAction\":[{\"@type\":\"SearchAction\",\"target\":{\"@type\":\"EntryPoint\",\"urlTemplate\":\"https:\/\/swoer.vn\/?s={search_term_string}\"},\"query-input\":{\"@type\":\"PropertyValueSpecification\",\"valueRequired\":true,\"valueName\":\"search_term_string\"}}],\"inLanguage\":\"ms-MY\"}]}<\/script>\n<!-- \/ Yoast SEO plugin. -->","yoast_head_json":{"title":"M\u00e1y d\u00e1n nh\u00e3n ph\u1eb3ng ho\u00e0n to\u00e0n t\u1ef1 \u0111\u1ed9ng - Nh\u00e0 s\u1ea3n xu\u1ea5t m\u00e1y c\u1ea5p li\u1ec7u c\u00f4ng nghi\u1ec7p","description":"M\u00e1y d\u00e1n nh\u00e3n ph\u1eb3ng t\u1ef1 \u0111\u1ed9ng SWOER \u2013 t\u1ed1c \u0111\u1ed9 nhanh, ch\u00ednh x\u00e1c \u00b11mm, ph\u00f9 h\u1ee3p nhi\u1ec1u ng\u00e0nh h\u00e0ng, t\u1ed1i \u01b0u quy tr\u00ecnh d\u00e1n nh\u00e3n b\u1ec1 m\u1eb7t ph\u1eb3ng.","robots":{"index":"index","follow":"follow","max-snippet":"max-snippet:-1","max-image-preview":"max-image-preview:large","max-video-preview":"max-video-preview:-1"},"canonical":"https:\/\/swoer.vn\/ms\/manufacturer\/may-dan-nhan-phang-hoan-toan-tu-dong\/","og_locale":"ms_MY","og_type":"article","og_title":"M\u00e1y d\u00e1n nh\u00e3n ph\u1eb3ng ho\u00e0n to\u00e0n t\u1ef1 \u0111\u1ed9ng - Nh\u00e0 s\u1ea3n xu\u1ea5t m\u00e1y c\u1ea5p li\u1ec7u c\u00f4ng nghi\u1ec7p","og_description":"M\u00e1y d\u00e1n nh\u00e3n ph\u1eb3ng t\u1ef1 \u0111\u1ed9ng SWOER \u2013 t\u1ed1c \u0111\u1ed9 nhanh, ch\u00ednh x\u00e1c \u00b11mm, ph\u00f9 h\u1ee3p nhi\u1ec1u ng\u00e0nh h\u00e0ng, t\u1ed1i \u01b0u quy tr\u00ecnh d\u00e1n nh\u00e3n b\u1ec1 m\u1eb7t ph\u1eb3ng.","og_url":"https:\/\/swoer.vn\/ms\/manufacturer\/may-dan-nhan-phang-hoan-toan-tu-dong\/","og_site_name":"Nh\u00e0 s\u1ea3n xu\u1ea5t m\u00e1y c\u1ea5p li\u1ec7u c\u00f4ng nghi\u1ec7p","article_modified_time":"2025-05-08T08:59:01+00:00","og_image":[{"width":800,"height":800,"url":"https:\/\/swoer.vn\/wp-content\/uploads\/2025\/05\/May-dan-nhan-phang-hoan-toan-tu-dong.png","type":"image\/png"}],"twitter_card":"summary_large_image","twitter_misc":{"Est. reading time":"1 minit"},"schema":{"@context":"https:\/\/schema.org","@graph":[{"@type":"WebPage","@id":"https:\/\/swoer.vn\/manufacturer\/may-dan-nhan-phang-hoan-toan-tu-dong\/","url":"https:\/\/swoer.vn\/manufacturer\/may-dan-nhan-phang-hoan-toan-tu-dong\/","name":"M\u00e1y d\u00e1n nh\u00e3n ph\u1eb3ng ho\u00e0n to\u00e0n t\u1ef1 \u0111\u1ed9ng - Nh\u00e0 s\u1ea3n xu\u1ea5t m\u00e1y c\u1ea5p li\u1ec7u c\u00f4ng nghi\u1ec7p","isPartOf":{"@id":"https:\/\/swoer.vn\/#website"},"primaryImageOfPage":{"@id":"https:\/\/swoer.vn\/manufacturer\/may-dan-nhan-phang-hoan-toan-tu-dong\/#primaryimage"},"image":{"@id":"https:\/\/swoer.vn\/manufacturer\/may-dan-nhan-phang-hoan-toan-tu-dong\/#primaryimage"},"thumbnailUrl":"https:\/\/swoer.vn\/wp-content\/uploads\/2025\/05\/May-dan-nhan-phang-hoan-toan-tu-dong.png","datePublished":"2025-05-08T08:37:47+00:00","dateModified":"2025-05-08T08:59:01+00:00","description":"M\u00e1y d\u00e1n nh\u00e3n ph\u1eb3ng t\u1ef1 \u0111\u1ed9ng SWOER \u2013 t\u1ed1c \u0111\u1ed9 nhanh, ch\u00ednh x\u00e1c \u00b11mm, ph\u00f9 h\u1ee3p nhi\u1ec1u ng\u00e0nh h\u00e0ng, t\u1ed1i \u01b0u quy tr\u00ecnh d\u00e1n nh\u00e3n b\u1ec1 m\u1eb7t ph\u1eb3ng.","breadcrumb":{"@id":"https:\/\/swoer.vn\/manufacturer\/may-dan-nhan-phang-hoan-toan-tu-dong\/#breadcrumb"},"inLanguage":"ms-MY","potentialAction":[{"@type":"ReadAction","target":["https:\/\/swoer.vn\/manufacturer\/may-dan-nhan-phang-hoan-toan-tu-dong\/"]}]},{"@type":"ImageObject","inLanguage":"ms-MY","@id":"https:\/\/swoer.vn\/manufacturer\/may-dan-nhan-phang-hoan-toan-tu-dong\/#primaryimage","url":"https:\/\/swoer.vn\/wp-content\/uploads\/2025\/05\/May-dan-nhan-phang-hoan-toan-tu-dong.png","contentUrl":"https:\/\/swoer.vn\/wp-content\/uploads\/2025\/05\/May-dan-nhan-phang-hoan-toan-tu-dong.png","width":800,"height":800,"caption":"Ma\u0301y da\u0301n nha\u0303n pha\u0306\u0309ng hoa\u0300n toa\u0300n tu\u031b\u0323 \u0111o\u0323\u0302ng"},{"@type":"BreadcrumbList","@id":"https:\/\/swoer.vn\/manufacturer\/may-dan-nhan-phang-hoan-toan-tu-dong\/#breadcrumb","itemListElement":[{"@type":"ListItem","position":1,"name":"Home","item":"https:\/\/swoer.vn\/"},{"@type":"ListItem","position":2,"name":"S\u1ea3n ph\u1ea9m","item":"https:\/\/swoer.vn\/shop\/"},{"@type":"ListItem","position":3,"name":"M\u00e1y d\u00e1n nh\u00e3n ph\u1eb3ng ho\u00e0n to\u00e0n t\u1ef1 \u0111\u1ed9ng"}]},{"@type":"WebSite","@id":"https:\/\/swoer.vn\/#website","url":"https:\/\/swoer.vn\/","name":"Pengeluar Pengumpan Perindustrian","description":"Pembekal robot, penyuap fleksibel, penyuap emparan, penyuap bergetar automatik","potentialAction":[{"@type":"SearchAction","target":{"@type":"EntryPoint","urlTemplate":"https:\/\/swoer.vn\/?s={search_term_string}"},"query-input":{"@type":"PropertyValueSpecification","valueRequired":true,"valueName":"search_term_string"}}],"inLanguage":"ms-MY"}]}},"_links":{"self":[{"href":"https:\/\/swoer.vn\/ms\/wp-json\/wp\/v2\/product\/2996","targetHints":{"allow":["GET"]}}],"collection":[{"href":"https:\/\/swoer.vn\/ms\/wp-json\/wp\/v2\/product"}],"about":[{"href":"https:\/\/swoer.vn\/ms\/wp-json\/wp\/v2\/types\/product"}],"replies":[{"embeddable":true,"href":"https:\/\/swoer.vn\/ms\/wp-json\/wp\/v2\/comments?post=2996"}],"wp:featuredmedia":[{"embeddable":true,"href":"https:\/\/swoer.vn\/ms\/wp-json\/wp\/v2\/media\/2997"}],"wp:attachment":[{"href":"https:\/\/swoer.vn\/ms\/wp-json\/wp\/v2\/media?parent=2996"}],"wp:term":[{"taxonomy":"product_brand","embeddable":true,"href":"https:\/\/swoer.vn\/ms\/wp-json\/wp\/v2\/product_brand?post=2996"},{"taxonomy":"product_cat","embeddable":true,"href":"https:\/\/swoer.vn\/ms\/wp-json\/wp\/v2\/product_cat?post=2996"},{"taxonomy":"product_tag","embeddable":true,"href":"https:\/\/swoer.vn\/ms\/wp-json\/wp\/v2\/product_tag?post=2996"}],"curies":[{"name":"wp","href":"https:\/\/api.w.org\/{rel}","templated":true}]}}