{"id":2649,"date":"2025-03-20T14:18:54","date_gmt":"2025-03-20T07:18:54","guid":{"rendered":"https:\/\/swoer.vn\/?post_type=product&#038;p=2649"},"modified":"2025-03-20T14:18:54","modified_gmt":"2025-03-20T07:18:54","slug":"may-sang-loc-truc-quan-kinh-xoay-vision","status":"publish","type":"product","link":"https:\/\/swoer.vn\/ms\/manufacturer\/may-sang-loc-truc-quan-kinh-xoay-vision\/","title":{"rendered":"M\u00e1y s\u00e0ng l\u1ecdc tr\u1ef1c quan k\u00ednh xoay vision"},"content":{"rendered":"<h2><b>Spesifikasi Produk<\/b><\/h2>\n<table>\n<tbody>\n<tr>\n<td><span style=\"font-weight: 400;\">taip<\/span><\/td>\n<td><span style=\"font-weight: 400;\">M\u00e1y s\u00e0ng l\u1ecdc tr\u1ef1c quan<\/span><\/td>\n<\/tr>\n<tr>\n<td><span style=\"font-weight: 400;\">C\u1ea5u h\u00ecnh<\/span><\/td>\n<td><span style=\"font-weight: 400;\">OEM (Tu\u1ef3 thu\u1ed9c v\u00e0o y\u00eau c\u1ea7u \u0111o l\u01b0\u1eddng)<\/span><\/td>\n<\/tr>\n<tr>\n<td><span style=\"font-weight: 400;\">Ngh\u1ecb quy\u1ebft<\/span><\/td>\n<td><span style=\"font-weight: 400;\">L\u00ean \u0111\u1ebfn 1 um (t\u00f9y thu\u1ed9c v\u00e0o s\u1ea3n ph\u1ea9m)<\/span><\/td>\n<\/tr>\n<tr>\n<td><span style=\"font-weight: 400;\">Lo\u1ea1i l\u00e0m vi\u1ec7c<\/span><\/td>\n<td><span style=\"font-weight: 400;\">Ho\u00e0n to\u00e0n t\u1ef1 \u0111\u1ed9ng<\/span><\/td>\n<\/tr>\n<tr>\n<td><span style=\"font-weight: 400;\">\u0110o k\u00edch th\u01b0\u1edbc s\u1ea3n ph\u1ea9m<\/span><\/td>\n<td><span style=\"font-weight: 400;\">20 ~ 100mm<\/span><\/td>\n<\/tr>\n<tr>\n<td><span style=\"font-weight: 400;\">Fungsi<\/span><\/td>\n<td><span style=\"font-weight: 400;\">H\u01a1n 2000 lo\u1ea1i. \u0110o khuy\u1ebft t\u1eadt, k\u00edch th\u01b0\u1edbc, m\u00e0u s\u1eafc, M\u00e1y qu\u00e9t m\u00e3 v\u1ea1ch OCR<\/span><\/td>\n<\/tr>\n<tr>\n<td><span style=\"font-weight: 400;\">T\u1ed1c \u0111\u1ed9 ph\u00e1t hi\u1ec7n<\/span><\/td>\n<td><span style=\"font-weight: 400;\">L\u00ean \u0111\u1ebfn 5000pc \/ ph\u00fat<\/span><\/td>\n<\/tr>\n<\/tbody>\n<\/table>\n<p><span style=\"font-weight: 400;\">Thi\u1ebft b\u1ecb ki\u1ec3m tra tr\u1ef1c quan l\u00e0 thi\u1ebft b\u1ecb \u0111o v\u00e0 s\u00e0ng l\u1ecdc t\u1ef1 \u0111\u1ed9ng t\u1ed1c \u0111\u1ed9 cao, t\u00edch h\u1ee3p ph\u1ea7n m\u1ec1m \u0111o th\u1ecb l\u1ef1c, camera c\u00f4ng nghi\u1ec7p CCD, m\u00e1y m\u00f3c, m\u00e1y t\u00ednh c\u00f4ng nghi\u1ec7p, \u0111i\u1ec7n, van \u0111i\u1ec7n t\u1eeb v\u00e0 c\u00e1c ch\u1ee9c n\u0103ng kh\u00e1c.<\/span><\/p>\n<p><span style=\"font-weight: 400;\">Th\u00f4ng qua thi\u1ebft b\u1ecb c\u1ea5p li\u1ec7u t\u1ef1 \u0111\u1ed9ng (t\u1ea5m rung, b\u1ed9 n\u1eafn, d\u00e2y \u0111ai, v.v.), ph\u00f4i c\u1ea7n ki\u1ec3m tra v\u00e0 s\u00e0ng l\u1ecdc l\u1ea7n l\u01b0\u1ee3t \u0111\u01b0\u1ee3c v\u1eadn chuy\u1ec3n \u0111\u1ebfn tr\u1ea1m ph\u00e1t hi\u1ec7n th\u00f4ng qua thi\u1ebft b\u1ecb v\u1eadn chuy\u1ec3n v\u1eadt li\u1ec7u \u0111\u1ec3 ch\u1ee5p \u1ea3nh t\u1ed1c \u0111\u1ed9 cao. Sau \u0111\u00f3, ph\u1ea7n m\u1ec1m ki\u1ec3m tra tr\u1ef1c quan \u0111\u00e1nh gi\u00e1 to\u00e0n di\u1ec7n v\u00e0 \u0111\u01b0a ra k\u1ebft qu\u1ea3 t\u00ednh to\u00e1n.Theo c\u00e1c s\u1ea3n ph\u1ea9m t\u1ed1t v\u00e0 quy t\u1eafc b\u1ed1 tr\u00ed \u0111\u1eb7t tr\u01b0\u1edbc, c\u00e1c ph\u00f4i \u0111\u01b0\u1ee3c chia th\u00e0nh c\u00e1c s\u1ea3n ph\u1ea9m t\u1ed1t v\u00e0 x\u1ea5u.Cu\u1ed1i c\u00f9ng, van \u0111i\u1ec7n t\u1eeb \u0111\u01b0\u1ee3c s\u1eed d\u1ee5ng \u0111\u1ec3 th\u1ed5i kh\u00f4ng kh\u00ed v\u00e0o m\u00e1y ch\u1ea7n Bit \u0111\u1ec3 lo\u1ea1i b\u1ecf \u0111\u1ebfn c\u00e1c lo\u1ea1i h\u1ed9p kh\u00e1c nhau, \u0111\u1ec3 \u0111\u1ea1t \u0111\u01b0\u1ee3c ch\u1ee9c n\u0103ng ph\u00e1t hi\u1ec7n v\u00e0 s\u00e0ng l\u1ecdc ki\u1ec3m tra ch\u1ea5t l\u01b0\u1ee3ng ph\u00f4i.<\/span><\/p>\n<h3><b>Fungsi<\/b><\/h3>\n<ul>\n<li style=\"font-weight: 400;\" aria-level=\"1\"><span style=\"font-weight: 400;\">\u0110o k\u00edch th\u01b0\u1edbc ph\u00f4i.<\/span><\/li>\n<li style=\"font-weight: 400;\" aria-level=\"1\"><span style=\"font-weight: 400;\">Ph\u00e1t hi\u1ec7n khuy\u1ebft t\u1eadt b\u1ec1 ngo\u00e0i ph\u00f4i.<\/span><\/li>\n<li style=\"font-weight: 400;\" aria-level=\"1\"><span style=\"font-weight: 400;\">Nh\u1eadn d\u1ea1ng m\u00e0u s\u1eafc v\u00e0 ph\u00e1t hi\u1ec7n khuy\u1ebft t\u1eadt.<\/span><\/li>\n<li style=\"font-weight: 400;\" aria-level=\"1\"><span style=\"font-weight: 400;\">Nh\u1eadn d\u1ea1ng k\u00fd t\u1ef1 (OCR) v\u00e0 ph\u00e1t hi\u1ec7n l\u1ed7i.<\/span><\/li>\n<li style=\"font-weight: 400;\" aria-level=\"1\"><span style=\"font-weight: 400;\">Nh\u1eadn d\u1ea1ng m\u00e3 v\u1ea1ch v\u00e0 ph\u00e1t hi\u1ec7n l\u1ed7i.<\/span><\/li>\n<li style=\"font-weight: 400;\" aria-level=\"1\"><span style=\"font-weight: 400;\">Nh\u1eadn d\u1ea1ng m\u00e3 h\u00f3a v\u00e0 ph\u00e1t hi\u1ec7n l\u1ed7i, v.v.<\/span><\/li>\n<\/ul>\n<h3><b>Kelebihan<\/b><\/h3>\n<ul>\n<li style=\"font-weight: 400;\" aria-level=\"1\"><span style=\"font-weight: 400;\">Kh\u00f4ng ti\u1ebfp x\u00fac, kh\u00f4ng l\u00e0m h\u1ecfng ph\u00f4i.<\/span><\/li>\n<li style=\"font-weight: 400;\" aria-level=\"1\"><span style=\"font-weight: 400;\">\u0110\u1ed9 ch\u00ednh x\u00e1c ph\u00e1t hi\u1ec7n cao, l\u00ean \u0111\u1ebfn 0,001mm.<\/span><\/li>\n<li style=\"font-weight: 400;\" aria-level=\"1\"><span style=\"font-weight: 400;\">T\u1ed1c \u0111\u1ed9 ph\u00e1t hi\u1ec7n nhanh, v\u1edbi 5000 chi\u1ebfc m\u1ed7i ph\u00fat.<\/span><\/li>\n<li style=\"font-weight: 400;\" aria-level=\"1\"><span style=\"font-weight: 400;\">N\u00e2ng cao hi\u1ec7u qu\u1ea3 chung c\u1ee7a doanh nghi\u1ec7p.<\/span><\/li>\n<li style=\"font-weight: 400;\" aria-level=\"1\"><span style=\"font-weight: 400;\">Ti\u1ebft ki\u1ec7m nhi\u1ec1u chi ph\u00ed nh\u00e2n l\u1ef1c v\u00e0 v\u1eadt l\u1ef1c.<\/span><\/li>\n<li style=\"font-weight: 400;\" aria-level=\"1\"><span style=\"font-weight: 400;\">Ho\u00e0n to\u00e0n t\u1ef1 \u0111\u1ed9ng ph\u00e1t hi\u1ec7n, \u1ed5n \u0111\u1ecbnh v\u00e0 \u0111\u00e1ng tin c\u1eady.<\/span><\/li>\n<li style=\"font-weight: 400;\" aria-level=\"1\"><span style=\"font-weight: 400;\">Kh\u1ea3 n\u0103ng c\u1ea1nh tranh c\u1ee7a doanh nghi\u1ec7p cao h\u01a1n.<\/span><\/li>\n<\/ul>\n<h3><b>Permohonan<\/b><\/h3>\n<p><span style=\"font-weight: 400;\">\u0110\u01b0\u1ee3c s\u1eed d\u1ee5ng r\u1ed9ng r\u00e3i trong \u0111i\u1ec7n tho\u1ea1i di \u0111\u1ed9ng, s\u1ea3n ph\u1ea9m \u0111i\u1ec7n t\u1eed, ph\u1ea7n c\u1ee9ng ch\u00ednh x\u00e1c, S\u1ea3n ph\u1ea9m \u00e9p phun, s\u1ea3n xu\u1ea5t c\u00f4ng nghi\u1ec7p, s\u1ea3n xu\u1ea5t \u00f4 t\u00f4, gia c\u00f4ng c\u01a1 kh\u00ed, luy\u1ec7n kim b\u1ed9t, n\u0103ng l\u01b0\u1ee3ng m\u1edbi, c\u00e1c th\u00e0nh ph\u1ea7n, thi\u1ebft b\u1ecb \u0111i\u1ec7n, qu\u1ea7n \u00e1o, nhu y\u1ebfu ph\u1ea9m h\u00e0ng ng\u00e0y, m\u00f3n \u0103n, y t\u1ebf, d\u01b0\u1ee3c ph\u1ea9m, qu\u00e2n \u0111\u1ed9i, h\u00e0ng kh\u00f4ng v\u0169 tr\u1ee5 v\u00e0 c\u00e1c l\u0129nh v\u1ef1c kh\u00e1c.<\/span><\/p>","protected":false},"excerpt":{"rendered":"<p>M\u00e1y s\u00e0ng l\u1ecdc tr\u1ef1c quan k\u00ednh xoay Vision c\u1ee7a SWOER s\u1eed d\u1ee5ng c\u00f4ng ngh\u1ec7 AI v\u00e0 camera \u0111\u1ed9 ph\u00e2n gi\u1ea3i cao \u0111\u1ec3 ki\u1ec3m tra ch\u00ednh x\u00e1c k\u00edch th\u01b0\u1edbc, h\u00ecnh d\u1ea1ng, l\u1ed7i b\u1ec1 m\u1eb7t c\u1ee7a s\u1ea3n ph\u1ea9m. T\u1ed1c \u0111\u1ed9 x\u1eed l\u00fd nhanh, \u0111\u1ed9 ch\u00ednh x\u00e1c cao, ph\u00f9 h\u1ee3p cho c\u00e1c ng\u00e0nh y\u00eau c\u1ea7u ki\u1ec3m so\u00e1t ch\u1ea5t l\u01b0\u1ee3ng nghi\u00eam ng\u1eb7t nh\u01b0 \u0111i\u1ec7n t\u1eed, \u00f4 t\u00f4, y t\u1ebf.<\/p>","protected":false},"featured_media":2650,"comment_status":"open","ping_status":"closed","template":"","meta":[],"product_brand":[],"product_cat":[76],"product_tag":[],"class_list":{"0":"post-2649","1":"product","2":"type-product","3":"status-publish","4":"has-post-thumbnail","6":"product_cat-san-pham-moi","8":"first","9":"instock","10":"shipping-taxable","11":"product-type-simple"},"yoast_head":"<!-- This site is optimized with the Yoast SEO plugin v26.0 - https:\/\/yoast.com\/wordpress\/plugins\/seo\/ -->\n<title>M\u00e1y s\u00e0ng l\u1ecdc tr\u1ef1c quan k\u00ednh xoay vision - Nh\u00e0 s\u1ea3n xu\u1ea5t m\u00e1y c\u1ea5p li\u1ec7u c\u00f4ng nghi\u1ec7p<\/title>\n<meta name=\"description\" content=\"M\u00e1y s\u00e0ng l\u1ecdc tr\u1ef1c quan k\u00ednh xoay Vision c\u1ee7a SWOER \u1ee9ng d\u1ee5ng c\u00f4ng ngh\u1ec7 AI, ki\u1ec3m tra ch\u00ednh x\u00e1c k\u00edch th\u01b0\u1edbc, h\u00ecnh d\u1ea1ng, l\u1ed7i b\u1ec1 m\u1eb7t, \u0111\u1ea3m b\u1ea3o ch\u1ea5t l\u01b0\u1ee3ng s\u1ea3n ph\u1ea9m.\" \/>\n<meta name=\"robots\" content=\"index, follow, max-snippet:-1, max-image-preview:large, max-video-preview:-1\" \/>\n<link rel=\"canonical\" href=\"https:\/\/swoer.vn\/ms\/manufacturer\/may-sang-loc-truc-quan-kinh-xoay-vision\/\" \/>\n<meta property=\"og:locale\" content=\"ms_MY\" \/>\n<meta property=\"og:type\" content=\"article\" \/>\n<meta property=\"og:title\" content=\"M\u00e1y s\u00e0ng l\u1ecdc tr\u1ef1c quan k\u00ednh xoay vision - Nh\u00e0 s\u1ea3n xu\u1ea5t m\u00e1y c\u1ea5p li\u1ec7u c\u00f4ng nghi\u1ec7p\" \/>\n<meta property=\"og:description\" content=\"M\u00e1y s\u00e0ng l\u1ecdc tr\u1ef1c quan k\u00ednh xoay Vision c\u1ee7a SWOER \u1ee9ng d\u1ee5ng c\u00f4ng ngh\u1ec7 AI, ki\u1ec3m tra ch\u00ednh x\u00e1c k\u00edch th\u01b0\u1edbc, h\u00ecnh d\u1ea1ng, l\u1ed7i b\u1ec1 m\u1eb7t, \u0111\u1ea3m b\u1ea3o ch\u1ea5t l\u01b0\u1ee3ng s\u1ea3n ph\u1ea9m.\" \/>\n<meta property=\"og:url\" content=\"https:\/\/swoer.vn\/ms\/manufacturer\/may-sang-loc-truc-quan-kinh-xoay-vision\/\" \/>\n<meta property=\"og:site_name\" content=\"Nh\u00e0 s\u1ea3n xu\u1ea5t m\u00e1y c\u1ea5p li\u1ec7u c\u00f4ng nghi\u1ec7p\" \/>\n<meta property=\"og:image\" content=\"https:\/\/swoer.vn\/wp-content\/uploads\/2025\/03\/He-thong-may-sang-kinh-xoay-vision.webp\" \/>\n\t<meta property=\"og:image:width\" content=\"1000\" \/>\n\t<meta property=\"og:image:height\" content=\"1000\" \/>\n\t<meta property=\"og:image:type\" content=\"image\/webp\" \/>\n<meta name=\"twitter:card\" content=\"summary_large_image\" \/>\n<meta name=\"twitter:label1\" content=\"Est. reading time\" \/>\n\t<meta name=\"twitter:data1\" content=\"3 minit\" \/>\n<script type=\"application\/ld+json\" class=\"yoast-schema-graph\">{\"@context\":\"https:\/\/schema.org\",\"@graph\":[{\"@type\":\"WebPage\",\"@id\":\"https:\/\/swoer.vn\/manufacturer\/may-sang-loc-truc-quan-kinh-xoay-vision\/\",\"url\":\"https:\/\/swoer.vn\/manufacturer\/may-sang-loc-truc-quan-kinh-xoay-vision\/\",\"name\":\"M\u00e1y s\u00e0ng l\u1ecdc tr\u1ef1c quan k\u00ednh xoay vision - Nh\u00e0 s\u1ea3n xu\u1ea5t m\u00e1y c\u1ea5p li\u1ec7u c\u00f4ng nghi\u1ec7p\",\"isPartOf\":{\"@id\":\"https:\/\/swoer.vn\/#website\"},\"primaryImageOfPage\":{\"@id\":\"https:\/\/swoer.vn\/manufacturer\/may-sang-loc-truc-quan-kinh-xoay-vision\/#primaryimage\"},\"image\":{\"@id\":\"https:\/\/swoer.vn\/manufacturer\/may-sang-loc-truc-quan-kinh-xoay-vision\/#primaryimage\"},\"thumbnailUrl\":\"https:\/\/swoer.vn\/wp-content\/uploads\/2025\/03\/He-thong-may-sang-kinh-xoay-vision.webp\",\"datePublished\":\"2025-03-20T07:18:54+00:00\",\"description\":\"M\u00e1y s\u00e0ng l\u1ecdc tr\u1ef1c quan k\u00ednh xoay Vision c\u1ee7a SWOER \u1ee9ng d\u1ee5ng c\u00f4ng ngh\u1ec7 AI, ki\u1ec3m tra ch\u00ednh x\u00e1c k\u00edch th\u01b0\u1edbc, h\u00ecnh d\u1ea1ng, l\u1ed7i b\u1ec1 m\u1eb7t, \u0111\u1ea3m b\u1ea3o ch\u1ea5t l\u01b0\u1ee3ng s\u1ea3n ph\u1ea9m.\",\"breadcrumb\":{\"@id\":\"https:\/\/swoer.vn\/manufacturer\/may-sang-loc-truc-quan-kinh-xoay-vision\/#breadcrumb\"},\"inLanguage\":\"ms-MY\",\"potentialAction\":[{\"@type\":\"ReadAction\",\"target\":[\"https:\/\/swoer.vn\/manufacturer\/may-sang-loc-truc-quan-kinh-xoay-vision\/\"]}]},{\"@type\":\"ImageObject\",\"inLanguage\":\"ms-MY\",\"@id\":\"https:\/\/swoer.vn\/manufacturer\/may-sang-loc-truc-quan-kinh-xoay-vision\/#primaryimage\",\"url\":\"https:\/\/swoer.vn\/wp-content\/uploads\/2025\/03\/He-thong-may-sang-kinh-xoay-vision.webp\",\"contentUrl\":\"https:\/\/swoer.vn\/wp-content\/uploads\/2025\/03\/He-thong-may-sang-kinh-xoay-vision.webp\",\"width\":1000,\"height\":1000,\"caption\":\"He\u0323\u0302 tho\u0302\u0301ng ma\u0301y sa\u0300ng ki\u0301nh xoay vision\"},{\"@type\":\"BreadcrumbList\",\"@id\":\"https:\/\/swoer.vn\/manufacturer\/may-sang-loc-truc-quan-kinh-xoay-vision\/#breadcrumb\",\"itemListElement\":[{\"@type\":\"ListItem\",\"position\":1,\"name\":\"Home\",\"item\":\"https:\/\/swoer.vn\/\"},{\"@type\":\"ListItem\",\"position\":2,\"name\":\"S\u1ea3n ph\u1ea9m\",\"item\":\"https:\/\/swoer.vn\/shop\/\"},{\"@type\":\"ListItem\",\"position\":3,\"name\":\"M\u00e1y s\u00e0ng l\u1ecdc tr\u1ef1c quan k\u00ednh xoay vision\"}]},{\"@type\":\"WebSite\",\"@id\":\"https:\/\/swoer.vn\/#website\",\"url\":\"https:\/\/swoer.vn\/\",\"name\":\"Nh\u00e0 s\u1ea3n xu\u1ea5t m\u00e1y c\u1ea5p li\u1ec7u c\u00f4ng nghi\u1ec7p\",\"description\":\"Nh\u00e0 cung c\u1ea5p robot, m\u00e1y c\u1ea5p li\u1ec7u linh ho\u1ea1t, m\u00e1y c\u1ea5p li\u1ec7u ly t\u00e2m, m\u00e1y c\u1ea5p li\u1ec7u rung t\u1ef1 \u0111\u1ed9ng\",\"potentialAction\":[{\"@type\":\"SearchAction\",\"target\":{\"@type\":\"EntryPoint\",\"urlTemplate\":\"https:\/\/swoer.vn\/?s={search_term_string}\"},\"query-input\":{\"@type\":\"PropertyValueSpecification\",\"valueRequired\":true,\"valueName\":\"search_term_string\"}}],\"inLanguage\":\"ms-MY\"}]}<\/script>\n<!-- \/ Yoast SEO plugin. -->","yoast_head_json":{"title":"M\u00e1y s\u00e0ng l\u1ecdc tr\u1ef1c quan k\u00ednh xoay vision - Nh\u00e0 s\u1ea3n xu\u1ea5t m\u00e1y c\u1ea5p li\u1ec7u c\u00f4ng nghi\u1ec7p","description":"M\u00e1y s\u00e0ng l\u1ecdc tr\u1ef1c quan k\u00ednh xoay Vision c\u1ee7a SWOER \u1ee9ng d\u1ee5ng c\u00f4ng ngh\u1ec7 AI, ki\u1ec3m tra ch\u00ednh x\u00e1c k\u00edch th\u01b0\u1edbc, h\u00ecnh d\u1ea1ng, l\u1ed7i b\u1ec1 m\u1eb7t, \u0111\u1ea3m b\u1ea3o ch\u1ea5t l\u01b0\u1ee3ng s\u1ea3n ph\u1ea9m.","robots":{"index":"index","follow":"follow","max-snippet":"max-snippet:-1","max-image-preview":"max-image-preview:large","max-video-preview":"max-video-preview:-1"},"canonical":"https:\/\/swoer.vn\/ms\/manufacturer\/may-sang-loc-truc-quan-kinh-xoay-vision\/","og_locale":"ms_MY","og_type":"article","og_title":"M\u00e1y s\u00e0ng l\u1ecdc tr\u1ef1c quan k\u00ednh xoay vision - Nh\u00e0 s\u1ea3n xu\u1ea5t m\u00e1y c\u1ea5p li\u1ec7u c\u00f4ng nghi\u1ec7p","og_description":"M\u00e1y s\u00e0ng l\u1ecdc tr\u1ef1c quan k\u00ednh xoay Vision c\u1ee7a SWOER \u1ee9ng d\u1ee5ng c\u00f4ng ngh\u1ec7 AI, ki\u1ec3m tra ch\u00ednh x\u00e1c k\u00edch th\u01b0\u1edbc, h\u00ecnh d\u1ea1ng, l\u1ed7i b\u1ec1 m\u1eb7t, \u0111\u1ea3m b\u1ea3o ch\u1ea5t l\u01b0\u1ee3ng s\u1ea3n ph\u1ea9m.","og_url":"https:\/\/swoer.vn\/ms\/manufacturer\/may-sang-loc-truc-quan-kinh-xoay-vision\/","og_site_name":"Nh\u00e0 s\u1ea3n xu\u1ea5t m\u00e1y c\u1ea5p li\u1ec7u c\u00f4ng nghi\u1ec7p","og_image":[{"width":1000,"height":1000,"url":"https:\/\/swoer.vn\/wp-content\/uploads\/2025\/03\/He-thong-may-sang-kinh-xoay-vision.webp","type":"image\/webp"}],"twitter_card":"summary_large_image","twitter_misc":{"Est. reading time":"3 minit"},"schema":{"@context":"https:\/\/schema.org","@graph":[{"@type":"WebPage","@id":"https:\/\/swoer.vn\/manufacturer\/may-sang-loc-truc-quan-kinh-xoay-vision\/","url":"https:\/\/swoer.vn\/manufacturer\/may-sang-loc-truc-quan-kinh-xoay-vision\/","name":"M\u00e1y s\u00e0ng l\u1ecdc tr\u1ef1c quan k\u00ednh xoay vision - Nh\u00e0 s\u1ea3n xu\u1ea5t m\u00e1y c\u1ea5p li\u1ec7u c\u00f4ng nghi\u1ec7p","isPartOf":{"@id":"https:\/\/swoer.vn\/#website"},"primaryImageOfPage":{"@id":"https:\/\/swoer.vn\/manufacturer\/may-sang-loc-truc-quan-kinh-xoay-vision\/#primaryimage"},"image":{"@id":"https:\/\/swoer.vn\/manufacturer\/may-sang-loc-truc-quan-kinh-xoay-vision\/#primaryimage"},"thumbnailUrl":"https:\/\/swoer.vn\/wp-content\/uploads\/2025\/03\/He-thong-may-sang-kinh-xoay-vision.webp","datePublished":"2025-03-20T07:18:54+00:00","description":"M\u00e1y s\u00e0ng l\u1ecdc tr\u1ef1c quan k\u00ednh xoay Vision c\u1ee7a SWOER \u1ee9ng d\u1ee5ng c\u00f4ng ngh\u1ec7 AI, ki\u1ec3m tra ch\u00ednh x\u00e1c k\u00edch th\u01b0\u1edbc, h\u00ecnh d\u1ea1ng, l\u1ed7i b\u1ec1 m\u1eb7t, \u0111\u1ea3m b\u1ea3o ch\u1ea5t l\u01b0\u1ee3ng s\u1ea3n ph\u1ea9m.","breadcrumb":{"@id":"https:\/\/swoer.vn\/manufacturer\/may-sang-loc-truc-quan-kinh-xoay-vision\/#breadcrumb"},"inLanguage":"ms-MY","potentialAction":[{"@type":"ReadAction","target":["https:\/\/swoer.vn\/manufacturer\/may-sang-loc-truc-quan-kinh-xoay-vision\/"]}]},{"@type":"ImageObject","inLanguage":"ms-MY","@id":"https:\/\/swoer.vn\/manufacturer\/may-sang-loc-truc-quan-kinh-xoay-vision\/#primaryimage","url":"https:\/\/swoer.vn\/wp-content\/uploads\/2025\/03\/He-thong-may-sang-kinh-xoay-vision.webp","contentUrl":"https:\/\/swoer.vn\/wp-content\/uploads\/2025\/03\/He-thong-may-sang-kinh-xoay-vision.webp","width":1000,"height":1000,"caption":"He\u0323\u0302 tho\u0302\u0301ng ma\u0301y sa\u0300ng ki\u0301nh xoay vision"},{"@type":"BreadcrumbList","@id":"https:\/\/swoer.vn\/manufacturer\/may-sang-loc-truc-quan-kinh-xoay-vision\/#breadcrumb","itemListElement":[{"@type":"ListItem","position":1,"name":"Home","item":"https:\/\/swoer.vn\/"},{"@type":"ListItem","position":2,"name":"S\u1ea3n ph\u1ea9m","item":"https:\/\/swoer.vn\/shop\/"},{"@type":"ListItem","position":3,"name":"M\u00e1y s\u00e0ng l\u1ecdc tr\u1ef1c quan k\u00ednh xoay vision"}]},{"@type":"WebSite","@id":"https:\/\/swoer.vn\/#website","url":"https:\/\/swoer.vn\/","name":"Pengeluar Pengumpan Perindustrian","description":"Pembekal robot, penyuap fleksibel, penyuap emparan, penyuap bergetar automatik","potentialAction":[{"@type":"SearchAction","target":{"@type":"EntryPoint","urlTemplate":"https:\/\/swoer.vn\/?s={search_term_string}"},"query-input":{"@type":"PropertyValueSpecification","valueRequired":true,"valueName":"search_term_string"}}],"inLanguage":"ms-MY"}]}},"_links":{"self":[{"href":"https:\/\/swoer.vn\/ms\/wp-json\/wp\/v2\/product\/2649","targetHints":{"allow":["GET"]}}],"collection":[{"href":"https:\/\/swoer.vn\/ms\/wp-json\/wp\/v2\/product"}],"about":[{"href":"https:\/\/swoer.vn\/ms\/wp-json\/wp\/v2\/types\/product"}],"replies":[{"embeddable":true,"href":"https:\/\/swoer.vn\/ms\/wp-json\/wp\/v2\/comments?post=2649"}],"wp:featuredmedia":[{"embeddable":true,"href":"https:\/\/swoer.vn\/ms\/wp-json\/wp\/v2\/media\/2650"}],"wp:attachment":[{"href":"https:\/\/swoer.vn\/ms\/wp-json\/wp\/v2\/media?parent=2649"}],"wp:term":[{"taxonomy":"product_brand","embeddable":true,"href":"https:\/\/swoer.vn\/ms\/wp-json\/wp\/v2\/product_brand?post=2649"},{"taxonomy":"product_cat","embeddable":true,"href":"https:\/\/swoer.vn\/ms\/wp-json\/wp\/v2\/product_cat?post=2649"},{"taxonomy":"product_tag","embeddable":true,"href":"https:\/\/swoer.vn\/ms\/wp-json\/wp\/v2\/product_tag?post=2649"}],"curies":[{"name":"wp","href":"https:\/\/api.w.org\/{rel}","templated":true}]}}