{"id":2264,"date":"2025-03-05T10:08:57","date_gmt":"2025-03-05T03:08:57","guid":{"rendered":"https:\/\/swoer.vn\/?post_type=product&#038;p=2264"},"modified":"2025-03-05T10:08:57","modified_gmt":"2025-03-05T03:08:57","slug":"he-thong-nap-lieu-rung-cho-linh-kien-tron-rong","status":"publish","type":"product","link":"https:\/\/swoer.vn\/ms\/manufacturer\/he-thong-nap-lieu-rung-cho-linh-kien-tron-rong\/","title":{"rendered":"Sistem suapan bergetar untuk komponen bulat berongga"},"content":{"rendered":"<h2>Spesifikasi Produk<\/h2>\n<table width=\"887\">\n<tbody>\n<tr>\n<td width=\"396\">Nama Produk<\/td>\n<td width=\"491\">Sistem suapan bergetar untuk komponen bulat berongga<\/td>\n<\/tr>\n<tr>\n<td width=\"396\">bahan<\/td>\n<td width=\"491\">AL7075 \/ SUS304<\/td>\n<\/tr>\n<tr>\n<td width=\"396\">Sifat bahan<\/td>\n<td width=\"491\">Aloi palsu yang dirawat sejuk, kekuatan tinggi, kekerasan tinggi<\/td>\n<\/tr>\n<tr>\n<td width=\"396\">Voltan<\/td>\n<td width=\"491\">220V<\/td>\n<\/tr>\n<tr>\n<td width=\"396\">Kapasiti<\/td>\n<td width=\"491\">65W \/150W \/180w \/ 220W \/ 350W<\/td>\n<\/tr>\n<tr>\n<td width=\"396\">Pensijilan<\/td>\n<td width=\"491\">CE, ROHS, ISO9001<\/td>\n<\/tr>\n<tr>\n<td width=\"396\">Jaminan<\/td>\n<td width=\"491\">satu tahun<\/td>\n<\/tr>\n<tr>\n<td width=\"396\">Kuantiti Pesanan Minimum<\/td>\n<td width=\"491\">1 set<\/td>\n<\/tr>\n<tr>\n<td width=\"396\">Tarikh penghantaran<\/td>\n<td width=\"491\">28 hari<\/td>\n<\/tr>\n<tr>\n<td width=\"396\">Kaedah pembayaran<\/td>\n<td width=\"491\">T\/T deposit 30%, baki dibayar sebelum penghantaran<\/td>\n<\/tr>\n<tr>\n<td width=\"396\">Negara asal<\/td>\n<td width=\"491\">China<\/td>\n<\/tr>\n<\/tbody>\n<\/table>\n\t<div id=\"gap-347717116\" class=\"gap-element clearfix\" style=\"display:block; height:auto;\">\n\t\t\n<style>\n#gap-347717116 {\n  padding-top: 30px;\n}\n<\/style>\n\t<\/div>\n\t\n<h3 data-sourcepos=\"3:1-3:72\"><strong>Maklumat produk yang perlu diketahui semasa memesan penyuap bergetar tersuai:<\/strong><\/h3>\n<p data-sourcepos=\"5:1-5:36\"><strong>1. Maklumat tentang kosong \/ bahan:<\/strong><\/p>\n<ul data-sourcepos=\"7:1-19:0\">\n<li data-sourcepos=\"7:1-9:43\"><strong>Jenis Bahan:<\/strong>\n<ul data-sourcepos=\"8:5-9:43\">\n<li data-sourcepos=\"8:5-8:43\">Bahan (logam, plastik, seramik, dll.)<\/li>\n<li data-sourcepos=\"9:5-9:43\">Sifat (rapuh, melekit, melelas, dll.)<\/li>\n<\/ul>\n<\/li>\n<li data-sourcepos=\"10:1-12:31\"><strong>Saiz dan bentuk bahan:<\/strong>\n<ul data-sourcepos=\"11:5-12:31\">\n<li data-sourcepos=\"11:5-11:45\">Lukisan atau spesimen dimensi terperinci<\/li>\n<li data-sourcepos=\"12:5-12:31\">Kerumitan bentuk<\/li>\n<\/ul>\n<\/li>\n<li data-sourcepos=\"13:1-15:29\"><strong>Berat bahan:<\/strong>\n<ul data-sourcepos=\"14:5-15:29\">\n<li data-sourcepos=\"14:5-14:35\">Berat setiap bahan<\/li>\n<li data-sourcepos=\"15:5-15:29\">Kadar suapan yang diperlukan<\/li>\n<\/ul>\n<\/li>\n<li data-sourcepos=\"16:1-19:0\"><strong>Status bahan:<\/strong>\n<ul data-sourcepos=\"17:5-19:0\">\n<li data-sourcepos=\"17:5-17:32\">Borang longgar atau berbungkus<\/li>\n<li data-sourcepos=\"18:5-19:0\">Keadaan permukaan material, adakah ia licin, adakah ia berminyak dsb.<\/li>\n<\/ul>\n<\/li>\n<\/ul>\n<p data-sourcepos=\"20:1-20:24\"><strong>2. Keperluan untuk bekalan kosong:<\/strong><\/p>\n<ul data-sourcepos=\"22:1-34:0\">\n<li data-sourcepos=\"22:1-24:44\"><strong>Kelajuan suapan:<\/strong>\n<ul data-sourcepos=\"23:5-24:44\">\n<li data-sourcepos=\"23:5-23:40\">Kuantiti bahan yang perlu dibekalkan seminit<\/li>\n<li data-sourcepos=\"24:5-24:44\">Keperluan kelajuan barisan pengeluaran<\/li>\n<\/ul>\n<\/li>\n<li data-sourcepos=\"25:1-27:45\"><strong>Arah dan kedudukan suapan:<\/strong>\n<ul data-sourcepos=\"26:5-27:45\">\n<li data-sourcepos=\"26:5-26:60\">Ke arah manakah bahan itu harus pergi ke peringkat seterusnya?<\/li>\n<li data-sourcepos=\"27:5-27:45\">Lokasi dan ketinggian salur keluar suapan<\/li>\n<\/ul>\n<\/li>\n<li data-sourcepos=\"28:1-30:38\"><strong>Ketepatan suapan:<\/strong>\n<ul data-sourcepos=\"29:5-30:38\">\n<li data-sourcepos=\"29:5-29:46\">Keperluan untuk ketepatan kedudukan bahan<\/li>\n<li data-sourcepos=\"30:5-30:38\">Adakah terdapat susunan khusus yang diperlukan?<\/li>\n<\/ul>\n<\/li>\n<li data-sourcepos=\"31:1-34:0\"><strong>Kestabilan suapan:<\/strong>\n<ul data-sourcepos=\"32:5-34:0\">\n<li data-sourcepos=\"32:5-32:37\">Adakah penyusuan berterusan diperlukan?<\/li>\n<li data-sourcepos=\"33:5-34:0\">Keperluan untuk kestabilan makanan.<\/li>\n<\/ul>\n<\/li>\n<\/ul>\n<p data-sourcepos=\"35:1-35:27\"><strong>3. Persekitaran peranti:<\/strong><\/p>\n<ul data-sourcepos=\"37:1-47:0\">\n<li data-sourcepos=\"37:1-39:36\"><strong>Ruang kerja:<\/strong>\n<ul data-sourcepos=\"38:5-39:36\">\n<li data-sourcepos=\"38:5-38:65\">Dimensi ruang yang boleh digunakan untuk pemasangan feeder<\/li>\n<li data-sourcepos=\"39:5-39:36\">Susun atur barisan pengeluaran<\/li>\n<\/ul>\n<\/li>\n<li data-sourcepos=\"40:1-42:66\"><strong>Persekitaran kerja:<\/strong>\n<ul data-sourcepos=\"41:5-42:66\">\n<li data-sourcepos=\"41:5-41:57\">Keadaan persekitaran seperti suhu, kelembapan, habuk, dll.<\/li>\n<li data-sourcepos=\"42:5-42:66\">Adakah terdapat sebarang keperluan khas seperti kalis habuk, kalis letupan, dsb.?<\/li>\n<\/ul>\n<\/li>\n<li data-sourcepos=\"43:1-44:55\"><strong>Keperluan kuasa:<\/strong>\n<ul data-sourcepos=\"44:5-44:55\">\n<li data-sourcepos=\"44:5-44:55\">Parameter bekalan kuasa seperti voltan, frekuensi, dsb.<\/li>\n<\/ul>\n<\/li>\n<li data-sourcepos=\"45:1-47:0\"><strong>Keperluan bunyi:<\/strong>\n<ul data-sourcepos=\"46:5-47:0\">\n<li data-sourcepos=\"46:5-47:0\">Adakah terdapat had bunyi?<\/li>\n<\/ul>\n<\/li>\n<\/ul>\n<p data-sourcepos=\"48:1-48:28\"><strong>4. Penyepaduan automasi:<\/strong><\/p>\n<ul data-sourcepos=\"50:1-56:0\">\n<li data-sourcepos=\"50:1-52:36\"><strong>Sepadukan dengan peralatan sedia ada:<\/strong>\n<ul data-sourcepos=\"51:5-52:36\">\n<li data-sourcepos=\"51:5-51:40\">Apakah peranti yang perlu disambungkan?<\/li>\n<li data-sourcepos=\"52:5-52:36\">Keperluan isyarat kawalan<\/li>\n<\/ul>\n<\/li>\n<li data-sourcepos=\"53:1-56:0\"><strong>Keperluan sistem kawalan:<\/strong>\n<ul data-sourcepos=\"54:5-56:0\">\n<li data-sourcepos=\"54:5-54:33\">Adakah kawalan PLC diperlukan?<\/li>\n<li data-sourcepos=\"55:5-56:0\">Adakah maklum balas sensor diperlukan?<\/li>\n<\/ul>\n<\/li>\n<\/ul>\n<p data-sourcepos=\"57:1-57:33\"><strong>5. Keperluan khas lain:<\/strong><\/p>\n<ul data-sourcepos=\"59:1-67:0\">\n<li data-sourcepos=\"59:1-61:37\"><strong>Keperluan pembersihan:<\/strong>\n<ul data-sourcepos=\"60:5-61:37\">\n<li data-sourcepos=\"60:5-60:39\">Adakah reka bentuk yang mudah dibersihkan diperlukan?<\/li>\n<li data-sourcepos=\"61:5-61:37\">Keperluan makanan atau perubatan<\/li>\n<\/ul>\n<\/li>\n<li data-sourcepos=\"62:1-64:39\"><strong>Keperluan penyelenggaraan:<\/strong>\n<ul data-sourcepos=\"63:5-64:39\">\n<li data-sourcepos=\"63:5-63:25\">Penyelenggaraan yang mudah.<\/li>\n<li data-sourcepos=\"64:5-64:39\">Adakah bahagian mudah diganti?<\/li>\n<\/ul>\n<\/li>\n<li data-sourcepos=\"65:1-67:0\"><strong>Keperluan keselamatan:<\/strong>\n<ul data-sourcepos=\"66:5-67:0\">\n<li data-sourcepos=\"66:5-67:0\">Adakah peralatan keselamatan diperlukan?<\/li>\n<\/ul>\n<\/li>\n<\/ul>","protected":false},"excerpt":{"rendered":"<p>Sistem suapan bergetar SWOER untuk komponen bulat berongga direka untuk penyusuan automatik dengan ketepatan tinggi, membantu mengoptimumkan proses pengeluaran. Dengan kawalan kelajuan yang stabil dan orientasi komponen, produk ini sesuai untuk bidang elektronik, automotif, perubatan dan banyak lagi.<\/p>","protected":false},"featured_media":2266,"comment_status":"open","ping_status":"closed","template":"","meta":[],"product_brand":[],"product_cat":[106],"product_tag":[104,122,123],"class_list":{"0":"post-2264","1":"product","2":"type-product","3":"status-publish","4":"has-post-thumbnail","6":"product_cat-mam-rung-cap-phoi","7":"product_tag-he-thong-cap-phoi-tu-dong","8":"product_tag-he-thong-nap-bat-rung","9":"product_tag-pheu-rung-cap-linh-kien-tu-dong-cho-day-chuyen-lap-rap","11":"first","12":"instock","13":"shipping-taxable","14":"product-type-simple"},"yoast_head":"<!-- This site is optimized with the Yoast SEO plugin v26.0 - https:\/\/yoast.com\/wordpress\/plugins\/seo\/ -->\n<title>H\u1ec7 th\u1ed1ng n\u1ea1p li\u1ec7u rung cho linh ki\u1ec7n tr\u00f2n r\u1ed7ng - Nh\u00e0 s\u1ea3n xu\u1ea5t m\u00e1y c\u1ea5p li\u1ec7u c\u00f4ng nghi\u1ec7p<\/title>\n<meta name=\"description\" content=\"H\u1ec7 th\u1ed1ng n\u1ea1p li\u1ec7u rung cho linh ki\u1ec7n tr\u00f2n r\u1ed7ng c\u1ee7a SWOER gi\u00fap c\u1ea5p li\u1ec7u t\u1ef1 \u0111\u1ed9ng, ch\u00ednh x\u00e1c v\u00e0 \u1ed5n \u0111\u1ecbnh, t\u1ed1i \u01b0u h\u00f3a quy tr\u00ecnh s\u1ea3n xu\u1ea5t v\u00e0 n\u00e2ng cao n\u0103ng su\u1ea5t.\" \/>\n<meta name=\"robots\" content=\"index, follow, max-snippet:-1, max-image-preview:large, max-video-preview:-1\" \/>\n<link rel=\"canonical\" href=\"https:\/\/swoer.vn\/ms\/manufacturer\/he-thong-nap-lieu-rung-cho-linh-kien-tron-rong\/\" \/>\n<meta property=\"og:locale\" content=\"ms_MY\" \/>\n<meta property=\"og:type\" content=\"article\" \/>\n<meta property=\"og:title\" content=\"H\u1ec7 th\u1ed1ng n\u1ea1p li\u1ec7u rung cho linh ki\u1ec7n tr\u00f2n r\u1ed7ng - Nh\u00e0 s\u1ea3n xu\u1ea5t m\u00e1y c\u1ea5p li\u1ec7u c\u00f4ng nghi\u1ec7p\" \/>\n<meta property=\"og:description\" content=\"H\u1ec7 th\u1ed1ng n\u1ea1p li\u1ec7u rung cho linh ki\u1ec7n tr\u00f2n r\u1ed7ng c\u1ee7a SWOER gi\u00fap c\u1ea5p li\u1ec7u t\u1ef1 \u0111\u1ed9ng, ch\u00ednh x\u00e1c v\u00e0 \u1ed5n \u0111\u1ecbnh, t\u1ed1i \u01b0u h\u00f3a quy tr\u00ecnh s\u1ea3n xu\u1ea5t v\u00e0 n\u00e2ng cao n\u0103ng su\u1ea5t.\" \/>\n<meta property=\"og:url\" content=\"https:\/\/swoer.vn\/ms\/manufacturer\/he-thong-nap-lieu-rung-cho-linh-kien-tron-rong\/\" \/>\n<meta property=\"og:site_name\" content=\"Nh\u00e0 s\u1ea3n xu\u1ea5t m\u00e1y c\u1ea5p li\u1ec7u c\u00f4ng nghi\u1ec7p\" \/>\n<meta property=\"og:image\" content=\"https:\/\/swoer.vn\/wp-content\/uploads\/2025\/03\/He-thong-nap-lieu-cho-linh-kien-tron-rong-scaled.webp\" \/>\n\t<meta property=\"og:image:width\" content=\"2560\" \/>\n\t<meta property=\"og:image:height\" content=\"1280\" \/>\n\t<meta property=\"og:image:type\" content=\"image\/webp\" \/>\n<meta name=\"twitter:card\" content=\"summary_large_image\" \/>\n<meta name=\"twitter:label1\" content=\"Est. reading time\" \/>\n\t<meta name=\"twitter:data1\" content=\"3 minit\" \/>\n<script type=\"application\/ld+json\" class=\"yoast-schema-graph\">{\"@context\":\"https:\/\/schema.org\",\"@graph\":[{\"@type\":\"WebPage\",\"@id\":\"https:\/\/swoer.vn\/manufacturer\/he-thong-nap-lieu-rung-cho-linh-kien-tron-rong\/\",\"url\":\"https:\/\/swoer.vn\/manufacturer\/he-thong-nap-lieu-rung-cho-linh-kien-tron-rong\/\",\"name\":\"H\u1ec7 th\u1ed1ng n\u1ea1p li\u1ec7u rung cho linh ki\u1ec7n tr\u00f2n r\u1ed7ng - Nh\u00e0 s\u1ea3n xu\u1ea5t m\u00e1y c\u1ea5p li\u1ec7u c\u00f4ng nghi\u1ec7p\",\"isPartOf\":{\"@id\":\"https:\/\/swoer.vn\/#website\"},\"primaryImageOfPage\":{\"@id\":\"https:\/\/swoer.vn\/manufacturer\/he-thong-nap-lieu-rung-cho-linh-kien-tron-rong\/#primaryimage\"},\"image\":{\"@id\":\"https:\/\/swoer.vn\/manufacturer\/he-thong-nap-lieu-rung-cho-linh-kien-tron-rong\/#primaryimage\"},\"thumbnailUrl\":\"https:\/\/swoer.vn\/wp-content\/uploads\/2025\/03\/He-thong-nap-lieu-cho-linh-kien-tron-rong-scaled.webp\",\"datePublished\":\"2025-03-05T03:08:57+00:00\",\"description\":\"H\u1ec7 th\u1ed1ng n\u1ea1p li\u1ec7u rung cho linh ki\u1ec7n tr\u00f2n r\u1ed7ng c\u1ee7a SWOER gi\u00fap c\u1ea5p li\u1ec7u t\u1ef1 \u0111\u1ed9ng, ch\u00ednh x\u00e1c v\u00e0 \u1ed5n \u0111\u1ecbnh, t\u1ed1i \u01b0u h\u00f3a quy tr\u00ecnh s\u1ea3n xu\u1ea5t v\u00e0 n\u00e2ng cao n\u0103ng su\u1ea5t.\",\"breadcrumb\":{\"@id\":\"https:\/\/swoer.vn\/manufacturer\/he-thong-nap-lieu-rung-cho-linh-kien-tron-rong\/#breadcrumb\"},\"inLanguage\":\"ms-MY\",\"potentialAction\":[{\"@type\":\"ReadAction\",\"target\":[\"https:\/\/swoer.vn\/manufacturer\/he-thong-nap-lieu-rung-cho-linh-kien-tron-rong\/\"]}]},{\"@type\":\"ImageObject\",\"inLanguage\":\"ms-MY\",\"@id\":\"https:\/\/swoer.vn\/manufacturer\/he-thong-nap-lieu-rung-cho-linh-kien-tron-rong\/#primaryimage\",\"url\":\"https:\/\/swoer.vn\/wp-content\/uploads\/2025\/03\/He-thong-nap-lieu-cho-linh-kien-tron-rong-scaled.webp\",\"contentUrl\":\"https:\/\/swoer.vn\/wp-content\/uploads\/2025\/03\/He-thong-nap-lieu-cho-linh-kien-tron-rong-scaled.webp\",\"width\":2560,\"height\":1280},{\"@type\":\"BreadcrumbList\",\"@id\":\"https:\/\/swoer.vn\/manufacturer\/he-thong-nap-lieu-rung-cho-linh-kien-tron-rong\/#breadcrumb\",\"itemListElement\":[{\"@type\":\"ListItem\",\"position\":1,\"name\":\"Home\",\"item\":\"https:\/\/swoer.vn\/\"},{\"@type\":\"ListItem\",\"position\":2,\"name\":\"S\u1ea3n ph\u1ea9m\",\"item\":\"https:\/\/swoer.vn\/shop\/\"},{\"@type\":\"ListItem\",\"position\":3,\"name\":\"H\u1ec7 th\u1ed1ng n\u1ea1p li\u1ec7u rung cho linh ki\u1ec7n tr\u00f2n r\u1ed7ng\"}]},{\"@type\":\"WebSite\",\"@id\":\"https:\/\/swoer.vn\/#website\",\"url\":\"https:\/\/swoer.vn\/\",\"name\":\"Nh\u00e0 s\u1ea3n xu\u1ea5t m\u00e1y c\u1ea5p li\u1ec7u c\u00f4ng nghi\u1ec7p\",\"description\":\"Nh\u00e0 cung c\u1ea5p robot, m\u00e1y c\u1ea5p li\u1ec7u linh ho\u1ea1t, m\u00e1y c\u1ea5p li\u1ec7u ly t\u00e2m, m\u00e1y c\u1ea5p li\u1ec7u rung t\u1ef1 \u0111\u1ed9ng\",\"potentialAction\":[{\"@type\":\"SearchAction\",\"target\":{\"@type\":\"EntryPoint\",\"urlTemplate\":\"https:\/\/swoer.vn\/?s={search_term_string}\"},\"query-input\":{\"@type\":\"PropertyValueSpecification\",\"valueRequired\":true,\"valueName\":\"search_term_string\"}}],\"inLanguage\":\"ms-MY\"}]}<\/script>\n<!-- \/ Yoast SEO plugin. -->","yoast_head_json":{"title":"Sistem Penyuapan Bergetar untuk Bahagian Bulat Berongga - Pengeluar Penyuap Industri","description":"Sistem suapan bergetar SWOER untuk bahagian bulat berongga membolehkan suapan automatik, tepat dan stabil, mengoptimumkan proses pengeluaran dan meningkatkan produktiviti.","robots":{"index":"index","follow":"follow","max-snippet":"max-snippet:-1","max-image-preview":"max-image-preview:large","max-video-preview":"max-video-preview:-1"},"canonical":"https:\/\/swoer.vn\/ms\/manufacturer\/he-thong-nap-lieu-rung-cho-linh-kien-tron-rong\/","og_locale":"ms_MY","og_type":"article","og_title":"H\u1ec7 th\u1ed1ng n\u1ea1p li\u1ec7u rung cho linh ki\u1ec7n tr\u00f2n r\u1ed7ng - Nh\u00e0 s\u1ea3n xu\u1ea5t m\u00e1y c\u1ea5p li\u1ec7u c\u00f4ng nghi\u1ec7p","og_description":"H\u1ec7 th\u1ed1ng n\u1ea1p li\u1ec7u rung cho linh ki\u1ec7n tr\u00f2n r\u1ed7ng c\u1ee7a SWOER gi\u00fap c\u1ea5p li\u1ec7u t\u1ef1 \u0111\u1ed9ng, ch\u00ednh x\u00e1c v\u00e0 \u1ed5n \u0111\u1ecbnh, t\u1ed1i \u01b0u h\u00f3a quy tr\u00ecnh s\u1ea3n xu\u1ea5t v\u00e0 n\u00e2ng cao n\u0103ng su\u1ea5t.","og_url":"https:\/\/swoer.vn\/ms\/manufacturer\/he-thong-nap-lieu-rung-cho-linh-kien-tron-rong\/","og_site_name":"Nh\u00e0 s\u1ea3n xu\u1ea5t m\u00e1y c\u1ea5p li\u1ec7u c\u00f4ng nghi\u1ec7p","og_image":[{"width":2560,"height":1280,"url":"https:\/\/swoer.vn\/wp-content\/uploads\/2025\/03\/He-thong-nap-lieu-cho-linh-kien-tron-rong-scaled.webp","type":"image\/webp"}],"twitter_card":"summary_large_image","twitter_misc":{"Est. reading time":"3 minit"},"schema":{"@context":"https:\/\/schema.org","@graph":[{"@type":"WebPage","@id":"https:\/\/swoer.vn\/manufacturer\/he-thong-nap-lieu-rung-cho-linh-kien-tron-rong\/","url":"https:\/\/swoer.vn\/manufacturer\/he-thong-nap-lieu-rung-cho-linh-kien-tron-rong\/","name":"Sistem Penyuapan Bergetar untuk Bahagian Bulat Berongga - Pengeluar Penyuap Industri","isPartOf":{"@id":"https:\/\/swoer.vn\/#website"},"primaryImageOfPage":{"@id":"https:\/\/swoer.vn\/manufacturer\/he-thong-nap-lieu-rung-cho-linh-kien-tron-rong\/#primaryimage"},"image":{"@id":"https:\/\/swoer.vn\/manufacturer\/he-thong-nap-lieu-rung-cho-linh-kien-tron-rong\/#primaryimage"},"thumbnailUrl":"https:\/\/swoer.vn\/wp-content\/uploads\/2025\/03\/He-thong-nap-lieu-cho-linh-kien-tron-rong-scaled.webp","datePublished":"2025-03-05T03:08:57+00:00","description":"Sistem suapan bergetar SWOER untuk bahagian bulat berongga membolehkan suapan automatik, tepat dan stabil, mengoptimumkan proses pengeluaran dan meningkatkan produktiviti.","breadcrumb":{"@id":"https:\/\/swoer.vn\/manufacturer\/he-thong-nap-lieu-rung-cho-linh-kien-tron-rong\/#breadcrumb"},"inLanguage":"ms-MY","potentialAction":[{"@type":"ReadAction","target":["https:\/\/swoer.vn\/manufacturer\/he-thong-nap-lieu-rung-cho-linh-kien-tron-rong\/"]}]},{"@type":"ImageObject","inLanguage":"ms-MY","@id":"https:\/\/swoer.vn\/manufacturer\/he-thong-nap-lieu-rung-cho-linh-kien-tron-rong\/#primaryimage","url":"https:\/\/swoer.vn\/wp-content\/uploads\/2025\/03\/He-thong-nap-lieu-cho-linh-kien-tron-rong-scaled.webp","contentUrl":"https:\/\/swoer.vn\/wp-content\/uploads\/2025\/03\/He-thong-nap-lieu-cho-linh-kien-tron-rong-scaled.webp","width":2560,"height":1280},{"@type":"BreadcrumbList","@id":"https:\/\/swoer.vn\/manufacturer\/he-thong-nap-lieu-rung-cho-linh-kien-tron-rong\/#breadcrumb","itemListElement":[{"@type":"ListItem","position":1,"name":"Home","item":"https:\/\/swoer.vn\/"},{"@type":"ListItem","position":2,"name":"S\u1ea3n ph\u1ea9m","item":"https:\/\/swoer.vn\/shop\/"},{"@type":"ListItem","position":3,"name":"H\u1ec7 th\u1ed1ng n\u1ea1p li\u1ec7u rung cho linh ki\u1ec7n tr\u00f2n r\u1ed7ng"}]},{"@type":"WebSite","@id":"https:\/\/swoer.vn\/#website","url":"https:\/\/swoer.vn\/","name":"Pengeluar Pengumpan Perindustrian","description":"Pembekal robot, penyuap fleksibel, penyuap emparan, penyuap bergetar automatik","potentialAction":[{"@type":"SearchAction","target":{"@type":"EntryPoint","urlTemplate":"https:\/\/swoer.vn\/?s={search_term_string}"},"query-input":{"@type":"PropertyValueSpecification","valueRequired":true,"valueName":"search_term_string"}}],"inLanguage":"ms-MY"}]}},"_links":{"self":[{"href":"https:\/\/swoer.vn\/ms\/wp-json\/wp\/v2\/product\/2264","targetHints":{"allow":["GET"]}}],"collection":[{"href":"https:\/\/swoer.vn\/ms\/wp-json\/wp\/v2\/product"}],"about":[{"href":"https:\/\/swoer.vn\/ms\/wp-json\/wp\/v2\/types\/product"}],"replies":[{"embeddable":true,"href":"https:\/\/swoer.vn\/ms\/wp-json\/wp\/v2\/comments?post=2264"}],"wp:featuredmedia":[{"embeddable":true,"href":"https:\/\/swoer.vn\/ms\/wp-json\/wp\/v2\/media\/2266"}],"wp:attachment":[{"href":"https:\/\/swoer.vn\/ms\/wp-json\/wp\/v2\/media?parent=2264"}],"wp:term":[{"taxonomy":"product_brand","embeddable":true,"href":"https:\/\/swoer.vn\/ms\/wp-json\/wp\/v2\/product_brand?post=2264"},{"taxonomy":"product_cat","embeddable":true,"href":"https:\/\/swoer.vn\/ms\/wp-json\/wp\/v2\/product_cat?post=2264"},{"taxonomy":"product_tag","embeddable":true,"href":"https:\/\/swoer.vn\/ms\/wp-json\/wp\/v2\/product_tag?post=2264"}],"curies":[{"name":"wp","href":"https:\/\/api.w.org\/{rel}","templated":true}]}}