{"id":2087,"date":"2025-03-03T15:37:53","date_gmt":"2025-03-03T08:37:53","guid":{"rendered":"https:\/\/swoer.vn\/?post_type=product&#038;p=2087"},"modified":"2025-03-15T10:33:49","modified_gmt":"2025-03-15T03:33:49","slug":"he-thong-nap-rung-dang-bat","status":"publish","type":"product","link":"https:\/\/swoer.vn\/ms\/manufacturer\/he-thong-nap-rung-dang-bat\/","title":{"rendered":"H\u1ec7 th\u1ed1ng n\u1ea1p rung d\u1ea1ng b\u00e1t"},"content":{"rendered":"<h1><strong>Spesifikasi Produk<\/strong><\/h1>\n<table width=\"887\">\n<tbody>\n<tr>\n<td width=\"396\"><strong>Nama Produk<\/strong><\/td>\n<td width=\"491\">H\u1ec7 th\u1ed1ng n\u1ea1p rung d\u1ea1ng b\u00e1t c\u00f3 c\u00e1ch \u00e2m<\/td>\n<\/tr>\n<tr>\n<td width=\"396\"><strong>bahan<\/strong><\/td>\n<td width=\"491\">AL7075 \/ SUS304<\/td>\n<\/tr>\n<tr>\n<td width=\"396\"><strong>Sifat bahan<\/strong><\/td>\n<td width=\"491\">Aloi palsu yang dirawat sejuk, kekuatan tinggi, kekerasan tinggi<\/td>\n<\/tr>\n<tr>\n<td width=\"396\"><strong>Voltan<\/strong><\/td>\n<td width=\"491\">220V<\/td>\n<\/tr>\n<tr>\n<td width=\"396\"><strong>Kapasiti<\/strong><\/td>\n<td width=\"491\">65W \/150W \/180w \/ 220W \/ 350W<\/td>\n<\/tr>\n<tr>\n<td width=\"396\"><strong>Pensijilan<\/strong><\/td>\n<td width=\"491\">CE, ROHS, ISO9001<\/td>\n<\/tr>\n<tr>\n<td width=\"396\"><strong>Jaminan<\/strong><\/td>\n<td width=\"491\">satu tahun<\/td>\n<\/tr>\n<tr>\n<td width=\"396\"><strong>Kuantiti Pesanan Minimum<\/strong><\/td>\n<td width=\"491\">1 set<\/td>\n<\/tr>\n<tr>\n<td width=\"396\"><strong>Tarikh penghantaran<\/strong><\/td>\n<td width=\"491\">28 hari<\/td>\n<\/tr>\n<tr>\n<td width=\"396\"><strong>Kaedah pembayaran<\/strong><\/td>\n<td width=\"491\">T\/T deposit 30%, baki dibayar sebelum penghantaran<\/td>\n<\/tr>\n<tr>\n<td width=\"396\"><strong>Negara asal<\/strong><\/td>\n<td width=\"491\">China<\/td>\n<\/tr>\n<\/tbody>\n<\/table>\n\t<div id=\"gap-991917770\" class=\"gap-element clearfix\" style=\"display:block; height:auto;\">\n\t\t\n<style>\n#gap-991917770 {\n  padding-top: 30px;\n}\n<\/style>\n\t<\/div>\n\t\n<h3>Maklumat yang perlu diketahui semasa memesan penyuap bergetar<\/h3>\n<p data-sourcepos=\"5:1-5:36\"><strong>1. Maklumat tentang kosong \/ bahan:<\/strong><\/p>\n<ul data-sourcepos=\"7:1-19:0\">\n<li data-sourcepos=\"7:1-9:43\"><strong>Jenis Bahan:<\/strong>\n<ul data-sourcepos=\"8:5-9:43\">\n<li data-sourcepos=\"8:5-8:43\">Bahan (logam, plastik, seramik, dll.)<\/li>\n<li data-sourcepos=\"9:5-9:43\">Sifat (rapuh, melekit, melelas, dll.)<\/li>\n<\/ul>\n<\/li>\n<li data-sourcepos=\"10:1-12:31\"><strong>Saiz dan bentuk bahan:<\/strong>\n<ul data-sourcepos=\"11:5-12:31\">\n<li data-sourcepos=\"11:5-11:45\">Lukisan atau spesimen dimensi terperinci<\/li>\n<li data-sourcepos=\"12:5-12:31\">Kerumitan bentuk<\/li>\n<\/ul>\n<\/li>\n<li data-sourcepos=\"13:1-15:29\"><strong>Berat bahan:<\/strong>\n<ul data-sourcepos=\"14:5-15:29\">\n<li data-sourcepos=\"14:5-14:35\">Berat setiap bahan<\/li>\n<li data-sourcepos=\"15:5-15:29\">Kadar suapan yang diperlukan<\/li>\n<\/ul>\n<\/li>\n<li data-sourcepos=\"16:1-19:0\"><strong>Status bahan:<\/strong>\n<ul data-sourcepos=\"17:5-19:0\">\n<li data-sourcepos=\"17:5-17:32\">Borang longgar atau berbungkus<\/li>\n<li data-sourcepos=\"18:5-19:0\">Keadaan permukaan material, adakah ia licin, adakah ia berminyak dsb.<\/li>\n<\/ul>\n<\/li>\n<\/ul>\n<p data-sourcepos=\"20:1-20:24\"><strong>2. Keperluan untuk bekalan kosong:<\/strong><\/p>\n<ul data-sourcepos=\"22:1-34:0\">\n<li data-sourcepos=\"22:1-24:44\"><strong>Kelajuan suapan:<\/strong>\n<ul data-sourcepos=\"23:5-24:44\">\n<li data-sourcepos=\"23:5-23:40\">Kuantiti bahan yang perlu dibekalkan seminit<\/li>\n<li data-sourcepos=\"24:5-24:44\">Keperluan kelajuan barisan pengeluaran<\/li>\n<\/ul>\n<\/li>\n<li data-sourcepos=\"25:1-27:45\"><strong>Arah dan kedudukan suapan:<\/strong>\n<ul data-sourcepos=\"26:5-27:45\">\n<li data-sourcepos=\"26:5-26:60\">Ke arah manakah bahan itu harus pergi ke peringkat seterusnya?<\/li>\n<li data-sourcepos=\"27:5-27:45\">Lokasi dan ketinggian salur keluar suapan<\/li>\n<\/ul>\n<\/li>\n<li data-sourcepos=\"28:1-30:38\"><strong>Ketepatan suapan:<\/strong>\n<ul data-sourcepos=\"29:5-30:38\">\n<li data-sourcepos=\"29:5-29:46\">Keperluan untuk ketepatan kedudukan bahan<\/li>\n<li data-sourcepos=\"30:5-30:38\">Adakah terdapat susunan khusus yang diperlukan?<\/li>\n<\/ul>\n<\/li>\n<li data-sourcepos=\"31:1-34:0\"><strong>Kestabilan suapan:<\/strong>\n<ul data-sourcepos=\"32:5-34:0\">\n<li data-sourcepos=\"32:5-32:37\">Adakah penyusuan berterusan diperlukan?<\/li>\n<li data-sourcepos=\"33:5-34:0\">Keperluan untuk kestabilan makanan.<\/li>\n<\/ul>\n<\/li>\n<\/ul>\n<p data-sourcepos=\"35:1-35:27\"><strong>3. Persekitaran peranti:<\/strong><\/p>\n<ul data-sourcepos=\"37:1-47:0\">\n<li data-sourcepos=\"37:1-39:36\"><strong>Ruang kerja:<\/strong>\n<ul data-sourcepos=\"38:5-39:36\">\n<li data-sourcepos=\"38:5-38:65\">Dimensi ruang yang boleh digunakan untuk pemasangan feeder<\/li>\n<li data-sourcepos=\"39:5-39:36\">Susun atur barisan pengeluaran<\/li>\n<\/ul>\n<\/li>\n<li data-sourcepos=\"40:1-42:66\"><strong>Persekitaran kerja:<\/strong>\n<ul data-sourcepos=\"41:5-42:66\">\n<li data-sourcepos=\"41:5-41:57\">Keadaan persekitaran seperti suhu, kelembapan, habuk, dll.<\/li>\n<li data-sourcepos=\"42:5-42:66\">Adakah terdapat sebarang keperluan khas seperti kalis habuk, kalis letupan, dsb.?<\/li>\n<\/ul>\n<\/li>\n<li data-sourcepos=\"43:1-44:55\"><strong>Keperluan kuasa:<\/strong>\n<ul data-sourcepos=\"44:5-44:55\">\n<li data-sourcepos=\"44:5-44:55\">Parameter bekalan kuasa seperti voltan, frekuensi, dsb.<\/li>\n<\/ul>\n<\/li>\n<li data-sourcepos=\"45:1-47:0\"><strong>Keperluan bunyi:<\/strong>\n<ul data-sourcepos=\"46:5-47:0\">\n<li data-sourcepos=\"46:5-47:0\">Adakah terdapat had bunyi?<\/li>\n<\/ul>\n<\/li>\n<\/ul>\n<p data-sourcepos=\"48:1-48:28\"><strong>4. Penyepaduan automasi:<\/strong><\/p>\n<ul data-sourcepos=\"50:1-56:0\">\n<li data-sourcepos=\"50:1-52:36\"><strong>Sepadukan dengan peralatan sedia ada:<\/strong>\n<ul data-sourcepos=\"51:5-52:36\">\n<li data-sourcepos=\"51:5-51:40\">Apakah peranti yang perlu disambungkan?<\/li>\n<li data-sourcepos=\"52:5-52:36\">Keperluan isyarat kawalan<\/li>\n<\/ul>\n<\/li>\n<li data-sourcepos=\"53:1-56:0\"><strong>Keperluan sistem kawalan:<\/strong>\n<ul data-sourcepos=\"54:5-56:0\">\n<li data-sourcepos=\"54:5-54:33\">Adakah kawalan PLC diperlukan?<\/li>\n<li data-sourcepos=\"55:5-56:0\">Adakah maklum balas sensor diperlukan?<\/li>\n<\/ul>\n<\/li>\n<\/ul>\n<p data-sourcepos=\"57:1-57:33\"><strong>5. Keperluan khas lain:<\/strong><\/p>\n<ul data-sourcepos=\"59:1-67:0\">\n<li data-sourcepos=\"59:1-61:37\"><strong>Keperluan pembersihan:<\/strong>\n<ul data-sourcepos=\"60:5-61:37\">\n<li data-sourcepos=\"60:5-60:39\">Adakah reka bentuk yang mudah dibersihkan diperlukan?<\/li>\n<li data-sourcepos=\"61:5-61:37\">Keperluan makanan atau perubatan<\/li>\n<\/ul>\n<\/li>\n<li data-sourcepos=\"62:1-64:39\"><strong>Keperluan penyelenggaraan:<\/strong>\n<ul data-sourcepos=\"63:5-64:39\">\n<li data-sourcepos=\"63:5-63:25\">Penyelenggaraan yang mudah.<\/li>\n<li data-sourcepos=\"64:5-64:39\">Adakah bahagian mudah diganti?<\/li>\n<\/ul>\n<\/li>\n<li data-sourcepos=\"65:1-67:0\"><strong>Keperluan keselamatan:<\/strong>\n<ul data-sourcepos=\"66:5-67:0\">\n<li data-sourcepos=\"66:5-67:0\">Adakah peralatan keselamatan diperlukan?<\/li>\n<\/ul>\n<\/li>\n<\/ul>\n\t<div id=\"gap-182977526\" class=\"gap-element clearfix\" style=\"display:block; height:auto;\">\n\t\t\n<style>\n#gap-182977526 {\n  padding-top: 30px;\n}\n<\/style>\n\t<\/div>\n\t\n<h2>Hubungi SWOER sekarang<\/h2>\n\n<div class=\"wpcf7 no-js\" id=\"wpcf7-f280-o1\" lang=\"en-US\" dir=\"ltr\" data-wpcf7-id=\"280\">\n<div class=\"screen-reader-response\"><p role=\"status\" aria-live=\"polite\" aria-atomic=\"true\"><\/p> <ul><\/ul><\/div>\n<form action=\"\/ms\/wp-json\/wp\/v2\/product\/2087#wpcf7-f280-o1\" method=\"post\" class=\"wpcf7-form init\" aria-label=\"Contact form\" novalidate=\"novalidate\" data-status=\"init\" data-trp-original-action=\"\/ms\/wp-json\/wp\/v2\/product\/2087#wpcf7-f280-o1\">\n<div style=\"display: none;\">\n<input type=\"hidden\" name=\"_wpcf7\" value=\"280\" \/>\n<input type=\"hidden\" name=\"_wpcf7_version\" value=\"6.0.6\" \/>\n<input type=\"hidden\" name=\"_wpcf7_locale\" value=\"en_US\" \/>\n<input type=\"hidden\" name=\"_wpcf7_unit_tag\" value=\"wpcf7-f280-o1\" \/>\n<input type=\"hidden\" name=\"_wpcf7_container_post\" value=\"0\" \/>\n<input type=\"hidden\" name=\"_wpcf7_posted_data_hash\" value=\"\" \/>\n<\/div>\n<div class='custom_contact_style'>\n\t<div class=\"row row-small\">\n\t\t<div class=\"col medium-6 small-12 large-6\">\n\t\t\t<div class=\"col-inner\">\n\t\t\t\t<p><span class=\"wpcf7-form-control-wrap\" data-name=\"your-name\"><input size=\"40\" maxlength=\"400\" class=\"wpcf7-form-control wpcf7-text wpcf7-validates-as-required\" aria-required=\"true\" aria-invalid=\"false\" placeholder=\"nama*\" value=\"\" type=\"text\" name=\"your-name\" \/><\/span>\n\t\t\t\t<\/p>\n\t\t\t<\/div>\n\t\t<\/div>\n\t\t<div class=\"col medium-6 small-12 large-6\">\n\t\t\t<div class=\"col-inner\">\n\t\t\t\t<p><span class=\"wpcf7-form-control-wrap\" data-name=\"your-email\"><input size=\"40\" maxlength=\"400\" class=\"wpcf7-form-control wpcf7-email wpcf7-validates-as-required wpcf7-text wpcf7-validates-as-email\" aria-required=\"true\" aria-invalid=\"false\" placeholder=\"E-mel*\" value=\"\" type=\"email\" name=\"your-email\" \/><\/span>\n\t\t\t\t<\/p>\n\t\t\t<\/div>\n\t\t<\/div>\n\t<\/div>\n\t<div class='cus_contact_form_bottom'>\n\t\t<p><span class=\"wpcf7-form-control-wrap\" data-name=\"your-phone\"><input size=\"40\" maxlength=\"400\" class=\"wpcf7-form-control wpcf7-text\" aria-invalid=\"false\" placeholder=\"telefon\" value=\"\" type=\"text\" name=\"your-phone\" \/><\/span>\n\t\t<\/p>\n\t<\/div>\n\t<div class='cus_contact_form_bottom'>\n\t\t<p><span class=\"wpcf7-form-control-wrap\" data-name=\"your-country\"><input size=\"40\" maxlength=\"400\" class=\"wpcf7-form-control wpcf7-text\" aria-invalid=\"false\" placeholder=\"Negara\" value=\"\" type=\"text\" name=\"your-country\" \/><\/span>\n\t\t<\/p>\n\t<\/div>\n\t<p><span class=\"wpcf7-form-control-wrap\" data-name=\"your-message\"><textarea cols=\"40\" rows=\"10\" maxlength=\"2000\" class=\"wpcf7-form-control wpcf7-textarea wpcf7-validates-as-required\" aria-required=\"true\" aria-invalid=\"false\" placeholder=\"Mesej Anda *\" name=\"your-message\"><\/textarea><\/span>\n\t<\/p>\n\t<div style=\"margin-bottom:10px;\">\n\t\t<p><span class=\"wpcf7-form-control-wrap kc_captcha cf7ic-toggle\" data-name=\"kc_captcha\"><span class=\"wpcf7-form-control wpcf7-radio\"><span class=\"captcha-image\" style=\"display: none;\"><span class=\"cf7ic_instructions\">Please prove you are human by selecting the<span> truck<\/span>.<\/span><label><input aria-label=\"1\" type=\"radio\" name=\"kc_captcha\" value=\"bot\" \/><svg width=\"50\" height=\"50\" aria-hidden=\"true\" role=\"img\" xmlns=\"http:\/\/www.w3.org\/2000\/svg\" viewbox=\"0 0 512 512\"><path fill=\"currentColor\" d=\"M350 99c-54 0-98-35-166-35-25 0-47 4-68 12a56 56 0 004-24C118 24 95 1 66 0a56 56 0 00-34 102v386c0 13 11 24 24 24h16c13 0 24-11 24-24v-94c28-12 64-23 114-23 54 0 98 35 166 35 48 0 86-16 122-41 9-6 14-15 14-26V96c0-23-24-39-45-29-35 16-77 32-117 32z\"\/><\/svg><\/label><label><input aria-label=\"2\" type=\"radio\" name=\"kc_captcha\" value=\"kc_human\" \/><svg width=\"50\" height=\"50\" aria-hidden=\"true\" role=\"img\" xmlns=\"http:\/\/www.w3.org\/2000\/svg\" viewbox=\"0 0 640 512\"><path fill=\"currentColor\" d=\"M624 352h-16V244c0-13-5-25-14-34L494 110c-9-9-21-14-34-14h-44V48c0-26-21-48-48-48H48C22 0 0 22 0 48v320c0 27 22 48 48 48h16a96 96 0 00192 0h128a96 96 0 00192 0h48c9 0 16-7 16-16v-32c0-9-7-16-16-16zM160 464a48 48 0 110-96 48 48 0 010 96zm320 0a48 48 0 110-96 48 48 0 010 96zm80-208H416V144h44l100 100v12z\"\/><\/svg><\/label><label><input aria-label=\"3\" type=\"radio\" name=\"kc_captcha\" value=\"bot\" \/><svg width=\"50\" height=\"50\" aria-hidden=\"true\" role=\"img\" xmlns=\"http:\/\/www.w3.org\/2000\/svg\" viewbox=\"0 0 576 512\"><path fill=\"currentColor\" d=\"M472 200H360L256 6a12 12 0 00-10-6h-58c-8 0-14 7-12 15l34 185H100l-35-58a12 12 0 00-10-6H12c-8 0-13 7-12 14l21 106L0 362c-1 7 4 14 12 14h43c4 0 8-2 10-6l35-58h110l-34 185c-2 8 4 15 12 15h58a12 12 0 0010-6l104-194h112c57 0 104-25 104-56s-47-56-104-56z\"\/><\/svg><\/label>\r\n    <\/span>\r\n    <span style=\"display:none\">\r\n        <input type=\"text\" name=\"kc_honeypot\">\r\n    <\/span><\/span><\/span>\n\t\t<\/p>\n\t<\/div>\n\t<p><input class=\"wpcf7-form-control wpcf7-submit has-spinner\" type=\"submit\" value=\"Hantar Mesej\" \/>\n\t<\/p>\n<\/div><div class=\"wpcf7-response-output\" aria-hidden=\"true\"><\/div>\n<input type=\"hidden\" name=\"trp-form-language\" value=\"ms\"\/><\/form>\n<\/div>","protected":false},"excerpt":{"rendered":"<p><strong>Faedah menghubungi SWOER untuk memesan penyuap bergetar tersuai:<\/strong><\/p>\n<ul>\n<li>Meningkatkan kecekapan pengeluaran<\/li>\n<li>Ketepatan tinggi<\/li>\n<li>Ketahanan dan kebolehpercayaan<\/li>\n<li>Mudah untuk disepadukan dan dikendalikan<\/li>\n<li>Kurangkan kos buruh<\/li>\n<\/ul>","protected":false},"featured_media":2108,"comment_status":"open","ping_status":"closed","template":"","meta":[],"product_brand":[],"product_cat":[106],"product_tag":[98,99,100],"class_list":{"0":"post-2087","1":"product","2":"type-product","3":"status-publish","4":"has-post-thumbnail","6":"product_cat-mam-rung-cap-phoi","7":"product_tag-bo-cap-phoi-dang-pheu-rung","8":"product_tag-bo-pheu-rung-cap-phoi","9":"product_tag-pheu-rung-cap-phoi-tu-dong","11":"first","12":"instock","13":"shipping-taxable","14":"product-type-simple"},"yoast_head":"<!-- This site is optimized with the Yoast SEO plugin v26.0 - https:\/\/yoast.com\/wordpress\/plugins\/seo\/ -->\n<title>H\u1ec7 th\u1ed1ng n\u1ea1p rung d\u1ea1ng b\u00e1t - Nh\u00e0 s\u1ea3n xu\u1ea5t m\u00e1y c\u1ea5p li\u1ec7u c\u00f4ng nghi\u1ec7p<\/title>\n<meta name=\"description\" content=\"H\u1ec7 th\u1ed1ng n\u1ea1p rung d\u1ea1ng b\u00e1t ch\u1ea5t l\u01b0\u1ee3ng cao, t\u0103ng n\u0103ng su\u1ea5t t\u1ef1 \u0111\u1ed9ng h\u00f3a. Thi\u1ebft k\u1ebf t\u1ed1i \u01b0u, \u0111\u1ed9 b\u1ec1n v\u01b0\u1ee3t tr\u1ed9i. Li\u00ean h\u1ec7 ngay \u0111\u1ec3 nh\u1eadn t\u01b0 v\u1ea5n chuy\u00ean s\u00e2u!\" \/>\n<meta name=\"robots\" content=\"index, follow, max-snippet:-1, max-image-preview:large, max-video-preview:-1\" \/>\n<link rel=\"canonical\" href=\"https:\/\/swoer.vn\/ms\/manufacturer\/he-thong-nap-rung-dang-bat\/\" \/>\n<meta property=\"og:locale\" content=\"ms_MY\" \/>\n<meta property=\"og:type\" content=\"article\" \/>\n<meta property=\"og:title\" content=\"H\u1ec7 th\u1ed1ng n\u1ea1p rung d\u1ea1ng b\u00e1t - Nh\u00e0 s\u1ea3n xu\u1ea5t m\u00e1y c\u1ea5p li\u1ec7u c\u00f4ng nghi\u1ec7p\" \/>\n<meta property=\"og:description\" content=\"H\u1ec7 th\u1ed1ng n\u1ea1p rung d\u1ea1ng b\u00e1t ch\u1ea5t l\u01b0\u1ee3ng cao, t\u0103ng n\u0103ng su\u1ea5t t\u1ef1 \u0111\u1ed9ng h\u00f3a. Thi\u1ebft k\u1ebf t\u1ed1i \u01b0u, \u0111\u1ed9 b\u1ec1n v\u01b0\u1ee3t tr\u1ed9i. Li\u00ean h\u1ec7 ngay \u0111\u1ec3 nh\u1eadn t\u01b0 v\u1ea5n chuy\u00ean s\u00e2u!\" \/>\n<meta property=\"og:url\" content=\"https:\/\/swoer.vn\/ms\/manufacturer\/he-thong-nap-rung-dang-bat\/\" \/>\n<meta property=\"og:site_name\" content=\"Nh\u00e0 s\u1ea3n xu\u1ea5t m\u00e1y c\u1ea5p li\u1ec7u c\u00f4ng nghi\u1ec7p\" \/>\n<meta property=\"article:modified_time\" content=\"2025-03-15T03:33:49+00:00\" \/>\n<meta property=\"og:image\" content=\"https:\/\/swoer.vn\/wp-content\/uploads\/2025\/03\/Bo-cap-phoi-rung-dang-bat-co-cach-am.webp\" \/>\n\t<meta property=\"og:image:width\" content=\"1000\" \/>\n\t<meta property=\"og:image:height\" content=\"1000\" \/>\n\t<meta property=\"og:image:type\" content=\"image\/webp\" \/>\n<meta name=\"twitter:card\" content=\"summary_large_image\" \/>\n<meta name=\"twitter:label1\" content=\"Est. reading time\" \/>\n\t<meta name=\"twitter:data1\" content=\"3 minit\" \/>\n<script type=\"application\/ld+json\" class=\"yoast-schema-graph\">{\"@context\":\"https:\/\/schema.org\",\"@graph\":[{\"@type\":\"WebPage\",\"@id\":\"https:\/\/swoer.vn\/manufacturer\/he-thong-nap-rung-dang-bat\/\",\"url\":\"https:\/\/swoer.vn\/manufacturer\/he-thong-nap-rung-dang-bat\/\",\"name\":\"H\u1ec7 th\u1ed1ng n\u1ea1p rung d\u1ea1ng b\u00e1t - Nh\u00e0 s\u1ea3n xu\u1ea5t m\u00e1y c\u1ea5p li\u1ec7u c\u00f4ng nghi\u1ec7p\",\"isPartOf\":{\"@id\":\"https:\/\/swoer.vn\/#website\"},\"primaryImageOfPage\":{\"@id\":\"https:\/\/swoer.vn\/manufacturer\/he-thong-nap-rung-dang-bat\/#primaryimage\"},\"image\":{\"@id\":\"https:\/\/swoer.vn\/manufacturer\/he-thong-nap-rung-dang-bat\/#primaryimage\"},\"thumbnailUrl\":\"https:\/\/swoer.vn\/wp-content\/uploads\/2025\/03\/Bo-cap-phoi-rung-dang-bat-co-cach-am.webp\",\"datePublished\":\"2025-03-03T08:37:53+00:00\",\"dateModified\":\"2025-03-15T03:33:49+00:00\",\"description\":\"H\u1ec7 th\u1ed1ng n\u1ea1p rung d\u1ea1ng b\u00e1t ch\u1ea5t l\u01b0\u1ee3ng cao, t\u0103ng n\u0103ng su\u1ea5t t\u1ef1 \u0111\u1ed9ng h\u00f3a. Thi\u1ebft k\u1ebf t\u1ed1i \u01b0u, \u0111\u1ed9 b\u1ec1n v\u01b0\u1ee3t tr\u1ed9i. Li\u00ean h\u1ec7 ngay \u0111\u1ec3 nh\u1eadn t\u01b0 v\u1ea5n chuy\u00ean s\u00e2u!\",\"breadcrumb\":{\"@id\":\"https:\/\/swoer.vn\/manufacturer\/he-thong-nap-rung-dang-bat\/#breadcrumb\"},\"inLanguage\":\"ms-MY\",\"potentialAction\":[{\"@type\":\"ReadAction\",\"target\":[\"https:\/\/swoer.vn\/manufacturer\/he-thong-nap-rung-dang-bat\/\"]}]},{\"@type\":\"ImageObject\",\"inLanguage\":\"ms-MY\",\"@id\":\"https:\/\/swoer.vn\/manufacturer\/he-thong-nap-rung-dang-bat\/#primaryimage\",\"url\":\"https:\/\/swoer.vn\/wp-content\/uploads\/2025\/03\/Bo-cap-phoi-rung-dang-bat-co-cach-am.webp\",\"contentUrl\":\"https:\/\/swoer.vn\/wp-content\/uploads\/2025\/03\/Bo-cap-phoi-rung-dang-bat-co-cach-am.webp\",\"width\":1000,\"height\":1000,\"caption\":\"B\u1ed9 c\u1ea5p ph\u00f4i rung d\u1ea1ng b\u00e1t c\u00f3 c\u00e1ch \u00e2m\"},{\"@type\":\"BreadcrumbList\",\"@id\":\"https:\/\/swoer.vn\/manufacturer\/he-thong-nap-rung-dang-bat\/#breadcrumb\",\"itemListElement\":[{\"@type\":\"ListItem\",\"position\":1,\"name\":\"Home\",\"item\":\"https:\/\/swoer.vn\/\"},{\"@type\":\"ListItem\",\"position\":2,\"name\":\"S\u1ea3n ph\u1ea9m\",\"item\":\"https:\/\/swoer.vn\/shop\/\"},{\"@type\":\"ListItem\",\"position\":3,\"name\":\"H\u1ec7 th\u1ed1ng n\u1ea1p rung d\u1ea1ng b\u00e1t\"}]},{\"@type\":\"WebSite\",\"@id\":\"https:\/\/swoer.vn\/#website\",\"url\":\"https:\/\/swoer.vn\/\",\"name\":\"Nh\u00e0 s\u1ea3n xu\u1ea5t m\u00e1y c\u1ea5p li\u1ec7u c\u00f4ng nghi\u1ec7p\",\"description\":\"Nh\u00e0 cung c\u1ea5p robot, m\u00e1y c\u1ea5p li\u1ec7u linh ho\u1ea1t, m\u00e1y c\u1ea5p li\u1ec7u ly t\u00e2m, m\u00e1y c\u1ea5p li\u1ec7u rung t\u1ef1 \u0111\u1ed9ng\",\"potentialAction\":[{\"@type\":\"SearchAction\",\"target\":{\"@type\":\"EntryPoint\",\"urlTemplate\":\"https:\/\/swoer.vn\/?s={search_term_string}\"},\"query-input\":{\"@type\":\"PropertyValueSpecification\",\"valueRequired\":true,\"valueName\":\"search_term_string\"}}],\"inLanguage\":\"ms-MY\"}]}<\/script>\n<!-- \/ Yoast SEO plugin. -->","yoast_head_json":{"title":"H\u1ec7 th\u1ed1ng n\u1ea1p rung d\u1ea1ng b\u00e1t - Nh\u00e0 s\u1ea3n xu\u1ea5t m\u00e1y c\u1ea5p li\u1ec7u c\u00f4ng nghi\u1ec7p","description":"H\u1ec7 th\u1ed1ng n\u1ea1p rung d\u1ea1ng b\u00e1t ch\u1ea5t l\u01b0\u1ee3ng cao, t\u0103ng n\u0103ng su\u1ea5t t\u1ef1 \u0111\u1ed9ng h\u00f3a. Thi\u1ebft k\u1ebf t\u1ed1i \u01b0u, \u0111\u1ed9 b\u1ec1n v\u01b0\u1ee3t tr\u1ed9i. Li\u00ean h\u1ec7 ngay \u0111\u1ec3 nh\u1eadn t\u01b0 v\u1ea5n chuy\u00ean s\u00e2u!","robots":{"index":"index","follow":"follow","max-snippet":"max-snippet:-1","max-image-preview":"max-image-preview:large","max-video-preview":"max-video-preview:-1"},"canonical":"https:\/\/swoer.vn\/ms\/manufacturer\/he-thong-nap-rung-dang-bat\/","og_locale":"ms_MY","og_type":"article","og_title":"H\u1ec7 th\u1ed1ng n\u1ea1p rung d\u1ea1ng b\u00e1t - Nh\u00e0 s\u1ea3n xu\u1ea5t m\u00e1y c\u1ea5p li\u1ec7u c\u00f4ng nghi\u1ec7p","og_description":"H\u1ec7 th\u1ed1ng n\u1ea1p rung d\u1ea1ng b\u00e1t ch\u1ea5t l\u01b0\u1ee3ng cao, t\u0103ng n\u0103ng su\u1ea5t t\u1ef1 \u0111\u1ed9ng h\u00f3a. Thi\u1ebft k\u1ebf t\u1ed1i \u01b0u, \u0111\u1ed9 b\u1ec1n v\u01b0\u1ee3t tr\u1ed9i. Li\u00ean h\u1ec7 ngay \u0111\u1ec3 nh\u1eadn t\u01b0 v\u1ea5n chuy\u00ean s\u00e2u!","og_url":"https:\/\/swoer.vn\/ms\/manufacturer\/he-thong-nap-rung-dang-bat\/","og_site_name":"Nh\u00e0 s\u1ea3n xu\u1ea5t m\u00e1y c\u1ea5p li\u1ec7u c\u00f4ng nghi\u1ec7p","article_modified_time":"2025-03-15T03:33:49+00:00","og_image":[{"width":1000,"height":1000,"url":"https:\/\/swoer.vn\/wp-content\/uploads\/2025\/03\/Bo-cap-phoi-rung-dang-bat-co-cach-am.webp","type":"image\/webp"}],"twitter_card":"summary_large_image","twitter_misc":{"Est. reading time":"3 minit"},"schema":{"@context":"https:\/\/schema.org","@graph":[{"@type":"WebPage","@id":"https:\/\/swoer.vn\/manufacturer\/he-thong-nap-rung-dang-bat\/","url":"https:\/\/swoer.vn\/manufacturer\/he-thong-nap-rung-dang-bat\/","name":"H\u1ec7 th\u1ed1ng n\u1ea1p rung d\u1ea1ng b\u00e1t - Nh\u00e0 s\u1ea3n xu\u1ea5t m\u00e1y c\u1ea5p li\u1ec7u c\u00f4ng nghi\u1ec7p","isPartOf":{"@id":"https:\/\/swoer.vn\/#website"},"primaryImageOfPage":{"@id":"https:\/\/swoer.vn\/manufacturer\/he-thong-nap-rung-dang-bat\/#primaryimage"},"image":{"@id":"https:\/\/swoer.vn\/manufacturer\/he-thong-nap-rung-dang-bat\/#primaryimage"},"thumbnailUrl":"https:\/\/swoer.vn\/wp-content\/uploads\/2025\/03\/Bo-cap-phoi-rung-dang-bat-co-cach-am.webp","datePublished":"2025-03-03T08:37:53+00:00","dateModified":"2025-03-15T03:33:49+00:00","description":"H\u1ec7 th\u1ed1ng n\u1ea1p rung d\u1ea1ng b\u00e1t ch\u1ea5t l\u01b0\u1ee3ng cao, t\u0103ng n\u0103ng su\u1ea5t t\u1ef1 \u0111\u1ed9ng h\u00f3a. Thi\u1ebft k\u1ebf t\u1ed1i \u01b0u, \u0111\u1ed9 b\u1ec1n v\u01b0\u1ee3t tr\u1ed9i. Li\u00ean h\u1ec7 ngay \u0111\u1ec3 nh\u1eadn t\u01b0 v\u1ea5n chuy\u00ean s\u00e2u!","breadcrumb":{"@id":"https:\/\/swoer.vn\/manufacturer\/he-thong-nap-rung-dang-bat\/#breadcrumb"},"inLanguage":"ms-MY","potentialAction":[{"@type":"ReadAction","target":["https:\/\/swoer.vn\/manufacturer\/he-thong-nap-rung-dang-bat\/"]}]},{"@type":"ImageObject","inLanguage":"ms-MY","@id":"https:\/\/swoer.vn\/manufacturer\/he-thong-nap-rung-dang-bat\/#primaryimage","url":"https:\/\/swoer.vn\/wp-content\/uploads\/2025\/03\/Bo-cap-phoi-rung-dang-bat-co-cach-am.webp","contentUrl":"https:\/\/swoer.vn\/wp-content\/uploads\/2025\/03\/Bo-cap-phoi-rung-dang-bat-co-cach-am.webp","width":1000,"height":1000,"caption":"B\u1ed9 c\u1ea5p ph\u00f4i rung d\u1ea1ng b\u00e1t c\u00f3 c\u00e1ch \u00e2m"},{"@type":"BreadcrumbList","@id":"https:\/\/swoer.vn\/manufacturer\/he-thong-nap-rung-dang-bat\/#breadcrumb","itemListElement":[{"@type":"ListItem","position":1,"name":"Home","item":"https:\/\/swoer.vn\/"},{"@type":"ListItem","position":2,"name":"S\u1ea3n ph\u1ea9m","item":"https:\/\/swoer.vn\/shop\/"},{"@type":"ListItem","position":3,"name":"H\u1ec7 th\u1ed1ng n\u1ea1p rung d\u1ea1ng b\u00e1t"}]},{"@type":"WebSite","@id":"https:\/\/swoer.vn\/#website","url":"https:\/\/swoer.vn\/","name":"Pengeluar Pengumpan Perindustrian","description":"Pembekal robot, penyuap fleksibel, penyuap emparan, penyuap bergetar automatik","potentialAction":[{"@type":"SearchAction","target":{"@type":"EntryPoint","urlTemplate":"https:\/\/swoer.vn\/?s={search_term_string}"},"query-input":{"@type":"PropertyValueSpecification","valueRequired":true,"valueName":"search_term_string"}}],"inLanguage":"ms-MY"}]}},"_links":{"self":[{"href":"https:\/\/swoer.vn\/ms\/wp-json\/wp\/v2\/product\/2087","targetHints":{"allow":["GET"]}}],"collection":[{"href":"https:\/\/swoer.vn\/ms\/wp-json\/wp\/v2\/product"}],"about":[{"href":"https:\/\/swoer.vn\/ms\/wp-json\/wp\/v2\/types\/product"}],"replies":[{"embeddable":true,"href":"https:\/\/swoer.vn\/ms\/wp-json\/wp\/v2\/comments?post=2087"}],"wp:featuredmedia":[{"embeddable":true,"href":"https:\/\/swoer.vn\/ms\/wp-json\/wp\/v2\/media\/2108"}],"wp:attachment":[{"href":"https:\/\/swoer.vn\/ms\/wp-json\/wp\/v2\/media?parent=2087"}],"wp:term":[{"taxonomy":"product_brand","embeddable":true,"href":"https:\/\/swoer.vn\/ms\/wp-json\/wp\/v2\/product_brand?post=2087"},{"taxonomy":"product_cat","embeddable":true,"href":"https:\/\/swoer.vn\/ms\/wp-json\/wp\/v2\/product_cat?post=2087"},{"taxonomy":"product_tag","embeddable":true,"href":"https:\/\/swoer.vn\/ms\/wp-json\/wp\/v2\/product_tag?post=2087"}],"curies":[{"name":"wp","href":"https:\/\/api.w.org\/{rel}","templated":true}]}}