{"id":2067,"date":"2025-03-03T12:54:26","date_gmt":"2025-03-03T05:54:26","guid":{"rendered":"https:\/\/swoer.vn\/?post_type=product&#038;p=2067"},"modified":"2025-03-15T10:26:02","modified_gmt":"2025-03-15T03:26:02","slug":"de-rung-sw-c270","status":"publish","type":"product","link":"https:\/\/swoer.vn\/ms\/manufacturer\/de-rung-sw-c270\/","title":{"rendered":"\u0110\u1ebf rung SW-C270"},"content":{"rendered":"<h2>Spesifikasi<\/h2>\n<table style=\"border-collapse: collapse; width: 393.02pt;\" border=\"0\" width=\"524\" cellspacing=\"0\" cellpadding=\"0\">\n<tbody>\n<tr style=\"height: 14.25pt;\">\n<td class=\"et2\" style=\"height: 14.25pt; width: 145.50pt;\" width=\"194\" height=\"19\">taip<\/td>\n<td class=\"et2\" style=\"width: 248.00pt;\" width=\"330\">SW-C270<\/td>\n<\/tr>\n<tr style=\"height: 14.25pt;\">\n<td class=\"et2\" style=\"height: 14.25pt;\" height=\"19\">Voltan<\/td>\n<td class=\"et2\">220V<\/td>\n<\/tr>\n<tr style=\"height: 14.25pt;\">\n<td class=\"et2\" style=\"height: 14.25pt;\" height=\"19\">Kekerapan<\/td>\n<td class=\"et2\">50Hz<\/td>\n<\/tr>\n<tr style=\"height: 14.25pt;\">\n<td class=\"et2\" style=\"height: 14.25pt;\" height=\"19\">Arus elektrik<\/td>\n<td class=\"et2\">3.4A<\/td>\n<\/tr>\n<tr style=\"height: 14.25pt;\">\n<td class=\"et2\" style=\"height: 14.25pt;\" height=\"19\">Saiz maksimum<\/td>\n<td class=\"et2\">480mm<\/td>\n<\/tr>\n<tr style=\"height: 14.25pt;\">\n<td class=\"et2\" style=\"height: 14.25pt;\" height=\"19\">Beban maksimum<\/td>\n<td class=\"et2\">12Kg<\/td>\n<\/tr>\n<tr style=\"height: 14.25pt;\">\n<td class=\"et2\" style=\"height: 14.25pt;\" height=\"19\">Pengawal<\/td>\n<td class=\"et2\">Pengawal frekuensi 3A<\/td>\n<\/tr>\n<tr style=\"height: 14.25pt;\">\n<td class=\"et2\" style=\"height: 14.25pt;\" height=\"19\">Spring digunakan<\/td>\n<td class=\"et2\">SW-50CRVA-106 x 35<\/td>\n<\/tr>\n<tr style=\"height: 14.25pt;\">\n<td class=\"et2\" style=\"height: 14.25pt;\" height=\"19\">Bilangan getaran<\/td>\n<td class=\"et2\">50-200Hz<\/td>\n<\/tr>\n<tr style=\"height: 14.25pt;\">\n<td class=\"et3\" style=\"height: 28.50pt;\" rowspan=\"2\" height=\"38\">Berat asas<\/td>\n<td class=\"et2\">39kg: Jenis asas, dengan sub-silo di dalam badan mesin<\/td>\n<\/tr>\n<tr style=\"height: 14.25pt;\">\n<td class=\"et2\">45kg: Pemisahan rendah, dengan rim pelekap badan<\/td>\n<\/tr>\n<\/tbody>\n<\/table>\n\t<div id=\"gap-184016055\" class=\"gap-element clearfix\" style=\"display:block; height:auto;\">\n\t\t\n<style>\n#gap-184016055 {\n  padding-top: 30px;\n}\n<\/style>\n\t<\/div>\n\t\n<h2>Saiz<\/h2>\n\t<div class=\"img has-hover x md-x lg-x y md-y lg-y\" id=\"image_2029748758\">\n\t\t\t\t\t\t\t\t<div class=\"img-inner dark\" >\n\t\t\t<img loading=\"lazy\" decoding=\"async\" width=\"833\" height=\"618\" src=\"https:\/\/swoer.vn\/wp-content\/uploads\/2025\/03\/Co-cau-truyen-dong-pheu-rung-SW-C270.webp\" class=\"attachment-original size-original\" alt=\"SW-C270 Mekanisme Pemacu Hopper Bergetar\" srcset=\"https:\/\/swoer.vn\/wp-content\/uploads\/2025\/03\/Co-cau-truyen-dong-pheu-rung-SW-C270.webp 833w, https:\/\/swoer.vn\/wp-content\/uploads\/2025\/03\/Co-cau-truyen-dong-pheu-rung-SW-C270-300x223.webp 300w, https:\/\/swoer.vn\/wp-content\/uploads\/2025\/03\/Co-cau-truyen-dong-pheu-rung-SW-C270-768x570.webp 768w, https:\/\/swoer.vn\/wp-content\/uploads\/2025\/03\/Co-cau-truyen-dong-pheu-rung-SW-C270-16x12.webp 16w, https:\/\/swoer.vn\/wp-content\/uploads\/2025\/03\/Co-cau-truyen-dong-pheu-rung-SW-C270-600x445.webp 600w\" sizes=\"auto, (max-width: 833px) 100vw, 833px\" title=\"\">\t\t\t\t\t\t\n\t\t\t\t\t<\/div>\n\t\t\t\t\t\t\t\t\n<style>\n#image_2029748758 {\n  width: 100%;\n}\n<\/style>\n\t<\/div>","protected":false},"excerpt":{"rendered":"<p>Pemacu corong bergetar SW-C270 adalah bahagian penting dalam sistem suapan bergetar, memastikan penghantaran lancar dan tepat. Produk ini mengoptimumkan prestasi penyusuan, mengurangkan getaran dan mudah disepadukan ke dalam barisan pengeluaran automatik. Sesuai untuk industri seperti automotif, elektronik, perubatan dan banyak lagi.<\/p>","protected":false},"featured_media":2068,"comment_status":"open","ping_status":"closed","template":"","meta":[],"product_brand":[],"product_cat":[92],"product_tag":[97,96,95],"class_list":{"0":"post-2067","1":"product","2":"type-product","3":"status-publish","4":"has-post-thumbnail","6":"product_cat-de-nap-rung","7":"product_tag-bo-phan-tao-rung","8":"product_tag-bo-truyen-dong-pheu-rung","9":"product_tag-dong-co-rung","11":"first","12":"instock","13":"shipping-taxable","14":"product-type-simple"},"yoast_head":"<!-- This site is optimized with the Yoast SEO plugin v26.0 - https:\/\/yoast.com\/wordpress\/plugins\/seo\/ -->\n<title>\u0110\u1ebf rung SW-C270 - Nh\u00e0 s\u1ea3n xu\u1ea5t m\u00e1y c\u1ea5p li\u1ec7u c\u00f4ng nghi\u1ec7p<\/title>\n<meta name=\"description\" content=\"\u0110\u1ebf rung SW-C270 \u2013 Ph\u1ee5 ki\u1ec7n quan tr\u1ecdng c\u1ee7a m\u00e1y c\u1ea5p li\u1ec7u rung, gi\u00fap truy\u1ec1n \u0111\u1ed9ng \u1ed5n \u0111\u1ecbnh, ch\u00ednh x\u00e1c, ph\u00f9 h\u1ee3p cho ng\u00e0nh \u00f4 t\u00f4, \u0111i\u1ec7n t\u1eed, y t\u1ebf.\" \/>\n<meta name=\"robots\" content=\"index, follow, max-snippet:-1, max-image-preview:large, max-video-preview:-1\" \/>\n<link rel=\"canonical\" href=\"https:\/\/swoer.vn\/ms\/manufacturer\/de-rung-sw-c270\/\" \/>\n<meta property=\"og:locale\" content=\"ms_MY\" \/>\n<meta property=\"og:type\" content=\"article\" \/>\n<meta property=\"og:title\" content=\"\u0110\u1ebf rung SW-C270 - Nh\u00e0 s\u1ea3n xu\u1ea5t m\u00e1y c\u1ea5p li\u1ec7u c\u00f4ng nghi\u1ec7p\" \/>\n<meta property=\"og:description\" content=\"\u0110\u1ebf rung SW-C270 \u2013 Ph\u1ee5 ki\u1ec7n quan tr\u1ecdng c\u1ee7a m\u00e1y c\u1ea5p li\u1ec7u rung, gi\u00fap truy\u1ec1n \u0111\u1ed9ng \u1ed5n \u0111\u1ecbnh, ch\u00ednh x\u00e1c, ph\u00f9 h\u1ee3p cho ng\u00e0nh \u00f4 t\u00f4, \u0111i\u1ec7n t\u1eed, y t\u1ebf.\" \/>\n<meta property=\"og:url\" content=\"https:\/\/swoer.vn\/ms\/manufacturer\/de-rung-sw-c270\/\" \/>\n<meta property=\"og:site_name\" content=\"Nh\u00e0 s\u1ea3n xu\u1ea5t m\u00e1y c\u1ea5p li\u1ec7u c\u00f4ng nghi\u1ec7p\" \/>\n<meta property=\"article:modified_time\" content=\"2025-03-15T03:26:02+00:00\" \/>\n<meta property=\"og:image\" content=\"https:\/\/swoer.vn\/wp-content\/uploads\/2025\/03\/Bo-truyen-dong-bat-rung-SW-C270.webp\" \/>\n\t<meta property=\"og:image:width\" content=\"1000\" \/>\n\t<meta property=\"og:image:height\" content=\"1000\" \/>\n\t<meta property=\"og:image:type\" content=\"image\/webp\" \/>\n<meta name=\"twitter:card\" content=\"summary_large_image\" \/>\n<meta name=\"twitter:label1\" content=\"Est. reading time\" \/>\n\t<meta name=\"twitter:data1\" content=\"1 minit\" \/>\n<script type=\"application\/ld+json\" class=\"yoast-schema-graph\">{\"@context\":\"https:\/\/schema.org\",\"@graph\":[{\"@type\":\"WebPage\",\"@id\":\"https:\/\/swoer.vn\/manufacturer\/de-rung-sw-c270\/\",\"url\":\"https:\/\/swoer.vn\/manufacturer\/de-rung-sw-c270\/\",\"name\":\"\u0110\u1ebf rung SW-C270 - Nh\u00e0 s\u1ea3n xu\u1ea5t m\u00e1y c\u1ea5p li\u1ec7u c\u00f4ng nghi\u1ec7p\",\"isPartOf\":{\"@id\":\"https:\/\/swoer.vn\/#website\"},\"primaryImageOfPage\":{\"@id\":\"https:\/\/swoer.vn\/manufacturer\/de-rung-sw-c270\/#primaryimage\"},\"image\":{\"@id\":\"https:\/\/swoer.vn\/manufacturer\/de-rung-sw-c270\/#primaryimage\"},\"thumbnailUrl\":\"https:\/\/swoer.vn\/wp-content\/uploads\/2025\/03\/Bo-truyen-dong-bat-rung-SW-C270.webp\",\"datePublished\":\"2025-03-03T05:54:26+00:00\",\"dateModified\":\"2025-03-15T03:26:02+00:00\",\"description\":\"\u0110\u1ebf rung SW-C270 \u2013 Ph\u1ee5 ki\u1ec7n quan tr\u1ecdng c\u1ee7a m\u00e1y c\u1ea5p li\u1ec7u rung, gi\u00fap truy\u1ec1n \u0111\u1ed9ng \u1ed5n \u0111\u1ecbnh, ch\u00ednh x\u00e1c, ph\u00f9 h\u1ee3p cho ng\u00e0nh \u00f4 t\u00f4, \u0111i\u1ec7n t\u1eed, y t\u1ebf.\",\"breadcrumb\":{\"@id\":\"https:\/\/swoer.vn\/manufacturer\/de-rung-sw-c270\/#breadcrumb\"},\"inLanguage\":\"ms-MY\",\"potentialAction\":[{\"@type\":\"ReadAction\",\"target\":[\"https:\/\/swoer.vn\/manufacturer\/de-rung-sw-c270\/\"]}]},{\"@type\":\"ImageObject\",\"inLanguage\":\"ms-MY\",\"@id\":\"https:\/\/swoer.vn\/manufacturer\/de-rung-sw-c270\/#primaryimage\",\"url\":\"https:\/\/swoer.vn\/wp-content\/uploads\/2025\/03\/Bo-truyen-dong-bat-rung-SW-C270.webp\",\"contentUrl\":\"https:\/\/swoer.vn\/wp-content\/uploads\/2025\/03\/Bo-truyen-dong-bat-rung-SW-C270.webp\",\"width\":1000,\"height\":1000,\"caption\":\"B\u1ed9 truy\u1ec1n \u0111\u1ed9ng b\u00e1t rung SW-C270\"},{\"@type\":\"BreadcrumbList\",\"@id\":\"https:\/\/swoer.vn\/manufacturer\/de-rung-sw-c270\/#breadcrumb\",\"itemListElement\":[{\"@type\":\"ListItem\",\"position\":1,\"name\":\"Home\",\"item\":\"https:\/\/swoer.vn\/\"},{\"@type\":\"ListItem\",\"position\":2,\"name\":\"S\u1ea3n ph\u1ea9m\",\"item\":\"https:\/\/swoer.vn\/shop\/\"},{\"@type\":\"ListItem\",\"position\":3,\"name\":\"\u0110\u1ebf rung SW-C270\"}]},{\"@type\":\"WebSite\",\"@id\":\"https:\/\/swoer.vn\/#website\",\"url\":\"https:\/\/swoer.vn\/\",\"name\":\"Nh\u00e0 s\u1ea3n xu\u1ea5t m\u00e1y c\u1ea5p li\u1ec7u c\u00f4ng nghi\u1ec7p\",\"description\":\"Nh\u00e0 cung c\u1ea5p robot, m\u00e1y c\u1ea5p li\u1ec7u linh ho\u1ea1t, m\u00e1y c\u1ea5p li\u1ec7u ly t\u00e2m, m\u00e1y c\u1ea5p li\u1ec7u rung t\u1ef1 \u0111\u1ed9ng\",\"potentialAction\":[{\"@type\":\"SearchAction\",\"target\":{\"@type\":\"EntryPoint\",\"urlTemplate\":\"https:\/\/swoer.vn\/?s={search_term_string}\"},\"query-input\":{\"@type\":\"PropertyValueSpecification\",\"valueRequired\":true,\"valueName\":\"search_term_string\"}}],\"inLanguage\":\"ms-MY\"}]}<\/script>\n<!-- \/ Yoast SEO plugin. -->","yoast_head_json":{"title":"\u0110\u1ebf rung SW-C270 - Nh\u00e0 s\u1ea3n xu\u1ea5t m\u00e1y c\u1ea5p li\u1ec7u c\u00f4ng nghi\u1ec7p","description":"\u0110\u1ebf rung SW-C270 \u2013 Ph\u1ee5 ki\u1ec7n quan tr\u1ecdng c\u1ee7a m\u00e1y c\u1ea5p li\u1ec7u rung, gi\u00fap truy\u1ec1n \u0111\u1ed9ng \u1ed5n \u0111\u1ecbnh, ch\u00ednh x\u00e1c, ph\u00f9 h\u1ee3p cho ng\u00e0nh \u00f4 t\u00f4, \u0111i\u1ec7n t\u1eed, y t\u1ebf.","robots":{"index":"index","follow":"follow","max-snippet":"max-snippet:-1","max-image-preview":"max-image-preview:large","max-video-preview":"max-video-preview:-1"},"canonical":"https:\/\/swoer.vn\/ms\/manufacturer\/de-rung-sw-c270\/","og_locale":"ms_MY","og_type":"article","og_title":"\u0110\u1ebf rung SW-C270 - Nh\u00e0 s\u1ea3n xu\u1ea5t m\u00e1y c\u1ea5p li\u1ec7u c\u00f4ng nghi\u1ec7p","og_description":"\u0110\u1ebf rung SW-C270 \u2013 Ph\u1ee5 ki\u1ec7n quan tr\u1ecdng c\u1ee7a m\u00e1y c\u1ea5p li\u1ec7u rung, gi\u00fap truy\u1ec1n \u0111\u1ed9ng \u1ed5n \u0111\u1ecbnh, ch\u00ednh x\u00e1c, ph\u00f9 h\u1ee3p cho ng\u00e0nh \u00f4 t\u00f4, \u0111i\u1ec7n t\u1eed, y t\u1ebf.","og_url":"https:\/\/swoer.vn\/ms\/manufacturer\/de-rung-sw-c270\/","og_site_name":"Nh\u00e0 s\u1ea3n xu\u1ea5t m\u00e1y c\u1ea5p li\u1ec7u c\u00f4ng nghi\u1ec7p","article_modified_time":"2025-03-15T03:26:02+00:00","og_image":[{"width":1000,"height":1000,"url":"https:\/\/swoer.vn\/wp-content\/uploads\/2025\/03\/Bo-truyen-dong-bat-rung-SW-C270.webp","type":"image\/webp"}],"twitter_card":"summary_large_image","twitter_misc":{"Est. reading time":"1 minit"},"schema":{"@context":"https:\/\/schema.org","@graph":[{"@type":"WebPage","@id":"https:\/\/swoer.vn\/manufacturer\/de-rung-sw-c270\/","url":"https:\/\/swoer.vn\/manufacturer\/de-rung-sw-c270\/","name":"\u0110\u1ebf rung SW-C270 - Nh\u00e0 s\u1ea3n xu\u1ea5t m\u00e1y c\u1ea5p li\u1ec7u c\u00f4ng nghi\u1ec7p","isPartOf":{"@id":"https:\/\/swoer.vn\/#website"},"primaryImageOfPage":{"@id":"https:\/\/swoer.vn\/manufacturer\/de-rung-sw-c270\/#primaryimage"},"image":{"@id":"https:\/\/swoer.vn\/manufacturer\/de-rung-sw-c270\/#primaryimage"},"thumbnailUrl":"https:\/\/swoer.vn\/wp-content\/uploads\/2025\/03\/Bo-truyen-dong-bat-rung-SW-C270.webp","datePublished":"2025-03-03T05:54:26+00:00","dateModified":"2025-03-15T03:26:02+00:00","description":"\u0110\u1ebf rung SW-C270 \u2013 Ph\u1ee5 ki\u1ec7n quan tr\u1ecdng c\u1ee7a m\u00e1y c\u1ea5p li\u1ec7u rung, gi\u00fap truy\u1ec1n \u0111\u1ed9ng \u1ed5n \u0111\u1ecbnh, ch\u00ednh x\u00e1c, ph\u00f9 h\u1ee3p cho ng\u00e0nh \u00f4 t\u00f4, \u0111i\u1ec7n t\u1eed, y t\u1ebf.","breadcrumb":{"@id":"https:\/\/swoer.vn\/manufacturer\/de-rung-sw-c270\/#breadcrumb"},"inLanguage":"ms-MY","potentialAction":[{"@type":"ReadAction","target":["https:\/\/swoer.vn\/manufacturer\/de-rung-sw-c270\/"]}]},{"@type":"ImageObject","inLanguage":"ms-MY","@id":"https:\/\/swoer.vn\/manufacturer\/de-rung-sw-c270\/#primaryimage","url":"https:\/\/swoer.vn\/wp-content\/uploads\/2025\/03\/Bo-truyen-dong-bat-rung-SW-C270.webp","contentUrl":"https:\/\/swoer.vn\/wp-content\/uploads\/2025\/03\/Bo-truyen-dong-bat-rung-SW-C270.webp","width":1000,"height":1000,"caption":"B\u1ed9 truy\u1ec1n \u0111\u1ed9ng b\u00e1t rung SW-C270"},{"@type":"BreadcrumbList","@id":"https:\/\/swoer.vn\/manufacturer\/de-rung-sw-c270\/#breadcrumb","itemListElement":[{"@type":"ListItem","position":1,"name":"Home","item":"https:\/\/swoer.vn\/"},{"@type":"ListItem","position":2,"name":"S\u1ea3n ph\u1ea9m","item":"https:\/\/swoer.vn\/shop\/"},{"@type":"ListItem","position":3,"name":"\u0110\u1ebf rung SW-C270"}]},{"@type":"WebSite","@id":"https:\/\/swoer.vn\/#website","url":"https:\/\/swoer.vn\/","name":"Pengeluar Pengumpan Perindustrian","description":"Pembekal robot, penyuap fleksibel, penyuap emparan, penyuap bergetar automatik","potentialAction":[{"@type":"SearchAction","target":{"@type":"EntryPoint","urlTemplate":"https:\/\/swoer.vn\/?s={search_term_string}"},"query-input":{"@type":"PropertyValueSpecification","valueRequired":true,"valueName":"search_term_string"}}],"inLanguage":"ms-MY"}]}},"_links":{"self":[{"href":"https:\/\/swoer.vn\/ms\/wp-json\/wp\/v2\/product\/2067","targetHints":{"allow":["GET"]}}],"collection":[{"href":"https:\/\/swoer.vn\/ms\/wp-json\/wp\/v2\/product"}],"about":[{"href":"https:\/\/swoer.vn\/ms\/wp-json\/wp\/v2\/types\/product"}],"replies":[{"embeddable":true,"href":"https:\/\/swoer.vn\/ms\/wp-json\/wp\/v2\/comments?post=2067"}],"wp:featuredmedia":[{"embeddable":true,"href":"https:\/\/swoer.vn\/ms\/wp-json\/wp\/v2\/media\/2068"}],"wp:attachment":[{"href":"https:\/\/swoer.vn\/ms\/wp-json\/wp\/v2\/media?parent=2067"}],"wp:term":[{"taxonomy":"product_brand","embeddable":true,"href":"https:\/\/swoer.vn\/ms\/wp-json\/wp\/v2\/product_brand?post=2067"},{"taxonomy":"product_cat","embeddable":true,"href":"https:\/\/swoer.vn\/ms\/wp-json\/wp\/v2\/product_cat?post=2067"},{"taxonomy":"product_tag","embeddable":true,"href":"https:\/\/swoer.vn\/ms\/wp-json\/wp\/v2\/product_tag?post=2067"}],"curies":[{"name":"wp","href":"https:\/\/api.w.org\/{rel}","templated":true}]}}