{"id":2025,"date":"2025-03-03T09:27:23","date_gmt":"2025-03-03T02:27:23","guid":{"rendered":"https:\/\/swoer.vn\/?post_type=product&#038;p=2025"},"modified":"2025-03-03T09:29:14","modified_gmt":"2025-03-03T02:29:14","slug":"may-cap-lieu-tuyen-tinh-zz800-600","status":"publish","type":"product","link":"https:\/\/swoer.vn\/ms\/manufacturer\/may-cap-lieu-tuyen-tinh-zz800-600\/","title":{"rendered":"Penyalur Linear ZZ800-600"},"content":{"rendered":"<h2>Saiz<\/h2>\n\t<div class=\"img has-hover x md-x lg-x y md-y lg-y\" id=\"image_90384574\">\n\t\t\t\t\t\t\t\t<div class=\"img-inner dark\" >\n\t\t\t<img loading=\"lazy\" decoding=\"async\" width=\"873\" height=\"666\" src=\"https:\/\/swoer.vn\/wp-content\/uploads\/2025\/03\/He-thong-cap-lieu-tuyen-tinh-ZZ800-600-1.webp\" class=\"attachment-original size-original\" alt=\"Sistem Pemakanan Linear ZZ800-600\" srcset=\"https:\/\/swoer.vn\/wp-content\/uploads\/2025\/03\/He-thong-cap-lieu-tuyen-tinh-ZZ800-600-1.webp 873w, https:\/\/swoer.vn\/wp-content\/uploads\/2025\/03\/He-thong-cap-lieu-tuyen-tinh-ZZ800-600-1-300x229.webp 300w, https:\/\/swoer.vn\/wp-content\/uploads\/2025\/03\/He-thong-cap-lieu-tuyen-tinh-ZZ800-600-1-768x586.webp 768w, https:\/\/swoer.vn\/wp-content\/uploads\/2025\/03\/He-thong-cap-lieu-tuyen-tinh-ZZ800-600-1-16x12.webp 16w, https:\/\/swoer.vn\/wp-content\/uploads\/2025\/03\/He-thong-cap-lieu-tuyen-tinh-ZZ800-600-1-600x458.webp 600w\" sizes=\"auto, (max-width: 873px) 100vw, 873px\" title=\"\">\t\t\t\t\t\t\n\t\t\t\t\t<\/div>\n\t\t\t\t\t\t\t\t\n<style>\n#image_90384574 {\n  width: 100%;\n}\n<\/style>\n\t<\/div>","protected":false},"excerpt":{"rendered":"<p>ZZ800-600 linear feeder memainkan peranan penting dalam sistem penyuapan bergetar, memastikan pergerakan bahan kerja lancar dan mengurangkan getaran. Sesuai untuk industri automotif, elektronik, perubatan.<\/p>","protected":false},"featured_media":2026,"comment_status":"open","ping_status":"closed","template":"","meta":[],"product_brand":[],"product_cat":[87],"product_tag":[89,88,90],"class_list":{"0":"post-2025","1":"product","2":"type-product","3":"status-publish","4":"has-post-thumbnail","6":"product_cat-bo-nap-tuyen-tinh","7":"product_tag-bang-tai-rung-tuyen-tinh","8":"product_tag-he-thong-cap-lieu-tuyen-tinh","9":"product_tag-may-cap-phoi-tuyen-tinh","11":"first","12":"instock","13":"shipping-taxable","14":"product-type-simple"},"yoast_head":"<!-- This site is optimized with the Yoast SEO plugin v26.0 - https:\/\/yoast.com\/wordpress\/plugins\/seo\/ -->\n<title>M\u00e1y c\u1ea5p li\u1ec7u tuy\u1ebfn t\u00ednh ZZ800-600 - Nh\u00e0 s\u1ea3n xu\u1ea5t m\u00e1y c\u1ea5p li\u1ec7u c\u00f4ng nghi\u1ec7p<\/title>\n<meta name=\"description\" content=\"M\u00e1y c\u1ea5p li\u1ec7u tuy\u1ebfn t\u00ednh ZZ800-600 \u2013 B\u1ed9 ph\u1eadn thi\u1ebft y\u1ebfu c\u1ee7a m\u00e1y c\u1ea5p li\u1ec7u rung, gi\u00fap v\u1eadn chuy\u1ec3n ph\u00f4i \u1ed5n \u0111\u1ecbnh, ch\u00ednh x\u00e1c, ph\u00f9 h\u1ee3p cho s\u1ea3n xu\u1ea5t t\u1ef1 \u0111\u1ed9ng.\" \/>\n<meta name=\"robots\" content=\"index, follow, max-snippet:-1, max-image-preview:large, max-video-preview:-1\" \/>\n<link rel=\"canonical\" href=\"https:\/\/swoer.vn\/ms\/manufacturer\/may-cap-lieu-tuyen-tinh-zz800-600\/\" \/>\n<meta property=\"og:locale\" content=\"ms_MY\" \/>\n<meta property=\"og:type\" content=\"article\" \/>\n<meta property=\"og:title\" content=\"M\u00e1y c\u1ea5p li\u1ec7u tuy\u1ebfn t\u00ednh ZZ800-600 - Nh\u00e0 s\u1ea3n xu\u1ea5t m\u00e1y c\u1ea5p li\u1ec7u c\u00f4ng nghi\u1ec7p\" \/>\n<meta property=\"og:description\" content=\"M\u00e1y c\u1ea5p li\u1ec7u tuy\u1ebfn t\u00ednh ZZ800-600 \u2013 B\u1ed9 ph\u1eadn thi\u1ebft y\u1ebfu c\u1ee7a m\u00e1y c\u1ea5p li\u1ec7u rung, gi\u00fap v\u1eadn chuy\u1ec3n ph\u00f4i \u1ed5n \u0111\u1ecbnh, ch\u00ednh x\u00e1c, ph\u00f9 h\u1ee3p cho s\u1ea3n xu\u1ea5t t\u1ef1 \u0111\u1ed9ng.\" \/>\n<meta property=\"og:url\" content=\"https:\/\/swoer.vn\/ms\/manufacturer\/may-cap-lieu-tuyen-tinh-zz800-600\/\" \/>\n<meta property=\"og:site_name\" content=\"Nh\u00e0 s\u1ea3n xu\u1ea5t m\u00e1y c\u1ea5p li\u1ec7u c\u00f4ng nghi\u1ec7p\" \/>\n<meta property=\"article:modified_time\" content=\"2025-03-03T02:29:14+00:00\" \/>\n<meta property=\"og:image\" content=\"https:\/\/swoer.vn\/wp-content\/uploads\/2025\/03\/May-cap-lieu-tuyen-tinh-ZZ800-600.webp\" \/>\n\t<meta property=\"og:image:width\" content=\"800\" \/>\n\t<meta property=\"og:image:height\" content=\"800\" \/>\n\t<meta property=\"og:image:type\" content=\"image\/webp\" \/>\n<meta name=\"twitter:card\" content=\"summary_large_image\" \/>\n<meta name=\"twitter:label1\" content=\"Est. reading time\" \/>\n\t<meta name=\"twitter:data1\" content=\"1 minit\" \/>\n<script type=\"application\/ld+json\" class=\"yoast-schema-graph\">{\"@context\":\"https:\/\/schema.org\",\"@graph\":[{\"@type\":\"WebPage\",\"@id\":\"https:\/\/swoer.vn\/manufacturer\/may-cap-lieu-tuyen-tinh-zz800-600\/\",\"url\":\"https:\/\/swoer.vn\/manufacturer\/may-cap-lieu-tuyen-tinh-zz800-600\/\",\"name\":\"M\u00e1y c\u1ea5p li\u1ec7u tuy\u1ebfn t\u00ednh ZZ800-600 - Nh\u00e0 s\u1ea3n xu\u1ea5t m\u00e1y c\u1ea5p li\u1ec7u c\u00f4ng nghi\u1ec7p\",\"isPartOf\":{\"@id\":\"https:\/\/swoer.vn\/#website\"},\"primaryImageOfPage\":{\"@id\":\"https:\/\/swoer.vn\/manufacturer\/may-cap-lieu-tuyen-tinh-zz800-600\/#primaryimage\"},\"image\":{\"@id\":\"https:\/\/swoer.vn\/manufacturer\/may-cap-lieu-tuyen-tinh-zz800-600\/#primaryimage\"},\"thumbnailUrl\":\"https:\/\/swoer.vn\/wp-content\/uploads\/2025\/03\/May-cap-lieu-tuyen-tinh-ZZ800-600.webp\",\"datePublished\":\"2025-03-03T02:27:23+00:00\",\"dateModified\":\"2025-03-03T02:29:14+00:00\",\"description\":\"M\u00e1y c\u1ea5p li\u1ec7u tuy\u1ebfn t\u00ednh ZZ800-600 \u2013 B\u1ed9 ph\u1eadn thi\u1ebft y\u1ebfu c\u1ee7a m\u00e1y c\u1ea5p li\u1ec7u rung, gi\u00fap v\u1eadn chuy\u1ec3n ph\u00f4i \u1ed5n \u0111\u1ecbnh, ch\u00ednh x\u00e1c, ph\u00f9 h\u1ee3p cho s\u1ea3n xu\u1ea5t t\u1ef1 \u0111\u1ed9ng.\",\"breadcrumb\":{\"@id\":\"https:\/\/swoer.vn\/manufacturer\/may-cap-lieu-tuyen-tinh-zz800-600\/#breadcrumb\"},\"inLanguage\":\"ms-MY\",\"potentialAction\":[{\"@type\":\"ReadAction\",\"target\":[\"https:\/\/swoer.vn\/manufacturer\/may-cap-lieu-tuyen-tinh-zz800-600\/\"]}]},{\"@type\":\"ImageObject\",\"inLanguage\":\"ms-MY\",\"@id\":\"https:\/\/swoer.vn\/manufacturer\/may-cap-lieu-tuyen-tinh-zz800-600\/#primaryimage\",\"url\":\"https:\/\/swoer.vn\/wp-content\/uploads\/2025\/03\/May-cap-lieu-tuyen-tinh-ZZ800-600.webp\",\"contentUrl\":\"https:\/\/swoer.vn\/wp-content\/uploads\/2025\/03\/May-cap-lieu-tuyen-tinh-ZZ800-600.webp\",\"width\":800,\"height\":800,\"caption\":\"M\u00e1y c\u1ea5p li\u1ec7u tuy\u1ebfn t\u00ednh ZZ800-600\"},{\"@type\":\"BreadcrumbList\",\"@id\":\"https:\/\/swoer.vn\/manufacturer\/may-cap-lieu-tuyen-tinh-zz800-600\/#breadcrumb\",\"itemListElement\":[{\"@type\":\"ListItem\",\"position\":1,\"name\":\"Home\",\"item\":\"https:\/\/swoer.vn\/\"},{\"@type\":\"ListItem\",\"position\":2,\"name\":\"S\u1ea3n ph\u1ea9m\",\"item\":\"https:\/\/swoer.vn\/shop\/\"},{\"@type\":\"ListItem\",\"position\":3,\"name\":\"M\u00e1y c\u1ea5p li\u1ec7u tuy\u1ebfn t\u00ednh ZZ800-600\"}]},{\"@type\":\"WebSite\",\"@id\":\"https:\/\/swoer.vn\/#website\",\"url\":\"https:\/\/swoer.vn\/\",\"name\":\"Nh\u00e0 s\u1ea3n xu\u1ea5t m\u00e1y c\u1ea5p li\u1ec7u c\u00f4ng nghi\u1ec7p\",\"description\":\"Nh\u00e0 cung c\u1ea5p robot, m\u00e1y c\u1ea5p li\u1ec7u linh ho\u1ea1t, m\u00e1y c\u1ea5p li\u1ec7u ly t\u00e2m, m\u00e1y c\u1ea5p li\u1ec7u rung t\u1ef1 \u0111\u1ed9ng\",\"potentialAction\":[{\"@type\":\"SearchAction\",\"target\":{\"@type\":\"EntryPoint\",\"urlTemplate\":\"https:\/\/swoer.vn\/?s={search_term_string}\"},\"query-input\":{\"@type\":\"PropertyValueSpecification\",\"valueRequired\":true,\"valueName\":\"search_term_string\"}}],\"inLanguage\":\"ms-MY\"}]}<\/script>\n<!-- \/ Yoast SEO plugin. -->","yoast_head_json":{"title":"ZZ800-600 Linear Feeder - Pengilang Pengilang Industri","description":"ZZ800-600 Linear Feeder \u2013 Bahagian penting penyuap bergetar, membantu mengangkut bahan kerja secara stabil dan tepat, sesuai untuk pengeluaran automatik.","robots":{"index":"index","follow":"follow","max-snippet":"max-snippet:-1","max-image-preview":"max-image-preview:large","max-video-preview":"max-video-preview:-1"},"canonical":"https:\/\/swoer.vn\/ms\/manufacturer\/may-cap-lieu-tuyen-tinh-zz800-600\/","og_locale":"ms_MY","og_type":"article","og_title":"M\u00e1y c\u1ea5p li\u1ec7u tuy\u1ebfn t\u00ednh ZZ800-600 - Nh\u00e0 s\u1ea3n xu\u1ea5t m\u00e1y c\u1ea5p li\u1ec7u c\u00f4ng nghi\u1ec7p","og_description":"M\u00e1y c\u1ea5p li\u1ec7u tuy\u1ebfn t\u00ednh ZZ800-600 \u2013 B\u1ed9 ph\u1eadn thi\u1ebft y\u1ebfu c\u1ee7a m\u00e1y c\u1ea5p li\u1ec7u rung, gi\u00fap v\u1eadn chuy\u1ec3n ph\u00f4i \u1ed5n \u0111\u1ecbnh, ch\u00ednh x\u00e1c, ph\u00f9 h\u1ee3p cho s\u1ea3n xu\u1ea5t t\u1ef1 \u0111\u1ed9ng.","og_url":"https:\/\/swoer.vn\/ms\/manufacturer\/may-cap-lieu-tuyen-tinh-zz800-600\/","og_site_name":"Nh\u00e0 s\u1ea3n xu\u1ea5t m\u00e1y c\u1ea5p li\u1ec7u c\u00f4ng nghi\u1ec7p","article_modified_time":"2025-03-03T02:29:14+00:00","og_image":[{"width":800,"height":800,"url":"https:\/\/swoer.vn\/wp-content\/uploads\/2025\/03\/May-cap-lieu-tuyen-tinh-ZZ800-600.webp","type":"image\/webp"}],"twitter_card":"summary_large_image","twitter_misc":{"Est. reading time":"1 minit"},"schema":{"@context":"https:\/\/schema.org","@graph":[{"@type":"WebPage","@id":"https:\/\/swoer.vn\/manufacturer\/may-cap-lieu-tuyen-tinh-zz800-600\/","url":"https:\/\/swoer.vn\/manufacturer\/may-cap-lieu-tuyen-tinh-zz800-600\/","name":"ZZ800-600 Linear Feeder - Pengilang Pengilang Industri","isPartOf":{"@id":"https:\/\/swoer.vn\/#website"},"primaryImageOfPage":{"@id":"https:\/\/swoer.vn\/manufacturer\/may-cap-lieu-tuyen-tinh-zz800-600\/#primaryimage"},"image":{"@id":"https:\/\/swoer.vn\/manufacturer\/may-cap-lieu-tuyen-tinh-zz800-600\/#primaryimage"},"thumbnailUrl":"https:\/\/swoer.vn\/wp-content\/uploads\/2025\/03\/May-cap-lieu-tuyen-tinh-ZZ800-600.webp","datePublished":"2025-03-03T02:27:23+00:00","dateModified":"2025-03-03T02:29:14+00:00","description":"ZZ800-600 Linear Feeder \u2013 Bahagian penting penyuap bergetar, membantu mengangkut bahan kerja secara stabil dan tepat, sesuai untuk pengeluaran automatik.","breadcrumb":{"@id":"https:\/\/swoer.vn\/manufacturer\/may-cap-lieu-tuyen-tinh-zz800-600\/#breadcrumb"},"inLanguage":"ms-MY","potentialAction":[{"@type":"ReadAction","target":["https:\/\/swoer.vn\/manufacturer\/may-cap-lieu-tuyen-tinh-zz800-600\/"]}]},{"@type":"ImageObject","inLanguage":"ms-MY","@id":"https:\/\/swoer.vn\/manufacturer\/may-cap-lieu-tuyen-tinh-zz800-600\/#primaryimage","url":"https:\/\/swoer.vn\/wp-content\/uploads\/2025\/03\/May-cap-lieu-tuyen-tinh-ZZ800-600.webp","contentUrl":"https:\/\/swoer.vn\/wp-content\/uploads\/2025\/03\/May-cap-lieu-tuyen-tinh-ZZ800-600.webp","width":800,"height":800,"caption":"M\u00e1y c\u1ea5p li\u1ec7u tuy\u1ebfn t\u00ednh ZZ800-600"},{"@type":"BreadcrumbList","@id":"https:\/\/swoer.vn\/manufacturer\/may-cap-lieu-tuyen-tinh-zz800-600\/#breadcrumb","itemListElement":[{"@type":"ListItem","position":1,"name":"Home","item":"https:\/\/swoer.vn\/"},{"@type":"ListItem","position":2,"name":"S\u1ea3n ph\u1ea9m","item":"https:\/\/swoer.vn\/shop\/"},{"@type":"ListItem","position":3,"name":"M\u00e1y c\u1ea5p li\u1ec7u tuy\u1ebfn t\u00ednh ZZ800-600"}]},{"@type":"WebSite","@id":"https:\/\/swoer.vn\/#website","url":"https:\/\/swoer.vn\/","name":"Pengeluar Pengumpan Perindustrian","description":"Pembekal robot, penyuap fleksibel, penyuap emparan, penyuap bergetar automatik","potentialAction":[{"@type":"SearchAction","target":{"@type":"EntryPoint","urlTemplate":"https:\/\/swoer.vn\/?s={search_term_string}"},"query-input":{"@type":"PropertyValueSpecification","valueRequired":true,"valueName":"search_term_string"}}],"inLanguage":"ms-MY"}]}},"_links":{"self":[{"href":"https:\/\/swoer.vn\/ms\/wp-json\/wp\/v2\/product\/2025","targetHints":{"allow":["GET"]}}],"collection":[{"href":"https:\/\/swoer.vn\/ms\/wp-json\/wp\/v2\/product"}],"about":[{"href":"https:\/\/swoer.vn\/ms\/wp-json\/wp\/v2\/types\/product"}],"replies":[{"embeddable":true,"href":"https:\/\/swoer.vn\/ms\/wp-json\/wp\/v2\/comments?post=2025"}],"wp:featuredmedia":[{"embeddable":true,"href":"https:\/\/swoer.vn\/ms\/wp-json\/wp\/v2\/media\/2026"}],"wp:attachment":[{"href":"https:\/\/swoer.vn\/ms\/wp-json\/wp\/v2\/media?parent=2025"}],"wp:term":[{"taxonomy":"product_brand","embeddable":true,"href":"https:\/\/swoer.vn\/ms\/wp-json\/wp\/v2\/product_brand?post=2025"},{"taxonomy":"product_cat","embeddable":true,"href":"https:\/\/swoer.vn\/ms\/wp-json\/wp\/v2\/product_cat?post=2025"},{"taxonomy":"product_tag","embeddable":true,"href":"https:\/\/swoer.vn\/ms\/wp-json\/wp\/v2\/product_tag?post=2025"}],"curies":[{"name":"wp","href":"https:\/\/api.w.org\/{rel}","templated":true}]}}