{"id":2013,"date":"2025-03-03T08:49:31","date_gmt":"2025-03-03T01:49:31","guid":{"rendered":"https:\/\/swoer.vn\/?post_type=product&#038;p=2013"},"modified":"2025-03-10T12:06:49","modified_gmt":"2025-03-10T05:06:49","slug":"may-cap-lieu-tuyen-tinh-sw-140pz","status":"publish","type":"product","link":"https:\/\/swoer.vn\/ms\/manufacturer\/may-cap-lieu-tuyen-tinh-sw-140pz\/","title":{"rendered":"Penyalur Linear SW-140PZ"},"content":{"rendered":"<h2 data-start=\"0\" data-end=\"16\"><strong data-start=\"0\" data-end=\"14\">ciri:<\/strong><\/h2>\n<ul data-start=\"17\" data-end=\"357\" data-is-last-node=\"\" data-is-only-node=\"\">\n<li data-start=\"17\" data-end=\"80\">Permukaan beranod atau dibakar haba, memberikan rupa premium.<\/li>\n<li data-start=\"81\" data-end=\"154\">Mudah dikendalikan, mudah untuk menyesuaikan ketidaksamaan dengan blok keseimbangan.<\/li>\n<li data-start=\"155\" data-end=\"224\">Sedikit getaran mendatar, tiada kesan pada penyuap komponen, mudah untuk disepadukan.<\/li>\n<li data-start=\"225\" data-end=\"278\">Berat bertambah, sesuai untuk laluan getaran yang lebih panjang.<\/li>\n<li data-start=\"279\" data-end=\"357\" data-is-last-node=\"\">Reka bentuk penyerap kejutan membolehkan pemindahan bahan kerja besar dan panduan panjang yang lancar dan berkelajuan tinggi.<\/li>\n<\/ul>\n\t<div id=\"gap-294252691\" class=\"gap-element clearfix\" style=\"display:block; height:auto;\">\n\t\t\n<style>\n#gap-294252691 {\n  padding-top: 30px;\n}\n<\/style>\n\t<\/div>\n\t\n\t<div class=\"img has-hover x md-x lg-x y md-y lg-y\" id=\"image_4310378\">\n\t\t\t\t\t\t\t\t<div class=\"img-inner dark\" >\n\t\t\t<img loading=\"lazy\" decoding=\"async\" width=\"925\" height=\"690\" src=\"https:\/\/swoer.vn\/wp-content\/uploads\/2025\/03\/Bang-tai-rung-tuyen-tinh-SW-140PZ.webp\" class=\"attachment-original size-original\" alt=\"SW-140PZ Linear Vibrating Conveyor\" srcset=\"https:\/\/swoer.vn\/wp-content\/uploads\/2025\/03\/Bang-tai-rung-tuyen-tinh-SW-140PZ.webp 925w, https:\/\/swoer.vn\/wp-content\/uploads\/2025\/03\/Bang-tai-rung-tuyen-tinh-SW-140PZ-300x224.webp 300w, https:\/\/swoer.vn\/wp-content\/uploads\/2025\/03\/Bang-tai-rung-tuyen-tinh-SW-140PZ-768x573.webp 768w, https:\/\/swoer.vn\/wp-content\/uploads\/2025\/03\/Bang-tai-rung-tuyen-tinh-SW-140PZ-16x12.webp 16w, https:\/\/swoer.vn\/wp-content\/uploads\/2025\/03\/Bang-tai-rung-tuyen-tinh-SW-140PZ-600x448.webp 600w\" sizes=\"auto, (max-width: 925px) 100vw, 925px\" title=\"\">\t\t\t\t\t\t\n\t\t\t\t\t<\/div>\n\t\t\t\t\t\t\t\t\n<style>\n#image_4310378 {\n  width: 100%;\n}\n<\/style>\n\t<\/div>","protected":false},"excerpt":{"rendered":"<p>Penyumpan linear SW-140PZ ialah bahagian penting penyuap bergetar, yang membantu menggerakkan bahan kerja dengan lancar dan tepat. Reka bentuk tahan lama, sesuai untuk industri automotif, elektronik dan perubatan.<\/p>","protected":false},"featured_media":2014,"comment_status":"open","ping_status":"closed","template":"","meta":[],"product_brand":[],"product_cat":[87],"product_tag":[89,91,90],"class_list":{"0":"post-2013","1":"product","2":"type-product","3":"status-publish","4":"has-post-thumbnail","6":"product_cat-bo-nap-tuyen-tinh","7":"product_tag-bang-tai-rung-tuyen-tinh","8":"product_tag-may-cap-lieu-tuyen-tinh","9":"product_tag-may-cap-phoi-tuyen-tinh","11":"first","12":"instock","13":"shipping-taxable","14":"product-type-simple"},"yoast_head":"<!-- This site is optimized with the Yoast SEO plugin v26.0 - https:\/\/yoast.com\/wordpress\/plugins\/seo\/ -->\n<title>M\u00e1y c\u1ea5p li\u1ec7u tuy\u1ebfn t\u00ednh SW-140PZ - Nh\u00e0 s\u1ea3n xu\u1ea5t m\u00e1y c\u1ea5p li\u1ec7u c\u00f4ng nghi\u1ec7p<\/title>\n<meta name=\"description\" content=\"M\u00e1y c\u1ea5p li\u1ec7u tuy\u1ebfn t\u00ednh SW-140PZ \u2013 B\u1ed9 ph\u1eadn quan tr\u1ecdng c\u1ee7a m\u00e1y c\u1ea5p li\u1ec7u rung, \u0111\u1ea3m b\u1ea3o v\u1eadn chuy\u1ec3n ph\u00f4i \u1ed5n \u0111\u1ecbnh, ch\u00ednh x\u00e1c trong quy tr\u00ecnh s\u1ea3n xu\u1ea5t t\u1ef1 \u0111\u1ed9ng.\" \/>\n<meta name=\"robots\" content=\"index, follow, max-snippet:-1, max-image-preview:large, max-video-preview:-1\" \/>\n<link rel=\"canonical\" href=\"https:\/\/swoer.vn\/ms\/manufacturer\/may-cap-lieu-tuyen-tinh-sw-140pz\/\" \/>\n<meta property=\"og:locale\" content=\"ms_MY\" \/>\n<meta property=\"og:type\" content=\"article\" \/>\n<meta property=\"og:title\" content=\"M\u00e1y c\u1ea5p li\u1ec7u tuy\u1ebfn t\u00ednh SW-140PZ - Nh\u00e0 s\u1ea3n xu\u1ea5t m\u00e1y c\u1ea5p li\u1ec7u c\u00f4ng nghi\u1ec7p\" \/>\n<meta property=\"og:description\" content=\"M\u00e1y c\u1ea5p li\u1ec7u tuy\u1ebfn t\u00ednh SW-140PZ \u2013 B\u1ed9 ph\u1eadn quan tr\u1ecdng c\u1ee7a m\u00e1y c\u1ea5p li\u1ec7u rung, \u0111\u1ea3m b\u1ea3o v\u1eadn chuy\u1ec3n ph\u00f4i \u1ed5n \u0111\u1ecbnh, ch\u00ednh x\u00e1c trong quy tr\u00ecnh s\u1ea3n xu\u1ea5t t\u1ef1 \u0111\u1ed9ng.\" \/>\n<meta property=\"og:url\" content=\"https:\/\/swoer.vn\/ms\/manufacturer\/may-cap-lieu-tuyen-tinh-sw-140pz\/\" \/>\n<meta property=\"og:site_name\" content=\"Nh\u00e0 s\u1ea3n xu\u1ea5t m\u00e1y c\u1ea5p li\u1ec7u c\u00f4ng nghi\u1ec7p\" \/>\n<meta property=\"article:modified_time\" content=\"2025-03-10T05:06:49+00:00\" \/>\n<meta property=\"og:image\" content=\"https:\/\/swoer.vn\/wp-content\/uploads\/2025\/03\/He-thong-cap-lieu-tuyen-tinh-SW-140PZ.webp\" \/>\n\t<meta property=\"og:image:width\" content=\"800\" \/>\n\t<meta property=\"og:image:height\" content=\"800\" \/>\n\t<meta property=\"og:image:type\" content=\"image\/webp\" \/>\n<meta name=\"twitter:card\" content=\"summary_large_image\" \/>\n<meta name=\"twitter:label1\" content=\"Est. reading time\" \/>\n\t<meta name=\"twitter:data1\" content=\"1 minit\" \/>\n<script type=\"application\/ld+json\" class=\"yoast-schema-graph\">{\"@context\":\"https:\/\/schema.org\",\"@graph\":[{\"@type\":\"WebPage\",\"@id\":\"https:\/\/swoer.vn\/manufacturer\/may-cap-lieu-tuyen-tinh-sw-140pz\/\",\"url\":\"https:\/\/swoer.vn\/manufacturer\/may-cap-lieu-tuyen-tinh-sw-140pz\/\",\"name\":\"M\u00e1y c\u1ea5p li\u1ec7u tuy\u1ebfn t\u00ednh SW-140PZ - Nh\u00e0 s\u1ea3n xu\u1ea5t m\u00e1y c\u1ea5p li\u1ec7u c\u00f4ng nghi\u1ec7p\",\"isPartOf\":{\"@id\":\"https:\/\/swoer.vn\/#website\"},\"primaryImageOfPage\":{\"@id\":\"https:\/\/swoer.vn\/manufacturer\/may-cap-lieu-tuyen-tinh-sw-140pz\/#primaryimage\"},\"image\":{\"@id\":\"https:\/\/swoer.vn\/manufacturer\/may-cap-lieu-tuyen-tinh-sw-140pz\/#primaryimage\"},\"thumbnailUrl\":\"https:\/\/swoer.vn\/wp-content\/uploads\/2025\/03\/He-thong-cap-lieu-tuyen-tinh-SW-140PZ.webp\",\"datePublished\":\"2025-03-03T01:49:31+00:00\",\"dateModified\":\"2025-03-10T05:06:49+00:00\",\"description\":\"M\u00e1y c\u1ea5p li\u1ec7u tuy\u1ebfn t\u00ednh SW-140PZ \u2013 B\u1ed9 ph\u1eadn quan tr\u1ecdng c\u1ee7a m\u00e1y c\u1ea5p li\u1ec7u rung, \u0111\u1ea3m b\u1ea3o v\u1eadn chuy\u1ec3n ph\u00f4i \u1ed5n \u0111\u1ecbnh, ch\u00ednh x\u00e1c trong quy tr\u00ecnh s\u1ea3n xu\u1ea5t t\u1ef1 \u0111\u1ed9ng.\",\"breadcrumb\":{\"@id\":\"https:\/\/swoer.vn\/manufacturer\/may-cap-lieu-tuyen-tinh-sw-140pz\/#breadcrumb\"},\"inLanguage\":\"ms-MY\",\"potentialAction\":[{\"@type\":\"ReadAction\",\"target\":[\"https:\/\/swoer.vn\/manufacturer\/may-cap-lieu-tuyen-tinh-sw-140pz\/\"]}]},{\"@type\":\"ImageObject\",\"inLanguage\":\"ms-MY\",\"@id\":\"https:\/\/swoer.vn\/manufacturer\/may-cap-lieu-tuyen-tinh-sw-140pz\/#primaryimage\",\"url\":\"https:\/\/swoer.vn\/wp-content\/uploads\/2025\/03\/He-thong-cap-lieu-tuyen-tinh-SW-140PZ.webp\",\"contentUrl\":\"https:\/\/swoer.vn\/wp-content\/uploads\/2025\/03\/He-thong-cap-lieu-tuyen-tinh-SW-140PZ.webp\",\"width\":800,\"height\":800,\"caption\":\"H\u1ec7 th\u1ed1ng c\u1ea5p li\u1ec7u tuy\u1ebfn t\u00ednh SW-140PZ\"},{\"@type\":\"BreadcrumbList\",\"@id\":\"https:\/\/swoer.vn\/manufacturer\/may-cap-lieu-tuyen-tinh-sw-140pz\/#breadcrumb\",\"itemListElement\":[{\"@type\":\"ListItem\",\"position\":1,\"name\":\"Home\",\"item\":\"https:\/\/swoer.vn\/\"},{\"@type\":\"ListItem\",\"position\":2,\"name\":\"S\u1ea3n ph\u1ea9m\",\"item\":\"https:\/\/swoer.vn\/shop\/\"},{\"@type\":\"ListItem\",\"position\":3,\"name\":\"M\u00e1y c\u1ea5p li\u1ec7u tuy\u1ebfn t\u00ednh SW-140PZ\"}]},{\"@type\":\"WebSite\",\"@id\":\"https:\/\/swoer.vn\/#website\",\"url\":\"https:\/\/swoer.vn\/\",\"name\":\"Nh\u00e0 s\u1ea3n xu\u1ea5t m\u00e1y c\u1ea5p li\u1ec7u c\u00f4ng nghi\u1ec7p\",\"description\":\"Nh\u00e0 cung c\u1ea5p robot, m\u00e1y c\u1ea5p li\u1ec7u linh ho\u1ea1t, m\u00e1y c\u1ea5p li\u1ec7u ly t\u00e2m, m\u00e1y c\u1ea5p li\u1ec7u rung t\u1ef1 \u0111\u1ed9ng\",\"potentialAction\":[{\"@type\":\"SearchAction\",\"target\":{\"@type\":\"EntryPoint\",\"urlTemplate\":\"https:\/\/swoer.vn\/?s={search_term_string}\"},\"query-input\":{\"@type\":\"PropertyValueSpecification\",\"valueRequired\":true,\"valueName\":\"search_term_string\"}}],\"inLanguage\":\"ms-MY\"}]}<\/script>\n<!-- \/ Yoast SEO plugin. -->","yoast_head_json":{"title":"Linear Feeder SW-140PZ - Pengeluar Pengilang Industri","description":"SW-140PZ Linear Feeder \u2013 Bahagian utama penyuap bergetar, memastikan pengangkutan bahan kerja yang stabil dan tepat dalam proses pengeluaran automatik.","robots":{"index":"index","follow":"follow","max-snippet":"max-snippet:-1","max-image-preview":"max-image-preview:large","max-video-preview":"max-video-preview:-1"},"canonical":"https:\/\/swoer.vn\/ms\/manufacturer\/may-cap-lieu-tuyen-tinh-sw-140pz\/","og_locale":"ms_MY","og_type":"article","og_title":"M\u00e1y c\u1ea5p li\u1ec7u tuy\u1ebfn t\u00ednh SW-140PZ - Nh\u00e0 s\u1ea3n xu\u1ea5t m\u00e1y c\u1ea5p li\u1ec7u c\u00f4ng nghi\u1ec7p","og_description":"M\u00e1y c\u1ea5p li\u1ec7u tuy\u1ebfn t\u00ednh SW-140PZ \u2013 B\u1ed9 ph\u1eadn quan tr\u1ecdng c\u1ee7a m\u00e1y c\u1ea5p li\u1ec7u rung, \u0111\u1ea3m b\u1ea3o v\u1eadn chuy\u1ec3n ph\u00f4i \u1ed5n \u0111\u1ecbnh, ch\u00ednh x\u00e1c trong quy tr\u00ecnh s\u1ea3n xu\u1ea5t t\u1ef1 \u0111\u1ed9ng.","og_url":"https:\/\/swoer.vn\/ms\/manufacturer\/may-cap-lieu-tuyen-tinh-sw-140pz\/","og_site_name":"Nh\u00e0 s\u1ea3n xu\u1ea5t m\u00e1y c\u1ea5p li\u1ec7u c\u00f4ng nghi\u1ec7p","article_modified_time":"2025-03-10T05:06:49+00:00","og_image":[{"width":800,"height":800,"url":"https:\/\/swoer.vn\/wp-content\/uploads\/2025\/03\/He-thong-cap-lieu-tuyen-tinh-SW-140PZ.webp","type":"image\/webp"}],"twitter_card":"summary_large_image","twitter_misc":{"Est. reading time":"1 minit"},"schema":{"@context":"https:\/\/schema.org","@graph":[{"@type":"WebPage","@id":"https:\/\/swoer.vn\/manufacturer\/may-cap-lieu-tuyen-tinh-sw-140pz\/","url":"https:\/\/swoer.vn\/manufacturer\/may-cap-lieu-tuyen-tinh-sw-140pz\/","name":"Linear Feeder SW-140PZ - Pengeluar Pengilang Industri","isPartOf":{"@id":"https:\/\/swoer.vn\/#website"},"primaryImageOfPage":{"@id":"https:\/\/swoer.vn\/manufacturer\/may-cap-lieu-tuyen-tinh-sw-140pz\/#primaryimage"},"image":{"@id":"https:\/\/swoer.vn\/manufacturer\/may-cap-lieu-tuyen-tinh-sw-140pz\/#primaryimage"},"thumbnailUrl":"https:\/\/swoer.vn\/wp-content\/uploads\/2025\/03\/He-thong-cap-lieu-tuyen-tinh-SW-140PZ.webp","datePublished":"2025-03-03T01:49:31+00:00","dateModified":"2025-03-10T05:06:49+00:00","description":"SW-140PZ Linear Feeder \u2013 Bahagian utama penyuap bergetar, memastikan pengangkutan bahan kerja yang stabil dan tepat dalam proses pengeluaran automatik.","breadcrumb":{"@id":"https:\/\/swoer.vn\/manufacturer\/may-cap-lieu-tuyen-tinh-sw-140pz\/#breadcrumb"},"inLanguage":"ms-MY","potentialAction":[{"@type":"ReadAction","target":["https:\/\/swoer.vn\/manufacturer\/may-cap-lieu-tuyen-tinh-sw-140pz\/"]}]},{"@type":"ImageObject","inLanguage":"ms-MY","@id":"https:\/\/swoer.vn\/manufacturer\/may-cap-lieu-tuyen-tinh-sw-140pz\/#primaryimage","url":"https:\/\/swoer.vn\/wp-content\/uploads\/2025\/03\/He-thong-cap-lieu-tuyen-tinh-SW-140PZ.webp","contentUrl":"https:\/\/swoer.vn\/wp-content\/uploads\/2025\/03\/He-thong-cap-lieu-tuyen-tinh-SW-140PZ.webp","width":800,"height":800,"caption":"H\u1ec7 th\u1ed1ng c\u1ea5p li\u1ec7u tuy\u1ebfn t\u00ednh SW-140PZ"},{"@type":"BreadcrumbList","@id":"https:\/\/swoer.vn\/manufacturer\/may-cap-lieu-tuyen-tinh-sw-140pz\/#breadcrumb","itemListElement":[{"@type":"ListItem","position":1,"name":"Home","item":"https:\/\/swoer.vn\/"},{"@type":"ListItem","position":2,"name":"S\u1ea3n ph\u1ea9m","item":"https:\/\/swoer.vn\/shop\/"},{"@type":"ListItem","position":3,"name":"M\u00e1y c\u1ea5p li\u1ec7u tuy\u1ebfn t\u00ednh SW-140PZ"}]},{"@type":"WebSite","@id":"https:\/\/swoer.vn\/#website","url":"https:\/\/swoer.vn\/","name":"Pengeluar Pengumpan Perindustrian","description":"Pembekal robot, penyuap fleksibel, penyuap emparan, penyuap bergetar automatik","potentialAction":[{"@type":"SearchAction","target":{"@type":"EntryPoint","urlTemplate":"https:\/\/swoer.vn\/?s={search_term_string}"},"query-input":{"@type":"PropertyValueSpecification","valueRequired":true,"valueName":"search_term_string"}}],"inLanguage":"ms-MY"}]}},"_links":{"self":[{"href":"https:\/\/swoer.vn\/ms\/wp-json\/wp\/v2\/product\/2013","targetHints":{"allow":["GET"]}}],"collection":[{"href":"https:\/\/swoer.vn\/ms\/wp-json\/wp\/v2\/product"}],"about":[{"href":"https:\/\/swoer.vn\/ms\/wp-json\/wp\/v2\/types\/product"}],"replies":[{"embeddable":true,"href":"https:\/\/swoer.vn\/ms\/wp-json\/wp\/v2\/comments?post=2013"}],"wp:featuredmedia":[{"embeddable":true,"href":"https:\/\/swoer.vn\/ms\/wp-json\/wp\/v2\/media\/2014"}],"wp:attachment":[{"href":"https:\/\/swoer.vn\/ms\/wp-json\/wp\/v2\/media?parent=2013"}],"wp:term":[{"taxonomy":"product_brand","embeddable":true,"href":"https:\/\/swoer.vn\/ms\/wp-json\/wp\/v2\/product_brand?post=2013"},{"taxonomy":"product_cat","embeddable":true,"href":"https:\/\/swoer.vn\/ms\/wp-json\/wp\/v2\/product_cat?post=2013"},{"taxonomy":"product_tag","embeddable":true,"href":"https:\/\/swoer.vn\/ms\/wp-json\/wp\/v2\/product_tag?post=2013"}],"curies":[{"name":"wp","href":"https:\/\/api.w.org\/{rel}","templated":true}]}}